{"id":90429,"date":"2024-10-29T01:55:48","date_gmt":"2024-10-29T01:55:48","guid":{"rendered":"https:\/\/aaknives.eu\/?post_type=product&#038;p=90429"},"modified":"2024-10-29T02:53:44","modified_gmt":"2024-10-29T02:53:44","slug":"pienikokoinen-keittiovitsain-korkealaatuinen-taottu-ruostumaton-teras-2","status":"publish","type":"product","link":"https:\/\/aaknives.eu\/fi\/product\/pienikokoinen-keittiovitsain-korkealaatuinen-taottu-ruostumaton-teras-2\/","title":{"rendered":"PIENIKOKOINEN KEITTI\u00d6VITSAIN &#8211; korkealaatuinen taottu ruostumaton ter\u00e4s."},"content":{"rendered":"<p>Veitsen tekniset tiedot: PIENI KOKOINEN KEITTI\u00d6VEITSI<br \/>\nTer\u00e4s: Ruostumaton veitsiter\u00e4s: ruotsalainen Bohler-Uddeholm N695, eritt\u00e4in kova, ei hauras ja eritt\u00e4in ter\u00e4v\u00e4.<br \/>\nKovuus: 59 HRC<br \/>\nTer\u00e4n pituus (mm): 125\/ 4,92 tuumaa<br \/>\nTer\u00e4n paksuus (mm): 2 \/ 0,078 tuumaa<\/p>\n<p>Ter\u00e4n leveys (mm): 27 \/ 1,06 tuumaa<br \/>\nKahva: Micarta<br \/>\nKokonaispituus (mm): 233 \/ 9,17 tuumaa<br \/>\nPakkaus: veitsi, nahkatuppi<\/p>\n<p>Bohler-Uddeholm N695 -veitsiter\u00e4kset<\/p>\n<p>Bohler N695 on Bohler Uddeholm -ryhm\u00e4\u00e4n kuuluva kromattu ruostumaton ter\u00e4s. Sill\u00e4 on suuri kovuus, hyv\u00e4 kulutuskest\u00e4vyys ja hyv\u00e4 korroosionkest\u00e4vyys. N695-ter\u00e4ksest\u00e4 valmistettu veitsi on sy\u00f6vytt\u00e4m\u00e4t\u00f6n, ter\u00e4v\u00e4 pitk\u00e4\u00e4n eik\u00e4 vaadi erityist\u00e4 huoltoa.<\/p>\n<p>Valssattu poikittaistekniikkaa k\u00e4ytt\u00e4en, jotta varmistetaan levyjen ja levymateriaalin mahdollisimman suuri vakaus ja tasalaatuisuus.<\/p>\n<p>BOHLER N695:n muut k\u00e4ytt\u00f6tarkoitukset:<\/p>\n<p>Vierint\u00e4elementtilaakerit, venttiilien istuimet, korkealaatuiset veitsenter\u00e4t, kirurgiset instrumentit ja puunveistosakset.<\/p>\n<p>BOHLER N695 Kokoonpano: C &#8211; 1.030 \/ MN &#8211; 0.44 \/ SI &#8211; 0.48 \/ P &#8211; 0.018 \/ S &#8211; 0.0010 \/ CR &#8211; 16.46 \/ MO &#8211; 0.43<\/p>\n<p>K\u00e4sintehty.<\/p>\n<p>&nbsp;<\/p>\n","protected":false},"excerpt":{"rendered":"<p>N695-ter\u00e4ksest\u00e4 valmistettu veitsi on sy\u00f6vytt\u00e4m\u00e4t\u00f6n, ter\u00e4v\u00e4 pitk\u00e4\u00e4n eik\u00e4 vaadi erityist\u00e4 huoltoa.<\/p>\n","protected":false},"featured_media":85723,"template":"","meta":{"_themeisle_gutenberg_block_has_review":false},"product_brand":[],"product_cat":[462],"product_tag":[],"class_list":{"0":"post-90429","1":"product","2":"type-product","3":"status-publish","4":"has-post-thumbnail","6":"product_cat-keittioveitset","8":"first","9":"instock","10":"shipping-taxable","11":"purchasable","12":"product-type-simple"},"yoast_head":"<!-- This site is optimized with the Yoast SEO plugin v27.3 - https:\/\/yoast.com\/product\/yoast-seo-wordpress\/ -->\n<title>PIENIKOKOINEN KEITTI\u00d6VITSAIN - korkealaatuinen taottu ruostumaton ter\u00e4s. - AAKnives<\/title>\n<meta name=\"description\" content=\"SMALL SIZE N695 KITCHEN KNIFE - korkealaatuinen taottu ruostumaton ter\u00e4s, ruotsalainen Bohler-Uddeholm N695 ruostumaton veitsiter\u00e4, eritt\u00e4in kova ter\u00e4s.\" \/>\n<meta name=\"robots\" content=\"index, follow, max-snippet:-1, max-image-preview:large, max-video-preview:-1\" \/>\n<link rel=\"canonical\" href=\"https:\/\/aaknives.eu\/fi\/product\/pienikokoinen-keittiovitsain-korkealaatuinen-taottu-ruostumaton-teras-2\/\" \/>\n<meta property=\"og:locale\" content=\"fi_FI\" \/>\n<meta property=\"og:type\" content=\"article\" \/>\n<meta property=\"og:title\" content=\"PIENIKOKOINEN KEITTI\u00d6VITSAIN - korkealaatuinen taottu ruostumaton ter\u00e4s. - AAKnives\" \/>\n<meta property=\"og:description\" content=\"SMALL SIZE N695 KITCHEN KNIFE - korkealaatuinen taottu ruostumaton ter\u00e4s, ruotsalainen Bohler-Uddeholm N695 ruostumaton veitsiter\u00e4, eritt\u00e4in kova ter\u00e4s.\" \/>\n<meta property=\"og:url\" content=\"https:\/\/aaknives.eu\/fi\/product\/pienikokoinen-keittiovitsain-korkealaatuinen-taottu-ruostumaton-teras-2\/\" \/>\n<meta property=\"og:site_name\" content=\"AAKnives\" \/>\n<meta property=\"article:publisher\" content=\"https:\/\/www.facebook.com\/aaknives.eu\/\" \/>\n<meta property=\"article:modified_time\" content=\"2024-10-29T02:53:44+00:00\" \/>\n<meta property=\"og:image\" content=\"https:\/\/aaknives.eu\/wp-content\/uploads\/2024\/10\/aaknives-hand-forged-dabascus-steel-blade-knife-handmade-custom-made-knife-handcrafted-knives-autinetools-northmen-3-4-6-3.jpg\" \/>\n\t<meta property=\"og:image:width\" content=\"800\" \/>\n\t<meta property=\"og:image:height\" content=\"600\" \/>\n\t<meta property=\"og:image:type\" content=\"image\/jpeg\" \/>\n<meta name=\"twitter:card\" content=\"summary_large_image\" \/>\n<meta name=\"twitter:label1\" content=\"Arvioitu lukuaika\" \/>\n\t<meta name=\"twitter:data1\" content=\"1 minuutti\" \/>\n<script type=\"application\/ld+json\" class=\"yoast-schema-graph\">{\"@context\":\"https:\\\/\\\/schema.org\",\"@graph\":[{\"@type\":\"WebPage\",\"@id\":\"https:\\\/\\\/aaknives.eu\\\/fi\\\/product\\\/pienikokoinen-keittiovitsain-korkealaatuinen-taottu-ruostumaton-teras-2\\\/\",\"url\":\"https:\\\/\\\/aaknives.eu\\\/fi\\\/product\\\/pienikokoinen-keittiovitsain-korkealaatuinen-taottu-ruostumaton-teras-2\\\/\",\"name\":\"PIENIKOKOINEN KEITTI\u00d6VITSAIN - korkealaatuinen taottu ruostumaton ter\u00e4s. - AAKnives\",\"isPartOf\":{\"@id\":\"https:\\\/\\\/aaknives.eu\\\/fi\\\/#website\"},\"primaryImageOfPage\":{\"@id\":\"https:\\\/\\\/aaknives.eu\\\/fi\\\/product\\\/pienikokoinen-keittiovitsain-korkealaatuinen-taottu-ruostumaton-teras-2\\\/#primaryimage\"},\"image\":{\"@id\":\"https:\\\/\\\/aaknives.eu\\\/fi\\\/product\\\/pienikokoinen-keittiovitsain-korkealaatuinen-taottu-ruostumaton-teras-2\\\/#primaryimage\"},\"thumbnailUrl\":\"https:\\\/\\\/aaknives.eu\\\/wp-content\\\/uploads\\\/2024\\\/10\\\/aaknives-hand-forged-dabascus-steel-blade-knife-handmade-custom-made-knife-handcrafted-knives-autinetools-northmen-3-4-6-3.jpg\",\"datePublished\":\"2024-10-29T01:55:48+00:00\",\"dateModified\":\"2024-10-29T02:53:44+00:00\",\"description\":\"SMALL SIZE N695 KITCHEN KNIFE - korkealaatuinen taottu ruostumaton ter\u00e4s, ruotsalainen Bohler-Uddeholm N695 ruostumaton veitsiter\u00e4, eritt\u00e4in kova ter\u00e4s.\",\"breadcrumb\":{\"@id\":\"https:\\\/\\\/aaknives.eu\\\/fi\\\/product\\\/pienikokoinen-keittiovitsain-korkealaatuinen-taottu-ruostumaton-teras-2\\\/#breadcrumb\"},\"inLanguage\":\"fi\",\"potentialAction\":[{\"@type\":\"ReadAction\",\"target\":[\"https:\\\/\\\/aaknives.eu\\\/fi\\\/product\\\/pienikokoinen-keittiovitsain-korkealaatuinen-taottu-ruostumaton-teras-2\\\/\"]}]},{\"@type\":\"ImageObject\",\"inLanguage\":\"fi\",\"@id\":\"https:\\\/\\\/aaknives.eu\\\/fi\\\/product\\\/pienikokoinen-keittiovitsain-korkealaatuinen-taottu-ruostumaton-teras-2\\\/#primaryimage\",\"url\":\"https:\\\/\\\/aaknives.eu\\\/wp-content\\\/uploads\\\/2024\\\/10\\\/aaknives-hand-forged-dabascus-steel-blade-knife-handmade-custom-made-knife-handcrafted-knives-autinetools-northmen-3-4-6-3.jpg\",\"contentUrl\":\"https:\\\/\\\/aaknives.eu\\\/wp-content\\\/uploads\\\/2024\\\/10\\\/aaknives-hand-forged-dabascus-steel-blade-knife-handmade-custom-made-knife-handcrafted-knives-autinetools-northmen-3-4-6-3.jpg\",\"width\":800,\"height\":600},{\"@type\":\"BreadcrumbList\",\"@id\":\"https:\\\/\\\/aaknives.eu\\\/fi\\\/product\\\/pienikokoinen-keittiovitsain-korkealaatuinen-taottu-ruostumaton-teras-2\\\/#breadcrumb\",\"itemListElement\":[{\"@type\":\"ListItem\",\"position\":1,\"name\":\"Home\",\"item\":\"https:\\\/\\\/aaknives.eu\\\/fi\\\/\"},{\"@type\":\"ListItem\",\"position\":2,\"name\":\"Kauppa\",\"item\":\"https:\\\/\\\/aaknives.eu\\\/kauppa\\\/\"},{\"@type\":\"ListItem\",\"position\":3,\"name\":\"PIENIKOKOINEN KEITTI\u00d6VITSAIN &#8211; korkealaatuinen taottu ruostumaton ter\u00e4s.\"}]},{\"@type\":\"WebSite\",\"@id\":\"https:\\\/\\\/aaknives.eu\\\/fi\\\/#website\",\"url\":\"https:\\\/\\\/aaknives.eu\\\/fi\\\/\",\"name\":\"AAKnives\",\"description\":\"Handmade knives\",\"publisher\":{\"@id\":\"https:\\\/\\\/aaknives.eu\\\/fi\\\/#organization\"},\"potentialAction\":[{\"@type\":\"SearchAction\",\"target\":{\"@type\":\"EntryPoint\",\"urlTemplate\":\"https:\\\/\\\/aaknives.eu\\\/fi\\\/?s={search_term_string}\"},\"query-input\":{\"@type\":\"PropertyValueSpecification\",\"valueRequired\":true,\"valueName\":\"search_term_string\"}}],\"inLanguage\":\"fi\"},{\"@type\":\"Organization\",\"@id\":\"https:\\\/\\\/aaknives.eu\\\/fi\\\/#organization\",\"name\":\"AAKnives\",\"url\":\"https:\\\/\\\/aaknives.eu\\\/fi\\\/\",\"logo\":{\"@type\":\"ImageObject\",\"inLanguage\":\"fi\",\"@id\":\"https:\\\/\\\/aaknives.eu\\\/fi\\\/#\\\/schema\\\/logo\\\/image\\\/\",\"url\":\"https:\\\/\\\/aaknives.eu\\\/wp-content\\\/uploads\\\/2021\\\/10\\\/AAknives_Logo_Green.png\",\"contentUrl\":\"https:\\\/\\\/aaknives.eu\\\/wp-content\\\/uploads\\\/2021\\\/10\\\/AAknives_Logo_Green.png\",\"width\":1768,\"height\":1768,\"caption\":\"AAKnives\"},\"image\":{\"@id\":\"https:\\\/\\\/aaknives.eu\\\/fi\\\/#\\\/schema\\\/logo\\\/image\\\/\"},\"sameAs\":[\"https:\\\/\\\/www.facebook.com\\\/aaknives.eu\\\/\",\"https:\\\/\\\/www.instagram.com\\\/aaknives\\\/\",\"https:\\\/\\\/www.pinterest.com\\\/aa_knives\\\/\",\"https:\\\/\\\/www.youtube.com\\\/channel\\\/UCHOQFjrOkgT6s4FIw9LDKyw\\\/featured\"]}]}<\/script>\n<!-- \/ Yoast SEO plugin. -->","yoast_head_json":{"title":"PIENIKOKOINEN KEITTI\u00d6VITSAIN - korkealaatuinen taottu ruostumaton ter\u00e4s. - AAKnives","description":"SMALL SIZE N695 KITCHEN KNIFE - korkealaatuinen taottu ruostumaton ter\u00e4s, ruotsalainen Bohler-Uddeholm N695 ruostumaton veitsiter\u00e4, eritt\u00e4in kova ter\u00e4s.","robots":{"index":"index","follow":"follow","max-snippet":"max-snippet:-1","max-image-preview":"max-image-preview:large","max-video-preview":"max-video-preview:-1"},"canonical":"https:\/\/aaknives.eu\/fi\/product\/pienikokoinen-keittiovitsain-korkealaatuinen-taottu-ruostumaton-teras-2\/","og_locale":"fi_FI","og_type":"article","og_title":"PIENIKOKOINEN KEITTI\u00d6VITSAIN - korkealaatuinen taottu ruostumaton ter\u00e4s. - AAKnives","og_description":"SMALL SIZE N695 KITCHEN KNIFE - korkealaatuinen taottu ruostumaton ter\u00e4s, ruotsalainen Bohler-Uddeholm N695 ruostumaton veitsiter\u00e4, eritt\u00e4in kova ter\u00e4s.","og_url":"https:\/\/aaknives.eu\/fi\/product\/pienikokoinen-keittiovitsain-korkealaatuinen-taottu-ruostumaton-teras-2\/","og_site_name":"AAKnives","article_publisher":"https:\/\/www.facebook.com\/aaknives.eu\/","article_modified_time":"2024-10-29T02:53:44+00:00","og_image":[{"width":800,"height":600,"url":"https:\/\/aaknives.eu\/wp-content\/uploads\/2024\/10\/aaknives-hand-forged-dabascus-steel-blade-knife-handmade-custom-made-knife-handcrafted-knives-autinetools-northmen-3-4-6-3.jpg","type":"image\/jpeg"}],"twitter_card":"summary_large_image","twitter_misc":{"Arvioitu lukuaika":"1 minuutti"},"schema":{"@context":"https:\/\/schema.org","@graph":[{"@type":"WebPage","@id":"https:\/\/aaknives.eu\/fi\/product\/pienikokoinen-keittiovitsain-korkealaatuinen-taottu-ruostumaton-teras-2\/","url":"https:\/\/aaknives.eu\/fi\/product\/pienikokoinen-keittiovitsain-korkealaatuinen-taottu-ruostumaton-teras-2\/","name":"PIENIKOKOINEN KEITTI\u00d6VITSAIN - korkealaatuinen taottu ruostumaton ter\u00e4s. - AAKnives","isPartOf":{"@id":"https:\/\/aaknives.eu\/fi\/#website"},"primaryImageOfPage":{"@id":"https:\/\/aaknives.eu\/fi\/product\/pienikokoinen-keittiovitsain-korkealaatuinen-taottu-ruostumaton-teras-2\/#primaryimage"},"image":{"@id":"https:\/\/aaknives.eu\/fi\/product\/pienikokoinen-keittiovitsain-korkealaatuinen-taottu-ruostumaton-teras-2\/#primaryimage"},"thumbnailUrl":"https:\/\/aaknives.eu\/wp-content\/uploads\/2024\/10\/aaknives-hand-forged-dabascus-steel-blade-knife-handmade-custom-made-knife-handcrafted-knives-autinetools-northmen-3-4-6-3.jpg","datePublished":"2024-10-29T01:55:48+00:00","dateModified":"2024-10-29T02:53:44+00:00","description":"SMALL SIZE N695 KITCHEN KNIFE - korkealaatuinen taottu ruostumaton ter\u00e4s, ruotsalainen Bohler-Uddeholm N695 ruostumaton veitsiter\u00e4, eritt\u00e4in kova ter\u00e4s.","breadcrumb":{"@id":"https:\/\/aaknives.eu\/fi\/product\/pienikokoinen-keittiovitsain-korkealaatuinen-taottu-ruostumaton-teras-2\/#breadcrumb"},"inLanguage":"fi","potentialAction":[{"@type":"ReadAction","target":["https:\/\/aaknives.eu\/fi\/product\/pienikokoinen-keittiovitsain-korkealaatuinen-taottu-ruostumaton-teras-2\/"]}]},{"@type":"ImageObject","inLanguage":"fi","@id":"https:\/\/aaknives.eu\/fi\/product\/pienikokoinen-keittiovitsain-korkealaatuinen-taottu-ruostumaton-teras-2\/#primaryimage","url":"https:\/\/aaknives.eu\/wp-content\/uploads\/2024\/10\/aaknives-hand-forged-dabascus-steel-blade-knife-handmade-custom-made-knife-handcrafted-knives-autinetools-northmen-3-4-6-3.jpg","contentUrl":"https:\/\/aaknives.eu\/wp-content\/uploads\/2024\/10\/aaknives-hand-forged-dabascus-steel-blade-knife-handmade-custom-made-knife-handcrafted-knives-autinetools-northmen-3-4-6-3.jpg","width":800,"height":600},{"@type":"BreadcrumbList","@id":"https:\/\/aaknives.eu\/fi\/product\/pienikokoinen-keittiovitsain-korkealaatuinen-taottu-ruostumaton-teras-2\/#breadcrumb","itemListElement":[{"@type":"ListItem","position":1,"name":"Home","item":"https:\/\/aaknives.eu\/fi\/"},{"@type":"ListItem","position":2,"name":"Kauppa","item":"https:\/\/aaknives.eu\/kauppa\/"},{"@type":"ListItem","position":3,"name":"PIENIKOKOINEN KEITTI\u00d6VITSAIN &#8211; korkealaatuinen taottu ruostumaton ter\u00e4s."}]},{"@type":"WebSite","@id":"https:\/\/aaknives.eu\/fi\/#website","url":"https:\/\/aaknives.eu\/fi\/","name":"AAKnives","description":"Handmade knives","publisher":{"@id":"https:\/\/aaknives.eu\/fi\/#organization"},"potentialAction":[{"@type":"SearchAction","target":{"@type":"EntryPoint","urlTemplate":"https:\/\/aaknives.eu\/fi\/?s={search_term_string}"},"query-input":{"@type":"PropertyValueSpecification","valueRequired":true,"valueName":"search_term_string"}}],"inLanguage":"fi"},{"@type":"Organization","@id":"https:\/\/aaknives.eu\/fi\/#organization","name":"AAKnives","url":"https:\/\/aaknives.eu\/fi\/","logo":{"@type":"ImageObject","inLanguage":"fi","@id":"https:\/\/aaknives.eu\/fi\/#\/schema\/logo\/image\/","url":"https:\/\/aaknives.eu\/wp-content\/uploads\/2021\/10\/AAknives_Logo_Green.png","contentUrl":"https:\/\/aaknives.eu\/wp-content\/uploads\/2021\/10\/AAknives_Logo_Green.png","width":1768,"height":1768,"caption":"AAKnives"},"image":{"@id":"https:\/\/aaknives.eu\/fi\/#\/schema\/logo\/image\/"},"sameAs":["https:\/\/www.facebook.com\/aaknives.eu\/","https:\/\/www.instagram.com\/aaknives\/","https:\/\/www.pinterest.com\/aa_knives\/","https:\/\/www.youtube.com\/channel\/UCHOQFjrOkgT6s4FIw9LDKyw\/featured"]}]}},"_links":{"self":[{"href":"https:\/\/aaknives.eu\/fi\/wp-json\/wp\/v2\/product\/90429","targetHints":{"allow":["GET"]}}],"collection":[{"href":"https:\/\/aaknives.eu\/fi\/wp-json\/wp\/v2\/product"}],"about":[{"href":"https:\/\/aaknives.eu\/fi\/wp-json\/wp\/v2\/types\/product"}],"wp:featuredmedia":[{"embeddable":true,"href":"https:\/\/aaknives.eu\/fi\/wp-json\/wp\/v2\/media\/85723"}],"wp:attachment":[{"href":"https:\/\/aaknives.eu\/fi\/wp-json\/wp\/v2\/media?parent=90429"}],"wp:term":[{"taxonomy":"product_brand","embeddable":true,"href":"https:\/\/aaknives.eu\/fi\/wp-json\/wp\/v2\/product_brand?post=90429"},{"taxonomy":"product_cat","embeddable":true,"href":"https:\/\/aaknives.eu\/fi\/wp-json\/wp\/v2\/product_cat?post=90429"},{"taxonomy":"product_tag","embeddable":true,"href":"https:\/\/aaknives.eu\/fi\/wp-json\/wp\/v2\/product_tag?post=90429"}],"curies":[{"name":"wp","href":"https:\/\/api.w.org\/{rel}","templated":true}]}}