{"id":90471,"date":"2024-10-29T01:53:10","date_gmt":"2024-10-29T01:53:10","guid":{"rendered":"https:\/\/aaknives.eu\/?post_type=product&#038;p=90471"},"modified":"2024-10-29T02:53:19","modified_gmt":"2024-10-29T02:53:19","slug":"axe-lahjapakkaus","status":"publish","type":"product","link":"https:\/\/aaknives.eu\/fi\/product\/axe-lahjapakkaus\/","title":{"rendered":"Axe &#8211; lahjapakkaus!"},"content":{"rendered":"<p>Axe \u2013 lahjapakkaus!<br \/>\nMateriaali: Polttopuu<br \/>\nPituus (mm): 570<br \/>\nLeveys (mm): 270<br \/>\nKorkeus (mm): 110<\/p>\n<p>Kirves ei sis\u00e4lly sarjaan!<\/p>\n<p>Veitsi on hieno ja eksklusiivinen lahja, koska se on pysyv\u00e4 ja pysyy ikuisesti. K\u00e4ytt\u00e4j\u00e4 muistaa ja ajattelee sinua joka kerta, kun h\u00e4n tarttuu veitseen!<\/p>\n<p>Muista vain \u2013 jos lahjoitat veitsen, pyyd\u00e4 vastineeksi kolikkoa, se on t\u00e4rke\u00e4\u00e4! Jotta et joutuisi riitoihin jonkun kanssa. N\u00e4in sanoo vanha uskomus!<\/p>\n","protected":false},"excerpt":{"rendered":"<p>Axe \u2013 lahjapakkaus! Materiaali: Polttopuu Pituus (mm): 570 Leveys (mm): 270 Korkeus (mm): 110 Kirves ei sis\u00e4lly sarjaan! Veitsi on hieno ja eksklusiivinen lahja, koska se on pysyv\u00e4 ja pysyy ikuisesti. K\u00e4ytt\u00e4j\u00e4 muistaa ja ajattelee sinua joka kerta, kun h\u00e4n tarttuu veitseen! Muista vain \u2013 jos lahjoitat veitsen, pyyd\u00e4 vastineeksi kolikkoa, se on t\u00e4rke\u00e4\u00e4! Jotta et joutuisi riitoihin jonkun kanssa. N\u00e4in sanoo vanha uskomus!<\/p>\n","protected":false},"featured_media":84774,"template":"","meta":{"_themeisle_gutenberg_block_has_review":false},"product_brand":[],"product_cat":[454,681,477],"product_tag":[],"class_list":{"0":"post-90471","1":"product","2":"type-product","3":"status-publish","4":"has-post-thumbnail","6":"product_cat-akselit","7":"product_cat-laatikot","8":"product_cat-lahjakortit","10":"first","11":"outofstock","12":"shipping-taxable","13":"purchasable","14":"product-type-simple"},"yoast_head":"<!-- This site is optimized with the Yoast SEO plugin v27.5 - https:\/\/yoast.com\/product\/yoast-seo-wordpress\/ -->\n<title>Axe - lahjapakkaus! - AAKnives<\/title>\n<meta name=\"robots\" content=\"index, follow, max-snippet:-1, max-image-preview:large, max-video-preview:-1\" \/>\n<link rel=\"canonical\" href=\"https:\/\/aaknives.eu\/fi\/product\/axe-lahjapakkaus\/\" \/>\n<meta property=\"og:locale\" content=\"fi_FI\" \/>\n<meta property=\"og:type\" content=\"article\" \/>\n<meta property=\"og:title\" content=\"Axe - lahjapakkaus! - AAKnives\" \/>\n<meta property=\"og:description\" content=\"Axe \u2013 lahjapakkaus! Materiaali: Polttopuu Pituus (mm): 570 Leveys (mm): 270 Korkeus (mm): 110 Kirves ei sis\u00e4lly sarjaan! Veitsi on hieno ja eksklusiivinen lahja, koska se on pysyv\u00e4 ja pysyy ikuisesti. K\u00e4ytt\u00e4j\u00e4 muistaa ja ajattelee sinua joka kerta, kun h\u00e4n tarttuu veitseen! Muista vain \u2013 jos lahjoitat veitsen, pyyd\u00e4 vastineeksi kolikkoa, se on t\u00e4rke\u00e4\u00e4! Jotta et joutuisi riitoihin jonkun kanssa. N\u00e4in sanoo vanha uskomus!\" \/>\n<meta property=\"og:url\" content=\"https:\/\/aaknives.eu\/fi\/product\/axe-lahjapakkaus\/\" \/>\n<meta property=\"og:site_name\" content=\"AAKnives\" \/>\n<meta property=\"article:publisher\" content=\"https:\/\/www.facebook.com\/aaknives.eu\/\" \/>\n<meta property=\"article:modified_time\" content=\"2024-10-29T02:53:19+00:00\" \/>\n<meta property=\"og:image\" content=\"https:\/\/aaknives.eu\/wp-content\/uploads\/2024\/10\/aaknives-aaknife-forged-damascus-steel-blade-hand-forged-damascus-knife-handmade-custom-made-knife-handcrafted-knife-3-1-1-3.jpg\" \/>\n\t<meta property=\"og:image:width\" content=\"800\" \/>\n\t<meta property=\"og:image:height\" content=\"600\" \/>\n\t<meta property=\"og:image:type\" content=\"image\/jpeg\" \/>\n<meta name=\"twitter:card\" content=\"summary_large_image\" \/>\n<script type=\"application\/ld+json\" class=\"yoast-schema-graph\">{\"@context\":\"https:\\\/\\\/schema.org\",\"@graph\":[{\"@type\":\"WebPage\",\"@id\":\"https:\\\/\\\/aaknives.eu\\\/fi\\\/product\\\/axe-lahjapakkaus\\\/\",\"url\":\"https:\\\/\\\/aaknives.eu\\\/fi\\\/product\\\/axe-lahjapakkaus\\\/\",\"name\":\"Axe - lahjapakkaus! - AAKnives\",\"isPartOf\":{\"@id\":\"https:\\\/\\\/aaknives.eu\\\/fi\\\/#website\"},\"primaryImageOfPage\":{\"@id\":\"https:\\\/\\\/aaknives.eu\\\/fi\\\/product\\\/axe-lahjapakkaus\\\/#primaryimage\"},\"image\":{\"@id\":\"https:\\\/\\\/aaknives.eu\\\/fi\\\/product\\\/axe-lahjapakkaus\\\/#primaryimage\"},\"thumbnailUrl\":\"https:\\\/\\\/aaknives.eu\\\/wp-content\\\/uploads\\\/2024\\\/10\\\/aaknives-aaknife-forged-damascus-steel-blade-hand-forged-damascus-knife-handmade-custom-made-knife-handcrafted-knife-3-1-1-3.jpg\",\"datePublished\":\"2024-10-29T01:53:10+00:00\",\"dateModified\":\"2024-10-29T02:53:19+00:00\",\"breadcrumb\":{\"@id\":\"https:\\\/\\\/aaknives.eu\\\/fi\\\/product\\\/axe-lahjapakkaus\\\/#breadcrumb\"},\"inLanguage\":\"fi\",\"potentialAction\":[{\"@type\":\"ReadAction\",\"target\":[\"https:\\\/\\\/aaknives.eu\\\/fi\\\/product\\\/axe-lahjapakkaus\\\/\"]}]},{\"@type\":\"ImageObject\",\"inLanguage\":\"fi\",\"@id\":\"https:\\\/\\\/aaknives.eu\\\/fi\\\/product\\\/axe-lahjapakkaus\\\/#primaryimage\",\"url\":\"https:\\\/\\\/aaknives.eu\\\/wp-content\\\/uploads\\\/2024\\\/10\\\/aaknives-aaknife-forged-damascus-steel-blade-hand-forged-damascus-knife-handmade-custom-made-knife-handcrafted-knife-3-1-1-3.jpg\",\"contentUrl\":\"https:\\\/\\\/aaknives.eu\\\/wp-content\\\/uploads\\\/2024\\\/10\\\/aaknives-aaknife-forged-damascus-steel-blade-hand-forged-damascus-knife-handmade-custom-made-knife-handcrafted-knife-3-1-1-3.jpg\",\"width\":800,\"height\":600},{\"@type\":\"BreadcrumbList\",\"@id\":\"https:\\\/\\\/aaknives.eu\\\/fi\\\/product\\\/axe-lahjapakkaus\\\/#breadcrumb\",\"itemListElement\":[{\"@type\":\"ListItem\",\"position\":1,\"name\":\"Home\",\"item\":\"https:\\\/\\\/aaknives.eu\\\/fi\\\/\"},{\"@type\":\"ListItem\",\"position\":2,\"name\":\"Kauppa\",\"item\":\"https:\\\/\\\/aaknives.eu\\\/kauppa\\\/\"},{\"@type\":\"ListItem\",\"position\":3,\"name\":\"Axe &#8211; lahjapakkaus!\"}]},{\"@type\":\"WebSite\",\"@id\":\"https:\\\/\\\/aaknives.eu\\\/fi\\\/#website\",\"url\":\"https:\\\/\\\/aaknives.eu\\\/fi\\\/\",\"name\":\"AAKnives\",\"description\":\"Handmade knives\",\"publisher\":{\"@id\":\"https:\\\/\\\/aaknives.eu\\\/fi\\\/#organization\"},\"potentialAction\":[{\"@type\":\"SearchAction\",\"target\":{\"@type\":\"EntryPoint\",\"urlTemplate\":\"https:\\\/\\\/aaknives.eu\\\/fi\\\/?s={search_term_string}\"},\"query-input\":{\"@type\":\"PropertyValueSpecification\",\"valueRequired\":true,\"valueName\":\"search_term_string\"}}],\"inLanguage\":\"fi\"},{\"@type\":\"Organization\",\"@id\":\"https:\\\/\\\/aaknives.eu\\\/fi\\\/#organization\",\"name\":\"AAKnives\",\"url\":\"https:\\\/\\\/aaknives.eu\\\/fi\\\/\",\"logo\":{\"@type\":\"ImageObject\",\"inLanguage\":\"fi\",\"@id\":\"https:\\\/\\\/aaknives.eu\\\/fi\\\/#\\\/schema\\\/logo\\\/image\\\/\",\"url\":\"https:\\\/\\\/aaknives.eu\\\/wp-content\\\/uploads\\\/2021\\\/10\\\/AAknives_Logo_Green.png\",\"contentUrl\":\"https:\\\/\\\/aaknives.eu\\\/wp-content\\\/uploads\\\/2021\\\/10\\\/AAknives_Logo_Green.png\",\"width\":1768,\"height\":1768,\"caption\":\"AAKnives\"},\"image\":{\"@id\":\"https:\\\/\\\/aaknives.eu\\\/fi\\\/#\\\/schema\\\/logo\\\/image\\\/\"},\"sameAs\":[\"https:\\\/\\\/www.facebook.com\\\/aaknives.eu\\\/\",\"https:\\\/\\\/www.instagram.com\\\/aaknives\\\/\",\"https:\\\/\\\/www.pinterest.com\\\/aa_knives\\\/\",\"https:\\\/\\\/www.youtube.com\\\/channel\\\/UCHOQFjrOkgT6s4FIw9LDKyw\\\/featured\"]}]}<\/script>\n<!-- \/ Yoast SEO plugin. -->","yoast_head_json":{"title":"Axe - lahjapakkaus! - AAKnives","robots":{"index":"index","follow":"follow","max-snippet":"max-snippet:-1","max-image-preview":"max-image-preview:large","max-video-preview":"max-video-preview:-1"},"canonical":"https:\/\/aaknives.eu\/fi\/product\/axe-lahjapakkaus\/","og_locale":"fi_FI","og_type":"article","og_title":"Axe - lahjapakkaus! - AAKnives","og_description":"Axe \u2013 lahjapakkaus! Materiaali: Polttopuu Pituus (mm): 570 Leveys (mm): 270 Korkeus (mm): 110 Kirves ei sis\u00e4lly sarjaan! Veitsi on hieno ja eksklusiivinen lahja, koska se on pysyv\u00e4 ja pysyy ikuisesti. K\u00e4ytt\u00e4j\u00e4 muistaa ja ajattelee sinua joka kerta, kun h\u00e4n tarttuu veitseen! Muista vain \u2013 jos lahjoitat veitsen, pyyd\u00e4 vastineeksi kolikkoa, se on t\u00e4rke\u00e4\u00e4! Jotta et joutuisi riitoihin jonkun kanssa. N\u00e4in sanoo vanha uskomus!","og_url":"https:\/\/aaknives.eu\/fi\/product\/axe-lahjapakkaus\/","og_site_name":"AAKnives","article_publisher":"https:\/\/www.facebook.com\/aaknives.eu\/","article_modified_time":"2024-10-29T02:53:19+00:00","og_image":[{"width":800,"height":600,"url":"https:\/\/aaknives.eu\/wp-content\/uploads\/2024\/10\/aaknives-aaknife-forged-damascus-steel-blade-hand-forged-damascus-knife-handmade-custom-made-knife-handcrafted-knife-3-1-1-3.jpg","type":"image\/jpeg"}],"twitter_card":"summary_large_image","schema":{"@context":"https:\/\/schema.org","@graph":[{"@type":"WebPage","@id":"https:\/\/aaknives.eu\/fi\/product\/axe-lahjapakkaus\/","url":"https:\/\/aaknives.eu\/fi\/product\/axe-lahjapakkaus\/","name":"Axe - lahjapakkaus! - AAKnives","isPartOf":{"@id":"https:\/\/aaknives.eu\/fi\/#website"},"primaryImageOfPage":{"@id":"https:\/\/aaknives.eu\/fi\/product\/axe-lahjapakkaus\/#primaryimage"},"image":{"@id":"https:\/\/aaknives.eu\/fi\/product\/axe-lahjapakkaus\/#primaryimage"},"thumbnailUrl":"https:\/\/aaknives.eu\/wp-content\/uploads\/2024\/10\/aaknives-aaknife-forged-damascus-steel-blade-hand-forged-damascus-knife-handmade-custom-made-knife-handcrafted-knife-3-1-1-3.jpg","datePublished":"2024-10-29T01:53:10+00:00","dateModified":"2024-10-29T02:53:19+00:00","breadcrumb":{"@id":"https:\/\/aaknives.eu\/fi\/product\/axe-lahjapakkaus\/#breadcrumb"},"inLanguage":"fi","potentialAction":[{"@type":"ReadAction","target":["https:\/\/aaknives.eu\/fi\/product\/axe-lahjapakkaus\/"]}]},{"@type":"ImageObject","inLanguage":"fi","@id":"https:\/\/aaknives.eu\/fi\/product\/axe-lahjapakkaus\/#primaryimage","url":"https:\/\/aaknives.eu\/wp-content\/uploads\/2024\/10\/aaknives-aaknife-forged-damascus-steel-blade-hand-forged-damascus-knife-handmade-custom-made-knife-handcrafted-knife-3-1-1-3.jpg","contentUrl":"https:\/\/aaknives.eu\/wp-content\/uploads\/2024\/10\/aaknives-aaknife-forged-damascus-steel-blade-hand-forged-damascus-knife-handmade-custom-made-knife-handcrafted-knife-3-1-1-3.jpg","width":800,"height":600},{"@type":"BreadcrumbList","@id":"https:\/\/aaknives.eu\/fi\/product\/axe-lahjapakkaus\/#breadcrumb","itemListElement":[{"@type":"ListItem","position":1,"name":"Home","item":"https:\/\/aaknives.eu\/fi\/"},{"@type":"ListItem","position":2,"name":"Kauppa","item":"https:\/\/aaknives.eu\/kauppa\/"},{"@type":"ListItem","position":3,"name":"Axe &#8211; lahjapakkaus!"}]},{"@type":"WebSite","@id":"https:\/\/aaknives.eu\/fi\/#website","url":"https:\/\/aaknives.eu\/fi\/","name":"AAKnives","description":"Handmade knives","publisher":{"@id":"https:\/\/aaknives.eu\/fi\/#organization"},"potentialAction":[{"@type":"SearchAction","target":{"@type":"EntryPoint","urlTemplate":"https:\/\/aaknives.eu\/fi\/?s={search_term_string}"},"query-input":{"@type":"PropertyValueSpecification","valueRequired":true,"valueName":"search_term_string"}}],"inLanguage":"fi"},{"@type":"Organization","@id":"https:\/\/aaknives.eu\/fi\/#organization","name":"AAKnives","url":"https:\/\/aaknives.eu\/fi\/","logo":{"@type":"ImageObject","inLanguage":"fi","@id":"https:\/\/aaknives.eu\/fi\/#\/schema\/logo\/image\/","url":"https:\/\/aaknives.eu\/wp-content\/uploads\/2021\/10\/AAknives_Logo_Green.png","contentUrl":"https:\/\/aaknives.eu\/wp-content\/uploads\/2021\/10\/AAknives_Logo_Green.png","width":1768,"height":1768,"caption":"AAKnives"},"image":{"@id":"https:\/\/aaknives.eu\/fi\/#\/schema\/logo\/image\/"},"sameAs":["https:\/\/www.facebook.com\/aaknives.eu\/","https:\/\/www.instagram.com\/aaknives\/","https:\/\/www.pinterest.com\/aa_knives\/","https:\/\/www.youtube.com\/channel\/UCHOQFjrOkgT6s4FIw9LDKyw\/featured"]}]}},"_links":{"self":[{"href":"https:\/\/aaknives.eu\/fi\/wp-json\/wp\/v2\/product\/90471","targetHints":{"allow":["GET"]}}],"collection":[{"href":"https:\/\/aaknives.eu\/fi\/wp-json\/wp\/v2\/product"}],"about":[{"href":"https:\/\/aaknives.eu\/fi\/wp-json\/wp\/v2\/types\/product"}],"wp:featuredmedia":[{"embeddable":true,"href":"https:\/\/aaknives.eu\/fi\/wp-json\/wp\/v2\/media\/84774"}],"wp:attachment":[{"href":"https:\/\/aaknives.eu\/fi\/wp-json\/wp\/v2\/media?parent=90471"}],"wp:term":[{"taxonomy":"product_brand","embeddable":true,"href":"https:\/\/aaknives.eu\/fi\/wp-json\/wp\/v2\/product_brand?post=90471"},{"taxonomy":"product_cat","embeddable":true,"href":"https:\/\/aaknives.eu\/fi\/wp-json\/wp\/v2\/product_cat?post=90471"},{"taxonomy":"product_tag","embeddable":true,"href":"https:\/\/aaknives.eu\/fi\/wp-json\/wp\/v2\/product_tag?post=90471"}],"curies":[{"name":"wp","href":"https:\/\/api.w.org\/{rel}","templated":true}]}}