{"id":90478,"date":"2024-10-29T01:52:20","date_gmt":"2024-10-29T01:52:20","guid":{"rendered":"https:\/\/aaknives.eu\/?post_type=product&#038;p=90478"},"modified":"2026-04-28T16:24:40","modified_gmt":"2026-04-28T16:24:40","slug":"veitsi-rambo-valmistettu-laadukkaasta-taotusta-ruostumattomasta-teraksesta","status":"publish","type":"product","link":"https:\/\/aaknives.eu\/fi\/product\/veitsi-rambo-valmistettu-laadukkaasta-taotusta-ruostumattomasta-teraksesta\/","title":{"rendered":"Veitsi &#8221;RAMBO&#8221; valmistettu laadukkaasta taotusta ruostumattomasta ter\u00e4ksest\u00e4"},"content":{"rendered":"<p>Veitsen tekniset tiedot: \u201dRAMBO\u201d<br \/>\nTer\u00e4s: taottu ruostumaton ter\u00e4s Sandvik 12C27<br \/>\nKovuus: 56-58 HRC.<br \/>\nTer\u00e4n pituus (mm): 257 \/ 10,11 tuumaa<br \/>\nTer\u00e4n paksuus (mm): 4 \/ 0,15 tuumaa<br \/>\nTer\u00e4n leveys (mm): 52 \/ 2,04 tuumaa<br \/>\nKahva: afrikkalainen wenge-puu<br \/>\nKokonaispituus (mm): 386 \/ 15,19 tuumaa<br \/>\nVeitsen tyyppi: mets\u00e4stys, ulkoilu<br \/>\nPakkaus: veitsi, nahkatuppi<\/p>\n<p>12C27-ter\u00e4s kuuluu Sandvik-tuoteperheeseen. Se on edullista, korkeakromista ter\u00e4st\u00e4, jota pidet\u00e4\u00e4n veitsiteollisuudessa, koska se tarjoaa erinomaisen kulutuskest\u00e4vyyden, korroosionkest\u00e4vyyden ja korkean kovuuden, jotka ovat avainominaisuuksia ihanteellisen veitsiter\u00e4ksen luomiseksi.<\/p>\n<p>Lis\u00e4ksi 12C27-ter\u00e4s ter\u00e4v\u00f6ityy suhteellisen nopeasti, toisin kuin muut korkean kromipitoisuuden omaavat ter\u00e4kset, joiden teroitus kest\u00e4\u00e4 kauan kovien kromikarbidien vuoksi. Sandvik 12C27 -ter\u00e4st\u00e4 k\u00e4ytet\u00e4\u00e4n yleisesti mets\u00e4stysveitsien, taskuveitsien, kalastusveitsien, retkeilyveitsien, taktisten veitsien, luistinterien ja j\u00e4\u00e4porojen valmistuksessa.<\/p>\n<p>Korkean kromipitoisuutensa ansiosta 12C27-ter\u00e4s kest\u00e4\u00e4 korroosiota ja ruostetta. Lis\u00e4ksi, koska se on valmistettu ruostumattomasta ter\u00e4ksest\u00e4, se on tahrankest\u00e4v\u00e4.<\/p>\n<p>Et kuitenkaan voi odottaa, ett\u00e4 t\u00e4m\u00e4 ter\u00e4ksest\u00e4 valmistettu veitsi pysyy ruostumattomana vedess\u00e4 p\u00e4ivi\u00e4. Jos haluat t\u00e4m\u00e4n ter\u00e4ksen terien kest\u00e4v\u00e4n vuosikymmeni\u00e4, sinun on kuivattava ja \u00f6ljytt\u00e4v\u00e4 ne jokaisen k\u00e4ytt\u00f6kerran j\u00e4lkeen tai jos aiot varastoida niit\u00e4 pitk\u00e4\u00e4n.<\/p>\n","protected":false},"excerpt":{"rendered":"<p>Veitsen tekniset tiedot: \u201dRAMBO\u201d Ter\u00e4s: taottu ruostumaton ter\u00e4s Sandvik 12C27 Kovuus: 56-58 HRC. Ter\u00e4n pituus (mm): 257 \/ 10,11 tuumaa Ter\u00e4n paksuus (mm): 4 \/ 0,15 tuumaa Ter\u00e4n leveys (mm): 52 \/ 2,04 tuumaa Kahva: afrikkalainen wenge-puu Kokonaispituus (mm): 386 \/ 15,19 tuumaa Veitsen tyyppi: mets\u00e4stys, ulkoilu Pakkaus: veitsi, nahkatuppi 12C27-ter\u00e4s kuuluu Sandvik-tuoteperheeseen. Se on edullista, korkeakromista ter\u00e4st\u00e4, jota pidet\u00e4\u00e4n veitsiteollisuudessa, koska se tarjoaa erinomaisen kulutuskest\u00e4vyyden, korroosionkest\u00e4vyyden ja korkean kovuuden, jotka ovat avainominaisuuksia ihanteellisen veitsiter\u00e4ksen luomiseksi. Lis\u00e4ksi 12C27-ter\u00e4s ter\u00e4v\u00f6ityy suhteellisen nopeasti, toisin kuin muut korkean kromipitoisuuden omaavat ter\u00e4kset, joiden teroitus kest\u00e4\u00e4 kauan kovien kromikarbidien vuoksi. Sandvik 12C27 -ter\u00e4st\u00e4 k\u00e4ytet\u00e4\u00e4n yleisesti&hellip;<\/p>\n","protected":false},"featured_media":108844,"template":"","meta":{"_themeisle_gutenberg_block_has_review":false},"product_brand":[],"product_cat":[453,452],"product_tag":[],"class_list":{"0":"post-90478","1":"product","2":"type-product","3":"status-publish","4":"has-post-thumbnail","6":"product_cat-metsastysveitset","7":"product_cat-ulkoveitset","9":"first","10":"instock","11":"shipping-taxable","12":"purchasable","13":"product-type-simple"},"yoast_head":"<!-- This site is optimized with the Yoast SEO plugin v27.5 - https:\/\/yoast.com\/product\/yoast-seo-wordpress\/ -->\n<title>Veitsi &#039;&#039;RAMBO&#039;&#039; valmistettu laadukkaasta taotusta ruostumattomasta ter\u00e4ksest\u00e4 - AAKnives<\/title>\n<meta name=\"description\" content=\"12C27-ter\u00e4s kuuluu Sandvik-tuoteperheeseen. Se on edullista korkean kromipitoisuuden omaavaa ter\u00e4st\u00e4, jota pidet\u00e4\u00e4n veitsiteollisuudessa, koska se tarjoaa erinomaisen kulutuskest\u00e4vyyden.\" \/>\n<meta name=\"robots\" content=\"index, follow, max-snippet:-1, max-image-preview:large, max-video-preview:-1\" \/>\n<link rel=\"canonical\" href=\"https:\/\/aaknives.eu\/fi\/product\/veitsi-rambo-valmistettu-laadukkaasta-taotusta-ruostumattomasta-teraksesta\/\" \/>\n<meta property=\"og:locale\" content=\"fi_FI\" \/>\n<meta property=\"og:type\" content=\"article\" \/>\n<meta property=\"og:title\" content=\"Veitsi &#039;&#039;RAMBO&#039;&#039; valmistettu laadukkaasta taotusta ruostumattomasta ter\u00e4ksest\u00e4 - AAKnives\" \/>\n<meta property=\"og:description\" content=\"12C27-ter\u00e4s kuuluu Sandvik-tuoteperheeseen. Se on edullista korkean kromipitoisuuden omaavaa ter\u00e4st\u00e4, jota pidet\u00e4\u00e4n veitsiteollisuudessa, koska se tarjoaa erinomaisen kulutuskest\u00e4vyyden.\" \/>\n<meta property=\"og:url\" content=\"https:\/\/aaknives.eu\/fi\/product\/veitsi-rambo-valmistettu-laadukkaasta-taotusta-ruostumattomasta-teraksesta\/\" \/>\n<meta property=\"og:site_name\" content=\"AAKnives\" \/>\n<meta property=\"article:publisher\" content=\"https:\/\/www.facebook.com\/aaknives.eu\/\" \/>\n<meta property=\"article:modified_time\" content=\"2026-04-28T16:24:40+00:00\" \/>\n<meta property=\"og:image\" content=\"https:\/\/aaknives.eu\/wp-content\/uploads\/2024\/10\/aaknives-hand-forged-damascus-steel-blade-knife-handmade-custom-made-knife-handcrafted-knives-autinetools-northmen-43-1.jpg\" \/>\n\t<meta property=\"og:image:width\" content=\"1020\" \/>\n\t<meta property=\"og:image:height\" content=\"880\" \/>\n\t<meta property=\"og:image:type\" content=\"image\/jpeg\" \/>\n<meta name=\"twitter:card\" content=\"summary_large_image\" \/>\n<meta name=\"twitter:label1\" content=\"Arvioitu lukuaika\" \/>\n\t<meta name=\"twitter:data1\" content=\"1 minuutti\" \/>\n<script type=\"application\/ld+json\" class=\"yoast-schema-graph\">{\"@context\":\"https:\\\/\\\/schema.org\",\"@graph\":[{\"@type\":\"WebPage\",\"@id\":\"https:\\\/\\\/aaknives.eu\\\/fi\\\/product\\\/veitsi-rambo-valmistettu-laadukkaasta-taotusta-ruostumattomasta-teraksesta\\\/\",\"url\":\"https:\\\/\\\/aaknives.eu\\\/fi\\\/product\\\/veitsi-rambo-valmistettu-laadukkaasta-taotusta-ruostumattomasta-teraksesta\\\/\",\"name\":\"Veitsi ''RAMBO'' valmistettu laadukkaasta taotusta ruostumattomasta ter\u00e4ksest\u00e4 - AAKnives\",\"isPartOf\":{\"@id\":\"https:\\\/\\\/aaknives.eu\\\/fi\\\/#website\"},\"primaryImageOfPage\":{\"@id\":\"https:\\\/\\\/aaknives.eu\\\/fi\\\/product\\\/veitsi-rambo-valmistettu-laadukkaasta-taotusta-ruostumattomasta-teraksesta\\\/#primaryimage\"},\"image\":{\"@id\":\"https:\\\/\\\/aaknives.eu\\\/fi\\\/product\\\/veitsi-rambo-valmistettu-laadukkaasta-taotusta-ruostumattomasta-teraksesta\\\/#primaryimage\"},\"thumbnailUrl\":\"https:\\\/\\\/aaknives.eu\\\/wp-content\\\/uploads\\\/2024\\\/10\\\/aaknives-hand-forged-damascus-steel-blade-knife-handmade-custom-made-knife-handcrafted-knives-autinetools-northmen-43-1.jpg\",\"datePublished\":\"2024-10-29T01:52:20+00:00\",\"dateModified\":\"2026-04-28T16:24:40+00:00\",\"description\":\"12C27-ter\u00e4s kuuluu Sandvik-tuoteperheeseen. Se on edullista korkean kromipitoisuuden omaavaa ter\u00e4st\u00e4, jota pidet\u00e4\u00e4n veitsiteollisuudessa, koska se tarjoaa erinomaisen kulutuskest\u00e4vyyden.\",\"breadcrumb\":{\"@id\":\"https:\\\/\\\/aaknives.eu\\\/fi\\\/product\\\/veitsi-rambo-valmistettu-laadukkaasta-taotusta-ruostumattomasta-teraksesta\\\/#breadcrumb\"},\"inLanguage\":\"fi\",\"potentialAction\":[{\"@type\":\"ReadAction\",\"target\":[\"https:\\\/\\\/aaknives.eu\\\/fi\\\/product\\\/veitsi-rambo-valmistettu-laadukkaasta-taotusta-ruostumattomasta-teraksesta\\\/\"]}]},{\"@type\":\"ImageObject\",\"inLanguage\":\"fi\",\"@id\":\"https:\\\/\\\/aaknives.eu\\\/fi\\\/product\\\/veitsi-rambo-valmistettu-laadukkaasta-taotusta-ruostumattomasta-teraksesta\\\/#primaryimage\",\"url\":\"https:\\\/\\\/aaknives.eu\\\/wp-content\\\/uploads\\\/2024\\\/10\\\/aaknives-hand-forged-damascus-steel-blade-knife-handmade-custom-made-knife-handcrafted-knives-autinetools-northmen-43-1.jpg\",\"contentUrl\":\"https:\\\/\\\/aaknives.eu\\\/wp-content\\\/uploads\\\/2024\\\/10\\\/aaknives-hand-forged-damascus-steel-blade-knife-handmade-custom-made-knife-handcrafted-knives-autinetools-northmen-43-1.jpg\",\"width\":1020,\"height\":880},{\"@type\":\"BreadcrumbList\",\"@id\":\"https:\\\/\\\/aaknives.eu\\\/fi\\\/product\\\/veitsi-rambo-valmistettu-laadukkaasta-taotusta-ruostumattomasta-teraksesta\\\/#breadcrumb\",\"itemListElement\":[{\"@type\":\"ListItem\",\"position\":1,\"name\":\"Home\",\"item\":\"https:\\\/\\\/aaknives.eu\\\/fi\\\/\"},{\"@type\":\"ListItem\",\"position\":2,\"name\":\"Kauppa\",\"item\":\"https:\\\/\\\/aaknives.eu\\\/kauppa\\\/\"},{\"@type\":\"ListItem\",\"position\":3,\"name\":\"Veitsi &#8221;RAMBO&#8221; valmistettu laadukkaasta taotusta ruostumattomasta ter\u00e4ksest\u00e4\"}]},{\"@type\":\"WebSite\",\"@id\":\"https:\\\/\\\/aaknives.eu\\\/fi\\\/#website\",\"url\":\"https:\\\/\\\/aaknives.eu\\\/fi\\\/\",\"name\":\"AAKnives\",\"description\":\"Handmade knives\",\"publisher\":{\"@id\":\"https:\\\/\\\/aaknives.eu\\\/fi\\\/#organization\"},\"potentialAction\":[{\"@type\":\"SearchAction\",\"target\":{\"@type\":\"EntryPoint\",\"urlTemplate\":\"https:\\\/\\\/aaknives.eu\\\/fi\\\/?s={search_term_string}\"},\"query-input\":{\"@type\":\"PropertyValueSpecification\",\"valueRequired\":true,\"valueName\":\"search_term_string\"}}],\"inLanguage\":\"fi\"},{\"@type\":\"Organization\",\"@id\":\"https:\\\/\\\/aaknives.eu\\\/fi\\\/#organization\",\"name\":\"AAKnives\",\"url\":\"https:\\\/\\\/aaknives.eu\\\/fi\\\/\",\"logo\":{\"@type\":\"ImageObject\",\"inLanguage\":\"fi\",\"@id\":\"https:\\\/\\\/aaknives.eu\\\/fi\\\/#\\\/schema\\\/logo\\\/image\\\/\",\"url\":\"https:\\\/\\\/aaknives.eu\\\/wp-content\\\/uploads\\\/2021\\\/10\\\/AAknives_Logo_Green.png\",\"contentUrl\":\"https:\\\/\\\/aaknives.eu\\\/wp-content\\\/uploads\\\/2021\\\/10\\\/AAknives_Logo_Green.png\",\"width\":1768,\"height\":1768,\"caption\":\"AAKnives\"},\"image\":{\"@id\":\"https:\\\/\\\/aaknives.eu\\\/fi\\\/#\\\/schema\\\/logo\\\/image\\\/\"},\"sameAs\":[\"https:\\\/\\\/www.facebook.com\\\/aaknives.eu\\\/\",\"https:\\\/\\\/www.instagram.com\\\/aaknives\\\/\",\"https:\\\/\\\/www.pinterest.com\\\/aa_knives\\\/\",\"https:\\\/\\\/www.youtube.com\\\/channel\\\/UCHOQFjrOkgT6s4FIw9LDKyw\\\/featured\"]}]}<\/script>\n<!-- \/ Yoast SEO plugin. -->","yoast_head_json":{"title":"Veitsi ''RAMBO'' valmistettu laadukkaasta taotusta ruostumattomasta ter\u00e4ksest\u00e4 - AAKnives","description":"12C27-ter\u00e4s kuuluu Sandvik-tuoteperheeseen. Se on edullista korkean kromipitoisuuden omaavaa ter\u00e4st\u00e4, jota pidet\u00e4\u00e4n veitsiteollisuudessa, koska se tarjoaa erinomaisen kulutuskest\u00e4vyyden.","robots":{"index":"index","follow":"follow","max-snippet":"max-snippet:-1","max-image-preview":"max-image-preview:large","max-video-preview":"max-video-preview:-1"},"canonical":"https:\/\/aaknives.eu\/fi\/product\/veitsi-rambo-valmistettu-laadukkaasta-taotusta-ruostumattomasta-teraksesta\/","og_locale":"fi_FI","og_type":"article","og_title":"Veitsi ''RAMBO'' valmistettu laadukkaasta taotusta ruostumattomasta ter\u00e4ksest\u00e4 - AAKnives","og_description":"12C27-ter\u00e4s kuuluu Sandvik-tuoteperheeseen. Se on edullista korkean kromipitoisuuden omaavaa ter\u00e4st\u00e4, jota pidet\u00e4\u00e4n veitsiteollisuudessa, koska se tarjoaa erinomaisen kulutuskest\u00e4vyyden.","og_url":"https:\/\/aaknives.eu\/fi\/product\/veitsi-rambo-valmistettu-laadukkaasta-taotusta-ruostumattomasta-teraksesta\/","og_site_name":"AAKnives","article_publisher":"https:\/\/www.facebook.com\/aaknives.eu\/","article_modified_time":"2026-04-28T16:24:40+00:00","og_image":[{"width":1020,"height":880,"url":"https:\/\/aaknives.eu\/wp-content\/uploads\/2024\/10\/aaknives-hand-forged-damascus-steel-blade-knife-handmade-custom-made-knife-handcrafted-knives-autinetools-northmen-43-1.jpg","type":"image\/jpeg"}],"twitter_card":"summary_large_image","twitter_misc":{"Arvioitu lukuaika":"1 minuutti"},"schema":{"@context":"https:\/\/schema.org","@graph":[{"@type":"WebPage","@id":"https:\/\/aaknives.eu\/fi\/product\/veitsi-rambo-valmistettu-laadukkaasta-taotusta-ruostumattomasta-teraksesta\/","url":"https:\/\/aaknives.eu\/fi\/product\/veitsi-rambo-valmistettu-laadukkaasta-taotusta-ruostumattomasta-teraksesta\/","name":"Veitsi ''RAMBO'' valmistettu laadukkaasta taotusta ruostumattomasta ter\u00e4ksest\u00e4 - AAKnives","isPartOf":{"@id":"https:\/\/aaknives.eu\/fi\/#website"},"primaryImageOfPage":{"@id":"https:\/\/aaknives.eu\/fi\/product\/veitsi-rambo-valmistettu-laadukkaasta-taotusta-ruostumattomasta-teraksesta\/#primaryimage"},"image":{"@id":"https:\/\/aaknives.eu\/fi\/product\/veitsi-rambo-valmistettu-laadukkaasta-taotusta-ruostumattomasta-teraksesta\/#primaryimage"},"thumbnailUrl":"https:\/\/aaknives.eu\/wp-content\/uploads\/2024\/10\/aaknives-hand-forged-damascus-steel-blade-knife-handmade-custom-made-knife-handcrafted-knives-autinetools-northmen-43-1.jpg","datePublished":"2024-10-29T01:52:20+00:00","dateModified":"2026-04-28T16:24:40+00:00","description":"12C27-ter\u00e4s kuuluu Sandvik-tuoteperheeseen. Se on edullista korkean kromipitoisuuden omaavaa ter\u00e4st\u00e4, jota pidet\u00e4\u00e4n veitsiteollisuudessa, koska se tarjoaa erinomaisen kulutuskest\u00e4vyyden.","breadcrumb":{"@id":"https:\/\/aaknives.eu\/fi\/product\/veitsi-rambo-valmistettu-laadukkaasta-taotusta-ruostumattomasta-teraksesta\/#breadcrumb"},"inLanguage":"fi","potentialAction":[{"@type":"ReadAction","target":["https:\/\/aaknives.eu\/fi\/product\/veitsi-rambo-valmistettu-laadukkaasta-taotusta-ruostumattomasta-teraksesta\/"]}]},{"@type":"ImageObject","inLanguage":"fi","@id":"https:\/\/aaknives.eu\/fi\/product\/veitsi-rambo-valmistettu-laadukkaasta-taotusta-ruostumattomasta-teraksesta\/#primaryimage","url":"https:\/\/aaknives.eu\/wp-content\/uploads\/2024\/10\/aaknives-hand-forged-damascus-steel-blade-knife-handmade-custom-made-knife-handcrafted-knives-autinetools-northmen-43-1.jpg","contentUrl":"https:\/\/aaknives.eu\/wp-content\/uploads\/2024\/10\/aaknives-hand-forged-damascus-steel-blade-knife-handmade-custom-made-knife-handcrafted-knives-autinetools-northmen-43-1.jpg","width":1020,"height":880},{"@type":"BreadcrumbList","@id":"https:\/\/aaknives.eu\/fi\/product\/veitsi-rambo-valmistettu-laadukkaasta-taotusta-ruostumattomasta-teraksesta\/#breadcrumb","itemListElement":[{"@type":"ListItem","position":1,"name":"Home","item":"https:\/\/aaknives.eu\/fi\/"},{"@type":"ListItem","position":2,"name":"Kauppa","item":"https:\/\/aaknives.eu\/kauppa\/"},{"@type":"ListItem","position":3,"name":"Veitsi &#8221;RAMBO&#8221; valmistettu laadukkaasta taotusta ruostumattomasta ter\u00e4ksest\u00e4"}]},{"@type":"WebSite","@id":"https:\/\/aaknives.eu\/fi\/#website","url":"https:\/\/aaknives.eu\/fi\/","name":"AAKnives","description":"Handmade knives","publisher":{"@id":"https:\/\/aaknives.eu\/fi\/#organization"},"potentialAction":[{"@type":"SearchAction","target":{"@type":"EntryPoint","urlTemplate":"https:\/\/aaknives.eu\/fi\/?s={search_term_string}"},"query-input":{"@type":"PropertyValueSpecification","valueRequired":true,"valueName":"search_term_string"}}],"inLanguage":"fi"},{"@type":"Organization","@id":"https:\/\/aaknives.eu\/fi\/#organization","name":"AAKnives","url":"https:\/\/aaknives.eu\/fi\/","logo":{"@type":"ImageObject","inLanguage":"fi","@id":"https:\/\/aaknives.eu\/fi\/#\/schema\/logo\/image\/","url":"https:\/\/aaknives.eu\/wp-content\/uploads\/2021\/10\/AAknives_Logo_Green.png","contentUrl":"https:\/\/aaknives.eu\/wp-content\/uploads\/2021\/10\/AAknives_Logo_Green.png","width":1768,"height":1768,"caption":"AAKnives"},"image":{"@id":"https:\/\/aaknives.eu\/fi\/#\/schema\/logo\/image\/"},"sameAs":["https:\/\/www.facebook.com\/aaknives.eu\/","https:\/\/www.instagram.com\/aaknives\/","https:\/\/www.pinterest.com\/aa_knives\/","https:\/\/www.youtube.com\/channel\/UCHOQFjrOkgT6s4FIw9LDKyw\/featured"]}]}},"_links":{"self":[{"href":"https:\/\/aaknives.eu\/fi\/wp-json\/wp\/v2\/product\/90478","targetHints":{"allow":["GET"]}}],"collection":[{"href":"https:\/\/aaknives.eu\/fi\/wp-json\/wp\/v2\/product"}],"about":[{"href":"https:\/\/aaknives.eu\/fi\/wp-json\/wp\/v2\/types\/product"}],"wp:featuredmedia":[{"embeddable":true,"href":"https:\/\/aaknives.eu\/fi\/wp-json\/wp\/v2\/media\/108844"}],"wp:attachment":[{"href":"https:\/\/aaknives.eu\/fi\/wp-json\/wp\/v2\/media?parent=90478"}],"wp:term":[{"taxonomy":"product_brand","embeddable":true,"href":"https:\/\/aaknives.eu\/fi\/wp-json\/wp\/v2\/product_brand?post=90478"},{"taxonomy":"product_cat","embeddable":true,"href":"https:\/\/aaknives.eu\/fi\/wp-json\/wp\/v2\/product_cat?post=90478"},{"taxonomy":"product_tag","embeddable":true,"href":"https:\/\/aaknives.eu\/fi\/wp-json\/wp\/v2\/product_tag?post=90478"}],"curies":[{"name":"wp","href":"https:\/\/api.w.org\/{rel}","templated":true}]}}