{"id":90513,"date":"2024-10-29T01:51:27","date_gmt":"2024-10-29T01:51:27","guid":{"rendered":"https:\/\/aaknives.eu\/?post_type=product&#038;p=90513"},"modified":"2025-09-28T16:33:30","modified_gmt":"2025-09-28T16:33:30","slug":"veitsi-hook-damaskusterasta-stabiloitu-karjalan-koivukahva","status":"publish","type":"product","link":"https:\/\/aaknives.eu\/fi\/product\/veitsi-hook-damaskusterasta-stabiloitu-karjalan-koivukahva\/","title":{"rendered":"Veitsi &#8221;HOOK&#8221; Damaskuster\u00e4st\u00e4, stabiloitu karjalan koivukahva."},"content":{"rendered":"<p>Noa spetsifikatsioonid: &#8220;HOOK&#8221;<br \/>\nTeras: Damaskuse teras<br \/>\nK\u00f5vadus: 60-62 HRC<br \/>\nTera pikkus (mm): 95 \/ 3,74 tolli<br \/>\nTera paksus (mm): 3 \/ 0,11 tolli<br \/>\nTera laius (mm): 37 \/ 1,45 tolli<br \/>\nK\u00e4epide: stabiliseeritud karjala kask<br \/>\nKogupikkus (mm): 224 \/ 8,81 tolli<\/p>\n<p>K\u00e4sin taottu Damaskuster\u00e4s, joka on luotu paketista eri kovuus- ja viskositeetti\u00e4 olevia ter\u00e4ksi\u00e4, jotka taittuvat levyksi tietyss\u00e4 j\u00e4rjestyksess\u00e4. Seuraavaksi levy taotaan toistuvasti uudelleen, mink\u00e4 ansiosta muodostuu kerroksia ja ainutlaatuinen kuvio.<br \/>\nVaikea tekninen prosessi tehd\u00e4\u00e4n manuaalisesti. T\u00e4ll\u00e4 tavalla saadulle ter\u00e4kselle on ominaista lis\u00e4\u00e4ntynyt lujuus, korkea kovuus, erinomaiset leikkausominaisuudet ja kauneus.<br \/>\nDamaskoksen ter\u00e4st\u00e4 yli 700 kerrosta.<br \/>\nPaketti damastiter\u00e4s ShH15 + HVG + U10A, l\u00e4mp\u00f6ilme 860 \u00b0C<\/p>\n<p>Damaskoksen ter\u00e4ksen veitsien edut:<br \/>\nLis\u00e4\u00e4ntynyt voima<br \/>\nKorkea kovuus<br \/>\nErinomaiset leikkausominaisuudet<br \/>\nKaunis muotoilu<br \/>\nPitk\u00e4kestoinen ter\u00e4vyys<\/p>\n<p>Ter\u00e4n kovuus 60-62 HRC.<br \/>\nK\u00e4sintehty<\/p>\n","protected":false},"excerpt":{"rendered":"<p>Noa spetsifikatsioonid: &#8220;HOOK&#8221; Teras: Damaskuse teras K\u00f5vadus: 60-62 HRC Tera pikkus (mm): 95 \/ 3,74 tolli Tera paksus (mm): 3 \/ 0,11 tolli Tera laius (mm): 37 \/ 1,45 tolli K\u00e4epide: stabiliseeritud karjala kask Kogupikkus (mm): 224 \/ 8,81 tolli K\u00e4sin taottu Damaskuster\u00e4s, joka on luotu paketista eri kovuus- ja viskositeetti\u00e4 olevia ter\u00e4ksi\u00e4, jotka taittuvat levyksi tietyss\u00e4 j\u00e4rjestyksess\u00e4. Seuraavaksi levy taotaan toistuvasti uudelleen, mink\u00e4 ansiosta muodostuu kerroksia ja ainutlaatuinen kuvio. Vaikea tekninen prosessi tehd\u00e4\u00e4n manuaalisesti. T\u00e4ll\u00e4 tavalla saadulle ter\u00e4kselle on ominaista lis\u00e4\u00e4ntynyt lujuus, korkea kovuus, erinomaiset leikkausominaisuudet ja kauneus. Damaskoksen ter\u00e4st\u00e4 yli 700 kerrosta. Paketti damastiter\u00e4s ShH15 + HVG +&hellip;<\/p>\n","protected":false},"featured_media":101397,"template":"","meta":{"_themeisle_gutenberg_block_has_review":false},"product_brand":[],"product_cat":[453],"product_tag":[],"class_list":{"0":"post-90513","1":"product","2":"type-product","3":"status-publish","4":"has-post-thumbnail","6":"product_cat-metsastysveitset","8":"first","9":"instock","10":"shipping-taxable","11":"purchasable","12":"product-type-simple"},"yoast_head":"<!-- This site is optimized with the Yoast SEO plugin v27.3 - https:\/\/yoast.com\/product\/yoast-seo-wordpress\/ -->\n<title>Veitsi &#039;&#039;HOOK&#039;&#039; Damaskuster\u00e4st\u00e4, stabiloitu karjalan koivukahva. - AAKnives<\/title>\n<meta name=\"description\" content=\"K\u00e4sin taottu Damaskuster\u00e4s, joka on luotu paketista eri kovuus- ja viskositeetti\u00e4 olevia ter\u00e4ksi\u00e4, jotka taittuvat levyksi tietyss\u00e4 j\u00e4rjestyksess\u00e4.\" \/>\n<meta name=\"robots\" content=\"index, follow, max-snippet:-1, max-image-preview:large, max-video-preview:-1\" \/>\n<link rel=\"canonical\" href=\"https:\/\/aaknives.eu\/fi\/product\/veitsi-hook-damaskusterasta-stabiloitu-karjalan-koivukahva\/\" \/>\n<meta property=\"og:locale\" content=\"fi_FI\" \/>\n<meta property=\"og:type\" content=\"article\" \/>\n<meta property=\"og:title\" content=\"Veitsi &#039;&#039;HOOK&#039;&#039; Damaskuster\u00e4st\u00e4, stabiloitu karjalan koivukahva. - AAKnives\" \/>\n<meta property=\"og:description\" content=\"K\u00e4sin taottu Damaskuster\u00e4s, joka on luotu paketista eri kovuus- ja viskositeetti\u00e4 olevia ter\u00e4ksi\u00e4, jotka taittuvat levyksi tietyss\u00e4 j\u00e4rjestyksess\u00e4.\" \/>\n<meta property=\"og:url\" content=\"https:\/\/aaknives.eu\/fi\/product\/veitsi-hook-damaskusterasta-stabiloitu-karjalan-koivukahva\/\" \/>\n<meta property=\"og:site_name\" content=\"AAKnives\" \/>\n<meta property=\"article:publisher\" content=\"https:\/\/www.facebook.com\/aaknives.eu\/\" \/>\n<meta property=\"article:modified_time\" content=\"2025-09-28T16:33:30+00:00\" \/>\n<meta property=\"og:image\" content=\"https:\/\/aaknives.eu\/wp-content\/uploads\/2024\/10\/aaknives-hand-forged-damascus-steel-blade-knife-handmade-custom-made-knife-handcrafted-knives-autinetools-northmen-1-7-1.jpg\" \/>\n\t<meta property=\"og:image:width\" content=\"1020\" \/>\n\t<meta property=\"og:image:height\" content=\"880\" \/>\n\t<meta property=\"og:image:type\" content=\"image\/jpeg\" \/>\n<meta name=\"twitter:card\" content=\"summary_large_image\" \/>\n<meta name=\"twitter:label1\" content=\"Arvioitu lukuaika\" \/>\n\t<meta name=\"twitter:data1\" content=\"1 minuutti\" \/>\n<script type=\"application\/ld+json\" class=\"yoast-schema-graph\">{\"@context\":\"https:\\\/\\\/schema.org\",\"@graph\":[{\"@type\":\"WebPage\",\"@id\":\"https:\\\/\\\/aaknives.eu\\\/fi\\\/product\\\/veitsi-hook-damaskusterasta-stabiloitu-karjalan-koivukahva\\\/\",\"url\":\"https:\\\/\\\/aaknives.eu\\\/fi\\\/product\\\/veitsi-hook-damaskusterasta-stabiloitu-karjalan-koivukahva\\\/\",\"name\":\"Veitsi ''HOOK'' Damaskuster\u00e4st\u00e4, stabiloitu karjalan koivukahva. - AAKnives\",\"isPartOf\":{\"@id\":\"https:\\\/\\\/aaknives.eu\\\/fi\\\/#website\"},\"primaryImageOfPage\":{\"@id\":\"https:\\\/\\\/aaknives.eu\\\/fi\\\/product\\\/veitsi-hook-damaskusterasta-stabiloitu-karjalan-koivukahva\\\/#primaryimage\"},\"image\":{\"@id\":\"https:\\\/\\\/aaknives.eu\\\/fi\\\/product\\\/veitsi-hook-damaskusterasta-stabiloitu-karjalan-koivukahva\\\/#primaryimage\"},\"thumbnailUrl\":\"https:\\\/\\\/aaknives.eu\\\/wp-content\\\/uploads\\\/2024\\\/10\\\/aaknives-hand-forged-damascus-steel-blade-knife-handmade-custom-made-knife-handcrafted-knives-autinetools-northmen-1-7-1.jpg\",\"datePublished\":\"2024-10-29T01:51:27+00:00\",\"dateModified\":\"2025-09-28T16:33:30+00:00\",\"description\":\"K\u00e4sin taottu Damaskuster\u00e4s, joka on luotu paketista eri kovuus- ja viskositeetti\u00e4 olevia ter\u00e4ksi\u00e4, jotka taittuvat levyksi tietyss\u00e4 j\u00e4rjestyksess\u00e4.\",\"breadcrumb\":{\"@id\":\"https:\\\/\\\/aaknives.eu\\\/fi\\\/product\\\/veitsi-hook-damaskusterasta-stabiloitu-karjalan-koivukahva\\\/#breadcrumb\"},\"inLanguage\":\"fi\",\"potentialAction\":[{\"@type\":\"ReadAction\",\"target\":[\"https:\\\/\\\/aaknives.eu\\\/fi\\\/product\\\/veitsi-hook-damaskusterasta-stabiloitu-karjalan-koivukahva\\\/\"]}]},{\"@type\":\"ImageObject\",\"inLanguage\":\"fi\",\"@id\":\"https:\\\/\\\/aaknives.eu\\\/fi\\\/product\\\/veitsi-hook-damaskusterasta-stabiloitu-karjalan-koivukahva\\\/#primaryimage\",\"url\":\"https:\\\/\\\/aaknives.eu\\\/wp-content\\\/uploads\\\/2024\\\/10\\\/aaknives-hand-forged-damascus-steel-blade-knife-handmade-custom-made-knife-handcrafted-knives-autinetools-northmen-1-7-1.jpg\",\"contentUrl\":\"https:\\\/\\\/aaknives.eu\\\/wp-content\\\/uploads\\\/2024\\\/10\\\/aaknives-hand-forged-damascus-steel-blade-knife-handmade-custom-made-knife-handcrafted-knives-autinetools-northmen-1-7-1.jpg\",\"width\":1020,\"height\":880},{\"@type\":\"BreadcrumbList\",\"@id\":\"https:\\\/\\\/aaknives.eu\\\/fi\\\/product\\\/veitsi-hook-damaskusterasta-stabiloitu-karjalan-koivukahva\\\/#breadcrumb\",\"itemListElement\":[{\"@type\":\"ListItem\",\"position\":1,\"name\":\"Home\",\"item\":\"https:\\\/\\\/aaknives.eu\\\/fi\\\/\"},{\"@type\":\"ListItem\",\"position\":2,\"name\":\"Kauppa\",\"item\":\"https:\\\/\\\/aaknives.eu\\\/kauppa\\\/\"},{\"@type\":\"ListItem\",\"position\":3,\"name\":\"Private: Veitsi &#8221;HOOK&#8221; Damaskuster\u00e4st\u00e4, stabiloitu karjalan koivukahva.\"}]},{\"@type\":\"WebSite\",\"@id\":\"https:\\\/\\\/aaknives.eu\\\/fi\\\/#website\",\"url\":\"https:\\\/\\\/aaknives.eu\\\/fi\\\/\",\"name\":\"AAKnives\",\"description\":\"Handmade knives\",\"publisher\":{\"@id\":\"https:\\\/\\\/aaknives.eu\\\/fi\\\/#organization\"},\"potentialAction\":[{\"@type\":\"SearchAction\",\"target\":{\"@type\":\"EntryPoint\",\"urlTemplate\":\"https:\\\/\\\/aaknives.eu\\\/fi\\\/?s={search_term_string}\"},\"query-input\":{\"@type\":\"PropertyValueSpecification\",\"valueRequired\":true,\"valueName\":\"search_term_string\"}}],\"inLanguage\":\"fi\"},{\"@type\":\"Organization\",\"@id\":\"https:\\\/\\\/aaknives.eu\\\/fi\\\/#organization\",\"name\":\"AAKnives\",\"url\":\"https:\\\/\\\/aaknives.eu\\\/fi\\\/\",\"logo\":{\"@type\":\"ImageObject\",\"inLanguage\":\"fi\",\"@id\":\"https:\\\/\\\/aaknives.eu\\\/fi\\\/#\\\/schema\\\/logo\\\/image\\\/\",\"url\":\"https:\\\/\\\/aaknives.eu\\\/wp-content\\\/uploads\\\/2021\\\/10\\\/AAknives_Logo_Green.png\",\"contentUrl\":\"https:\\\/\\\/aaknives.eu\\\/wp-content\\\/uploads\\\/2021\\\/10\\\/AAknives_Logo_Green.png\",\"width\":1768,\"height\":1768,\"caption\":\"AAKnives\"},\"image\":{\"@id\":\"https:\\\/\\\/aaknives.eu\\\/fi\\\/#\\\/schema\\\/logo\\\/image\\\/\"},\"sameAs\":[\"https:\\\/\\\/www.facebook.com\\\/aaknives.eu\\\/\",\"https:\\\/\\\/www.instagram.com\\\/aaknives\\\/\",\"https:\\\/\\\/www.pinterest.com\\\/aa_knives\\\/\",\"https:\\\/\\\/www.youtube.com\\\/channel\\\/UCHOQFjrOkgT6s4FIw9LDKyw\\\/featured\"]}]}<\/script>\n<!-- \/ Yoast SEO plugin. -->","yoast_head_json":{"title":"Veitsi ''HOOK'' Damaskuster\u00e4st\u00e4, stabiloitu karjalan koivukahva. - AAKnives","description":"K\u00e4sin taottu Damaskuster\u00e4s, joka on luotu paketista eri kovuus- ja viskositeetti\u00e4 olevia ter\u00e4ksi\u00e4, jotka taittuvat levyksi tietyss\u00e4 j\u00e4rjestyksess\u00e4.","robots":{"index":"index","follow":"follow","max-snippet":"max-snippet:-1","max-image-preview":"max-image-preview:large","max-video-preview":"max-video-preview:-1"},"canonical":"https:\/\/aaknives.eu\/fi\/product\/veitsi-hook-damaskusterasta-stabiloitu-karjalan-koivukahva\/","og_locale":"fi_FI","og_type":"article","og_title":"Veitsi ''HOOK'' Damaskuster\u00e4st\u00e4, stabiloitu karjalan koivukahva. - AAKnives","og_description":"K\u00e4sin taottu Damaskuster\u00e4s, joka on luotu paketista eri kovuus- ja viskositeetti\u00e4 olevia ter\u00e4ksi\u00e4, jotka taittuvat levyksi tietyss\u00e4 j\u00e4rjestyksess\u00e4.","og_url":"https:\/\/aaknives.eu\/fi\/product\/veitsi-hook-damaskusterasta-stabiloitu-karjalan-koivukahva\/","og_site_name":"AAKnives","article_publisher":"https:\/\/www.facebook.com\/aaknives.eu\/","article_modified_time":"2025-09-28T16:33:30+00:00","og_image":[{"width":1020,"height":880,"url":"https:\/\/aaknives.eu\/wp-content\/uploads\/2024\/10\/aaknives-hand-forged-damascus-steel-blade-knife-handmade-custom-made-knife-handcrafted-knives-autinetools-northmen-1-7-1.jpg","type":"image\/jpeg"}],"twitter_card":"summary_large_image","twitter_misc":{"Arvioitu lukuaika":"1 minuutti"},"schema":{"@context":"https:\/\/schema.org","@graph":[{"@type":"WebPage","@id":"https:\/\/aaknives.eu\/fi\/product\/veitsi-hook-damaskusterasta-stabiloitu-karjalan-koivukahva\/","url":"https:\/\/aaknives.eu\/fi\/product\/veitsi-hook-damaskusterasta-stabiloitu-karjalan-koivukahva\/","name":"Veitsi ''HOOK'' Damaskuster\u00e4st\u00e4, stabiloitu karjalan koivukahva. - AAKnives","isPartOf":{"@id":"https:\/\/aaknives.eu\/fi\/#website"},"primaryImageOfPage":{"@id":"https:\/\/aaknives.eu\/fi\/product\/veitsi-hook-damaskusterasta-stabiloitu-karjalan-koivukahva\/#primaryimage"},"image":{"@id":"https:\/\/aaknives.eu\/fi\/product\/veitsi-hook-damaskusterasta-stabiloitu-karjalan-koivukahva\/#primaryimage"},"thumbnailUrl":"https:\/\/aaknives.eu\/wp-content\/uploads\/2024\/10\/aaknives-hand-forged-damascus-steel-blade-knife-handmade-custom-made-knife-handcrafted-knives-autinetools-northmen-1-7-1.jpg","datePublished":"2024-10-29T01:51:27+00:00","dateModified":"2025-09-28T16:33:30+00:00","description":"K\u00e4sin taottu Damaskuster\u00e4s, joka on luotu paketista eri kovuus- ja viskositeetti\u00e4 olevia ter\u00e4ksi\u00e4, jotka taittuvat levyksi tietyss\u00e4 j\u00e4rjestyksess\u00e4.","breadcrumb":{"@id":"https:\/\/aaknives.eu\/fi\/product\/veitsi-hook-damaskusterasta-stabiloitu-karjalan-koivukahva\/#breadcrumb"},"inLanguage":"fi","potentialAction":[{"@type":"ReadAction","target":["https:\/\/aaknives.eu\/fi\/product\/veitsi-hook-damaskusterasta-stabiloitu-karjalan-koivukahva\/"]}]},{"@type":"ImageObject","inLanguage":"fi","@id":"https:\/\/aaknives.eu\/fi\/product\/veitsi-hook-damaskusterasta-stabiloitu-karjalan-koivukahva\/#primaryimage","url":"https:\/\/aaknives.eu\/wp-content\/uploads\/2024\/10\/aaknives-hand-forged-damascus-steel-blade-knife-handmade-custom-made-knife-handcrafted-knives-autinetools-northmen-1-7-1.jpg","contentUrl":"https:\/\/aaknives.eu\/wp-content\/uploads\/2024\/10\/aaknives-hand-forged-damascus-steel-blade-knife-handmade-custom-made-knife-handcrafted-knives-autinetools-northmen-1-7-1.jpg","width":1020,"height":880},{"@type":"BreadcrumbList","@id":"https:\/\/aaknives.eu\/fi\/product\/veitsi-hook-damaskusterasta-stabiloitu-karjalan-koivukahva\/#breadcrumb","itemListElement":[{"@type":"ListItem","position":1,"name":"Home","item":"https:\/\/aaknives.eu\/fi\/"},{"@type":"ListItem","position":2,"name":"Kauppa","item":"https:\/\/aaknives.eu\/kauppa\/"},{"@type":"ListItem","position":3,"name":"Private: Veitsi &#8221;HOOK&#8221; Damaskuster\u00e4st\u00e4, stabiloitu karjalan koivukahva."}]},{"@type":"WebSite","@id":"https:\/\/aaknives.eu\/fi\/#website","url":"https:\/\/aaknives.eu\/fi\/","name":"AAKnives","description":"Handmade knives","publisher":{"@id":"https:\/\/aaknives.eu\/fi\/#organization"},"potentialAction":[{"@type":"SearchAction","target":{"@type":"EntryPoint","urlTemplate":"https:\/\/aaknives.eu\/fi\/?s={search_term_string}"},"query-input":{"@type":"PropertyValueSpecification","valueRequired":true,"valueName":"search_term_string"}}],"inLanguage":"fi"},{"@type":"Organization","@id":"https:\/\/aaknives.eu\/fi\/#organization","name":"AAKnives","url":"https:\/\/aaknives.eu\/fi\/","logo":{"@type":"ImageObject","inLanguage":"fi","@id":"https:\/\/aaknives.eu\/fi\/#\/schema\/logo\/image\/","url":"https:\/\/aaknives.eu\/wp-content\/uploads\/2021\/10\/AAknives_Logo_Green.png","contentUrl":"https:\/\/aaknives.eu\/wp-content\/uploads\/2021\/10\/AAknives_Logo_Green.png","width":1768,"height":1768,"caption":"AAKnives"},"image":{"@id":"https:\/\/aaknives.eu\/fi\/#\/schema\/logo\/image\/"},"sameAs":["https:\/\/www.facebook.com\/aaknives.eu\/","https:\/\/www.instagram.com\/aaknives\/","https:\/\/www.pinterest.com\/aa_knives\/","https:\/\/www.youtube.com\/channel\/UCHOQFjrOkgT6s4FIw9LDKyw\/featured"]}]}},"_links":{"self":[{"href":"https:\/\/aaknives.eu\/fi\/wp-json\/wp\/v2\/product\/90513","targetHints":{"allow":["GET"]}}],"collection":[{"href":"https:\/\/aaknives.eu\/fi\/wp-json\/wp\/v2\/product"}],"about":[{"href":"https:\/\/aaknives.eu\/fi\/wp-json\/wp\/v2\/types\/product"}],"wp:featuredmedia":[{"embeddable":true,"href":"https:\/\/aaknives.eu\/fi\/wp-json\/wp\/v2\/media\/101397"}],"wp:attachment":[{"href":"https:\/\/aaknives.eu\/fi\/wp-json\/wp\/v2\/media?parent=90513"}],"wp:term":[{"taxonomy":"product_brand","embeddable":true,"href":"https:\/\/aaknives.eu\/fi\/wp-json\/wp\/v2\/product_brand?post=90513"},{"taxonomy":"product_cat","embeddable":true,"href":"https:\/\/aaknives.eu\/fi\/wp-json\/wp\/v2\/product_cat?post=90513"},{"taxonomy":"product_tag","embeddable":true,"href":"https:\/\/aaknives.eu\/fi\/wp-json\/wp\/v2\/product_tag?post=90513"}],"curies":[{"name":"wp","href":"https:\/\/api.w.org\/{rel}","templated":true}]}}