{"id":91709,"date":"2024-11-04T16:42:02","date_gmt":"2024-11-04T16:42:02","guid":{"rendered":"https:\/\/aaknives.eu\/?post_type=product&#038;p=91709"},"modified":"2025-01-30T11:48:08","modified_gmt":"2025-01-30T11:48:08","slug":"tera-scandinavian-kasin-taottu-ruotsalainen-teras-uddeholm-elmax-superclean","status":"publish","type":"product","link":"https:\/\/aaknives.eu\/fi\/product\/tera-scandinavian-kasin-taottu-ruotsalainen-teras-uddeholm-elmax-superclean\/","title":{"rendered":"Ter\u00e4 &#8221;SCANDINAVIAN&#8221;, k\u00e4sin taottu ruotsalainen ter\u00e4s Uddeholm \u201dElmax\u201d SuperClean"},"content":{"rendered":"<p>Ter\u00e4n tekniset tiedot: Skandinavian<br \/>\nTer\u00e4s: Swedish Steel Uddeholm \u201dElmax\u201d SuperClean<br \/>\nKovuus: 60 HRC<br \/>\nTer\u00e4n pituus (mm): 138 \/ 5,43 tuumaa<br \/>\nTer\u00e4n paksuus (mm): 3 \/ 0,11 tuumaa<br \/>\nTer\u00e4n leveys (mm): 31 \/ 1,22 tuumaa<br \/>\nKokonaispituus (mm): 208 \/ 8,18 tuumaa<br \/>\nElmax on yksi yleisimmist\u00e4 jauheter\u00e4ksist\u00e4. Siksi, jotta voidaan ymm\u00e4rt\u00e4\u00e4, mihin ihmeisiin &#8220;jauheesta&#8221; valmistettu veitsi pystyy, on tutkittava Elmaxin ter\u00e4ksen ominaisuuksia. T\u00e4rkein mink\u00e4 tahansa ter\u00e4ksen ominaisuuksiin vaikuttava tekij\u00e4, mik\u00e4 tarkoittaa my\u00f6s siit\u00e4 tehdyn veitsen ligatuuria. N\u00e4m\u00e4 ter\u00e4skoostumuksen kemialliset elementit antavat n\u00e4m\u00e4 ominaisuudet, korroosionkest\u00e4vyyden, iskuviskositeetin, v\u00e4\u00e4nt\u00f6momentin kest\u00e4vyyden ja niin edelleen. Elmaxille on ominaista seuraava koostumus: 1,7 % hiilt\u00e4, \u200b\u200bmik\u00e4 mahdollistaa ter\u00e4ksen laajentamisen kasvi-hiililuokkaan ja lis\u00e4\u00e4 sen kovuutta ja kest\u00e4vyytt\u00e4. 18 % kromia, joka antaa ainutlaatuisen korroosionkest\u00e4vyyden ja lis\u00e4\u00e4 ter\u00e4ksen kest\u00e4vyytt\u00e4 sek\u00e4 iskun viskositeettia joustamalla. 3 % vanadiinia, joka parantaa ter\u00e4srakennetta, tekee siit\u00e4 tiukemman ja antaa sille sitkeytt\u00e4 ja kest\u00e4vyytt\u00e4. 1 % molybdeenia, joka ei edist\u00e4 merkitt\u00e4v\u00e4sti korroosionkest\u00e4vyytt\u00e4 sek\u00e4 kest\u00e4vyysominaisuuksia, mukaan lukien joustavuus. 0,3% mangaania, jolla on my\u00f6s positiivinen vaikutus ter\u00e4ksen lujuuteen, kulumiseen ja kovuuteen plastisuutta heikent\u00e4m\u00e4tt\u00e4. Elmax-veitset eiv\u00e4t pyri korroosioon. T\u00e4m\u00e4n ter\u00e4ksen ter\u00e4 kest\u00e4\u00e4 hyvin sivuttaiskuormia ja taivutuksia. Jauheter\u00e4ksell\u00e4 on k\u00e4yt\u00e4nn\u00f6ss\u00e4 t\u00e4ydellinen sis\u00e4rakenne. Absoluuttinen puhdistus haitallisista ep\u00e4puhtauksista. H\u00e4mm\u00e4stytt\u00e4v\u00e4 ter\u00e4vyyskest\u00e4vyys ja suhteellinen keveys, kun k\u00e4ytet\u00e4\u00e4n oikeita kivi\u00e4. Ter\u00e4s on hyvin hiottu ja jopa kiillotettu ilman vetoa. Absoluuttinen peilipinta voidaan saavuttaa. N\u00e4in ollen voidaan p\u00e4\u00e4tell\u00e4, ett\u00e4 Elmax-ter\u00e4s on oikeutettu yhdeksi t\u00e4m\u00e4n hetken parhaista veitsiter\u00e4ksist\u00e4. Jos olet pitk\u00e4\u00e4n suunnitellut veitsen ottamista t\u00e4st\u00e4 materiaalista, on aika tehd\u00e4 se. Se palvelee sinua pitk\u00e4\u00e4n ja oikein.<\/p>\n","protected":false},"excerpt":{"rendered":"<p>Elmax on yksi yleisimmist\u00e4 pulveriter\u00e4ksist\u00e4. Elmax-veitset eiv\u00e4t pyri korroosioon. T\u00e4st\u00e4 ter\u00e4ksest\u00e4 valmistettu ter\u00e4 kest\u00e4\u00e4 hyvin sivuttaiskuormitusta ja taivutuksia. Silmiinpist\u00e4v\u00e4\u00e4 ter\u00e4vyyden kest\u00e4vyytt\u00e4 ja suhteellista keveytt\u00e4, kun k\u00e4ytet\u00e4\u00e4n oikeita kivi\u00e4. Ter\u00e4s on hyvin hiottu ja jopa kiillotettu ilman vetoa.<\/p>\n","protected":false},"featured_media":91716,"template":"","meta":{"_themeisle_gutenberg_block_has_review":false},"product_brand":[],"product_cat":[470],"product_tag":[],"class_list":{"0":"post-91709","1":"product","2":"type-product","3":"status-publish","4":"has-post-thumbnail","6":"product_cat-terat","8":"first","9":"instock","10":"shipping-taxable","11":"purchasable","12":"product-type-simple"},"yoast_head":"<!-- This site is optimized with the Yoast SEO plugin v27.3 - https:\/\/yoast.com\/product\/yoast-seo-wordpress\/ -->\n<title>Ter\u00e4 &#039;&#039;SCANDINAVIAN&#039;&#039;, k\u00e4sin taottu ruotsalainen ter\u00e4s Uddeholm \u201dElmax\u201d SuperClean - AAKnives<\/title>\n<meta name=\"description\" content=\"Ruotsalainen ter\u00e4s Uddeholm &#039;&#039;Elmax&#039;&#039; SuperClean, hiekkapuhallettu. Elmax-veitset eiv\u00e4t pyri korroosioon. Kest\u00e4\u00e4 sivuttaiskuormitusta ja taivutuksia.\" \/>\n<meta name=\"robots\" content=\"index, follow, max-snippet:-1, max-image-preview:large, max-video-preview:-1\" \/>\n<link rel=\"canonical\" href=\"https:\/\/aaknives.eu\/fi\/product\/tera-scandinavian-kasin-taottu-ruotsalainen-teras-uddeholm-elmax-superclean\/\" \/>\n<meta property=\"og:locale\" content=\"fi_FI\" \/>\n<meta property=\"og:type\" content=\"article\" \/>\n<meta property=\"og:title\" content=\"Ter\u00e4 &#039;&#039;SCANDINAVIAN&#039;&#039;, k\u00e4sin taottu ruotsalainen ter\u00e4s Uddeholm \u201dElmax\u201d SuperClean - AAKnives\" \/>\n<meta property=\"og:description\" content=\"Ruotsalainen ter\u00e4s Uddeholm &#039;&#039;Elmax&#039;&#039; SuperClean, hiekkapuhallettu. Elmax-veitset eiv\u00e4t pyri korroosioon. Kest\u00e4\u00e4 sivuttaiskuormitusta ja taivutuksia.\" \/>\n<meta property=\"og:url\" content=\"https:\/\/aaknives.eu\/fi\/product\/tera-scandinavian-kasin-taottu-ruotsalainen-teras-uddeholm-elmax-superclean\/\" \/>\n<meta property=\"og:site_name\" content=\"AAKnives\" \/>\n<meta property=\"article:publisher\" content=\"https:\/\/www.facebook.com\/aaknives.eu\/\" \/>\n<meta property=\"article:modified_time\" content=\"2025-01-30T11:48:08+00:00\" \/>\n<meta property=\"og:image\" content=\"https:\/\/aaknives.eu\/wp-content\/uploads\/2024\/11\/aaknives-hand-forged-dabascus-steel-blade-knife-handmade-custom-made-knife-handcrafted-knives-autinetools-northmen-33.jpg\" \/>\n\t<meta property=\"og:image:width\" content=\"1020\" \/>\n\t<meta property=\"og:image:height\" content=\"880\" \/>\n\t<meta property=\"og:image:type\" content=\"image\/jpeg\" \/>\n<meta name=\"twitter:card\" content=\"summary_large_image\" \/>\n<meta name=\"twitter:label1\" content=\"Arvioitu lukuaika\" \/>\n\t<meta name=\"twitter:data1\" content=\"1 minuutti\" \/>\n<script type=\"application\/ld+json\" class=\"yoast-schema-graph\">{\"@context\":\"https:\\\/\\\/schema.org\",\"@graph\":[{\"@type\":\"WebPage\",\"@id\":\"https:\\\/\\\/aaknives.eu\\\/fi\\\/product\\\/tera-scandinavian-kasin-taottu-ruotsalainen-teras-uddeholm-elmax-superclean\\\/\",\"url\":\"https:\\\/\\\/aaknives.eu\\\/fi\\\/product\\\/tera-scandinavian-kasin-taottu-ruotsalainen-teras-uddeholm-elmax-superclean\\\/\",\"name\":\"Ter\u00e4 ''SCANDINAVIAN'', k\u00e4sin taottu ruotsalainen ter\u00e4s Uddeholm \u201dElmax\u201d SuperClean - AAKnives\",\"isPartOf\":{\"@id\":\"https:\\\/\\\/aaknives.eu\\\/fi\\\/#website\"},\"primaryImageOfPage\":{\"@id\":\"https:\\\/\\\/aaknives.eu\\\/fi\\\/product\\\/tera-scandinavian-kasin-taottu-ruotsalainen-teras-uddeholm-elmax-superclean\\\/#primaryimage\"},\"image\":{\"@id\":\"https:\\\/\\\/aaknives.eu\\\/fi\\\/product\\\/tera-scandinavian-kasin-taottu-ruotsalainen-teras-uddeholm-elmax-superclean\\\/#primaryimage\"},\"thumbnailUrl\":\"https:\\\/\\\/aaknives.eu\\\/wp-content\\\/uploads\\\/2024\\\/11\\\/aaknives-hand-forged-dabascus-steel-blade-knife-handmade-custom-made-knife-handcrafted-knives-autinetools-northmen-33.jpg\",\"datePublished\":\"2024-11-04T16:42:02+00:00\",\"dateModified\":\"2025-01-30T11:48:08+00:00\",\"description\":\"Ruotsalainen ter\u00e4s Uddeholm ''Elmax'' SuperClean, hiekkapuhallettu. Elmax-veitset eiv\u00e4t pyri korroosioon. Kest\u00e4\u00e4 sivuttaiskuormitusta ja taivutuksia.\",\"breadcrumb\":{\"@id\":\"https:\\\/\\\/aaknives.eu\\\/fi\\\/product\\\/tera-scandinavian-kasin-taottu-ruotsalainen-teras-uddeholm-elmax-superclean\\\/#breadcrumb\"},\"inLanguage\":\"fi\",\"potentialAction\":[{\"@type\":\"ReadAction\",\"target\":[\"https:\\\/\\\/aaknives.eu\\\/fi\\\/product\\\/tera-scandinavian-kasin-taottu-ruotsalainen-teras-uddeholm-elmax-superclean\\\/\"]}]},{\"@type\":\"ImageObject\",\"inLanguage\":\"fi\",\"@id\":\"https:\\\/\\\/aaknives.eu\\\/fi\\\/product\\\/tera-scandinavian-kasin-taottu-ruotsalainen-teras-uddeholm-elmax-superclean\\\/#primaryimage\",\"url\":\"https:\\\/\\\/aaknives.eu\\\/wp-content\\\/uploads\\\/2024\\\/11\\\/aaknives-hand-forged-dabascus-steel-blade-knife-handmade-custom-made-knife-handcrafted-knives-autinetools-northmen-33.jpg\",\"contentUrl\":\"https:\\\/\\\/aaknives.eu\\\/wp-content\\\/uploads\\\/2024\\\/11\\\/aaknives-hand-forged-dabascus-steel-blade-knife-handmade-custom-made-knife-handcrafted-knives-autinetools-northmen-33.jpg\",\"width\":1020,\"height\":880},{\"@type\":\"BreadcrumbList\",\"@id\":\"https:\\\/\\\/aaknives.eu\\\/fi\\\/product\\\/tera-scandinavian-kasin-taottu-ruotsalainen-teras-uddeholm-elmax-superclean\\\/#breadcrumb\",\"itemListElement\":[{\"@type\":\"ListItem\",\"position\":1,\"name\":\"Home\",\"item\":\"https:\\\/\\\/aaknives.eu\\\/fi\\\/\"},{\"@type\":\"ListItem\",\"position\":2,\"name\":\"Kauppa\",\"item\":\"https:\\\/\\\/aaknives.eu\\\/kauppa\\\/\"},{\"@type\":\"ListItem\",\"position\":3,\"name\":\"Ter\u00e4 &#8221;SCANDINAVIAN&#8221;, k\u00e4sin taottu ruotsalainen ter\u00e4s Uddeholm \u201dElmax\u201d SuperClean\"}]},{\"@type\":\"WebSite\",\"@id\":\"https:\\\/\\\/aaknives.eu\\\/fi\\\/#website\",\"url\":\"https:\\\/\\\/aaknives.eu\\\/fi\\\/\",\"name\":\"AAKnives\",\"description\":\"Handmade knives\",\"publisher\":{\"@id\":\"https:\\\/\\\/aaknives.eu\\\/fi\\\/#organization\"},\"potentialAction\":[{\"@type\":\"SearchAction\",\"target\":{\"@type\":\"EntryPoint\",\"urlTemplate\":\"https:\\\/\\\/aaknives.eu\\\/fi\\\/?s={search_term_string}\"},\"query-input\":{\"@type\":\"PropertyValueSpecification\",\"valueRequired\":true,\"valueName\":\"search_term_string\"}}],\"inLanguage\":\"fi\"},{\"@type\":\"Organization\",\"@id\":\"https:\\\/\\\/aaknives.eu\\\/fi\\\/#organization\",\"name\":\"AAKnives\",\"url\":\"https:\\\/\\\/aaknives.eu\\\/fi\\\/\",\"logo\":{\"@type\":\"ImageObject\",\"inLanguage\":\"fi\",\"@id\":\"https:\\\/\\\/aaknives.eu\\\/fi\\\/#\\\/schema\\\/logo\\\/image\\\/\",\"url\":\"https:\\\/\\\/aaknives.eu\\\/wp-content\\\/uploads\\\/2021\\\/10\\\/AAknives_Logo_Green.png\",\"contentUrl\":\"https:\\\/\\\/aaknives.eu\\\/wp-content\\\/uploads\\\/2021\\\/10\\\/AAknives_Logo_Green.png\",\"width\":1768,\"height\":1768,\"caption\":\"AAKnives\"},\"image\":{\"@id\":\"https:\\\/\\\/aaknives.eu\\\/fi\\\/#\\\/schema\\\/logo\\\/image\\\/\"},\"sameAs\":[\"https:\\\/\\\/www.facebook.com\\\/aaknives.eu\\\/\",\"https:\\\/\\\/www.instagram.com\\\/aaknives\\\/\",\"https:\\\/\\\/www.pinterest.com\\\/aa_knives\\\/\",\"https:\\\/\\\/www.youtube.com\\\/channel\\\/UCHOQFjrOkgT6s4FIw9LDKyw\\\/featured\"]}]}<\/script>\n<!-- \/ Yoast SEO plugin. -->","yoast_head_json":{"title":"Ter\u00e4 ''SCANDINAVIAN'', k\u00e4sin taottu ruotsalainen ter\u00e4s Uddeholm \u201dElmax\u201d SuperClean - AAKnives","description":"Ruotsalainen ter\u00e4s Uddeholm ''Elmax'' SuperClean, hiekkapuhallettu. Elmax-veitset eiv\u00e4t pyri korroosioon. Kest\u00e4\u00e4 sivuttaiskuormitusta ja taivutuksia.","robots":{"index":"index","follow":"follow","max-snippet":"max-snippet:-1","max-image-preview":"max-image-preview:large","max-video-preview":"max-video-preview:-1"},"canonical":"https:\/\/aaknives.eu\/fi\/product\/tera-scandinavian-kasin-taottu-ruotsalainen-teras-uddeholm-elmax-superclean\/","og_locale":"fi_FI","og_type":"article","og_title":"Ter\u00e4 ''SCANDINAVIAN'', k\u00e4sin taottu ruotsalainen ter\u00e4s Uddeholm \u201dElmax\u201d SuperClean - AAKnives","og_description":"Ruotsalainen ter\u00e4s Uddeholm ''Elmax'' SuperClean, hiekkapuhallettu. Elmax-veitset eiv\u00e4t pyri korroosioon. Kest\u00e4\u00e4 sivuttaiskuormitusta ja taivutuksia.","og_url":"https:\/\/aaknives.eu\/fi\/product\/tera-scandinavian-kasin-taottu-ruotsalainen-teras-uddeholm-elmax-superclean\/","og_site_name":"AAKnives","article_publisher":"https:\/\/www.facebook.com\/aaknives.eu\/","article_modified_time":"2025-01-30T11:48:08+00:00","og_image":[{"width":1020,"height":880,"url":"https:\/\/aaknives.eu\/wp-content\/uploads\/2024\/11\/aaknives-hand-forged-dabascus-steel-blade-knife-handmade-custom-made-knife-handcrafted-knives-autinetools-northmen-33.jpg","type":"image\/jpeg"}],"twitter_card":"summary_large_image","twitter_misc":{"Arvioitu lukuaika":"1 minuutti"},"schema":{"@context":"https:\/\/schema.org","@graph":[{"@type":"WebPage","@id":"https:\/\/aaknives.eu\/fi\/product\/tera-scandinavian-kasin-taottu-ruotsalainen-teras-uddeholm-elmax-superclean\/","url":"https:\/\/aaknives.eu\/fi\/product\/tera-scandinavian-kasin-taottu-ruotsalainen-teras-uddeholm-elmax-superclean\/","name":"Ter\u00e4 ''SCANDINAVIAN'', k\u00e4sin taottu ruotsalainen ter\u00e4s Uddeholm \u201dElmax\u201d SuperClean - AAKnives","isPartOf":{"@id":"https:\/\/aaknives.eu\/fi\/#website"},"primaryImageOfPage":{"@id":"https:\/\/aaknives.eu\/fi\/product\/tera-scandinavian-kasin-taottu-ruotsalainen-teras-uddeholm-elmax-superclean\/#primaryimage"},"image":{"@id":"https:\/\/aaknives.eu\/fi\/product\/tera-scandinavian-kasin-taottu-ruotsalainen-teras-uddeholm-elmax-superclean\/#primaryimage"},"thumbnailUrl":"https:\/\/aaknives.eu\/wp-content\/uploads\/2024\/11\/aaknives-hand-forged-dabascus-steel-blade-knife-handmade-custom-made-knife-handcrafted-knives-autinetools-northmen-33.jpg","datePublished":"2024-11-04T16:42:02+00:00","dateModified":"2025-01-30T11:48:08+00:00","description":"Ruotsalainen ter\u00e4s Uddeholm ''Elmax'' SuperClean, hiekkapuhallettu. Elmax-veitset eiv\u00e4t pyri korroosioon. Kest\u00e4\u00e4 sivuttaiskuormitusta ja taivutuksia.","breadcrumb":{"@id":"https:\/\/aaknives.eu\/fi\/product\/tera-scandinavian-kasin-taottu-ruotsalainen-teras-uddeholm-elmax-superclean\/#breadcrumb"},"inLanguage":"fi","potentialAction":[{"@type":"ReadAction","target":["https:\/\/aaknives.eu\/fi\/product\/tera-scandinavian-kasin-taottu-ruotsalainen-teras-uddeholm-elmax-superclean\/"]}]},{"@type":"ImageObject","inLanguage":"fi","@id":"https:\/\/aaknives.eu\/fi\/product\/tera-scandinavian-kasin-taottu-ruotsalainen-teras-uddeholm-elmax-superclean\/#primaryimage","url":"https:\/\/aaknives.eu\/wp-content\/uploads\/2024\/11\/aaknives-hand-forged-dabascus-steel-blade-knife-handmade-custom-made-knife-handcrafted-knives-autinetools-northmen-33.jpg","contentUrl":"https:\/\/aaknives.eu\/wp-content\/uploads\/2024\/11\/aaknives-hand-forged-dabascus-steel-blade-knife-handmade-custom-made-knife-handcrafted-knives-autinetools-northmen-33.jpg","width":1020,"height":880},{"@type":"BreadcrumbList","@id":"https:\/\/aaknives.eu\/fi\/product\/tera-scandinavian-kasin-taottu-ruotsalainen-teras-uddeholm-elmax-superclean\/#breadcrumb","itemListElement":[{"@type":"ListItem","position":1,"name":"Home","item":"https:\/\/aaknives.eu\/fi\/"},{"@type":"ListItem","position":2,"name":"Kauppa","item":"https:\/\/aaknives.eu\/kauppa\/"},{"@type":"ListItem","position":3,"name":"Ter\u00e4 &#8221;SCANDINAVIAN&#8221;, k\u00e4sin taottu ruotsalainen ter\u00e4s Uddeholm \u201dElmax\u201d SuperClean"}]},{"@type":"WebSite","@id":"https:\/\/aaknives.eu\/fi\/#website","url":"https:\/\/aaknives.eu\/fi\/","name":"AAKnives","description":"Handmade knives","publisher":{"@id":"https:\/\/aaknives.eu\/fi\/#organization"},"potentialAction":[{"@type":"SearchAction","target":{"@type":"EntryPoint","urlTemplate":"https:\/\/aaknives.eu\/fi\/?s={search_term_string}"},"query-input":{"@type":"PropertyValueSpecification","valueRequired":true,"valueName":"search_term_string"}}],"inLanguage":"fi"},{"@type":"Organization","@id":"https:\/\/aaknives.eu\/fi\/#organization","name":"AAKnives","url":"https:\/\/aaknives.eu\/fi\/","logo":{"@type":"ImageObject","inLanguage":"fi","@id":"https:\/\/aaknives.eu\/fi\/#\/schema\/logo\/image\/","url":"https:\/\/aaknives.eu\/wp-content\/uploads\/2021\/10\/AAknives_Logo_Green.png","contentUrl":"https:\/\/aaknives.eu\/wp-content\/uploads\/2021\/10\/AAknives_Logo_Green.png","width":1768,"height":1768,"caption":"AAKnives"},"image":{"@id":"https:\/\/aaknives.eu\/fi\/#\/schema\/logo\/image\/"},"sameAs":["https:\/\/www.facebook.com\/aaknives.eu\/","https:\/\/www.instagram.com\/aaknives\/","https:\/\/www.pinterest.com\/aa_knives\/","https:\/\/www.youtube.com\/channel\/UCHOQFjrOkgT6s4FIw9LDKyw\/featured"]}]}},"_links":{"self":[{"href":"https:\/\/aaknives.eu\/fi\/wp-json\/wp\/v2\/product\/91709","targetHints":{"allow":["GET"]}}],"collection":[{"href":"https:\/\/aaknives.eu\/fi\/wp-json\/wp\/v2\/product"}],"about":[{"href":"https:\/\/aaknives.eu\/fi\/wp-json\/wp\/v2\/types\/product"}],"wp:featuredmedia":[{"embeddable":true,"href":"https:\/\/aaknives.eu\/fi\/wp-json\/wp\/v2\/media\/91716"}],"wp:attachment":[{"href":"https:\/\/aaknives.eu\/fi\/wp-json\/wp\/v2\/media?parent=91709"}],"wp:term":[{"taxonomy":"product_brand","embeddable":true,"href":"https:\/\/aaknives.eu\/fi\/wp-json\/wp\/v2\/product_brand?post=91709"},{"taxonomy":"product_cat","embeddable":true,"href":"https:\/\/aaknives.eu\/fi\/wp-json\/wp\/v2\/product_cat?post=91709"},{"taxonomy":"product_tag","embeddable":true,"href":"https:\/\/aaknives.eu\/fi\/wp-json\/wp\/v2\/product_tag?post=91709"}],"curies":[{"name":"wp","href":"https:\/\/api.w.org\/{rel}","templated":true}]}}