{"id":91837,"date":"2024-11-04T18:26:10","date_gmt":"2024-11-04T18:26:10","guid":{"rendered":"https:\/\/aaknives.eu\/?post_type=product&#038;p=91837"},"modified":"2025-01-30T12:47:19","modified_gmt":"2025-01-30T12:47:19","slug":"tera-highlander-teras-bohler-m390-microclean","status":"publish","type":"product","link":"https:\/\/aaknives.eu\/fi\/product\/tera-highlander-teras-bohler-m390-microclean\/","title":{"rendered":"Ter\u00e4 &#8220;HIGHLANDER&#8221;, ter\u00e4s B\u00d6HLER&#8221; M390&#8243; MicroClean"},"content":{"rendered":"<p>Ter\u00e4n tekniset tiedot: &#8221;HIGHLANDER&#8221;<br \/>\nTer\u00e4s: Steel B\u00d6HLER\u201d M390\u201d MicroClean<br \/>\nKovuus: 62-63 HRC<br \/>\nTer\u00e4n pituus (mm): 124 \/ 4,88 tuumaa<br \/>\nTer\u00e4n paksuus (mm): 3 \/ 0,11 tuumaa<br \/>\nTer\u00e4n leveys (mm): 33 \/ 1,29 Inc<br \/>\nKokonaispituus (mm): 193 \/ 7,59 tuumaa<br \/>\nVeitsen tyyppi: mets\u00e4stys, ulkoilu<\/p>\n<p>B\u00f6hler M390 on yksi suosituimmista ter\u00e4styypeist\u00e4 t\u00e4ll\u00e4 hetkell\u00e4. Sit\u00e4 kiitet\u00e4\u00e4n erinomaisesta ter\u00e4vyyden s\u00e4ilyvyydest\u00e4\u00e4n<\/p>\n<p>Miksi B\u00f6hler M390 on niin suosittu &#8211; ter\u00e4vyyden s\u00e4ilytt\u00e4minen. M390 on niin kulutusta ja repeytymist\u00e4 kest\u00e4v\u00e4, ett\u00e4 se s\u00e4ilytt\u00e4\u00e4 my\u00f6s reunan muodon kunnolla. N\u00e4in ollen M390-ter\u00e4ksest\u00e4 valmistettu veitsi s\u00e4ilytt\u00e4\u00e4 ter\u00e4vyyden eritt\u00e4in pitk\u00e4\u00e4n. T\u00e4m\u00e4 tarkoittaa, ett\u00e4 sinun ei tarvitse teroittaa veist\u00e4si niin usein. Ei vain hienoa, koska veitsesi teroitus vie aikaa, vaan my\u00f6s siksi, ett\u00e4 se tarkoittaa, ett\u00e4 veitsesi kest\u00e4\u00e4 pidemp\u00e4\u00e4n.<\/p>\n<p>Ter\u00e4vyyden s\u00e4ilytt\u00e4misen lis\u00e4ksi M390:ss\u00e4 on muutamia muita hienoja ominaisuuksia. Se voidaan kovettaa suhteellisen korkeaksi ilman, ett\u00e4 se rikkoutuu nopeasti. T\u00e4m\u00e4 ei kuitenkaan tarkoita, ett\u00e4 M390 olisi kovin kova. Se tarkoittaa, ett\u00e4 M390 voidaan teroittaa hieman ohuemmaksi muihin ter\u00e4styyppeihin verrattuna.<\/p>\n<p>M390 on my\u00f6s suhteellisen ruostumatonta. Suuren kromin ruosteen vuoksi ei ole mahdollisuuksia. Varsinkin kun verrataan muihin koviin ter\u00e4styyppeihin, jotka tunnetaan ter\u00e4vyyden s\u00e4ilyvyydest\u00e4\u00e4n, mutta joihin ruoste voi silti vaikuttaa.<\/p>\n","protected":false},"excerpt":{"rendered":"<p>Ter\u00e4n tekniset tiedot: &#8221;HIGHLANDER&#8221; Ter\u00e4s: Steel B\u00d6HLER\u201d M390\u201d MicroClean Kovuus: 62-63 HRC Ter\u00e4n pituus (mm): 124 \/ 4,88 tuumaa Ter\u00e4n paksuus (mm): 3 \/ 0,11 tuumaa Ter\u00e4n leveys (mm): 33 \/ 1,29 Inc Kokonaispituus (mm): 193 \/ 7,59 tuumaa Veitsen tyyppi: mets\u00e4stys, ulkoilu B\u00f6hler M390 on yksi suosituimmista ter\u00e4styypeist\u00e4 t\u00e4ll\u00e4 hetkell\u00e4. Sit\u00e4 kiitet\u00e4\u00e4n erinomaisesta ter\u00e4vyyden s\u00e4ilyvyydest\u00e4\u00e4n Miksi B\u00f6hler M390 on niin suosittu &#8211; ter\u00e4vyyden s\u00e4ilytt\u00e4minen. M390 on niin kulutusta ja repeytymist\u00e4 kest\u00e4v\u00e4, ett\u00e4 se s\u00e4ilytt\u00e4\u00e4 my\u00f6s reunan muodon kunnolla. N\u00e4in ollen M390-ter\u00e4ksest\u00e4 valmistettu veitsi s\u00e4ilytt\u00e4\u00e4 ter\u00e4vyyden eritt\u00e4in pitk\u00e4\u00e4n. T\u00e4m\u00e4 tarkoittaa, ett\u00e4 sinun ei tarvitse teroittaa veist\u00e4si niin usein. Ei vain&hellip;<\/p>\n","protected":false},"featured_media":91844,"template":"","meta":{"_themeisle_gutenberg_block_has_review":false},"product_brand":[],"product_cat":[470],"product_tag":[],"class_list":{"0":"post-91837","1":"product","2":"type-product","3":"status-publish","4":"has-post-thumbnail","6":"product_cat-terat","8":"first","9":"instock","10":"shipping-taxable","11":"purchasable","12":"product-type-simple"},"yoast_head":"<!-- This site is optimized with the Yoast SEO plugin v27.3 - https:\/\/yoast.com\/product\/yoast-seo-wordpress\/ -->\n<title>Ter\u00e4 &quot;HIGHLANDER&quot;, ter\u00e4s B\u00d6HLER&quot; M390&quot; MicroClean - AAKnives<\/title>\n<meta name=\"description\" content=\"Ter\u00e4 &quot;HIGHLANDER&quot;, ter\u00e4s B\u00d6HLER&quot; M390&quot; MicroClean\" \/>\n<meta name=\"robots\" content=\"index, follow, max-snippet:-1, max-image-preview:large, max-video-preview:-1\" \/>\n<link rel=\"canonical\" href=\"https:\/\/aaknives.eu\/fi\/product\/tera-highlander-teras-bohler-m390-microclean\/\" \/>\n<meta property=\"og:locale\" content=\"fi_FI\" \/>\n<meta property=\"og:type\" content=\"article\" \/>\n<meta property=\"og:title\" content=\"Ter\u00e4 &quot;HIGHLANDER&quot;, ter\u00e4s B\u00d6HLER&quot; M390&quot; MicroClean - AAKnives\" \/>\n<meta property=\"og:description\" content=\"Ter\u00e4 &quot;HIGHLANDER&quot;, ter\u00e4s B\u00d6HLER&quot; M390&quot; MicroClean\" \/>\n<meta property=\"og:url\" content=\"https:\/\/aaknives.eu\/fi\/product\/tera-highlander-teras-bohler-m390-microclean\/\" \/>\n<meta property=\"og:site_name\" content=\"AAKnives\" \/>\n<meta property=\"article:publisher\" content=\"https:\/\/www.facebook.com\/aaknives.eu\/\" \/>\n<meta property=\"article:modified_time\" content=\"2025-01-30T12:47:19+00:00\" \/>\n<meta property=\"og:image\" content=\"https:\/\/aaknives.eu\/wp-content\/uploads\/2024\/11\/aaknives-hand-forged-dabascus-steel-blade-knife-handmade-custom-made-knife-handcrafted-knives-autinetools-northmen-40.jpg\" \/>\n\t<meta property=\"og:image:width\" content=\"1020\" \/>\n\t<meta property=\"og:image:height\" content=\"880\" \/>\n\t<meta property=\"og:image:type\" content=\"image\/jpeg\" \/>\n<meta name=\"twitter:card\" content=\"summary_large_image\" \/>\n<meta name=\"twitter:label1\" content=\"Arvioitu lukuaika\" \/>\n\t<meta name=\"twitter:data1\" content=\"1 minuutti\" \/>\n<script type=\"application\/ld+json\" class=\"yoast-schema-graph\">{\"@context\":\"https:\\\/\\\/schema.org\",\"@graph\":[{\"@type\":\"WebPage\",\"@id\":\"https:\\\/\\\/aaknives.eu\\\/fi\\\/product\\\/tera-highlander-teras-bohler-m390-microclean\\\/\",\"url\":\"https:\\\/\\\/aaknives.eu\\\/fi\\\/product\\\/tera-highlander-teras-bohler-m390-microclean\\\/\",\"name\":\"Ter\u00e4 \\\"HIGHLANDER\\\", ter\u00e4s B\u00d6HLER\\\" M390\\\" MicroClean - AAKnives\",\"isPartOf\":{\"@id\":\"https:\\\/\\\/aaknives.eu\\\/fi\\\/#website\"},\"primaryImageOfPage\":{\"@id\":\"https:\\\/\\\/aaknives.eu\\\/fi\\\/product\\\/tera-highlander-teras-bohler-m390-microclean\\\/#primaryimage\"},\"image\":{\"@id\":\"https:\\\/\\\/aaknives.eu\\\/fi\\\/product\\\/tera-highlander-teras-bohler-m390-microclean\\\/#primaryimage\"},\"thumbnailUrl\":\"https:\\\/\\\/aaknives.eu\\\/wp-content\\\/uploads\\\/2024\\\/11\\\/aaknives-hand-forged-dabascus-steel-blade-knife-handmade-custom-made-knife-handcrafted-knives-autinetools-northmen-40.jpg\",\"datePublished\":\"2024-11-04T18:26:10+00:00\",\"dateModified\":\"2025-01-30T12:47:19+00:00\",\"description\":\"Ter\u00e4 \\\"HIGHLANDER\\\", ter\u00e4s B\u00d6HLER\\\" M390\\\" MicroClean\",\"breadcrumb\":{\"@id\":\"https:\\\/\\\/aaknives.eu\\\/fi\\\/product\\\/tera-highlander-teras-bohler-m390-microclean\\\/#breadcrumb\"},\"inLanguage\":\"fi\",\"potentialAction\":[{\"@type\":\"ReadAction\",\"target\":[\"https:\\\/\\\/aaknives.eu\\\/fi\\\/product\\\/tera-highlander-teras-bohler-m390-microclean\\\/\"]}]},{\"@type\":\"ImageObject\",\"inLanguage\":\"fi\",\"@id\":\"https:\\\/\\\/aaknives.eu\\\/fi\\\/product\\\/tera-highlander-teras-bohler-m390-microclean\\\/#primaryimage\",\"url\":\"https:\\\/\\\/aaknives.eu\\\/wp-content\\\/uploads\\\/2024\\\/11\\\/aaknives-hand-forged-dabascus-steel-blade-knife-handmade-custom-made-knife-handcrafted-knives-autinetools-northmen-40.jpg\",\"contentUrl\":\"https:\\\/\\\/aaknives.eu\\\/wp-content\\\/uploads\\\/2024\\\/11\\\/aaknives-hand-forged-dabascus-steel-blade-knife-handmade-custom-made-knife-handcrafted-knives-autinetools-northmen-40.jpg\",\"width\":1020,\"height\":880},{\"@type\":\"BreadcrumbList\",\"@id\":\"https:\\\/\\\/aaknives.eu\\\/fi\\\/product\\\/tera-highlander-teras-bohler-m390-microclean\\\/#breadcrumb\",\"itemListElement\":[{\"@type\":\"ListItem\",\"position\":1,\"name\":\"Home\",\"item\":\"https:\\\/\\\/aaknives.eu\\\/fi\\\/\"},{\"@type\":\"ListItem\",\"position\":2,\"name\":\"Kauppa\",\"item\":\"https:\\\/\\\/aaknives.eu\\\/kauppa\\\/\"},{\"@type\":\"ListItem\",\"position\":3,\"name\":\"Ter\u00e4 &#8220;HIGHLANDER&#8221;, ter\u00e4s B\u00d6HLER&#8221; M390&#8243; MicroClean\"}]},{\"@type\":\"WebSite\",\"@id\":\"https:\\\/\\\/aaknives.eu\\\/fi\\\/#website\",\"url\":\"https:\\\/\\\/aaknives.eu\\\/fi\\\/\",\"name\":\"AAKnives\",\"description\":\"Handmade knives\",\"publisher\":{\"@id\":\"https:\\\/\\\/aaknives.eu\\\/fi\\\/#organization\"},\"potentialAction\":[{\"@type\":\"SearchAction\",\"target\":{\"@type\":\"EntryPoint\",\"urlTemplate\":\"https:\\\/\\\/aaknives.eu\\\/fi\\\/?s={search_term_string}\"},\"query-input\":{\"@type\":\"PropertyValueSpecification\",\"valueRequired\":true,\"valueName\":\"search_term_string\"}}],\"inLanguage\":\"fi\"},{\"@type\":\"Organization\",\"@id\":\"https:\\\/\\\/aaknives.eu\\\/fi\\\/#organization\",\"name\":\"AAKnives\",\"url\":\"https:\\\/\\\/aaknives.eu\\\/fi\\\/\",\"logo\":{\"@type\":\"ImageObject\",\"inLanguage\":\"fi\",\"@id\":\"https:\\\/\\\/aaknives.eu\\\/fi\\\/#\\\/schema\\\/logo\\\/image\\\/\",\"url\":\"https:\\\/\\\/aaknives.eu\\\/wp-content\\\/uploads\\\/2021\\\/10\\\/AAknives_Logo_Green.png\",\"contentUrl\":\"https:\\\/\\\/aaknives.eu\\\/wp-content\\\/uploads\\\/2021\\\/10\\\/AAknives_Logo_Green.png\",\"width\":1768,\"height\":1768,\"caption\":\"AAKnives\"},\"image\":{\"@id\":\"https:\\\/\\\/aaknives.eu\\\/fi\\\/#\\\/schema\\\/logo\\\/image\\\/\"},\"sameAs\":[\"https:\\\/\\\/www.facebook.com\\\/aaknives.eu\\\/\",\"https:\\\/\\\/www.instagram.com\\\/aaknives\\\/\",\"https:\\\/\\\/www.pinterest.com\\\/aa_knives\\\/\",\"https:\\\/\\\/www.youtube.com\\\/channel\\\/UCHOQFjrOkgT6s4FIw9LDKyw\\\/featured\"]}]}<\/script>\n<!-- \/ Yoast SEO plugin. -->","yoast_head_json":{"title":"Ter\u00e4 \"HIGHLANDER\", ter\u00e4s B\u00d6HLER\" M390\" MicroClean - AAKnives","description":"Ter\u00e4 \"HIGHLANDER\", ter\u00e4s B\u00d6HLER\" M390\" MicroClean","robots":{"index":"index","follow":"follow","max-snippet":"max-snippet:-1","max-image-preview":"max-image-preview:large","max-video-preview":"max-video-preview:-1"},"canonical":"https:\/\/aaknives.eu\/fi\/product\/tera-highlander-teras-bohler-m390-microclean\/","og_locale":"fi_FI","og_type":"article","og_title":"Ter\u00e4 \"HIGHLANDER\", ter\u00e4s B\u00d6HLER\" M390\" MicroClean - AAKnives","og_description":"Ter\u00e4 \"HIGHLANDER\", ter\u00e4s B\u00d6HLER\" M390\" MicroClean","og_url":"https:\/\/aaknives.eu\/fi\/product\/tera-highlander-teras-bohler-m390-microclean\/","og_site_name":"AAKnives","article_publisher":"https:\/\/www.facebook.com\/aaknives.eu\/","article_modified_time":"2025-01-30T12:47:19+00:00","og_image":[{"width":1020,"height":880,"url":"https:\/\/aaknives.eu\/wp-content\/uploads\/2024\/11\/aaknives-hand-forged-dabascus-steel-blade-knife-handmade-custom-made-knife-handcrafted-knives-autinetools-northmen-40.jpg","type":"image\/jpeg"}],"twitter_card":"summary_large_image","twitter_misc":{"Arvioitu lukuaika":"1 minuutti"},"schema":{"@context":"https:\/\/schema.org","@graph":[{"@type":"WebPage","@id":"https:\/\/aaknives.eu\/fi\/product\/tera-highlander-teras-bohler-m390-microclean\/","url":"https:\/\/aaknives.eu\/fi\/product\/tera-highlander-teras-bohler-m390-microclean\/","name":"Ter\u00e4 \"HIGHLANDER\", ter\u00e4s B\u00d6HLER\" M390\" MicroClean - AAKnives","isPartOf":{"@id":"https:\/\/aaknives.eu\/fi\/#website"},"primaryImageOfPage":{"@id":"https:\/\/aaknives.eu\/fi\/product\/tera-highlander-teras-bohler-m390-microclean\/#primaryimage"},"image":{"@id":"https:\/\/aaknives.eu\/fi\/product\/tera-highlander-teras-bohler-m390-microclean\/#primaryimage"},"thumbnailUrl":"https:\/\/aaknives.eu\/wp-content\/uploads\/2024\/11\/aaknives-hand-forged-dabascus-steel-blade-knife-handmade-custom-made-knife-handcrafted-knives-autinetools-northmen-40.jpg","datePublished":"2024-11-04T18:26:10+00:00","dateModified":"2025-01-30T12:47:19+00:00","description":"Ter\u00e4 \"HIGHLANDER\", ter\u00e4s B\u00d6HLER\" M390\" MicroClean","breadcrumb":{"@id":"https:\/\/aaknives.eu\/fi\/product\/tera-highlander-teras-bohler-m390-microclean\/#breadcrumb"},"inLanguage":"fi","potentialAction":[{"@type":"ReadAction","target":["https:\/\/aaknives.eu\/fi\/product\/tera-highlander-teras-bohler-m390-microclean\/"]}]},{"@type":"ImageObject","inLanguage":"fi","@id":"https:\/\/aaknives.eu\/fi\/product\/tera-highlander-teras-bohler-m390-microclean\/#primaryimage","url":"https:\/\/aaknives.eu\/wp-content\/uploads\/2024\/11\/aaknives-hand-forged-dabascus-steel-blade-knife-handmade-custom-made-knife-handcrafted-knives-autinetools-northmen-40.jpg","contentUrl":"https:\/\/aaknives.eu\/wp-content\/uploads\/2024\/11\/aaknives-hand-forged-dabascus-steel-blade-knife-handmade-custom-made-knife-handcrafted-knives-autinetools-northmen-40.jpg","width":1020,"height":880},{"@type":"BreadcrumbList","@id":"https:\/\/aaknives.eu\/fi\/product\/tera-highlander-teras-bohler-m390-microclean\/#breadcrumb","itemListElement":[{"@type":"ListItem","position":1,"name":"Home","item":"https:\/\/aaknives.eu\/fi\/"},{"@type":"ListItem","position":2,"name":"Kauppa","item":"https:\/\/aaknives.eu\/kauppa\/"},{"@type":"ListItem","position":3,"name":"Ter\u00e4 &#8220;HIGHLANDER&#8221;, ter\u00e4s B\u00d6HLER&#8221; M390&#8243; MicroClean"}]},{"@type":"WebSite","@id":"https:\/\/aaknives.eu\/fi\/#website","url":"https:\/\/aaknives.eu\/fi\/","name":"AAKnives","description":"Handmade knives","publisher":{"@id":"https:\/\/aaknives.eu\/fi\/#organization"},"potentialAction":[{"@type":"SearchAction","target":{"@type":"EntryPoint","urlTemplate":"https:\/\/aaknives.eu\/fi\/?s={search_term_string}"},"query-input":{"@type":"PropertyValueSpecification","valueRequired":true,"valueName":"search_term_string"}}],"inLanguage":"fi"},{"@type":"Organization","@id":"https:\/\/aaknives.eu\/fi\/#organization","name":"AAKnives","url":"https:\/\/aaknives.eu\/fi\/","logo":{"@type":"ImageObject","inLanguage":"fi","@id":"https:\/\/aaknives.eu\/fi\/#\/schema\/logo\/image\/","url":"https:\/\/aaknives.eu\/wp-content\/uploads\/2021\/10\/AAknives_Logo_Green.png","contentUrl":"https:\/\/aaknives.eu\/wp-content\/uploads\/2021\/10\/AAknives_Logo_Green.png","width":1768,"height":1768,"caption":"AAKnives"},"image":{"@id":"https:\/\/aaknives.eu\/fi\/#\/schema\/logo\/image\/"},"sameAs":["https:\/\/www.facebook.com\/aaknives.eu\/","https:\/\/www.instagram.com\/aaknives\/","https:\/\/www.pinterest.com\/aa_knives\/","https:\/\/www.youtube.com\/channel\/UCHOQFjrOkgT6s4FIw9LDKyw\/featured"]}]}},"_links":{"self":[{"href":"https:\/\/aaknives.eu\/fi\/wp-json\/wp\/v2\/product\/91837","targetHints":{"allow":["GET"]}}],"collection":[{"href":"https:\/\/aaknives.eu\/fi\/wp-json\/wp\/v2\/product"}],"about":[{"href":"https:\/\/aaknives.eu\/fi\/wp-json\/wp\/v2\/types\/product"}],"wp:featuredmedia":[{"embeddable":true,"href":"https:\/\/aaknives.eu\/fi\/wp-json\/wp\/v2\/media\/91844"}],"wp:attachment":[{"href":"https:\/\/aaknives.eu\/fi\/wp-json\/wp\/v2\/media?parent=91837"}],"wp:term":[{"taxonomy":"product_brand","embeddable":true,"href":"https:\/\/aaknives.eu\/fi\/wp-json\/wp\/v2\/product_brand?post=91837"},{"taxonomy":"product_cat","embeddable":true,"href":"https:\/\/aaknives.eu\/fi\/wp-json\/wp\/v2\/product_cat?post=91837"},{"taxonomy":"product_tag","embeddable":true,"href":"https:\/\/aaknives.eu\/fi\/wp-json\/wp\/v2\/product_tag?post=91837"}],"curies":[{"name":"wp","href":"https:\/\/api.w.org\/{rel}","templated":true}]}}