{"id":97790,"date":"2025-02-26T10:22:39","date_gmt":"2025-02-26T10:22:39","guid":{"rendered":"https:\/\/aaknives.eu\/?post_type=product&#038;p=97790"},"modified":"2025-02-26T10:29:31","modified_gmt":"2025-02-26T10:29:31","slug":"200-160-80-grit-kdtu-hybrid-cbn-timanttiteroituskivet","status":"publish","type":"product","link":"https:\/\/aaknives.eu\/fi\/product\/200-160-80-grit-kdtu-hybrid-cbn-timanttiteroituskivet\/","title":{"rendered":"200\/160 80 Grit KDTU Hybrid CBN Timanttiteroituskivet"},"content":{"rendered":"<p>Yleisk\u00e4ytt\u00f6iset kivet kovien ja pehmeiden ter\u00e4sten k\u00e4sittelyyn. Voidaan k\u00e4ytt\u00e4\u00e4 sek\u00e4 kuivana ett\u00e4 \u00f6ljyn kanssa viimeistelyn parantamiseksi, erityisesti loppuvaiheessa.<\/p>\n<p>Tekniset tiedot:<br \/>\n200\/160 80 karkeus<br \/>\nKoko: 6&#215;1&#8243;150x25x1 mm<br \/>\nAihio: alumiini, 160x25x4 mm<br \/>\nSidos: hybridi (metalli-orgaaninen)<br \/>\nHioma: CBN (kuutioboorinitridi)<br \/>\nMerkki: KDTU (Valmistettu Ukrainassa)<br \/>\nEdut:<\/p>\n<p>Korkea tuottavuus ja k\u00e4sittelytehokkuus.<br \/>\nPuhdista ty\u00f6st\u00f6pinta my\u00f6s rouhintavaiheessa.<br \/>\nHelppo puhdistaa \u00f6ljyll\u00e4 tai kosteuspyyhkeill\u00e4.<br \/>\nKorkea kulutuskest\u00e4vyys<br \/>\nSoveltuu kovien ja jauheter\u00e4sten ty\u00f6st\u00f6\u00f6n, joiden kovuus on yli 67 HRC.<br \/>\nHelppo l\u00e4pp\u00e4ily ja aggressiivisuuden palauttaminen.<\/p>\n","protected":false},"excerpt":{"rendered":"<p>Yleisk\u00e4ytt\u00f6iset kivet kovien ja pehmeiden ter\u00e4sten k\u00e4sittelyyn. Voidaan k\u00e4ytt\u00e4\u00e4 sek\u00e4 kuivana ett\u00e4 \u00f6ljyn kanssa viimeistelyn parantamiseksi, erityisesti loppuvaiheessa. Tekniset tiedot: 200\/160 80 karkeus Koko: 6&#215;1&#8243;150x25x1 mm Aihio: alumiini, 160x25x4 mm Sidos: hybridi (metalli-orgaaninen) Hioma: CBN (kuutioboorinitridi) Merkki: KDTU (Valmistettu Ukrainassa) Edut: Korkea tuottavuus ja k\u00e4sittelytehokkuus. Puhdista ty\u00f6st\u00f6pinta my\u00f6s rouhintavaiheessa. Helppo puhdistaa \u00f6ljyll\u00e4 tai kosteuspyyhkeill\u00e4. Korkea kulutuskest\u00e4vyys Soveltuu kovien ja jauheter\u00e4sten ty\u00f6st\u00f6\u00f6n, joiden kovuus on yli 67 HRC. Helppo l\u00e4pp\u00e4ily ja aggressiivisuuden palauttaminen.<\/p>\n","protected":false},"featured_media":97793,"template":"","meta":{"_themeisle_gutenberg_block_has_review":false},"product_brand":[],"product_cat":[467],"product_tag":[],"class_list":{"0":"post-97790","1":"product","2":"type-product","3":"status-publish","4":"has-post-thumbnail","6":"product_cat-veitsen-teroitus-veitsen-teroittimet","8":"first","9":"instock","10":"shipping-taxable","11":"purchasable","12":"product-type-simple"},"yoast_head":"<!-- This site is optimized with the Yoast SEO plugin v27.3 - https:\/\/yoast.com\/product\/yoast-seo-wordpress\/ -->\n<title>200\/160 80 Grit KDTU Hybrid CBN Timanttiteroituskivet - AAKnives<\/title>\n<meta name=\"description\" content=\"Yleisk\u00e4ytt\u00f6iset kivet kovien ja pehmeiden ter\u00e4sten k\u00e4sittelyyn. Voidaan k\u00e4ytt\u00e4\u00e4 sek\u00e4 kuivana ett\u00e4 \u00f6ljyn kanssa viimeistelyn parantamiseksi, erityisesti loppuvaiheessa.\" \/>\n<meta name=\"robots\" content=\"index, follow, max-snippet:-1, max-image-preview:large, max-video-preview:-1\" \/>\n<link rel=\"canonical\" href=\"https:\/\/aaknives.eu\/fi\/product\/200-160-80-grit-kdtu-hybrid-cbn-timanttiteroituskivet\/\" \/>\n<meta property=\"og:locale\" content=\"fi_FI\" \/>\n<meta property=\"og:type\" content=\"article\" \/>\n<meta property=\"og:title\" content=\"200\/160 80 Grit KDTU Hybrid CBN Timanttiteroituskivet - AAKnives\" \/>\n<meta property=\"og:description\" content=\"Yleisk\u00e4ytt\u00f6iset kivet kovien ja pehmeiden ter\u00e4sten k\u00e4sittelyyn. Voidaan k\u00e4ytt\u00e4\u00e4 sek\u00e4 kuivana ett\u00e4 \u00f6ljyn kanssa viimeistelyn parantamiseksi, erityisesti loppuvaiheessa.\" \/>\n<meta property=\"og:url\" content=\"https:\/\/aaknives.eu\/fi\/product\/200-160-80-grit-kdtu-hybrid-cbn-timanttiteroituskivet\/\" \/>\n<meta property=\"og:site_name\" content=\"AAKnives\" \/>\n<meta property=\"article:publisher\" content=\"https:\/\/www.facebook.com\/aaknives.eu\/\" \/>\n<meta property=\"article:modified_time\" content=\"2025-02-26T10:29:31+00:00\" \/>\n<meta property=\"og:image\" content=\"https:\/\/aaknives.eu\/wp-content\/uploads\/2025\/02\/aaknives-hand-forged-damascus-steel-blade-knife-handmade-custom-made-knife-handcrafted-knives-autinetools-northmen-1.1.jpeg\" \/>\n\t<meta property=\"og:image:width\" content=\"960\" \/>\n\t<meta property=\"og:image:height\" content=\"1280\" \/>\n\t<meta property=\"og:image:type\" content=\"image\/jpeg\" \/>\n<meta name=\"twitter:card\" content=\"summary_large_image\" \/>\n<script type=\"application\/ld+json\" class=\"yoast-schema-graph\">{\"@context\":\"https:\\\/\\\/schema.org\",\"@graph\":[{\"@type\":\"WebPage\",\"@id\":\"https:\\\/\\\/aaknives.eu\\\/fi\\\/product\\\/200-160-80-grit-kdtu-hybrid-cbn-timanttiteroituskivet\\\/\",\"url\":\"https:\\\/\\\/aaknives.eu\\\/fi\\\/product\\\/200-160-80-grit-kdtu-hybrid-cbn-timanttiteroituskivet\\\/\",\"name\":\"200\\\/160 80 Grit KDTU Hybrid CBN Timanttiteroituskivet - AAKnives\",\"isPartOf\":{\"@id\":\"https:\\\/\\\/aaknives.eu\\\/fi\\\/#website\"},\"primaryImageOfPage\":{\"@id\":\"https:\\\/\\\/aaknives.eu\\\/fi\\\/product\\\/200-160-80-grit-kdtu-hybrid-cbn-timanttiteroituskivet\\\/#primaryimage\"},\"image\":{\"@id\":\"https:\\\/\\\/aaknives.eu\\\/fi\\\/product\\\/200-160-80-grit-kdtu-hybrid-cbn-timanttiteroituskivet\\\/#primaryimage\"},\"thumbnailUrl\":\"https:\\\/\\\/aaknives.eu\\\/wp-content\\\/uploads\\\/2025\\\/02\\\/aaknives-hand-forged-damascus-steel-blade-knife-handmade-custom-made-knife-handcrafted-knives-autinetools-northmen-1.1.jpeg\",\"datePublished\":\"2025-02-26T10:22:39+00:00\",\"dateModified\":\"2025-02-26T10:29:31+00:00\",\"description\":\"Yleisk\u00e4ytt\u00f6iset kivet kovien ja pehmeiden ter\u00e4sten k\u00e4sittelyyn. Voidaan k\u00e4ytt\u00e4\u00e4 sek\u00e4 kuivana ett\u00e4 \u00f6ljyn kanssa viimeistelyn parantamiseksi, erityisesti loppuvaiheessa.\",\"breadcrumb\":{\"@id\":\"https:\\\/\\\/aaknives.eu\\\/fi\\\/product\\\/200-160-80-grit-kdtu-hybrid-cbn-timanttiteroituskivet\\\/#breadcrumb\"},\"inLanguage\":\"fi\",\"potentialAction\":[{\"@type\":\"ReadAction\",\"target\":[\"https:\\\/\\\/aaknives.eu\\\/fi\\\/product\\\/200-160-80-grit-kdtu-hybrid-cbn-timanttiteroituskivet\\\/\"]}]},{\"@type\":\"ImageObject\",\"inLanguage\":\"fi\",\"@id\":\"https:\\\/\\\/aaknives.eu\\\/fi\\\/product\\\/200-160-80-grit-kdtu-hybrid-cbn-timanttiteroituskivet\\\/#primaryimage\",\"url\":\"https:\\\/\\\/aaknives.eu\\\/wp-content\\\/uploads\\\/2025\\\/02\\\/aaknives-hand-forged-damascus-steel-blade-knife-handmade-custom-made-knife-handcrafted-knives-autinetools-northmen-1.1.jpeg\",\"contentUrl\":\"https:\\\/\\\/aaknives.eu\\\/wp-content\\\/uploads\\\/2025\\\/02\\\/aaknives-hand-forged-damascus-steel-blade-knife-handmade-custom-made-knife-handcrafted-knives-autinetools-northmen-1.1.jpeg\",\"width\":960,\"height\":1280},{\"@type\":\"BreadcrumbList\",\"@id\":\"https:\\\/\\\/aaknives.eu\\\/fi\\\/product\\\/200-160-80-grit-kdtu-hybrid-cbn-timanttiteroituskivet\\\/#breadcrumb\",\"itemListElement\":[{\"@type\":\"ListItem\",\"position\":1,\"name\":\"Home\",\"item\":\"https:\\\/\\\/aaknives.eu\\\/fi\\\/\"},{\"@type\":\"ListItem\",\"position\":2,\"name\":\"Kauppa\",\"item\":\"https:\\\/\\\/aaknives.eu\\\/kauppa\\\/\"},{\"@type\":\"ListItem\",\"position\":3,\"name\":\"200\\\/160 80 Grit KDTU Hybrid CBN Timanttiteroituskivet\"}]},{\"@type\":\"WebSite\",\"@id\":\"https:\\\/\\\/aaknives.eu\\\/fi\\\/#website\",\"url\":\"https:\\\/\\\/aaknives.eu\\\/fi\\\/\",\"name\":\"AAKnives\",\"description\":\"Handmade knives\",\"publisher\":{\"@id\":\"https:\\\/\\\/aaknives.eu\\\/fi\\\/#organization\"},\"potentialAction\":[{\"@type\":\"SearchAction\",\"target\":{\"@type\":\"EntryPoint\",\"urlTemplate\":\"https:\\\/\\\/aaknives.eu\\\/fi\\\/?s={search_term_string}\"},\"query-input\":{\"@type\":\"PropertyValueSpecification\",\"valueRequired\":true,\"valueName\":\"search_term_string\"}}],\"inLanguage\":\"fi\"},{\"@type\":\"Organization\",\"@id\":\"https:\\\/\\\/aaknives.eu\\\/fi\\\/#organization\",\"name\":\"AAKnives\",\"url\":\"https:\\\/\\\/aaknives.eu\\\/fi\\\/\",\"logo\":{\"@type\":\"ImageObject\",\"inLanguage\":\"fi\",\"@id\":\"https:\\\/\\\/aaknives.eu\\\/fi\\\/#\\\/schema\\\/logo\\\/image\\\/\",\"url\":\"https:\\\/\\\/aaknives.eu\\\/wp-content\\\/uploads\\\/2021\\\/10\\\/AAknives_Logo_Green.png\",\"contentUrl\":\"https:\\\/\\\/aaknives.eu\\\/wp-content\\\/uploads\\\/2021\\\/10\\\/AAknives_Logo_Green.png\",\"width\":1768,\"height\":1768,\"caption\":\"AAKnives\"},\"image\":{\"@id\":\"https:\\\/\\\/aaknives.eu\\\/fi\\\/#\\\/schema\\\/logo\\\/image\\\/\"},\"sameAs\":[\"https:\\\/\\\/www.facebook.com\\\/aaknives.eu\\\/\",\"https:\\\/\\\/www.instagram.com\\\/aaknives\\\/\",\"https:\\\/\\\/www.pinterest.com\\\/aa_knives\\\/\",\"https:\\\/\\\/www.youtube.com\\\/channel\\\/UCHOQFjrOkgT6s4FIw9LDKyw\\\/featured\"]}]}<\/script>\n<!-- \/ Yoast SEO plugin. -->","yoast_head_json":{"title":"200\/160 80 Grit KDTU Hybrid CBN Timanttiteroituskivet - AAKnives","description":"Yleisk\u00e4ytt\u00f6iset kivet kovien ja pehmeiden ter\u00e4sten k\u00e4sittelyyn. Voidaan k\u00e4ytt\u00e4\u00e4 sek\u00e4 kuivana ett\u00e4 \u00f6ljyn kanssa viimeistelyn parantamiseksi, erityisesti loppuvaiheessa.","robots":{"index":"index","follow":"follow","max-snippet":"max-snippet:-1","max-image-preview":"max-image-preview:large","max-video-preview":"max-video-preview:-1"},"canonical":"https:\/\/aaknives.eu\/fi\/product\/200-160-80-grit-kdtu-hybrid-cbn-timanttiteroituskivet\/","og_locale":"fi_FI","og_type":"article","og_title":"200\/160 80 Grit KDTU Hybrid CBN Timanttiteroituskivet - AAKnives","og_description":"Yleisk\u00e4ytt\u00f6iset kivet kovien ja pehmeiden ter\u00e4sten k\u00e4sittelyyn. Voidaan k\u00e4ytt\u00e4\u00e4 sek\u00e4 kuivana ett\u00e4 \u00f6ljyn kanssa viimeistelyn parantamiseksi, erityisesti loppuvaiheessa.","og_url":"https:\/\/aaknives.eu\/fi\/product\/200-160-80-grit-kdtu-hybrid-cbn-timanttiteroituskivet\/","og_site_name":"AAKnives","article_publisher":"https:\/\/www.facebook.com\/aaknives.eu\/","article_modified_time":"2025-02-26T10:29:31+00:00","og_image":[{"width":960,"height":1280,"url":"https:\/\/aaknives.eu\/wp-content\/uploads\/2025\/02\/aaknives-hand-forged-damascus-steel-blade-knife-handmade-custom-made-knife-handcrafted-knives-autinetools-northmen-1.1.jpeg","type":"image\/jpeg"}],"twitter_card":"summary_large_image","schema":{"@context":"https:\/\/schema.org","@graph":[{"@type":"WebPage","@id":"https:\/\/aaknives.eu\/fi\/product\/200-160-80-grit-kdtu-hybrid-cbn-timanttiteroituskivet\/","url":"https:\/\/aaknives.eu\/fi\/product\/200-160-80-grit-kdtu-hybrid-cbn-timanttiteroituskivet\/","name":"200\/160 80 Grit KDTU Hybrid CBN Timanttiteroituskivet - AAKnives","isPartOf":{"@id":"https:\/\/aaknives.eu\/fi\/#website"},"primaryImageOfPage":{"@id":"https:\/\/aaknives.eu\/fi\/product\/200-160-80-grit-kdtu-hybrid-cbn-timanttiteroituskivet\/#primaryimage"},"image":{"@id":"https:\/\/aaknives.eu\/fi\/product\/200-160-80-grit-kdtu-hybrid-cbn-timanttiteroituskivet\/#primaryimage"},"thumbnailUrl":"https:\/\/aaknives.eu\/wp-content\/uploads\/2025\/02\/aaknives-hand-forged-damascus-steel-blade-knife-handmade-custom-made-knife-handcrafted-knives-autinetools-northmen-1.1.jpeg","datePublished":"2025-02-26T10:22:39+00:00","dateModified":"2025-02-26T10:29:31+00:00","description":"Yleisk\u00e4ytt\u00f6iset kivet kovien ja pehmeiden ter\u00e4sten k\u00e4sittelyyn. Voidaan k\u00e4ytt\u00e4\u00e4 sek\u00e4 kuivana ett\u00e4 \u00f6ljyn kanssa viimeistelyn parantamiseksi, erityisesti loppuvaiheessa.","breadcrumb":{"@id":"https:\/\/aaknives.eu\/fi\/product\/200-160-80-grit-kdtu-hybrid-cbn-timanttiteroituskivet\/#breadcrumb"},"inLanguage":"fi","potentialAction":[{"@type":"ReadAction","target":["https:\/\/aaknives.eu\/fi\/product\/200-160-80-grit-kdtu-hybrid-cbn-timanttiteroituskivet\/"]}]},{"@type":"ImageObject","inLanguage":"fi","@id":"https:\/\/aaknives.eu\/fi\/product\/200-160-80-grit-kdtu-hybrid-cbn-timanttiteroituskivet\/#primaryimage","url":"https:\/\/aaknives.eu\/wp-content\/uploads\/2025\/02\/aaknives-hand-forged-damascus-steel-blade-knife-handmade-custom-made-knife-handcrafted-knives-autinetools-northmen-1.1.jpeg","contentUrl":"https:\/\/aaknives.eu\/wp-content\/uploads\/2025\/02\/aaknives-hand-forged-damascus-steel-blade-knife-handmade-custom-made-knife-handcrafted-knives-autinetools-northmen-1.1.jpeg","width":960,"height":1280},{"@type":"BreadcrumbList","@id":"https:\/\/aaknives.eu\/fi\/product\/200-160-80-grit-kdtu-hybrid-cbn-timanttiteroituskivet\/#breadcrumb","itemListElement":[{"@type":"ListItem","position":1,"name":"Home","item":"https:\/\/aaknives.eu\/fi\/"},{"@type":"ListItem","position":2,"name":"Kauppa","item":"https:\/\/aaknives.eu\/kauppa\/"},{"@type":"ListItem","position":3,"name":"200\/160 80 Grit KDTU Hybrid CBN Timanttiteroituskivet"}]},{"@type":"WebSite","@id":"https:\/\/aaknives.eu\/fi\/#website","url":"https:\/\/aaknives.eu\/fi\/","name":"AAKnives","description":"Handmade knives","publisher":{"@id":"https:\/\/aaknives.eu\/fi\/#organization"},"potentialAction":[{"@type":"SearchAction","target":{"@type":"EntryPoint","urlTemplate":"https:\/\/aaknives.eu\/fi\/?s={search_term_string}"},"query-input":{"@type":"PropertyValueSpecification","valueRequired":true,"valueName":"search_term_string"}}],"inLanguage":"fi"},{"@type":"Organization","@id":"https:\/\/aaknives.eu\/fi\/#organization","name":"AAKnives","url":"https:\/\/aaknives.eu\/fi\/","logo":{"@type":"ImageObject","inLanguage":"fi","@id":"https:\/\/aaknives.eu\/fi\/#\/schema\/logo\/image\/","url":"https:\/\/aaknives.eu\/wp-content\/uploads\/2021\/10\/AAknives_Logo_Green.png","contentUrl":"https:\/\/aaknives.eu\/wp-content\/uploads\/2021\/10\/AAknives_Logo_Green.png","width":1768,"height":1768,"caption":"AAKnives"},"image":{"@id":"https:\/\/aaknives.eu\/fi\/#\/schema\/logo\/image\/"},"sameAs":["https:\/\/www.facebook.com\/aaknives.eu\/","https:\/\/www.instagram.com\/aaknives\/","https:\/\/www.pinterest.com\/aa_knives\/","https:\/\/www.youtube.com\/channel\/UCHOQFjrOkgT6s4FIw9LDKyw\/featured"]}]}},"_links":{"self":[{"href":"https:\/\/aaknives.eu\/fi\/wp-json\/wp\/v2\/product\/97790","targetHints":{"allow":["GET"]}}],"collection":[{"href":"https:\/\/aaknives.eu\/fi\/wp-json\/wp\/v2\/product"}],"about":[{"href":"https:\/\/aaknives.eu\/fi\/wp-json\/wp\/v2\/types\/product"}],"wp:featuredmedia":[{"embeddable":true,"href":"https:\/\/aaknives.eu\/fi\/wp-json\/wp\/v2\/media\/97793"}],"wp:attachment":[{"href":"https:\/\/aaknives.eu\/fi\/wp-json\/wp\/v2\/media?parent=97790"}],"wp:term":[{"taxonomy":"product_brand","embeddable":true,"href":"https:\/\/aaknives.eu\/fi\/wp-json\/wp\/v2\/product_brand?post=97790"},{"taxonomy":"product_cat","embeddable":true,"href":"https:\/\/aaknives.eu\/fi\/wp-json\/wp\/v2\/product_cat?post=97790"},{"taxonomy":"product_tag","embeddable":true,"href":"https:\/\/aaknives.eu\/fi\/wp-json\/wp\/v2\/product_tag?post=97790"}],"curies":[{"name":"wp","href":"https:\/\/api.w.org\/{rel}","templated":true}]}}