{"id":99079,"date":"2025-05-12T17:57:39","date_gmt":"2025-05-12T17:57:39","guid":{"rendered":"https:\/\/aaknives.eu\/?post_type=product&#038;p=99079"},"modified":"2025-05-12T18:02:26","modified_gmt":"2025-05-12T18:02:26","slug":"veitsi-mushroom-hunting-valmistettu-hyvasta-taotusta-ruostumattomasta-teraksesta-kopija","status":"publish","type":"product","link":"https:\/\/aaknives.eu\/fi\/product\/veitsi-mushroom-hunting-valmistettu-hyvasta-taotusta-ruostumattomasta-teraksesta-kopija\/","title":{"rendered":"Veitsi &#8221;MUSHROOM HUNTING&#8221; valmistettu hyv\u00e4st\u00e4 taotusta ruostumattomasta ter\u00e4ksest\u00e4."},"content":{"rendered":"<p>Veitsen tekniset tiedot: &#8220;MUSHROOM HUNTING&#8221;<br \/>\nTer\u00e4s: taottu ruostumaton ter\u00e4s 12C27<br \/>\nKovuus: 56-58 HRC.<br \/>\nTer\u00e4n pituus (mm): 86 \/ 3,38 tuumaa<br \/>\nTer\u00e4n paksuus (mm): 3 \/ 0,11 tuumaa<br \/>\nTer\u00e4n leveys (mm): 20 \/ 0,78 tuumaa<br \/>\nKahva: Stabiloitua karjalankoivua<br \/>\nKokonaispituus (mm): 205 \/ 8,07 tuumaa<br \/>\nMittatilausveitsi, k\u00e4sintehty veitsi, k\u00e4sin taottu veitsi, k\u00e4sin taottu ter\u00e4<br \/>\n12C27-ter\u00e4s on osa Sandvik-tuoteperhett\u00e4. Se on matala-luokan kromiter\u00e4s, joka on hyvin suosittu veitsiteollisuudessa, koska se tarjoaa erinomaisen kulutuskest\u00e4vyyden, korroosionkest\u00e4vyyden ja korkean kovuuden, jotka ovat keskeisi\u00e4 ominaisuuksia ihanteellisen veitsiter\u00e4ksen luomiseksi.<\/p>\n<p>Lis\u00e4ksi 12C27-ter\u00e4s ter\u00e4v\u00f6ityy suhteellisen nopeasti, toisin kuin muut kromiter\u00e4kset, joiden ter\u00e4v\u00f6ityminen kest\u00e4\u00e4 pitk\u00e4\u00e4n sitkeiden kromikarbidien vuoksi. Sandvik 12C27 -ter\u00e4st\u00e4 k\u00e4ytet\u00e4\u00e4n yleisesti mets\u00e4styspuukkojen, taskuveitsien, kalastusveitsien, retkeilypuukkojen, taktisten puukkojen, luistimen terien ja j\u00e4\u00e4porien valmistuksessa.<\/p>\n<p>Korkean kromipitoisuutensa ansiosta 12C27-ter\u00e4s kest\u00e4\u00e4 korroosiota ja ruostumista. Koska se on valmistettu ruostumattomasta ter\u00e4ksest\u00e4, se on lis\u00e4ksi tahrankest\u00e4v\u00e4.<\/p>\n<p>Et kuitenkaan voi odottaa, ett\u00e4 t\u00e4m\u00e4 ter\u00e4ksest\u00e4 valmistettu veitsi pysyy vedess\u00e4 ruostumattomana p\u00e4ivi\u00e4. Jos haluat, ett\u00e4 t\u00e4st\u00e4 ter\u00e4ksest\u00e4 valmistetut ter\u00e4t s\u00e4ilyv\u00e4t vuosikymmeni\u00e4, ne on kuivattava ja \u00f6ljytt\u00e4v\u00e4 jokaisen k\u00e4ytt\u00f6kerran j\u00e4lkeen tai jos aiot s\u00e4ilytt\u00e4\u00e4 niit\u00e4 pitk\u00e4\u00e4n.<\/p>\n","protected":false},"excerpt":{"rendered":"<p>Veitsen tekniset tiedot: &#8220;MUSHROOM HUNTING&#8221; Ter\u00e4s: taottu ruostumaton ter\u00e4s 12C27 Kovuus: 56-58 HRC. Ter\u00e4n pituus (mm): 86 \/ 3,38 tuumaa Ter\u00e4n paksuus (mm): 3 \/ 0,11 tuumaa Ter\u00e4n leveys (mm): 20 \/ 0,78 tuumaa Kahva: Stabiloitua karjalankoivua Kokonaispituus (mm): 205 \/ 8,07 tuumaa Mittatilausveitsi, k\u00e4sintehty veitsi, k\u00e4sin taottu veitsi, k\u00e4sin taottu ter\u00e4 12C27-ter\u00e4s on osa Sandvik-tuoteperhett\u00e4. Se on matala-luokan kromiter\u00e4s, joka on hyvin suosittu veitsiteollisuudessa, koska se tarjoaa erinomaisen kulutuskest\u00e4vyyden, korroosionkest\u00e4vyyden ja korkean kovuuden, jotka ovat keskeisi\u00e4 ominaisuuksia ihanteellisen veitsiter\u00e4ksen luomiseksi. Lis\u00e4ksi 12C27-ter\u00e4s ter\u00e4v\u00f6ityy suhteellisen nopeasti, toisin kuin muut kromiter\u00e4kset, joiden ter\u00e4v\u00f6ityminen kest\u00e4\u00e4 pitk\u00e4\u00e4n sitkeiden kromikarbidien vuoksi. Sandvik 12C27 -ter\u00e4st\u00e4&hellip;<\/p>\n","protected":false},"featured_media":99086,"template":"","meta":{"_themeisle_gutenberg_block_has_review":false},"product_brand":[],"product_cat":[456,453,464,452],"product_tag":[],"class_list":{"0":"post-99079","1":"product","2":"type-product","3":"status-publish","4":"has-post-thumbnail","6":"product_cat-kalastusveitset","7":"product_cat-metsastysveitset","8":"product_cat-sienten-poimintaveitset","9":"product_cat-ulkoveitset","11":"first","12":"instock","13":"shipping-taxable","14":"purchasable","15":"product-type-simple"},"yoast_head":"<!-- This site is optimized with the Yoast SEO plugin v27.3 - https:\/\/yoast.com\/product\/yoast-seo-wordpress\/ -->\n<title>Veitsi &#039;&#039;MUSHROOM HUNTING&#039;&#039; valmistettu hyv\u00e4st\u00e4 taotusta ruostumattomasta ter\u00e4ksest\u00e4. - AAKnives<\/title>\n<meta name=\"description\" content=\"Hyv\u00e4st\u00e4 taotusta ruostumattomasta ter\u00e4ksest\u00e4 valmistettu sienestysveitsi, k\u00e4sintehdyt veitset, taottu veitsi, retkeilyveitsi\" \/>\n<meta name=\"robots\" content=\"index, follow, max-snippet:-1, max-image-preview:large, max-video-preview:-1\" \/>\n<link rel=\"canonical\" href=\"https:\/\/aaknives.eu\/fi\/product\/veitsi-mushroom-hunting-valmistettu-hyvasta-taotusta-ruostumattomasta-teraksesta-kopija\/\" \/>\n<meta property=\"og:locale\" content=\"fi_FI\" \/>\n<meta property=\"og:type\" content=\"article\" \/>\n<meta property=\"og:title\" content=\"Veitsi &#039;&#039;MUSHROOM HUNTING&#039;&#039; valmistettu hyv\u00e4st\u00e4 taotusta ruostumattomasta ter\u00e4ksest\u00e4. - AAKnives\" \/>\n<meta property=\"og:description\" content=\"Hyv\u00e4st\u00e4 taotusta ruostumattomasta ter\u00e4ksest\u00e4 valmistettu sienestysveitsi, k\u00e4sintehdyt veitset, taottu veitsi, retkeilyveitsi\" \/>\n<meta property=\"og:url\" content=\"https:\/\/aaknives.eu\/fi\/product\/veitsi-mushroom-hunting-valmistettu-hyvasta-taotusta-ruostumattomasta-teraksesta-kopija\/\" \/>\n<meta property=\"og:site_name\" content=\"AAKnives\" \/>\n<meta property=\"article:publisher\" content=\"https:\/\/www.facebook.com\/aaknives.eu\/\" \/>\n<meta property=\"article:modified_time\" content=\"2025-05-12T18:02:26+00:00\" \/>\n<meta property=\"og:image\" content=\"https:\/\/aaknives.eu\/wp-content\/uploads\/2025\/05\/aaknives-hand-forged-damascus-steel-blade-knife-handmade-custom-made-knife-handcrafted-knives-autinetools-northmen-1-165.jpg\" \/>\n\t<meta property=\"og:image:width\" content=\"1020\" \/>\n\t<meta property=\"og:image:height\" content=\"880\" \/>\n\t<meta property=\"og:image:type\" content=\"image\/jpeg\" \/>\n<meta name=\"twitter:card\" content=\"summary_large_image\" \/>\n<meta name=\"twitter:label1\" content=\"Arvioitu lukuaika\" \/>\n\t<meta name=\"twitter:data1\" content=\"1 minuutti\" \/>\n<script type=\"application\/ld+json\" class=\"yoast-schema-graph\">{\"@context\":\"https:\\\/\\\/schema.org\",\"@graph\":[{\"@type\":\"WebPage\",\"@id\":\"https:\\\/\\\/aaknives.eu\\\/fi\\\/product\\\/veitsi-mushroom-hunting-valmistettu-hyvasta-taotusta-ruostumattomasta-teraksesta-kopija\\\/\",\"url\":\"https:\\\/\\\/aaknives.eu\\\/fi\\\/product\\\/veitsi-mushroom-hunting-valmistettu-hyvasta-taotusta-ruostumattomasta-teraksesta-kopija\\\/\",\"name\":\"Veitsi ''MUSHROOM HUNTING'' valmistettu hyv\u00e4st\u00e4 taotusta ruostumattomasta ter\u00e4ksest\u00e4. - AAKnives\",\"isPartOf\":{\"@id\":\"https:\\\/\\\/aaknives.eu\\\/fi\\\/#website\"},\"primaryImageOfPage\":{\"@id\":\"https:\\\/\\\/aaknives.eu\\\/fi\\\/product\\\/veitsi-mushroom-hunting-valmistettu-hyvasta-taotusta-ruostumattomasta-teraksesta-kopija\\\/#primaryimage\"},\"image\":{\"@id\":\"https:\\\/\\\/aaknives.eu\\\/fi\\\/product\\\/veitsi-mushroom-hunting-valmistettu-hyvasta-taotusta-ruostumattomasta-teraksesta-kopija\\\/#primaryimage\"},\"thumbnailUrl\":\"https:\\\/\\\/aaknives.eu\\\/wp-content\\\/uploads\\\/2025\\\/05\\\/aaknives-hand-forged-damascus-steel-blade-knife-handmade-custom-made-knife-handcrafted-knives-autinetools-northmen-1-165.jpg\",\"datePublished\":\"2025-05-12T17:57:39+00:00\",\"dateModified\":\"2025-05-12T18:02:26+00:00\",\"description\":\"Hyv\u00e4st\u00e4 taotusta ruostumattomasta ter\u00e4ksest\u00e4 valmistettu sienestysveitsi, k\u00e4sintehdyt veitset, taottu veitsi, retkeilyveitsi\",\"breadcrumb\":{\"@id\":\"https:\\\/\\\/aaknives.eu\\\/fi\\\/product\\\/veitsi-mushroom-hunting-valmistettu-hyvasta-taotusta-ruostumattomasta-teraksesta-kopija\\\/#breadcrumb\"},\"inLanguage\":\"fi\",\"potentialAction\":[{\"@type\":\"ReadAction\",\"target\":[\"https:\\\/\\\/aaknives.eu\\\/fi\\\/product\\\/veitsi-mushroom-hunting-valmistettu-hyvasta-taotusta-ruostumattomasta-teraksesta-kopija\\\/\"]}]},{\"@type\":\"ImageObject\",\"inLanguage\":\"fi\",\"@id\":\"https:\\\/\\\/aaknives.eu\\\/fi\\\/product\\\/veitsi-mushroom-hunting-valmistettu-hyvasta-taotusta-ruostumattomasta-teraksesta-kopija\\\/#primaryimage\",\"url\":\"https:\\\/\\\/aaknives.eu\\\/wp-content\\\/uploads\\\/2025\\\/05\\\/aaknives-hand-forged-damascus-steel-blade-knife-handmade-custom-made-knife-handcrafted-knives-autinetools-northmen-1-165.jpg\",\"contentUrl\":\"https:\\\/\\\/aaknives.eu\\\/wp-content\\\/uploads\\\/2025\\\/05\\\/aaknives-hand-forged-damascus-steel-blade-knife-handmade-custom-made-knife-handcrafted-knives-autinetools-northmen-1-165.jpg\",\"width\":1020,\"height\":880},{\"@type\":\"BreadcrumbList\",\"@id\":\"https:\\\/\\\/aaknives.eu\\\/fi\\\/product\\\/veitsi-mushroom-hunting-valmistettu-hyvasta-taotusta-ruostumattomasta-teraksesta-kopija\\\/#breadcrumb\",\"itemListElement\":[{\"@type\":\"ListItem\",\"position\":1,\"name\":\"Home\",\"item\":\"https:\\\/\\\/aaknives.eu\\\/fi\\\/\"},{\"@type\":\"ListItem\",\"position\":2,\"name\":\"Kauppa\",\"item\":\"https:\\\/\\\/aaknives.eu\\\/kauppa\\\/\"},{\"@type\":\"ListItem\",\"position\":3,\"name\":\"Private: Veitsi &#8221;MUSHROOM HUNTING&#8221; valmistettu hyv\u00e4st\u00e4 taotusta ruostumattomasta ter\u00e4ksest\u00e4.\"}]},{\"@type\":\"WebSite\",\"@id\":\"https:\\\/\\\/aaknives.eu\\\/fi\\\/#website\",\"url\":\"https:\\\/\\\/aaknives.eu\\\/fi\\\/\",\"name\":\"AAKnives\",\"description\":\"Handmade knives\",\"publisher\":{\"@id\":\"https:\\\/\\\/aaknives.eu\\\/fi\\\/#organization\"},\"potentialAction\":[{\"@type\":\"SearchAction\",\"target\":{\"@type\":\"EntryPoint\",\"urlTemplate\":\"https:\\\/\\\/aaknives.eu\\\/fi\\\/?s={search_term_string}\"},\"query-input\":{\"@type\":\"PropertyValueSpecification\",\"valueRequired\":true,\"valueName\":\"search_term_string\"}}],\"inLanguage\":\"fi\"},{\"@type\":\"Organization\",\"@id\":\"https:\\\/\\\/aaknives.eu\\\/fi\\\/#organization\",\"name\":\"AAKnives\",\"url\":\"https:\\\/\\\/aaknives.eu\\\/fi\\\/\",\"logo\":{\"@type\":\"ImageObject\",\"inLanguage\":\"fi\",\"@id\":\"https:\\\/\\\/aaknives.eu\\\/fi\\\/#\\\/schema\\\/logo\\\/image\\\/\",\"url\":\"https:\\\/\\\/aaknives.eu\\\/wp-content\\\/uploads\\\/2021\\\/10\\\/AAknives_Logo_Green.png\",\"contentUrl\":\"https:\\\/\\\/aaknives.eu\\\/wp-content\\\/uploads\\\/2021\\\/10\\\/AAknives_Logo_Green.png\",\"width\":1768,\"height\":1768,\"caption\":\"AAKnives\"},\"image\":{\"@id\":\"https:\\\/\\\/aaknives.eu\\\/fi\\\/#\\\/schema\\\/logo\\\/image\\\/\"},\"sameAs\":[\"https:\\\/\\\/www.facebook.com\\\/aaknives.eu\\\/\",\"https:\\\/\\\/www.instagram.com\\\/aaknives\\\/\",\"https:\\\/\\\/www.pinterest.com\\\/aa_knives\\\/\",\"https:\\\/\\\/www.youtube.com\\\/channel\\\/UCHOQFjrOkgT6s4FIw9LDKyw\\\/featured\"]}]}<\/script>\n<!-- \/ Yoast SEO plugin. -->","yoast_head_json":{"title":"Veitsi ''MUSHROOM HUNTING'' valmistettu hyv\u00e4st\u00e4 taotusta ruostumattomasta ter\u00e4ksest\u00e4. - AAKnives","description":"Hyv\u00e4st\u00e4 taotusta ruostumattomasta ter\u00e4ksest\u00e4 valmistettu sienestysveitsi, k\u00e4sintehdyt veitset, taottu veitsi, retkeilyveitsi","robots":{"index":"index","follow":"follow","max-snippet":"max-snippet:-1","max-image-preview":"max-image-preview:large","max-video-preview":"max-video-preview:-1"},"canonical":"https:\/\/aaknives.eu\/fi\/product\/veitsi-mushroom-hunting-valmistettu-hyvasta-taotusta-ruostumattomasta-teraksesta-kopija\/","og_locale":"fi_FI","og_type":"article","og_title":"Veitsi ''MUSHROOM HUNTING'' valmistettu hyv\u00e4st\u00e4 taotusta ruostumattomasta ter\u00e4ksest\u00e4. - AAKnives","og_description":"Hyv\u00e4st\u00e4 taotusta ruostumattomasta ter\u00e4ksest\u00e4 valmistettu sienestysveitsi, k\u00e4sintehdyt veitset, taottu veitsi, retkeilyveitsi","og_url":"https:\/\/aaknives.eu\/fi\/product\/veitsi-mushroom-hunting-valmistettu-hyvasta-taotusta-ruostumattomasta-teraksesta-kopija\/","og_site_name":"AAKnives","article_publisher":"https:\/\/www.facebook.com\/aaknives.eu\/","article_modified_time":"2025-05-12T18:02:26+00:00","og_image":[{"width":1020,"height":880,"url":"https:\/\/aaknives.eu\/wp-content\/uploads\/2025\/05\/aaknives-hand-forged-damascus-steel-blade-knife-handmade-custom-made-knife-handcrafted-knives-autinetools-northmen-1-165.jpg","type":"image\/jpeg"}],"twitter_card":"summary_large_image","twitter_misc":{"Arvioitu lukuaika":"1 minuutti"},"schema":{"@context":"https:\/\/schema.org","@graph":[{"@type":"WebPage","@id":"https:\/\/aaknives.eu\/fi\/product\/veitsi-mushroom-hunting-valmistettu-hyvasta-taotusta-ruostumattomasta-teraksesta-kopija\/","url":"https:\/\/aaknives.eu\/fi\/product\/veitsi-mushroom-hunting-valmistettu-hyvasta-taotusta-ruostumattomasta-teraksesta-kopija\/","name":"Veitsi ''MUSHROOM HUNTING'' valmistettu hyv\u00e4st\u00e4 taotusta ruostumattomasta ter\u00e4ksest\u00e4. - AAKnives","isPartOf":{"@id":"https:\/\/aaknives.eu\/fi\/#website"},"primaryImageOfPage":{"@id":"https:\/\/aaknives.eu\/fi\/product\/veitsi-mushroom-hunting-valmistettu-hyvasta-taotusta-ruostumattomasta-teraksesta-kopija\/#primaryimage"},"image":{"@id":"https:\/\/aaknives.eu\/fi\/product\/veitsi-mushroom-hunting-valmistettu-hyvasta-taotusta-ruostumattomasta-teraksesta-kopija\/#primaryimage"},"thumbnailUrl":"https:\/\/aaknives.eu\/wp-content\/uploads\/2025\/05\/aaknives-hand-forged-damascus-steel-blade-knife-handmade-custom-made-knife-handcrafted-knives-autinetools-northmen-1-165.jpg","datePublished":"2025-05-12T17:57:39+00:00","dateModified":"2025-05-12T18:02:26+00:00","description":"Hyv\u00e4st\u00e4 taotusta ruostumattomasta ter\u00e4ksest\u00e4 valmistettu sienestysveitsi, k\u00e4sintehdyt veitset, taottu veitsi, retkeilyveitsi","breadcrumb":{"@id":"https:\/\/aaknives.eu\/fi\/product\/veitsi-mushroom-hunting-valmistettu-hyvasta-taotusta-ruostumattomasta-teraksesta-kopija\/#breadcrumb"},"inLanguage":"fi","potentialAction":[{"@type":"ReadAction","target":["https:\/\/aaknives.eu\/fi\/product\/veitsi-mushroom-hunting-valmistettu-hyvasta-taotusta-ruostumattomasta-teraksesta-kopija\/"]}]},{"@type":"ImageObject","inLanguage":"fi","@id":"https:\/\/aaknives.eu\/fi\/product\/veitsi-mushroom-hunting-valmistettu-hyvasta-taotusta-ruostumattomasta-teraksesta-kopija\/#primaryimage","url":"https:\/\/aaknives.eu\/wp-content\/uploads\/2025\/05\/aaknives-hand-forged-damascus-steel-blade-knife-handmade-custom-made-knife-handcrafted-knives-autinetools-northmen-1-165.jpg","contentUrl":"https:\/\/aaknives.eu\/wp-content\/uploads\/2025\/05\/aaknives-hand-forged-damascus-steel-blade-knife-handmade-custom-made-knife-handcrafted-knives-autinetools-northmen-1-165.jpg","width":1020,"height":880},{"@type":"BreadcrumbList","@id":"https:\/\/aaknives.eu\/fi\/product\/veitsi-mushroom-hunting-valmistettu-hyvasta-taotusta-ruostumattomasta-teraksesta-kopija\/#breadcrumb","itemListElement":[{"@type":"ListItem","position":1,"name":"Home","item":"https:\/\/aaknives.eu\/fi\/"},{"@type":"ListItem","position":2,"name":"Kauppa","item":"https:\/\/aaknives.eu\/kauppa\/"},{"@type":"ListItem","position":3,"name":"Private: Veitsi &#8221;MUSHROOM HUNTING&#8221; valmistettu hyv\u00e4st\u00e4 taotusta ruostumattomasta ter\u00e4ksest\u00e4."}]},{"@type":"WebSite","@id":"https:\/\/aaknives.eu\/fi\/#website","url":"https:\/\/aaknives.eu\/fi\/","name":"AAKnives","description":"Handmade knives","publisher":{"@id":"https:\/\/aaknives.eu\/fi\/#organization"},"potentialAction":[{"@type":"SearchAction","target":{"@type":"EntryPoint","urlTemplate":"https:\/\/aaknives.eu\/fi\/?s={search_term_string}"},"query-input":{"@type":"PropertyValueSpecification","valueRequired":true,"valueName":"search_term_string"}}],"inLanguage":"fi"},{"@type":"Organization","@id":"https:\/\/aaknives.eu\/fi\/#organization","name":"AAKnives","url":"https:\/\/aaknives.eu\/fi\/","logo":{"@type":"ImageObject","inLanguage":"fi","@id":"https:\/\/aaknives.eu\/fi\/#\/schema\/logo\/image\/","url":"https:\/\/aaknives.eu\/wp-content\/uploads\/2021\/10\/AAknives_Logo_Green.png","contentUrl":"https:\/\/aaknives.eu\/wp-content\/uploads\/2021\/10\/AAknives_Logo_Green.png","width":1768,"height":1768,"caption":"AAKnives"},"image":{"@id":"https:\/\/aaknives.eu\/fi\/#\/schema\/logo\/image\/"},"sameAs":["https:\/\/www.facebook.com\/aaknives.eu\/","https:\/\/www.instagram.com\/aaknives\/","https:\/\/www.pinterest.com\/aa_knives\/","https:\/\/www.youtube.com\/channel\/UCHOQFjrOkgT6s4FIw9LDKyw\/featured"]}]}},"_links":{"self":[{"href":"https:\/\/aaknives.eu\/fi\/wp-json\/wp\/v2\/product\/99079","targetHints":{"allow":["GET"]}}],"collection":[{"href":"https:\/\/aaknives.eu\/fi\/wp-json\/wp\/v2\/product"}],"about":[{"href":"https:\/\/aaknives.eu\/fi\/wp-json\/wp\/v2\/types\/product"}],"wp:featuredmedia":[{"embeddable":true,"href":"https:\/\/aaknives.eu\/fi\/wp-json\/wp\/v2\/media\/99086"}],"wp:attachment":[{"href":"https:\/\/aaknives.eu\/fi\/wp-json\/wp\/v2\/media?parent=99079"}],"wp:term":[{"taxonomy":"product_brand","embeddable":true,"href":"https:\/\/aaknives.eu\/fi\/wp-json\/wp\/v2\/product_brand?post=99079"},{"taxonomy":"product_cat","embeddable":true,"href":"https:\/\/aaknives.eu\/fi\/wp-json\/wp\/v2\/product_cat?post=99079"},{"taxonomy":"product_tag","embeddable":true,"href":"https:\/\/aaknives.eu\/fi\/wp-json\/wp\/v2\/product_tag?post=99079"}],"curies":[{"name":"wp","href":"https:\/\/api.w.org\/{rel}","templated":true}]}}