{"id":101224,"date":"2024-09-06T09:52:21","date_gmt":"2024-09-06T09:52:21","guid":{"rendered":"https:\/\/aaknives.eu\/pristatymas\/"},"modified":"2025-09-23T16:08:32","modified_gmt":"2025-09-23T16:08:32","slug":"pristatymas","status":"publish","type":"page","link":"https:\/\/aaknives.eu\/lt\/pristatymas\/","title":{"rendered":"Pristatymas"},"content":{"rendered":"\t\t<div data-elementor-type=\"wp-page\" data-elementor-id=\"101224\" class=\"elementor elementor-101224 elementor-68153\" data-elementor-post-type=\"page\">\n\t\t\t\t\t\t<section class=\"elementor-section elementor-top-section elementor-element elementor-element-26fd3e1 elementor-section-boxed elementor-section-height-default elementor-section-height-default\" data-id=\"26fd3e1\" data-element_type=\"section\" data-e-type=\"section\">\n\t\t\t\t\t\t<div class=\"elementor-container elementor-column-gap-default\">\n\t\t\t\t\t<div class=\"elementor-column elementor-col-100 elementor-top-column elementor-element elementor-element-6950ee5\" data-id=\"6950ee5\" data-element_type=\"column\" data-e-type=\"column\">\n\t\t\t<div class=\"elementor-widget-wrap elementor-element-populated\">\n\t\t\t\t\t\t<div class=\"elementor-element elementor-element-e8fb6ad elementor-widget elementor-widget-text-editor\" data-id=\"e8fb6ad\" data-element_type=\"widget\" data-e-type=\"widget\" data-widget_type=\"text-editor.default\">\n\t\t\t\t<div class=\"elementor-widget-container\">\n\t\t\t\t\t\t\t\t\t<p>Latvijos kurjeris \u2013 10 EUR (Pristatymo laikas 1\u20132 darbo dienos)<\/p><p>Lietuva, Estija per kurjer\u012f \u2013 10 EUR (Pristatymo laikas 1-2 darbo dienos)<\/p><p>Latvijos kurjeris \u2013 10 EUR (Pristatymo laikas 1\u20132 darbo dienos)<\/p><p>Latvijos \u201eOmniva\u201c siunt\u0173 automatas \u2013 3 EUR (pristatymo laikas 1\u20132 darbo dienos)<\/p><p>Rygos kurjeris \u2013 5 EUR (Pristatymo laikas 1\u20132 darbo dienos)<\/p><p>\u0100da\u017ei (Kadaga) kurjeris \u2013 10 eur (Pristatymo laikas 1-2 darbo dienos)<\/p><p>Europos kurjeris \u2013 20 EUR \/ ~25 $<\/p><p>Jungtin\u0117 Karalyst\u0117 \u2013 40 EUR (pristatymo laikas 8\u20139 darbo dienos)<\/p><p>Kipras \u2013 (pristatymo laikas 4\u20136 darbo dienos)<\/p><p>Austrija \u2013 (pristatymo laikas 4\u20135 darbo dienos)<\/p><p>Belgija \u2013 (pristatymo laikas 6\u20137 darbo dienos)<\/p><p>Bulgarija \u2013 (pristatymo laikas 6\u20137 darbo dienos)<br>Danija \u2013 (pristatymo laikas 4\u20135 darbo dienos)<br>Pranc\u016bzija \u2013 (pristatymo laikas 4\u20135 darbo dienos)<br>Graikija \u2013 (pristatymo laikas 8\u201310 darbo dien\u0173)<br>Kroatija \u2013 (pristatymo laikas 4\u20135 darbo dienos)<br>Italija \u2013 (pristatymo laikas 4\u20135 darbo dienos)<br>Kipras \u2013 (pristatymo laikas 4\u20136 darbo dienos)<br>Liuksemburgas \u2013 (pristatymo laikas 3\u20134 darbo dienos)<br>Malta \u2013 (pristatymo laikas 4\u20136 darbo dienos)<br>Nyderlandai \u2013 (pristatymo laikas 4\u20135 darbo dienos)<br>Lenkija \u2013 (pristatymo laikas 2\u20133 darbo dienos)<br>Portugalija \u2013 (pristatymo laikas 6\u20137 darbo dienos)<br>Rumunija \u2013 (pristatymo laikas 5\u20136 darbo dienos)<br>Slovakija \u2013 (pristatymo laikas 3\u20134 darbo dienos)<br>Slov\u0117nija \u2013 (pristatymo laikas 4\u20135 darbo dienos)<br>Suomija \u2013 (pristatymo laikas 2\u20133 darbo dienos)<br>Ispanija \u2013 (pristatymo laikas 5\u20136 darbo dienos)<br>Vengrija \u2013 (pristatymo laikas 3\u20134 darbo dienos)<br>Vokietija \u2013 (pristatymo laikas 3\u20134 darbo dienos)<br>\u0160vedija \u2013 (pristatymo laikas 3\u20134 darbo dienos)<br>\u010cekijos Respublika \u2013 (pristatymo laikas 3\u20135 darbo dienos)<\/p><p>JAV Jungtin\u0117s Valstijos, Kanada per kurjer\u012f \u2013 25 EUR \/ 30 $<\/p><p>JAV Jungtin\u0117s Amerikos Valstijos \u2013 (pristatymo laikas 6\u20138 darbo dienos)<br>Kanada \u2013 (pristatymo laikas 6\u20139 darbo dienos)<\/p><p>Kurjeris \u012f kitas \u0161alis 25 EUR\/30 $<\/p><p>Norvegija \u2013 (pristatymo laikas 4\u20137 darbo dienos)<br>\u0160veicarija \u2013 (pristatymo laikas 4\u20135 darbo dienos)<br>Jungtiniai Arab\u0173 Emyratai \u2013 (pristatymo laikas 4\u20137 darbo dienos)<br>Arm\u0117nija \u2013 (pristatymo laikas 4\u20137 darbo dienos)<br>Azerbaid\u017eanas \u2013 (pristatymo laikas 4\u20137 darbo dienos)<br>Indija \u2013 (pristatymo laikas 6\u201310 darbo dien\u0173)<br>Izraelis \u2013 (pristatymo laikas 4\u20137 darbo dienos)<br>Japonija \u2013 (pristatymo laikas 5\u20137 darbo dienos)<br>Singap\u016bras \u2013 (pristatymo laikas 5\u20137 darbo dienos)<br>Tad\u017eikistanas \u2013 (pristatymo laikas 6\u20138 darbo dienos)<br>Tailandas \u2013 (pristatymo laikas 6\u20139 darbo dienos)<br>Makedonija \u2013 (pristatymo laikas 5\u20137 darbo dienos)<br>Moldova \u2013 (pristatymo laikas 5\u20137 darbo dienos)<br>Turkija \u2013 (pristatymo laikas 5\u201312 darbo dien\u0173)<br>Ukraina \u2013 (pristatymo laikas) 5\u20137 darbo dienos)<\/p><p>\u012e kitas \u0161alis per kurjer\u012f 30 EUR\/35 $<\/p><p>Kazachstanas \u2013 (pristatymo laikas 6\u20139 darbo dienos)<br>Kirgizija \u2013 (pristatymo laikas 6\u20139 darbo dienos)<br>Malaizija \u2013 (pristatymo laikas 6\u20139 darbo dienos)<br>Turkm\u0117nistanas \u2013 (pristatymo laikas 6\u20139 darbo dienos)<br>Uzbekistanas \u2013 (pristatymo laikas 5\u201311 darbo dien\u0173)<br>Kinija \u2013 (pristatymo laikas 7\u201310 darbo dien\u0173)<br>Meksika \u2013 (pristatymo laikas 6\u20139 darbo dienos)<br>Australija \u2013 (pristatymo laikas 7\u201313 darbo dien\u0173)<br>Argentina \u2013 (pristatymo laikas 6\u20139 darbo dienos)<br>Brazilija \u2013 (pristatymo laikas 6\u20139 darbo dienos)<\/p><p>Naujosios Zelandijos kurjeris 35 EUR\/40 $ \u2013 (pristatymo laikas 6\u20139 darbo dienos)<\/p>\t\t\t\t\t\t\t\t<\/div>\n\t\t\t\t<\/div>\n\t\t\t\t\t<\/div>\n\t\t<\/div>\n\t\t\t\t\t<\/div>\n\t\t<\/section>\n\t\t\t\t<\/div>\n\t\t","protected":false},"excerpt":{"rendered":"<p>Latvijos kurjeris \u2013 10 EUR (Pristatymo laikas 1\u20132 darbo dienos) Lietuva, Estija per kurjer\u012f \u2013 10 EUR (Pristatymo laikas 1-2 darbo dienos) Latvijos kurjeris \u2013 10 EUR (Pristatymo laikas 1\u20132 darbo dienos) Latvijos \u201eOmniva\u201c siunt\u0173 automatas \u2013 3 EUR (pristatymo laikas 1\u20132 darbo dienos) Rygos kurjeris \u2013 5 EUR (Pristatymo laikas 1\u20132 darbo dienos) \u0100da\u017ei (Kadaga) kurjeris \u2013 10 eur (Pristatymo laikas 1-2 darbo dienos) Europos kurjeris \u2013 20 EUR \/ ~25 $ Jungtin\u0117 Karalyst\u0117 \u2013 40 EUR (pristatymo laikas 8\u20139 darbo dienos) Kipras \u2013 (pristatymo laikas 4\u20136 darbo dienos) Austrija \u2013 (pristatymo laikas 4\u20135 darbo dienos) Belgija \u2013 (pristatymo&hellip;<\/p>\n","protected":false},"author":1,"featured_media":0,"parent":0,"menu_order":0,"comment_status":"closed","ping_status":"closed","template":"","meta":{"_themeisle_gutenberg_block_has_review":false,"footnotes":""},"class_list":["post-101224","page","type-page","status-publish","hentry"],"yoast_head":"<!-- This site is optimized with the Yoast SEO plugin v27.5 - https:\/\/yoast.com\/product\/yoast-seo-wordpress\/ -->\n<title>Pristatymas - AAKnives<\/title>\n<meta name=\"robots\" content=\"index, follow, max-snippet:-1, max-image-preview:large, max-video-preview:-1\" \/>\n<link rel=\"canonical\" href=\"https:\/\/aaknives.eu\/lt\/pristatymas\/\" \/>\n<meta property=\"og:locale\" content=\"lt_LT\" \/>\n<meta property=\"og:type\" content=\"article\" \/>\n<meta property=\"og:title\" content=\"Pristatymas - AAKnives\" \/>\n<meta property=\"og:description\" content=\"Latvijos kurjeris \u2013 10 EUR (Pristatymo laikas 1\u20132 darbo dienos) Lietuva, Estija per kurjer\u012f \u2013 10 EUR (Pristatymo laikas 1-2 darbo dienos) Latvijos kurjeris \u2013 10 EUR (Pristatymo laikas 1\u20132 darbo dienos) Latvijos \u201eOmniva\u201c siunt\u0173 automatas \u2013 3 EUR (pristatymo laikas 1\u20132 darbo dienos) Rygos kurjeris \u2013 5 EUR (Pristatymo laikas 1\u20132 darbo dienos) \u0100da\u017ei (Kadaga) kurjeris \u2013 10 eur (Pristatymo laikas 1-2 darbo dienos) Europos kurjeris \u2013 20 EUR \/ ~25 $ Jungtin\u0117 Karalyst\u0117 \u2013 40 EUR (pristatymo laikas 8\u20139 darbo dienos) Kipras \u2013 (pristatymo laikas 4\u20136 darbo dienos) Austrija \u2013 (pristatymo laikas 4\u20135 darbo dienos) Belgija \u2013 (pristatymo&hellip;\" \/>\n<meta property=\"og:url\" content=\"https:\/\/aaknives.eu\/lt\/pristatymas\/\" \/>\n<meta property=\"og:site_name\" content=\"AAKnives\" \/>\n<meta property=\"article:publisher\" content=\"https:\/\/www.facebook.com\/aaknives.eu\/\" \/>\n<meta property=\"article:modified_time\" content=\"2025-09-23T16:08:32+00:00\" \/>\n<meta name=\"twitter:card\" content=\"summary_large_image\" \/>\n<meta name=\"twitter:label1\" content=\"Est. reading time\" \/>\n\t<meta name=\"twitter:data1\" content=\"2 minut\u0117s\" \/>\n<script type=\"application\/ld+json\" class=\"yoast-schema-graph\">{\"@context\":\"https:\\\/\\\/schema.org\",\"@graph\":[{\"@type\":\"WebPage\",\"@id\":\"https:\\\/\\\/aaknives.eu\\\/lt\\\/pristatymas\\\/\",\"url\":\"https:\\\/\\\/aaknives.eu\\\/lt\\\/pristatymas\\\/\",\"name\":\"Pristatymas - AAKnives\",\"isPartOf\":{\"@id\":\"https:\\\/\\\/aaknives.eu\\\/lt\\\/#website\"},\"datePublished\":\"2024-09-06T09:52:21+00:00\",\"dateModified\":\"2025-09-23T16:08:32+00:00\",\"breadcrumb\":{\"@id\":\"https:\\\/\\\/aaknives.eu\\\/lt\\\/pristatymas\\\/#breadcrumb\"},\"inLanguage\":\"lt-LT\",\"potentialAction\":[{\"@type\":\"ReadAction\",\"target\":[\"https:\\\/\\\/aaknives.eu\\\/lt\\\/pristatymas\\\/\"]}]},{\"@type\":\"BreadcrumbList\",\"@id\":\"https:\\\/\\\/aaknives.eu\\\/lt\\\/pristatymas\\\/#breadcrumb\",\"itemListElement\":[{\"@type\":\"ListItem\",\"position\":1,\"name\":\"Home\",\"item\":\"https:\\\/\\\/aaknives.eu\\\/lt\\\/\"},{\"@type\":\"ListItem\",\"position\":2,\"name\":\"Pristatymas\"}]},{\"@type\":\"WebSite\",\"@id\":\"https:\\\/\\\/aaknives.eu\\\/lt\\\/#website\",\"url\":\"https:\\\/\\\/aaknives.eu\\\/lt\\\/\",\"name\":\"AAKnives\",\"description\":\"Handmade knives\",\"publisher\":{\"@id\":\"https:\\\/\\\/aaknives.eu\\\/lt\\\/#organization\"},\"potentialAction\":[{\"@type\":\"SearchAction\",\"target\":{\"@type\":\"EntryPoint\",\"urlTemplate\":\"https:\\\/\\\/aaknives.eu\\\/lt\\\/?s={search_term_string}\"},\"query-input\":{\"@type\":\"PropertyValueSpecification\",\"valueRequired\":true,\"valueName\":\"search_term_string\"}}],\"inLanguage\":\"lt-LT\"},{\"@type\":\"Organization\",\"@id\":\"https:\\\/\\\/aaknives.eu\\\/lt\\\/#organization\",\"name\":\"AAKnives\",\"url\":\"https:\\\/\\\/aaknives.eu\\\/lt\\\/\",\"logo\":{\"@type\":\"ImageObject\",\"inLanguage\":\"lt-LT\",\"@id\":\"https:\\\/\\\/aaknives.eu\\\/lt\\\/#\\\/schema\\\/logo\\\/image\\\/\",\"url\":\"https:\\\/\\\/aaknives.eu\\\/wp-content\\\/uploads\\\/2021\\\/10\\\/AAknives_Logo_Green.png\",\"contentUrl\":\"https:\\\/\\\/aaknives.eu\\\/wp-content\\\/uploads\\\/2021\\\/10\\\/AAknives_Logo_Green.png\",\"width\":1768,\"height\":1768,\"caption\":\"AAKnives\"},\"image\":{\"@id\":\"https:\\\/\\\/aaknives.eu\\\/lt\\\/#\\\/schema\\\/logo\\\/image\\\/\"},\"sameAs\":[\"https:\\\/\\\/www.facebook.com\\\/aaknives.eu\\\/\",\"https:\\\/\\\/www.instagram.com\\\/aaknives\\\/\",\"https:\\\/\\\/www.pinterest.com\\\/aa_knives\\\/\",\"https:\\\/\\\/www.youtube.com\\\/channel\\\/UCHOQFjrOkgT6s4FIw9LDKyw\\\/featured\"]}]}<\/script>\n<!-- \/ Yoast SEO plugin. -->","yoast_head_json":{"title":"Pristatymas - AAKnives","robots":{"index":"index","follow":"follow","max-snippet":"max-snippet:-1","max-image-preview":"max-image-preview:large","max-video-preview":"max-video-preview:-1"},"canonical":"https:\/\/aaknives.eu\/lt\/pristatymas\/","og_locale":"lt_LT","og_type":"article","og_title":"Pristatymas - AAKnives","og_description":"Latvijos kurjeris \u2013 10 EUR (Pristatymo laikas 1\u20132 darbo dienos) Lietuva, Estija per kurjer\u012f \u2013 10 EUR (Pristatymo laikas 1-2 darbo dienos) Latvijos kurjeris \u2013 10 EUR (Pristatymo laikas 1\u20132 darbo dienos) Latvijos \u201eOmniva\u201c siunt\u0173 automatas \u2013 3 EUR (pristatymo laikas 1\u20132 darbo dienos) Rygos kurjeris \u2013 5 EUR (Pristatymo laikas 1\u20132 darbo dienos) \u0100da\u017ei (Kadaga) kurjeris \u2013 10 eur (Pristatymo laikas 1-2 darbo dienos) Europos kurjeris \u2013 20 EUR \/ ~25 $ Jungtin\u0117 Karalyst\u0117 \u2013 40 EUR (pristatymo laikas 8\u20139 darbo dienos) Kipras \u2013 (pristatymo laikas 4\u20136 darbo dienos) Austrija \u2013 (pristatymo laikas 4\u20135 darbo dienos) Belgija \u2013 (pristatymo&hellip;","og_url":"https:\/\/aaknives.eu\/lt\/pristatymas\/","og_site_name":"AAKnives","article_publisher":"https:\/\/www.facebook.com\/aaknives.eu\/","article_modified_time":"2025-09-23T16:08:32+00:00","twitter_card":"summary_large_image","twitter_misc":{"Est. reading time":"2 minut\u0117s"},"schema":{"@context":"https:\/\/schema.org","@graph":[{"@type":"WebPage","@id":"https:\/\/aaknives.eu\/lt\/pristatymas\/","url":"https:\/\/aaknives.eu\/lt\/pristatymas\/","name":"Pristatymas - AAKnives","isPartOf":{"@id":"https:\/\/aaknives.eu\/lt\/#website"},"datePublished":"2024-09-06T09:52:21+00:00","dateModified":"2025-09-23T16:08:32+00:00","breadcrumb":{"@id":"https:\/\/aaknives.eu\/lt\/pristatymas\/#breadcrumb"},"inLanguage":"lt-LT","potentialAction":[{"@type":"ReadAction","target":["https:\/\/aaknives.eu\/lt\/pristatymas\/"]}]},{"@type":"BreadcrumbList","@id":"https:\/\/aaknives.eu\/lt\/pristatymas\/#breadcrumb","itemListElement":[{"@type":"ListItem","position":1,"name":"Home","item":"https:\/\/aaknives.eu\/lt\/"},{"@type":"ListItem","position":2,"name":"Pristatymas"}]},{"@type":"WebSite","@id":"https:\/\/aaknives.eu\/lt\/#website","url":"https:\/\/aaknives.eu\/lt\/","name":"AAKnives","description":"Handmade knives","publisher":{"@id":"https:\/\/aaknives.eu\/lt\/#organization"},"potentialAction":[{"@type":"SearchAction","target":{"@type":"EntryPoint","urlTemplate":"https:\/\/aaknives.eu\/lt\/?s={search_term_string}"},"query-input":{"@type":"PropertyValueSpecification","valueRequired":true,"valueName":"search_term_string"}}],"inLanguage":"lt-LT"},{"@type":"Organization","@id":"https:\/\/aaknives.eu\/lt\/#organization","name":"AAKnives","url":"https:\/\/aaknives.eu\/lt\/","logo":{"@type":"ImageObject","inLanguage":"lt-LT","@id":"https:\/\/aaknives.eu\/lt\/#\/schema\/logo\/image\/","url":"https:\/\/aaknives.eu\/wp-content\/uploads\/2021\/10\/AAknives_Logo_Green.png","contentUrl":"https:\/\/aaknives.eu\/wp-content\/uploads\/2021\/10\/AAknives_Logo_Green.png","width":1768,"height":1768,"caption":"AAKnives"},"image":{"@id":"https:\/\/aaknives.eu\/lt\/#\/schema\/logo\/image\/"},"sameAs":["https:\/\/www.facebook.com\/aaknives.eu\/","https:\/\/www.instagram.com\/aaknives\/","https:\/\/www.pinterest.com\/aa_knives\/","https:\/\/www.youtube.com\/channel\/UCHOQFjrOkgT6s4FIw9LDKyw\/featured"]}]}},"_links":{"self":[{"href":"https:\/\/aaknives.eu\/lt\/wp-json\/wp\/v2\/pages\/101224","targetHints":{"allow":["GET"]}}],"collection":[{"href":"https:\/\/aaknives.eu\/lt\/wp-json\/wp\/v2\/pages"}],"about":[{"href":"https:\/\/aaknives.eu\/lt\/wp-json\/wp\/v2\/types\/page"}],"author":[{"embeddable":true,"href":"https:\/\/aaknives.eu\/lt\/wp-json\/wp\/v2\/users\/1"}],"replies":[{"embeddable":true,"href":"https:\/\/aaknives.eu\/lt\/wp-json\/wp\/v2\/comments?post=101224"}],"version-history":[{"count":1,"href":"https:\/\/aaknives.eu\/lt\/wp-json\/wp\/v2\/pages\/101224\/revisions"}],"predecessor-version":[{"id":101225,"href":"https:\/\/aaknives.eu\/lt\/wp-json\/wp\/v2\/pages\/101224\/revisions\/101225"}],"wp:attachment":[{"href":"https:\/\/aaknives.eu\/lt\/wp-json\/wp\/v2\/media?parent=101224"}],"curies":[{"name":"wp","href":"https:\/\/api.w.org\/{rel}","templated":true}]}}