{"id":51873,"date":"2023-09-12T21:02:18","date_gmt":"2023-09-12T21:02:18","guid":{"rendered":"https:\/\/aaknives.eu\/tinklarastis\/"},"modified":"2025-01-21T22:24:38","modified_gmt":"2025-01-21T22:24:38","slug":"tinklarastis","status":"publish","type":"page","link":"https:\/\/aaknives.eu\/lt\/tinklarastis\/","title":{"rendered":"Tinklara\u0161tis"},"content":{"rendered":"\t\t<div data-elementor-type=\"wp-page\" data-elementor-id=\"51873\" class=\"elementor elementor-51873 elementor-37979\" data-elementor-post-type=\"page\">\n\t\t\t\t\t\t<section class=\"elementor-section elementor-top-section elementor-element elementor-element-e390344 elementor-section-boxed elementor-section-height-default elementor-section-height-default\" data-id=\"e390344\" data-element_type=\"section\" data-e-type=\"section\" id=\"blog-grid\">\n\t\t\t\t\t\t<div class=\"elementor-container elementor-column-gap-default\">\n\t\t\t\t\t<div class=\"elementor-column elementor-col-100 elementor-top-column elementor-element elementor-element-7e33544\" data-id=\"7e33544\" data-element_type=\"column\" data-e-type=\"column\">\n\t\t\t<div class=\"elementor-widget-wrap\">\n\t\t\t\t\t\t\t<\/div>\n\t\t<\/div>\n\t\t\t\t\t<\/div>\n\t\t<\/section>\n\t\t\t\t<section class=\"elementor-section elementor-top-section elementor-element elementor-element-cb372d2 elementor-section-boxed elementor-section-height-default elementor-section-height-default\" data-id=\"cb372d2\" data-element_type=\"section\" data-e-type=\"section\">\n\t\t\t\t\t\t<div class=\"elementor-container elementor-column-gap-default\">\n\t\t\t\t\t<div class=\"elementor-column elementor-col-100 elementor-top-column elementor-element elementor-element-043806a\" data-id=\"043806a\" data-element_type=\"column\" data-e-type=\"column\">\n\t\t\t<div class=\"elementor-widget-wrap elementor-element-populated\">\n\t\t\t\t\t\t<div class=\"elementor-element elementor-element-5769faf elementor-widget elementor-widget-konte-posts-grid\" data-id=\"5769faf\" data-element_type=\"widget\" data-e-type=\"widget\" data-widget_type=\"konte-posts-grid.default\">\n\t\t\t\t<div class=\"elementor-widget-container\">\n\t\t\t\t\t<div class=\"konte-post-grid post-grid clearfix columns-2 columns-gap-40  konte-post-grid--elementor\"><div class=\"post-56651 post type-post status-publish format-standard has-post-thumbnail hentry category-uncategorized-lt\">\n\t\t\t\t\t<a href=\"https:\/\/aaknives.eu\/lt\/bohler-uddeholm-n695-plienas\/\" class=\"post-thumbnail\"><img fetchpriority=\"high\" decoding=\"async\" width=\"450\" height=\"300\" src=\"https:\/\/aaknives.eu\/wp-content\/uploads\/2023\/08\/aaknives-hand-forged-dabascus-steel-blade-knife-handmade-custom-made-knife-handcrafted-knives-autinetools-northmen-7-1-450x300.jpg\" class=\"attachment-konte-post-thumbnail-shortcode size-konte-post-thumbnail-shortcode wp-post-image\" alt=\"\" srcset=\"https:\/\/aaknives.eu\/wp-content\/uploads\/2023\/08\/aaknives-hand-forged-dabascus-steel-blade-knife-handmade-custom-made-knife-handcrafted-knives-autinetools-northmen-7-1-450x300.jpg 450w, https:\/\/aaknives.eu\/wp-content\/uploads\/2023\/08\/aaknives-hand-forged-dabascus-steel-blade-knife-handmade-custom-made-knife-handcrafted-knives-autinetools-northmen-7-1-100x68.jpg 100w\" sizes=\"(max-width: 450px) 100vw, 450px\" \/><\/a>\n\t\t\t\t\t<div class=\"konte-post-grid__summary\">\n\t\t\t\t\t\t<h5 class=\"post-title\"><a href=\"https:\/\/aaknives.eu\/lt\/bohler-uddeholm-n695-plienas\/\" rel=\"bookmark\">Bohler Uddeholm N695 plienas<\/a><\/h5>\n\t\t\t\t\t\t<div class=\"post-summary\">&#8220;Bohler Uddeholm&#8221; N695 plienas yra r\u016bdims atspari ir ilgaam\u017e\u0117 med\u017eiaga, kuri\u0105 gamina gerbiamas plieno gamintojas &#8220;Bohler Uddeholm&#8221;. Jis i\u0161siskiria geb\u0117jimu i\u0161laikyti a\u0161men\u0173 briaun\u0105 ir atlaikyti intensyv\u0173 naudojim\u0105. M\u016bs\u0173 peili\u0173 gele\u017et\u0117s, pagamintos i\u0161 &#8220;Bohler Uddeholm N695&#8221; plieno, pasi\u017eymi nepriekai\u0161tingu pjovimo tikslumu ir ilgaam\u017ei\u0161kumu, tod\u0117l idealiai tinka virtuv\u0117je, gamtoje ar kasdieniniuose nuotykiuose. Ypating\u0105 d\u0117mes\u012f skiriame detal\u0117ms ir kokybei, o naudodami Bohler Uddeholm N695 plien\u0105 suk\u016br\u0117me peil\u012f, kuris ne tik i\u0161siskiria savo i\u0161vaizda, bet ir atlaiko sunkiausias u\u017eduotis. I\u0161bandykite m\u016bs\u0173 &#8220;Bohler Uddeholm N695&#8221; plieno peili\u0173 kolekcij\u0105 ir susipa\u017einkite su unikaliomis \u0161io plieno savyb\u0117mis jau \u0161iandien! https:\/\/aaknives.eu\/veikals\/?material=n695-lv<\/div>\n\t\t\t\t\t\t<a class=\"button alt\" href=\"https:\/\/aaknives.eu\/lt\/bohler-uddeholm-n695-plienas\/\">Skaityti toliau<\/a>\n\t\t\t\t\t<\/div>\n\t\t\t\t<\/div><div class=\"post-56654 post type-post status-publish format-gallery has-post-thumbnail hentry category-uncategorized-lt post_format-post-format-gallery\">\n\t\t\t\t\t<a href=\"https:\/\/aaknives.eu\/lt\/peilis-puiki-dovana\/\" class=\"post-thumbnail\"><img decoding=\"async\" width=\"450\" height=\"300\" src=\"https:\/\/aaknives.eu\/wp-content\/uploads\/2023\/08\/aaknives-hand-forged-dabascus-steel-blade-knife-handmade-custom-made-knife-handcrafted-knives-autinetools-northmen-2-3-450x300.jpg\" class=\"attachment-konte-post-thumbnail-shortcode size-konte-post-thumbnail-shortcode wp-post-image\" alt=\"\" srcset=\"https:\/\/aaknives.eu\/wp-content\/uploads\/2023\/08\/aaknives-hand-forged-dabascus-steel-blade-knife-handmade-custom-made-knife-handcrafted-knives-autinetools-northmen-2-3-450x300.jpg 450w, https:\/\/aaknives.eu\/wp-content\/uploads\/2023\/08\/aaknives-hand-forged-dabascus-steel-blade-knife-handmade-custom-made-knife-handcrafted-knives-autinetools-northmen-2-3-100x68.jpg 100w\" sizes=\"(max-width: 450px) 100vw, 450px\" \/><\/a>\n\t\t\t\t\t<div class=\"konte-post-grid__summary\">\n\t\t\t\t\t\t<h5 class=\"post-title\"><a href=\"https:\/\/aaknives.eu\/lt\/peilis-puiki-dovana\/\" rel=\"bookmark\">Peilis &#8211; puiki dovana<\/a><\/h5>\n\t\t\t\t\t\t<div class=\"post-summary\">Peilis &#8211; puiki ir i\u0161skirtin\u0117 dovana visomis progomis. M\u016bs\u0173 rankomis kalti peiliai yra unikal\u016bs ir kruop\u0161\u010diai pagaminti i\u0161 auk\u0161tos kokyb\u0117s ner\u016bdijan\u010dio arba damasko plieno. Kiekvienas peilis gali b\u016bti pritaikytas asmeni\u0161kai graviruojant pasirinkt\u0105 logotip\u0105, inicialus, vard\u0105 ir kitus simbolius. Prie\u0161 dovanodami peil\u012f, papra\u0161ykite gav\u0117jo mainais duoti smulki\u0105 monet\u0105 &#8211; taip tikima, kad peiliai ne\u012fklius. Prie kiekvieno peilio pridedama eleganti\u0161ka odin\u0117 pinigin\u0117, kuri\u0105 taip pat galima i\u0161graviruoti, kad suteikt\u0173 dar daugiau reik\u0161m\u0117s. Dovana bus supakuota \u012f gra\u017ei\u0105 dovan\u0173 d\u0117\u017eut\u0119, kad k\u016brybi\u0161kai ir stilingai nustebintum\u0117te savo artimuosius. Pasirinkite dovan\u0105 &#8211; ypating\u0105 ir \u012fsimintin\u0105 peil\u012f, o gav\u0117jas prisimins jus vis\u0105 gyvenim\u0105. https:\/\/aaknives.eu\/veikals\/<\/div>\n\t\t\t\t\t\t<a class=\"button alt\" href=\"https:\/\/aaknives.eu\/lt\/peilis-puiki-dovana\/\">Skaityti toliau<\/a>\n\t\t\t\t\t<\/div>\n\t\t\t\t<\/div><div class=\"post-56657 post type-post status-publish format-standard has-post-thumbnail hentry category-uncategorized-lt\">\n\t\t\t\t\t<a href=\"https:\/\/aaknives.eu\/lt\/d2-plienas\/\" class=\"post-thumbnail\"><img decoding=\"async\" width=\"450\" height=\"300\" src=\"https:\/\/aaknives.eu\/wp-content\/uploads\/2021\/09\/aaknives-hand-forged-dabascus-steel-blade-knife-handmade-custom-made-knife-handcrafted-knives-autinetools-northmen-19-2-24-450x300.jpg\" class=\"attachment-konte-post-thumbnail-shortcode size-konte-post-thumbnail-shortcode wp-post-image\" alt=\"\" srcset=\"https:\/\/aaknives.eu\/wp-content\/uploads\/2021\/09\/aaknives-hand-forged-dabascus-steel-blade-knife-handmade-custom-made-knife-handcrafted-knives-autinetools-northmen-19-2-24-450x300.jpg 450w, https:\/\/aaknives.eu\/wp-content\/uploads\/2021\/09\/aaknives-hand-forged-dabascus-steel-blade-knife-handmade-custom-made-knife-handcrafted-knives-autinetools-northmen-19-2-24-100x68.jpg 100w\" sizes=\"(max-width: 450px) 100vw, 450px\" \/><\/a>\n\t\t\t\t\t<div class=\"konte-post-grid__summary\">\n\t\t\t\t\t\t<h5 class=\"post-title\"><a href=\"https:\/\/aaknives.eu\/lt\/d2-plienas\/\" rel=\"bookmark\">D2 plienas<\/a><\/h5>\n\t\t\t\t\t\t<div class=\"post-summary\">&#8220;Auk\u0161tos kokyb\u0117s, rankomis kalti peiliai i\u0161 D2 plieno &#8211; patikimas kompanionas bet kokiame nuotykyje! D2 plienas pasi\u017eymi puikiomis pjovimo ir stiprumo savyb\u0117mis, tod\u0117l idealiai tinka \u012fvairiems darbams. M\u016bs\u0173 peili\u0173 gele\u017et\u0117s, pagamintos i\u0161 D2 plieno, pasi\u017eymi puikiu patvarumu ir ilgaam\u017ei\u0161kumu, tod\u0117l puikiai tinka med\u017eiokl\u0117je, \u017evejyboje, kasdieniame naudojime, lauko nuotykiuose ir kelion\u0117se. D2 plienas u\u017etikrina puik\u0173 a\u0161men\u0173 i\u0161laikym\u0105 ir lengv\u0105 galandim\u0105. M\u016bs\u0173 peili\u0173 kolekcijoje yra \u012fvairi\u0173 dizain\u0173 ir dyd\u017ei\u0173 peili\u0173, kurie atitinka \u012fvairius poreikius ir stiliaus pageidavimus. Taip pat si\u016blome asmenin\u012f graviravim\u0105, kad kiekvienas peilis tur\u0117t\u0173 unikal\u0173 dizain\u0105. Per\u017ei\u016br\u0117kite m\u016bs\u0173 pla\u010di\u0105 rankomis kalt\u0173 peili\u0173 kolekcij\u0105 ir i\u0161sirinkite patikim\u0105 pagalbinink\u0105, kuris puikiai pjaus&hellip;<\/div>\n\t\t\t\t\t\t<a class=\"button alt\" href=\"https:\/\/aaknives.eu\/lt\/d2-plienas\/\">Skaityti toliau<\/a>\n\t\t\t\t\t<\/div>\n\t\t\t\t<\/div><div class=\"post-56683 post type-post status-publish format-standard has-post-thumbnail hentry category-uncategorized-lt\">\n\t\t\t\t\t<a href=\"https:\/\/aaknives.eu\/lt\/zvejybos-peiliai\/\" class=\"post-thumbnail\"><img loading=\"lazy\" decoding=\"async\" width=\"450\" height=\"300\" src=\"https:\/\/aaknives.eu\/wp-content\/uploads\/2023\/08\/image-10-450x300.jpg\" class=\"attachment-konte-post-thumbnail-shortcode size-konte-post-thumbnail-shortcode wp-post-image\" alt=\"image\" srcset=\"https:\/\/aaknives.eu\/wp-content\/uploads\/2023\/08\/image-10-450x300.jpg 450w, https:\/\/aaknives.eu\/wp-content\/uploads\/2023\/08\/image-10-100x68.jpg 100w\" sizes=\"(max-width: 450px) 100vw, 450px\" \/><\/a>\n\t\t\t\t\t<div class=\"konte-post-grid__summary\">\n\t\t\t\t\t\t<h5 class=\"post-title\"><a href=\"https:\/\/aaknives.eu\/lt\/zvejybos-peiliai\/\" rel=\"bookmark\">\u017dvejybos peiliai<\/a><\/h5>\n\t\t\t\t\t\t<div class=\"post-summary\">\u017dvejybiniai peiliai paprastai turi ilgus a\u0161menis, o \u017euvies fil\u0117 peilis paprastai laikomas \u017evejybiniu peiliu, ta\u010diau tai n\u0117ra vienintelis \u017evejybinis peilis. \u017dvejybini\u0173 peili\u0173 a\u0161menys paprastai yra lenkti ir lankst\u016bs. Ma\u017eesni\u0173 \u017euv\u0173 peiliai paprastai yra ploni, su smailu ir kietu galu, kuris naudojamas \u017euviai i\u0161darin\u0117ti. Kit\u0173 peili\u0173 gele\u017et\u0117s gale yra pjaunamoji briauna, kuri taip pat naudojama \u017euviai valyti ir pjaustyti. Didesn\u0117ms \u017euvims (la\u0161i\u0161oms, tunams ir kt.) skirti peiliai turi buk\u0105, apval\u0173 galiuk\u0105 ir paprastai tiesi\u0105 gele\u017et\u0119. Jie yra gana dideli, tvirti ir turi ne tokius lanks\u010dius a\u0161menis. \u017duvis i\u0161valoma \u017evejybiniu peiliu, fil\u0117 pa\u0161alinama nuo kaulo arba supjaustoma ma\u017eesniais gabal\u0117liais. Peiliai taip pat&hellip;<\/div>\n\t\t\t\t\t\t<a class=\"button alt\" href=\"https:\/\/aaknives.eu\/lt\/zvejybos-peiliai\/\">Skaityti toliau<\/a>\n\t\t\t\t\t<\/div>\n\t\t\t\t<\/div><\/div>\t\t\t\t<\/div>\n\t\t\t\t<\/div>\n\t\t\t\t\t<\/div>\n\t\t<\/div>\n\t\t\t\t\t<\/div>\n\t\t<\/section>\n\t\t\t\t<\/div>\n\t\t","protected":false},"excerpt":{"rendered":"<p>T\u0113rauds Bohler Uddeholm N695 Bohler Uddeholm N695 t\u0113rauds ir ner\u016bs\u0113jo\u0161s un iztur\u012bgs materi\u0101ls, ko ra\u017eo cien\u012bjama t\u0113rauda ra\u017eot\u0101js Bohler Uddeholm. Tas izce\u013cas ar savu sp\u0113ju saglab\u0101t asme\u0146a \u0161\u0137autni un iztur\u0113t intens\u012bvu lieto\u0161anu. M\u016bsu na\u017eu asme\u0146i, izgatavoti no Bohler Uddeholm N695 t\u0113rauda, sniedz nevainojamu grie\u0161anas precizit\u0101ti un ilgsto\u0161u kalpo\u0161anas laiku, kas padara tos par ide\u0101liem pal\u012bgiem virtuv\u0113, br\u012bv\u0101 dab\u0101 vai ikdienas piedz\u012bvojumos. M\u0113s piev\u0113r\u0161am \u012bpa\u0161u uzman\u012bbu deta\u013c\u0101m un kvalit\u0101tei, izmantojot Bohler Uddeholm N695 t\u0113raudu, lai rad\u012btu nazi, kas ne tikai izce\u013cas ar savu izskatu, bet ar\u012b sp\u0113j pild\u012bt vissare\u017e\u0123\u012bt\u0101kos uzdevumus. Izm\u0113\u0123iniet m\u016bsu Bohler Uddeholm N695 t\u0113rauda na\u017eu kolekciju un iepaz\u012bstieties ar&hellip;<\/p>\n","protected":false},"author":1,"featured_media":0,"parent":0,"menu_order":0,"comment_status":"closed","ping_status":"closed","template":"","meta":{"_themeisle_gutenberg_block_has_review":false,"footnotes":""},"class_list":["post-51873","page","type-page","status-publish","hentry"],"yoast_head":"<!-- This site is optimized with the Yoast SEO plugin v27.5 - https:\/\/yoast.com\/product\/yoast-seo-wordpress\/ -->\n<title>Tinklara\u0161tis - AAKnives<\/title>\n<meta name=\"robots\" content=\"index, follow, max-snippet:-1, max-image-preview:large, max-video-preview:-1\" \/>\n<link rel=\"canonical\" href=\"https:\/\/aaknives.eu\/lt\/tinklarastis\/\" \/>\n<meta property=\"og:locale\" content=\"lt_LT\" \/>\n<meta property=\"og:type\" content=\"article\" \/>\n<meta property=\"og:title\" content=\"Tinklara\u0161tis - AAKnives\" \/>\n<meta property=\"og:description\" content=\"T\u0113rauds Bohler Uddeholm N695 Bohler Uddeholm N695 t\u0113rauds ir ner\u016bs\u0113jo\u0161s un iztur\u012bgs materi\u0101ls, ko ra\u017eo cien\u012bjama t\u0113rauda ra\u017eot\u0101js Bohler Uddeholm. Tas izce\u013cas ar savu sp\u0113ju saglab\u0101t asme\u0146a \u0161\u0137autni un iztur\u0113t intens\u012bvu lieto\u0161anu. M\u016bsu na\u017eu asme\u0146i, izgatavoti no Bohler Uddeholm N695 t\u0113rauda, sniedz nevainojamu grie\u0161anas precizit\u0101ti un ilgsto\u0161u kalpo\u0161anas laiku, kas padara tos par ide\u0101liem pal\u012bgiem virtuv\u0113, br\u012bv\u0101 dab\u0101 vai ikdienas piedz\u012bvojumos. M\u0113s piev\u0113r\u0161am \u012bpa\u0161u uzman\u012bbu deta\u013c\u0101m un kvalit\u0101tei, izmantojot Bohler Uddeholm N695 t\u0113raudu, lai rad\u012btu nazi, kas ne tikai izce\u013cas ar savu izskatu, bet ar\u012b sp\u0113j pild\u012bt vissare\u017e\u0123\u012bt\u0101kos uzdevumus. Izm\u0113\u0123iniet m\u016bsu Bohler Uddeholm N695 t\u0113rauda na\u017eu kolekciju un iepaz\u012bstieties ar&hellip;\" \/>\n<meta property=\"og:url\" content=\"https:\/\/aaknives.eu\/lt\/tinklarastis\/\" \/>\n<meta property=\"og:site_name\" content=\"AAKnives\" \/>\n<meta property=\"article:publisher\" content=\"https:\/\/www.facebook.com\/aaknives.eu\/\" \/>\n<meta property=\"article:modified_time\" content=\"2025-01-21T22:24:38+00:00\" \/>\n<meta property=\"og:image\" content=\"https:\/\/aaknives.eu\/wp-content\/uploads\/2023\/08\/aaknives-hand-forged-dabascus-steel-blade-knife-handmade-custom-made-knife-handcrafted-knives-autinetools-northmen-7-1-450x300.jpg\" \/>\n<meta name=\"twitter:card\" content=\"summary_large_image\" \/>\n<meta name=\"twitter:label1\" content=\"Est. reading time\" \/>\n\t<meta name=\"twitter:data1\" content=\"6 minut\u0117s\" \/>\n<script type=\"application\/ld+json\" class=\"yoast-schema-graph\">{\"@context\":\"https:\\\/\\\/schema.org\",\"@graph\":[{\"@type\":\"WebPage\",\"@id\":\"https:\\\/\\\/aaknives.eu\\\/lt\\\/tinklarastis\\\/\",\"url\":\"https:\\\/\\\/aaknives.eu\\\/lt\\\/tinklarastis\\\/\",\"name\":\"Tinklara\u0161tis - AAKnives\",\"isPartOf\":{\"@id\":\"https:\\\/\\\/aaknives.eu\\\/lt\\\/#website\"},\"primaryImageOfPage\":{\"@id\":\"https:\\\/\\\/aaknives.eu\\\/lt\\\/tinklarastis\\\/#primaryimage\"},\"image\":{\"@id\":\"https:\\\/\\\/aaknives.eu\\\/lt\\\/tinklarastis\\\/#primaryimage\"},\"thumbnailUrl\":\"https:\\\/\\\/aaknives.eu\\\/wp-content\\\/uploads\\\/2023\\\/08\\\/aaknives-hand-forged-dabascus-steel-blade-knife-handmade-custom-made-knife-handcrafted-knives-autinetools-northmen-7-1-450x300.jpg\",\"datePublished\":\"2023-09-12T21:02:18+00:00\",\"dateModified\":\"2025-01-21T22:24:38+00:00\",\"breadcrumb\":{\"@id\":\"https:\\\/\\\/aaknives.eu\\\/lt\\\/tinklarastis\\\/#breadcrumb\"},\"inLanguage\":\"lt-LT\",\"potentialAction\":[{\"@type\":\"ReadAction\",\"target\":[\"https:\\\/\\\/aaknives.eu\\\/lt\\\/tinklarastis\\\/\"]}]},{\"@type\":\"ImageObject\",\"inLanguage\":\"lt-LT\",\"@id\":\"https:\\\/\\\/aaknives.eu\\\/lt\\\/tinklarastis\\\/#primaryimage\",\"url\":\"https:\\\/\\\/aaknives.eu\\\/wp-content\\\/uploads\\\/2023\\\/08\\\/aaknives-hand-forged-dabascus-steel-blade-knife-handmade-custom-made-knife-handcrafted-knives-autinetools-northmen-7-1-450x300.jpg\",\"contentUrl\":\"https:\\\/\\\/aaknives.eu\\\/wp-content\\\/uploads\\\/2023\\\/08\\\/aaknives-hand-forged-dabascus-steel-blade-knife-handmade-custom-made-knife-handcrafted-knives-autinetools-northmen-7-1-450x300.jpg\"},{\"@type\":\"BreadcrumbList\",\"@id\":\"https:\\\/\\\/aaknives.eu\\\/lt\\\/tinklarastis\\\/#breadcrumb\",\"itemListElement\":[{\"@type\":\"ListItem\",\"position\":1,\"name\":\"Home\",\"item\":\"https:\\\/\\\/aaknives.eu\\\/lt\\\/\"},{\"@type\":\"ListItem\",\"position\":2,\"name\":\"Tinklara\u0161tis\"}]},{\"@type\":\"WebSite\",\"@id\":\"https:\\\/\\\/aaknives.eu\\\/lt\\\/#website\",\"url\":\"https:\\\/\\\/aaknives.eu\\\/lt\\\/\",\"name\":\"AAKnives\",\"description\":\"Handmade knives\",\"publisher\":{\"@id\":\"https:\\\/\\\/aaknives.eu\\\/lt\\\/#organization\"},\"potentialAction\":[{\"@type\":\"SearchAction\",\"target\":{\"@type\":\"EntryPoint\",\"urlTemplate\":\"https:\\\/\\\/aaknives.eu\\\/lt\\\/?s={search_term_string}\"},\"query-input\":{\"@type\":\"PropertyValueSpecification\",\"valueRequired\":true,\"valueName\":\"search_term_string\"}}],\"inLanguage\":\"lt-LT\"},{\"@type\":\"Organization\",\"@id\":\"https:\\\/\\\/aaknives.eu\\\/lt\\\/#organization\",\"name\":\"AAKnives\",\"url\":\"https:\\\/\\\/aaknives.eu\\\/lt\\\/\",\"logo\":{\"@type\":\"ImageObject\",\"inLanguage\":\"lt-LT\",\"@id\":\"https:\\\/\\\/aaknives.eu\\\/lt\\\/#\\\/schema\\\/logo\\\/image\\\/\",\"url\":\"https:\\\/\\\/aaknives.eu\\\/wp-content\\\/uploads\\\/2021\\\/10\\\/AAknives_Logo_Green.png\",\"contentUrl\":\"https:\\\/\\\/aaknives.eu\\\/wp-content\\\/uploads\\\/2021\\\/10\\\/AAknives_Logo_Green.png\",\"width\":1768,\"height\":1768,\"caption\":\"AAKnives\"},\"image\":{\"@id\":\"https:\\\/\\\/aaknives.eu\\\/lt\\\/#\\\/schema\\\/logo\\\/image\\\/\"},\"sameAs\":[\"https:\\\/\\\/www.facebook.com\\\/aaknives.eu\\\/\",\"https:\\\/\\\/www.instagram.com\\\/aaknives\\\/\",\"https:\\\/\\\/www.pinterest.com\\\/aa_knives\\\/\",\"https:\\\/\\\/www.youtube.com\\\/channel\\\/UCHOQFjrOkgT6s4FIw9LDKyw\\\/featured\"]}]}<\/script>\n<!-- \/ Yoast SEO plugin. -->","yoast_head_json":{"title":"Tinklara\u0161tis - AAKnives","robots":{"index":"index","follow":"follow","max-snippet":"max-snippet:-1","max-image-preview":"max-image-preview:large","max-video-preview":"max-video-preview:-1"},"canonical":"https:\/\/aaknives.eu\/lt\/tinklarastis\/","og_locale":"lt_LT","og_type":"article","og_title":"Tinklara\u0161tis - AAKnives","og_description":"T\u0113rauds Bohler Uddeholm N695 Bohler Uddeholm N695 t\u0113rauds ir ner\u016bs\u0113jo\u0161s un iztur\u012bgs materi\u0101ls, ko ra\u017eo cien\u012bjama t\u0113rauda ra\u017eot\u0101js Bohler Uddeholm. Tas izce\u013cas ar savu sp\u0113ju saglab\u0101t asme\u0146a \u0161\u0137autni un iztur\u0113t intens\u012bvu lieto\u0161anu. M\u016bsu na\u017eu asme\u0146i, izgatavoti no Bohler Uddeholm N695 t\u0113rauda, sniedz nevainojamu grie\u0161anas precizit\u0101ti un ilgsto\u0161u kalpo\u0161anas laiku, kas padara tos par ide\u0101liem pal\u012bgiem virtuv\u0113, br\u012bv\u0101 dab\u0101 vai ikdienas piedz\u012bvojumos. M\u0113s piev\u0113r\u0161am \u012bpa\u0161u uzman\u012bbu deta\u013c\u0101m un kvalit\u0101tei, izmantojot Bohler Uddeholm N695 t\u0113raudu, lai rad\u012btu nazi, kas ne tikai izce\u013cas ar savu izskatu, bet ar\u012b sp\u0113j pild\u012bt vissare\u017e\u0123\u012bt\u0101kos uzdevumus. Izm\u0113\u0123iniet m\u016bsu Bohler Uddeholm N695 t\u0113rauda na\u017eu kolekciju un iepaz\u012bstieties ar&hellip;","og_url":"https:\/\/aaknives.eu\/lt\/tinklarastis\/","og_site_name":"AAKnives","article_publisher":"https:\/\/www.facebook.com\/aaknives.eu\/","article_modified_time":"2025-01-21T22:24:38+00:00","og_image":[{"url":"https:\/\/aaknives.eu\/wp-content\/uploads\/2023\/08\/aaknives-hand-forged-dabascus-steel-blade-knife-handmade-custom-made-knife-handcrafted-knives-autinetools-northmen-7-1-450x300.jpg","type":"","width":"","height":""}],"twitter_card":"summary_large_image","twitter_misc":{"Est. reading time":"6 minut\u0117s"},"schema":{"@context":"https:\/\/schema.org","@graph":[{"@type":"WebPage","@id":"https:\/\/aaknives.eu\/lt\/tinklarastis\/","url":"https:\/\/aaknives.eu\/lt\/tinklarastis\/","name":"Tinklara\u0161tis - AAKnives","isPartOf":{"@id":"https:\/\/aaknives.eu\/lt\/#website"},"primaryImageOfPage":{"@id":"https:\/\/aaknives.eu\/lt\/tinklarastis\/#primaryimage"},"image":{"@id":"https:\/\/aaknives.eu\/lt\/tinklarastis\/#primaryimage"},"thumbnailUrl":"https:\/\/aaknives.eu\/wp-content\/uploads\/2023\/08\/aaknives-hand-forged-dabascus-steel-blade-knife-handmade-custom-made-knife-handcrafted-knives-autinetools-northmen-7-1-450x300.jpg","datePublished":"2023-09-12T21:02:18+00:00","dateModified":"2025-01-21T22:24:38+00:00","breadcrumb":{"@id":"https:\/\/aaknives.eu\/lt\/tinklarastis\/#breadcrumb"},"inLanguage":"lt-LT","potentialAction":[{"@type":"ReadAction","target":["https:\/\/aaknives.eu\/lt\/tinklarastis\/"]}]},{"@type":"ImageObject","inLanguage":"lt-LT","@id":"https:\/\/aaknives.eu\/lt\/tinklarastis\/#primaryimage","url":"https:\/\/aaknives.eu\/wp-content\/uploads\/2023\/08\/aaknives-hand-forged-dabascus-steel-blade-knife-handmade-custom-made-knife-handcrafted-knives-autinetools-northmen-7-1-450x300.jpg","contentUrl":"https:\/\/aaknives.eu\/wp-content\/uploads\/2023\/08\/aaknives-hand-forged-dabascus-steel-blade-knife-handmade-custom-made-knife-handcrafted-knives-autinetools-northmen-7-1-450x300.jpg"},{"@type":"BreadcrumbList","@id":"https:\/\/aaknives.eu\/lt\/tinklarastis\/#breadcrumb","itemListElement":[{"@type":"ListItem","position":1,"name":"Home","item":"https:\/\/aaknives.eu\/lt\/"},{"@type":"ListItem","position":2,"name":"Tinklara\u0161tis"}]},{"@type":"WebSite","@id":"https:\/\/aaknives.eu\/lt\/#website","url":"https:\/\/aaknives.eu\/lt\/","name":"AAKnives","description":"Handmade knives","publisher":{"@id":"https:\/\/aaknives.eu\/lt\/#organization"},"potentialAction":[{"@type":"SearchAction","target":{"@type":"EntryPoint","urlTemplate":"https:\/\/aaknives.eu\/lt\/?s={search_term_string}"},"query-input":{"@type":"PropertyValueSpecification","valueRequired":true,"valueName":"search_term_string"}}],"inLanguage":"lt-LT"},{"@type":"Organization","@id":"https:\/\/aaknives.eu\/lt\/#organization","name":"AAKnives","url":"https:\/\/aaknives.eu\/lt\/","logo":{"@type":"ImageObject","inLanguage":"lt-LT","@id":"https:\/\/aaknives.eu\/lt\/#\/schema\/logo\/image\/","url":"https:\/\/aaknives.eu\/wp-content\/uploads\/2021\/10\/AAknives_Logo_Green.png","contentUrl":"https:\/\/aaknives.eu\/wp-content\/uploads\/2021\/10\/AAknives_Logo_Green.png","width":1768,"height":1768,"caption":"AAKnives"},"image":{"@id":"https:\/\/aaknives.eu\/lt\/#\/schema\/logo\/image\/"},"sameAs":["https:\/\/www.facebook.com\/aaknives.eu\/","https:\/\/www.instagram.com\/aaknives\/","https:\/\/www.pinterest.com\/aa_knives\/","https:\/\/www.youtube.com\/channel\/UCHOQFjrOkgT6s4FIw9LDKyw\/featured"]}]}},"_links":{"self":[{"href":"https:\/\/aaknives.eu\/lt\/wp-json\/wp\/v2\/pages\/51873","targetHints":{"allow":["GET"]}}],"collection":[{"href":"https:\/\/aaknives.eu\/lt\/wp-json\/wp\/v2\/pages"}],"about":[{"href":"https:\/\/aaknives.eu\/lt\/wp-json\/wp\/v2\/types\/page"}],"author":[{"embeddable":true,"href":"https:\/\/aaknives.eu\/lt\/wp-json\/wp\/v2\/users\/1"}],"replies":[{"embeddable":true,"href":"https:\/\/aaknives.eu\/lt\/wp-json\/wp\/v2\/comments?post=51873"}],"version-history":[{"count":2,"href":"https:\/\/aaknives.eu\/lt\/wp-json\/wp\/v2\/pages\/51873\/revisions"}],"predecessor-version":[{"id":95056,"href":"https:\/\/aaknives.eu\/lt\/wp-json\/wp\/v2\/pages\/51873\/revisions\/95056"}],"wp:attachment":[{"href":"https:\/\/aaknives.eu\/lt\/wp-json\/wp\/v2\/media?parent=51873"}],"curies":[{"name":"wp","href":"https:\/\/api.w.org\/{rel}","templated":true}]}}