{"id":52072,"date":"2018-08-22T08:50:17","date_gmt":"2018-08-22T08:50:17","guid":{"rendered":"https:\/\/aaknives.eu\/privatumo-politika\/"},"modified":"2024-02-22T21:59:54","modified_gmt":"2024-02-22T21:59:54","slug":"privatumo-politika","status":"publish","type":"page","link":"https:\/\/aaknives.eu\/lt\/privatumo-politika\/","title":{"rendered":"Privatumo politika"},"content":{"rendered":"\t\t<div data-elementor-type=\"wp-page\" data-elementor-id=\"52072\" class=\"elementor elementor-52072 elementor-3392\" data-elementor-post-type=\"page\">\n\t\t\t\t\t\t<section class=\"elementor-section elementor-top-section elementor-element elementor-element-a773519 elementor-section-boxed elementor-section-height-default elementor-section-height-default\" data-id=\"a773519\" data-element_type=\"section\" data-e-type=\"section\">\n\t\t\t\t\t\t<div class=\"elementor-container elementor-column-gap-default\">\n\t\t\t\t\t<div class=\"elementor-column elementor-col-100 elementor-top-column elementor-element elementor-element-b720120\" data-id=\"b720120\" data-element_type=\"column\" data-e-type=\"column\">\n\t\t\t<div class=\"elementor-widget-wrap elementor-element-populated\">\n\t\t\t\t\t\t<div class=\"elementor-element elementor-element-1b07d01 elementor-widget elementor-widget-text-editor\" data-id=\"1b07d01\" data-element_type=\"widget\" data-e-type=\"widget\" data-widget_type=\"text-editor.default\">\n\t\t\t\t<div class=\"elementor-widget-container\">\n\t\t\t\t\t\t\t\t\t<p><strong>Duomen\u0173 apdorojimo apimtis<\/strong><\/p>\n<p>&#8220;Sia Gone Fishing&#8221; \u012fsipareigoja rinkti ir saugoti tik tuos asmens duomenis, kurie yra b\u016btini &#8220;Sia Gone Fishing&#8221; veiklai vykdyti. &#8220;Sia Gone Fishing&#8221; taip pat \u012fsipareigoja d\u0117ti visas pagr\u012fstas pastangas, kad u\u017etikrint\u0173 tvarkom\u0173 asmens duomen\u0173 tikslum\u0105 ir i\u0161samum\u0105, kuo tiksliau nurodydama klientams, kaip teisingai ir i\u0161samiai \u012fvesti savo duomenis.<\/p>\n<p>&#8220;Sia Gone Fishing&#8221; tvarkys asmens duomenis siekdama u\u017etikrinti j\u0173 konfidencialum\u0105 ir naudos visas tinkamas priemones ir \u012frankius, kad u\u017ekirst\u0173 keli\u0105 bet kokiai neteis\u0117tai prieigai. Sia &#8220;Gone Fishing&#8221; renka ir tvarko Asmens duomenis tik Sia &#8220;Gone Fishing&#8221; pareig\u0173 vykdymo tikslais pagal \u012fstatym\u0173 ir kit\u0173 teis\u0117s akt\u0173 reikalavimus.<\/p>\n<p>Asmens duomenys nebus perduodami jokiai tre\u010diajai \u0161aliai, i\u0161skyrus atvejus, kai tai b\u016btina sutartiniams \u012fsipareigojimams tarp Sia &#8220;Gone Fishing&#8221; ir Duomen\u0173 subjekto vykdyti arba kai kitaip leid\u017eiama ar privaloma pagal galiojan\u010dius \u012fstatymus ir kitus teis\u0117s aktus.<\/p>\n<p><strong>Duomen\u0173 saugumas ir naudojimas<\/strong><\/p>\n<p>Jei Klientas nusprend\u0117 u\u017esiregistruoti Svetain\u0117je, jo bus papra\u0161yta pateikti informacij\u0105 apie savo vard\u0105, pavard\u0119, adres\u0105, el. pa\u0161to adres\u0105 ir kitus duomenis. Sia &#8220;Gone Fishing&#8221; turi teis\u0119 naudoti pateikt\u0105 informacij\u0105 Svetainei pritaikyti ir tobulinti. Tai gali b\u016bti, pavyzd\u017eiui, reklaminiai pasi\u016blymai, pritaikyti prie ankstesni\u0173 kliento pirkini\u0173 ir teikiami klientui internetu arba el. pa\u0161tu, gavus kliento sutikim\u0105 arba laikantis teis\u0117s akt\u0173 reikalavim\u0173.<\/p>\n<p>&#8220;Sia Gone Fishing&#8221; tvarkydama asmens duomenis u\u017etikrins j\u0173 konfidencialum\u0105 ir taikys vidaus proced\u016bras bei kontrol\u0117s priemones, kad u\u017ekirst\u0173 keli\u0105 neteis\u0117tam asmens duomen\u0173 naudojimui, prieigai, atskleidimui, kopijavimui, pakeitimui ar sugadinimui, ir panaudos visas pagr\u012fstas priemones, kad u\u017etikrint\u0173 asmens duomen\u0173 saugum\u0105, vientisum\u0105 ir privatum\u0105.<\/p>\n<p>&#8220;Sia Gone Fishing&#8221; tvarkys Asmens duomenis tik s\u0105\u017einingai ir laikydamasi teis\u0117s akt\u0173 ir nenaudos Asmens duomen\u0173 tikslais, nesuderinamais su tikslais, d\u0117l kuri\u0173 &#8220;Sia Gone Fishing&#8221; gavo Asmens duomenis.<\/p>\n<p>Surinktus Kliento asmens duomenis &#8220;Sia Gone Fishing&#8221; tvarkys siekdama: \u012fvykdyti u\u017esakymus; pad\u0117ti &#8220;Sia Gone Fishing&#8221; tobulinti Svetain\u0119 ir informacijos prieinamum\u0105 Klientui internetu; teikti Klientui informacij\u0105 apie &#8220;Sia Gone Fishing&#8221; produktus ir paslaugas; u\u017esakymo, klient\u0173 aptarnavimo, mok\u0117jimo ir paslaug\u0173 teikimo tikslais; ir kitais tikslais pagal galiojan\u010dius \u012fstatymus ir kitus teis\u0117s aktus.<\/p>\n<p><strong>Preki\u0173 ir paslaug\u0173 u\u017esakymas internetu<\/strong><\/p>\n<p>Jei klientas nori pateikti u\u017esakym\u0105 internetu, &#8220;Sia Gone Fishing&#8221; turi \u017einoti kliento vard\u0105 ir pavard\u0119, el. pa\u0161to adres\u0105, telefono numer\u012f, pa\u0161to adres\u0105 ir mok\u0117jimo duomenis (pvz., kredito kortel\u0117s numer\u012f ir galiojimo dat\u0105). Tai leid\u017eia &#8220;Sia Gone Fishing&#8221; u\u017etikrinti visi\u0161k\u0105 kliento u\u017esakymo \u012fvykdym\u0105 ir informuoti jus apie u\u017esakymo b\u016bkl\u0119.<\/p>\n<p><strong>Slapukai<\/strong><\/p>\n<p>Sia &#8220;Gone Fishing&#8221; turi teis\u0119 rinkti duomenis apie svetain\u0117s naudotoj\u0105 naudodama slapukus, kad gal\u0117t\u0173 pagerinti naudotojams teikiamas paslaugas. Slapukai &#8211; tai failai, kuriuos svetain\u0117s talpina \u012f naudotoj\u0173 kompiuterius, kad atpa\u017eint\u0173 naudotoj\u0105 ir palengvint\u0173 naudojim\u0105si svetaine. Interneto nar\u0161ykl\u0117s gali b\u016bti sukonfig\u016bruotos taip, kad \u012fsp\u0117t\u0173 klient\u0105 apie slapuk\u0173 naudojim\u0105 ir leist\u0173 klientui pasirinkti, ar juos priimti. Nesutikdamas su slapukais, Klientas negal\u0117s naudotis Svetaine, ta\u010diau gali b\u016bti apribotos Kliento galimyb\u0117s naudotis Svetaine.<\/p>\n<p><strong>Tre\u010diosios \u0161alys<\/strong><\/p>\n<p>&#8220;Sia Gone Fishing&#8221; neperduos Asmens duomen\u0173 tre\u010diosioms \u0161alims, i\u0161skyrus atvejus, kai tai b\u016btina pagr\u012fstam jos verslo vykdymui, su s\u0105lyga, kad tokios tre\u010diosios \u0161alys i\u0161laikys Asmens duomen\u0173 konfidencialum\u0105 ir u\u017etikrins tinkam\u0105 apsaug\u0105. &#8220;Sia Gone Fishing&#8221; perduos asmens duomenis &#8220;Sia Gone Fishing&#8221; tiek\u0117jams, subrangovams, strateginiams partneriams ir kitiems asmenims, kurie padeda &#8220;Sia Gone Fishing&#8221; ir jos klientams vykdyti savo versl\u0105, atitinkamo bendradarbiavimo tikslais. Ta\u010diau tokiais atvejais &#8220;Sia Gone Fishing&#8221; reikalaus, kad gav\u0117jai \u012fsipareigot\u0173 gaut\u0105 informacij\u0105 naudoti tik tais tikslais, kuriais duomenys buvo pateikti, ir pagal galiojan\u010di\u0173 \u012fstatym\u0173 ir kit\u0173 teis\u0117s akt\u0173 reikalavimus.<\/p>\n<p>&#8220;Sia Gone Fishing&#8221; \u012fsipareigoja neperduoti Asmens duomen\u0173 organizacijai ar kitam asmeniui, esan\u010diam \u0161alyje, kuri neu\u017etikrina tinkamo Asmens duomen\u0173 apsaugos lygio, i\u0161skyrus \u0161iuos atvejus:<\/p>\n<p>Klientas dav\u0117 sutikim\u0105;<\/p>\n<ul>\n<li>Perdavimas yra b\u016btinas norint sudaryti arba vykdyti sutart\u012f su klientu;<\/li>\n<li>Perdavimas yra b\u016btinas kliento interesais sudarytai sutar\u010diai sudaryti arba vykdyti;<\/li>\n<li>Perdavimas leid\u017eiamas pagal galiojan\u010di\u0173 \u012fstatym\u0173 ir kit\u0173 teis\u0117s akt\u0173 reikalavimus.<\/li>\n<\/ul>\n<p><strong>  Prieiga prie asmens duomen\u0173<\/strong><\/p>\n<p>Remdamasi pagr\u012fstu ra\u0161ytiniu pra\u0161ymu, &#8220;Sia Gone Fishing&#8221; informuos duomen\u0173 subjekt\u0105 apie:<\/p>\n<ul>\n<li>asmens duomenys, kuriuos &#8220;Sia Gone Fishing&#8221; tvarko apie jus; duomen\u0173 \u0161altinis (jei atskleisti duomenis leid\u017eiama pagal \u012fstatymus ar kitus teis\u0117s aktus);<\/li>\n<li>paskutinio Asmens duomen\u0173 pakeitimo dat\u0105;<\/li>\n<li>tikslai, kuriais tvarkomi asmens duomenys; duomen\u0173 gav\u0117jai arba duomen\u0173 gav\u0117j\u0173 kategorijos;<\/li>\n<li>ar informacija tvarkoma automatizuotomis priemon\u0117mis.<\/li>\n<\/ul>\n<p>&#8220;Sia Gone Fishing&#8221; imsis b\u016btin\u0173 veiksm\u0173, kad i\u0161taisyt\u0173 arba i\u0161trint\u0173 bet kokius netikslumus Asmens duomenyse, apie kuriuos su\u017einojo tiesiogiai arba naudodamasi teikiamomis paslaugomis. &#8220;Sia Gone Fishing&#8221;, kiek tai pagr\u012fstai \u012fmanoma, informuos Kliento asmens duomen\u0173 gav\u0117jus apie tokius pakeitimus. Ta\u010diau Sia &#8220;Gone Fishing&#8221; turi teis\u0119 apriboti prieig\u0105 prie duomen\u0173, juos i\u0161taisyti arba i\u0161trinti pagal galiojan\u010di\u0173 \u012fstatym\u0173 ir kit\u0173 teis\u0117s akt\u0173 reikalavimus.<\/p>\n<p><strong>Asmens duomen\u0173 redagavimas arba i\u0161trynimas<\/strong><\/p>\n<p>Jei reikia, duomen\u0173 subjektas turi teis\u0119 bet kuriuo metu pakeisti, papildyti arba i\u0161trinti savo naudotojo paskyroje saugomus jo asmens duomenis.<\/p>\n<p>Jei naudotojas nori: atsisakyti gauti tolesnius prane\u0161imus, visi\u0161kai i\u0161trinti savo Asmens duomenis i\u0161 Paslaugos, tur\u0117ti klausim\u0173 d\u0117l savo Asmens duomen\u0173 naudojimo, pra\u0161ome susisiekti su Sia &#8220;Gone Fishing&#8221; el. pa\u0161tu info@aaknives.eu arba telefonu +371 24406160.<\/p>\n<p><strong>Privatumo politikos patikslinimai ir pakeitimai<\/strong><\/p>\n<p>&#8220;Sia Gone Fishing&#8221; gali savo nuo\u017ei\u016bra kartais keisti \u0161i\u0105 privatumo politik\u0105.<\/p>\n\t\t\t\t\t\t\t\t<\/div>\n\t\t\t\t<\/div>\n\t\t\t\t\t<\/div>\n\t\t<\/div>\n\t\t\t\t\t<\/div>\n\t\t<\/section>\n\t\t\t\t<\/div>\n\t\t","protected":false},"excerpt":{"rendered":"<p>Duomen\u0173 apdorojimo apimtis &#8220;Sia Gone Fishing&#8221; \u012fsipareigoja rinkti ir saugoti tik tuos asmens duomenis, kurie yra b\u016btini &#8220;Sia Gone Fishing&#8221; veiklai vykdyti. &#8220;Sia Gone Fishing&#8221; taip pat \u012fsipareigoja d\u0117ti visas pagr\u012fstas pastangas, kad u\u017etikrint\u0173 tvarkom\u0173 asmens duomen\u0173 tikslum\u0105 ir i\u0161samum\u0105, kuo tiksliau nurodydama klientams, kaip teisingai ir i\u0161samiai \u012fvesti savo duomenis. &#8220;Sia Gone Fishing&#8221; tvarkys asmens duomenis siekdama u\u017etikrinti j\u0173 konfidencialum\u0105 ir naudos visas tinkamas priemones ir \u012frankius, kad u\u017ekirst\u0173 keli\u0105 bet kokiai neteis\u0117tai prieigai. Sia &#8220;Gone Fishing&#8221; renka ir tvarko Asmens duomenis tik Sia &#8220;Gone Fishing&#8221; pareig\u0173 vykdymo tikslais pagal \u012fstatym\u0173 ir kit\u0173 teis\u0117s akt\u0173 reikalavimus. Asmens duomenys nebus&hellip;<\/p>\n","protected":false},"author":1,"featured_media":0,"parent":0,"menu_order":0,"comment_status":"closed","ping_status":"closed","template":"","meta":{"_themeisle_gutenberg_block_has_review":false,"footnotes":""},"class_list":["post-52072","page","type-page","status-publish","hentry"],"yoast_head":"<!-- This site is optimized with the Yoast SEO plugin v27.5 - https:\/\/yoast.com\/product\/yoast-seo-wordpress\/ -->\n<title>Privatumo politika - AAKnives<\/title>\n<meta name=\"description\" content=\"Duomen\u0173 tvarkymo apimtis &quot;Sia Gone Fishing&quot; \u012fsipareigoja rinkti ir saugoti tik tuos asmens duomenis, kurie yra b\u016btini &quot;Sia Gone Fishing&quot; verslo veiklai vykdyti. &quot;Sia Gone Fishing&quot; taip pat \u012fsipareigoja d\u0117ti visas pagr\u012fstas pastangas, kad u\u017etikrint\u0173 tvarkom\u0173 asmens duomen\u0173 tikslum\u0105 ir i\u0161samum\u0105, kuo tiksliau nurodydama klientams, kaip teisingai ir i\u0161samiai \u012fvesti savo duomenis.\" \/>\n<meta name=\"robots\" content=\"index, follow, max-snippet:-1, max-image-preview:large, max-video-preview:-1\" \/>\n<link rel=\"canonical\" href=\"https:\/\/aaknives.eu\/lt\/privatumo-politika\/\" \/>\n<meta property=\"og:locale\" content=\"lt_LT\" \/>\n<meta property=\"og:type\" content=\"article\" \/>\n<meta property=\"og:title\" content=\"Privatumo politika - AAKnives\" \/>\n<meta property=\"og:description\" content=\"Duomen\u0173 tvarkymo apimtis &quot;Sia Gone Fishing&quot; \u012fsipareigoja rinkti ir saugoti tik tuos asmens duomenis, kurie yra b\u016btini &quot;Sia Gone Fishing&quot; verslo veiklai vykdyti. &quot;Sia Gone Fishing&quot; taip pat \u012fsipareigoja d\u0117ti visas pagr\u012fstas pastangas, kad u\u017etikrint\u0173 tvarkom\u0173 asmens duomen\u0173 tikslum\u0105 ir i\u0161samum\u0105, kuo tiksliau nurodydama klientams, kaip teisingai ir i\u0161samiai \u012fvesti savo duomenis.\" \/>\n<meta property=\"og:url\" content=\"https:\/\/aaknives.eu\/lt\/privatumo-politika\/\" \/>\n<meta property=\"og:site_name\" content=\"AAKnives\" \/>\n<meta property=\"article:publisher\" content=\"https:\/\/www.facebook.com\/aaknives.eu\/\" \/>\n<meta property=\"article:modified_time\" content=\"2024-02-22T21:59:54+00:00\" \/>\n<meta name=\"twitter:card\" content=\"summary_large_image\" \/>\n<meta name=\"twitter:label1\" content=\"Est. reading time\" \/>\n\t<meta name=\"twitter:data1\" content=\"4 minut\u0117s\" \/>\n<script type=\"application\/ld+json\" class=\"yoast-schema-graph\">{\"@context\":\"https:\\\/\\\/schema.org\",\"@graph\":[{\"@type\":\"WebPage\",\"@id\":\"https:\\\/\\\/aaknives.eu\\\/lt\\\/privatumo-politika\\\/\",\"url\":\"https:\\\/\\\/aaknives.eu\\\/lt\\\/privatumo-politika\\\/\",\"name\":\"Privatumo politika - AAKnives\",\"isPartOf\":{\"@id\":\"https:\\\/\\\/aaknives.eu\\\/lt\\\/#website\"},\"datePublished\":\"2018-08-22T08:50:17+00:00\",\"dateModified\":\"2024-02-22T21:59:54+00:00\",\"description\":\"Duomen\u0173 tvarkymo apimtis \\\"Sia Gone Fishing\\\" \u012fsipareigoja rinkti ir saugoti tik tuos asmens duomenis, kurie yra b\u016btini \\\"Sia Gone Fishing\\\" verslo veiklai vykdyti. \\\"Sia Gone Fishing\\\" taip pat \u012fsipareigoja d\u0117ti visas pagr\u012fstas pastangas, kad u\u017etikrint\u0173 tvarkom\u0173 asmens duomen\u0173 tikslum\u0105 ir i\u0161samum\u0105, kuo tiksliau nurodydama klientams, kaip teisingai ir i\u0161samiai \u012fvesti savo duomenis.\",\"breadcrumb\":{\"@id\":\"https:\\\/\\\/aaknives.eu\\\/lt\\\/privatumo-politika\\\/#breadcrumb\"},\"inLanguage\":\"lt-LT\",\"potentialAction\":[{\"@type\":\"ReadAction\",\"target\":[\"https:\\\/\\\/aaknives.eu\\\/lt\\\/privatumo-politika\\\/\"]}]},{\"@type\":\"BreadcrumbList\",\"@id\":\"https:\\\/\\\/aaknives.eu\\\/lt\\\/privatumo-politika\\\/#breadcrumb\",\"itemListElement\":[{\"@type\":\"ListItem\",\"position\":1,\"name\":\"Home\",\"item\":\"https:\\\/\\\/aaknives.eu\\\/lt\\\/\"},{\"@type\":\"ListItem\",\"position\":2,\"name\":\"Privatumo politika\"}]},{\"@type\":\"WebSite\",\"@id\":\"https:\\\/\\\/aaknives.eu\\\/lt\\\/#website\",\"url\":\"https:\\\/\\\/aaknives.eu\\\/lt\\\/\",\"name\":\"AAKnives\",\"description\":\"Handmade knives\",\"publisher\":{\"@id\":\"https:\\\/\\\/aaknives.eu\\\/lt\\\/#organization\"},\"potentialAction\":[{\"@type\":\"SearchAction\",\"target\":{\"@type\":\"EntryPoint\",\"urlTemplate\":\"https:\\\/\\\/aaknives.eu\\\/lt\\\/?s={search_term_string}\"},\"query-input\":{\"@type\":\"PropertyValueSpecification\",\"valueRequired\":true,\"valueName\":\"search_term_string\"}}],\"inLanguage\":\"lt-LT\"},{\"@type\":\"Organization\",\"@id\":\"https:\\\/\\\/aaknives.eu\\\/lt\\\/#organization\",\"name\":\"AAKnives\",\"url\":\"https:\\\/\\\/aaknives.eu\\\/lt\\\/\",\"logo\":{\"@type\":\"ImageObject\",\"inLanguage\":\"lt-LT\",\"@id\":\"https:\\\/\\\/aaknives.eu\\\/lt\\\/#\\\/schema\\\/logo\\\/image\\\/\",\"url\":\"https:\\\/\\\/aaknives.eu\\\/wp-content\\\/uploads\\\/2021\\\/10\\\/AAknives_Logo_Green.png\",\"contentUrl\":\"https:\\\/\\\/aaknives.eu\\\/wp-content\\\/uploads\\\/2021\\\/10\\\/AAknives_Logo_Green.png\",\"width\":1768,\"height\":1768,\"caption\":\"AAKnives\"},\"image\":{\"@id\":\"https:\\\/\\\/aaknives.eu\\\/lt\\\/#\\\/schema\\\/logo\\\/image\\\/\"},\"sameAs\":[\"https:\\\/\\\/www.facebook.com\\\/aaknives.eu\\\/\",\"https:\\\/\\\/www.instagram.com\\\/aaknives\\\/\",\"https:\\\/\\\/www.pinterest.com\\\/aa_knives\\\/\",\"https:\\\/\\\/www.youtube.com\\\/channel\\\/UCHOQFjrOkgT6s4FIw9LDKyw\\\/featured\"]}]}<\/script>\n<!-- \/ Yoast SEO plugin. -->","yoast_head_json":{"title":"Privatumo politika - AAKnives","description":"Duomen\u0173 tvarkymo apimtis \"Sia Gone Fishing\" \u012fsipareigoja rinkti ir saugoti tik tuos asmens duomenis, kurie yra b\u016btini \"Sia Gone Fishing\" verslo veiklai vykdyti. \"Sia Gone Fishing\" taip pat \u012fsipareigoja d\u0117ti visas pagr\u012fstas pastangas, kad u\u017etikrint\u0173 tvarkom\u0173 asmens duomen\u0173 tikslum\u0105 ir i\u0161samum\u0105, kuo tiksliau nurodydama klientams, kaip teisingai ir i\u0161samiai \u012fvesti savo duomenis.","robots":{"index":"index","follow":"follow","max-snippet":"max-snippet:-1","max-image-preview":"max-image-preview:large","max-video-preview":"max-video-preview:-1"},"canonical":"https:\/\/aaknives.eu\/lt\/privatumo-politika\/","og_locale":"lt_LT","og_type":"article","og_title":"Privatumo politika - AAKnives","og_description":"Duomen\u0173 tvarkymo apimtis \"Sia Gone Fishing\" \u012fsipareigoja rinkti ir saugoti tik tuos asmens duomenis, kurie yra b\u016btini \"Sia Gone Fishing\" verslo veiklai vykdyti. \"Sia Gone Fishing\" taip pat \u012fsipareigoja d\u0117ti visas pagr\u012fstas pastangas, kad u\u017etikrint\u0173 tvarkom\u0173 asmens duomen\u0173 tikslum\u0105 ir i\u0161samum\u0105, kuo tiksliau nurodydama klientams, kaip teisingai ir i\u0161samiai \u012fvesti savo duomenis.","og_url":"https:\/\/aaknives.eu\/lt\/privatumo-politika\/","og_site_name":"AAKnives","article_publisher":"https:\/\/www.facebook.com\/aaknives.eu\/","article_modified_time":"2024-02-22T21:59:54+00:00","twitter_card":"summary_large_image","twitter_misc":{"Est. reading time":"4 minut\u0117s"},"schema":{"@context":"https:\/\/schema.org","@graph":[{"@type":"WebPage","@id":"https:\/\/aaknives.eu\/lt\/privatumo-politika\/","url":"https:\/\/aaknives.eu\/lt\/privatumo-politika\/","name":"Privatumo politika - AAKnives","isPartOf":{"@id":"https:\/\/aaknives.eu\/lt\/#website"},"datePublished":"2018-08-22T08:50:17+00:00","dateModified":"2024-02-22T21:59:54+00:00","description":"Duomen\u0173 tvarkymo apimtis \"Sia Gone Fishing\" \u012fsipareigoja rinkti ir saugoti tik tuos asmens duomenis, kurie yra b\u016btini \"Sia Gone Fishing\" verslo veiklai vykdyti. \"Sia Gone Fishing\" taip pat \u012fsipareigoja d\u0117ti visas pagr\u012fstas pastangas, kad u\u017etikrint\u0173 tvarkom\u0173 asmens duomen\u0173 tikslum\u0105 ir i\u0161samum\u0105, kuo tiksliau nurodydama klientams, kaip teisingai ir i\u0161samiai \u012fvesti savo duomenis.","breadcrumb":{"@id":"https:\/\/aaknives.eu\/lt\/privatumo-politika\/#breadcrumb"},"inLanguage":"lt-LT","potentialAction":[{"@type":"ReadAction","target":["https:\/\/aaknives.eu\/lt\/privatumo-politika\/"]}]},{"@type":"BreadcrumbList","@id":"https:\/\/aaknives.eu\/lt\/privatumo-politika\/#breadcrumb","itemListElement":[{"@type":"ListItem","position":1,"name":"Home","item":"https:\/\/aaknives.eu\/lt\/"},{"@type":"ListItem","position":2,"name":"Privatumo politika"}]},{"@type":"WebSite","@id":"https:\/\/aaknives.eu\/lt\/#website","url":"https:\/\/aaknives.eu\/lt\/","name":"AAKnives","description":"Handmade knives","publisher":{"@id":"https:\/\/aaknives.eu\/lt\/#organization"},"potentialAction":[{"@type":"SearchAction","target":{"@type":"EntryPoint","urlTemplate":"https:\/\/aaknives.eu\/lt\/?s={search_term_string}"},"query-input":{"@type":"PropertyValueSpecification","valueRequired":true,"valueName":"search_term_string"}}],"inLanguage":"lt-LT"},{"@type":"Organization","@id":"https:\/\/aaknives.eu\/lt\/#organization","name":"AAKnives","url":"https:\/\/aaknives.eu\/lt\/","logo":{"@type":"ImageObject","inLanguage":"lt-LT","@id":"https:\/\/aaknives.eu\/lt\/#\/schema\/logo\/image\/","url":"https:\/\/aaknives.eu\/wp-content\/uploads\/2021\/10\/AAknives_Logo_Green.png","contentUrl":"https:\/\/aaknives.eu\/wp-content\/uploads\/2021\/10\/AAknives_Logo_Green.png","width":1768,"height":1768,"caption":"AAKnives"},"image":{"@id":"https:\/\/aaknives.eu\/lt\/#\/schema\/logo\/image\/"},"sameAs":["https:\/\/www.facebook.com\/aaknives.eu\/","https:\/\/www.instagram.com\/aaknives\/","https:\/\/www.pinterest.com\/aa_knives\/","https:\/\/www.youtube.com\/channel\/UCHOQFjrOkgT6s4FIw9LDKyw\/featured"]}]}},"_links":{"self":[{"href":"https:\/\/aaknives.eu\/lt\/wp-json\/wp\/v2\/pages\/52072","targetHints":{"allow":["GET"]}}],"collection":[{"href":"https:\/\/aaknives.eu\/lt\/wp-json\/wp\/v2\/pages"}],"about":[{"href":"https:\/\/aaknives.eu\/lt\/wp-json\/wp\/v2\/types\/page"}],"author":[{"embeddable":true,"href":"https:\/\/aaknives.eu\/lt\/wp-json\/wp\/v2\/users\/1"}],"replies":[{"embeddable":true,"href":"https:\/\/aaknives.eu\/lt\/wp-json\/wp\/v2\/comments?post=52072"}],"version-history":[{"count":1,"href":"https:\/\/aaknives.eu\/lt\/wp-json\/wp\/v2\/pages\/52072\/revisions"}],"predecessor-version":[{"id":52073,"href":"https:\/\/aaknives.eu\/lt\/wp-json\/wp\/v2\/pages\/52072\/revisions\/52073"}],"wp:attachment":[{"href":"https:\/\/aaknives.eu\/lt\/wp-json\/wp\/v2\/media?parent=52072"}],"curies":[{"name":"wp","href":"https:\/\/api.w.org\/{rel}","templated":true}]}}