{"id":52082,"date":"2021-10-04T21:05:37","date_gmt":"2021-10-04T21:05:37","guid":{"rendered":"https:\/\/aaknives.eu\/terminai-ir-salygos\/"},"modified":"2024-02-22T23:39:33","modified_gmt":"2024-02-22T23:39:33","slug":"terminai-ir-salygos","status":"publish","type":"page","link":"https:\/\/aaknives.eu\/lt\/terminai-ir-salygos\/","title":{"rendered":"Terminai ir s\u0105lygos"},"content":{"rendered":"\t\t<div data-elementor-type=\"wp-page\" data-elementor-id=\"52082\" class=\"elementor elementor-52082 elementor-14\" data-elementor-post-type=\"page\">\n\t\t\t\t\t\t<section class=\"elementor-section elementor-top-section elementor-element elementor-element-10861ee elementor-section-boxed elementor-section-height-default elementor-section-height-default\" data-id=\"10861ee\" data-element_type=\"section\" data-e-type=\"section\">\n\t\t\t\t\t\t<div class=\"elementor-container elementor-column-gap-default\">\n\t\t\t\t\t<div class=\"elementor-column elementor-col-100 elementor-top-column elementor-element elementor-element-e920c78\" data-id=\"e920c78\" data-element_type=\"column\" data-e-type=\"column\">\n\t\t\t<div class=\"elementor-widget-wrap elementor-element-populated\">\n\t\t\t\t\t\t<div class=\"elementor-element elementor-element-39d0a98 elementor-widget elementor-widget-text-editor\" data-id=\"39d0a98\" data-element_type=\"widget\" data-e-type=\"widget\" data-widget_type=\"text-editor.default\">\n\t\t\t\t<div class=\"elementor-widget-container\">\n\t\t\t\t\t\t\t\t\t<p><strong>Bendrosios taisykl\u0117s<\/strong><br \/>\u0160ios s\u0105lygos yra privalomos abiem \u0161alims ir reglamentuoja teises, pareigas, pirkimo ir mok\u0117jimo s\u0105lygas, preki\u0173 pristatym\u0105 ir gr\u0105\u017einim\u0105, \u0161ali\u0173 atsakomyb\u0119 ir kitas s\u0105lygas, susijusias su &#8220;Gone Fishing Ltd&#8221; (toliau &#8211; Pardav\u0117jas) preki\u0173 pirkimu, paslaug\u0173 teikimu ir pardavimu.<\/p>\n<p>Pirk\u0117jas sutinka su \u0161iomis taisykl\u0117mis ir s\u0105lygomis, patvirtindamas tai u\u017esakymo pateikimo internetin\u0117je parduotuv\u0117je metu arba paskambin\u0119s u\u017esakymo informacijos linija.<br \/>Pardav\u0117jas turi teis\u0119 keisti terminus ir s\u0105lygas atsi\u017evelgdamas \u012f teisinius reikalavimus. Pirk\u0117jas apie tai informuojamas internetin\u0117je parduotuv\u0117je arba el. pa\u0161tu.<\/p>\n<ol>\n<li><strong>Pirkimas \/ pardavimas<\/strong>\n<ul>\n<li>Pirkimo-pardavimo sutartis sudaroma tuo metu, kai klientas:<\/li>\n<li>Patvirtinti pirkim\u0105 internetin\u0117je parduotuv\u0117je arba u\u017esisakyti paslaug\u0105 informaciniu telefonu (Klientas informuojamas el. pa\u0161tu);<\/li>\n<li>Patvirtinkite u\u017esakym\u0105 telefonu, nurodydami pristatymo adres\u0105, vard\u0105 ir pavard\u0119, o gav\u0119 pasira\u0161ykite kurjerio dokument\u0105 (va\u017etara\u0161t\u012f, pasira\u0161yt\u0105 elektroniniu para\u0161u terminale ar kitaip, priklausomai nuo kurjerio reikalavim\u0173);<\/li>\n<li>Siun\u010dia visus reikiamus dokumentus, kad u\u017epildyt\u0173 Pardav\u0117jo pateikt\u0105 i\u0161perkamosios nuomos form\u0105.<\/li>\n<\/ul>\n<\/li>\n<li><strong>Pirk\u0117jo teis\u0117s ir pareigos:<\/strong>\n<ul>\n<li>Pirk\u0117jas privalo sumok\u0117ti u\u017e prekes pagal mok\u0117jimo s\u0105lygas.<\/li>\n<li>Pirk\u0117jas \u012fsipareigoja laikytis \u0161i\u0173 s\u0105lyg\u0173, apra\u0161yt\u0173 internetin\u0117je parduotuv\u0117je ir Europos S\u0105jungos teis\u0117s aktuose.<\/li>\n<li>Jei Pirk\u0117jas nevykdo savo \u012fsipareigojim\u0173, Pardav\u0117jas turi teis\u0119 nedelsdamas ir be i\u0161ankstinio \u012fsp\u0117jimo apriboti arba nutraukti bendradarbiavim\u0105 su Pirk\u0117ju.<\/li>\n<\/ul>\n<\/li>\n<li><strong>Pardav\u0117jo teis\u0117s ir pareigos:<\/strong>\n<ul>\n<li>Pardav\u0117jas turi teis\u0119 anuliuoti Pirk\u0117jo u\u017esakym\u0105, jei Pardav\u0117jui nepavyksta susisiekti su Pirk\u0117ju per 3 (tris) darbo dienas nuo Pirk\u0117jo nurodyt\u0173 kontakt\u0173.<\/li>\n<li>Pardav\u0117jas \u012fsipareigoja gerbti Pirk\u0117jo teis\u0119 \u012f duomen\u0173 privatum\u0105 pagal Europos S\u0105jungos teis\u0117s aktus ir &#8220;Gone Fishing Ltd.&#8221; privatumo politikos s\u0105lygas.<\/li>\n<\/ul>\n<\/li>\n<li><strong>Jei Pardav\u0117jas negali \u012fvykdyti Pirk\u0117jo u\u017esakymo<\/strong> (pristatyti preki\u0173 per nurodyt\u0105 laik\u0105 ir (arba) pristatyti b\u016btent toki\u0173 preki\u0173, kokias u\u017esak\u0117 Pirk\u0117jas), Pirk\u0117jas turi teis\u0119 gr\u0105\u017einti\/atsisakyti u\u017esakymo, o Pardav\u0117jas privalo gr\u0105\u017einti Pirk\u0117jui pinigus per 3 (tris) darbo dienas, jei Pirk\u0117jas jau yra atsiskait\u0119s su Pardav\u0117ju. I\u0161imtis &#8211; jei Pirk\u0117jas ir Pardav\u0117jas abipusiu susitarimu susitar\u0117 d\u0117l kitokio pristatymo laiko arba d\u0117l preki\u0173 pakeitimo kitomis.<\/li>\n<li><strong>Preki\u0173 gr\u0105\u017einimas:<\/strong>\n<ul>\n<li>Klientas turi teis\u0119 gr\u0105\u017einti gamin\u012f per 14 (keturiolika) dien\u0173, laikydamasis toliau nurodyt\u0173 s\u0105lyg\u0173:<\/li>\n<li>informuoti Pardav\u0117j\u0105 apie \u0161\u012f sprendim\u0105 pateikiant ra\u0161ti\u0161k\u0105 pra\u0161ym\u0105 Pardav\u0117jui;<\/li>\n<li>Pristatant prekes \u012f SIA &#8220;Gone Fishing&#8221; biur\u0105, Biks\u0113res iela 2, 19.kab., Ryga;<\/li>\n<li>Kai gaminys gr\u0105\u017einamas originalioje pakuot\u0117je, tokios pat b\u016bkl\u0117s, kokios buvo \u012fsigytas.<\/li>\n<\/ul>\n<\/li>\n<li><strong>Pardav\u0117jo \u012fsipareigojimai apima<\/strong> 100 % preki\u0173 gr\u0105\u017einim\u0105 Pirk\u0117jui per 30 (trisde\u0161imt) dien\u0173 \u012f Pirk\u0117jo nurodyt\u0105 banko s\u0105skait\u0105 (pra\u0161yme gr\u0105\u017einti prekes), at\u0117mus pristatymo i\u0161laidas, jei toki\u0173 yra. Pardav\u0117jas turi teis\u0119 atsisakyti gr\u0105\u017einti prekes, jei prek\u0117s yra sugadintos ir (arba) buvo netinkamai naudojamos.<\/li>\n<\/ol>\n\t\t\t\t\t\t\t\t<\/div>\n\t\t\t\t<\/div>\n\t\t\t\t\t<\/div>\n\t\t<\/div>\n\t\t\t\t\t<\/div>\n\t\t<\/section>\n\t\t\t\t<\/div>\n\t\t","protected":false},"excerpt":{"rendered":"<p>Bendrosios taisykl\u0117s\u0160ios s\u0105lygos yra privalomos abiem \u0161alims ir reglamentuoja teises, pareigas, pirkimo ir mok\u0117jimo s\u0105lygas, preki\u0173 pristatym\u0105 ir gr\u0105\u017einim\u0105, \u0161ali\u0173 atsakomyb\u0119 ir kitas s\u0105lygas, susijusias su &#8220;Gone Fishing Ltd&#8221; (toliau &#8211; Pardav\u0117jas) preki\u0173 pirkimu, paslaug\u0173 teikimu ir pardavimu. Pirk\u0117jas sutinka su \u0161iomis taisykl\u0117mis ir s\u0105lygomis, patvirtindamas tai u\u017esakymo pateikimo internetin\u0117je parduotuv\u0117je metu arba paskambin\u0119s u\u017esakymo informacijos linija.Pardav\u0117jas turi teis\u0119 keisti terminus ir s\u0105lygas atsi\u017evelgdamas \u012f teisinius reikalavimus. Pirk\u0117jas apie tai informuojamas internetin\u0117je parduotuv\u0117je arba el. pa\u0161tu. Pirkimas \/ pardavimas Pirkimo-pardavimo sutartis sudaroma tuo metu, kai klientas: Patvirtinti pirkim\u0105 internetin\u0117je parduotuv\u0117je arba u\u017esisakyti paslaug\u0105 informaciniu telefonu (Klientas informuojamas el. pa\u0161tu); Patvirtinkite&hellip;<\/p>\n","protected":false},"author":1,"featured_media":0,"parent":0,"menu_order":0,"comment_status":"closed","ping_status":"closed","template":"","meta":{"_themeisle_gutenberg_block_has_review":false,"footnotes":""},"class_list":["post-52082","page","type-page","status-publish","hentry"],"yoast_head":"<!-- This site is optimized with the Yoast SEO plugin v27.5 - https:\/\/yoast.com\/product\/yoast-seo-wordpress\/ -->\n<title>Terminai ir s\u0105lygos - AAKnives<\/title>\n<meta name=\"robots\" content=\"index, follow, max-snippet:-1, max-image-preview:large, max-video-preview:-1\" \/>\n<link rel=\"canonical\" href=\"https:\/\/aaknives.eu\/lt\/terminai-ir-salygos\/\" \/>\n<meta property=\"og:locale\" content=\"lt_LT\" \/>\n<meta property=\"og:type\" content=\"article\" \/>\n<meta property=\"og:title\" content=\"Terminai ir s\u0105lygos - AAKnives\" \/>\n<meta property=\"og:description\" content=\"Bendrosios taisykl\u0117s\u0160ios s\u0105lygos yra privalomos abiem \u0161alims ir reglamentuoja teises, pareigas, pirkimo ir mok\u0117jimo s\u0105lygas, preki\u0173 pristatym\u0105 ir gr\u0105\u017einim\u0105, \u0161ali\u0173 atsakomyb\u0119 ir kitas s\u0105lygas, susijusias su &#8220;Gone Fishing Ltd&#8221; (toliau &#8211; Pardav\u0117jas) preki\u0173 pirkimu, paslaug\u0173 teikimu ir pardavimu. Pirk\u0117jas sutinka su \u0161iomis taisykl\u0117mis ir s\u0105lygomis, patvirtindamas tai u\u017esakymo pateikimo internetin\u0117je parduotuv\u0117je metu arba paskambin\u0119s u\u017esakymo informacijos linija.Pardav\u0117jas turi teis\u0119 keisti terminus ir s\u0105lygas atsi\u017evelgdamas \u012f teisinius reikalavimus. Pirk\u0117jas apie tai informuojamas internetin\u0117je parduotuv\u0117je arba el. pa\u0161tu. Pirkimas \/ pardavimas Pirkimo-pardavimo sutartis sudaroma tuo metu, kai klientas: Patvirtinti pirkim\u0105 internetin\u0117je parduotuv\u0117je arba u\u017esisakyti paslaug\u0105 informaciniu telefonu (Klientas informuojamas el. pa\u0161tu); Patvirtinkite&hellip;\" \/>\n<meta property=\"og:url\" content=\"https:\/\/aaknives.eu\/lt\/terminai-ir-salygos\/\" \/>\n<meta property=\"og:site_name\" content=\"AAKnives\" \/>\n<meta property=\"article:publisher\" content=\"https:\/\/www.facebook.com\/aaknives.eu\/\" \/>\n<meta property=\"article:modified_time\" content=\"2024-02-22T23:39:33+00:00\" \/>\n<meta name=\"twitter:card\" content=\"summary_large_image\" \/>\n<meta name=\"twitter:label1\" content=\"Est. reading time\" \/>\n\t<meta name=\"twitter:data1\" content=\"2 minut\u0117s\" \/>\n<script type=\"application\/ld+json\" class=\"yoast-schema-graph\">{\"@context\":\"https:\\\/\\\/schema.org\",\"@graph\":[{\"@type\":\"WebPage\",\"@id\":\"https:\\\/\\\/aaknives.eu\\\/lt\\\/terminai-ir-salygos\\\/\",\"url\":\"https:\\\/\\\/aaknives.eu\\\/lt\\\/terminai-ir-salygos\\\/\",\"name\":\"Terminai ir s\u0105lygos - AAKnives\",\"isPartOf\":{\"@id\":\"https:\\\/\\\/aaknives.eu\\\/lt\\\/#website\"},\"datePublished\":\"2021-10-04T21:05:37+00:00\",\"dateModified\":\"2024-02-22T23:39:33+00:00\",\"breadcrumb\":{\"@id\":\"https:\\\/\\\/aaknives.eu\\\/lt\\\/terminai-ir-salygos\\\/#breadcrumb\"},\"inLanguage\":\"lt-LT\",\"potentialAction\":[{\"@type\":\"ReadAction\",\"target\":[\"https:\\\/\\\/aaknives.eu\\\/lt\\\/terminai-ir-salygos\\\/\"]}]},{\"@type\":\"BreadcrumbList\",\"@id\":\"https:\\\/\\\/aaknives.eu\\\/lt\\\/terminai-ir-salygos\\\/#breadcrumb\",\"itemListElement\":[{\"@type\":\"ListItem\",\"position\":1,\"name\":\"Home\",\"item\":\"https:\\\/\\\/aaknives.eu\\\/lt\\\/\"},{\"@type\":\"ListItem\",\"position\":2,\"name\":\"Terminai ir s\u0105lygos\"}]},{\"@type\":\"WebSite\",\"@id\":\"https:\\\/\\\/aaknives.eu\\\/lt\\\/#website\",\"url\":\"https:\\\/\\\/aaknives.eu\\\/lt\\\/\",\"name\":\"AAKnives\",\"description\":\"Handmade knives\",\"publisher\":{\"@id\":\"https:\\\/\\\/aaknives.eu\\\/lt\\\/#organization\"},\"potentialAction\":[{\"@type\":\"SearchAction\",\"target\":{\"@type\":\"EntryPoint\",\"urlTemplate\":\"https:\\\/\\\/aaknives.eu\\\/lt\\\/?s={search_term_string}\"},\"query-input\":{\"@type\":\"PropertyValueSpecification\",\"valueRequired\":true,\"valueName\":\"search_term_string\"}}],\"inLanguage\":\"lt-LT\"},{\"@type\":\"Organization\",\"@id\":\"https:\\\/\\\/aaknives.eu\\\/lt\\\/#organization\",\"name\":\"AAKnives\",\"url\":\"https:\\\/\\\/aaknives.eu\\\/lt\\\/\",\"logo\":{\"@type\":\"ImageObject\",\"inLanguage\":\"lt-LT\",\"@id\":\"https:\\\/\\\/aaknives.eu\\\/lt\\\/#\\\/schema\\\/logo\\\/image\\\/\",\"url\":\"https:\\\/\\\/aaknives.eu\\\/wp-content\\\/uploads\\\/2021\\\/10\\\/AAknives_Logo_Green.png\",\"contentUrl\":\"https:\\\/\\\/aaknives.eu\\\/wp-content\\\/uploads\\\/2021\\\/10\\\/AAknives_Logo_Green.png\",\"width\":1768,\"height\":1768,\"caption\":\"AAKnives\"},\"image\":{\"@id\":\"https:\\\/\\\/aaknives.eu\\\/lt\\\/#\\\/schema\\\/logo\\\/image\\\/\"},\"sameAs\":[\"https:\\\/\\\/www.facebook.com\\\/aaknives.eu\\\/\",\"https:\\\/\\\/www.instagram.com\\\/aaknives\\\/\",\"https:\\\/\\\/www.pinterest.com\\\/aa_knives\\\/\",\"https:\\\/\\\/www.youtube.com\\\/channel\\\/UCHOQFjrOkgT6s4FIw9LDKyw\\\/featured\"]}]}<\/script>\n<!-- \/ Yoast SEO plugin. -->","yoast_head_json":{"title":"Terminai ir s\u0105lygos - AAKnives","robots":{"index":"index","follow":"follow","max-snippet":"max-snippet:-1","max-image-preview":"max-image-preview:large","max-video-preview":"max-video-preview:-1"},"canonical":"https:\/\/aaknives.eu\/lt\/terminai-ir-salygos\/","og_locale":"lt_LT","og_type":"article","og_title":"Terminai ir s\u0105lygos - AAKnives","og_description":"Bendrosios taisykl\u0117s\u0160ios s\u0105lygos yra privalomos abiem \u0161alims ir reglamentuoja teises, pareigas, pirkimo ir mok\u0117jimo s\u0105lygas, preki\u0173 pristatym\u0105 ir gr\u0105\u017einim\u0105, \u0161ali\u0173 atsakomyb\u0119 ir kitas s\u0105lygas, susijusias su &#8220;Gone Fishing Ltd&#8221; (toliau &#8211; Pardav\u0117jas) preki\u0173 pirkimu, paslaug\u0173 teikimu ir pardavimu. Pirk\u0117jas sutinka su \u0161iomis taisykl\u0117mis ir s\u0105lygomis, patvirtindamas tai u\u017esakymo pateikimo internetin\u0117je parduotuv\u0117je metu arba paskambin\u0119s u\u017esakymo informacijos linija.Pardav\u0117jas turi teis\u0119 keisti terminus ir s\u0105lygas atsi\u017evelgdamas \u012f teisinius reikalavimus. Pirk\u0117jas apie tai informuojamas internetin\u0117je parduotuv\u0117je arba el. pa\u0161tu. Pirkimas \/ pardavimas Pirkimo-pardavimo sutartis sudaroma tuo metu, kai klientas: Patvirtinti pirkim\u0105 internetin\u0117je parduotuv\u0117je arba u\u017esisakyti paslaug\u0105 informaciniu telefonu (Klientas informuojamas el. pa\u0161tu); Patvirtinkite&hellip;","og_url":"https:\/\/aaknives.eu\/lt\/terminai-ir-salygos\/","og_site_name":"AAKnives","article_publisher":"https:\/\/www.facebook.com\/aaknives.eu\/","article_modified_time":"2024-02-22T23:39:33+00:00","twitter_card":"summary_large_image","twitter_misc":{"Est. reading time":"2 minut\u0117s"},"schema":{"@context":"https:\/\/schema.org","@graph":[{"@type":"WebPage","@id":"https:\/\/aaknives.eu\/lt\/terminai-ir-salygos\/","url":"https:\/\/aaknives.eu\/lt\/terminai-ir-salygos\/","name":"Terminai ir s\u0105lygos - AAKnives","isPartOf":{"@id":"https:\/\/aaknives.eu\/lt\/#website"},"datePublished":"2021-10-04T21:05:37+00:00","dateModified":"2024-02-22T23:39:33+00:00","breadcrumb":{"@id":"https:\/\/aaknives.eu\/lt\/terminai-ir-salygos\/#breadcrumb"},"inLanguage":"lt-LT","potentialAction":[{"@type":"ReadAction","target":["https:\/\/aaknives.eu\/lt\/terminai-ir-salygos\/"]}]},{"@type":"BreadcrumbList","@id":"https:\/\/aaknives.eu\/lt\/terminai-ir-salygos\/#breadcrumb","itemListElement":[{"@type":"ListItem","position":1,"name":"Home","item":"https:\/\/aaknives.eu\/lt\/"},{"@type":"ListItem","position":2,"name":"Terminai ir s\u0105lygos"}]},{"@type":"WebSite","@id":"https:\/\/aaknives.eu\/lt\/#website","url":"https:\/\/aaknives.eu\/lt\/","name":"AAKnives","description":"Handmade knives","publisher":{"@id":"https:\/\/aaknives.eu\/lt\/#organization"},"potentialAction":[{"@type":"SearchAction","target":{"@type":"EntryPoint","urlTemplate":"https:\/\/aaknives.eu\/lt\/?s={search_term_string}"},"query-input":{"@type":"PropertyValueSpecification","valueRequired":true,"valueName":"search_term_string"}}],"inLanguage":"lt-LT"},{"@type":"Organization","@id":"https:\/\/aaknives.eu\/lt\/#organization","name":"AAKnives","url":"https:\/\/aaknives.eu\/lt\/","logo":{"@type":"ImageObject","inLanguage":"lt-LT","@id":"https:\/\/aaknives.eu\/lt\/#\/schema\/logo\/image\/","url":"https:\/\/aaknives.eu\/wp-content\/uploads\/2021\/10\/AAknives_Logo_Green.png","contentUrl":"https:\/\/aaknives.eu\/wp-content\/uploads\/2021\/10\/AAknives_Logo_Green.png","width":1768,"height":1768,"caption":"AAKnives"},"image":{"@id":"https:\/\/aaknives.eu\/lt\/#\/schema\/logo\/image\/"},"sameAs":["https:\/\/www.facebook.com\/aaknives.eu\/","https:\/\/www.instagram.com\/aaknives\/","https:\/\/www.pinterest.com\/aa_knives\/","https:\/\/www.youtube.com\/channel\/UCHOQFjrOkgT6s4FIw9LDKyw\/featured"]}]}},"_links":{"self":[{"href":"https:\/\/aaknives.eu\/lt\/wp-json\/wp\/v2\/pages\/52082","targetHints":{"allow":["GET"]}}],"collection":[{"href":"https:\/\/aaknives.eu\/lt\/wp-json\/wp\/v2\/pages"}],"about":[{"href":"https:\/\/aaknives.eu\/lt\/wp-json\/wp\/v2\/types\/page"}],"author":[{"embeddable":true,"href":"https:\/\/aaknives.eu\/lt\/wp-json\/wp\/v2\/users\/1"}],"replies":[{"embeddable":true,"href":"https:\/\/aaknives.eu\/lt\/wp-json\/wp\/v2\/comments?post=52082"}],"version-history":[{"count":1,"href":"https:\/\/aaknives.eu\/lt\/wp-json\/wp\/v2\/pages\/52082\/revisions"}],"predecessor-version":[{"id":52083,"href":"https:\/\/aaknives.eu\/lt\/wp-json\/wp\/v2\/pages\/52082\/revisions\/52083"}],"wp:attachment":[{"href":"https:\/\/aaknives.eu\/lt\/wp-json\/wp\/v2\/media?parent=52082"}],"curies":[{"name":"wp","href":"https:\/\/api.w.org\/{rel}","templated":true}]}}