{"id":102451,"date":"2025-09-30T17:44:09","date_gmt":"2025-09-30T17:44:09","guid":{"rendered":"https:\/\/aaknives.eu\/?post_type=product&#038;p=102451"},"modified":"2025-09-30T17:54:42","modified_gmt":"2025-09-30T17:54:42","slug":"kdtu-slifavimo-disku-rinkinys-veidrodinis-veidrodiniam-pavirsiui-sukurti","status":"publish","type":"product","link":"https:\/\/aaknives.eu\/lt\/product\/kdtu-slifavimo-disku-rinkinys-veidrodinis-veidrodiniam-pavirsiui-sukurti\/","title":{"rendered":"KDTU \u0161lifavimo disk\u0173 rinkinys, veidrodinis, veidrodiniam pavir\u0161iui sukurti"},"content":{"rendered":"<p>KDTU \u0161lifavimo disk\u0173 rinkinys, veidrodinis, veidrodiniam pavir\u0161iui sukurti<br \/>\nSpecifikacijos:<br \/>\nDydis: 6\u00d71\u2033150x25x1 mm<br \/>\nRuo\u0161inys: aliuminis, 160x25x4 mm<br \/>\nRy\u0161ys: hibridinis (metalo organinis)<br \/>\nAbrazyvas: CBN (kubinis boro nitridas)<br \/>\nPrek\u0117s \u017eenklas: KDTU (pagaminta Ukrainoje)<br \/>\nPrivalumai:<br \/>\nDidelis na\u0161umas ir apdorojimo efektyvumas.<br \/>\nVeidrodiniam pavir\u0161iui sukurti PRAD\u0116TI ir BAIGTI<br \/>\nPirmiausia naudoti \u201epradin\u012f\u201c \u0161lifavim\u0105, o tada \u201ebaigti\u201c \u0161lifavim\u0105<br \/>\nApdorojamas pavir\u0161ius valomas net ir grubaus \u0161lifavimo etapuose.<br \/>\nLengvas valymas alyva arba dr\u0117gnomis servet\u0117l\u0117mis.<br \/>\nDidelis atsparumas dilimui<br \/>\nTinka kiet\u0173 ir miltelini\u0173 plien\u0173, kuri\u0173 kietumas didesnis nei 67 HRC, apdirbimui.<br \/>\nLengvas poliravimas ir agresyvumo atk\u016brimas.<\/p>\n","protected":false},"excerpt":{"rendered":"<p>KDTU \u0161lifavimo disk\u0173 rinkinys, veidrodinis, veidrodiniam pavir\u0161iui sukurti Specifikacijos: Dydis: 6\u00d71\u2033150x25x1 mm Ruo\u0161inys: aliuminis, 160x25x4 mm Ry\u0161ys: hibridinis (metalo organinis) Abrazyvas: CBN (kubinis boro nitridas) Prek\u0117s \u017eenklas: KDTU (pagaminta Ukrainoje) Privalumai: Didelis na\u0161umas ir apdorojimo efektyvumas. Veidrodiniam pavir\u0161iui sukurti PRAD\u0116TI ir BAIGTI Pirmiausia naudoti \u201epradin\u012f\u201c \u0161lifavim\u0105, o tada \u201ebaigti\u201c \u0161lifavim\u0105 Apdorojamas pavir\u0161ius valomas net ir grubaus \u0161lifavimo etapuose. Lengvas valymas alyva arba dr\u0117gnomis servet\u0117l\u0117mis. Didelis atsparumas dilimui Tinka kiet\u0173 ir miltelini\u0173 plien\u0173, kuri\u0173 kietumas didesnis nei 67 HRC, apdirbimui. Lengvas poliravimas ir agresyvumo atk\u016brimas.<\/p>\n","protected":false},"featured_media":102701,"template":"","meta":{"_themeisle_gutenberg_block_has_review":false},"product_brand":[],"product_cat":[375],"product_tag":[],"class_list":{"0":"post-102451","1":"product","2":"type-product","3":"status-publish","4":"has-post-thumbnail","6":"product_cat-peiliu-galandinimas-peiliu-galastuvai","8":"first","9":"instock","10":"shipping-taxable","11":"purchasable","12":"product-type-simple"},"yoast_head":"<!-- This site is optimized with the Yoast SEO plugin v27.5 - https:\/\/yoast.com\/product\/yoast-seo-wordpress\/ -->\n<title>KDTU \u0161lifavimo disk\u0173 rinkinys, veidrodinis, veidrodiniam pavir\u0161iui sukurti - AAKnives<\/title>\n<meta name=\"description\" content=\"Universal\u016bs akmenys, skirti apdirbti kiet\u0105 ir mink\u0161t\u0105 plien\u0105. Gali b\u016bti naudojamas tiek sausas, tiek su aliejumi, siekiant pagerinti apdail\u0105, ypa\u010d paskutiniuose etapuose.\" \/>\n<meta name=\"robots\" content=\"index, follow, max-snippet:-1, max-image-preview:large, max-video-preview:-1\" \/>\n<link rel=\"canonical\" href=\"https:\/\/aaknives.eu\/lt\/product\/kdtu-slifavimo-disku-rinkinys-veidrodinis-veidrodiniam-pavirsiui-sukurti\/\" \/>\n<meta property=\"og:locale\" content=\"lt_LT\" \/>\n<meta property=\"og:type\" content=\"article\" \/>\n<meta property=\"og:title\" content=\"KDTU \u0161lifavimo disk\u0173 rinkinys, veidrodinis, veidrodiniam pavir\u0161iui sukurti - AAKnives\" \/>\n<meta property=\"og:description\" content=\"Universal\u016bs akmenys, skirti apdirbti kiet\u0105 ir mink\u0161t\u0105 plien\u0105. Gali b\u016bti naudojamas tiek sausas, tiek su aliejumi, siekiant pagerinti apdail\u0105, ypa\u010d paskutiniuose etapuose.\" \/>\n<meta property=\"og:url\" content=\"https:\/\/aaknives.eu\/lt\/product\/kdtu-slifavimo-disku-rinkinys-veidrodinis-veidrodiniam-pavirsiui-sukurti\/\" \/>\n<meta property=\"og:site_name\" content=\"AAKnives\" \/>\n<meta property=\"article:publisher\" content=\"https:\/\/www.facebook.com\/aaknives.eu\/\" \/>\n<meta property=\"article:modified_time\" content=\"2025-09-30T17:54:42+00:00\" \/>\n<meta property=\"og:image\" content=\"https:\/\/aaknives.eu\/wp-content\/uploads\/2025\/09\/aaknives-hand-forged-damascus-steel-blade-knife-handmade-custom-made-knife-handcrafted-knives-autinetools-northmen-1-28.jpg\" \/>\n\t<meta property=\"og:image:width\" content=\"1020\" \/>\n\t<meta property=\"og:image:height\" content=\"880\" \/>\n\t<meta property=\"og:image:type\" content=\"image\/jpeg\" \/>\n<meta name=\"twitter:card\" content=\"summary_large_image\" \/>\n<script type=\"application\/ld+json\" class=\"yoast-schema-graph\">{\"@context\":\"https:\\\/\\\/schema.org\",\"@graph\":[{\"@type\":\"WebPage\",\"@id\":\"https:\\\/\\\/aaknives.eu\\\/lt\\\/product\\\/kdtu-slifavimo-disku-rinkinys-veidrodinis-veidrodiniam-pavirsiui-sukurti\\\/\",\"url\":\"https:\\\/\\\/aaknives.eu\\\/lt\\\/product\\\/kdtu-slifavimo-disku-rinkinys-veidrodinis-veidrodiniam-pavirsiui-sukurti\\\/\",\"name\":\"KDTU \u0161lifavimo disk\u0173 rinkinys, veidrodinis, veidrodiniam pavir\u0161iui sukurti - AAKnives\",\"isPartOf\":{\"@id\":\"https:\\\/\\\/aaknives.eu\\\/lt\\\/#website\"},\"primaryImageOfPage\":{\"@id\":\"https:\\\/\\\/aaknives.eu\\\/lt\\\/product\\\/kdtu-slifavimo-disku-rinkinys-veidrodinis-veidrodiniam-pavirsiui-sukurti\\\/#primaryimage\"},\"image\":{\"@id\":\"https:\\\/\\\/aaknives.eu\\\/lt\\\/product\\\/kdtu-slifavimo-disku-rinkinys-veidrodinis-veidrodiniam-pavirsiui-sukurti\\\/#primaryimage\"},\"thumbnailUrl\":\"https:\\\/\\\/aaknives.eu\\\/wp-content\\\/uploads\\\/2025\\\/09\\\/aaknives-hand-forged-damascus-steel-blade-knife-handmade-custom-made-knife-handcrafted-knives-autinetools-northmen-1-3.jpg\",\"datePublished\":\"2025-09-30T17:44:09+00:00\",\"dateModified\":\"2025-09-30T17:54:42+00:00\",\"description\":\"Universal\u016bs akmenys, skirti apdirbti kiet\u0105 ir mink\u0161t\u0105 plien\u0105. Gali b\u016bti naudojamas tiek sausas, tiek su aliejumi, siekiant pagerinti apdail\u0105, ypa\u010d paskutiniuose etapuose.\",\"breadcrumb\":{\"@id\":\"https:\\\/\\\/aaknives.eu\\\/lt\\\/product\\\/kdtu-slifavimo-disku-rinkinys-veidrodinis-veidrodiniam-pavirsiui-sukurti\\\/#breadcrumb\"},\"inLanguage\":\"lt-LT\",\"potentialAction\":[{\"@type\":\"ReadAction\",\"target\":[\"https:\\\/\\\/aaknives.eu\\\/lt\\\/product\\\/kdtu-slifavimo-disku-rinkinys-veidrodinis-veidrodiniam-pavirsiui-sukurti\\\/\"]}]},{\"@type\":\"ImageObject\",\"inLanguage\":\"lt-LT\",\"@id\":\"https:\\\/\\\/aaknives.eu\\\/lt\\\/product\\\/kdtu-slifavimo-disku-rinkinys-veidrodinis-veidrodiniam-pavirsiui-sukurti\\\/#primaryimage\",\"url\":\"https:\\\/\\\/aaknives.eu\\\/wp-content\\\/uploads\\\/2025\\\/09\\\/aaknives-hand-forged-damascus-steel-blade-knife-handmade-custom-made-knife-handcrafted-knives-autinetools-northmen-1-3.jpg\",\"contentUrl\":\"https:\\\/\\\/aaknives.eu\\\/wp-content\\\/uploads\\\/2025\\\/09\\\/aaknives-hand-forged-damascus-steel-blade-knife-handmade-custom-made-knife-handcrafted-knives-autinetools-northmen-1-3.jpg\",\"width\":1020,\"height\":880},{\"@type\":\"BreadcrumbList\",\"@id\":\"https:\\\/\\\/aaknives.eu\\\/lt\\\/product\\\/kdtu-slifavimo-disku-rinkinys-veidrodinis-veidrodiniam-pavirsiui-sukurti\\\/#breadcrumb\",\"itemListElement\":[{\"@type\":\"ListItem\",\"position\":1,\"name\":\"Home\",\"item\":\"https:\\\/\\\/aaknives.eu\\\/lt\\\/\"},{\"@type\":\"ListItem\",\"position\":2,\"name\":\"Parduotuv\u0117\",\"item\":\"https:\\\/\\\/aaknives.eu\\\/parduotuve\\\/\"},{\"@type\":\"ListItem\",\"position\":3,\"name\":\"KDTU \u0161lifavimo disk\u0173 rinkinys, veidrodinis, veidrodiniam pavir\u0161iui sukurti\"}]},{\"@type\":\"WebSite\",\"@id\":\"https:\\\/\\\/aaknives.eu\\\/lt\\\/#website\",\"url\":\"https:\\\/\\\/aaknives.eu\\\/lt\\\/\",\"name\":\"AAKnives\",\"description\":\"Handmade knives\",\"publisher\":{\"@id\":\"https:\\\/\\\/aaknives.eu\\\/lt\\\/#organization\"},\"alternateName\":\"Anri Ananin Knives\",\"potentialAction\":[{\"@type\":\"SearchAction\",\"target\":{\"@type\":\"EntryPoint\",\"urlTemplate\":\"https:\\\/\\\/aaknives.eu\\\/lt\\\/?s={search_term_string}\"},\"query-input\":{\"@type\":\"PropertyValueSpecification\",\"valueRequired\":true,\"valueName\":\"search_term_string\"}}],\"inLanguage\":\"lt-LT\"},{\"@type\":\"Organization\",\"@id\":\"https:\\\/\\\/aaknives.eu\\\/lt\\\/#organization\",\"name\":\"AAKnives\",\"url\":\"https:\\\/\\\/aaknives.eu\\\/lt\\\/\",\"logo\":{\"@type\":\"ImageObject\",\"inLanguage\":\"lt-LT\",\"@id\":\"https:\\\/\\\/aaknives.eu\\\/lt\\\/#\\\/schema\\\/logo\\\/image\\\/\",\"url\":\"https:\\\/\\\/aaknives.eu\\\/wp-content\\\/uploads\\\/2021\\\/10\\\/AAknives_Logo_Green.png\",\"contentUrl\":\"https:\\\/\\\/aaknives.eu\\\/wp-content\\\/uploads\\\/2021\\\/10\\\/AAknives_Logo_Green.png\",\"width\":1768,\"height\":1768,\"caption\":\"AAKnives\"},\"image\":{\"@id\":\"https:\\\/\\\/aaknives.eu\\\/lt\\\/#\\\/schema\\\/logo\\\/image\\\/\"},\"sameAs\":[\"https:\\\/\\\/www.facebook.com\\\/aaknives.eu\\\/\",\"https:\\\/\\\/www.instagram.com\\\/aaknives\\\/\",\"https:\\\/\\\/www.pinterest.com\\\/aa_knives\\\/\",\"https:\\\/\\\/www.youtube.com\\\/@aaknives9518\"]}]}<\/script>\n<!-- \/ Yoast SEO plugin. -->","yoast_head_json":{"title":"KDTU \u0161lifavimo disk\u0173 rinkinys, veidrodinis, veidrodiniam pavir\u0161iui sukurti - AAKnives","description":"Universal\u016bs akmenys, skirti apdirbti kiet\u0105 ir mink\u0161t\u0105 plien\u0105. Gali b\u016bti naudojamas tiek sausas, tiek su aliejumi, siekiant pagerinti apdail\u0105, ypa\u010d paskutiniuose etapuose.","robots":{"index":"index","follow":"follow","max-snippet":"max-snippet:-1","max-image-preview":"max-image-preview:large","max-video-preview":"max-video-preview:-1"},"canonical":"https:\/\/aaknives.eu\/lt\/product\/kdtu-slifavimo-disku-rinkinys-veidrodinis-veidrodiniam-pavirsiui-sukurti\/","og_locale":"lt_LT","og_type":"article","og_title":"KDTU \u0161lifavimo disk\u0173 rinkinys, veidrodinis, veidrodiniam pavir\u0161iui sukurti - AAKnives","og_description":"Universal\u016bs akmenys, skirti apdirbti kiet\u0105 ir mink\u0161t\u0105 plien\u0105. Gali b\u016bti naudojamas tiek sausas, tiek su aliejumi, siekiant pagerinti apdail\u0105, ypa\u010d paskutiniuose etapuose.","og_url":"https:\/\/aaknives.eu\/lt\/product\/kdtu-slifavimo-disku-rinkinys-veidrodinis-veidrodiniam-pavirsiui-sukurti\/","og_site_name":"AAKnives","article_publisher":"https:\/\/www.facebook.com\/aaknives.eu\/","article_modified_time":"2025-09-30T17:54:42+00:00","og_image":[{"width":1020,"height":880,"url":"https:\/\/aaknives.eu\/wp-content\/uploads\/2025\/09\/aaknives-hand-forged-damascus-steel-blade-knife-handmade-custom-made-knife-handcrafted-knives-autinetools-northmen-1-28.jpg","type":"image\/jpeg"}],"twitter_card":"summary_large_image","schema":{"@context":"https:\/\/schema.org","@graph":[{"@type":"WebPage","@id":"https:\/\/aaknives.eu\/lt\/product\/kdtu-slifavimo-disku-rinkinys-veidrodinis-veidrodiniam-pavirsiui-sukurti\/","url":"https:\/\/aaknives.eu\/lt\/product\/kdtu-slifavimo-disku-rinkinys-veidrodinis-veidrodiniam-pavirsiui-sukurti\/","name":"KDTU \u0161lifavimo disk\u0173 rinkinys, veidrodinis, veidrodiniam pavir\u0161iui sukurti - AAKnives","isPartOf":{"@id":"https:\/\/aaknives.eu\/lt\/#website"},"primaryImageOfPage":{"@id":"https:\/\/aaknives.eu\/lt\/product\/kdtu-slifavimo-disku-rinkinys-veidrodinis-veidrodiniam-pavirsiui-sukurti\/#primaryimage"},"image":{"@id":"https:\/\/aaknives.eu\/lt\/product\/kdtu-slifavimo-disku-rinkinys-veidrodinis-veidrodiniam-pavirsiui-sukurti\/#primaryimage"},"thumbnailUrl":"https:\/\/aaknives.eu\/wp-content\/uploads\/2025\/09\/aaknives-hand-forged-damascus-steel-blade-knife-handmade-custom-made-knife-handcrafted-knives-autinetools-northmen-1-3.jpg","datePublished":"2025-09-30T17:44:09+00:00","dateModified":"2025-09-30T17:54:42+00:00","description":"Universal\u016bs akmenys, skirti apdirbti kiet\u0105 ir mink\u0161t\u0105 plien\u0105. Gali b\u016bti naudojamas tiek sausas, tiek su aliejumi, siekiant pagerinti apdail\u0105, ypa\u010d paskutiniuose etapuose.","breadcrumb":{"@id":"https:\/\/aaknives.eu\/lt\/product\/kdtu-slifavimo-disku-rinkinys-veidrodinis-veidrodiniam-pavirsiui-sukurti\/#breadcrumb"},"inLanguage":"lt-LT","potentialAction":[{"@type":"ReadAction","target":["https:\/\/aaknives.eu\/lt\/product\/kdtu-slifavimo-disku-rinkinys-veidrodinis-veidrodiniam-pavirsiui-sukurti\/"]}]},{"@type":"ImageObject","inLanguage":"lt-LT","@id":"https:\/\/aaknives.eu\/lt\/product\/kdtu-slifavimo-disku-rinkinys-veidrodinis-veidrodiniam-pavirsiui-sukurti\/#primaryimage","url":"https:\/\/aaknives.eu\/wp-content\/uploads\/2025\/09\/aaknives-hand-forged-damascus-steel-blade-knife-handmade-custom-made-knife-handcrafted-knives-autinetools-northmen-1-3.jpg","contentUrl":"https:\/\/aaknives.eu\/wp-content\/uploads\/2025\/09\/aaknives-hand-forged-damascus-steel-blade-knife-handmade-custom-made-knife-handcrafted-knives-autinetools-northmen-1-3.jpg","width":1020,"height":880},{"@type":"BreadcrumbList","@id":"https:\/\/aaknives.eu\/lt\/product\/kdtu-slifavimo-disku-rinkinys-veidrodinis-veidrodiniam-pavirsiui-sukurti\/#breadcrumb","itemListElement":[{"@type":"ListItem","position":1,"name":"Home","item":"https:\/\/aaknives.eu\/lt\/"},{"@type":"ListItem","position":2,"name":"Parduotuv\u0117","item":"https:\/\/aaknives.eu\/parduotuve\/"},{"@type":"ListItem","position":3,"name":"KDTU \u0161lifavimo disk\u0173 rinkinys, veidrodinis, veidrodiniam pavir\u0161iui sukurti"}]},{"@type":"WebSite","@id":"https:\/\/aaknives.eu\/lt\/#website","url":"https:\/\/aaknives.eu\/lt\/","name":"AAKnives","description":"Handmade knives","publisher":{"@id":"https:\/\/aaknives.eu\/lt\/#organization"},"alternateName":"Anri Ananin Knives","potentialAction":[{"@type":"SearchAction","target":{"@type":"EntryPoint","urlTemplate":"https:\/\/aaknives.eu\/lt\/?s={search_term_string}"},"query-input":{"@type":"PropertyValueSpecification","valueRequired":true,"valueName":"search_term_string"}}],"inLanguage":"lt-LT"},{"@type":"Organization","@id":"https:\/\/aaknives.eu\/lt\/#organization","name":"AAKnives","url":"https:\/\/aaknives.eu\/lt\/","logo":{"@type":"ImageObject","inLanguage":"lt-LT","@id":"https:\/\/aaknives.eu\/lt\/#\/schema\/logo\/image\/","url":"https:\/\/aaknives.eu\/wp-content\/uploads\/2021\/10\/AAknives_Logo_Green.png","contentUrl":"https:\/\/aaknives.eu\/wp-content\/uploads\/2021\/10\/AAknives_Logo_Green.png","width":1768,"height":1768,"caption":"AAKnives"},"image":{"@id":"https:\/\/aaknives.eu\/lt\/#\/schema\/logo\/image\/"},"sameAs":["https:\/\/www.facebook.com\/aaknives.eu\/","https:\/\/www.instagram.com\/aaknives\/","https:\/\/www.pinterest.com\/aa_knives\/","https:\/\/www.youtube.com\/@aaknives9518"]}]}},"_links":{"self":[{"href":"https:\/\/aaknives.eu\/lt\/wp-json\/wp\/v2\/product\/102451","targetHints":{"allow":["GET"]}}],"collection":[{"href":"https:\/\/aaknives.eu\/lt\/wp-json\/wp\/v2\/product"}],"about":[{"href":"https:\/\/aaknives.eu\/lt\/wp-json\/wp\/v2\/types\/product"}],"wp:featuredmedia":[{"embeddable":true,"href":"https:\/\/aaknives.eu\/lt\/wp-json\/wp\/v2\/media\/102701"}],"wp:attachment":[{"href":"https:\/\/aaknives.eu\/lt\/wp-json\/wp\/v2\/media?parent=102451"}],"wp:term":[{"taxonomy":"product_brand","embeddable":true,"href":"https:\/\/aaknives.eu\/lt\/wp-json\/wp\/v2\/product_brand?post=102451"},{"taxonomy":"product_cat","embeddable":true,"href":"https:\/\/aaknives.eu\/lt\/wp-json\/wp\/v2\/product_cat?post=102451"},{"taxonomy":"product_tag","embeddable":true,"href":"https:\/\/aaknives.eu\/lt\/wp-json\/wp\/v2\/product_tag?post=102451"}],"curies":[{"name":"wp","href":"https:\/\/api.w.org\/{rel}","templated":true}]}}