{"id":102891,"date":"2025-10-26T13:18:15","date_gmt":"2025-10-26T13:18:15","guid":{"rendered":"https:\/\/aaknives.eu\/?post_type=product&#038;p=102891"},"modified":"2025-10-26T13:33:48","modified_gmt":"2025-10-26T13:33:48","slug":"kdtu-slifavimo-disku-rinkinys-6-vnt","status":"publish","type":"product","link":"https:\/\/aaknives.eu\/lt\/product\/kdtu-slifavimo-disku-rinkinys-6-vnt\/","title":{"rendered":"KDTU \u0161lifavimo disk\u0173 rinkinys, 6 vnt."},"content":{"rendered":"<p>KDTU \u0161lifavimo disk\u0173 rinkinys, 6 vnt.<br \/>\nSpecifikacijos:<br \/>\nDydis: 6\u00d71\u2033150x25x1 mm<br \/>\n80\/63 240 gr\u016bd\u0117tumas<br \/>\n160\/125 100 gr\u016bd\u0117tumas<br \/>\n10\/7 1700 gr\u016bd\u0117tumas<br \/>\n20\/14 1100 gr\u016bd\u0117tumas<br \/>\n50\/40 325 gr\u016bd\u0117tumas<br \/>\n28\/20 650 gr\u016bd\u0117tumas<br \/>\nRuo\u0161inys: aliuminis, 160x25x4 mm<br \/>\nRy\u0161io tipas: hibridinis (metalo organinis)<br \/>\nAbrazyvas: CBN (kubinis boro nitridas)<br \/>\nPrek\u0117s \u017eenklas: KDTU (pagaminta Ukrainoje)<\/p>\n<p>Privalumai:<br \/>\nDidelis na\u0161umas ir apdorojimo efektyvumas.<br \/>\nVeidrodiniam pavir\u0161iui sukurti PRAD\u0116TI ir BAIGTI<br \/>\nPirmiausia naudoti \u201epradin\u012f\u201c \u0161lifavim\u0105, o tada \u201ebaigti\u201c \u0161lifavim\u0105<br \/>\nApdorojamas pavir\u0161ius valomas net ir grubaus \u0161lifavimo etapuose.<br \/>\nLengvas valymas alyva arba dr\u0117gnomis servet\u0117l\u0117mis.<br \/>\nDidelis atsparumas dilimui<br \/>\nTinka kiet\u0173 ir miltelini\u0173 plien\u0173, kuri\u0173 kietumas didesnis nei 67 HRC, apdirbimui.<br \/>\nLengvas poliravimas ir agresyvumo atk\u016brimas.<\/p>\n","protected":false},"excerpt":{"rendered":"<p>KDTU \u0161lifavimo disk\u0173 rinkinys, 6 vnt. Specifikacijos: Dydis: 6\u00d71\u2033150x25x1 mm 80\/63 240 gr\u016bd\u0117tumas 160\/125 100 gr\u016bd\u0117tumas 10\/7 1700 gr\u016bd\u0117tumas 20\/14 1100 gr\u016bd\u0117tumas 50\/40 325 gr\u016bd\u0117tumas 28\/20 650 gr\u016bd\u0117tumas Ruo\u0161inys: aliuminis, 160x25x4 mm Ry\u0161io tipas: hibridinis (metalo organinis) Abrazyvas: CBN (kubinis boro nitridas) Prek\u0117s \u017eenklas: KDTU (pagaminta Ukrainoje) Privalumai: Didelis na\u0161umas ir apdorojimo efektyvumas. Veidrodiniam pavir\u0161iui sukurti PRAD\u0116TI ir BAIGTI Pirmiausia naudoti \u201epradin\u012f\u201c \u0161lifavim\u0105, o tada \u201ebaigti\u201c \u0161lifavim\u0105 Apdorojamas pavir\u0161ius valomas net ir grubaus \u0161lifavimo etapuose. Lengvas valymas alyva arba dr\u0117gnomis servet\u0117l\u0117mis. Didelis atsparumas dilimui Tinka kiet\u0173 ir miltelini\u0173 plien\u0173, kuri\u0173 kietumas didesnis nei 67 HRC, apdirbimui. Lengvas poliravimas ir agresyvumo&hellip;<\/p>\n","protected":false},"featured_media":102898,"template":"","meta":{"_themeisle_gutenberg_block_has_review":false},"product_brand":[],"product_cat":[375],"product_tag":[],"class_list":{"0":"post-102891","1":"product","2":"type-product","3":"status-publish","4":"has-post-thumbnail","6":"product_cat-peiliu-galandinimas-peiliu-galastuvai","8":"first","9":"instock","10":"shipping-taxable","11":"purchasable","12":"product-type-simple"},"yoast_head":"<!-- This site is optimized with the Yoast SEO plugin v27.5 - https:\/\/yoast.com\/product\/yoast-seo-wordpress\/ -->\n<title>KDTU \u0161lifavimo disk\u0173 rinkinys, 6 vnt. - AAKnives<\/title>\n<meta name=\"description\" content=\"Universal\u016bs akmenys, skirti apdirbti kiet\u0105 ir mink\u0161t\u0105 plien\u0105. Gali b\u016bti naudojamas tiek sausas, tiek su aliejumi, siekiant pagerinti apdail\u0105, ypa\u010d paskutiniuose etapuose.\" \/>\n<meta name=\"robots\" content=\"index, follow, max-snippet:-1, max-image-preview:large, max-video-preview:-1\" \/>\n<link rel=\"canonical\" href=\"https:\/\/aaknives.eu\/lt\/product\/kdtu-slifavimo-disku-rinkinys-6-vnt\/\" \/>\n<meta property=\"og:locale\" content=\"lt_LT\" \/>\n<meta property=\"og:type\" content=\"article\" \/>\n<meta property=\"og:title\" content=\"KDTU \u0161lifavimo disk\u0173 rinkinys, 6 vnt. - AAKnives\" \/>\n<meta property=\"og:description\" content=\"Universal\u016bs akmenys, skirti apdirbti kiet\u0105 ir mink\u0161t\u0105 plien\u0105. Gali b\u016bti naudojamas tiek sausas, tiek su aliejumi, siekiant pagerinti apdail\u0105, ypa\u010d paskutiniuose etapuose.\" \/>\n<meta property=\"og:url\" content=\"https:\/\/aaknives.eu\/lt\/product\/kdtu-slifavimo-disku-rinkinys-6-vnt\/\" \/>\n<meta property=\"og:site_name\" content=\"AAKnives\" \/>\n<meta property=\"article:publisher\" content=\"https:\/\/www.facebook.com\/aaknives.eu\/\" \/>\n<meta property=\"article:modified_time\" content=\"2025-10-26T13:33:48+00:00\" \/>\n<meta property=\"og:image\" content=\"https:\/\/aaknives.eu\/wp-content\/uploads\/2025\/10\/aaknives-hand-forged-damascus-steel-blade-knife-handmade-custom-made-knife-handcrafted-knives-autinetools-northmen-1-6.jpg\" \/>\n\t<meta property=\"og:image:width\" content=\"1020\" \/>\n\t<meta property=\"og:image:height\" content=\"880\" \/>\n\t<meta property=\"og:image:type\" content=\"image\/jpeg\" \/>\n<meta name=\"twitter:card\" content=\"summary_large_image\" \/>\n<meta name=\"twitter:label1\" content=\"Est. reading time\" \/>\n\t<meta name=\"twitter:data1\" content=\"1 minut\u0117\" \/>\n<script type=\"application\/ld+json\" class=\"yoast-schema-graph\">{\"@context\":\"https:\\\/\\\/schema.org\",\"@graph\":[{\"@type\":\"WebPage\",\"@id\":\"https:\\\/\\\/aaknives.eu\\\/lt\\\/product\\\/kdtu-slifavimo-disku-rinkinys-6-vnt\\\/\",\"url\":\"https:\\\/\\\/aaknives.eu\\\/lt\\\/product\\\/kdtu-slifavimo-disku-rinkinys-6-vnt\\\/\",\"name\":\"KDTU \u0161lifavimo disk\u0173 rinkinys, 6 vnt. - AAKnives\",\"isPartOf\":{\"@id\":\"https:\\\/\\\/aaknives.eu\\\/lt\\\/#website\"},\"primaryImageOfPage\":{\"@id\":\"https:\\\/\\\/aaknives.eu\\\/lt\\\/product\\\/kdtu-slifavimo-disku-rinkinys-6-vnt\\\/#primaryimage\"},\"image\":{\"@id\":\"https:\\\/\\\/aaknives.eu\\\/lt\\\/product\\\/kdtu-slifavimo-disku-rinkinys-6-vnt\\\/#primaryimage\"},\"thumbnailUrl\":\"https:\\\/\\\/aaknives.eu\\\/wp-content\\\/uploads\\\/2025\\\/10\\\/aaknives-hand-forged-damascus-steel-blade-knife-handmade-custom-made-knife-handcrafted-knives-autinetools-northmen-1-6.jpg\",\"datePublished\":\"2025-10-26T13:18:15+00:00\",\"dateModified\":\"2025-10-26T13:33:48+00:00\",\"description\":\"Universal\u016bs akmenys, skirti apdirbti kiet\u0105 ir mink\u0161t\u0105 plien\u0105. Gali b\u016bti naudojamas tiek sausas, tiek su aliejumi, siekiant pagerinti apdail\u0105, ypa\u010d paskutiniuose etapuose.\",\"breadcrumb\":{\"@id\":\"https:\\\/\\\/aaknives.eu\\\/lt\\\/product\\\/kdtu-slifavimo-disku-rinkinys-6-vnt\\\/#breadcrumb\"},\"inLanguage\":\"lt-LT\",\"potentialAction\":[{\"@type\":\"ReadAction\",\"target\":[\"https:\\\/\\\/aaknives.eu\\\/lt\\\/product\\\/kdtu-slifavimo-disku-rinkinys-6-vnt\\\/\"]}]},{\"@type\":\"ImageObject\",\"inLanguage\":\"lt-LT\",\"@id\":\"https:\\\/\\\/aaknives.eu\\\/lt\\\/product\\\/kdtu-slifavimo-disku-rinkinys-6-vnt\\\/#primaryimage\",\"url\":\"https:\\\/\\\/aaknives.eu\\\/wp-content\\\/uploads\\\/2025\\\/10\\\/aaknives-hand-forged-damascus-steel-blade-knife-handmade-custom-made-knife-handcrafted-knives-autinetools-northmen-1-6.jpg\",\"contentUrl\":\"https:\\\/\\\/aaknives.eu\\\/wp-content\\\/uploads\\\/2025\\\/10\\\/aaknives-hand-forged-damascus-steel-blade-knife-handmade-custom-made-knife-handcrafted-knives-autinetools-northmen-1-6.jpg\",\"width\":1020,\"height\":880},{\"@type\":\"BreadcrumbList\",\"@id\":\"https:\\\/\\\/aaknives.eu\\\/lt\\\/product\\\/kdtu-slifavimo-disku-rinkinys-6-vnt\\\/#breadcrumb\",\"itemListElement\":[{\"@type\":\"ListItem\",\"position\":1,\"name\":\"Home\",\"item\":\"https:\\\/\\\/aaknives.eu\\\/lt\\\/\"},{\"@type\":\"ListItem\",\"position\":2,\"name\":\"Parduotuv\u0117\",\"item\":\"https:\\\/\\\/aaknives.eu\\\/parduotuve\\\/\"},{\"@type\":\"ListItem\",\"position\":3,\"name\":\"KDTU \u0161lifavimo disk\u0173 rinkinys, 6 vnt.\"}]},{\"@type\":\"WebSite\",\"@id\":\"https:\\\/\\\/aaknives.eu\\\/lt\\\/#website\",\"url\":\"https:\\\/\\\/aaknives.eu\\\/lt\\\/\",\"name\":\"AAKnives\",\"description\":\"Handmade knives\",\"publisher\":{\"@id\":\"https:\\\/\\\/aaknives.eu\\\/lt\\\/#organization\"},\"alternateName\":\"Anri Ananin Knives\",\"potentialAction\":[{\"@type\":\"SearchAction\",\"target\":{\"@type\":\"EntryPoint\",\"urlTemplate\":\"https:\\\/\\\/aaknives.eu\\\/lt\\\/?s={search_term_string}\"},\"query-input\":{\"@type\":\"PropertyValueSpecification\",\"valueRequired\":true,\"valueName\":\"search_term_string\"}}],\"inLanguage\":\"lt-LT\"},{\"@type\":\"Organization\",\"@id\":\"https:\\\/\\\/aaknives.eu\\\/lt\\\/#organization\",\"name\":\"AAKnives\",\"url\":\"https:\\\/\\\/aaknives.eu\\\/lt\\\/\",\"logo\":{\"@type\":\"ImageObject\",\"inLanguage\":\"lt-LT\",\"@id\":\"https:\\\/\\\/aaknives.eu\\\/lt\\\/#\\\/schema\\\/logo\\\/image\\\/\",\"url\":\"https:\\\/\\\/aaknives.eu\\\/wp-content\\\/uploads\\\/2021\\\/10\\\/AAknives_Logo_Green.png\",\"contentUrl\":\"https:\\\/\\\/aaknives.eu\\\/wp-content\\\/uploads\\\/2021\\\/10\\\/AAknives_Logo_Green.png\",\"width\":1768,\"height\":1768,\"caption\":\"AAKnives\"},\"image\":{\"@id\":\"https:\\\/\\\/aaknives.eu\\\/lt\\\/#\\\/schema\\\/logo\\\/image\\\/\"},\"sameAs\":[\"https:\\\/\\\/www.facebook.com\\\/aaknives.eu\\\/\",\"https:\\\/\\\/www.instagram.com\\\/aaknives\\\/\",\"https:\\\/\\\/www.pinterest.com\\\/aa_knives\\\/\",\"https:\\\/\\\/www.youtube.com\\\/@aaknives9518\"]}]}<\/script>\n<!-- \/ Yoast SEO plugin. -->","yoast_head_json":{"title":"KDTU \u0161lifavimo disk\u0173 rinkinys, 6 vnt. - AAKnives","description":"Universal\u016bs akmenys, skirti apdirbti kiet\u0105 ir mink\u0161t\u0105 plien\u0105. Gali b\u016bti naudojamas tiek sausas, tiek su aliejumi, siekiant pagerinti apdail\u0105, ypa\u010d paskutiniuose etapuose.","robots":{"index":"index","follow":"follow","max-snippet":"max-snippet:-1","max-image-preview":"max-image-preview:large","max-video-preview":"max-video-preview:-1"},"canonical":"https:\/\/aaknives.eu\/lt\/product\/kdtu-slifavimo-disku-rinkinys-6-vnt\/","og_locale":"lt_LT","og_type":"article","og_title":"KDTU \u0161lifavimo disk\u0173 rinkinys, 6 vnt. - AAKnives","og_description":"Universal\u016bs akmenys, skirti apdirbti kiet\u0105 ir mink\u0161t\u0105 plien\u0105. Gali b\u016bti naudojamas tiek sausas, tiek su aliejumi, siekiant pagerinti apdail\u0105, ypa\u010d paskutiniuose etapuose.","og_url":"https:\/\/aaknives.eu\/lt\/product\/kdtu-slifavimo-disku-rinkinys-6-vnt\/","og_site_name":"AAKnives","article_publisher":"https:\/\/www.facebook.com\/aaknives.eu\/","article_modified_time":"2025-10-26T13:33:48+00:00","og_image":[{"width":1020,"height":880,"url":"https:\/\/aaknives.eu\/wp-content\/uploads\/2025\/10\/aaknives-hand-forged-damascus-steel-blade-knife-handmade-custom-made-knife-handcrafted-knives-autinetools-northmen-1-6.jpg","type":"image\/jpeg"}],"twitter_card":"summary_large_image","twitter_misc":{"Est. reading time":"1 minut\u0117"},"schema":{"@context":"https:\/\/schema.org","@graph":[{"@type":"WebPage","@id":"https:\/\/aaknives.eu\/lt\/product\/kdtu-slifavimo-disku-rinkinys-6-vnt\/","url":"https:\/\/aaknives.eu\/lt\/product\/kdtu-slifavimo-disku-rinkinys-6-vnt\/","name":"KDTU \u0161lifavimo disk\u0173 rinkinys, 6 vnt. - AAKnives","isPartOf":{"@id":"https:\/\/aaknives.eu\/lt\/#website"},"primaryImageOfPage":{"@id":"https:\/\/aaknives.eu\/lt\/product\/kdtu-slifavimo-disku-rinkinys-6-vnt\/#primaryimage"},"image":{"@id":"https:\/\/aaknives.eu\/lt\/product\/kdtu-slifavimo-disku-rinkinys-6-vnt\/#primaryimage"},"thumbnailUrl":"https:\/\/aaknives.eu\/wp-content\/uploads\/2025\/10\/aaknives-hand-forged-damascus-steel-blade-knife-handmade-custom-made-knife-handcrafted-knives-autinetools-northmen-1-6.jpg","datePublished":"2025-10-26T13:18:15+00:00","dateModified":"2025-10-26T13:33:48+00:00","description":"Universal\u016bs akmenys, skirti apdirbti kiet\u0105 ir mink\u0161t\u0105 plien\u0105. Gali b\u016bti naudojamas tiek sausas, tiek su aliejumi, siekiant pagerinti apdail\u0105, ypa\u010d paskutiniuose etapuose.","breadcrumb":{"@id":"https:\/\/aaknives.eu\/lt\/product\/kdtu-slifavimo-disku-rinkinys-6-vnt\/#breadcrumb"},"inLanguage":"lt-LT","potentialAction":[{"@type":"ReadAction","target":["https:\/\/aaknives.eu\/lt\/product\/kdtu-slifavimo-disku-rinkinys-6-vnt\/"]}]},{"@type":"ImageObject","inLanguage":"lt-LT","@id":"https:\/\/aaknives.eu\/lt\/product\/kdtu-slifavimo-disku-rinkinys-6-vnt\/#primaryimage","url":"https:\/\/aaknives.eu\/wp-content\/uploads\/2025\/10\/aaknives-hand-forged-damascus-steel-blade-knife-handmade-custom-made-knife-handcrafted-knives-autinetools-northmen-1-6.jpg","contentUrl":"https:\/\/aaknives.eu\/wp-content\/uploads\/2025\/10\/aaknives-hand-forged-damascus-steel-blade-knife-handmade-custom-made-knife-handcrafted-knives-autinetools-northmen-1-6.jpg","width":1020,"height":880},{"@type":"BreadcrumbList","@id":"https:\/\/aaknives.eu\/lt\/product\/kdtu-slifavimo-disku-rinkinys-6-vnt\/#breadcrumb","itemListElement":[{"@type":"ListItem","position":1,"name":"Home","item":"https:\/\/aaknives.eu\/lt\/"},{"@type":"ListItem","position":2,"name":"Parduotuv\u0117","item":"https:\/\/aaknives.eu\/parduotuve\/"},{"@type":"ListItem","position":3,"name":"KDTU \u0161lifavimo disk\u0173 rinkinys, 6 vnt."}]},{"@type":"WebSite","@id":"https:\/\/aaknives.eu\/lt\/#website","url":"https:\/\/aaknives.eu\/lt\/","name":"AAKnives","description":"Handmade knives","publisher":{"@id":"https:\/\/aaknives.eu\/lt\/#organization"},"alternateName":"Anri Ananin Knives","potentialAction":[{"@type":"SearchAction","target":{"@type":"EntryPoint","urlTemplate":"https:\/\/aaknives.eu\/lt\/?s={search_term_string}"},"query-input":{"@type":"PropertyValueSpecification","valueRequired":true,"valueName":"search_term_string"}}],"inLanguage":"lt-LT"},{"@type":"Organization","@id":"https:\/\/aaknives.eu\/lt\/#organization","name":"AAKnives","url":"https:\/\/aaknives.eu\/lt\/","logo":{"@type":"ImageObject","inLanguage":"lt-LT","@id":"https:\/\/aaknives.eu\/lt\/#\/schema\/logo\/image\/","url":"https:\/\/aaknives.eu\/wp-content\/uploads\/2021\/10\/AAknives_Logo_Green.png","contentUrl":"https:\/\/aaknives.eu\/wp-content\/uploads\/2021\/10\/AAknives_Logo_Green.png","width":1768,"height":1768,"caption":"AAKnives"},"image":{"@id":"https:\/\/aaknives.eu\/lt\/#\/schema\/logo\/image\/"},"sameAs":["https:\/\/www.facebook.com\/aaknives.eu\/","https:\/\/www.instagram.com\/aaknives\/","https:\/\/www.pinterest.com\/aa_knives\/","https:\/\/www.youtube.com\/@aaknives9518"]}]}},"_links":{"self":[{"href":"https:\/\/aaknives.eu\/lt\/wp-json\/wp\/v2\/product\/102891","targetHints":{"allow":["GET"]}}],"collection":[{"href":"https:\/\/aaknives.eu\/lt\/wp-json\/wp\/v2\/product"}],"about":[{"href":"https:\/\/aaknives.eu\/lt\/wp-json\/wp\/v2\/types\/product"}],"wp:featuredmedia":[{"embeddable":true,"href":"https:\/\/aaknives.eu\/lt\/wp-json\/wp\/v2\/media\/102898"}],"wp:attachment":[{"href":"https:\/\/aaknives.eu\/lt\/wp-json\/wp\/v2\/media?parent=102891"}],"wp:term":[{"taxonomy":"product_brand","embeddable":true,"href":"https:\/\/aaknives.eu\/lt\/wp-json\/wp\/v2\/product_brand?post=102891"},{"taxonomy":"product_cat","embeddable":true,"href":"https:\/\/aaknives.eu\/lt\/wp-json\/wp\/v2\/product_cat?post=102891"},{"taxonomy":"product_tag","embeddable":true,"href":"https:\/\/aaknives.eu\/lt\/wp-json\/wp\/v2\/product_tag?post=102891"}],"curies":[{"name":"wp","href":"https:\/\/api.w.org\/{rel}","templated":true}]}}