{"id":108095,"date":"2026-03-02T18:23:37","date_gmt":"2026-03-02T18:23:37","guid":{"rendered":"https:\/\/aaknives.eu\/?post_type=product&#038;p=108095"},"modified":"2026-03-02T18:28:43","modified_gmt":"2026-03-02T18:28:43","slug":"pull-through-knife-sharpener","status":"publish","type":"product","link":"https:\/\/aaknives.eu\/lt\/product\/pull-through-knife-sharpener\/","title":{"rendered":"Pull through knife sharpener"},"content":{"rendered":"<p>I\u0161traukiamas virtuv\u0117s gal\u0105stuvas u\u017etikrina ne\u012ftik\u0117tinai a\u0161trius rezultatus bet kuriuo virtuviniu peiliu dviem paprastais \u017eingsniais. Tiems, kurie nori greito, paprasto ir efektyvaus b\u016bdo pagal\u0105sti virtuvinius peilius, \u0161is yra kaip tik tai, ko jums reikia.<\/p>\n<p>Deimantiniai diskai greitai ir \u0161velniai pagal\u0105sta a\u0161menis iki 20\u00b0, o keraminiai diskai \u2013 iki gamyklinio a\u0161trumo lygio.<\/p>\n<p>Pakartotinai gal\u0105sti dar lengviau \u2013 tiesiog naudokite keramin\u012f gal\u0105stuv\u0105 ir gr\u012f\u017ekite prie pjaustymo lentel\u0117s.<\/p>\n<p>Papildoma deimantin\u0117 plok\u0161tel\u0117 atkuria a\u0161trius \u017eirkli\u0173 a\u0161menis. Ergonomi\u0161ka gumin\u0117 rankena ir pagrindas u\u017etikrina saug\u0173 ir patog\u0173 galandim\u0105. \u0160is gal\u0105stuvas puikiai tiks tiek seno m\u0117gstamo peilio taisymui, tiek kasdienio vir\u0117jo peilio a\u0161trumo galandimui. Kompakti\u0161kas dizainas lengvai telpa j\u016bs\u0173 virtuv\u0117s stal\u010diuje arba su kepsnin\u0117s rinkiniu, tod\u0117l n\u0117ra jokios prie\u017easties daugiau niekada toleruoti atbukus\u012f peil\u012f.<\/p>\n<p>Galanda 320 gr\u016bd\u0117tumo deimantiniu peiliu, gal\u0105sta keraminiu<br \/>\nKompakti\u0161kas, ergonomi\u0161kas dizainas<br \/>\nPridedamas \u017eirkli\u0173 gal\u0105stuvas<\/p>\n","protected":false},"excerpt":{"rendered":"<p>I\u0161traukiamas virtuv\u0117s gal\u0105stuvas u\u017etikrina ne\u012ftik\u0117tinai a\u0161trius rezultatus bet kuriuo virtuviniu peiliu dviem paprastais \u017eingsniais. Tiems, kurie nori greito, paprasto ir efektyvaus b\u016bdo pagal\u0105sti virtuvinius peilius, \u0161is yra kaip tik tai, ko jums reikia. Deimantiniai diskai greitai ir \u0161velniai pagal\u0105sta a\u0161menis iki 20\u00b0, o keraminiai diskai \u2013 iki gamyklinio a\u0161trumo lygio. Pakartotinai gal\u0105sti dar lengviau \u2013 tiesiog naudokite keramin\u012f gal\u0105stuv\u0105 ir gr\u012f\u017ekite prie pjaustymo lentel\u0117s. Papildoma deimantin\u0117 plok\u0161tel\u0117 atkuria a\u0161trius \u017eirkli\u0173 a\u0161menis. Ergonomi\u0161ka gumin\u0117 rankena ir pagrindas u\u017etikrina saug\u0173 ir patog\u0173 galandim\u0105. \u0160is gal\u0105stuvas puikiai tiks tiek seno m\u0117gstamo peilio taisymui, tiek kasdienio vir\u0117jo peilio a\u0161trumo galandimui. Kompakti\u0161kas dizainas lengvai telpa&hellip;<\/p>\n","protected":false},"featured_media":108103,"template":"","meta":{"_themeisle_gutenberg_block_has_review":false},"product_brand":[],"product_cat":[375],"product_tag":[],"class_list":{"0":"post-108095","1":"product","2":"type-product","3":"status-publish","4":"has-post-thumbnail","6":"product_cat-peiliu-galandinimas-peiliu-galastuvai","8":"first","9":"instock","10":"shipping-taxable","11":"purchasable","12":"product-type-simple"},"yoast_head":"<!-- This site is optimized with the Yoast SEO plugin v27.3 - https:\/\/yoast.com\/product\/yoast-seo-wordpress\/ -->\n<title>Pull through knife sharpener - AAKnives<\/title>\n<meta name=\"description\" content=\"I\u0161traukiamas virtuv\u0117s gal\u0105stuvas u\u017etikrina ne\u012ftik\u0117tinai a\u0161trius rezultatus bet kuriuo virtuviniu peiliu dviem paprastais \u017eingsniais.\" \/>\n<meta name=\"robots\" content=\"index, follow, max-snippet:-1, max-image-preview:large, max-video-preview:-1\" \/>\n<link rel=\"canonical\" href=\"https:\/\/aaknives.eu\/lt\/product\/pull-through-knife-sharpener\/\" \/>\n<meta property=\"og:locale\" content=\"lt_LT\" \/>\n<meta property=\"og:type\" content=\"article\" \/>\n<meta property=\"og:title\" content=\"Pull through knife sharpener - AAKnives\" \/>\n<meta property=\"og:description\" content=\"I\u0161traukiamas virtuv\u0117s gal\u0105stuvas u\u017etikrina ne\u012ftik\u0117tinai a\u0161trius rezultatus bet kuriuo virtuviniu peiliu dviem paprastais \u017eingsniais.\" \/>\n<meta property=\"og:url\" content=\"https:\/\/aaknives.eu\/lt\/product\/pull-through-knife-sharpener\/\" \/>\n<meta property=\"og:site_name\" content=\"AAKnives\" \/>\n<meta property=\"article:publisher\" content=\"https:\/\/www.facebook.com\/aaknives.eu\/\" \/>\n<meta property=\"article:modified_time\" content=\"2026-03-02T18:28:43+00:00\" \/>\n<meta property=\"og:image\" content=\"https:\/\/aaknives.eu\/wp-content\/uploads\/2026\/03\/aaknives-hand-forged-damascus-steel-blade-knife-handmade-custom-made-knife-handcrafted-knives-autinetools-northmen-7.jpg\" \/>\n\t<meta property=\"og:image:width\" content=\"600\" \/>\n\t<meta property=\"og:image:height\" content=\"600\" \/>\n\t<meta property=\"og:image:type\" content=\"image\/jpeg\" \/>\n<meta name=\"twitter:card\" content=\"summary_large_image\" \/>\n<meta name=\"twitter:label1\" content=\"Est. reading time\" \/>\n\t<meta name=\"twitter:data1\" content=\"1 minut\u0117\" \/>\n<script type=\"application\/ld+json\" class=\"yoast-schema-graph\">{\"@context\":\"https:\\\/\\\/schema.org\",\"@graph\":[{\"@type\":\"WebPage\",\"@id\":\"https:\\\/\\\/aaknives.eu\\\/lt\\\/product\\\/pull-through-knife-sharpener\\\/\",\"url\":\"https:\\\/\\\/aaknives.eu\\\/lt\\\/product\\\/pull-through-knife-sharpener\\\/\",\"name\":\"Pull through knife sharpener - AAKnives\",\"isPartOf\":{\"@id\":\"https:\\\/\\\/aaknives.eu\\\/lt\\\/#website\"},\"primaryImageOfPage\":{\"@id\":\"https:\\\/\\\/aaknives.eu\\\/lt\\\/product\\\/pull-through-knife-sharpener\\\/#primaryimage\"},\"image\":{\"@id\":\"https:\\\/\\\/aaknives.eu\\\/lt\\\/product\\\/pull-through-knife-sharpener\\\/#primaryimage\"},\"thumbnailUrl\":\"https:\\\/\\\/aaknives.eu\\\/wp-content\\\/uploads\\\/2026\\\/03\\\/aaknives-hand-forged-damascus-steel-blade-knife-handmade-custom-made-knife-handcrafted-knives-autinetools-northmen-7.jpg\",\"datePublished\":\"2026-03-02T18:23:37+00:00\",\"dateModified\":\"2026-03-02T18:28:43+00:00\",\"description\":\"I\u0161traukiamas virtuv\u0117s gal\u0105stuvas u\u017etikrina ne\u012ftik\u0117tinai a\u0161trius rezultatus bet kuriuo virtuviniu peiliu dviem paprastais \u017eingsniais.\",\"breadcrumb\":{\"@id\":\"https:\\\/\\\/aaknives.eu\\\/lt\\\/product\\\/pull-through-knife-sharpener\\\/#breadcrumb\"},\"inLanguage\":\"lt-LT\",\"potentialAction\":[{\"@type\":\"ReadAction\",\"target\":[\"https:\\\/\\\/aaknives.eu\\\/lt\\\/product\\\/pull-through-knife-sharpener\\\/\"]}]},{\"@type\":\"ImageObject\",\"inLanguage\":\"lt-LT\",\"@id\":\"https:\\\/\\\/aaknives.eu\\\/lt\\\/product\\\/pull-through-knife-sharpener\\\/#primaryimage\",\"url\":\"https:\\\/\\\/aaknives.eu\\\/wp-content\\\/uploads\\\/2026\\\/03\\\/aaknives-hand-forged-damascus-steel-blade-knife-handmade-custom-made-knife-handcrafted-knives-autinetools-northmen-7.jpg\",\"contentUrl\":\"https:\\\/\\\/aaknives.eu\\\/wp-content\\\/uploads\\\/2026\\\/03\\\/aaknives-hand-forged-damascus-steel-blade-knife-handmade-custom-made-knife-handcrafted-knives-autinetools-northmen-7.jpg\",\"width\":600,\"height\":600},{\"@type\":\"BreadcrumbList\",\"@id\":\"https:\\\/\\\/aaknives.eu\\\/lt\\\/product\\\/pull-through-knife-sharpener\\\/#breadcrumb\",\"itemListElement\":[{\"@type\":\"ListItem\",\"position\":1,\"name\":\"Home\",\"item\":\"https:\\\/\\\/aaknives.eu\\\/lt\\\/\"},{\"@type\":\"ListItem\",\"position\":2,\"name\":\"Parduotuv\u0117\",\"item\":\"https:\\\/\\\/aaknives.eu\\\/parduotuve\\\/\"},{\"@type\":\"ListItem\",\"position\":3,\"name\":\"Pull through knife sharpener\"}]},{\"@type\":\"WebSite\",\"@id\":\"https:\\\/\\\/aaknives.eu\\\/lt\\\/#website\",\"url\":\"https:\\\/\\\/aaknives.eu\\\/lt\\\/\",\"name\":\"AAKnives\",\"description\":\"Handmade knives\",\"publisher\":{\"@id\":\"https:\\\/\\\/aaknives.eu\\\/lt\\\/#organization\"},\"potentialAction\":[{\"@type\":\"SearchAction\",\"target\":{\"@type\":\"EntryPoint\",\"urlTemplate\":\"https:\\\/\\\/aaknives.eu\\\/lt\\\/?s={search_term_string}\"},\"query-input\":{\"@type\":\"PropertyValueSpecification\",\"valueRequired\":true,\"valueName\":\"search_term_string\"}}],\"inLanguage\":\"lt-LT\"},{\"@type\":\"Organization\",\"@id\":\"https:\\\/\\\/aaknives.eu\\\/lt\\\/#organization\",\"name\":\"AAKnives\",\"url\":\"https:\\\/\\\/aaknives.eu\\\/lt\\\/\",\"logo\":{\"@type\":\"ImageObject\",\"inLanguage\":\"lt-LT\",\"@id\":\"https:\\\/\\\/aaknives.eu\\\/lt\\\/#\\\/schema\\\/logo\\\/image\\\/\",\"url\":\"https:\\\/\\\/aaknives.eu\\\/wp-content\\\/uploads\\\/2021\\\/10\\\/AAknives_Logo_Green.png\",\"contentUrl\":\"https:\\\/\\\/aaknives.eu\\\/wp-content\\\/uploads\\\/2021\\\/10\\\/AAknives_Logo_Green.png\",\"width\":1768,\"height\":1768,\"caption\":\"AAKnives\"},\"image\":{\"@id\":\"https:\\\/\\\/aaknives.eu\\\/lt\\\/#\\\/schema\\\/logo\\\/image\\\/\"},\"sameAs\":[\"https:\\\/\\\/www.facebook.com\\\/aaknives.eu\\\/\",\"https:\\\/\\\/www.instagram.com\\\/aaknives\\\/\",\"https:\\\/\\\/www.pinterest.com\\\/aa_knives\\\/\",\"https:\\\/\\\/www.youtube.com\\\/channel\\\/UCHOQFjrOkgT6s4FIw9LDKyw\\\/featured\"]}]}<\/script>\n<!-- \/ Yoast SEO plugin. -->","yoast_head_json":{"title":"Pull through knife sharpener - AAKnives","description":"I\u0161traukiamas virtuv\u0117s gal\u0105stuvas u\u017etikrina ne\u012ftik\u0117tinai a\u0161trius rezultatus bet kuriuo virtuviniu peiliu dviem paprastais \u017eingsniais.","robots":{"index":"index","follow":"follow","max-snippet":"max-snippet:-1","max-image-preview":"max-image-preview:large","max-video-preview":"max-video-preview:-1"},"canonical":"https:\/\/aaknives.eu\/lt\/product\/pull-through-knife-sharpener\/","og_locale":"lt_LT","og_type":"article","og_title":"Pull through knife sharpener - AAKnives","og_description":"I\u0161traukiamas virtuv\u0117s gal\u0105stuvas u\u017etikrina ne\u012ftik\u0117tinai a\u0161trius rezultatus bet kuriuo virtuviniu peiliu dviem paprastais \u017eingsniais.","og_url":"https:\/\/aaknives.eu\/lt\/product\/pull-through-knife-sharpener\/","og_site_name":"AAKnives","article_publisher":"https:\/\/www.facebook.com\/aaknives.eu\/","article_modified_time":"2026-03-02T18:28:43+00:00","og_image":[{"width":600,"height":600,"url":"https:\/\/aaknives.eu\/wp-content\/uploads\/2026\/03\/aaknives-hand-forged-damascus-steel-blade-knife-handmade-custom-made-knife-handcrafted-knives-autinetools-northmen-7.jpg","type":"image\/jpeg"}],"twitter_card":"summary_large_image","twitter_misc":{"Est. reading time":"1 minut\u0117"},"schema":{"@context":"https:\/\/schema.org","@graph":[{"@type":"WebPage","@id":"https:\/\/aaknives.eu\/lt\/product\/pull-through-knife-sharpener\/","url":"https:\/\/aaknives.eu\/lt\/product\/pull-through-knife-sharpener\/","name":"Pull through knife sharpener - AAKnives","isPartOf":{"@id":"https:\/\/aaknives.eu\/lt\/#website"},"primaryImageOfPage":{"@id":"https:\/\/aaknives.eu\/lt\/product\/pull-through-knife-sharpener\/#primaryimage"},"image":{"@id":"https:\/\/aaknives.eu\/lt\/product\/pull-through-knife-sharpener\/#primaryimage"},"thumbnailUrl":"https:\/\/aaknives.eu\/wp-content\/uploads\/2026\/03\/aaknives-hand-forged-damascus-steel-blade-knife-handmade-custom-made-knife-handcrafted-knives-autinetools-northmen-7.jpg","datePublished":"2026-03-02T18:23:37+00:00","dateModified":"2026-03-02T18:28:43+00:00","description":"I\u0161traukiamas virtuv\u0117s gal\u0105stuvas u\u017etikrina ne\u012ftik\u0117tinai a\u0161trius rezultatus bet kuriuo virtuviniu peiliu dviem paprastais \u017eingsniais.","breadcrumb":{"@id":"https:\/\/aaknives.eu\/lt\/product\/pull-through-knife-sharpener\/#breadcrumb"},"inLanguage":"lt-LT","potentialAction":[{"@type":"ReadAction","target":["https:\/\/aaknives.eu\/lt\/product\/pull-through-knife-sharpener\/"]}]},{"@type":"ImageObject","inLanguage":"lt-LT","@id":"https:\/\/aaknives.eu\/lt\/product\/pull-through-knife-sharpener\/#primaryimage","url":"https:\/\/aaknives.eu\/wp-content\/uploads\/2026\/03\/aaknives-hand-forged-damascus-steel-blade-knife-handmade-custom-made-knife-handcrafted-knives-autinetools-northmen-7.jpg","contentUrl":"https:\/\/aaknives.eu\/wp-content\/uploads\/2026\/03\/aaknives-hand-forged-damascus-steel-blade-knife-handmade-custom-made-knife-handcrafted-knives-autinetools-northmen-7.jpg","width":600,"height":600},{"@type":"BreadcrumbList","@id":"https:\/\/aaknives.eu\/lt\/product\/pull-through-knife-sharpener\/#breadcrumb","itemListElement":[{"@type":"ListItem","position":1,"name":"Home","item":"https:\/\/aaknives.eu\/lt\/"},{"@type":"ListItem","position":2,"name":"Parduotuv\u0117","item":"https:\/\/aaknives.eu\/parduotuve\/"},{"@type":"ListItem","position":3,"name":"Pull through knife sharpener"}]},{"@type":"WebSite","@id":"https:\/\/aaknives.eu\/lt\/#website","url":"https:\/\/aaknives.eu\/lt\/","name":"AAKnives","description":"Handmade knives","publisher":{"@id":"https:\/\/aaknives.eu\/lt\/#organization"},"potentialAction":[{"@type":"SearchAction","target":{"@type":"EntryPoint","urlTemplate":"https:\/\/aaknives.eu\/lt\/?s={search_term_string}"},"query-input":{"@type":"PropertyValueSpecification","valueRequired":true,"valueName":"search_term_string"}}],"inLanguage":"lt-LT"},{"@type":"Organization","@id":"https:\/\/aaknives.eu\/lt\/#organization","name":"AAKnives","url":"https:\/\/aaknives.eu\/lt\/","logo":{"@type":"ImageObject","inLanguage":"lt-LT","@id":"https:\/\/aaknives.eu\/lt\/#\/schema\/logo\/image\/","url":"https:\/\/aaknives.eu\/wp-content\/uploads\/2021\/10\/AAknives_Logo_Green.png","contentUrl":"https:\/\/aaknives.eu\/wp-content\/uploads\/2021\/10\/AAknives_Logo_Green.png","width":1768,"height":1768,"caption":"AAKnives"},"image":{"@id":"https:\/\/aaknives.eu\/lt\/#\/schema\/logo\/image\/"},"sameAs":["https:\/\/www.facebook.com\/aaknives.eu\/","https:\/\/www.instagram.com\/aaknives\/","https:\/\/www.pinterest.com\/aa_knives\/","https:\/\/www.youtube.com\/channel\/UCHOQFjrOkgT6s4FIw9LDKyw\/featured"]}]}},"_links":{"self":[{"href":"https:\/\/aaknives.eu\/lt\/wp-json\/wp\/v2\/product\/108095","targetHints":{"allow":["GET"]}}],"collection":[{"href":"https:\/\/aaknives.eu\/lt\/wp-json\/wp\/v2\/product"}],"about":[{"href":"https:\/\/aaknives.eu\/lt\/wp-json\/wp\/v2\/types\/product"}],"wp:featuredmedia":[{"embeddable":true,"href":"https:\/\/aaknives.eu\/lt\/wp-json\/wp\/v2\/media\/108103"}],"wp:attachment":[{"href":"https:\/\/aaknives.eu\/lt\/wp-json\/wp\/v2\/media?parent=108095"}],"wp:term":[{"taxonomy":"product_brand","embeddable":true,"href":"https:\/\/aaknives.eu\/lt\/wp-json\/wp\/v2\/product_brand?post=108095"},{"taxonomy":"product_cat","embeddable":true,"href":"https:\/\/aaknives.eu\/lt\/wp-json\/wp\/v2\/product_cat?post=108095"},{"taxonomy":"product_tag","embeddable":true,"href":"https:\/\/aaknives.eu\/lt\/wp-json\/wp\/v2\/product_tag?post=108095"}],"curies":[{"name":"wp","href":"https:\/\/api.w.org\/{rel}","templated":true}]}}