{"id":108123,"date":"2026-03-02T18:31:49","date_gmt":"2026-03-02T18:31:49","guid":{"rendered":"https:\/\/aaknives.eu\/?post_type=product&#038;p=108123"},"modified":"2026-03-02T18:38:22","modified_gmt":"2026-03-02T18:38:22","slug":"kitchen-edge-knife-sharpener","status":"publish","type":"product","link":"https:\/\/aaknives.eu\/lt\/product\/kitchen-edge-knife-sharpener\/","title":{"rendered":"Kitchen edge knife sharpener"},"content":{"rendered":"<p>J\u016bs\u0173 virtuvini\u0173 peili\u0173 pagalbininkas patogiam ir saugiam galandimui. D\u0117l kompakti\u0161ko dyd\u017eio j\u012f lengva laikyti ar supakuoti, tod\u0117l jis visada yra po ranka. Gaminant maist\u0105, nepasitenkinkite atbukusiomis a\u0161menimis. \u0160is patogus, lengvai naudojamas prie\u017ei\u016bros \u012frankis u\u017etikrina a\u0161trum\u0105 bet kokiam biud\u017eetui, nesunkiai galanda virtuvinius peilius vos dviem paprastais \u017eingsniais. Galanda vis\u0173 tip\u0173 virtuvinius peilius, \u012fskaitant vir\u0117jo peilius, pjaustymo peilius, skustuvo peilius ir net dantytus duonos peilius. Nesvarbu, ar jis yra j\u016bs\u0173 virtuv\u0117s stal\u010diuje, stovyklavimo \u012frangoje ar kepsnin\u0117s rinkinyje, jis yra paruo\u0161tas, kai tik prireikia, u\u017etikrindamas, kad j\u016bs\u0173 kulinariniai k\u016briniai spind\u0117t\u0173.<\/p>\n","protected":false},"excerpt":{"rendered":"<p>J\u016bs\u0173 virtuvini\u0173 peili\u0173 pagalbininkas patogiam ir saugiam galandimui. D\u0117l kompakti\u0161ko dyd\u017eio j\u012f lengva laikyti ar supakuoti, tod\u0117l jis visada yra po ranka. Gaminant maist\u0105, nepasitenkinkite atbukusiomis a\u0161menimis. \u0160is patogus, lengvai naudojamas prie\u017ei\u016bros \u012frankis u\u017etikrina a\u0161trum\u0105 bet kokiam biud\u017eetui, nesunkiai galanda virtuvinius peilius vos dviem paprastais \u017eingsniais. Galanda vis\u0173 tip\u0173 virtuvinius peilius, \u012fskaitant vir\u0117jo peilius, pjaustymo peilius, skustuvo peilius ir net dantytus duonos peilius. Nesvarbu, ar jis yra j\u016bs\u0173 virtuv\u0117s stal\u010diuje, stovyklavimo \u012frangoje ar kepsnin\u0117s rinkinyje, jis yra paruo\u0161tas, kai tik prireikia, u\u017etikrindamas, kad j\u016bs\u0173 kulinariniai k\u016briniai spind\u0117t\u0173.<\/p>\n","protected":false},"featured_media":108131,"template":"","meta":{"_themeisle_gutenberg_block_has_review":false},"product_brand":[],"product_cat":[375],"product_tag":[],"class_list":{"0":"post-108123","1":"product","2":"type-product","3":"status-publish","4":"has-post-thumbnail","6":"product_cat-peiliu-galandinimas-peiliu-galastuvai","8":"first","9":"instock","10":"shipping-taxable","11":"purchasable","12":"product-type-simple"},"yoast_head":"<!-- This site is optimized with the Yoast SEO plugin v27.3 - https:\/\/yoast.com\/product\/yoast-seo-wordpress\/ -->\n<title>Kitchen edge knife sharpener - AAKnives<\/title>\n<meta name=\"description\" content=\"J\u016bs\u0173 virtuvini\u0173 peili\u0173 pagalbininkas patogiam ir saugiam galandimui. D\u0117l kompakti\u0161ko dyd\u017eio j\u012f lengva laikyti ar supakuoti, tod\u0117l jis visada yra po ranka.\" \/>\n<meta name=\"robots\" content=\"index, follow, max-snippet:-1, max-image-preview:large, max-video-preview:-1\" \/>\n<link rel=\"canonical\" href=\"https:\/\/aaknives.eu\/lt\/product\/kitchen-edge-knife-sharpener\/\" \/>\n<meta property=\"og:locale\" content=\"lt_LT\" \/>\n<meta property=\"og:type\" content=\"article\" \/>\n<meta property=\"og:title\" content=\"Kitchen edge knife sharpener - AAKnives\" \/>\n<meta property=\"og:description\" content=\"J\u016bs\u0173 virtuvini\u0173 peili\u0173 pagalbininkas patogiam ir saugiam galandimui. D\u0117l kompakti\u0161ko dyd\u017eio j\u012f lengva laikyti ar supakuoti, tod\u0117l jis visada yra po ranka.\" \/>\n<meta property=\"og:url\" content=\"https:\/\/aaknives.eu\/lt\/product\/kitchen-edge-knife-sharpener\/\" \/>\n<meta property=\"og:site_name\" content=\"AAKnives\" \/>\n<meta property=\"article:publisher\" content=\"https:\/\/www.facebook.com\/aaknives.eu\/\" \/>\n<meta property=\"article:modified_time\" content=\"2026-03-02T18:38:22+00:00\" \/>\n<meta property=\"og:image\" content=\"https:\/\/aaknives.eu\/wp-content\/uploads\/2026\/03\/aaknives-hand-forged-damascus-steel-blade-knife-handmade-custom-made-knife-handcrafted-knives-autinetools-northmen-10.jpg\" \/>\n\t<meta property=\"og:image:width\" content=\"600\" \/>\n\t<meta property=\"og:image:height\" content=\"599\" \/>\n\t<meta property=\"og:image:type\" content=\"image\/jpeg\" \/>\n<meta name=\"twitter:card\" content=\"summary_large_image\" \/>\n<meta name=\"twitter:label1\" content=\"Est. reading time\" \/>\n\t<meta name=\"twitter:data1\" content=\"1 minut\u0117\" \/>\n<script type=\"application\/ld+json\" class=\"yoast-schema-graph\">{\"@context\":\"https:\\\/\\\/schema.org\",\"@graph\":[{\"@type\":\"WebPage\",\"@id\":\"https:\\\/\\\/aaknives.eu\\\/lt\\\/product\\\/kitchen-edge-knife-sharpener\\\/\",\"url\":\"https:\\\/\\\/aaknives.eu\\\/lt\\\/product\\\/kitchen-edge-knife-sharpener\\\/\",\"name\":\"Kitchen edge knife sharpener - AAKnives\",\"isPartOf\":{\"@id\":\"https:\\\/\\\/aaknives.eu\\\/lt\\\/#website\"},\"primaryImageOfPage\":{\"@id\":\"https:\\\/\\\/aaknives.eu\\\/lt\\\/product\\\/kitchen-edge-knife-sharpener\\\/#primaryimage\"},\"image\":{\"@id\":\"https:\\\/\\\/aaknives.eu\\\/lt\\\/product\\\/kitchen-edge-knife-sharpener\\\/#primaryimage\"},\"thumbnailUrl\":\"https:\\\/\\\/aaknives.eu\\\/wp-content\\\/uploads\\\/2026\\\/03\\\/aaknives-hand-forged-damascus-steel-blade-knife-handmade-custom-made-knife-handcrafted-knives-autinetools-northmen-10.jpg\",\"datePublished\":\"2026-03-02T18:31:49+00:00\",\"dateModified\":\"2026-03-02T18:38:22+00:00\",\"description\":\"J\u016bs\u0173 virtuvini\u0173 peili\u0173 pagalbininkas patogiam ir saugiam galandimui. D\u0117l kompakti\u0161ko dyd\u017eio j\u012f lengva laikyti ar supakuoti, tod\u0117l jis visada yra po ranka.\",\"breadcrumb\":{\"@id\":\"https:\\\/\\\/aaknives.eu\\\/lt\\\/product\\\/kitchen-edge-knife-sharpener\\\/#breadcrumb\"},\"inLanguage\":\"lt-LT\",\"potentialAction\":[{\"@type\":\"ReadAction\",\"target\":[\"https:\\\/\\\/aaknives.eu\\\/lt\\\/product\\\/kitchen-edge-knife-sharpener\\\/\"]}]},{\"@type\":\"ImageObject\",\"inLanguage\":\"lt-LT\",\"@id\":\"https:\\\/\\\/aaknives.eu\\\/lt\\\/product\\\/kitchen-edge-knife-sharpener\\\/#primaryimage\",\"url\":\"https:\\\/\\\/aaknives.eu\\\/wp-content\\\/uploads\\\/2026\\\/03\\\/aaknives-hand-forged-damascus-steel-blade-knife-handmade-custom-made-knife-handcrafted-knives-autinetools-northmen-10.jpg\",\"contentUrl\":\"https:\\\/\\\/aaknives.eu\\\/wp-content\\\/uploads\\\/2026\\\/03\\\/aaknives-hand-forged-damascus-steel-blade-knife-handmade-custom-made-knife-handcrafted-knives-autinetools-northmen-10.jpg\",\"width\":600,\"height\":599},{\"@type\":\"BreadcrumbList\",\"@id\":\"https:\\\/\\\/aaknives.eu\\\/lt\\\/product\\\/kitchen-edge-knife-sharpener\\\/#breadcrumb\",\"itemListElement\":[{\"@type\":\"ListItem\",\"position\":1,\"name\":\"Home\",\"item\":\"https:\\\/\\\/aaknives.eu\\\/lt\\\/\"},{\"@type\":\"ListItem\",\"position\":2,\"name\":\"Parduotuv\u0117\",\"item\":\"https:\\\/\\\/aaknives.eu\\\/parduotuve\\\/\"},{\"@type\":\"ListItem\",\"position\":3,\"name\":\"Kitchen edge knife sharpener\"}]},{\"@type\":\"WebSite\",\"@id\":\"https:\\\/\\\/aaknives.eu\\\/lt\\\/#website\",\"url\":\"https:\\\/\\\/aaknives.eu\\\/lt\\\/\",\"name\":\"AAKnives\",\"description\":\"Handmade knives\",\"publisher\":{\"@id\":\"https:\\\/\\\/aaknives.eu\\\/lt\\\/#organization\"},\"potentialAction\":[{\"@type\":\"SearchAction\",\"target\":{\"@type\":\"EntryPoint\",\"urlTemplate\":\"https:\\\/\\\/aaknives.eu\\\/lt\\\/?s={search_term_string}\"},\"query-input\":{\"@type\":\"PropertyValueSpecification\",\"valueRequired\":true,\"valueName\":\"search_term_string\"}}],\"inLanguage\":\"lt-LT\"},{\"@type\":\"Organization\",\"@id\":\"https:\\\/\\\/aaknives.eu\\\/lt\\\/#organization\",\"name\":\"AAKnives\",\"url\":\"https:\\\/\\\/aaknives.eu\\\/lt\\\/\",\"logo\":{\"@type\":\"ImageObject\",\"inLanguage\":\"lt-LT\",\"@id\":\"https:\\\/\\\/aaknives.eu\\\/lt\\\/#\\\/schema\\\/logo\\\/image\\\/\",\"url\":\"https:\\\/\\\/aaknives.eu\\\/wp-content\\\/uploads\\\/2021\\\/10\\\/AAknives_Logo_Green.png\",\"contentUrl\":\"https:\\\/\\\/aaknives.eu\\\/wp-content\\\/uploads\\\/2021\\\/10\\\/AAknives_Logo_Green.png\",\"width\":1768,\"height\":1768,\"caption\":\"AAKnives\"},\"image\":{\"@id\":\"https:\\\/\\\/aaknives.eu\\\/lt\\\/#\\\/schema\\\/logo\\\/image\\\/\"},\"sameAs\":[\"https:\\\/\\\/www.facebook.com\\\/aaknives.eu\\\/\",\"https:\\\/\\\/www.instagram.com\\\/aaknives\\\/\",\"https:\\\/\\\/www.pinterest.com\\\/aa_knives\\\/\",\"https:\\\/\\\/www.youtube.com\\\/channel\\\/UCHOQFjrOkgT6s4FIw9LDKyw\\\/featured\"]}]}<\/script>\n<!-- \/ Yoast SEO plugin. -->","yoast_head_json":{"title":"Kitchen edge knife sharpener - AAKnives","description":"J\u016bs\u0173 virtuvini\u0173 peili\u0173 pagalbininkas patogiam ir saugiam galandimui. D\u0117l kompakti\u0161ko dyd\u017eio j\u012f lengva laikyti ar supakuoti, tod\u0117l jis visada yra po ranka.","robots":{"index":"index","follow":"follow","max-snippet":"max-snippet:-1","max-image-preview":"max-image-preview:large","max-video-preview":"max-video-preview:-1"},"canonical":"https:\/\/aaknives.eu\/lt\/product\/kitchen-edge-knife-sharpener\/","og_locale":"lt_LT","og_type":"article","og_title":"Kitchen edge knife sharpener - AAKnives","og_description":"J\u016bs\u0173 virtuvini\u0173 peili\u0173 pagalbininkas patogiam ir saugiam galandimui. D\u0117l kompakti\u0161ko dyd\u017eio j\u012f lengva laikyti ar supakuoti, tod\u0117l jis visada yra po ranka.","og_url":"https:\/\/aaknives.eu\/lt\/product\/kitchen-edge-knife-sharpener\/","og_site_name":"AAKnives","article_publisher":"https:\/\/www.facebook.com\/aaknives.eu\/","article_modified_time":"2026-03-02T18:38:22+00:00","og_image":[{"width":600,"height":599,"url":"https:\/\/aaknives.eu\/wp-content\/uploads\/2026\/03\/aaknives-hand-forged-damascus-steel-blade-knife-handmade-custom-made-knife-handcrafted-knives-autinetools-northmen-10.jpg","type":"image\/jpeg"}],"twitter_card":"summary_large_image","twitter_misc":{"Est. reading time":"1 minut\u0117"},"schema":{"@context":"https:\/\/schema.org","@graph":[{"@type":"WebPage","@id":"https:\/\/aaknives.eu\/lt\/product\/kitchen-edge-knife-sharpener\/","url":"https:\/\/aaknives.eu\/lt\/product\/kitchen-edge-knife-sharpener\/","name":"Kitchen edge knife sharpener - AAKnives","isPartOf":{"@id":"https:\/\/aaknives.eu\/lt\/#website"},"primaryImageOfPage":{"@id":"https:\/\/aaknives.eu\/lt\/product\/kitchen-edge-knife-sharpener\/#primaryimage"},"image":{"@id":"https:\/\/aaknives.eu\/lt\/product\/kitchen-edge-knife-sharpener\/#primaryimage"},"thumbnailUrl":"https:\/\/aaknives.eu\/wp-content\/uploads\/2026\/03\/aaknives-hand-forged-damascus-steel-blade-knife-handmade-custom-made-knife-handcrafted-knives-autinetools-northmen-10.jpg","datePublished":"2026-03-02T18:31:49+00:00","dateModified":"2026-03-02T18:38:22+00:00","description":"J\u016bs\u0173 virtuvini\u0173 peili\u0173 pagalbininkas patogiam ir saugiam galandimui. D\u0117l kompakti\u0161ko dyd\u017eio j\u012f lengva laikyti ar supakuoti, tod\u0117l jis visada yra po ranka.","breadcrumb":{"@id":"https:\/\/aaknives.eu\/lt\/product\/kitchen-edge-knife-sharpener\/#breadcrumb"},"inLanguage":"lt-LT","potentialAction":[{"@type":"ReadAction","target":["https:\/\/aaknives.eu\/lt\/product\/kitchen-edge-knife-sharpener\/"]}]},{"@type":"ImageObject","inLanguage":"lt-LT","@id":"https:\/\/aaknives.eu\/lt\/product\/kitchen-edge-knife-sharpener\/#primaryimage","url":"https:\/\/aaknives.eu\/wp-content\/uploads\/2026\/03\/aaknives-hand-forged-damascus-steel-blade-knife-handmade-custom-made-knife-handcrafted-knives-autinetools-northmen-10.jpg","contentUrl":"https:\/\/aaknives.eu\/wp-content\/uploads\/2026\/03\/aaknives-hand-forged-damascus-steel-blade-knife-handmade-custom-made-knife-handcrafted-knives-autinetools-northmen-10.jpg","width":600,"height":599},{"@type":"BreadcrumbList","@id":"https:\/\/aaknives.eu\/lt\/product\/kitchen-edge-knife-sharpener\/#breadcrumb","itemListElement":[{"@type":"ListItem","position":1,"name":"Home","item":"https:\/\/aaknives.eu\/lt\/"},{"@type":"ListItem","position":2,"name":"Parduotuv\u0117","item":"https:\/\/aaknives.eu\/parduotuve\/"},{"@type":"ListItem","position":3,"name":"Kitchen edge knife sharpener"}]},{"@type":"WebSite","@id":"https:\/\/aaknives.eu\/lt\/#website","url":"https:\/\/aaknives.eu\/lt\/","name":"AAKnives","description":"Handmade knives","publisher":{"@id":"https:\/\/aaknives.eu\/lt\/#organization"},"potentialAction":[{"@type":"SearchAction","target":{"@type":"EntryPoint","urlTemplate":"https:\/\/aaknives.eu\/lt\/?s={search_term_string}"},"query-input":{"@type":"PropertyValueSpecification","valueRequired":true,"valueName":"search_term_string"}}],"inLanguage":"lt-LT"},{"@type":"Organization","@id":"https:\/\/aaknives.eu\/lt\/#organization","name":"AAKnives","url":"https:\/\/aaknives.eu\/lt\/","logo":{"@type":"ImageObject","inLanguage":"lt-LT","@id":"https:\/\/aaknives.eu\/lt\/#\/schema\/logo\/image\/","url":"https:\/\/aaknives.eu\/wp-content\/uploads\/2021\/10\/AAknives_Logo_Green.png","contentUrl":"https:\/\/aaknives.eu\/wp-content\/uploads\/2021\/10\/AAknives_Logo_Green.png","width":1768,"height":1768,"caption":"AAKnives"},"image":{"@id":"https:\/\/aaknives.eu\/lt\/#\/schema\/logo\/image\/"},"sameAs":["https:\/\/www.facebook.com\/aaknives.eu\/","https:\/\/www.instagram.com\/aaknives\/","https:\/\/www.pinterest.com\/aa_knives\/","https:\/\/www.youtube.com\/channel\/UCHOQFjrOkgT6s4FIw9LDKyw\/featured"]}]}},"_links":{"self":[{"href":"https:\/\/aaknives.eu\/lt\/wp-json\/wp\/v2\/product\/108123","targetHints":{"allow":["GET"]}}],"collection":[{"href":"https:\/\/aaknives.eu\/lt\/wp-json\/wp\/v2\/product"}],"about":[{"href":"https:\/\/aaknives.eu\/lt\/wp-json\/wp\/v2\/types\/product"}],"wp:featuredmedia":[{"embeddable":true,"href":"https:\/\/aaknives.eu\/lt\/wp-json\/wp\/v2\/media\/108131"}],"wp:attachment":[{"href":"https:\/\/aaknives.eu\/lt\/wp-json\/wp\/v2\/media?parent=108123"}],"wp:term":[{"taxonomy":"product_brand","embeddable":true,"href":"https:\/\/aaknives.eu\/lt\/wp-json\/wp\/v2\/product_brand?post=108123"},{"taxonomy":"product_cat","embeddable":true,"href":"https:\/\/aaknives.eu\/lt\/wp-json\/wp\/v2\/product_cat?post=108123"},{"taxonomy":"product_tag","embeddable":true,"href":"https:\/\/aaknives.eu\/lt\/wp-json\/wp\/v2\/product_tag?post=108123"}],"curies":[{"name":"wp","href":"https:\/\/api.w.org\/{rel}","templated":true}]}}