{"id":108180,"date":"2026-03-02T18:49:39","date_gmt":"2026-03-02T18:49:39","guid":{"rendered":"https:\/\/aaknives.eu\/?post_type=product&#038;p=108180"},"modified":"2026-03-02T18:55:12","modified_gmt":"2026-03-02T18:55:12","slug":"mazas-lauko-kirvis-9hs-plienas-su-kalimo-zymemis","status":"publish","type":"product","link":"https:\/\/aaknives.eu\/lt\/product\/mazas-lauko-kirvis-9hs-plienas-su-kalimo-zymemis\/","title":{"rendered":"Ma\u017eas lauko kirvis &#8211; 9HS plienas su kalimo \u017eym\u0117mis"},"content":{"rendered":"<p>Kirvio specifikacijos: Ma\u017eas lauko kirvis<br \/>\nPlienas: 9HS (9XC)<br \/>\nKietumas: 59-60 HRC<br \/>\nGele\u017et\u0117s ilgis (mm): 120 \/ 4,72 colio<br \/>\nGele\u017et\u0117s storis (mm): 10 &#8211; 3 \/ 0,39 &#8211; 0,09 colio<br \/>\nGele\u017et\u0117s plotis (mm): 90 \/ 3,54 colio<br \/>\nRankena: uosis<br \/>\nBendras ilgis (mm): 230 \/ 9,05 colio<br \/>\nPeilio tipas: med\u017eioklinis, lauko<br \/>\nPakuot\u0117: kirvis, odin\u0117 mak\u0161tis<\/p>\n","protected":false},"excerpt":{"rendered":"<p>Kirvio specifikacijos: Ma\u017eas lauko kirvis Plienas: 9HS (9XC) Kietumas: 59-60 HRC Gele\u017et\u0117s ilgis (mm): 120 \/ 4,72 colio Gele\u017et\u0117s storis (mm): 10 &#8211; 3 \/ 0,39 &#8211; 0,09 colio Gele\u017et\u0117s plotis (mm): 90 \/ 3,54 colio Rankena: uosis Bendras ilgis (mm): 230 \/ 9,05 colio Peilio tipas: med\u017eioklinis, lauko Pakuot\u0117: kirvis, odin\u0117 mak\u0161tis<\/p>\n","protected":false},"featured_media":108187,"template":"","meta":{"_themeisle_gutenberg_block_has_review":false},"product_brand":[],"product_cat":[388],"product_tag":[],"class_list":{"0":"post-108180","1":"product","2":"type-product","3":"status-publish","4":"has-post-thumbnail","6":"product_cat-asys","8":"first","9":"instock","10":"shipping-taxable","11":"purchasable","12":"product-type-simple"},"yoast_head":"<!-- This site is optimized with the Yoast SEO plugin v27.3 - https:\/\/yoast.com\/product\/yoast-seo-wordpress\/ -->\n<title>Ma\u017eas lauko kirvis - 9HS plienas su kalimo \u017eym\u0117mis - AAKnives<\/title>\n<meta name=\"description\" content=\"KIRVIS - plienas 9HS su kalimo \u017eym\u0117mis\" \/>\n<meta name=\"robots\" content=\"index, follow, max-snippet:-1, max-image-preview:large, max-video-preview:-1\" \/>\n<link rel=\"canonical\" href=\"https:\/\/aaknives.eu\/lt\/product\/mazas-lauko-kirvis-9hs-plienas-su-kalimo-zymemis\/\" \/>\n<meta property=\"og:locale\" content=\"lt_LT\" \/>\n<meta property=\"og:type\" content=\"article\" \/>\n<meta property=\"og:title\" content=\"Ma\u017eas lauko kirvis - 9HS plienas su kalimo \u017eym\u0117mis - AAKnives\" \/>\n<meta property=\"og:description\" content=\"KIRVIS - plienas 9HS su kalimo \u017eym\u0117mis\" \/>\n<meta property=\"og:url\" content=\"https:\/\/aaknives.eu\/lt\/product\/mazas-lauko-kirvis-9hs-plienas-su-kalimo-zymemis\/\" \/>\n<meta property=\"og:site_name\" content=\"AAKnives\" \/>\n<meta property=\"article:publisher\" content=\"https:\/\/www.facebook.com\/aaknives.eu\/\" \/>\n<meta property=\"article:modified_time\" content=\"2026-03-02T18:55:12+00:00\" \/>\n<meta property=\"og:image\" content=\"https:\/\/aaknives.eu\/wp-content\/uploads\/2026\/03\/aaknives-hand-forged-damascus-steel-blade-knife-handmade-custom-made-knife-handcrafted-knives-autinetools-northmen-6-1.jpg\" \/>\n\t<meta property=\"og:image:width\" content=\"1020\" \/>\n\t<meta property=\"og:image:height\" content=\"880\" \/>\n\t<meta property=\"og:image:type\" content=\"image\/jpeg\" \/>\n<meta name=\"twitter:card\" content=\"summary_large_image\" \/>\n<script type=\"application\/ld+json\" class=\"yoast-schema-graph\">{\"@context\":\"https:\\\/\\\/schema.org\",\"@graph\":[{\"@type\":\"WebPage\",\"@id\":\"https:\\\/\\\/aaknives.eu\\\/lt\\\/product\\\/mazas-lauko-kirvis-9hs-plienas-su-kalimo-zymemis\\\/\",\"url\":\"https:\\\/\\\/aaknives.eu\\\/lt\\\/product\\\/mazas-lauko-kirvis-9hs-plienas-su-kalimo-zymemis\\\/\",\"name\":\"Ma\u017eas lauko kirvis - 9HS plienas su kalimo \u017eym\u0117mis - AAKnives\",\"isPartOf\":{\"@id\":\"https:\\\/\\\/aaknives.eu\\\/lt\\\/#website\"},\"primaryImageOfPage\":{\"@id\":\"https:\\\/\\\/aaknives.eu\\\/lt\\\/product\\\/mazas-lauko-kirvis-9hs-plienas-su-kalimo-zymemis\\\/#primaryimage\"},\"image\":{\"@id\":\"https:\\\/\\\/aaknives.eu\\\/lt\\\/product\\\/mazas-lauko-kirvis-9hs-plienas-su-kalimo-zymemis\\\/#primaryimage\"},\"thumbnailUrl\":\"https:\\\/\\\/aaknives.eu\\\/wp-content\\\/uploads\\\/2026\\\/03\\\/aaknives-hand-forged-damascus-steel-blade-knife-handmade-custom-made-knife-handcrafted-knives-autinetools-northmen-6-1.jpg\",\"datePublished\":\"2026-03-02T18:49:39+00:00\",\"dateModified\":\"2026-03-02T18:55:12+00:00\",\"description\":\"KIRVIS - plienas 9HS su kalimo \u017eym\u0117mis\",\"breadcrumb\":{\"@id\":\"https:\\\/\\\/aaknives.eu\\\/lt\\\/product\\\/mazas-lauko-kirvis-9hs-plienas-su-kalimo-zymemis\\\/#breadcrumb\"},\"inLanguage\":\"lt-LT\",\"potentialAction\":[{\"@type\":\"ReadAction\",\"target\":[\"https:\\\/\\\/aaknives.eu\\\/lt\\\/product\\\/mazas-lauko-kirvis-9hs-plienas-su-kalimo-zymemis\\\/\"]}]},{\"@type\":\"ImageObject\",\"inLanguage\":\"lt-LT\",\"@id\":\"https:\\\/\\\/aaknives.eu\\\/lt\\\/product\\\/mazas-lauko-kirvis-9hs-plienas-su-kalimo-zymemis\\\/#primaryimage\",\"url\":\"https:\\\/\\\/aaknives.eu\\\/wp-content\\\/uploads\\\/2026\\\/03\\\/aaknives-hand-forged-damascus-steel-blade-knife-handmade-custom-made-knife-handcrafted-knives-autinetools-northmen-6-1.jpg\",\"contentUrl\":\"https:\\\/\\\/aaknives.eu\\\/wp-content\\\/uploads\\\/2026\\\/03\\\/aaknives-hand-forged-damascus-steel-blade-knife-handmade-custom-made-knife-handcrafted-knives-autinetools-northmen-6-1.jpg\",\"width\":1020,\"height\":880},{\"@type\":\"BreadcrumbList\",\"@id\":\"https:\\\/\\\/aaknives.eu\\\/lt\\\/product\\\/mazas-lauko-kirvis-9hs-plienas-su-kalimo-zymemis\\\/#breadcrumb\",\"itemListElement\":[{\"@type\":\"ListItem\",\"position\":1,\"name\":\"Home\",\"item\":\"https:\\\/\\\/aaknives.eu\\\/lt\\\/\"},{\"@type\":\"ListItem\",\"position\":2,\"name\":\"Parduotuv\u0117\",\"item\":\"https:\\\/\\\/aaknives.eu\\\/parduotuve\\\/\"},{\"@type\":\"ListItem\",\"position\":3,\"name\":\"Ma\u017eas lauko kirvis &#8211; 9HS plienas su kalimo \u017eym\u0117mis\"}]},{\"@type\":\"WebSite\",\"@id\":\"https:\\\/\\\/aaknives.eu\\\/lt\\\/#website\",\"url\":\"https:\\\/\\\/aaknives.eu\\\/lt\\\/\",\"name\":\"AAKnives\",\"description\":\"Handmade knives\",\"publisher\":{\"@id\":\"https:\\\/\\\/aaknives.eu\\\/lt\\\/#organization\"},\"potentialAction\":[{\"@type\":\"SearchAction\",\"target\":{\"@type\":\"EntryPoint\",\"urlTemplate\":\"https:\\\/\\\/aaknives.eu\\\/lt\\\/?s={search_term_string}\"},\"query-input\":{\"@type\":\"PropertyValueSpecification\",\"valueRequired\":true,\"valueName\":\"search_term_string\"}}],\"inLanguage\":\"lt-LT\"},{\"@type\":\"Organization\",\"@id\":\"https:\\\/\\\/aaknives.eu\\\/lt\\\/#organization\",\"name\":\"AAKnives\",\"url\":\"https:\\\/\\\/aaknives.eu\\\/lt\\\/\",\"logo\":{\"@type\":\"ImageObject\",\"inLanguage\":\"lt-LT\",\"@id\":\"https:\\\/\\\/aaknives.eu\\\/lt\\\/#\\\/schema\\\/logo\\\/image\\\/\",\"url\":\"https:\\\/\\\/aaknives.eu\\\/wp-content\\\/uploads\\\/2021\\\/10\\\/AAknives_Logo_Green.png\",\"contentUrl\":\"https:\\\/\\\/aaknives.eu\\\/wp-content\\\/uploads\\\/2021\\\/10\\\/AAknives_Logo_Green.png\",\"width\":1768,\"height\":1768,\"caption\":\"AAKnives\"},\"image\":{\"@id\":\"https:\\\/\\\/aaknives.eu\\\/lt\\\/#\\\/schema\\\/logo\\\/image\\\/\"},\"sameAs\":[\"https:\\\/\\\/www.facebook.com\\\/aaknives.eu\\\/\",\"https:\\\/\\\/www.instagram.com\\\/aaknives\\\/\",\"https:\\\/\\\/www.pinterest.com\\\/aa_knives\\\/\",\"https:\\\/\\\/www.youtube.com\\\/channel\\\/UCHOQFjrOkgT6s4FIw9LDKyw\\\/featured\"]}]}<\/script>\n<!-- \/ Yoast SEO plugin. -->","yoast_head_json":{"title":"Ma\u017eas lauko kirvis - 9HS plienas su kalimo \u017eym\u0117mis - AAKnives","description":"KIRVIS - plienas 9HS su kalimo \u017eym\u0117mis","robots":{"index":"index","follow":"follow","max-snippet":"max-snippet:-1","max-image-preview":"max-image-preview:large","max-video-preview":"max-video-preview:-1"},"canonical":"https:\/\/aaknives.eu\/lt\/product\/mazas-lauko-kirvis-9hs-plienas-su-kalimo-zymemis\/","og_locale":"lt_LT","og_type":"article","og_title":"Ma\u017eas lauko kirvis - 9HS plienas su kalimo \u017eym\u0117mis - AAKnives","og_description":"KIRVIS - plienas 9HS su kalimo \u017eym\u0117mis","og_url":"https:\/\/aaknives.eu\/lt\/product\/mazas-lauko-kirvis-9hs-plienas-su-kalimo-zymemis\/","og_site_name":"AAKnives","article_publisher":"https:\/\/www.facebook.com\/aaknives.eu\/","article_modified_time":"2026-03-02T18:55:12+00:00","og_image":[{"width":1020,"height":880,"url":"https:\/\/aaknives.eu\/wp-content\/uploads\/2026\/03\/aaknives-hand-forged-damascus-steel-blade-knife-handmade-custom-made-knife-handcrafted-knives-autinetools-northmen-6-1.jpg","type":"image\/jpeg"}],"twitter_card":"summary_large_image","schema":{"@context":"https:\/\/schema.org","@graph":[{"@type":"WebPage","@id":"https:\/\/aaknives.eu\/lt\/product\/mazas-lauko-kirvis-9hs-plienas-su-kalimo-zymemis\/","url":"https:\/\/aaknives.eu\/lt\/product\/mazas-lauko-kirvis-9hs-plienas-su-kalimo-zymemis\/","name":"Ma\u017eas lauko kirvis - 9HS plienas su kalimo \u017eym\u0117mis - AAKnives","isPartOf":{"@id":"https:\/\/aaknives.eu\/lt\/#website"},"primaryImageOfPage":{"@id":"https:\/\/aaknives.eu\/lt\/product\/mazas-lauko-kirvis-9hs-plienas-su-kalimo-zymemis\/#primaryimage"},"image":{"@id":"https:\/\/aaknives.eu\/lt\/product\/mazas-lauko-kirvis-9hs-plienas-su-kalimo-zymemis\/#primaryimage"},"thumbnailUrl":"https:\/\/aaknives.eu\/wp-content\/uploads\/2026\/03\/aaknives-hand-forged-damascus-steel-blade-knife-handmade-custom-made-knife-handcrafted-knives-autinetools-northmen-6-1.jpg","datePublished":"2026-03-02T18:49:39+00:00","dateModified":"2026-03-02T18:55:12+00:00","description":"KIRVIS - plienas 9HS su kalimo \u017eym\u0117mis","breadcrumb":{"@id":"https:\/\/aaknives.eu\/lt\/product\/mazas-lauko-kirvis-9hs-plienas-su-kalimo-zymemis\/#breadcrumb"},"inLanguage":"lt-LT","potentialAction":[{"@type":"ReadAction","target":["https:\/\/aaknives.eu\/lt\/product\/mazas-lauko-kirvis-9hs-plienas-su-kalimo-zymemis\/"]}]},{"@type":"ImageObject","inLanguage":"lt-LT","@id":"https:\/\/aaknives.eu\/lt\/product\/mazas-lauko-kirvis-9hs-plienas-su-kalimo-zymemis\/#primaryimage","url":"https:\/\/aaknives.eu\/wp-content\/uploads\/2026\/03\/aaknives-hand-forged-damascus-steel-blade-knife-handmade-custom-made-knife-handcrafted-knives-autinetools-northmen-6-1.jpg","contentUrl":"https:\/\/aaknives.eu\/wp-content\/uploads\/2026\/03\/aaknives-hand-forged-damascus-steel-blade-knife-handmade-custom-made-knife-handcrafted-knives-autinetools-northmen-6-1.jpg","width":1020,"height":880},{"@type":"BreadcrumbList","@id":"https:\/\/aaknives.eu\/lt\/product\/mazas-lauko-kirvis-9hs-plienas-su-kalimo-zymemis\/#breadcrumb","itemListElement":[{"@type":"ListItem","position":1,"name":"Home","item":"https:\/\/aaknives.eu\/lt\/"},{"@type":"ListItem","position":2,"name":"Parduotuv\u0117","item":"https:\/\/aaknives.eu\/parduotuve\/"},{"@type":"ListItem","position":3,"name":"Ma\u017eas lauko kirvis &#8211; 9HS plienas su kalimo \u017eym\u0117mis"}]},{"@type":"WebSite","@id":"https:\/\/aaknives.eu\/lt\/#website","url":"https:\/\/aaknives.eu\/lt\/","name":"AAKnives","description":"Handmade knives","publisher":{"@id":"https:\/\/aaknives.eu\/lt\/#organization"},"potentialAction":[{"@type":"SearchAction","target":{"@type":"EntryPoint","urlTemplate":"https:\/\/aaknives.eu\/lt\/?s={search_term_string}"},"query-input":{"@type":"PropertyValueSpecification","valueRequired":true,"valueName":"search_term_string"}}],"inLanguage":"lt-LT"},{"@type":"Organization","@id":"https:\/\/aaknives.eu\/lt\/#organization","name":"AAKnives","url":"https:\/\/aaknives.eu\/lt\/","logo":{"@type":"ImageObject","inLanguage":"lt-LT","@id":"https:\/\/aaknives.eu\/lt\/#\/schema\/logo\/image\/","url":"https:\/\/aaknives.eu\/wp-content\/uploads\/2021\/10\/AAknives_Logo_Green.png","contentUrl":"https:\/\/aaknives.eu\/wp-content\/uploads\/2021\/10\/AAknives_Logo_Green.png","width":1768,"height":1768,"caption":"AAKnives"},"image":{"@id":"https:\/\/aaknives.eu\/lt\/#\/schema\/logo\/image\/"},"sameAs":["https:\/\/www.facebook.com\/aaknives.eu\/","https:\/\/www.instagram.com\/aaknives\/","https:\/\/www.pinterest.com\/aa_knives\/","https:\/\/www.youtube.com\/channel\/UCHOQFjrOkgT6s4FIw9LDKyw\/featured"]}]}},"_links":{"self":[{"href":"https:\/\/aaknives.eu\/lt\/wp-json\/wp\/v2\/product\/108180","targetHints":{"allow":["GET"]}}],"collection":[{"href":"https:\/\/aaknives.eu\/lt\/wp-json\/wp\/v2\/product"}],"about":[{"href":"https:\/\/aaknives.eu\/lt\/wp-json\/wp\/v2\/types\/product"}],"wp:featuredmedia":[{"embeddable":true,"href":"https:\/\/aaknives.eu\/lt\/wp-json\/wp\/v2\/media\/108187"}],"wp:attachment":[{"href":"https:\/\/aaknives.eu\/lt\/wp-json\/wp\/v2\/media?parent=108180"}],"wp:term":[{"taxonomy":"product_brand","embeddable":true,"href":"https:\/\/aaknives.eu\/lt\/wp-json\/wp\/v2\/product_brand?post=108180"},{"taxonomy":"product_cat","embeddable":true,"href":"https:\/\/aaknives.eu\/lt\/wp-json\/wp\/v2\/product_cat?post=108180"},{"taxonomy":"product_tag","embeddable":true,"href":"https:\/\/aaknives.eu\/lt\/wp-json\/wp\/v2\/product_tag?post=108180"}],"curies":[{"name":"wp","href":"https:\/\/api.w.org\/{rel}","templated":true}]}}