{"id":109267,"date":"2026-04-29T15:51:14","date_gmt":"2026-04-29T15:51:14","guid":{"rendered":"https:\/\/aaknives.eu\/?post_type=product&#038;p=109267"},"modified":"2026-04-29T15:58:55","modified_gmt":"2026-04-29T15:58:55","slug":"peilis-is-uzbeku-pcako-plieno-vg10-japonisko-kaltinio-nerudijancio-plieno","status":"publish","type":"product","link":"https:\/\/aaknives.eu\/lt\/product\/peilis-is-uzbeku-pcako-plieno-vg10-japonisko-kaltinio-nerudijancio-plieno\/","title":{"rendered":"Peilis i\u0161 uzbek\u0173 p\u010dako plieno VG10, japoni\u0161ko kaltinio ner\u016bdijan\u010dio plieno"},"content":{"rendered":"<p>Peilio specifikacijos: uzbek\u0173 p\u010dakas<br \/>\nPlienas: japoni\u0161ko kaltinio ner\u016bdijan\u010dio plieno VG10 plienas<br \/>\nKietumas: HRC 60\u201361<br \/>\nGele\u017et\u0117s ilgis (mm): 153 \/ 6,02 colio<br \/>\nGele\u017et\u0117s storis (mm): 2 \/ 0,07 colio<br \/>\nGele\u017et\u0117s plotis (mm): 33 \/ 1,29 colio<br \/>\nRankena: Micarta &#8211; 610<br \/>\nBendras ilgis (mm): 278 \/ 10,84 colio<br \/>\nPeilio tipas: med\u017eioklei, lauko<br \/>\nPakuot\u0117: peilis, odin\u0117 mak\u0161tis<\/p>\n<p>VG10 yra vienas populiariausi\u0173 auk\u0161tos kokyb\u0117s japoni\u0161k\u0173 ner\u016bdijan\u010dio plieno r\u016b\u0161i\u0173, ypa\u010d populiarus virtuviniuose ir ki\u0161eniniuose peiliuose. \u010cia pateikiama i\u0161sami jo savybi\u0173 ap\u017evalga ir palyginimas su kitais plienais:<br \/>\n&#8211; Sukurtas Japonijoje, \u201eTakefu Special Steel\u201c*.<br \/>\n&#8211; Pavadinimas \u201eVG\u201c rei\u0161kia \u201eV-Gold\u201c \u2013 auksin\u012f auk\u0161tos kokyb\u0117s plieno standart\u0105.<br \/>\n&#8211; I\u0161 prad\u017ei\u0173 sukurtas chirurginiams skalpeliams, v\u0117liau i\u0161populiar\u0117jo virtuviniuose ir EDC (kasdien ne\u0161iojamuose) peiliuose.<\/p>\n<p>Pagrindiniai privalumai:<br \/>\nKietumas: HRC 60\u201361 \u2013 i\u0161laiko a\u0161trum\u0105 ilgiau nei daugelis kit\u0173 ner\u016bdijan\u010dio plieno r\u016b\u0161i\u0173.<br \/>\nA\u0161trumas: D\u0117l vanad\u017eio ir kobalto kiekio VG10 sudaro kietus karbidus, kurie u\u017etikrina ilgalaik\u012f a\u0161trum\u0105.<br \/>\nAtsparumas korozijai: Sud\u0117tyje yra ~15,5 % chromo \u2013 puiki apsauga nuo r\u016bd\u017ei\u0173 net dr\u0117gnoje ar r\u016bg\u0161tin\u0117je aplinkoje.<br \/>\nLengvas galandimas: Nepaisant didelio kietumo, VG10 yra **palyginti lengva gal\u0105sti*, ypa\u010d vandens akmenimis (gal\u0105stuvais).<br \/>\nTvirtumas: Subalansuotas \u2013 ne per trapus, bet ne toks patvarus kaip kai kurie \u012franki\u0173 plienai (pvz., D2).<br \/>\nVG10 i\u0161siskiria subalansuotomis savyb\u0117mis \u2013 jis n\u0117ra geriausias kiekvienoje kategorijoje, bet apskritai labai patikimas ir prakti\u0161kas plienas.<br \/>\n\u2013 Jei norite peilio, kuris ilgai i\u0161likt\u0173 a\u0161trus, nereik\u0117t\u0173 da\u017enai gal\u0105sti ir nebijot\u0173 dr\u0117gm\u0117s \u2013 VG10 yra puikus pasirinkimas.<br \/>\n\u2013 Ypa\u010d tinka virtuviniams peiliams, EDC ki\u0161eniniams peiliams, \u017evejybai, veiklai lauke.<\/p>\n","protected":false},"excerpt":{"rendered":"<p>VG10 japoni\u0161kas kaltinis ner\u016bdijantis plienas, kietumas HRC 60\u201361<br \/>\nPuikios pjovimo savyb\u0117s, atsparumas r\u016bdijimui ir nesunkus gal\u0105sti<\/p>\n","protected":false},"featured_media":109275,"template":"","meta":{"_themeisle_gutenberg_block_has_review":false},"product_brand":[],"product_cat":[379],"product_tag":[],"class_list":{"0":"post-109267","1":"product","2":"type-product","3":"status-publish","4":"has-post-thumbnail","6":"product_cat-virtuves-peiliai","8":"first","9":"instock","10":"shipping-taxable","11":"purchasable","12":"product-type-simple"},"yoast_head":"<!-- This site is optimized with the Yoast SEO plugin v27.5 - https:\/\/yoast.com\/product\/yoast-seo-wordpress\/ -->\n<title>Peilis i\u0161 uzbek\u0173 p\u010dako plieno VG10, japoni\u0161ko kaltinio ner\u016bdijan\u010dio plieno - AAKnives<\/title>\n<meta name=\"description\" content=\"VG10 yra vienas populiariausi\u0173 auk\u0161tos kokyb\u0117s japoni\u0161k\u0173 ner\u016bdijan\u010dio plieno gamini\u0173, ypa\u010d populiarus virtuviniuose ir ki\u0161eniniuose peiliuose.\" \/>\n<meta name=\"robots\" content=\"index, follow, max-snippet:-1, max-image-preview:large, max-video-preview:-1\" \/>\n<link rel=\"canonical\" href=\"https:\/\/aaknives.eu\/lt\/product\/peilis-is-uzbeku-pcako-plieno-vg10-japonisko-kaltinio-nerudijancio-plieno\/\" \/>\n<meta property=\"og:locale\" content=\"lt_LT\" \/>\n<meta property=\"og:type\" content=\"article\" \/>\n<meta property=\"og:title\" content=\"Peilis i\u0161 uzbek\u0173 p\u010dako plieno VG10, japoni\u0161ko kaltinio ner\u016bdijan\u010dio plieno - AAKnives\" \/>\n<meta property=\"og:description\" content=\"VG10 yra vienas populiariausi\u0173 auk\u0161tos kokyb\u0117s japoni\u0161k\u0173 ner\u016bdijan\u010dio plieno gamini\u0173, ypa\u010d populiarus virtuviniuose ir ki\u0161eniniuose peiliuose.\" \/>\n<meta property=\"og:url\" content=\"https:\/\/aaknives.eu\/lt\/product\/peilis-is-uzbeku-pcako-plieno-vg10-japonisko-kaltinio-nerudijancio-plieno\/\" \/>\n<meta property=\"og:site_name\" content=\"AAKnives\" \/>\n<meta property=\"article:publisher\" content=\"https:\/\/www.facebook.com\/aaknives.eu\/\" \/>\n<meta property=\"article:modified_time\" content=\"2026-04-29T15:58:55+00:00\" \/>\n<meta property=\"og:image\" content=\"https:\/\/aaknives.eu\/wp-content\/uploads\/2026\/04\/aaknives-hand-forged-damascus-steel-blade-knife-handmade-custom-made-knife-handcrafted-knives-autinetools-northmen-3.jpg\" \/>\n\t<meta property=\"og:image:width\" content=\"1020\" \/>\n\t<meta property=\"og:image:height\" content=\"880\" \/>\n\t<meta property=\"og:image:type\" content=\"image\/jpeg\" \/>\n<meta name=\"twitter:card\" content=\"summary_large_image\" \/>\n<meta name=\"twitter:label1\" content=\"Est. reading time\" \/>\n\t<meta name=\"twitter:data1\" content=\"1 minut\u0117\" \/>\n<script type=\"application\/ld+json\" class=\"yoast-schema-graph\">{\"@context\":\"https:\\\/\\\/schema.org\",\"@graph\":[{\"@type\":\"WebPage\",\"@id\":\"https:\\\/\\\/aaknives.eu\\\/lt\\\/product\\\/peilis-is-uzbeku-pcako-plieno-vg10-japonisko-kaltinio-nerudijancio-plieno\\\/\",\"url\":\"https:\\\/\\\/aaknives.eu\\\/lt\\\/product\\\/peilis-is-uzbeku-pcako-plieno-vg10-japonisko-kaltinio-nerudijancio-plieno\\\/\",\"name\":\"Peilis i\u0161 uzbek\u0173 p\u010dako plieno VG10, japoni\u0161ko kaltinio ner\u016bdijan\u010dio plieno - AAKnives\",\"isPartOf\":{\"@id\":\"https:\\\/\\\/aaknives.eu\\\/lt\\\/#website\"},\"primaryImageOfPage\":{\"@id\":\"https:\\\/\\\/aaknives.eu\\\/lt\\\/product\\\/peilis-is-uzbeku-pcako-plieno-vg10-japonisko-kaltinio-nerudijancio-plieno\\\/#primaryimage\"},\"image\":{\"@id\":\"https:\\\/\\\/aaknives.eu\\\/lt\\\/product\\\/peilis-is-uzbeku-pcako-plieno-vg10-japonisko-kaltinio-nerudijancio-plieno\\\/#primaryimage\"},\"thumbnailUrl\":\"https:\\\/\\\/aaknives.eu\\\/wp-content\\\/uploads\\\/2026\\\/04\\\/aaknives-hand-forged-damascus-steel-blade-knife-handmade-custom-made-knife-handcrafted-knives-autinetools-northmen-3.jpg\",\"datePublished\":\"2026-04-29T15:51:14+00:00\",\"dateModified\":\"2026-04-29T15:58:55+00:00\",\"description\":\"VG10 yra vienas populiariausi\u0173 auk\u0161tos kokyb\u0117s japoni\u0161k\u0173 ner\u016bdijan\u010dio plieno gamini\u0173, ypa\u010d populiarus virtuviniuose ir ki\u0161eniniuose peiliuose.\",\"breadcrumb\":{\"@id\":\"https:\\\/\\\/aaknives.eu\\\/lt\\\/product\\\/peilis-is-uzbeku-pcako-plieno-vg10-japonisko-kaltinio-nerudijancio-plieno\\\/#breadcrumb\"},\"inLanguage\":\"lt-LT\",\"potentialAction\":[{\"@type\":\"ReadAction\",\"target\":[\"https:\\\/\\\/aaknives.eu\\\/lt\\\/product\\\/peilis-is-uzbeku-pcako-plieno-vg10-japonisko-kaltinio-nerudijancio-plieno\\\/\"]}]},{\"@type\":\"ImageObject\",\"inLanguage\":\"lt-LT\",\"@id\":\"https:\\\/\\\/aaknives.eu\\\/lt\\\/product\\\/peilis-is-uzbeku-pcako-plieno-vg10-japonisko-kaltinio-nerudijancio-plieno\\\/#primaryimage\",\"url\":\"https:\\\/\\\/aaknives.eu\\\/wp-content\\\/uploads\\\/2026\\\/04\\\/aaknives-hand-forged-damascus-steel-blade-knife-handmade-custom-made-knife-handcrafted-knives-autinetools-northmen-3.jpg\",\"contentUrl\":\"https:\\\/\\\/aaknives.eu\\\/wp-content\\\/uploads\\\/2026\\\/04\\\/aaknives-hand-forged-damascus-steel-blade-knife-handmade-custom-made-knife-handcrafted-knives-autinetools-northmen-3.jpg\",\"width\":1020,\"height\":880},{\"@type\":\"BreadcrumbList\",\"@id\":\"https:\\\/\\\/aaknives.eu\\\/lt\\\/product\\\/peilis-is-uzbeku-pcako-plieno-vg10-japonisko-kaltinio-nerudijancio-plieno\\\/#breadcrumb\",\"itemListElement\":[{\"@type\":\"ListItem\",\"position\":1,\"name\":\"Home\",\"item\":\"https:\\\/\\\/aaknives.eu\\\/lt\\\/\"},{\"@type\":\"ListItem\",\"position\":2,\"name\":\"Parduotuv\u0117\",\"item\":\"https:\\\/\\\/aaknives.eu\\\/parduotuve\\\/\"},{\"@type\":\"ListItem\",\"position\":3,\"name\":\"Peilis i\u0161 uzbek\u0173 p\u010dako plieno VG10, japoni\u0161ko kaltinio ner\u016bdijan\u010dio plieno\"}]},{\"@type\":\"WebSite\",\"@id\":\"https:\\\/\\\/aaknives.eu\\\/lt\\\/#website\",\"url\":\"https:\\\/\\\/aaknives.eu\\\/lt\\\/\",\"name\":\"AAKnives\",\"description\":\"Handmade knives\",\"publisher\":{\"@id\":\"https:\\\/\\\/aaknives.eu\\\/lt\\\/#organization\"},\"potentialAction\":[{\"@type\":\"SearchAction\",\"target\":{\"@type\":\"EntryPoint\",\"urlTemplate\":\"https:\\\/\\\/aaknives.eu\\\/lt\\\/?s={search_term_string}\"},\"query-input\":{\"@type\":\"PropertyValueSpecification\",\"valueRequired\":true,\"valueName\":\"search_term_string\"}}],\"inLanguage\":\"lt-LT\"},{\"@type\":\"Organization\",\"@id\":\"https:\\\/\\\/aaknives.eu\\\/lt\\\/#organization\",\"name\":\"AAKnives\",\"url\":\"https:\\\/\\\/aaknives.eu\\\/lt\\\/\",\"logo\":{\"@type\":\"ImageObject\",\"inLanguage\":\"lt-LT\",\"@id\":\"https:\\\/\\\/aaknives.eu\\\/lt\\\/#\\\/schema\\\/logo\\\/image\\\/\",\"url\":\"https:\\\/\\\/aaknives.eu\\\/wp-content\\\/uploads\\\/2021\\\/10\\\/AAknives_Logo_Green.png\",\"contentUrl\":\"https:\\\/\\\/aaknives.eu\\\/wp-content\\\/uploads\\\/2021\\\/10\\\/AAknives_Logo_Green.png\",\"width\":1768,\"height\":1768,\"caption\":\"AAKnives\"},\"image\":{\"@id\":\"https:\\\/\\\/aaknives.eu\\\/lt\\\/#\\\/schema\\\/logo\\\/image\\\/\"},\"sameAs\":[\"https:\\\/\\\/www.facebook.com\\\/aaknives.eu\\\/\",\"https:\\\/\\\/www.instagram.com\\\/aaknives\\\/\",\"https:\\\/\\\/www.pinterest.com\\\/aa_knives\\\/\",\"https:\\\/\\\/www.youtube.com\\\/channel\\\/UCHOQFjrOkgT6s4FIw9LDKyw\\\/featured\"]}]}<\/script>\n<!-- \/ Yoast SEO plugin. -->","yoast_head_json":{"title":"Peilis i\u0161 uzbek\u0173 p\u010dako plieno VG10, japoni\u0161ko kaltinio ner\u016bdijan\u010dio plieno - AAKnives","description":"VG10 yra vienas populiariausi\u0173 auk\u0161tos kokyb\u0117s japoni\u0161k\u0173 ner\u016bdijan\u010dio plieno gamini\u0173, ypa\u010d populiarus virtuviniuose ir ki\u0161eniniuose peiliuose.","robots":{"index":"index","follow":"follow","max-snippet":"max-snippet:-1","max-image-preview":"max-image-preview:large","max-video-preview":"max-video-preview:-1"},"canonical":"https:\/\/aaknives.eu\/lt\/product\/peilis-is-uzbeku-pcako-plieno-vg10-japonisko-kaltinio-nerudijancio-plieno\/","og_locale":"lt_LT","og_type":"article","og_title":"Peilis i\u0161 uzbek\u0173 p\u010dako plieno VG10, japoni\u0161ko kaltinio ner\u016bdijan\u010dio plieno - AAKnives","og_description":"VG10 yra vienas populiariausi\u0173 auk\u0161tos kokyb\u0117s japoni\u0161k\u0173 ner\u016bdijan\u010dio plieno gamini\u0173, ypa\u010d populiarus virtuviniuose ir ki\u0161eniniuose peiliuose.","og_url":"https:\/\/aaknives.eu\/lt\/product\/peilis-is-uzbeku-pcako-plieno-vg10-japonisko-kaltinio-nerudijancio-plieno\/","og_site_name":"AAKnives","article_publisher":"https:\/\/www.facebook.com\/aaknives.eu\/","article_modified_time":"2026-04-29T15:58:55+00:00","og_image":[{"width":1020,"height":880,"url":"https:\/\/aaknives.eu\/wp-content\/uploads\/2026\/04\/aaknives-hand-forged-damascus-steel-blade-knife-handmade-custom-made-knife-handcrafted-knives-autinetools-northmen-3.jpg","type":"image\/jpeg"}],"twitter_card":"summary_large_image","twitter_misc":{"Est. reading time":"1 minut\u0117"},"schema":{"@context":"https:\/\/schema.org","@graph":[{"@type":"WebPage","@id":"https:\/\/aaknives.eu\/lt\/product\/peilis-is-uzbeku-pcako-plieno-vg10-japonisko-kaltinio-nerudijancio-plieno\/","url":"https:\/\/aaknives.eu\/lt\/product\/peilis-is-uzbeku-pcako-plieno-vg10-japonisko-kaltinio-nerudijancio-plieno\/","name":"Peilis i\u0161 uzbek\u0173 p\u010dako plieno VG10, japoni\u0161ko kaltinio ner\u016bdijan\u010dio plieno - AAKnives","isPartOf":{"@id":"https:\/\/aaknives.eu\/lt\/#website"},"primaryImageOfPage":{"@id":"https:\/\/aaknives.eu\/lt\/product\/peilis-is-uzbeku-pcako-plieno-vg10-japonisko-kaltinio-nerudijancio-plieno\/#primaryimage"},"image":{"@id":"https:\/\/aaknives.eu\/lt\/product\/peilis-is-uzbeku-pcako-plieno-vg10-japonisko-kaltinio-nerudijancio-plieno\/#primaryimage"},"thumbnailUrl":"https:\/\/aaknives.eu\/wp-content\/uploads\/2026\/04\/aaknives-hand-forged-damascus-steel-blade-knife-handmade-custom-made-knife-handcrafted-knives-autinetools-northmen-3.jpg","datePublished":"2026-04-29T15:51:14+00:00","dateModified":"2026-04-29T15:58:55+00:00","description":"VG10 yra vienas populiariausi\u0173 auk\u0161tos kokyb\u0117s japoni\u0161k\u0173 ner\u016bdijan\u010dio plieno gamini\u0173, ypa\u010d populiarus virtuviniuose ir ki\u0161eniniuose peiliuose.","breadcrumb":{"@id":"https:\/\/aaknives.eu\/lt\/product\/peilis-is-uzbeku-pcako-plieno-vg10-japonisko-kaltinio-nerudijancio-plieno\/#breadcrumb"},"inLanguage":"lt-LT","potentialAction":[{"@type":"ReadAction","target":["https:\/\/aaknives.eu\/lt\/product\/peilis-is-uzbeku-pcako-plieno-vg10-japonisko-kaltinio-nerudijancio-plieno\/"]}]},{"@type":"ImageObject","inLanguage":"lt-LT","@id":"https:\/\/aaknives.eu\/lt\/product\/peilis-is-uzbeku-pcako-plieno-vg10-japonisko-kaltinio-nerudijancio-plieno\/#primaryimage","url":"https:\/\/aaknives.eu\/wp-content\/uploads\/2026\/04\/aaknives-hand-forged-damascus-steel-blade-knife-handmade-custom-made-knife-handcrafted-knives-autinetools-northmen-3.jpg","contentUrl":"https:\/\/aaknives.eu\/wp-content\/uploads\/2026\/04\/aaknives-hand-forged-damascus-steel-blade-knife-handmade-custom-made-knife-handcrafted-knives-autinetools-northmen-3.jpg","width":1020,"height":880},{"@type":"BreadcrumbList","@id":"https:\/\/aaknives.eu\/lt\/product\/peilis-is-uzbeku-pcako-plieno-vg10-japonisko-kaltinio-nerudijancio-plieno\/#breadcrumb","itemListElement":[{"@type":"ListItem","position":1,"name":"Home","item":"https:\/\/aaknives.eu\/lt\/"},{"@type":"ListItem","position":2,"name":"Parduotuv\u0117","item":"https:\/\/aaknives.eu\/parduotuve\/"},{"@type":"ListItem","position":3,"name":"Peilis i\u0161 uzbek\u0173 p\u010dako plieno VG10, japoni\u0161ko kaltinio ner\u016bdijan\u010dio plieno"}]},{"@type":"WebSite","@id":"https:\/\/aaknives.eu\/lt\/#website","url":"https:\/\/aaknives.eu\/lt\/","name":"AAKnives","description":"Handmade knives","publisher":{"@id":"https:\/\/aaknives.eu\/lt\/#organization"},"potentialAction":[{"@type":"SearchAction","target":{"@type":"EntryPoint","urlTemplate":"https:\/\/aaknives.eu\/lt\/?s={search_term_string}"},"query-input":{"@type":"PropertyValueSpecification","valueRequired":true,"valueName":"search_term_string"}}],"inLanguage":"lt-LT"},{"@type":"Organization","@id":"https:\/\/aaknives.eu\/lt\/#organization","name":"AAKnives","url":"https:\/\/aaknives.eu\/lt\/","logo":{"@type":"ImageObject","inLanguage":"lt-LT","@id":"https:\/\/aaknives.eu\/lt\/#\/schema\/logo\/image\/","url":"https:\/\/aaknives.eu\/wp-content\/uploads\/2021\/10\/AAknives_Logo_Green.png","contentUrl":"https:\/\/aaknives.eu\/wp-content\/uploads\/2021\/10\/AAknives_Logo_Green.png","width":1768,"height":1768,"caption":"AAKnives"},"image":{"@id":"https:\/\/aaknives.eu\/lt\/#\/schema\/logo\/image\/"},"sameAs":["https:\/\/www.facebook.com\/aaknives.eu\/","https:\/\/www.instagram.com\/aaknives\/","https:\/\/www.pinterest.com\/aa_knives\/","https:\/\/www.youtube.com\/channel\/UCHOQFjrOkgT6s4FIw9LDKyw\/featured"]}]}},"_links":{"self":[{"href":"https:\/\/aaknives.eu\/lt\/wp-json\/wp\/v2\/product\/109267","targetHints":{"allow":["GET"]}}],"collection":[{"href":"https:\/\/aaknives.eu\/lt\/wp-json\/wp\/v2\/product"}],"about":[{"href":"https:\/\/aaknives.eu\/lt\/wp-json\/wp\/v2\/types\/product"}],"wp:featuredmedia":[{"embeddable":true,"href":"https:\/\/aaknives.eu\/lt\/wp-json\/wp\/v2\/media\/109275"}],"wp:attachment":[{"href":"https:\/\/aaknives.eu\/lt\/wp-json\/wp\/v2\/media?parent=109267"}],"wp:term":[{"taxonomy":"product_brand","embeddable":true,"href":"https:\/\/aaknives.eu\/lt\/wp-json\/wp\/v2\/product_brand?post=109267"},{"taxonomy":"product_cat","embeddable":true,"href":"https:\/\/aaknives.eu\/lt\/wp-json\/wp\/v2\/product_cat?post=109267"},{"taxonomy":"product_tag","embeddable":true,"href":"https:\/\/aaknives.eu\/lt\/wp-json\/wp\/v2\/product_tag?post=109267"}],"curies":[{"name":"wp","href":"https:\/\/api.w.org\/{rel}","templated":true}]}}