{"id":45755,"date":"2024-01-17T18:57:44","date_gmt":"2024-01-17T18:57:44","guid":{"rendered":"https:\/\/aaknives.eu\/product\/peilis-poseidon-rankomis-kaltas-laminuotas-damasko-plieno-peilis-su-fiksuota-gelezte\/"},"modified":"2025-09-08T07:25:36","modified_gmt":"2025-09-08T07:25:36","slug":"peilis-poseidon-rankomis-kaltas-laminuotas-damasko-plieno-peilis-su-fiksuota-gelezte-2","status":"publish","type":"product","link":"https:\/\/aaknives.eu\/lt\/product\/peilis-poseidon-rankomis-kaltas-laminuotas-damasko-plieno-peilis-su-fiksuota-gelezte-2\/","title":{"rendered":"Peilis &#8211; POSEIDON- rankomis kaltas Damasko plieno peilis su fiksuota gele\u017ete"},"content":{"rendered":"<p>Peilio specifikacijos: POSEIDON<br \/>\nPlienas: Rankomis kaltas Damasko plieno gele\u017et\u0117<br \/>\nKietumas: 60-62 HRC<br \/>\nA\u0161men\u0173 ilgis (mm): 126 \/ 4,96 colio<br \/>\nA\u0161men\u0173 storis (mm): 3 \/ 0,11 colio<br \/>\nA\u0161men\u0173 plotis (mm): 34 \/ 1,33 colio<br \/>\nRankena: afrikieti\u0161ka venge mediena<br \/>\nVisas ilgis (mm): 252 \/ 9,92 colio<\/p>\n<p>Laminuoto Damasko plieno peili\u0173 privalumai:<br \/>\nPadid\u0117jusi j\u0117ga<br \/>\nDidelis kietumas<br \/>\nPuikios pjovimo savyb\u0117s<br \/>\nGra\u017eus dizainas<br \/>\nIlgai i\u0161liekantis ry\u0161kumas<\/p>\n<p>Gele\u017et\u0117s kietumas 60-62 HRC.<\/p>\n","protected":false},"excerpt":{"rendered":"<p>Peilio specifikacijos: POSEIDON Plienas: Rankomis kaltas Damasko plieno gele\u017et\u0117 Kietumas: 60-62 HRC A\u0161men\u0173 ilgis (mm): 126 \/ 4,96 colio A\u0161men\u0173 storis (mm): 3 \/ 0,11 colio A\u0161men\u0173 plotis (mm): 34 \/ 1,33 colio Rankena: afrikieti\u0161ka venge mediena Visas ilgis (mm): 252 \/ 9,92 colio Laminuoto Damasko plieno peili\u0173 privalumai: Padid\u0117jusi j\u0117ga Didelis kietumas Puikios pjovimo savyb\u0117s Gra\u017eus dizainas Ilgai i\u0161liekantis ry\u0161kumas Gele\u017et\u0117s kietumas 60-62 HRC.<\/p>\n","protected":false},"featured_media":96537,"template":"","meta":{"_themeisle_gutenberg_block_has_review":false},"product_brand":[],"product_cat":[380,381,386],"product_tag":[],"class_list":{"0":"post-45755","1":"product","2":"type-product","3":"status-publish","4":"has-post-thumbnail","6":"product_cat-premium-ir-isskirtiniai-peiliai","7":"product_cat-lauko-peiliai","8":"product_cat-medziokliniai-peiliai","10":"first","11":"instock","12":"shipping-taxable","13":"purchasable","14":"product-type-simple"},"yoast_head":"<!-- This site is optimized with the Yoast SEO plugin v27.3 - https:\/\/yoast.com\/product\/yoast-seo-wordpress\/ -->\n<title>Peilis - POSEIDON- rankomis kaltas Damasko plieno peilis su fiksuota gele\u017ete - AAKnives<\/title>\n<meta name=\"description\" content=\"Peilis - POSEIDON- rankomis kaltas laminuotas - Damasko plieno peilis su fiksuota gele\u017ete\" \/>\n<meta name=\"robots\" content=\"index, follow, max-snippet:-1, max-image-preview:large, max-video-preview:-1\" \/>\n<link rel=\"canonical\" href=\"https:\/\/aaknives.eu\/lt\/product\/peilis-poseidon-rankomis-kaltas-laminuotas-damasko-plieno-peilis-su-fiksuota-gelezte-2\/\" \/>\n<meta property=\"og:locale\" content=\"lt_LT\" \/>\n<meta property=\"og:type\" content=\"article\" \/>\n<meta property=\"og:title\" content=\"Peilis - POSEIDON- rankomis kaltas Damasko plieno peilis su fiksuota gele\u017ete - AAKnives\" \/>\n<meta property=\"og:description\" content=\"Peilis - POSEIDON- rankomis kaltas laminuotas - Damasko plieno peilis su fiksuota gele\u017ete\" \/>\n<meta property=\"og:url\" content=\"https:\/\/aaknives.eu\/lt\/product\/peilis-poseidon-rankomis-kaltas-laminuotas-damasko-plieno-peilis-su-fiksuota-gelezte-2\/\" \/>\n<meta property=\"og:site_name\" content=\"AAKnives\" \/>\n<meta property=\"article:publisher\" content=\"https:\/\/www.facebook.com\/aaknives.eu\/\" \/>\n<meta property=\"article:modified_time\" content=\"2025-09-08T07:25:36+00:00\" \/>\n<meta property=\"og:image\" content=\"https:\/\/aaknives.eu\/wp-content\/uploads\/2024\/01\/aaknives-hand-forged-damascus-steel-blade-knife-handmade-custom-made-knife-handcrafted-knives-autinetools-northmen-32.2.jpg\" \/>\n\t<meta property=\"og:image:width\" content=\"1020\" \/>\n\t<meta property=\"og:image:height\" content=\"880\" \/>\n\t<meta property=\"og:image:type\" content=\"image\/jpeg\" \/>\n<meta name=\"twitter:card\" content=\"summary_large_image\" \/>\n<script type=\"application\/ld+json\" class=\"yoast-schema-graph\">{\"@context\":\"https:\\\/\\\/schema.org\",\"@graph\":[{\"@type\":\"WebPage\",\"@id\":\"https:\\\/\\\/aaknives.eu\\\/lt\\\/product\\\/peilis-poseidon-rankomis-kaltas-laminuotas-damasko-plieno-peilis-su-fiksuota-gelezte-2\\\/\",\"url\":\"https:\\\/\\\/aaknives.eu\\\/lt\\\/product\\\/peilis-poseidon-rankomis-kaltas-laminuotas-damasko-plieno-peilis-su-fiksuota-gelezte-2\\\/\",\"name\":\"Peilis - POSEIDON- rankomis kaltas Damasko plieno peilis su fiksuota gele\u017ete - AAKnives\",\"isPartOf\":{\"@id\":\"https:\\\/\\\/aaknives.eu\\\/lt\\\/#website\"},\"primaryImageOfPage\":{\"@id\":\"https:\\\/\\\/aaknives.eu\\\/lt\\\/product\\\/peilis-poseidon-rankomis-kaltas-laminuotas-damasko-plieno-peilis-su-fiksuota-gelezte-2\\\/#primaryimage\"},\"image\":{\"@id\":\"https:\\\/\\\/aaknives.eu\\\/lt\\\/product\\\/peilis-poseidon-rankomis-kaltas-laminuotas-damasko-plieno-peilis-su-fiksuota-gelezte-2\\\/#primaryimage\"},\"thumbnailUrl\":\"https:\\\/\\\/aaknives.eu\\\/wp-content\\\/uploads\\\/2024\\\/01\\\/aaknives-hand-forged-damascus-steel-blade-knife-handmade-custom-made-knife-handcrafted-knives-autinetools-northmen-32.2.jpg\",\"datePublished\":\"2024-01-17T18:57:44+00:00\",\"dateModified\":\"2025-09-08T07:25:36+00:00\",\"description\":\"Peilis - POSEIDON- rankomis kaltas laminuotas - Damasko plieno peilis su fiksuota gele\u017ete\",\"breadcrumb\":{\"@id\":\"https:\\\/\\\/aaknives.eu\\\/lt\\\/product\\\/peilis-poseidon-rankomis-kaltas-laminuotas-damasko-plieno-peilis-su-fiksuota-gelezte-2\\\/#breadcrumb\"},\"inLanguage\":\"lt-LT\",\"potentialAction\":[{\"@type\":\"ReadAction\",\"target\":[\"https:\\\/\\\/aaknives.eu\\\/lt\\\/product\\\/peilis-poseidon-rankomis-kaltas-laminuotas-damasko-plieno-peilis-su-fiksuota-gelezte-2\\\/\"]}]},{\"@type\":\"ImageObject\",\"inLanguage\":\"lt-LT\",\"@id\":\"https:\\\/\\\/aaknives.eu\\\/lt\\\/product\\\/peilis-poseidon-rankomis-kaltas-laminuotas-damasko-plieno-peilis-su-fiksuota-gelezte-2\\\/#primaryimage\",\"url\":\"https:\\\/\\\/aaknives.eu\\\/wp-content\\\/uploads\\\/2024\\\/01\\\/aaknives-hand-forged-damascus-steel-blade-knife-handmade-custom-made-knife-handcrafted-knives-autinetools-northmen-32.2.jpg\",\"contentUrl\":\"https:\\\/\\\/aaknives.eu\\\/wp-content\\\/uploads\\\/2024\\\/01\\\/aaknives-hand-forged-damascus-steel-blade-knife-handmade-custom-made-knife-handcrafted-knives-autinetools-northmen-32.2.jpg\",\"width\":1020,\"height\":880},{\"@type\":\"BreadcrumbList\",\"@id\":\"https:\\\/\\\/aaknives.eu\\\/lt\\\/product\\\/peilis-poseidon-rankomis-kaltas-laminuotas-damasko-plieno-peilis-su-fiksuota-gelezte-2\\\/#breadcrumb\",\"itemListElement\":[{\"@type\":\"ListItem\",\"position\":1,\"name\":\"Home\",\"item\":\"https:\\\/\\\/aaknives.eu\\\/lt\\\/\"},{\"@type\":\"ListItem\",\"position\":2,\"name\":\"Parduotuv\u0117\",\"item\":\"https:\\\/\\\/aaknives.eu\\\/parduotuve\\\/\"},{\"@type\":\"ListItem\",\"position\":3,\"name\":\"Peilis &#8211; POSEIDON- rankomis kaltas Damasko plieno peilis su fiksuota gele\u017ete\"}]},{\"@type\":\"WebSite\",\"@id\":\"https:\\\/\\\/aaknives.eu\\\/lt\\\/#website\",\"url\":\"https:\\\/\\\/aaknives.eu\\\/lt\\\/\",\"name\":\"AAKnives\",\"description\":\"Handmade knives\",\"publisher\":{\"@id\":\"https:\\\/\\\/aaknives.eu\\\/lt\\\/#organization\"},\"potentialAction\":[{\"@type\":\"SearchAction\",\"target\":{\"@type\":\"EntryPoint\",\"urlTemplate\":\"https:\\\/\\\/aaknives.eu\\\/lt\\\/?s={search_term_string}\"},\"query-input\":{\"@type\":\"PropertyValueSpecification\",\"valueRequired\":true,\"valueName\":\"search_term_string\"}}],\"inLanguage\":\"lt-LT\"},{\"@type\":\"Organization\",\"@id\":\"https:\\\/\\\/aaknives.eu\\\/lt\\\/#organization\",\"name\":\"AAKnives\",\"url\":\"https:\\\/\\\/aaknives.eu\\\/lt\\\/\",\"logo\":{\"@type\":\"ImageObject\",\"inLanguage\":\"lt-LT\",\"@id\":\"https:\\\/\\\/aaknives.eu\\\/lt\\\/#\\\/schema\\\/logo\\\/image\\\/\",\"url\":\"https:\\\/\\\/aaknives.eu\\\/wp-content\\\/uploads\\\/2021\\\/10\\\/AAknives_Logo_Green.png\",\"contentUrl\":\"https:\\\/\\\/aaknives.eu\\\/wp-content\\\/uploads\\\/2021\\\/10\\\/AAknives_Logo_Green.png\",\"width\":1768,\"height\":1768,\"caption\":\"AAKnives\"},\"image\":{\"@id\":\"https:\\\/\\\/aaknives.eu\\\/lt\\\/#\\\/schema\\\/logo\\\/image\\\/\"},\"sameAs\":[\"https:\\\/\\\/www.facebook.com\\\/aaknives.eu\\\/\",\"https:\\\/\\\/www.instagram.com\\\/aaknives\\\/\",\"https:\\\/\\\/www.pinterest.com\\\/aa_knives\\\/\",\"https:\\\/\\\/www.youtube.com\\\/channel\\\/UCHOQFjrOkgT6s4FIw9LDKyw\\\/featured\"]}]}<\/script>\n<!-- \/ Yoast SEO plugin. -->","yoast_head_json":{"title":"Peilis - POSEIDON- rankomis kaltas Damasko plieno peilis su fiksuota gele\u017ete - AAKnives","description":"Peilis - POSEIDON- rankomis kaltas laminuotas - Damasko plieno peilis su fiksuota gele\u017ete","robots":{"index":"index","follow":"follow","max-snippet":"max-snippet:-1","max-image-preview":"max-image-preview:large","max-video-preview":"max-video-preview:-1"},"canonical":"https:\/\/aaknives.eu\/lt\/product\/peilis-poseidon-rankomis-kaltas-laminuotas-damasko-plieno-peilis-su-fiksuota-gelezte-2\/","og_locale":"lt_LT","og_type":"article","og_title":"Peilis - POSEIDON- rankomis kaltas Damasko plieno peilis su fiksuota gele\u017ete - AAKnives","og_description":"Peilis - POSEIDON- rankomis kaltas laminuotas - Damasko plieno peilis su fiksuota gele\u017ete","og_url":"https:\/\/aaknives.eu\/lt\/product\/peilis-poseidon-rankomis-kaltas-laminuotas-damasko-plieno-peilis-su-fiksuota-gelezte-2\/","og_site_name":"AAKnives","article_publisher":"https:\/\/www.facebook.com\/aaknives.eu\/","article_modified_time":"2025-09-08T07:25:36+00:00","og_image":[{"width":1020,"height":880,"url":"https:\/\/aaknives.eu\/wp-content\/uploads\/2024\/01\/aaknives-hand-forged-damascus-steel-blade-knife-handmade-custom-made-knife-handcrafted-knives-autinetools-northmen-32.2.jpg","type":"image\/jpeg"}],"twitter_card":"summary_large_image","schema":{"@context":"https:\/\/schema.org","@graph":[{"@type":"WebPage","@id":"https:\/\/aaknives.eu\/lt\/product\/peilis-poseidon-rankomis-kaltas-laminuotas-damasko-plieno-peilis-su-fiksuota-gelezte-2\/","url":"https:\/\/aaknives.eu\/lt\/product\/peilis-poseidon-rankomis-kaltas-laminuotas-damasko-plieno-peilis-su-fiksuota-gelezte-2\/","name":"Peilis - POSEIDON- rankomis kaltas Damasko plieno peilis su fiksuota gele\u017ete - AAKnives","isPartOf":{"@id":"https:\/\/aaknives.eu\/lt\/#website"},"primaryImageOfPage":{"@id":"https:\/\/aaknives.eu\/lt\/product\/peilis-poseidon-rankomis-kaltas-laminuotas-damasko-plieno-peilis-su-fiksuota-gelezte-2\/#primaryimage"},"image":{"@id":"https:\/\/aaknives.eu\/lt\/product\/peilis-poseidon-rankomis-kaltas-laminuotas-damasko-plieno-peilis-su-fiksuota-gelezte-2\/#primaryimage"},"thumbnailUrl":"https:\/\/aaknives.eu\/wp-content\/uploads\/2024\/01\/aaknives-hand-forged-damascus-steel-blade-knife-handmade-custom-made-knife-handcrafted-knives-autinetools-northmen-32.2.jpg","datePublished":"2024-01-17T18:57:44+00:00","dateModified":"2025-09-08T07:25:36+00:00","description":"Peilis - POSEIDON- rankomis kaltas laminuotas - Damasko plieno peilis su fiksuota gele\u017ete","breadcrumb":{"@id":"https:\/\/aaknives.eu\/lt\/product\/peilis-poseidon-rankomis-kaltas-laminuotas-damasko-plieno-peilis-su-fiksuota-gelezte-2\/#breadcrumb"},"inLanguage":"lt-LT","potentialAction":[{"@type":"ReadAction","target":["https:\/\/aaknives.eu\/lt\/product\/peilis-poseidon-rankomis-kaltas-laminuotas-damasko-plieno-peilis-su-fiksuota-gelezte-2\/"]}]},{"@type":"ImageObject","inLanguage":"lt-LT","@id":"https:\/\/aaknives.eu\/lt\/product\/peilis-poseidon-rankomis-kaltas-laminuotas-damasko-plieno-peilis-su-fiksuota-gelezte-2\/#primaryimage","url":"https:\/\/aaknives.eu\/wp-content\/uploads\/2024\/01\/aaknives-hand-forged-damascus-steel-blade-knife-handmade-custom-made-knife-handcrafted-knives-autinetools-northmen-32.2.jpg","contentUrl":"https:\/\/aaknives.eu\/wp-content\/uploads\/2024\/01\/aaknives-hand-forged-damascus-steel-blade-knife-handmade-custom-made-knife-handcrafted-knives-autinetools-northmen-32.2.jpg","width":1020,"height":880},{"@type":"BreadcrumbList","@id":"https:\/\/aaknives.eu\/lt\/product\/peilis-poseidon-rankomis-kaltas-laminuotas-damasko-plieno-peilis-su-fiksuota-gelezte-2\/#breadcrumb","itemListElement":[{"@type":"ListItem","position":1,"name":"Home","item":"https:\/\/aaknives.eu\/lt\/"},{"@type":"ListItem","position":2,"name":"Parduotuv\u0117","item":"https:\/\/aaknives.eu\/parduotuve\/"},{"@type":"ListItem","position":3,"name":"Peilis &#8211; POSEIDON- rankomis kaltas Damasko plieno peilis su fiksuota gele\u017ete"}]},{"@type":"WebSite","@id":"https:\/\/aaknives.eu\/lt\/#website","url":"https:\/\/aaknives.eu\/lt\/","name":"AAKnives","description":"Handmade knives","publisher":{"@id":"https:\/\/aaknives.eu\/lt\/#organization"},"potentialAction":[{"@type":"SearchAction","target":{"@type":"EntryPoint","urlTemplate":"https:\/\/aaknives.eu\/lt\/?s={search_term_string}"},"query-input":{"@type":"PropertyValueSpecification","valueRequired":true,"valueName":"search_term_string"}}],"inLanguage":"lt-LT"},{"@type":"Organization","@id":"https:\/\/aaknives.eu\/lt\/#organization","name":"AAKnives","url":"https:\/\/aaknives.eu\/lt\/","logo":{"@type":"ImageObject","inLanguage":"lt-LT","@id":"https:\/\/aaknives.eu\/lt\/#\/schema\/logo\/image\/","url":"https:\/\/aaknives.eu\/wp-content\/uploads\/2021\/10\/AAknives_Logo_Green.png","contentUrl":"https:\/\/aaknives.eu\/wp-content\/uploads\/2021\/10\/AAknives_Logo_Green.png","width":1768,"height":1768,"caption":"AAKnives"},"image":{"@id":"https:\/\/aaknives.eu\/lt\/#\/schema\/logo\/image\/"},"sameAs":["https:\/\/www.facebook.com\/aaknives.eu\/","https:\/\/www.instagram.com\/aaknives\/","https:\/\/www.pinterest.com\/aa_knives\/","https:\/\/www.youtube.com\/channel\/UCHOQFjrOkgT6s4FIw9LDKyw\/featured"]}]}},"_links":{"self":[{"href":"https:\/\/aaknives.eu\/lt\/wp-json\/wp\/v2\/product\/45755","targetHints":{"allow":["GET"]}}],"collection":[{"href":"https:\/\/aaknives.eu\/lt\/wp-json\/wp\/v2\/product"}],"about":[{"href":"https:\/\/aaknives.eu\/lt\/wp-json\/wp\/v2\/types\/product"}],"wp:featuredmedia":[{"embeddable":true,"href":"https:\/\/aaknives.eu\/lt\/wp-json\/wp\/v2\/media\/96537"}],"wp:attachment":[{"href":"https:\/\/aaknives.eu\/lt\/wp-json\/wp\/v2\/media?parent=45755"}],"wp:term":[{"taxonomy":"product_brand","embeddable":true,"href":"https:\/\/aaknives.eu\/lt\/wp-json\/wp\/v2\/product_brand?post=45755"},{"taxonomy":"product_cat","embeddable":true,"href":"https:\/\/aaknives.eu\/lt\/wp-json\/wp\/v2\/product_cat?post=45755"},{"taxonomy":"product_tag","embeddable":true,"href":"https:\/\/aaknives.eu\/lt\/wp-json\/wp\/v2\/product_tag?post=45755"}],"curies":[{"name":"wp","href":"https:\/\/api.w.org\/{rel}","templated":true}]}}