{"id":45762,"date":"2024-01-17T18:25:10","date_gmt":"2024-01-17T18:25:10","guid":{"rendered":"https:\/\/aaknives.eu\/product\/medzioklinis-peilis-yakut-rankomis-kaltas-d2-plieno-peilis-desinei-rankai\/"},"modified":"2025-10-26T13:52:35","modified_gmt":"2025-10-26T13:52:35","slug":"medzioklinis-peilis-mini-yakut-rankomis-kaltas-d2-plieno-peilis-desiniarankiams-2","status":"publish","type":"product","link":"https:\/\/aaknives.eu\/lt\/product\/medzioklinis-peilis-mini-yakut-rankomis-kaltas-d2-plieno-peilis-desiniarankiams-2\/","title":{"rendered":"Med\u017eioklinis peilis &#8211; MINI YAKUT &#8211; rankomis kaltas D2 plieno peilis de\u0161iniarankiams"},"content":{"rendered":"<p>Peilio specifikacijos: MINI YAKUT<br \/>\nPlienas: rankomis kaltas D2 plienas<br \/>\nKietumas: 61-63 HRC, i\u0161bandytas pagal kietum\u0105<br \/>\nGele\u017et\u0117s ilgis (mm): 86 \/ 3,38 colio<br \/>\nGele\u017et\u0117s storis (mm): 3 \/ 0,11 colio<br \/>\nGele\u017et\u0117s plotis (mm): 34 \/ 1,33 colio<br \/>\nRankena: stabilizuota Karelijos ber\u017eo mediena<br \/>\nBendras ilgis (mm): 201 \/ 7,91 colio<br \/>\nGerai \u017einomos JAV ir Japonijos \u012fmon\u0117s gamina peilius i\u0161 D2 plieno. I\u0161 \u0161io plieno pagaminti peiliai puikiai i\u0161laiko pjaunan\u010di\u0105j\u0105 briaun\u0105 ir pasi\u017eymi dideliu atsparumu korozijai. Po terminio apdorojimo D2 plieno gele\u017et\u0117s kietumas yra 60-62 HRC. D2 peili\u0173 gele\u017et\u0117s prakti\u0161kai ner\u016bdija, ta\u010diau kadangi plieno yra \u0161iek tiek ma\u017eiau nei ner\u016bdijan\u010dio plieno (i\u0161 13 % chromo), rekomenduojama gele\u017etes nuvalyti ir nepalikti j\u0173 ilgai dr\u0117gnoje vietoje. <\/p>\n","protected":false},"excerpt":{"rendered":"<p>D2 plienas yra vienas geriausi\u0173 ir \u017einomiausi\u0173 pasaulyje peili\u0173 plien\u0173. Gerai \u017einomos JAV ir Japonijos \u012fmon\u0117s gamina peilius i\u0161 D2 plieno. I\u0161 \u0161io plieno pagaminti peiliai puikiai i\u0161laiko pjaunan\u010di\u0105j\u0105 briaun\u0105 ir pasi\u017eymi dideliu atsparumu korozijai. Po terminio apdorojimo D2 plieno gele\u017et\u0117s kietumas yra 60-62 HRC. D2 peili\u0173 gele\u017et\u0117s prakti\u0161kai ner\u016bdija, ta\u010diau kadangi plieno yra \u0161iek tiek ma\u017eiau nei ner\u016bdijan\u010dio plieno (i\u0161 13 % chromo), rekomenduojama gele\u017etes nuvalyti ir nepalikti j\u0173 ilgai dr\u0117gnoje vietoje. <\/p>\n","protected":false},"featured_media":102943,"template":"","meta":{"_themeisle_gutenberg_block_has_review":false},"product_brand":[],"product_cat":[381,386],"product_tag":[],"class_list":{"0":"post-45762","1":"product","2":"type-product","3":"status-publish","4":"has-post-thumbnail","6":"product_cat-lauko-peiliai","7":"product_cat-medziokliniai-peiliai","9":"first","10":"instock","11":"shipping-taxable","12":"purchasable","13":"product-type-simple"},"yoast_head":"<!-- This site is optimized with the Yoast SEO plugin v27.5 - https:\/\/yoast.com\/product\/yoast-seo-wordpress\/ -->\n<title>Med\u017eioklinis peilis - MINI YAKUT - rankomis kaltas D2 plieno peilis de\u0161iniarankiams - AAKnives<\/title>\n<meta name=\"description\" content=\"D2 plienas yra vienas geriausi\u0173 ir garsiausi\u0173 gele\u017e\u010di\u0173 plien\u0173 pasaulyje. Peilius i\u0161 D2 plieno gamina \u017einomos JAV ir Japonijos \u012fmon\u0117s.\" \/>\n<meta name=\"robots\" content=\"index, follow, max-snippet:-1, max-image-preview:large, max-video-preview:-1\" \/>\n<link rel=\"canonical\" href=\"https:\/\/aaknives.eu\/lt\/product\/medzioklinis-peilis-mini-yakut-rankomis-kaltas-d2-plieno-peilis-desiniarankiams-2\/\" \/>\n<meta property=\"og:locale\" content=\"lt_LT\" \/>\n<meta property=\"og:type\" content=\"article\" \/>\n<meta property=\"og:title\" content=\"Med\u017eioklinis peilis - MINI YAKUT - rankomis kaltas D2 plieno peilis de\u0161iniarankiams - AAKnives\" \/>\n<meta property=\"og:description\" content=\"D2 plienas yra vienas geriausi\u0173 ir garsiausi\u0173 gele\u017e\u010di\u0173 plien\u0173 pasaulyje. Peilius i\u0161 D2 plieno gamina \u017einomos JAV ir Japonijos \u012fmon\u0117s.\" \/>\n<meta property=\"og:url\" content=\"https:\/\/aaknives.eu\/lt\/product\/medzioklinis-peilis-mini-yakut-rankomis-kaltas-d2-plieno-peilis-desiniarankiams-2\/\" \/>\n<meta property=\"og:site_name\" content=\"AAKnives\" \/>\n<meta property=\"article:publisher\" content=\"https:\/\/www.facebook.com\/aaknives.eu\/\" \/>\n<meta property=\"article:modified_time\" content=\"2025-10-26T13:52:35+00:00\" \/>\n<meta property=\"og:image\" content=\"https:\/\/aaknives.eu\/wp-content\/uploads\/2024\/01\/aaknives-hand-forged-damascus-steel-blade-knife-handmade-custom-made-knife-handcrafted-knives-autinetools-northmen-1-58.jpg\" \/>\n\t<meta property=\"og:image:width\" content=\"1020\" \/>\n\t<meta property=\"og:image:height\" content=\"880\" \/>\n\t<meta property=\"og:image:type\" content=\"image\/jpeg\" \/>\n<meta name=\"twitter:card\" content=\"summary_large_image\" \/>\n<meta name=\"twitter:label1\" content=\"Est. reading time\" \/>\n\t<meta name=\"twitter:data1\" content=\"1 minut\u0117\" \/>\n<script type=\"application\/ld+json\" class=\"yoast-schema-graph\">{\"@context\":\"https:\\\/\\\/schema.org\",\"@graph\":[{\"@type\":\"WebPage\",\"@id\":\"https:\\\/\\\/aaknives.eu\\\/lt\\\/product\\\/medzioklinis-peilis-mini-yakut-rankomis-kaltas-d2-plieno-peilis-desiniarankiams-2\\\/\",\"url\":\"https:\\\/\\\/aaknives.eu\\\/lt\\\/product\\\/medzioklinis-peilis-mini-yakut-rankomis-kaltas-d2-plieno-peilis-desiniarankiams-2\\\/\",\"name\":\"Med\u017eioklinis peilis - MINI YAKUT - rankomis kaltas D2 plieno peilis de\u0161iniarankiams - AAKnives\",\"isPartOf\":{\"@id\":\"https:\\\/\\\/aaknives.eu\\\/lt\\\/#website\"},\"primaryImageOfPage\":{\"@id\":\"https:\\\/\\\/aaknives.eu\\\/lt\\\/product\\\/medzioklinis-peilis-mini-yakut-rankomis-kaltas-d2-plieno-peilis-desiniarankiams-2\\\/#primaryimage\"},\"image\":{\"@id\":\"https:\\\/\\\/aaknives.eu\\\/lt\\\/product\\\/medzioklinis-peilis-mini-yakut-rankomis-kaltas-d2-plieno-peilis-desiniarankiams-2\\\/#primaryimage\"},\"thumbnailUrl\":\"https:\\\/\\\/aaknives.eu\\\/wp-content\\\/uploads\\\/2024\\\/01\\\/aaknives-hand-forged-damascus-steel-blade-knife-handmade-custom-made-knife-handcrafted-knives-autinetools-northmen-1-58.jpg\",\"datePublished\":\"2024-01-17T18:25:10+00:00\",\"dateModified\":\"2025-10-26T13:52:35+00:00\",\"description\":\"D2 plienas yra vienas geriausi\u0173 ir garsiausi\u0173 gele\u017e\u010di\u0173 plien\u0173 pasaulyje. Peilius i\u0161 D2 plieno gamina \u017einomos JAV ir Japonijos \u012fmon\u0117s.\",\"breadcrumb\":{\"@id\":\"https:\\\/\\\/aaknives.eu\\\/lt\\\/product\\\/medzioklinis-peilis-mini-yakut-rankomis-kaltas-d2-plieno-peilis-desiniarankiams-2\\\/#breadcrumb\"},\"inLanguage\":\"lt-LT\",\"potentialAction\":[{\"@type\":\"ReadAction\",\"target\":[\"https:\\\/\\\/aaknives.eu\\\/lt\\\/product\\\/medzioklinis-peilis-mini-yakut-rankomis-kaltas-d2-plieno-peilis-desiniarankiams-2\\\/\"]}]},{\"@type\":\"ImageObject\",\"inLanguage\":\"lt-LT\",\"@id\":\"https:\\\/\\\/aaknives.eu\\\/lt\\\/product\\\/medzioklinis-peilis-mini-yakut-rankomis-kaltas-d2-plieno-peilis-desiniarankiams-2\\\/#primaryimage\",\"url\":\"https:\\\/\\\/aaknives.eu\\\/wp-content\\\/uploads\\\/2024\\\/01\\\/aaknives-hand-forged-damascus-steel-blade-knife-handmade-custom-made-knife-handcrafted-knives-autinetools-northmen-1-58.jpg\",\"contentUrl\":\"https:\\\/\\\/aaknives.eu\\\/wp-content\\\/uploads\\\/2024\\\/01\\\/aaknives-hand-forged-damascus-steel-blade-knife-handmade-custom-made-knife-handcrafted-knives-autinetools-northmen-1-58.jpg\",\"width\":1020,\"height\":880},{\"@type\":\"BreadcrumbList\",\"@id\":\"https:\\\/\\\/aaknives.eu\\\/lt\\\/product\\\/medzioklinis-peilis-mini-yakut-rankomis-kaltas-d2-plieno-peilis-desiniarankiams-2\\\/#breadcrumb\",\"itemListElement\":[{\"@type\":\"ListItem\",\"position\":1,\"name\":\"Home\",\"item\":\"https:\\\/\\\/aaknives.eu\\\/lt\\\/\"},{\"@type\":\"ListItem\",\"position\":2,\"name\":\"Parduotuv\u0117\",\"item\":\"https:\\\/\\\/aaknives.eu\\\/parduotuve\\\/\"},{\"@type\":\"ListItem\",\"position\":3,\"name\":\"Med\u017eioklinis peilis &#8211; MINI YAKUT &#8211; rankomis kaltas D2 plieno peilis de\u0161iniarankiams\"}]},{\"@type\":\"WebSite\",\"@id\":\"https:\\\/\\\/aaknives.eu\\\/lt\\\/#website\",\"url\":\"https:\\\/\\\/aaknives.eu\\\/lt\\\/\",\"name\":\"AAKnives\",\"description\":\"Handmade knives\",\"publisher\":{\"@id\":\"https:\\\/\\\/aaknives.eu\\\/lt\\\/#organization\"},\"potentialAction\":[{\"@type\":\"SearchAction\",\"target\":{\"@type\":\"EntryPoint\",\"urlTemplate\":\"https:\\\/\\\/aaknives.eu\\\/lt\\\/?s={search_term_string}\"},\"query-input\":{\"@type\":\"PropertyValueSpecification\",\"valueRequired\":true,\"valueName\":\"search_term_string\"}}],\"inLanguage\":\"lt-LT\"},{\"@type\":\"Organization\",\"@id\":\"https:\\\/\\\/aaknives.eu\\\/lt\\\/#organization\",\"name\":\"AAKnives\",\"url\":\"https:\\\/\\\/aaknives.eu\\\/lt\\\/\",\"logo\":{\"@type\":\"ImageObject\",\"inLanguage\":\"lt-LT\",\"@id\":\"https:\\\/\\\/aaknives.eu\\\/lt\\\/#\\\/schema\\\/logo\\\/image\\\/\",\"url\":\"https:\\\/\\\/aaknives.eu\\\/wp-content\\\/uploads\\\/2021\\\/10\\\/AAknives_Logo_Green.png\",\"contentUrl\":\"https:\\\/\\\/aaknives.eu\\\/wp-content\\\/uploads\\\/2021\\\/10\\\/AAknives_Logo_Green.png\",\"width\":1768,\"height\":1768,\"caption\":\"AAKnives\"},\"image\":{\"@id\":\"https:\\\/\\\/aaknives.eu\\\/lt\\\/#\\\/schema\\\/logo\\\/image\\\/\"},\"sameAs\":[\"https:\\\/\\\/www.facebook.com\\\/aaknives.eu\\\/\",\"https:\\\/\\\/www.instagram.com\\\/aaknives\\\/\",\"https:\\\/\\\/www.pinterest.com\\\/aa_knives\\\/\",\"https:\\\/\\\/www.youtube.com\\\/channel\\\/UCHOQFjrOkgT6s4FIw9LDKyw\\\/featured\"]}]}<\/script>\n<!-- \/ Yoast SEO plugin. -->","yoast_head_json":{"title":"Med\u017eioklinis peilis - MINI YAKUT - rankomis kaltas D2 plieno peilis de\u0161iniarankiams - AAKnives","description":"D2 plienas yra vienas geriausi\u0173 ir garsiausi\u0173 gele\u017e\u010di\u0173 plien\u0173 pasaulyje. Peilius i\u0161 D2 plieno gamina \u017einomos JAV ir Japonijos \u012fmon\u0117s.","robots":{"index":"index","follow":"follow","max-snippet":"max-snippet:-1","max-image-preview":"max-image-preview:large","max-video-preview":"max-video-preview:-1"},"canonical":"https:\/\/aaknives.eu\/lt\/product\/medzioklinis-peilis-mini-yakut-rankomis-kaltas-d2-plieno-peilis-desiniarankiams-2\/","og_locale":"lt_LT","og_type":"article","og_title":"Med\u017eioklinis peilis - MINI YAKUT - rankomis kaltas D2 plieno peilis de\u0161iniarankiams - AAKnives","og_description":"D2 plienas yra vienas geriausi\u0173 ir garsiausi\u0173 gele\u017e\u010di\u0173 plien\u0173 pasaulyje. Peilius i\u0161 D2 plieno gamina \u017einomos JAV ir Japonijos \u012fmon\u0117s.","og_url":"https:\/\/aaknives.eu\/lt\/product\/medzioklinis-peilis-mini-yakut-rankomis-kaltas-d2-plieno-peilis-desiniarankiams-2\/","og_site_name":"AAKnives","article_publisher":"https:\/\/www.facebook.com\/aaknives.eu\/","article_modified_time":"2025-10-26T13:52:35+00:00","og_image":[{"width":1020,"height":880,"url":"https:\/\/aaknives.eu\/wp-content\/uploads\/2024\/01\/aaknives-hand-forged-damascus-steel-blade-knife-handmade-custom-made-knife-handcrafted-knives-autinetools-northmen-1-58.jpg","type":"image\/jpeg"}],"twitter_card":"summary_large_image","twitter_misc":{"Est. reading time":"1 minut\u0117"},"schema":{"@context":"https:\/\/schema.org","@graph":[{"@type":"WebPage","@id":"https:\/\/aaknives.eu\/lt\/product\/medzioklinis-peilis-mini-yakut-rankomis-kaltas-d2-plieno-peilis-desiniarankiams-2\/","url":"https:\/\/aaknives.eu\/lt\/product\/medzioklinis-peilis-mini-yakut-rankomis-kaltas-d2-plieno-peilis-desiniarankiams-2\/","name":"Med\u017eioklinis peilis - MINI YAKUT - rankomis kaltas D2 plieno peilis de\u0161iniarankiams - AAKnives","isPartOf":{"@id":"https:\/\/aaknives.eu\/lt\/#website"},"primaryImageOfPage":{"@id":"https:\/\/aaknives.eu\/lt\/product\/medzioklinis-peilis-mini-yakut-rankomis-kaltas-d2-plieno-peilis-desiniarankiams-2\/#primaryimage"},"image":{"@id":"https:\/\/aaknives.eu\/lt\/product\/medzioklinis-peilis-mini-yakut-rankomis-kaltas-d2-plieno-peilis-desiniarankiams-2\/#primaryimage"},"thumbnailUrl":"https:\/\/aaknives.eu\/wp-content\/uploads\/2024\/01\/aaknives-hand-forged-damascus-steel-blade-knife-handmade-custom-made-knife-handcrafted-knives-autinetools-northmen-1-58.jpg","datePublished":"2024-01-17T18:25:10+00:00","dateModified":"2025-10-26T13:52:35+00:00","description":"D2 plienas yra vienas geriausi\u0173 ir garsiausi\u0173 gele\u017e\u010di\u0173 plien\u0173 pasaulyje. Peilius i\u0161 D2 plieno gamina \u017einomos JAV ir Japonijos \u012fmon\u0117s.","breadcrumb":{"@id":"https:\/\/aaknives.eu\/lt\/product\/medzioklinis-peilis-mini-yakut-rankomis-kaltas-d2-plieno-peilis-desiniarankiams-2\/#breadcrumb"},"inLanguage":"lt-LT","potentialAction":[{"@type":"ReadAction","target":["https:\/\/aaknives.eu\/lt\/product\/medzioklinis-peilis-mini-yakut-rankomis-kaltas-d2-plieno-peilis-desiniarankiams-2\/"]}]},{"@type":"ImageObject","inLanguage":"lt-LT","@id":"https:\/\/aaknives.eu\/lt\/product\/medzioklinis-peilis-mini-yakut-rankomis-kaltas-d2-plieno-peilis-desiniarankiams-2\/#primaryimage","url":"https:\/\/aaknives.eu\/wp-content\/uploads\/2024\/01\/aaknives-hand-forged-damascus-steel-blade-knife-handmade-custom-made-knife-handcrafted-knives-autinetools-northmen-1-58.jpg","contentUrl":"https:\/\/aaknives.eu\/wp-content\/uploads\/2024\/01\/aaknives-hand-forged-damascus-steel-blade-knife-handmade-custom-made-knife-handcrafted-knives-autinetools-northmen-1-58.jpg","width":1020,"height":880},{"@type":"BreadcrumbList","@id":"https:\/\/aaknives.eu\/lt\/product\/medzioklinis-peilis-mini-yakut-rankomis-kaltas-d2-plieno-peilis-desiniarankiams-2\/#breadcrumb","itemListElement":[{"@type":"ListItem","position":1,"name":"Home","item":"https:\/\/aaknives.eu\/lt\/"},{"@type":"ListItem","position":2,"name":"Parduotuv\u0117","item":"https:\/\/aaknives.eu\/parduotuve\/"},{"@type":"ListItem","position":3,"name":"Med\u017eioklinis peilis &#8211; MINI YAKUT &#8211; rankomis kaltas D2 plieno peilis de\u0161iniarankiams"}]},{"@type":"WebSite","@id":"https:\/\/aaknives.eu\/lt\/#website","url":"https:\/\/aaknives.eu\/lt\/","name":"AAKnives","description":"Handmade knives","publisher":{"@id":"https:\/\/aaknives.eu\/lt\/#organization"},"potentialAction":[{"@type":"SearchAction","target":{"@type":"EntryPoint","urlTemplate":"https:\/\/aaknives.eu\/lt\/?s={search_term_string}"},"query-input":{"@type":"PropertyValueSpecification","valueRequired":true,"valueName":"search_term_string"}}],"inLanguage":"lt-LT"},{"@type":"Organization","@id":"https:\/\/aaknives.eu\/lt\/#organization","name":"AAKnives","url":"https:\/\/aaknives.eu\/lt\/","logo":{"@type":"ImageObject","inLanguage":"lt-LT","@id":"https:\/\/aaknives.eu\/lt\/#\/schema\/logo\/image\/","url":"https:\/\/aaknives.eu\/wp-content\/uploads\/2021\/10\/AAknives_Logo_Green.png","contentUrl":"https:\/\/aaknives.eu\/wp-content\/uploads\/2021\/10\/AAknives_Logo_Green.png","width":1768,"height":1768,"caption":"AAKnives"},"image":{"@id":"https:\/\/aaknives.eu\/lt\/#\/schema\/logo\/image\/"},"sameAs":["https:\/\/www.facebook.com\/aaknives.eu\/","https:\/\/www.instagram.com\/aaknives\/","https:\/\/www.pinterest.com\/aa_knives\/","https:\/\/www.youtube.com\/channel\/UCHOQFjrOkgT6s4FIw9LDKyw\/featured"]}]}},"_links":{"self":[{"href":"https:\/\/aaknives.eu\/lt\/wp-json\/wp\/v2\/product\/45762","targetHints":{"allow":["GET"]}}],"collection":[{"href":"https:\/\/aaknives.eu\/lt\/wp-json\/wp\/v2\/product"}],"about":[{"href":"https:\/\/aaknives.eu\/lt\/wp-json\/wp\/v2\/types\/product"}],"wp:featuredmedia":[{"embeddable":true,"href":"https:\/\/aaknives.eu\/lt\/wp-json\/wp\/v2\/media\/102943"}],"wp:attachment":[{"href":"https:\/\/aaknives.eu\/lt\/wp-json\/wp\/v2\/media?parent=45762"}],"wp:term":[{"taxonomy":"product_brand","embeddable":true,"href":"https:\/\/aaknives.eu\/lt\/wp-json\/wp\/v2\/product_brand?post=45762"},{"taxonomy":"product_cat","embeddable":true,"href":"https:\/\/aaknives.eu\/lt\/wp-json\/wp\/v2\/product_cat?post=45762"},{"taxonomy":"product_tag","embeddable":true,"href":"https:\/\/aaknives.eu\/lt\/wp-json\/wp\/v2\/product_tag?post=45762"}],"curies":[{"name":"wp","href":"https:\/\/api.w.org\/{rel}","templated":true}]}}