{"id":45841,"date":"2024-01-04T14:30:00","date_gmt":"2024-01-04T14:30:00","guid":{"rendered":"https:\/\/aaknives.eu\/product\/peiliu-galandinimo-prietaisas-modelis-10skaitmeninis-inklinometrasakmenu-rinkinys-lux-dia\/"},"modified":"2026-03-18T08:29:37","modified_gmt":"2026-03-18T08:29:37","slug":"peiliu-galandinimo-prietaisas-modelis-10skaitmeninis-inklinometrasakmenu-rinkinys-lux-dia","status":"publish","type":"product","link":"https:\/\/aaknives.eu\/lt\/product\/peiliu-galandinimo-prietaisas-modelis-10skaitmeninis-inklinometrasakmenu-rinkinys-lux-dia\/","title":{"rendered":"Peili\u0173 galandinimo prietaisas &#8220;Modelis 10&#8243;+Skaitmeninis inklinometras+Akmen\u0173 rinkinys &#8220;lux&#8221; dia"},"content":{"rendered":"<p>\u0160iuo prietaisu atsi\u017evelgta \u012f nam\u0173 naudotoj\u0173 ir galandinimo prietais\u0173 profesional\u0173 pageidavimus. Pirma, jo dydis. Tai kompakti\u0161kas prietaisas, kurio svoris &#8211; 3230 gram\u0173. Tai rei\u0161kia, kad jis yra stabilus. Pagrindas pagamintas i\u0161 plieno ir turi gumines kojeles. \u012erenginys da\u017eomas auk\u0161tos kokyb\u0117s milteliniais da\u017eais. Tai pirmasis pasaulyje prietaisas su magnetiniu mazgo u\u017eraktu.<br \/>\nSukamasis mechanizmas yra pagr\u012fstas dviej\u0173 eili\u0173 rutuliniais guoliais. Jame yra integruota a\u0161is. Guolio nereikia pri\u017ei\u016br\u0117ti.<br \/>\nSunku paprastais \u017eod\u017eiais apib\u016bdinti mazgo veikim\u0105.<br \/>\n\u012e \u0161\u012f prietais\u0105 taip pat pavyko \u012fdiegti 10 dali\u0173 peilio r\u0117mel\u012f. Atsuk\u0119s du r\u0117mo var\u017etus, operatorius gali ap\u017ei\u016br\u0117ti peil\u012f ir jo briaunos b\u016bkl\u0119, o galandant peil\u012f nei\u0161imti jo i\u0161 spaustuk\u0173.<\/p>\n<p>Pridedamas elektroninis goniometras!<\/p>\n<p>M\u016bs\u0173 prietaisuose \u012fdiegtas pirmasis gal\u0105stuve \u012fmontuotas stov\u0117jimo kablys. Pirm\u0105 kart\u0105 masi\u0161kai gaminami visi\u0161kai i\u0161frezuoti peili\u0173 spaustuvai.<\/p>\n<p>Originalios konstrukcijos a\u0161men\u0173 spaustuvai pagaminti i\u0161 7075 lydinio, termi\u0161kai apdoroti.<br \/>\n8 mm skersmens horizontalusis kreipiamasis strypas pagamintas i\u0161 legiruoto ner\u016bdijan\u010diojo plieno, jo kietumas 58-60 HRC, pavir\u0161iaus \u0161iurk\u0161tumas 0,4 Ra.<\/p>\n<p>Prietaisas skirtas \u012fvairi\u0173 form\u0173 ir dyd\u017ei\u0173 virtuviniams, med\u017eiokliniams, sulankstomiesiems peiliams gal\u0105sti. D\u0117l tikslaus ir stabilaus peilio \u012ftvirtinimo prietaiso spaustukuose, taip pat galimyb\u0117s apversti peil\u012f nei\u0161imant jo i\u0161 spaustuk\u0173, galandimas yra greitas, paprastas ir nereikalaujantis speciali\u0173 operatoriaus \u012fg\u016bd\u017ei\u0173. Galandimo kampas kei\u010diamas pakeliant arba nuleid\u017eiant vyri\u0173 mazg\u0105 i\u0161ilgai vertikalaus stovo.<\/p>\n<p>5 deimantini\u0173 akmen\u0173 rinkinys &#8220;lux&#8221; gr\u016bd\u0117tumo:<\/p>\n<p>240, 600, 1200, 2000, 3000.<\/p>\n<p>Matmenys: 16 x 2 x 0,8 cm<\/p>\n<p>\u0160lifavimo akmenys yra standartiniai, veikia su galandinimo sistemomis, pvz: &#8220;Kazak&#8221;, &#8220;Ganzo&#8221;, &#8220;Riuxin&#8221;, &#8220;Sy-tools&#8221;, &#8220;Hapstone&#8221;, &#8220;Apex&#8221;, &#8220;TSPROF&#8221;.<\/p>\n<p>Gr\u016bdeli\u0173 tipas: sintetinis deimantas.<\/p>\n<p>Paketas: galvaninis.<\/p>\n<p>Pagrindas &#8211; plienas, korpusas &#8211; plastikas.<\/p>\n<p>&#8220;Kazak&#8221; galandinimo sistemas galite \u012fsigyti m\u016bs\u0173 svetain\u0117je.<\/p>\n<p>Akmenys veikia su alyva, vandeniu arba be au\u0161inimo skys\u010dio<\/p>\n","protected":false},"excerpt":{"rendered":"<p>Peili\u0173 galandinimo prietaisas &#8221; Kazak PRO&#8221;<\/p>\n","protected":false},"featured_media":45842,"template":"","meta":{"_themeisle_gutenberg_block_has_review":false},"product_brand":[],"product_cat":[375],"product_tag":[],"class_list":{"0":"post-45841","1":"product","2":"type-product","3":"status-publish","4":"has-post-thumbnail","6":"product_cat-peiliu-galandinimas-peiliu-galastuvai","8":"first","9":"instock","10":"shipping-taxable","11":"purchasable","12":"product-type-simple"},"yoast_head":"<!-- This site is optimized with the Yoast SEO plugin v27.3 - https:\/\/yoast.com\/product\/yoast-seo-wordpress\/ -->\n<title>Peili\u0173 galandinimo prietaisas &quot;Modelis 10&quot;+Skaitmeninis inklinometras+Akmen\u0173 rinkinys &quot;lux&quot; dia - AAKnives<\/title>\n<meta name=\"description\" content=\"Peili\u0173 galandinimo prietaisas &quot;Modelis 10&quot;+Skaitmeninis inklinometras+Akmen\u0173 rinkinys &quot;lux&quot; dia\" \/>\n<meta name=\"robots\" content=\"index, follow, max-snippet:-1, max-image-preview:large, max-video-preview:-1\" \/>\n<link rel=\"canonical\" href=\"https:\/\/aaknives.eu\/lt\/product\/peiliu-galandinimo-prietaisas-modelis-10skaitmeninis-inklinometrasakmenu-rinkinys-lux-dia\/\" \/>\n<meta property=\"og:locale\" content=\"lt_LT\" \/>\n<meta property=\"og:type\" content=\"article\" \/>\n<meta property=\"og:title\" content=\"Peili\u0173 galandinimo prietaisas &quot;Modelis 10&quot;+Skaitmeninis inklinometras+Akmen\u0173 rinkinys &quot;lux&quot; dia - AAKnives\" \/>\n<meta property=\"og:description\" content=\"Peili\u0173 galandinimo prietaisas &quot;Modelis 10&quot;+Skaitmeninis inklinometras+Akmen\u0173 rinkinys &quot;lux&quot; dia\" \/>\n<meta property=\"og:url\" content=\"https:\/\/aaknives.eu\/lt\/product\/peiliu-galandinimo-prietaisas-modelis-10skaitmeninis-inklinometrasakmenu-rinkinys-lux-dia\/\" \/>\n<meta property=\"og:site_name\" content=\"AAKnives\" \/>\n<meta property=\"article:publisher\" content=\"https:\/\/www.facebook.com\/aaknives.eu\/\" \/>\n<meta property=\"article:modified_time\" content=\"2026-03-18T08:29:37+00:00\" \/>\n<meta property=\"og:image\" content=\"https:\/\/aaknives.eu\/wp-content\/uploads\/2024\/01\/aaknives-hand-forged-dabascus-steel-blade-knife-handmade-custom-made-knife-handcrafted-knives-autinetools-northmen-1-10.jpg\" \/>\n\t<meta property=\"og:image:width\" content=\"1280\" \/>\n\t<meta property=\"og:image:height\" content=\"1280\" \/>\n\t<meta property=\"og:image:type\" content=\"image\/jpeg\" \/>\n<meta name=\"twitter:card\" content=\"summary_large_image\" \/>\n<meta name=\"twitter:label1\" content=\"Est. reading time\" \/>\n\t<meta name=\"twitter:data1\" content=\"1 minut\u0117\" \/>\n<script type=\"application\/ld+json\" class=\"yoast-schema-graph\">{\"@context\":\"https:\\\/\\\/schema.org\",\"@graph\":[{\"@type\":\"WebPage\",\"@id\":\"https:\\\/\\\/aaknives.eu\\\/lt\\\/product\\\/peiliu-galandinimo-prietaisas-modelis-10skaitmeninis-inklinometrasakmenu-rinkinys-lux-dia\\\/\",\"url\":\"https:\\\/\\\/aaknives.eu\\\/lt\\\/product\\\/peiliu-galandinimo-prietaisas-modelis-10skaitmeninis-inklinometrasakmenu-rinkinys-lux-dia\\\/\",\"name\":\"Peili\u0173 galandinimo prietaisas \\\"Modelis 10\\\"+Skaitmeninis inklinometras+Akmen\u0173 rinkinys \\\"lux\\\" dia - AAKnives\",\"isPartOf\":{\"@id\":\"https:\\\/\\\/aaknives.eu\\\/lt\\\/#website\"},\"primaryImageOfPage\":{\"@id\":\"https:\\\/\\\/aaknives.eu\\\/lt\\\/product\\\/peiliu-galandinimo-prietaisas-modelis-10skaitmeninis-inklinometrasakmenu-rinkinys-lux-dia\\\/#primaryimage\"},\"image\":{\"@id\":\"https:\\\/\\\/aaknives.eu\\\/lt\\\/product\\\/peiliu-galandinimo-prietaisas-modelis-10skaitmeninis-inklinometrasakmenu-rinkinys-lux-dia\\\/#primaryimage\"},\"thumbnailUrl\":\"https:\\\/\\\/aaknives.eu\\\/wp-content\\\/uploads\\\/2024\\\/01\\\/aaknives-hand-forged-dabascus-steel-blade-knife-handmade-custom-made-knife-handcrafted-knives-autinetools-northmen-1-10.jpg\",\"datePublished\":\"2024-01-04T14:30:00+00:00\",\"dateModified\":\"2026-03-18T08:29:37+00:00\",\"description\":\"Peili\u0173 galandinimo prietaisas \\\"Modelis 10\\\"+Skaitmeninis inklinometras+Akmen\u0173 rinkinys \\\"lux\\\" dia\",\"breadcrumb\":{\"@id\":\"https:\\\/\\\/aaknives.eu\\\/lt\\\/product\\\/peiliu-galandinimo-prietaisas-modelis-10skaitmeninis-inklinometrasakmenu-rinkinys-lux-dia\\\/#breadcrumb\"},\"inLanguage\":\"lt-LT\",\"potentialAction\":[{\"@type\":\"ReadAction\",\"target\":[\"https:\\\/\\\/aaknives.eu\\\/lt\\\/product\\\/peiliu-galandinimo-prietaisas-modelis-10skaitmeninis-inklinometrasakmenu-rinkinys-lux-dia\\\/\"]}]},{\"@type\":\"ImageObject\",\"inLanguage\":\"lt-LT\",\"@id\":\"https:\\\/\\\/aaknives.eu\\\/lt\\\/product\\\/peiliu-galandinimo-prietaisas-modelis-10skaitmeninis-inklinometrasakmenu-rinkinys-lux-dia\\\/#primaryimage\",\"url\":\"https:\\\/\\\/aaknives.eu\\\/wp-content\\\/uploads\\\/2024\\\/01\\\/aaknives-hand-forged-dabascus-steel-blade-knife-handmade-custom-made-knife-handcrafted-knives-autinetools-northmen-1-10.jpg\",\"contentUrl\":\"https:\\\/\\\/aaknives.eu\\\/wp-content\\\/uploads\\\/2024\\\/01\\\/aaknives-hand-forged-dabascus-steel-blade-knife-handmade-custom-made-knife-handcrafted-knives-autinetools-northmen-1-10.jpg\",\"width\":1280,\"height\":1280,\"caption\":\"aaknives hand forged dabascus steel blade knife handmade custom made knife handcrafted knives autinetools northmen 1 10\"},{\"@type\":\"BreadcrumbList\",\"@id\":\"https:\\\/\\\/aaknives.eu\\\/lt\\\/product\\\/peiliu-galandinimo-prietaisas-modelis-10skaitmeninis-inklinometrasakmenu-rinkinys-lux-dia\\\/#breadcrumb\",\"itemListElement\":[{\"@type\":\"ListItem\",\"position\":1,\"name\":\"Home\",\"item\":\"https:\\\/\\\/aaknives.eu\\\/lt\\\/\"},{\"@type\":\"ListItem\",\"position\":2,\"name\":\"Parduotuv\u0117\",\"item\":\"https:\\\/\\\/aaknives.eu\\\/parduotuve\\\/\"},{\"@type\":\"ListItem\",\"position\":3,\"name\":\"Peili\u0173 galandinimo prietaisas &#8220;Modelis 10&#8243;+Skaitmeninis inklinometras+Akmen\u0173 rinkinys &#8220;lux&#8221; dia\"}]},{\"@type\":\"WebSite\",\"@id\":\"https:\\\/\\\/aaknives.eu\\\/lt\\\/#website\",\"url\":\"https:\\\/\\\/aaknives.eu\\\/lt\\\/\",\"name\":\"AAKnives\",\"description\":\"Handmade knives\",\"publisher\":{\"@id\":\"https:\\\/\\\/aaknives.eu\\\/lt\\\/#organization\"},\"potentialAction\":[{\"@type\":\"SearchAction\",\"target\":{\"@type\":\"EntryPoint\",\"urlTemplate\":\"https:\\\/\\\/aaknives.eu\\\/lt\\\/?s={search_term_string}\"},\"query-input\":{\"@type\":\"PropertyValueSpecification\",\"valueRequired\":true,\"valueName\":\"search_term_string\"}}],\"inLanguage\":\"lt-LT\"},{\"@type\":\"Organization\",\"@id\":\"https:\\\/\\\/aaknives.eu\\\/lt\\\/#organization\",\"name\":\"AAKnives\",\"url\":\"https:\\\/\\\/aaknives.eu\\\/lt\\\/\",\"logo\":{\"@type\":\"ImageObject\",\"inLanguage\":\"lt-LT\",\"@id\":\"https:\\\/\\\/aaknives.eu\\\/lt\\\/#\\\/schema\\\/logo\\\/image\\\/\",\"url\":\"https:\\\/\\\/aaknives.eu\\\/wp-content\\\/uploads\\\/2021\\\/10\\\/AAknives_Logo_Green.png\",\"contentUrl\":\"https:\\\/\\\/aaknives.eu\\\/wp-content\\\/uploads\\\/2021\\\/10\\\/AAknives_Logo_Green.png\",\"width\":1768,\"height\":1768,\"caption\":\"AAKnives\"},\"image\":{\"@id\":\"https:\\\/\\\/aaknives.eu\\\/lt\\\/#\\\/schema\\\/logo\\\/image\\\/\"},\"sameAs\":[\"https:\\\/\\\/www.facebook.com\\\/aaknives.eu\\\/\",\"https:\\\/\\\/www.instagram.com\\\/aaknives\\\/\",\"https:\\\/\\\/www.pinterest.com\\\/aa_knives\\\/\",\"https:\\\/\\\/www.youtube.com\\\/channel\\\/UCHOQFjrOkgT6s4FIw9LDKyw\\\/featured\"]}]}<\/script>\n<!-- \/ Yoast SEO plugin. -->","yoast_head_json":{"title":"Peili\u0173 galandinimo prietaisas \"Modelis 10\"+Skaitmeninis inklinometras+Akmen\u0173 rinkinys \"lux\" dia - AAKnives","description":"Peili\u0173 galandinimo prietaisas \"Modelis 10\"+Skaitmeninis inklinometras+Akmen\u0173 rinkinys \"lux\" dia","robots":{"index":"index","follow":"follow","max-snippet":"max-snippet:-1","max-image-preview":"max-image-preview:large","max-video-preview":"max-video-preview:-1"},"canonical":"https:\/\/aaknives.eu\/lt\/product\/peiliu-galandinimo-prietaisas-modelis-10skaitmeninis-inklinometrasakmenu-rinkinys-lux-dia\/","og_locale":"lt_LT","og_type":"article","og_title":"Peili\u0173 galandinimo prietaisas \"Modelis 10\"+Skaitmeninis inklinometras+Akmen\u0173 rinkinys \"lux\" dia - AAKnives","og_description":"Peili\u0173 galandinimo prietaisas \"Modelis 10\"+Skaitmeninis inklinometras+Akmen\u0173 rinkinys \"lux\" dia","og_url":"https:\/\/aaknives.eu\/lt\/product\/peiliu-galandinimo-prietaisas-modelis-10skaitmeninis-inklinometrasakmenu-rinkinys-lux-dia\/","og_site_name":"AAKnives","article_publisher":"https:\/\/www.facebook.com\/aaknives.eu\/","article_modified_time":"2026-03-18T08:29:37+00:00","og_image":[{"width":1280,"height":1280,"url":"https:\/\/aaknives.eu\/wp-content\/uploads\/2024\/01\/aaknives-hand-forged-dabascus-steel-blade-knife-handmade-custom-made-knife-handcrafted-knives-autinetools-northmen-1-10.jpg","type":"image\/jpeg"}],"twitter_card":"summary_large_image","twitter_misc":{"Est. reading time":"1 minut\u0117"},"schema":{"@context":"https:\/\/schema.org","@graph":[{"@type":"WebPage","@id":"https:\/\/aaknives.eu\/lt\/product\/peiliu-galandinimo-prietaisas-modelis-10skaitmeninis-inklinometrasakmenu-rinkinys-lux-dia\/","url":"https:\/\/aaknives.eu\/lt\/product\/peiliu-galandinimo-prietaisas-modelis-10skaitmeninis-inklinometrasakmenu-rinkinys-lux-dia\/","name":"Peili\u0173 galandinimo prietaisas \"Modelis 10\"+Skaitmeninis inklinometras+Akmen\u0173 rinkinys \"lux\" dia - AAKnives","isPartOf":{"@id":"https:\/\/aaknives.eu\/lt\/#website"},"primaryImageOfPage":{"@id":"https:\/\/aaknives.eu\/lt\/product\/peiliu-galandinimo-prietaisas-modelis-10skaitmeninis-inklinometrasakmenu-rinkinys-lux-dia\/#primaryimage"},"image":{"@id":"https:\/\/aaknives.eu\/lt\/product\/peiliu-galandinimo-prietaisas-modelis-10skaitmeninis-inklinometrasakmenu-rinkinys-lux-dia\/#primaryimage"},"thumbnailUrl":"https:\/\/aaknives.eu\/wp-content\/uploads\/2024\/01\/aaknives-hand-forged-dabascus-steel-blade-knife-handmade-custom-made-knife-handcrafted-knives-autinetools-northmen-1-10.jpg","datePublished":"2024-01-04T14:30:00+00:00","dateModified":"2026-03-18T08:29:37+00:00","description":"Peili\u0173 galandinimo prietaisas \"Modelis 10\"+Skaitmeninis inklinometras+Akmen\u0173 rinkinys \"lux\" dia","breadcrumb":{"@id":"https:\/\/aaknives.eu\/lt\/product\/peiliu-galandinimo-prietaisas-modelis-10skaitmeninis-inklinometrasakmenu-rinkinys-lux-dia\/#breadcrumb"},"inLanguage":"lt-LT","potentialAction":[{"@type":"ReadAction","target":["https:\/\/aaknives.eu\/lt\/product\/peiliu-galandinimo-prietaisas-modelis-10skaitmeninis-inklinometrasakmenu-rinkinys-lux-dia\/"]}]},{"@type":"ImageObject","inLanguage":"lt-LT","@id":"https:\/\/aaknives.eu\/lt\/product\/peiliu-galandinimo-prietaisas-modelis-10skaitmeninis-inklinometrasakmenu-rinkinys-lux-dia\/#primaryimage","url":"https:\/\/aaknives.eu\/wp-content\/uploads\/2024\/01\/aaknives-hand-forged-dabascus-steel-blade-knife-handmade-custom-made-knife-handcrafted-knives-autinetools-northmen-1-10.jpg","contentUrl":"https:\/\/aaknives.eu\/wp-content\/uploads\/2024\/01\/aaknives-hand-forged-dabascus-steel-blade-knife-handmade-custom-made-knife-handcrafted-knives-autinetools-northmen-1-10.jpg","width":1280,"height":1280,"caption":"aaknives hand forged dabascus steel blade knife handmade custom made knife handcrafted knives autinetools northmen 1 10"},{"@type":"BreadcrumbList","@id":"https:\/\/aaknives.eu\/lt\/product\/peiliu-galandinimo-prietaisas-modelis-10skaitmeninis-inklinometrasakmenu-rinkinys-lux-dia\/#breadcrumb","itemListElement":[{"@type":"ListItem","position":1,"name":"Home","item":"https:\/\/aaknives.eu\/lt\/"},{"@type":"ListItem","position":2,"name":"Parduotuv\u0117","item":"https:\/\/aaknives.eu\/parduotuve\/"},{"@type":"ListItem","position":3,"name":"Peili\u0173 galandinimo prietaisas &#8220;Modelis 10&#8243;+Skaitmeninis inklinometras+Akmen\u0173 rinkinys &#8220;lux&#8221; dia"}]},{"@type":"WebSite","@id":"https:\/\/aaknives.eu\/lt\/#website","url":"https:\/\/aaknives.eu\/lt\/","name":"AAKnives","description":"Handmade knives","publisher":{"@id":"https:\/\/aaknives.eu\/lt\/#organization"},"potentialAction":[{"@type":"SearchAction","target":{"@type":"EntryPoint","urlTemplate":"https:\/\/aaknives.eu\/lt\/?s={search_term_string}"},"query-input":{"@type":"PropertyValueSpecification","valueRequired":true,"valueName":"search_term_string"}}],"inLanguage":"lt-LT"},{"@type":"Organization","@id":"https:\/\/aaknives.eu\/lt\/#organization","name":"AAKnives","url":"https:\/\/aaknives.eu\/lt\/","logo":{"@type":"ImageObject","inLanguage":"lt-LT","@id":"https:\/\/aaknives.eu\/lt\/#\/schema\/logo\/image\/","url":"https:\/\/aaknives.eu\/wp-content\/uploads\/2021\/10\/AAknives_Logo_Green.png","contentUrl":"https:\/\/aaknives.eu\/wp-content\/uploads\/2021\/10\/AAknives_Logo_Green.png","width":1768,"height":1768,"caption":"AAKnives"},"image":{"@id":"https:\/\/aaknives.eu\/lt\/#\/schema\/logo\/image\/"},"sameAs":["https:\/\/www.facebook.com\/aaknives.eu\/","https:\/\/www.instagram.com\/aaknives\/","https:\/\/www.pinterest.com\/aa_knives\/","https:\/\/www.youtube.com\/channel\/UCHOQFjrOkgT6s4FIw9LDKyw\/featured"]}]}},"_links":{"self":[{"href":"https:\/\/aaknives.eu\/lt\/wp-json\/wp\/v2\/product\/45841","targetHints":{"allow":["GET"]}}],"collection":[{"href":"https:\/\/aaknives.eu\/lt\/wp-json\/wp\/v2\/product"}],"about":[{"href":"https:\/\/aaknives.eu\/lt\/wp-json\/wp\/v2\/types\/product"}],"wp:featuredmedia":[{"embeddable":true,"href":"https:\/\/aaknives.eu\/lt\/wp-json\/wp\/v2\/media\/45842"}],"wp:attachment":[{"href":"https:\/\/aaknives.eu\/lt\/wp-json\/wp\/v2\/media?parent=45841"}],"wp:term":[{"taxonomy":"product_brand","embeddable":true,"href":"https:\/\/aaknives.eu\/lt\/wp-json\/wp\/v2\/product_brand?post=45841"},{"taxonomy":"product_cat","embeddable":true,"href":"https:\/\/aaknives.eu\/lt\/wp-json\/wp\/v2\/product_cat?post=45841"},{"taxonomy":"product_tag","embeddable":true,"href":"https:\/\/aaknives.eu\/lt\/wp-json\/wp\/v2\/product_tag?post=45841"}],"curies":[{"name":"wp","href":"https:\/\/api.w.org\/{rel}","templated":true}]}}