{"id":45856,"date":"2023-12-19T17:50:58","date_gmt":"2023-12-19T17:50:58","guid":{"rendered":"https:\/\/aaknives.eu\/product\/vikingu-kirvis-aukstos-kokybes-kaltinis-anglinis-plienas\/"},"modified":"2026-02-09T19:28:22","modified_gmt":"2026-02-09T19:28:22","slug":"forestry-axe-aukstos-kokybes-kaltinis-anglinis-plienas","status":"publish","type":"product","link":"https:\/\/aaknives.eu\/lt\/product\/forestry-axe-aukstos-kokybes-kaltinis-anglinis-plienas\/","title":{"rendered":"FOREST AXE &#8211; auk\u0161tos kokyb\u0117s kaltinis anglinis plienas"},"content":{"rendered":"<p>Kirvio specifikacijos: \u201eFOREST AXE\u201c<br \/>\nPlienas: auk\u0161tos kokyb\u0117s kaltinis anglinis plienas 9HS<br \/>\nKietumas: 58\u201359 HRC<br \/>\nGele\u017et\u0117s ilgis (mm): 110 \/ 4,33 colio<br \/>\nGele\u017et\u0117s storis (mm): 15\u20133 \/ 0,59\u20130,09 colio<br \/>\nGele\u017et\u0117s plotis (mm): 110 \/ 4,33 colio<br \/>\nRankena: deginta raudonmedis, oda<br \/>\nBendras ilgis (mm): 455 \/ 17,91 colio<br \/>\nPeilio tipas: med\u017eioklei, lauko darbams<br \/>\nPakuot\u0117: peilis, odin\u0117 mak\u0161tis<\/p>\n","protected":false},"excerpt":{"rendered":"<p>VIKING\u0172 KIRVIS &#8211; auk\u0161tos kokyb\u0117s kaltinis anglinis plienas<\/p>\n","protected":false},"featured_media":107362,"template":"","meta":{"_themeisle_gutenberg_block_has_review":false},"product_brand":[],"product_cat":[388,381,386],"product_tag":[],"class_list":{"0":"post-45856","1":"product","2":"type-product","3":"status-publish","4":"has-post-thumbnail","6":"product_cat-asys","7":"product_cat-lauko-peiliai","8":"product_cat-medziokliniai-peiliai","10":"first","11":"instock","12":"shipping-taxable","13":"purchasable","14":"product-type-simple"},"yoast_head":"<!-- This site is optimized with the Yoast SEO plugin v27.3 - https:\/\/yoast.com\/product\/yoast-seo-wordpress\/ -->\n<title>FOREST AXE - auk\u0161tos kokyb\u0117s kaltinis anglinis plienas - AAKnives<\/title>\n<meta name=\"description\" content=\"Viking\u0173 kirvis - auk\u0161tos kokyb\u0117s kaltinis anglinis plienas, med\u017eioklinis kirvis, viking\u0173 kirvis, lauko kirvis, rank\u0173 darbo kirvis, rank\u0173 darbo kirvis, rank\u0173 darbo kirvis, rank\u0173 darbo kirvis\" \/>\n<meta name=\"robots\" content=\"index, follow, max-snippet:-1, max-image-preview:large, max-video-preview:-1\" \/>\n<link rel=\"canonical\" href=\"https:\/\/aaknives.eu\/lt\/product\/forestry-axe-aukstos-kokybes-kaltinis-anglinis-plienas\/\" \/>\n<meta property=\"og:locale\" content=\"lt_LT\" \/>\n<meta property=\"og:type\" content=\"article\" \/>\n<meta property=\"og:title\" content=\"FOREST AXE - auk\u0161tos kokyb\u0117s kaltinis anglinis plienas - AAKnives\" \/>\n<meta property=\"og:description\" content=\"Viking\u0173 kirvis - auk\u0161tos kokyb\u0117s kaltinis anglinis plienas, med\u017eioklinis kirvis, viking\u0173 kirvis, lauko kirvis, rank\u0173 darbo kirvis, rank\u0173 darbo kirvis, rank\u0173 darbo kirvis, rank\u0173 darbo kirvis\" \/>\n<meta property=\"og:url\" content=\"https:\/\/aaknives.eu\/lt\/product\/forestry-axe-aukstos-kokybes-kaltinis-anglinis-plienas\/\" \/>\n<meta property=\"og:site_name\" content=\"AAKnives\" \/>\n<meta property=\"article:publisher\" content=\"https:\/\/www.facebook.com\/aaknives.eu\/\" \/>\n<meta property=\"article:modified_time\" content=\"2026-02-09T19:28:22+00:00\" \/>\n<meta property=\"og:image\" content=\"https:\/\/aaknives.eu\/wp-content\/uploads\/2023\/12\/aaknives-hand-forged-damascus-steel-blade-knife-handmade-custom-made-knife-handcrafted-knives-autinetools-northmen-1-11.jpg\" \/>\n\t<meta property=\"og:image:width\" content=\"1020\" \/>\n\t<meta property=\"og:image:height\" content=\"880\" \/>\n\t<meta property=\"og:image:type\" content=\"image\/jpeg\" \/>\n<meta name=\"twitter:card\" content=\"summary_large_image\" \/>\n<script type=\"application\/ld+json\" class=\"yoast-schema-graph\">{\"@context\":\"https:\\\/\\\/schema.org\",\"@graph\":[{\"@type\":\"WebPage\",\"@id\":\"https:\\\/\\\/aaknives.eu\\\/lt\\\/product\\\/forestry-axe-aukstos-kokybes-kaltinis-anglinis-plienas\\\/\",\"url\":\"https:\\\/\\\/aaknives.eu\\\/lt\\\/product\\\/forestry-axe-aukstos-kokybes-kaltinis-anglinis-plienas\\\/\",\"name\":\"FOREST AXE - auk\u0161tos kokyb\u0117s kaltinis anglinis plienas - AAKnives\",\"isPartOf\":{\"@id\":\"https:\\\/\\\/aaknives.eu\\\/lt\\\/#website\"},\"primaryImageOfPage\":{\"@id\":\"https:\\\/\\\/aaknives.eu\\\/lt\\\/product\\\/forestry-axe-aukstos-kokybes-kaltinis-anglinis-plienas\\\/#primaryimage\"},\"image\":{\"@id\":\"https:\\\/\\\/aaknives.eu\\\/lt\\\/product\\\/forestry-axe-aukstos-kokybes-kaltinis-anglinis-plienas\\\/#primaryimage\"},\"thumbnailUrl\":\"https:\\\/\\\/aaknives.eu\\\/wp-content\\\/uploads\\\/2023\\\/12\\\/aaknives-hand-forged-damascus-steel-blade-knife-handmade-custom-made-knife-handcrafted-knives-autinetools-northmen-1-11.jpg\",\"datePublished\":\"2023-12-19T17:50:58+00:00\",\"dateModified\":\"2026-02-09T19:28:22+00:00\",\"description\":\"Viking\u0173 kirvis - auk\u0161tos kokyb\u0117s kaltinis anglinis plienas, med\u017eioklinis kirvis, viking\u0173 kirvis, lauko kirvis, rank\u0173 darbo kirvis, rank\u0173 darbo kirvis, rank\u0173 darbo kirvis, rank\u0173 darbo kirvis\",\"breadcrumb\":{\"@id\":\"https:\\\/\\\/aaknives.eu\\\/lt\\\/product\\\/forestry-axe-aukstos-kokybes-kaltinis-anglinis-plienas\\\/#breadcrumb\"},\"inLanguage\":\"lt-LT\",\"potentialAction\":[{\"@type\":\"ReadAction\",\"target\":[\"https:\\\/\\\/aaknives.eu\\\/lt\\\/product\\\/forestry-axe-aukstos-kokybes-kaltinis-anglinis-plienas\\\/\"]}]},{\"@type\":\"ImageObject\",\"inLanguage\":\"lt-LT\",\"@id\":\"https:\\\/\\\/aaknives.eu\\\/lt\\\/product\\\/forestry-axe-aukstos-kokybes-kaltinis-anglinis-plienas\\\/#primaryimage\",\"url\":\"https:\\\/\\\/aaknives.eu\\\/wp-content\\\/uploads\\\/2023\\\/12\\\/aaknives-hand-forged-damascus-steel-blade-knife-handmade-custom-made-knife-handcrafted-knives-autinetools-northmen-1-11.jpg\",\"contentUrl\":\"https:\\\/\\\/aaknives.eu\\\/wp-content\\\/uploads\\\/2023\\\/12\\\/aaknives-hand-forged-damascus-steel-blade-knife-handmade-custom-made-knife-handcrafted-knives-autinetools-northmen-1-11.jpg\",\"width\":1020,\"height\":880},{\"@type\":\"BreadcrumbList\",\"@id\":\"https:\\\/\\\/aaknives.eu\\\/lt\\\/product\\\/forestry-axe-aukstos-kokybes-kaltinis-anglinis-plienas\\\/#breadcrumb\",\"itemListElement\":[{\"@type\":\"ListItem\",\"position\":1,\"name\":\"Home\",\"item\":\"https:\\\/\\\/aaknives.eu\\\/lt\\\/\"},{\"@type\":\"ListItem\",\"position\":2,\"name\":\"Parduotuv\u0117\",\"item\":\"https:\\\/\\\/aaknives.eu\\\/parduotuve\\\/\"},{\"@type\":\"ListItem\",\"position\":3,\"name\":\"FOREST AXE &#8211; auk\u0161tos kokyb\u0117s kaltinis anglinis plienas\"}]},{\"@type\":\"WebSite\",\"@id\":\"https:\\\/\\\/aaknives.eu\\\/lt\\\/#website\",\"url\":\"https:\\\/\\\/aaknives.eu\\\/lt\\\/\",\"name\":\"AAKnives\",\"description\":\"Handmade knives\",\"publisher\":{\"@id\":\"https:\\\/\\\/aaknives.eu\\\/lt\\\/#organization\"},\"potentialAction\":[{\"@type\":\"SearchAction\",\"target\":{\"@type\":\"EntryPoint\",\"urlTemplate\":\"https:\\\/\\\/aaknives.eu\\\/lt\\\/?s={search_term_string}\"},\"query-input\":{\"@type\":\"PropertyValueSpecification\",\"valueRequired\":true,\"valueName\":\"search_term_string\"}}],\"inLanguage\":\"lt-LT\"},{\"@type\":\"Organization\",\"@id\":\"https:\\\/\\\/aaknives.eu\\\/lt\\\/#organization\",\"name\":\"AAKnives\",\"url\":\"https:\\\/\\\/aaknives.eu\\\/lt\\\/\",\"logo\":{\"@type\":\"ImageObject\",\"inLanguage\":\"lt-LT\",\"@id\":\"https:\\\/\\\/aaknives.eu\\\/lt\\\/#\\\/schema\\\/logo\\\/image\\\/\",\"url\":\"https:\\\/\\\/aaknives.eu\\\/wp-content\\\/uploads\\\/2021\\\/10\\\/AAknives_Logo_Green.png\",\"contentUrl\":\"https:\\\/\\\/aaknives.eu\\\/wp-content\\\/uploads\\\/2021\\\/10\\\/AAknives_Logo_Green.png\",\"width\":1768,\"height\":1768,\"caption\":\"AAKnives\"},\"image\":{\"@id\":\"https:\\\/\\\/aaknives.eu\\\/lt\\\/#\\\/schema\\\/logo\\\/image\\\/\"},\"sameAs\":[\"https:\\\/\\\/www.facebook.com\\\/aaknives.eu\\\/\",\"https:\\\/\\\/www.instagram.com\\\/aaknives\\\/\",\"https:\\\/\\\/www.pinterest.com\\\/aa_knives\\\/\",\"https:\\\/\\\/www.youtube.com\\\/channel\\\/UCHOQFjrOkgT6s4FIw9LDKyw\\\/featured\"]}]}<\/script>\n<!-- \/ Yoast SEO plugin. -->","yoast_head_json":{"title":"FOREST AXE - auk\u0161tos kokyb\u0117s kaltinis anglinis plienas - AAKnives","description":"Viking\u0173 kirvis - auk\u0161tos kokyb\u0117s kaltinis anglinis plienas, med\u017eioklinis kirvis, viking\u0173 kirvis, lauko kirvis, rank\u0173 darbo kirvis, rank\u0173 darbo kirvis, rank\u0173 darbo kirvis, rank\u0173 darbo kirvis","robots":{"index":"index","follow":"follow","max-snippet":"max-snippet:-1","max-image-preview":"max-image-preview:large","max-video-preview":"max-video-preview:-1"},"canonical":"https:\/\/aaknives.eu\/lt\/product\/forestry-axe-aukstos-kokybes-kaltinis-anglinis-plienas\/","og_locale":"lt_LT","og_type":"article","og_title":"FOREST AXE - auk\u0161tos kokyb\u0117s kaltinis anglinis plienas - AAKnives","og_description":"Viking\u0173 kirvis - auk\u0161tos kokyb\u0117s kaltinis anglinis plienas, med\u017eioklinis kirvis, viking\u0173 kirvis, lauko kirvis, rank\u0173 darbo kirvis, rank\u0173 darbo kirvis, rank\u0173 darbo kirvis, rank\u0173 darbo kirvis","og_url":"https:\/\/aaknives.eu\/lt\/product\/forestry-axe-aukstos-kokybes-kaltinis-anglinis-plienas\/","og_site_name":"AAKnives","article_publisher":"https:\/\/www.facebook.com\/aaknives.eu\/","article_modified_time":"2026-02-09T19:28:22+00:00","og_image":[{"width":1020,"height":880,"url":"https:\/\/aaknives.eu\/wp-content\/uploads\/2023\/12\/aaknives-hand-forged-damascus-steel-blade-knife-handmade-custom-made-knife-handcrafted-knives-autinetools-northmen-1-11.jpg","type":"image\/jpeg"}],"twitter_card":"summary_large_image","schema":{"@context":"https:\/\/schema.org","@graph":[{"@type":"WebPage","@id":"https:\/\/aaknives.eu\/lt\/product\/forestry-axe-aukstos-kokybes-kaltinis-anglinis-plienas\/","url":"https:\/\/aaknives.eu\/lt\/product\/forestry-axe-aukstos-kokybes-kaltinis-anglinis-plienas\/","name":"FOREST AXE - auk\u0161tos kokyb\u0117s kaltinis anglinis plienas - AAKnives","isPartOf":{"@id":"https:\/\/aaknives.eu\/lt\/#website"},"primaryImageOfPage":{"@id":"https:\/\/aaknives.eu\/lt\/product\/forestry-axe-aukstos-kokybes-kaltinis-anglinis-plienas\/#primaryimage"},"image":{"@id":"https:\/\/aaknives.eu\/lt\/product\/forestry-axe-aukstos-kokybes-kaltinis-anglinis-plienas\/#primaryimage"},"thumbnailUrl":"https:\/\/aaknives.eu\/wp-content\/uploads\/2023\/12\/aaknives-hand-forged-damascus-steel-blade-knife-handmade-custom-made-knife-handcrafted-knives-autinetools-northmen-1-11.jpg","datePublished":"2023-12-19T17:50:58+00:00","dateModified":"2026-02-09T19:28:22+00:00","description":"Viking\u0173 kirvis - auk\u0161tos kokyb\u0117s kaltinis anglinis plienas, med\u017eioklinis kirvis, viking\u0173 kirvis, lauko kirvis, rank\u0173 darbo kirvis, rank\u0173 darbo kirvis, rank\u0173 darbo kirvis, rank\u0173 darbo kirvis","breadcrumb":{"@id":"https:\/\/aaknives.eu\/lt\/product\/forestry-axe-aukstos-kokybes-kaltinis-anglinis-plienas\/#breadcrumb"},"inLanguage":"lt-LT","potentialAction":[{"@type":"ReadAction","target":["https:\/\/aaknives.eu\/lt\/product\/forestry-axe-aukstos-kokybes-kaltinis-anglinis-plienas\/"]}]},{"@type":"ImageObject","inLanguage":"lt-LT","@id":"https:\/\/aaknives.eu\/lt\/product\/forestry-axe-aukstos-kokybes-kaltinis-anglinis-plienas\/#primaryimage","url":"https:\/\/aaknives.eu\/wp-content\/uploads\/2023\/12\/aaknives-hand-forged-damascus-steel-blade-knife-handmade-custom-made-knife-handcrafted-knives-autinetools-northmen-1-11.jpg","contentUrl":"https:\/\/aaknives.eu\/wp-content\/uploads\/2023\/12\/aaknives-hand-forged-damascus-steel-blade-knife-handmade-custom-made-knife-handcrafted-knives-autinetools-northmen-1-11.jpg","width":1020,"height":880},{"@type":"BreadcrumbList","@id":"https:\/\/aaknives.eu\/lt\/product\/forestry-axe-aukstos-kokybes-kaltinis-anglinis-plienas\/#breadcrumb","itemListElement":[{"@type":"ListItem","position":1,"name":"Home","item":"https:\/\/aaknives.eu\/lt\/"},{"@type":"ListItem","position":2,"name":"Parduotuv\u0117","item":"https:\/\/aaknives.eu\/parduotuve\/"},{"@type":"ListItem","position":3,"name":"FOREST AXE &#8211; auk\u0161tos kokyb\u0117s kaltinis anglinis plienas"}]},{"@type":"WebSite","@id":"https:\/\/aaknives.eu\/lt\/#website","url":"https:\/\/aaknives.eu\/lt\/","name":"AAKnives","description":"Handmade knives","publisher":{"@id":"https:\/\/aaknives.eu\/lt\/#organization"},"potentialAction":[{"@type":"SearchAction","target":{"@type":"EntryPoint","urlTemplate":"https:\/\/aaknives.eu\/lt\/?s={search_term_string}"},"query-input":{"@type":"PropertyValueSpecification","valueRequired":true,"valueName":"search_term_string"}}],"inLanguage":"lt-LT"},{"@type":"Organization","@id":"https:\/\/aaknives.eu\/lt\/#organization","name":"AAKnives","url":"https:\/\/aaknives.eu\/lt\/","logo":{"@type":"ImageObject","inLanguage":"lt-LT","@id":"https:\/\/aaknives.eu\/lt\/#\/schema\/logo\/image\/","url":"https:\/\/aaknives.eu\/wp-content\/uploads\/2021\/10\/AAknives_Logo_Green.png","contentUrl":"https:\/\/aaknives.eu\/wp-content\/uploads\/2021\/10\/AAknives_Logo_Green.png","width":1768,"height":1768,"caption":"AAKnives"},"image":{"@id":"https:\/\/aaknives.eu\/lt\/#\/schema\/logo\/image\/"},"sameAs":["https:\/\/www.facebook.com\/aaknives.eu\/","https:\/\/www.instagram.com\/aaknives\/","https:\/\/www.pinterest.com\/aa_knives\/","https:\/\/www.youtube.com\/channel\/UCHOQFjrOkgT6s4FIw9LDKyw\/featured"]}]}},"_links":{"self":[{"href":"https:\/\/aaknives.eu\/lt\/wp-json\/wp\/v2\/product\/45856","targetHints":{"allow":["GET"]}}],"collection":[{"href":"https:\/\/aaknives.eu\/lt\/wp-json\/wp\/v2\/product"}],"about":[{"href":"https:\/\/aaknives.eu\/lt\/wp-json\/wp\/v2\/types\/product"}],"wp:featuredmedia":[{"embeddable":true,"href":"https:\/\/aaknives.eu\/lt\/wp-json\/wp\/v2\/media\/107362"}],"wp:attachment":[{"href":"https:\/\/aaknives.eu\/lt\/wp-json\/wp\/v2\/media?parent=45856"}],"wp:term":[{"taxonomy":"product_brand","embeddable":true,"href":"https:\/\/aaknives.eu\/lt\/wp-json\/wp\/v2\/product_brand?post=45856"},{"taxonomy":"product_cat","embeddable":true,"href":"https:\/\/aaknives.eu\/lt\/wp-json\/wp\/v2\/product_cat?post=45856"},{"taxonomy":"product_tag","embeddable":true,"href":"https:\/\/aaknives.eu\/lt\/wp-json\/wp\/v2\/product_tag?post=45856"}],"curies":[{"name":"wp","href":"https:\/\/api.w.org\/{rel}","templated":true}]}}