{"id":45938,"date":"2023-11-01T17:00:03","date_gmt":"2023-11-01T17:00:03","guid":{"rendered":"https:\/\/aaknives.eu\/product\/peilis-mini-poseidon-pagamintas-is-kokybisko-nerudijancio-plieno\/"},"modified":"2025-02-06T16:33:08","modified_gmt":"2025-02-06T16:33:08","slug":"peilis-mini-poseidon-pagamintas-is-kokybisko-nerudijancio-plieno","status":"publish","type":"product","link":"https:\/\/aaknives.eu\/lt\/product\/peilis-mini-poseidon-pagamintas-is-kokybisko-nerudijancio-plieno\/","title":{"rendered":"Peilis &#8221;SCANDINAVIAN&#8221; pagamintas i\u0161 kokybi\u0161ko kaltinio ner\u016bdijan\u010dio plieno"},"content":{"rendered":"<p>Peilio specifikacijos: &#8221;SCANDINAVIAN&#8221;<br \/>\nPlienas: kaltas ner\u016bdijantis plienas Sandvik 12C27<br \/>\nKietumas: 56-58 HRC<br \/>\nA\u0161men\u0173 ilgis (mm): 133 \/ 5,23 colio<br \/>\nA\u0161men\u0173 storis (mm): 3 \/ 0,11 colio<br \/>\nA\u0161men\u0173 plotis (mm): 28 \/ 1,10 colio<br \/>\nRankena: Afrikos zebrano medis<br \/>\nVisas ilgis (mm): 260 \/ 10,23 colio<\/p>\n<p>12C27 plienas yra Sandvik \u0161eimos dalis. Tai \u017eemos klas\u0117s auk\u0161tos kokyb\u0117s chromo plienas, labai m\u0117gstamas peili\u0173 pramon\u0117je, nes pasi\u017eymi i\u0161skirtiniu atsparumu dilimui, atsparumu korozijai ir dideliu kietumu, t. y. pagrindin\u0117mis savyb\u0117mis, d\u0117l kuri\u0173 sukuriamas idealus peili\u0173 plienas.<\/p>\n<p>Be to, 12C27 plienas palyginti greitai \u012fgyja a\u0161trum\u0105, prie\u0161ingai nei kiti didelio chromo turintys plienai, kurie d\u0117l kiet\u0173 chromo karbid\u0173 a\u0161tr\u0117ja ilgai. Sandvik 12C27 plienas da\u017eniausiai naudojamas med\u017eiokliniams, ki\u0161eniniams, \u017evejybiniams, stovyklavimo, taktiniams, \u010diuo\u017eimo peiliams ir ledo gr\u0105\u017etams gaminti.<\/p>\n<p>D\u0117l didelio chromo kiekio 12C27 plienas yra atsparus korozijai ir r\u016bdims. Be to, kadangi jis pagamintas i\u0161 ner\u016bdijan\u010dio plieno, yra atsparus d\u0117m\u0117ms.<\/p>\n<p>Ta\u010diau negalite tik\u0117tis, kad \u0161is plieninis peilis vandenyje i\u0161liks ner\u016bdijantis kelias dienas. Jei norite, kad \u0161io plieno a\u0161menys i\u0161likt\u0173 de\u0161imtme\u010dius, po kiekvieno naudojimo arba jei planuojate juos laikyti ilgesn\u012f laik\u0105, turite juos i\u0161d\u017eiovinti ir sutepti alyva.<\/p>\n","protected":false},"excerpt":{"rendered":"<p>Peilio specifikacijos: &#8221;SCANDINAVIAN&#8221; Plienas: kaltas ner\u016bdijantis plienas Sandvik 12C27 Kietumas: 56-58 HRC A\u0161men\u0173 ilgis (mm): 133 \/ 5,23 colio A\u0161men\u0173 storis (mm): 3 \/ 0,11 colio A\u0161men\u0173 plotis (mm): 28 \/ 1,10 colio Rankena: Afrikos zebrano medis Visas ilgis (mm): 260 \/ 10,23 colio 12C27 plienas yra Sandvik \u0161eimos dalis. Tai \u017eemos klas\u0117s auk\u0161tos kokyb\u0117s chromo plienas, labai m\u0117gstamas peili\u0173 pramon\u0117je, nes pasi\u017eymi i\u0161skirtiniu atsparumu dilimui, atsparumu korozijai ir dideliu kietumu, t. y. pagrindin\u0117mis savyb\u0117mis, d\u0117l kuri\u0173 sukuriamas idealus peili\u0173 plienas. Be to, 12C27 plienas palyginti greitai \u012fgyja a\u0161trum\u0105, prie\u0161ingai nei kiti didelio chromo turintys plienai, kurie d\u0117l kiet\u0173 chromo&hellip;<\/p>\n","protected":false},"featured_media":96253,"template":"","meta":{"_themeisle_gutenberg_block_has_review":false},"product_brand":[],"product_cat":[381,386,385],"product_tag":[],"class_list":{"0":"post-45938","1":"product","2":"type-product","3":"status-publish","4":"has-post-thumbnail","6":"product_cat-lauko-peiliai","7":"product_cat-medziokliniai-peiliai","8":"product_cat-zvejybos-peiliai","10":"first","11":"instock","12":"shipping-taxable","13":"purchasable","14":"product-type-simple"},"yoast_head":"<!-- This site is optimized with the Yoast SEO plugin v27.3 - https:\/\/yoast.com\/product\/yoast-seo-wordpress\/ -->\n<title>Peilis &#039;&#039;SCANDINAVIAN&#039;&#039; pagamintas i\u0161 kokybi\u0161ko kaltinio ner\u016bdijan\u010dio plieno - AAKnives<\/title>\n<meta name=\"description\" content=\"Peilis &#039;&#039;SCANDINAVIAN&#039;&#039; pagamintas i\u0161 kokybi\u0161ko kaltinio ner\u016bdijan\u010dio plieno\" \/>\n<meta name=\"robots\" content=\"index, follow, max-snippet:-1, max-image-preview:large, max-video-preview:-1\" \/>\n<link rel=\"canonical\" href=\"https:\/\/aaknives.eu\/lt\/product\/peilis-mini-poseidon-pagamintas-is-kokybisko-nerudijancio-plieno\/\" \/>\n<meta property=\"og:locale\" content=\"lt_LT\" \/>\n<meta property=\"og:type\" content=\"article\" \/>\n<meta property=\"og:title\" content=\"Peilis &#039;&#039;SCANDINAVIAN&#039;&#039; pagamintas i\u0161 kokybi\u0161ko kaltinio ner\u016bdijan\u010dio plieno - AAKnives\" \/>\n<meta property=\"og:description\" content=\"Peilis &#039;&#039;SCANDINAVIAN&#039;&#039; pagamintas i\u0161 kokybi\u0161ko kaltinio ner\u016bdijan\u010dio plieno\" \/>\n<meta property=\"og:url\" content=\"https:\/\/aaknives.eu\/lt\/product\/peilis-mini-poseidon-pagamintas-is-kokybisko-nerudijancio-plieno\/\" \/>\n<meta property=\"og:site_name\" content=\"AAKnives\" \/>\n<meta property=\"article:publisher\" content=\"https:\/\/www.facebook.com\/aaknives.eu\/\" \/>\n<meta property=\"article:modified_time\" content=\"2025-02-06T16:33:08+00:00\" \/>\n<meta property=\"og:image\" content=\"https:\/\/aaknives.eu\/wp-content\/uploads\/2023\/11\/aaknives-hand-forged-dabascus-steel-blade-knife-handmade-custom-made-knife-handcrafted-knives-autinetools-northmen-23.2.jpg\" \/>\n\t<meta property=\"og:image:width\" content=\"1020\" \/>\n\t<meta property=\"og:image:height\" content=\"880\" \/>\n\t<meta property=\"og:image:type\" content=\"image\/jpeg\" \/>\n<meta name=\"twitter:card\" content=\"summary_large_image\" \/>\n<meta name=\"twitter:label1\" content=\"Est. reading time\" \/>\n\t<meta name=\"twitter:data1\" content=\"1 minut\u0117\" \/>\n<script type=\"application\/ld+json\" class=\"yoast-schema-graph\">{\"@context\":\"https:\\\/\\\/schema.org\",\"@graph\":[{\"@type\":\"WebPage\",\"@id\":\"https:\\\/\\\/aaknives.eu\\\/lt\\\/product\\\/peilis-mini-poseidon-pagamintas-is-kokybisko-nerudijancio-plieno\\\/\",\"url\":\"https:\\\/\\\/aaknives.eu\\\/lt\\\/product\\\/peilis-mini-poseidon-pagamintas-is-kokybisko-nerudijancio-plieno\\\/\",\"name\":\"Peilis ''SCANDINAVIAN'' pagamintas i\u0161 kokybi\u0161ko kaltinio ner\u016bdijan\u010dio plieno - AAKnives\",\"isPartOf\":{\"@id\":\"https:\\\/\\\/aaknives.eu\\\/lt\\\/#website\"},\"primaryImageOfPage\":{\"@id\":\"https:\\\/\\\/aaknives.eu\\\/lt\\\/product\\\/peilis-mini-poseidon-pagamintas-is-kokybisko-nerudijancio-plieno\\\/#primaryimage\"},\"image\":{\"@id\":\"https:\\\/\\\/aaknives.eu\\\/lt\\\/product\\\/peilis-mini-poseidon-pagamintas-is-kokybisko-nerudijancio-plieno\\\/#primaryimage\"},\"thumbnailUrl\":\"https:\\\/\\\/aaknives.eu\\\/wp-content\\\/uploads\\\/2023\\\/11\\\/aaknives-hand-forged-dabascus-steel-blade-knife-handmade-custom-made-knife-handcrafted-knives-autinetools-northmen-23.2.jpg\",\"datePublished\":\"2023-11-01T17:00:03+00:00\",\"dateModified\":\"2025-02-06T16:33:08+00:00\",\"description\":\"Peilis ''SCANDINAVIAN'' pagamintas i\u0161 kokybi\u0161ko kaltinio ner\u016bdijan\u010dio plieno\",\"breadcrumb\":{\"@id\":\"https:\\\/\\\/aaknives.eu\\\/lt\\\/product\\\/peilis-mini-poseidon-pagamintas-is-kokybisko-nerudijancio-plieno\\\/#breadcrumb\"},\"inLanguage\":\"lt-LT\",\"potentialAction\":[{\"@type\":\"ReadAction\",\"target\":[\"https:\\\/\\\/aaknives.eu\\\/lt\\\/product\\\/peilis-mini-poseidon-pagamintas-is-kokybisko-nerudijancio-plieno\\\/\"]}]},{\"@type\":\"ImageObject\",\"inLanguage\":\"lt-LT\",\"@id\":\"https:\\\/\\\/aaknives.eu\\\/lt\\\/product\\\/peilis-mini-poseidon-pagamintas-is-kokybisko-nerudijancio-plieno\\\/#primaryimage\",\"url\":\"https:\\\/\\\/aaknives.eu\\\/wp-content\\\/uploads\\\/2023\\\/11\\\/aaknives-hand-forged-dabascus-steel-blade-knife-handmade-custom-made-knife-handcrafted-knives-autinetools-northmen-23.2.jpg\",\"contentUrl\":\"https:\\\/\\\/aaknives.eu\\\/wp-content\\\/uploads\\\/2023\\\/11\\\/aaknives-hand-forged-dabascus-steel-blade-knife-handmade-custom-made-knife-handcrafted-knives-autinetools-northmen-23.2.jpg\",\"width\":1020,\"height\":880},{\"@type\":\"BreadcrumbList\",\"@id\":\"https:\\\/\\\/aaknives.eu\\\/lt\\\/product\\\/peilis-mini-poseidon-pagamintas-is-kokybisko-nerudijancio-plieno\\\/#breadcrumb\",\"itemListElement\":[{\"@type\":\"ListItem\",\"position\":1,\"name\":\"Home\",\"item\":\"https:\\\/\\\/aaknives.eu\\\/lt\\\/\"},{\"@type\":\"ListItem\",\"position\":2,\"name\":\"Parduotuv\u0117\",\"item\":\"https:\\\/\\\/aaknives.eu\\\/parduotuve\\\/\"},{\"@type\":\"ListItem\",\"position\":3,\"name\":\"Private: Peilis &#8221;SCANDINAVIAN&#8221; pagamintas i\u0161 kokybi\u0161ko kaltinio ner\u016bdijan\u010dio plieno\"}]},{\"@type\":\"WebSite\",\"@id\":\"https:\\\/\\\/aaknives.eu\\\/lt\\\/#website\",\"url\":\"https:\\\/\\\/aaknives.eu\\\/lt\\\/\",\"name\":\"AAKnives\",\"description\":\"Handmade knives\",\"publisher\":{\"@id\":\"https:\\\/\\\/aaknives.eu\\\/lt\\\/#organization\"},\"potentialAction\":[{\"@type\":\"SearchAction\",\"target\":{\"@type\":\"EntryPoint\",\"urlTemplate\":\"https:\\\/\\\/aaknives.eu\\\/lt\\\/?s={search_term_string}\"},\"query-input\":{\"@type\":\"PropertyValueSpecification\",\"valueRequired\":true,\"valueName\":\"search_term_string\"}}],\"inLanguage\":\"lt-LT\"},{\"@type\":\"Organization\",\"@id\":\"https:\\\/\\\/aaknives.eu\\\/lt\\\/#organization\",\"name\":\"AAKnives\",\"url\":\"https:\\\/\\\/aaknives.eu\\\/lt\\\/\",\"logo\":{\"@type\":\"ImageObject\",\"inLanguage\":\"lt-LT\",\"@id\":\"https:\\\/\\\/aaknives.eu\\\/lt\\\/#\\\/schema\\\/logo\\\/image\\\/\",\"url\":\"https:\\\/\\\/aaknives.eu\\\/wp-content\\\/uploads\\\/2021\\\/10\\\/AAknives_Logo_Green.png\",\"contentUrl\":\"https:\\\/\\\/aaknives.eu\\\/wp-content\\\/uploads\\\/2021\\\/10\\\/AAknives_Logo_Green.png\",\"width\":1768,\"height\":1768,\"caption\":\"AAKnives\"},\"image\":{\"@id\":\"https:\\\/\\\/aaknives.eu\\\/lt\\\/#\\\/schema\\\/logo\\\/image\\\/\"},\"sameAs\":[\"https:\\\/\\\/www.facebook.com\\\/aaknives.eu\\\/\",\"https:\\\/\\\/www.instagram.com\\\/aaknives\\\/\",\"https:\\\/\\\/www.pinterest.com\\\/aa_knives\\\/\",\"https:\\\/\\\/www.youtube.com\\\/channel\\\/UCHOQFjrOkgT6s4FIw9LDKyw\\\/featured\"]}]}<\/script>\n<!-- \/ Yoast SEO plugin. -->","yoast_head_json":{"title":"Peilis ''SCANDINAVIAN'' pagamintas i\u0161 kokybi\u0161ko kaltinio ner\u016bdijan\u010dio plieno - AAKnives","description":"Peilis ''SCANDINAVIAN'' pagamintas i\u0161 kokybi\u0161ko kaltinio ner\u016bdijan\u010dio plieno","robots":{"index":"index","follow":"follow","max-snippet":"max-snippet:-1","max-image-preview":"max-image-preview:large","max-video-preview":"max-video-preview:-1"},"canonical":"https:\/\/aaknives.eu\/lt\/product\/peilis-mini-poseidon-pagamintas-is-kokybisko-nerudijancio-plieno\/","og_locale":"lt_LT","og_type":"article","og_title":"Peilis ''SCANDINAVIAN'' pagamintas i\u0161 kokybi\u0161ko kaltinio ner\u016bdijan\u010dio plieno - AAKnives","og_description":"Peilis ''SCANDINAVIAN'' pagamintas i\u0161 kokybi\u0161ko kaltinio ner\u016bdijan\u010dio plieno","og_url":"https:\/\/aaknives.eu\/lt\/product\/peilis-mini-poseidon-pagamintas-is-kokybisko-nerudijancio-plieno\/","og_site_name":"AAKnives","article_publisher":"https:\/\/www.facebook.com\/aaknives.eu\/","article_modified_time":"2025-02-06T16:33:08+00:00","og_image":[{"width":1020,"height":880,"url":"https:\/\/aaknives.eu\/wp-content\/uploads\/2023\/11\/aaknives-hand-forged-dabascus-steel-blade-knife-handmade-custom-made-knife-handcrafted-knives-autinetools-northmen-23.2.jpg","type":"image\/jpeg"}],"twitter_card":"summary_large_image","twitter_misc":{"Est. reading time":"1 minut\u0117"},"schema":{"@context":"https:\/\/schema.org","@graph":[{"@type":"WebPage","@id":"https:\/\/aaknives.eu\/lt\/product\/peilis-mini-poseidon-pagamintas-is-kokybisko-nerudijancio-plieno\/","url":"https:\/\/aaknives.eu\/lt\/product\/peilis-mini-poseidon-pagamintas-is-kokybisko-nerudijancio-plieno\/","name":"Peilis ''SCANDINAVIAN'' pagamintas i\u0161 kokybi\u0161ko kaltinio ner\u016bdijan\u010dio plieno - AAKnives","isPartOf":{"@id":"https:\/\/aaknives.eu\/lt\/#website"},"primaryImageOfPage":{"@id":"https:\/\/aaknives.eu\/lt\/product\/peilis-mini-poseidon-pagamintas-is-kokybisko-nerudijancio-plieno\/#primaryimage"},"image":{"@id":"https:\/\/aaknives.eu\/lt\/product\/peilis-mini-poseidon-pagamintas-is-kokybisko-nerudijancio-plieno\/#primaryimage"},"thumbnailUrl":"https:\/\/aaknives.eu\/wp-content\/uploads\/2023\/11\/aaknives-hand-forged-dabascus-steel-blade-knife-handmade-custom-made-knife-handcrafted-knives-autinetools-northmen-23.2.jpg","datePublished":"2023-11-01T17:00:03+00:00","dateModified":"2025-02-06T16:33:08+00:00","description":"Peilis ''SCANDINAVIAN'' pagamintas i\u0161 kokybi\u0161ko kaltinio ner\u016bdijan\u010dio plieno","breadcrumb":{"@id":"https:\/\/aaknives.eu\/lt\/product\/peilis-mini-poseidon-pagamintas-is-kokybisko-nerudijancio-plieno\/#breadcrumb"},"inLanguage":"lt-LT","potentialAction":[{"@type":"ReadAction","target":["https:\/\/aaknives.eu\/lt\/product\/peilis-mini-poseidon-pagamintas-is-kokybisko-nerudijancio-plieno\/"]}]},{"@type":"ImageObject","inLanguage":"lt-LT","@id":"https:\/\/aaknives.eu\/lt\/product\/peilis-mini-poseidon-pagamintas-is-kokybisko-nerudijancio-plieno\/#primaryimage","url":"https:\/\/aaknives.eu\/wp-content\/uploads\/2023\/11\/aaknives-hand-forged-dabascus-steel-blade-knife-handmade-custom-made-knife-handcrafted-knives-autinetools-northmen-23.2.jpg","contentUrl":"https:\/\/aaknives.eu\/wp-content\/uploads\/2023\/11\/aaknives-hand-forged-dabascus-steel-blade-knife-handmade-custom-made-knife-handcrafted-knives-autinetools-northmen-23.2.jpg","width":1020,"height":880},{"@type":"BreadcrumbList","@id":"https:\/\/aaknives.eu\/lt\/product\/peilis-mini-poseidon-pagamintas-is-kokybisko-nerudijancio-plieno\/#breadcrumb","itemListElement":[{"@type":"ListItem","position":1,"name":"Home","item":"https:\/\/aaknives.eu\/lt\/"},{"@type":"ListItem","position":2,"name":"Parduotuv\u0117","item":"https:\/\/aaknives.eu\/parduotuve\/"},{"@type":"ListItem","position":3,"name":"Private: Peilis &#8221;SCANDINAVIAN&#8221; pagamintas i\u0161 kokybi\u0161ko kaltinio ner\u016bdijan\u010dio plieno"}]},{"@type":"WebSite","@id":"https:\/\/aaknives.eu\/lt\/#website","url":"https:\/\/aaknives.eu\/lt\/","name":"AAKnives","description":"Handmade knives","publisher":{"@id":"https:\/\/aaknives.eu\/lt\/#organization"},"potentialAction":[{"@type":"SearchAction","target":{"@type":"EntryPoint","urlTemplate":"https:\/\/aaknives.eu\/lt\/?s={search_term_string}"},"query-input":{"@type":"PropertyValueSpecification","valueRequired":true,"valueName":"search_term_string"}}],"inLanguage":"lt-LT"},{"@type":"Organization","@id":"https:\/\/aaknives.eu\/lt\/#organization","name":"AAKnives","url":"https:\/\/aaknives.eu\/lt\/","logo":{"@type":"ImageObject","inLanguage":"lt-LT","@id":"https:\/\/aaknives.eu\/lt\/#\/schema\/logo\/image\/","url":"https:\/\/aaknives.eu\/wp-content\/uploads\/2021\/10\/AAknives_Logo_Green.png","contentUrl":"https:\/\/aaknives.eu\/wp-content\/uploads\/2021\/10\/AAknives_Logo_Green.png","width":1768,"height":1768,"caption":"AAKnives"},"image":{"@id":"https:\/\/aaknives.eu\/lt\/#\/schema\/logo\/image\/"},"sameAs":["https:\/\/www.facebook.com\/aaknives.eu\/","https:\/\/www.instagram.com\/aaknives\/","https:\/\/www.pinterest.com\/aa_knives\/","https:\/\/www.youtube.com\/channel\/UCHOQFjrOkgT6s4FIw9LDKyw\/featured"]}]}},"_links":{"self":[{"href":"https:\/\/aaknives.eu\/lt\/wp-json\/wp\/v2\/product\/45938","targetHints":{"allow":["GET"]}}],"collection":[{"href":"https:\/\/aaknives.eu\/lt\/wp-json\/wp\/v2\/product"}],"about":[{"href":"https:\/\/aaknives.eu\/lt\/wp-json\/wp\/v2\/types\/product"}],"wp:featuredmedia":[{"embeddable":true,"href":"https:\/\/aaknives.eu\/lt\/wp-json\/wp\/v2\/media\/96253"}],"wp:attachment":[{"href":"https:\/\/aaknives.eu\/lt\/wp-json\/wp\/v2\/media?parent=45938"}],"wp:term":[{"taxonomy":"product_brand","embeddable":true,"href":"https:\/\/aaknives.eu\/lt\/wp-json\/wp\/v2\/product_brand?post=45938"},{"taxonomy":"product_cat","embeddable":true,"href":"https:\/\/aaknives.eu\/lt\/wp-json\/wp\/v2\/product_cat?post=45938"},{"taxonomy":"product_tag","embeddable":true,"href":"https:\/\/aaknives.eu\/lt\/wp-json\/wp\/v2\/product_tag?post=45938"}],"curies":[{"name":"wp","href":"https:\/\/api.w.org\/{rel}","templated":true}]}}