{"id":46137,"date":"2023-08-16T14:54:00","date_gmt":"2023-08-16T14:54:00","guid":{"rendered":"https:\/\/aaknives.eu\/product\/gelezte-grizzly-rankomis-kaltas-bulat-wootz-plienas\/"},"modified":"2023-08-16T14:54:00","modified_gmt":"2023-08-16T14:54:00","slug":"gelezte-grizzly-rankomis-kaltas-bulat-wootz-plienas","status":"publish","type":"product","link":"https:\/\/aaknives.eu\/lt\/product\/gelezte-grizzly-rankomis-kaltas-bulat-wootz-plienas\/","title":{"rendered":"Gele\u017et\u0117 &#8220;GRIZZLY&#8221; &#8211; rankomis kaltas Bulat &#8211; Wootz plienas"},"content":{"rendered":"<p>Gele\u017et\u0117s specifikacijos \u2013 GRIZZLY<br \/>\nPlienas: rankomis kaltas Bulat \u2013 Wootz plienas<br \/>\nKietumas: 61-63 HRC<br \/>\nGele\u017et\u0117s ilgis: 140 mm \/ 5,51 colio<br \/>\nGele\u017et\u0117s storis: 3 mm \/ 0,12 colio<br \/>\nGele\u017et\u0117s plotis: 36 mm \/ 1,41 colio<br \/>\nBendras ilgis: 230 mm \/ 9,05 colio<\/p>\n<p>Bulat \u2013 Wootz Steel<br \/>\nAnglies liejinys i\u0161 rankomis kalto plieno<br \/>\nsu specialia a\u0161men\u0173 strukt\u016bra, didelio kietumo, didesnio patvarumo ir elastingumo.<br \/>\nKiekviena Bulat plieno gele\u017et\u0117 turi savit\u0105 individual\u0173 ra\u0161t\u0105.<br \/>\n\u201cAA knives\u201d gamina peilius i\u0161 legiruoto tiglinio Bulat plieno, kurio pagrind\u0105 sudaro metalas K340 ir k110.<\/p>\n<p>Peili\u0173 i\u0161 \u201cBulat\u201d plieno privalumai:<\/p>\n<p>Didelis kietumas<br \/>\nDidesnis patvarumas<br \/>\nElastingumas<br \/>\nIlgalaikis a\u0161trumas<br \/>\nGele\u017et\u0117s kietumas 62-64 HRC.<br \/>\nRank\u0173 darbo<\/p>\n","protected":false},"excerpt":{"rendered":"<p>Gele\u017et\u0117s specifikacijos \u2013 GRIZZLY Plienas: rankomis kaltas Bulat \u2013 Wootz plienas Kietumas: 61-63 HRC Gele\u017et\u0117s ilgis: 140 mm \/ 5,51 colio Gele\u017et\u0117s storis: 3 mm \/ 0,12 colio Gele\u017et\u0117s plotis: 36 mm \/ 1,41 colio Bendras ilgis: 230 mm \/ 9,05 colio Bulat \u2013 Wootz Steel Anglies liejinys i\u0161 rankomis kalto plieno su specialia a\u0161men\u0173 strukt\u016bra, didelio kietumo, didesnio patvarumo ir elastingumo. Kiekviena Bulat plieno gele\u017et\u0117 turi savit\u0105 individual\u0173 ra\u0161t\u0105. \u201cAA knives\u201d gamina peilius i\u0161 legiruoto tiglinio Bulat plieno, kurio pagrind\u0105 sudaro metalas K340 ir k110. Peili\u0173 i\u0161 \u201cBulat\u201d plieno privalumai: Didelis kietumas Didesnis patvarumas Elastingumas Ilgalaikis a\u0161trumas Gele\u017et\u0117s kietumas&hellip;<\/p>\n","protected":false},"featured_media":46138,"template":"","meta":{"_themeisle_gutenberg_block_has_review":false},"product_brand":[],"product_cat":[374],"product_tag":[],"class_list":{"0":"post-46137","1":"product","2":"type-product","3":"status-publish","4":"has-post-thumbnail","6":"product_cat-geleztes","8":"first","9":"instock","10":"shipping-taxable","11":"purchasable","12":"product-type-simple"},"yoast_head":"<!-- This site is optimized with the Yoast SEO plugin v27.5 - https:\/\/yoast.com\/product\/yoast-seo-wordpress\/ -->\n<title>Gele\u017et\u0117 &quot;GRIZZLY&quot; - rankomis kaltas Bulat - Wootz plienas - AAKnives<\/title>\n<meta name=\"description\" content=\"Gele\u017et\u0117 &quot;GRIZZLY&quot; - rankomis kaltas Bulat - Wootz plienas\" \/>\n<meta name=\"robots\" content=\"index, follow, max-snippet:-1, max-image-preview:large, max-video-preview:-1\" \/>\n<link rel=\"canonical\" href=\"https:\/\/aaknives.eu\/lt\/product\/gelezte-grizzly-rankomis-kaltas-bulat-wootz-plienas\/\" \/>\n<meta property=\"og:locale\" content=\"lt_LT\" \/>\n<meta property=\"og:type\" content=\"article\" \/>\n<meta property=\"og:title\" content=\"Gele\u017et\u0117 &quot;GRIZZLY&quot; - rankomis kaltas Bulat - Wootz plienas - AAKnives\" \/>\n<meta property=\"og:description\" content=\"Gele\u017et\u0117 &quot;GRIZZLY&quot; - rankomis kaltas Bulat - Wootz plienas\" \/>\n<meta property=\"og:url\" content=\"https:\/\/aaknives.eu\/lt\/product\/gelezte-grizzly-rankomis-kaltas-bulat-wootz-plienas\/\" \/>\n<meta property=\"og:site_name\" content=\"AAKnives\" \/>\n<meta property=\"article:publisher\" content=\"https:\/\/www.facebook.com\/aaknives.eu\/\" \/>\n<meta property=\"og:image\" content=\"https:\/\/aaknives.eu\/wp-content\/uploads\/2023\/08\/aaknives-hand-forged-dabascus-steel-blade-knife-handmade-custom-made-knife-handcrafted-knives-autinetools-northmen-1-7.jpg\" \/>\n\t<meta property=\"og:image:width\" content=\"1020\" \/>\n\t<meta property=\"og:image:height\" content=\"880\" \/>\n\t<meta property=\"og:image:type\" content=\"image\/jpeg\" \/>\n<meta name=\"twitter:card\" content=\"summary_large_image\" \/>\n<meta name=\"twitter:label1\" content=\"Est. reading time\" \/>\n\t<meta name=\"twitter:data1\" content=\"1 minut\u0117\" \/>\n<script type=\"application\/ld+json\" class=\"yoast-schema-graph\">{\"@context\":\"https:\\\/\\\/schema.org\",\"@graph\":[{\"@type\":\"WebPage\",\"@id\":\"https:\\\/\\\/aaknives.eu\\\/lt\\\/product\\\/gelezte-grizzly-rankomis-kaltas-bulat-wootz-plienas\\\/\",\"url\":\"https:\\\/\\\/aaknives.eu\\\/lt\\\/product\\\/gelezte-grizzly-rankomis-kaltas-bulat-wootz-plienas\\\/\",\"name\":\"Gele\u017et\u0117 \\\"GRIZZLY\\\" - rankomis kaltas Bulat - Wootz plienas - AAKnives\",\"isPartOf\":{\"@id\":\"https:\\\/\\\/aaknives.eu\\\/lt\\\/#website\"},\"primaryImageOfPage\":{\"@id\":\"https:\\\/\\\/aaknives.eu\\\/lt\\\/product\\\/gelezte-grizzly-rankomis-kaltas-bulat-wootz-plienas\\\/#primaryimage\"},\"image\":{\"@id\":\"https:\\\/\\\/aaknives.eu\\\/lt\\\/product\\\/gelezte-grizzly-rankomis-kaltas-bulat-wootz-plienas\\\/#primaryimage\"},\"thumbnailUrl\":\"https:\\\/\\\/aaknives.eu\\\/wp-content\\\/uploads\\\/2023\\\/08\\\/aaknives-hand-forged-dabascus-steel-blade-knife-handmade-custom-made-knife-handcrafted-knives-autinetools-northmen-1-7.jpg\",\"datePublished\":\"2023-08-16T14:54:00+00:00\",\"description\":\"Gele\u017et\u0117 \\\"GRIZZLY\\\" - rankomis kaltas Bulat - Wootz plienas\",\"breadcrumb\":{\"@id\":\"https:\\\/\\\/aaknives.eu\\\/lt\\\/product\\\/gelezte-grizzly-rankomis-kaltas-bulat-wootz-plienas\\\/#breadcrumb\"},\"inLanguage\":\"lt-LT\",\"potentialAction\":[{\"@type\":\"ReadAction\",\"target\":[\"https:\\\/\\\/aaknives.eu\\\/lt\\\/product\\\/gelezte-grizzly-rankomis-kaltas-bulat-wootz-plienas\\\/\"]}]},{\"@type\":\"ImageObject\",\"inLanguage\":\"lt-LT\",\"@id\":\"https:\\\/\\\/aaknives.eu\\\/lt\\\/product\\\/gelezte-grizzly-rankomis-kaltas-bulat-wootz-plienas\\\/#primaryimage\",\"url\":\"https:\\\/\\\/aaknives.eu\\\/wp-content\\\/uploads\\\/2023\\\/08\\\/aaknives-hand-forged-dabascus-steel-blade-knife-handmade-custom-made-knife-handcrafted-knives-autinetools-northmen-1-7.jpg\",\"contentUrl\":\"https:\\\/\\\/aaknives.eu\\\/wp-content\\\/uploads\\\/2023\\\/08\\\/aaknives-hand-forged-dabascus-steel-blade-knife-handmade-custom-made-knife-handcrafted-knives-autinetools-northmen-1-7.jpg\",\"width\":1020,\"height\":880,\"caption\":\"aaknives hand forged dabascus steel blade knife handmade custom made knife handcrafted knives autinetools northmen 1 7\"},{\"@type\":\"BreadcrumbList\",\"@id\":\"https:\\\/\\\/aaknives.eu\\\/lt\\\/product\\\/gelezte-grizzly-rankomis-kaltas-bulat-wootz-plienas\\\/#breadcrumb\",\"itemListElement\":[{\"@type\":\"ListItem\",\"position\":1,\"name\":\"Home\",\"item\":\"https:\\\/\\\/aaknives.eu\\\/lt\\\/\"},{\"@type\":\"ListItem\",\"position\":2,\"name\":\"Parduotuv\u0117\",\"item\":\"https:\\\/\\\/aaknives.eu\\\/parduotuve\\\/\"},{\"@type\":\"ListItem\",\"position\":3,\"name\":\"Gele\u017et\u0117 &#8220;GRIZZLY&#8221; &#8211; rankomis kaltas Bulat &#8211; Wootz plienas\"}]},{\"@type\":\"WebSite\",\"@id\":\"https:\\\/\\\/aaknives.eu\\\/lt\\\/#website\",\"url\":\"https:\\\/\\\/aaknives.eu\\\/lt\\\/\",\"name\":\"AAKnives\",\"description\":\"Handmade knives\",\"publisher\":{\"@id\":\"https:\\\/\\\/aaknives.eu\\\/lt\\\/#organization\"},\"alternateName\":\"Anri Ananin Knives\",\"potentialAction\":[{\"@type\":\"SearchAction\",\"target\":{\"@type\":\"EntryPoint\",\"urlTemplate\":\"https:\\\/\\\/aaknives.eu\\\/lt\\\/?s={search_term_string}\"},\"query-input\":{\"@type\":\"PropertyValueSpecification\",\"valueRequired\":true,\"valueName\":\"search_term_string\"}}],\"inLanguage\":\"lt-LT\"},{\"@type\":\"Organization\",\"@id\":\"https:\\\/\\\/aaknives.eu\\\/lt\\\/#organization\",\"name\":\"AAKnives\",\"url\":\"https:\\\/\\\/aaknives.eu\\\/lt\\\/\",\"logo\":{\"@type\":\"ImageObject\",\"inLanguage\":\"lt-LT\",\"@id\":\"https:\\\/\\\/aaknives.eu\\\/lt\\\/#\\\/schema\\\/logo\\\/image\\\/\",\"url\":\"https:\\\/\\\/aaknives.eu\\\/wp-content\\\/uploads\\\/2021\\\/10\\\/AAknives_Logo_Green.png\",\"contentUrl\":\"https:\\\/\\\/aaknives.eu\\\/wp-content\\\/uploads\\\/2021\\\/10\\\/AAknives_Logo_Green.png\",\"width\":1768,\"height\":1768,\"caption\":\"AAKnives\"},\"image\":{\"@id\":\"https:\\\/\\\/aaknives.eu\\\/lt\\\/#\\\/schema\\\/logo\\\/image\\\/\"},\"sameAs\":[\"https:\\\/\\\/www.facebook.com\\\/aaknives.eu\\\/\",\"https:\\\/\\\/www.instagram.com\\\/aaknives\\\/\",\"https:\\\/\\\/www.pinterest.com\\\/aa_knives\\\/\",\"https:\\\/\\\/www.youtube.com\\\/@aaknives9518\"]}]}<\/script>\n<!-- \/ Yoast SEO plugin. -->","yoast_head_json":{"title":"Gele\u017et\u0117 \"GRIZZLY\" - rankomis kaltas Bulat - Wootz plienas - AAKnives","description":"Gele\u017et\u0117 \"GRIZZLY\" - rankomis kaltas Bulat - Wootz plienas","robots":{"index":"index","follow":"follow","max-snippet":"max-snippet:-1","max-image-preview":"max-image-preview:large","max-video-preview":"max-video-preview:-1"},"canonical":"https:\/\/aaknives.eu\/lt\/product\/gelezte-grizzly-rankomis-kaltas-bulat-wootz-plienas\/","og_locale":"lt_LT","og_type":"article","og_title":"Gele\u017et\u0117 \"GRIZZLY\" - rankomis kaltas Bulat - Wootz plienas - AAKnives","og_description":"Gele\u017et\u0117 \"GRIZZLY\" - rankomis kaltas Bulat - Wootz plienas","og_url":"https:\/\/aaknives.eu\/lt\/product\/gelezte-grizzly-rankomis-kaltas-bulat-wootz-plienas\/","og_site_name":"AAKnives","article_publisher":"https:\/\/www.facebook.com\/aaknives.eu\/","og_image":[{"width":1020,"height":880,"url":"https:\/\/aaknives.eu\/wp-content\/uploads\/2023\/08\/aaknives-hand-forged-dabascus-steel-blade-knife-handmade-custom-made-knife-handcrafted-knives-autinetools-northmen-1-7.jpg","type":"image\/jpeg"}],"twitter_card":"summary_large_image","twitter_misc":{"Est. reading time":"1 minut\u0117"},"schema":{"@context":"https:\/\/schema.org","@graph":[{"@type":"WebPage","@id":"https:\/\/aaknives.eu\/lt\/product\/gelezte-grizzly-rankomis-kaltas-bulat-wootz-plienas\/","url":"https:\/\/aaknives.eu\/lt\/product\/gelezte-grizzly-rankomis-kaltas-bulat-wootz-plienas\/","name":"Gele\u017et\u0117 \"GRIZZLY\" - rankomis kaltas Bulat - Wootz plienas - AAKnives","isPartOf":{"@id":"https:\/\/aaknives.eu\/lt\/#website"},"primaryImageOfPage":{"@id":"https:\/\/aaknives.eu\/lt\/product\/gelezte-grizzly-rankomis-kaltas-bulat-wootz-plienas\/#primaryimage"},"image":{"@id":"https:\/\/aaknives.eu\/lt\/product\/gelezte-grizzly-rankomis-kaltas-bulat-wootz-plienas\/#primaryimage"},"thumbnailUrl":"https:\/\/aaknives.eu\/wp-content\/uploads\/2023\/08\/aaknives-hand-forged-dabascus-steel-blade-knife-handmade-custom-made-knife-handcrafted-knives-autinetools-northmen-1-7.jpg","datePublished":"2023-08-16T14:54:00+00:00","description":"Gele\u017et\u0117 \"GRIZZLY\" - rankomis kaltas Bulat - Wootz plienas","breadcrumb":{"@id":"https:\/\/aaknives.eu\/lt\/product\/gelezte-grizzly-rankomis-kaltas-bulat-wootz-plienas\/#breadcrumb"},"inLanguage":"lt-LT","potentialAction":[{"@type":"ReadAction","target":["https:\/\/aaknives.eu\/lt\/product\/gelezte-grizzly-rankomis-kaltas-bulat-wootz-plienas\/"]}]},{"@type":"ImageObject","inLanguage":"lt-LT","@id":"https:\/\/aaknives.eu\/lt\/product\/gelezte-grizzly-rankomis-kaltas-bulat-wootz-plienas\/#primaryimage","url":"https:\/\/aaknives.eu\/wp-content\/uploads\/2023\/08\/aaknives-hand-forged-dabascus-steel-blade-knife-handmade-custom-made-knife-handcrafted-knives-autinetools-northmen-1-7.jpg","contentUrl":"https:\/\/aaknives.eu\/wp-content\/uploads\/2023\/08\/aaknives-hand-forged-dabascus-steel-blade-knife-handmade-custom-made-knife-handcrafted-knives-autinetools-northmen-1-7.jpg","width":1020,"height":880,"caption":"aaknives hand forged dabascus steel blade knife handmade custom made knife handcrafted knives autinetools northmen 1 7"},{"@type":"BreadcrumbList","@id":"https:\/\/aaknives.eu\/lt\/product\/gelezte-grizzly-rankomis-kaltas-bulat-wootz-plienas\/#breadcrumb","itemListElement":[{"@type":"ListItem","position":1,"name":"Home","item":"https:\/\/aaknives.eu\/lt\/"},{"@type":"ListItem","position":2,"name":"Parduotuv\u0117","item":"https:\/\/aaknives.eu\/parduotuve\/"},{"@type":"ListItem","position":3,"name":"Gele\u017et\u0117 &#8220;GRIZZLY&#8221; &#8211; rankomis kaltas Bulat &#8211; Wootz plienas"}]},{"@type":"WebSite","@id":"https:\/\/aaknives.eu\/lt\/#website","url":"https:\/\/aaknives.eu\/lt\/","name":"AAKnives","description":"Handmade knives","publisher":{"@id":"https:\/\/aaknives.eu\/lt\/#organization"},"alternateName":"Anri Ananin Knives","potentialAction":[{"@type":"SearchAction","target":{"@type":"EntryPoint","urlTemplate":"https:\/\/aaknives.eu\/lt\/?s={search_term_string}"},"query-input":{"@type":"PropertyValueSpecification","valueRequired":true,"valueName":"search_term_string"}}],"inLanguage":"lt-LT"},{"@type":"Organization","@id":"https:\/\/aaknives.eu\/lt\/#organization","name":"AAKnives","url":"https:\/\/aaknives.eu\/lt\/","logo":{"@type":"ImageObject","inLanguage":"lt-LT","@id":"https:\/\/aaknives.eu\/lt\/#\/schema\/logo\/image\/","url":"https:\/\/aaknives.eu\/wp-content\/uploads\/2021\/10\/AAknives_Logo_Green.png","contentUrl":"https:\/\/aaknives.eu\/wp-content\/uploads\/2021\/10\/AAknives_Logo_Green.png","width":1768,"height":1768,"caption":"AAKnives"},"image":{"@id":"https:\/\/aaknives.eu\/lt\/#\/schema\/logo\/image\/"},"sameAs":["https:\/\/www.facebook.com\/aaknives.eu\/","https:\/\/www.instagram.com\/aaknives\/","https:\/\/www.pinterest.com\/aa_knives\/","https:\/\/www.youtube.com\/@aaknives9518"]}]}},"_links":{"self":[{"href":"https:\/\/aaknives.eu\/lt\/wp-json\/wp\/v2\/product\/46137","targetHints":{"allow":["GET"]}}],"collection":[{"href":"https:\/\/aaknives.eu\/lt\/wp-json\/wp\/v2\/product"}],"about":[{"href":"https:\/\/aaknives.eu\/lt\/wp-json\/wp\/v2\/types\/product"}],"wp:featuredmedia":[{"embeddable":true,"href":"https:\/\/aaknives.eu\/lt\/wp-json\/wp\/v2\/media\/46138"}],"wp:attachment":[{"href":"https:\/\/aaknives.eu\/lt\/wp-json\/wp\/v2\/media?parent=46137"}],"wp:term":[{"taxonomy":"product_brand","embeddable":true,"href":"https:\/\/aaknives.eu\/lt\/wp-json\/wp\/v2\/product_brand?post=46137"},{"taxonomy":"product_cat","embeddable":true,"href":"https:\/\/aaknives.eu\/lt\/wp-json\/wp\/v2\/product_cat?post=46137"},{"taxonomy":"product_tag","embeddable":true,"href":"https:\/\/aaknives.eu\/lt\/wp-json\/wp\/v2\/product_tag?post=46137"}],"curies":[{"name":"wp","href":"https:\/\/api.w.org\/{rel}","templated":true}]}}