{"id":46169,"date":"2023-08-15T17:13:38","date_gmt":"2023-08-15T17:13:38","guid":{"rendered":"https:\/\/aaknives.eu\/product\/damasko-plieno-gelezte-mountaineeper-kaltinis-damasko-plienas-450-600-sluoksniu\/"},"modified":"2023-08-15T17:13:38","modified_gmt":"2023-08-15T17:13:38","slug":"damasko-plieno-gelezte-mountaineeper-kaltinis-damasko-plienas-450-600-sluoksniu","status":"publish","type":"product","link":"https:\/\/aaknives.eu\/lt\/product\/damasko-plieno-gelezte-mountaineeper-kaltinis-damasko-plienas-450-600-sluoksniu\/","title":{"rendered":"Damasko plieno gele\u017et\u0117 &#8220;MOUNTAINEEPER&#8221; &#8211; kaltinis damasko plienas, 450 &#8211; 600 sluoksni\u0173"},"content":{"rendered":"<p>Gele\u017et\u0117s specifikacijos &#8211; MOUNTAINEEPER<br \/>\nPlienas: Damasko plieno med\u017eioklinis peilis, (HVG, U10, ShH15), 450-600 sluoksni\u0173<br \/>\nKietumas: 60-62 HRC<br \/>\nGele\u017et\u0117s ilgis: 124 mm \/ 4,88 colio<br \/>\nGele\u017et\u0117s storis: 3 mm \/ 0,07 colio<br \/>\nGele\u017et\u0117s plotis: 31 mm \/ 1,22 colio<br \/>\nBendras ilgis: 212 mm \/ 8,34 colio<\/p>\n<p>&nbsp;<\/p>\n<p>Rankomis kalti damaskinio plieno a\u0161menys, sukurti i\u0161 skirtingo kietumo ir klampumo plien\u0173, kurie tam tikra tvarka sudedami \u012f plok\u0161tel\u0119. Po to plok\u0161t\u0117 pakartotinai perlydoma, tod\u0117l susidaro sluoksniai ir unikalus ra\u0161tas.<br \/>\nSud\u0117tingas technologinis procesas atliekamas rankiniu b\u016bdu. Tokiu b\u016bdu gautas plienas pasi\u017eymi didesniu stiprumu, dideliu kietumu, puikiomis pjovimo savyb\u0117mis ir gro\u017eiu.<br \/>\nDamasko gele\u017et\u0117 turi daugiau kaip 450 sluoksni\u0173.<br \/>\nPaketas Damasko plieno a\u0161menys ShH15 + HVG + U10 A, termin\u0117 i\u0161rai\u0161ka 860 \u00b0 C<\/p>\n<p>Damasko a\u0161men\u0173 peili\u0173 privalumai:<br \/>\nDidesnis stiprumas<br \/>\nDidelis kietumas<br \/>\nPuikios pjovimo savyb\u0117s<br \/>\nGra\u017eus dizainas<br \/>\nIlgalaikis a\u0161trumas<\/p>\n<p>Gele\u017et\u0117s kietumas 60-62 HRC.<br \/>\nNestandartinis peilis, rank\u0173 darbo peilis, rank\u0173 darbo peilis, rank\u0173 darbo peilis, rank\u0173 darbo peilis<\/p>\n","protected":false},"excerpt":{"rendered":"<p>Gele\u017et\u0117s specifikacijos &#8211; MOUNTAINEEPER Plienas: Damasko plieno med\u017eioklinis peilis, (HVG, U10, ShH15), 450-600 sluoksni\u0173 Kietumas: 60-62 HRC Gele\u017et\u0117s ilgis: 124 mm \/ 4,88 colio Gele\u017et\u0117s storis: 3 mm \/ 0,07 colio Gele\u017et\u0117s plotis: 31 mm \/ 1,22 colio Bendras ilgis: 212 mm \/ 8,34 colio &nbsp; Rankomis kalti damaskinio plieno a\u0161menys, sukurti i\u0161 skirtingo kietumo ir klampumo plien\u0173, kurie tam tikra tvarka sudedami \u012f plok\u0161tel\u0119. Po to plok\u0161t\u0117 pakartotinai perlydoma, tod\u0117l susidaro sluoksniai ir unikalus ra\u0161tas. Sud\u0117tingas technologinis procesas atliekamas rankiniu b\u016bdu. Tokiu b\u016bdu gautas plienas pasi\u017eymi didesniu stiprumu, dideliu kietumu, puikiomis pjovimo savyb\u0117mis ir gro\u017eiu. Damasko gele\u017et\u0117 turi daugiau&hellip;<\/p>\n","protected":false},"featured_media":46170,"template":"","meta":{"_themeisle_gutenberg_block_has_review":false},"product_brand":[],"product_cat":[374],"product_tag":[],"class_list":{"0":"post-46169","1":"product","2":"type-product","3":"status-publish","4":"has-post-thumbnail","6":"product_cat-geleztes","8":"first","9":"instock","10":"shipping-taxable","11":"purchasable","12":"product-type-simple"},"yoast_head":"<!-- This site is optimized with the Yoast SEO plugin v27.3 - https:\/\/yoast.com\/product\/yoast-seo-wordpress\/ -->\n<title>Damasko plieno gele\u017et\u0117 &quot;MOUNTAINEEPER&quot; - kaltinis damasko plienas, 450 - 600 sluoksni\u0173 - AAKnives<\/title>\n<meta name=\"description\" content=\"Damasko plieno gele\u017et\u0117 &quot;MOUNTAINEEPER&quot; - kaltinis damasko plienas, 450 - 600 sluoksni\u0173\" \/>\n<meta name=\"robots\" content=\"index, follow, max-snippet:-1, max-image-preview:large, max-video-preview:-1\" \/>\n<link rel=\"canonical\" href=\"https:\/\/aaknives.eu\/lt\/product\/damasko-plieno-gelezte-mountaineeper-kaltinis-damasko-plienas-450-600-sluoksniu\/\" \/>\n<meta property=\"og:locale\" content=\"lt_LT\" \/>\n<meta property=\"og:type\" content=\"article\" \/>\n<meta property=\"og:title\" content=\"Damasko plieno gele\u017et\u0117 &quot;MOUNTAINEEPER&quot; - kaltinis damasko plienas, 450 - 600 sluoksni\u0173 - AAKnives\" \/>\n<meta property=\"og:description\" content=\"Damasko plieno gele\u017et\u0117 &quot;MOUNTAINEEPER&quot; - kaltinis damasko plienas, 450 - 600 sluoksni\u0173\" \/>\n<meta property=\"og:url\" content=\"https:\/\/aaknives.eu\/lt\/product\/damasko-plieno-gelezte-mountaineeper-kaltinis-damasko-plienas-450-600-sluoksniu\/\" \/>\n<meta property=\"og:site_name\" content=\"AAKnives\" \/>\n<meta property=\"article:publisher\" content=\"https:\/\/www.facebook.com\/aaknives.eu\/\" \/>\n<meta property=\"og:image\" content=\"https:\/\/aaknives.eu\/wp-content\/uploads\/2023\/08\/aaknives-hand-forged-dabascus-steel-blade-knife-handmade-custom-made-knife-handcrafted-knives-autinetools-northmen-1-15.jpg\" \/>\n\t<meta property=\"og:image:width\" content=\"1020\" \/>\n\t<meta property=\"og:image:height\" content=\"880\" \/>\n\t<meta property=\"og:image:type\" content=\"image\/jpeg\" \/>\n<meta name=\"twitter:card\" content=\"summary_large_image\" \/>\n<meta name=\"twitter:label1\" content=\"Est. reading time\" \/>\n\t<meta name=\"twitter:data1\" content=\"1 minut\u0117\" \/>\n<script type=\"application\/ld+json\" class=\"yoast-schema-graph\">{\"@context\":\"https:\\\/\\\/schema.org\",\"@graph\":[{\"@type\":\"WebPage\",\"@id\":\"https:\\\/\\\/aaknives.eu\\\/lt\\\/product\\\/damasko-plieno-gelezte-mountaineeper-kaltinis-damasko-plienas-450-600-sluoksniu\\\/\",\"url\":\"https:\\\/\\\/aaknives.eu\\\/lt\\\/product\\\/damasko-plieno-gelezte-mountaineeper-kaltinis-damasko-plienas-450-600-sluoksniu\\\/\",\"name\":\"Damasko plieno gele\u017et\u0117 \\\"MOUNTAINEEPER\\\" - kaltinis damasko plienas, 450 - 600 sluoksni\u0173 - AAKnives\",\"isPartOf\":{\"@id\":\"https:\\\/\\\/aaknives.eu\\\/lt\\\/#website\"},\"primaryImageOfPage\":{\"@id\":\"https:\\\/\\\/aaknives.eu\\\/lt\\\/product\\\/damasko-plieno-gelezte-mountaineeper-kaltinis-damasko-plienas-450-600-sluoksniu\\\/#primaryimage\"},\"image\":{\"@id\":\"https:\\\/\\\/aaknives.eu\\\/lt\\\/product\\\/damasko-plieno-gelezte-mountaineeper-kaltinis-damasko-plienas-450-600-sluoksniu\\\/#primaryimage\"},\"thumbnailUrl\":\"https:\\\/\\\/aaknives.eu\\\/wp-content\\\/uploads\\\/2023\\\/08\\\/aaknives-hand-forged-dabascus-steel-blade-knife-handmade-custom-made-knife-handcrafted-knives-autinetools-northmen-1-15.jpg\",\"datePublished\":\"2023-08-15T17:13:38+00:00\",\"description\":\"Damasko plieno gele\u017et\u0117 \\\"MOUNTAINEEPER\\\" - kaltinis damasko plienas, 450 - 600 sluoksni\u0173\",\"breadcrumb\":{\"@id\":\"https:\\\/\\\/aaknives.eu\\\/lt\\\/product\\\/damasko-plieno-gelezte-mountaineeper-kaltinis-damasko-plienas-450-600-sluoksniu\\\/#breadcrumb\"},\"inLanguage\":\"lt-LT\",\"potentialAction\":[{\"@type\":\"ReadAction\",\"target\":[\"https:\\\/\\\/aaknives.eu\\\/lt\\\/product\\\/damasko-plieno-gelezte-mountaineeper-kaltinis-damasko-plienas-450-600-sluoksniu\\\/\"]}]},{\"@type\":\"ImageObject\",\"inLanguage\":\"lt-LT\",\"@id\":\"https:\\\/\\\/aaknives.eu\\\/lt\\\/product\\\/damasko-plieno-gelezte-mountaineeper-kaltinis-damasko-plienas-450-600-sluoksniu\\\/#primaryimage\",\"url\":\"https:\\\/\\\/aaknives.eu\\\/wp-content\\\/uploads\\\/2023\\\/08\\\/aaknives-hand-forged-dabascus-steel-blade-knife-handmade-custom-made-knife-handcrafted-knives-autinetools-northmen-1-15.jpg\",\"contentUrl\":\"https:\\\/\\\/aaknives.eu\\\/wp-content\\\/uploads\\\/2023\\\/08\\\/aaknives-hand-forged-dabascus-steel-blade-knife-handmade-custom-made-knife-handcrafted-knives-autinetools-northmen-1-15.jpg\",\"width\":1020,\"height\":880,\"caption\":\"aaknives hand forged dabascus steel blade knife handmade custom made knife handcrafted knives autinetools northmen 1 15\"},{\"@type\":\"BreadcrumbList\",\"@id\":\"https:\\\/\\\/aaknives.eu\\\/lt\\\/product\\\/damasko-plieno-gelezte-mountaineeper-kaltinis-damasko-plienas-450-600-sluoksniu\\\/#breadcrumb\",\"itemListElement\":[{\"@type\":\"ListItem\",\"position\":1,\"name\":\"Home\",\"item\":\"https:\\\/\\\/aaknives.eu\\\/lt\\\/\"},{\"@type\":\"ListItem\",\"position\":2,\"name\":\"Parduotuv\u0117\",\"item\":\"https:\\\/\\\/aaknives.eu\\\/parduotuve\\\/\"},{\"@type\":\"ListItem\",\"position\":3,\"name\":\"Damasko plieno gele\u017et\u0117 &#8220;MOUNTAINEEPER&#8221; &#8211; kaltinis damasko plienas, 450 &#8211; 600 sluoksni\u0173\"}]},{\"@type\":\"WebSite\",\"@id\":\"https:\\\/\\\/aaknives.eu\\\/lt\\\/#website\",\"url\":\"https:\\\/\\\/aaknives.eu\\\/lt\\\/\",\"name\":\"AAKnives\",\"description\":\"Handmade knives\",\"publisher\":{\"@id\":\"https:\\\/\\\/aaknives.eu\\\/lt\\\/#organization\"},\"potentialAction\":[{\"@type\":\"SearchAction\",\"target\":{\"@type\":\"EntryPoint\",\"urlTemplate\":\"https:\\\/\\\/aaknives.eu\\\/lt\\\/?s={search_term_string}\"},\"query-input\":{\"@type\":\"PropertyValueSpecification\",\"valueRequired\":true,\"valueName\":\"search_term_string\"}}],\"inLanguage\":\"lt-LT\"},{\"@type\":\"Organization\",\"@id\":\"https:\\\/\\\/aaknives.eu\\\/lt\\\/#organization\",\"name\":\"AAKnives\",\"url\":\"https:\\\/\\\/aaknives.eu\\\/lt\\\/\",\"logo\":{\"@type\":\"ImageObject\",\"inLanguage\":\"lt-LT\",\"@id\":\"https:\\\/\\\/aaknives.eu\\\/lt\\\/#\\\/schema\\\/logo\\\/image\\\/\",\"url\":\"https:\\\/\\\/aaknives.eu\\\/wp-content\\\/uploads\\\/2021\\\/10\\\/AAknives_Logo_Green.png\",\"contentUrl\":\"https:\\\/\\\/aaknives.eu\\\/wp-content\\\/uploads\\\/2021\\\/10\\\/AAknives_Logo_Green.png\",\"width\":1768,\"height\":1768,\"caption\":\"AAKnives\"},\"image\":{\"@id\":\"https:\\\/\\\/aaknives.eu\\\/lt\\\/#\\\/schema\\\/logo\\\/image\\\/\"},\"sameAs\":[\"https:\\\/\\\/www.facebook.com\\\/aaknives.eu\\\/\",\"https:\\\/\\\/www.instagram.com\\\/aaknives\\\/\",\"https:\\\/\\\/www.pinterest.com\\\/aa_knives\\\/\",\"https:\\\/\\\/www.youtube.com\\\/channel\\\/UCHOQFjrOkgT6s4FIw9LDKyw\\\/featured\"]}]}<\/script>\n<!-- \/ Yoast SEO plugin. -->","yoast_head_json":{"title":"Damasko plieno gele\u017et\u0117 \"MOUNTAINEEPER\" - kaltinis damasko plienas, 450 - 600 sluoksni\u0173 - AAKnives","description":"Damasko plieno gele\u017et\u0117 \"MOUNTAINEEPER\" - kaltinis damasko plienas, 450 - 600 sluoksni\u0173","robots":{"index":"index","follow":"follow","max-snippet":"max-snippet:-1","max-image-preview":"max-image-preview:large","max-video-preview":"max-video-preview:-1"},"canonical":"https:\/\/aaknives.eu\/lt\/product\/damasko-plieno-gelezte-mountaineeper-kaltinis-damasko-plienas-450-600-sluoksniu\/","og_locale":"lt_LT","og_type":"article","og_title":"Damasko plieno gele\u017et\u0117 \"MOUNTAINEEPER\" - kaltinis damasko plienas, 450 - 600 sluoksni\u0173 - AAKnives","og_description":"Damasko plieno gele\u017et\u0117 \"MOUNTAINEEPER\" - kaltinis damasko plienas, 450 - 600 sluoksni\u0173","og_url":"https:\/\/aaknives.eu\/lt\/product\/damasko-plieno-gelezte-mountaineeper-kaltinis-damasko-plienas-450-600-sluoksniu\/","og_site_name":"AAKnives","article_publisher":"https:\/\/www.facebook.com\/aaknives.eu\/","og_image":[{"width":1020,"height":880,"url":"https:\/\/aaknives.eu\/wp-content\/uploads\/2023\/08\/aaknives-hand-forged-dabascus-steel-blade-knife-handmade-custom-made-knife-handcrafted-knives-autinetools-northmen-1-15.jpg","type":"image\/jpeg"}],"twitter_card":"summary_large_image","twitter_misc":{"Est. reading time":"1 minut\u0117"},"schema":{"@context":"https:\/\/schema.org","@graph":[{"@type":"WebPage","@id":"https:\/\/aaknives.eu\/lt\/product\/damasko-plieno-gelezte-mountaineeper-kaltinis-damasko-plienas-450-600-sluoksniu\/","url":"https:\/\/aaknives.eu\/lt\/product\/damasko-plieno-gelezte-mountaineeper-kaltinis-damasko-plienas-450-600-sluoksniu\/","name":"Damasko plieno gele\u017et\u0117 \"MOUNTAINEEPER\" - kaltinis damasko plienas, 450 - 600 sluoksni\u0173 - AAKnives","isPartOf":{"@id":"https:\/\/aaknives.eu\/lt\/#website"},"primaryImageOfPage":{"@id":"https:\/\/aaknives.eu\/lt\/product\/damasko-plieno-gelezte-mountaineeper-kaltinis-damasko-plienas-450-600-sluoksniu\/#primaryimage"},"image":{"@id":"https:\/\/aaknives.eu\/lt\/product\/damasko-plieno-gelezte-mountaineeper-kaltinis-damasko-plienas-450-600-sluoksniu\/#primaryimage"},"thumbnailUrl":"https:\/\/aaknives.eu\/wp-content\/uploads\/2023\/08\/aaknives-hand-forged-dabascus-steel-blade-knife-handmade-custom-made-knife-handcrafted-knives-autinetools-northmen-1-15.jpg","datePublished":"2023-08-15T17:13:38+00:00","description":"Damasko plieno gele\u017et\u0117 \"MOUNTAINEEPER\" - kaltinis damasko plienas, 450 - 600 sluoksni\u0173","breadcrumb":{"@id":"https:\/\/aaknives.eu\/lt\/product\/damasko-plieno-gelezte-mountaineeper-kaltinis-damasko-plienas-450-600-sluoksniu\/#breadcrumb"},"inLanguage":"lt-LT","potentialAction":[{"@type":"ReadAction","target":["https:\/\/aaknives.eu\/lt\/product\/damasko-plieno-gelezte-mountaineeper-kaltinis-damasko-plienas-450-600-sluoksniu\/"]}]},{"@type":"ImageObject","inLanguage":"lt-LT","@id":"https:\/\/aaknives.eu\/lt\/product\/damasko-plieno-gelezte-mountaineeper-kaltinis-damasko-plienas-450-600-sluoksniu\/#primaryimage","url":"https:\/\/aaknives.eu\/wp-content\/uploads\/2023\/08\/aaknives-hand-forged-dabascus-steel-blade-knife-handmade-custom-made-knife-handcrafted-knives-autinetools-northmen-1-15.jpg","contentUrl":"https:\/\/aaknives.eu\/wp-content\/uploads\/2023\/08\/aaknives-hand-forged-dabascus-steel-blade-knife-handmade-custom-made-knife-handcrafted-knives-autinetools-northmen-1-15.jpg","width":1020,"height":880,"caption":"aaknives hand forged dabascus steel blade knife handmade custom made knife handcrafted knives autinetools northmen 1 15"},{"@type":"BreadcrumbList","@id":"https:\/\/aaknives.eu\/lt\/product\/damasko-plieno-gelezte-mountaineeper-kaltinis-damasko-plienas-450-600-sluoksniu\/#breadcrumb","itemListElement":[{"@type":"ListItem","position":1,"name":"Home","item":"https:\/\/aaknives.eu\/lt\/"},{"@type":"ListItem","position":2,"name":"Parduotuv\u0117","item":"https:\/\/aaknives.eu\/parduotuve\/"},{"@type":"ListItem","position":3,"name":"Damasko plieno gele\u017et\u0117 &#8220;MOUNTAINEEPER&#8221; &#8211; kaltinis damasko plienas, 450 &#8211; 600 sluoksni\u0173"}]},{"@type":"WebSite","@id":"https:\/\/aaknives.eu\/lt\/#website","url":"https:\/\/aaknives.eu\/lt\/","name":"AAKnives","description":"Handmade knives","publisher":{"@id":"https:\/\/aaknives.eu\/lt\/#organization"},"potentialAction":[{"@type":"SearchAction","target":{"@type":"EntryPoint","urlTemplate":"https:\/\/aaknives.eu\/lt\/?s={search_term_string}"},"query-input":{"@type":"PropertyValueSpecification","valueRequired":true,"valueName":"search_term_string"}}],"inLanguage":"lt-LT"},{"@type":"Organization","@id":"https:\/\/aaknives.eu\/lt\/#organization","name":"AAKnives","url":"https:\/\/aaknives.eu\/lt\/","logo":{"@type":"ImageObject","inLanguage":"lt-LT","@id":"https:\/\/aaknives.eu\/lt\/#\/schema\/logo\/image\/","url":"https:\/\/aaknives.eu\/wp-content\/uploads\/2021\/10\/AAknives_Logo_Green.png","contentUrl":"https:\/\/aaknives.eu\/wp-content\/uploads\/2021\/10\/AAknives_Logo_Green.png","width":1768,"height":1768,"caption":"AAKnives"},"image":{"@id":"https:\/\/aaknives.eu\/lt\/#\/schema\/logo\/image\/"},"sameAs":["https:\/\/www.facebook.com\/aaknives.eu\/","https:\/\/www.instagram.com\/aaknives\/","https:\/\/www.pinterest.com\/aa_knives\/","https:\/\/www.youtube.com\/channel\/UCHOQFjrOkgT6s4FIw9LDKyw\/featured"]}]}},"_links":{"self":[{"href":"https:\/\/aaknives.eu\/lt\/wp-json\/wp\/v2\/product\/46169","targetHints":{"allow":["GET"]}}],"collection":[{"href":"https:\/\/aaknives.eu\/lt\/wp-json\/wp\/v2\/product"}],"about":[{"href":"https:\/\/aaknives.eu\/lt\/wp-json\/wp\/v2\/types\/product"}],"wp:featuredmedia":[{"embeddable":true,"href":"https:\/\/aaknives.eu\/lt\/wp-json\/wp\/v2\/media\/46170"}],"wp:attachment":[{"href":"https:\/\/aaknives.eu\/lt\/wp-json\/wp\/v2\/media?parent=46169"}],"wp:term":[{"taxonomy":"product_brand","embeddable":true,"href":"https:\/\/aaknives.eu\/lt\/wp-json\/wp\/v2\/product_brand?post=46169"},{"taxonomy":"product_cat","embeddable":true,"href":"https:\/\/aaknives.eu\/lt\/wp-json\/wp\/v2\/product_cat?post=46169"},{"taxonomy":"product_tag","embeddable":true,"href":"https:\/\/aaknives.eu\/lt\/wp-json\/wp\/v2\/product_tag?post=46169"}],"curies":[{"name":"wp","href":"https:\/\/api.w.org\/{rel}","templated":true}]}}