{"id":46209,"date":"2023-08-15T16:33:17","date_gmt":"2023-08-15T16:33:17","guid":{"rendered":"https:\/\/aaknives.eu\/product\/borido-t2-rekomenduojamu-akmenu-rinkinys\/"},"modified":"2026-01-14T18:55:16","modified_gmt":"2026-01-14T18:55:16","slug":"borido-t2-rekomenduojamu-akmenu-rinkinys","status":"publish","type":"product","link":"https:\/\/aaknives.eu\/lt\/product\/borido-t2-rekomenduojamu-akmenu-rinkinys\/","title":{"rendered":"Borido T2 rekomenduojam\u0173 akmen\u0173 rinkinys"},"content":{"rendered":"<p>Borido T2 serijos \u0161lifavimo akmenys yra puik\u016bs aliuminio oksido akmenys, pagaminti labai tvirta jungtimi. D\u0117l specialaus impregnavimo vidutinio kietumo T2 serija greitai pjauna ir sukuria \u0161ilkin\u012f matin\u012f pavir\u0161i\u0173. Rinkin\u012f sudaro 5 akmenys, kuri\u0173 gr\u016bd\u0117tumas: 150; 220; 400; 800; 1200, kuri\u0173 u\u017etenka visiems galandinimo etapams &#8211; nuo nu\u0161lifavimo iki galutinio \u0161lifavimo. Sklandus gr\u016bd\u0117tumo ma\u017einimas, nuo akmens iki akmens, u\u017etikrina veiksming\u0105 galandim\u0105 su minimaliomis laiko s\u0105naudomis.<\/p>\n<p>T2 serijos akmenys yra special\u016bs akmenys, skirti auk\u0161to lydinio \u012frankiniam plienui ir auk\u0161tos kokyb\u0117s plienui. D\u0117l didelio na\u0161umo ir nedidelio nusid\u0117v\u0117jimo \u0161i &#8220;Boride&#8221; serijos akmen\u0173 serija pripa\u017e\u012fstama kaip geriausia ner\u016bdijan\u010dio plieno peiliams gal\u0105sti.<\/p>\n<p>Galite dirbti ir sausai, ir su paprastu vandeniu (arba su trupu\u010diu muilo). Galandant \/ apdailinant nerekomenduojama naudoti j\u0117gos ir spaudimo!<\/p>\n<p>Nereikalauja ypatingos prie\u017ei\u016bros. Valoma po tekan\u010diu vandeniu su muiluotu stand\u017eiu \u0161epet\u0117liu (gali b\u016bti dant\u0173 \u0161epet\u0117lis). I\u0161lyginkite po formavimo ant silicio karbido.<\/p>\n<p>Pastaba: Boridiniai akmenys gali tur\u0117ti \u0161iuos defektus: pj\u016bklo p\u0117dsakai ant darbinio pavir\u0161iaus, ne\u017eymios atplai\u0161os kampuose ir briaunose (ne didesn\u0117s kaip 1 mm).<\/p>\n","protected":false},"excerpt":{"rendered":"<p>Borido T2 serijos \u0161lifavimo akmenys yra puik\u016bs aliuminio oksido akmenys, pagaminti labai tvirta jungtimi. D\u0117l specialaus impregnavimo vidutinio kietumo T2 serija greitai pjauna ir sukuria \u0161ilkin\u012f matin\u012f pavir\u0161i\u0173. Rinkin\u012f sudaro 5 akmenys, kuri\u0173 gr\u016bd\u0117tumas: 150; 220; 400; 800; 1200, kuri\u0173 u\u017etenka visiems galandinimo etapams &#8211; nuo nu\u0161lifavimo iki galutinio \u0161lifavimo. Sklandus gr\u016bd\u0117tumo ma\u017einimas, nuo akmens iki akmens, u\u017etikrina veiksming\u0105 galandim\u0105 su minimaliomis laiko s\u0105naudomis. T2 serijos akmenys yra special\u016bs akmenys, skirti auk\u0161to lydinio \u012frankiniam plienui ir auk\u0161tos kokyb\u0117s plienui. D\u0117l didelio na\u0161umo ir nedidelio nusid\u0117v\u0117jimo \u0161i &#8220;Boride&#8221; serijos akmen\u0173 serija pripa\u017e\u012fstama kaip geriausia ner\u016bdijan\u010dio plieno peiliams gal\u0105sti. Galite dirbti ir&hellip;<\/p>\n","protected":false},"featured_media":46210,"template":"","meta":{"_themeisle_gutenberg_block_has_review":false},"product_brand":[],"product_cat":[375],"product_tag":[],"class_list":{"0":"post-46209","1":"product","2":"type-product","3":"status-publish","4":"has-post-thumbnail","6":"product_cat-peiliu-galandinimas-peiliu-galastuvai","8":"first","9":"instock","10":"shipping-taxable","11":"purchasable","12":"product-type-simple"},"yoast_head":"<!-- This site is optimized with the Yoast SEO plugin v27.5 - https:\/\/yoast.com\/product\/yoast-seo-wordpress\/ -->\n<title>Borido T2 rekomenduojam\u0173 akmen\u0173 rinkinys - AAKnives<\/title>\n<meta name=\"description\" content=\"Borido T2 rekomenduojam\u0173 akmen\u0173 rinkinys\" \/>\n<meta name=\"robots\" content=\"index, follow, max-snippet:-1, max-image-preview:large, max-video-preview:-1\" \/>\n<link rel=\"canonical\" href=\"https:\/\/aaknives.eu\/lt\/product\/borido-t2-rekomenduojamu-akmenu-rinkinys\/\" \/>\n<meta property=\"og:locale\" content=\"lt_LT\" \/>\n<meta property=\"og:type\" content=\"article\" \/>\n<meta property=\"og:title\" content=\"Borido T2 rekomenduojam\u0173 akmen\u0173 rinkinys - AAKnives\" \/>\n<meta property=\"og:description\" content=\"Borido T2 rekomenduojam\u0173 akmen\u0173 rinkinys\" \/>\n<meta property=\"og:url\" content=\"https:\/\/aaknives.eu\/lt\/product\/borido-t2-rekomenduojamu-akmenu-rinkinys\/\" \/>\n<meta property=\"og:site_name\" content=\"AAKnives\" \/>\n<meta property=\"article:publisher\" content=\"https:\/\/www.facebook.com\/aaknives.eu\/\" \/>\n<meta property=\"article:modified_time\" content=\"2026-01-14T18:55:16+00:00\" \/>\n<meta property=\"og:image\" content=\"https:\/\/aaknives.eu\/wp-content\/uploads\/2023\/08\/2-4.jpg\" \/>\n\t<meta property=\"og:image:width\" content=\"1020\" \/>\n\t<meta property=\"og:image:height\" content=\"880\" \/>\n\t<meta property=\"og:image:type\" content=\"image\/jpeg\" \/>\n<meta name=\"twitter:card\" content=\"summary_large_image\" \/>\n<meta name=\"twitter:label1\" content=\"Est. reading time\" \/>\n\t<meta name=\"twitter:data1\" content=\"1 minut\u0117\" \/>\n<script type=\"application\/ld+json\" class=\"yoast-schema-graph\">{\"@context\":\"https:\\\/\\\/schema.org\",\"@graph\":[{\"@type\":\"WebPage\",\"@id\":\"https:\\\/\\\/aaknives.eu\\\/lt\\\/product\\\/borido-t2-rekomenduojamu-akmenu-rinkinys\\\/\",\"url\":\"https:\\\/\\\/aaknives.eu\\\/lt\\\/product\\\/borido-t2-rekomenduojamu-akmenu-rinkinys\\\/\",\"name\":\"Borido T2 rekomenduojam\u0173 akmen\u0173 rinkinys - AAKnives\",\"isPartOf\":{\"@id\":\"https:\\\/\\\/aaknives.eu\\\/lt\\\/#website\"},\"primaryImageOfPage\":{\"@id\":\"https:\\\/\\\/aaknives.eu\\\/lt\\\/product\\\/borido-t2-rekomenduojamu-akmenu-rinkinys\\\/#primaryimage\"},\"image\":{\"@id\":\"https:\\\/\\\/aaknives.eu\\\/lt\\\/product\\\/borido-t2-rekomenduojamu-akmenu-rinkinys\\\/#primaryimage\"},\"thumbnailUrl\":\"https:\\\/\\\/aaknives.eu\\\/wp-content\\\/uploads\\\/2023\\\/08\\\/2-4.jpg\",\"datePublished\":\"2023-08-15T16:33:17+00:00\",\"dateModified\":\"2026-01-14T18:55:16+00:00\",\"description\":\"Borido T2 rekomenduojam\u0173 akmen\u0173 rinkinys\",\"breadcrumb\":{\"@id\":\"https:\\\/\\\/aaknives.eu\\\/lt\\\/product\\\/borido-t2-rekomenduojamu-akmenu-rinkinys\\\/#breadcrumb\"},\"inLanguage\":\"lt-LT\",\"potentialAction\":[{\"@type\":\"ReadAction\",\"target\":[\"https:\\\/\\\/aaknives.eu\\\/lt\\\/product\\\/borido-t2-rekomenduojamu-akmenu-rinkinys\\\/\"]}]},{\"@type\":\"ImageObject\",\"inLanguage\":\"lt-LT\",\"@id\":\"https:\\\/\\\/aaknives.eu\\\/lt\\\/product\\\/borido-t2-rekomenduojamu-akmenu-rinkinys\\\/#primaryimage\",\"url\":\"https:\\\/\\\/aaknives.eu\\\/wp-content\\\/uploads\\\/2023\\\/08\\\/2-4.jpg\",\"contentUrl\":\"https:\\\/\\\/aaknives.eu\\\/wp-content\\\/uploads\\\/2023\\\/08\\\/2-4.jpg\",\"width\":1020,\"height\":880,\"caption\":\"2 4\"},{\"@type\":\"BreadcrumbList\",\"@id\":\"https:\\\/\\\/aaknives.eu\\\/lt\\\/product\\\/borido-t2-rekomenduojamu-akmenu-rinkinys\\\/#breadcrumb\",\"itemListElement\":[{\"@type\":\"ListItem\",\"position\":1,\"name\":\"Home\",\"item\":\"https:\\\/\\\/aaknives.eu\\\/lt\\\/\"},{\"@type\":\"ListItem\",\"position\":2,\"name\":\"Parduotuv\u0117\",\"item\":\"https:\\\/\\\/aaknives.eu\\\/parduotuve\\\/\"},{\"@type\":\"ListItem\",\"position\":3,\"name\":\"Borido T2 rekomenduojam\u0173 akmen\u0173 rinkinys\"}]},{\"@type\":\"WebSite\",\"@id\":\"https:\\\/\\\/aaknives.eu\\\/lt\\\/#website\",\"url\":\"https:\\\/\\\/aaknives.eu\\\/lt\\\/\",\"name\":\"AAKnives\",\"description\":\"Handmade knives\",\"publisher\":{\"@id\":\"https:\\\/\\\/aaknives.eu\\\/lt\\\/#organization\"},\"potentialAction\":[{\"@type\":\"SearchAction\",\"target\":{\"@type\":\"EntryPoint\",\"urlTemplate\":\"https:\\\/\\\/aaknives.eu\\\/lt\\\/?s={search_term_string}\"},\"query-input\":{\"@type\":\"PropertyValueSpecification\",\"valueRequired\":true,\"valueName\":\"search_term_string\"}}],\"inLanguage\":\"lt-LT\"},{\"@type\":\"Organization\",\"@id\":\"https:\\\/\\\/aaknives.eu\\\/lt\\\/#organization\",\"name\":\"AAKnives\",\"url\":\"https:\\\/\\\/aaknives.eu\\\/lt\\\/\",\"logo\":{\"@type\":\"ImageObject\",\"inLanguage\":\"lt-LT\",\"@id\":\"https:\\\/\\\/aaknives.eu\\\/lt\\\/#\\\/schema\\\/logo\\\/image\\\/\",\"url\":\"https:\\\/\\\/aaknives.eu\\\/wp-content\\\/uploads\\\/2021\\\/10\\\/AAknives_Logo_Green.png\",\"contentUrl\":\"https:\\\/\\\/aaknives.eu\\\/wp-content\\\/uploads\\\/2021\\\/10\\\/AAknives_Logo_Green.png\",\"width\":1768,\"height\":1768,\"caption\":\"AAKnives\"},\"image\":{\"@id\":\"https:\\\/\\\/aaknives.eu\\\/lt\\\/#\\\/schema\\\/logo\\\/image\\\/\"},\"sameAs\":[\"https:\\\/\\\/www.facebook.com\\\/aaknives.eu\\\/\",\"https:\\\/\\\/www.instagram.com\\\/aaknives\\\/\",\"https:\\\/\\\/www.pinterest.com\\\/aa_knives\\\/\",\"https:\\\/\\\/www.youtube.com\\\/channel\\\/UCHOQFjrOkgT6s4FIw9LDKyw\\\/featured\"]}]}<\/script>\n<!-- \/ Yoast SEO plugin. -->","yoast_head_json":{"title":"Borido T2 rekomenduojam\u0173 akmen\u0173 rinkinys - AAKnives","description":"Borido T2 rekomenduojam\u0173 akmen\u0173 rinkinys","robots":{"index":"index","follow":"follow","max-snippet":"max-snippet:-1","max-image-preview":"max-image-preview:large","max-video-preview":"max-video-preview:-1"},"canonical":"https:\/\/aaknives.eu\/lt\/product\/borido-t2-rekomenduojamu-akmenu-rinkinys\/","og_locale":"lt_LT","og_type":"article","og_title":"Borido T2 rekomenduojam\u0173 akmen\u0173 rinkinys - AAKnives","og_description":"Borido T2 rekomenduojam\u0173 akmen\u0173 rinkinys","og_url":"https:\/\/aaknives.eu\/lt\/product\/borido-t2-rekomenduojamu-akmenu-rinkinys\/","og_site_name":"AAKnives","article_publisher":"https:\/\/www.facebook.com\/aaknives.eu\/","article_modified_time":"2026-01-14T18:55:16+00:00","og_image":[{"width":1020,"height":880,"url":"https:\/\/aaknives.eu\/wp-content\/uploads\/2023\/08\/2-4.jpg","type":"image\/jpeg"}],"twitter_card":"summary_large_image","twitter_misc":{"Est. reading time":"1 minut\u0117"},"schema":{"@context":"https:\/\/schema.org","@graph":[{"@type":"WebPage","@id":"https:\/\/aaknives.eu\/lt\/product\/borido-t2-rekomenduojamu-akmenu-rinkinys\/","url":"https:\/\/aaknives.eu\/lt\/product\/borido-t2-rekomenduojamu-akmenu-rinkinys\/","name":"Borido T2 rekomenduojam\u0173 akmen\u0173 rinkinys - AAKnives","isPartOf":{"@id":"https:\/\/aaknives.eu\/lt\/#website"},"primaryImageOfPage":{"@id":"https:\/\/aaknives.eu\/lt\/product\/borido-t2-rekomenduojamu-akmenu-rinkinys\/#primaryimage"},"image":{"@id":"https:\/\/aaknives.eu\/lt\/product\/borido-t2-rekomenduojamu-akmenu-rinkinys\/#primaryimage"},"thumbnailUrl":"https:\/\/aaknives.eu\/wp-content\/uploads\/2023\/08\/2-4.jpg","datePublished":"2023-08-15T16:33:17+00:00","dateModified":"2026-01-14T18:55:16+00:00","description":"Borido T2 rekomenduojam\u0173 akmen\u0173 rinkinys","breadcrumb":{"@id":"https:\/\/aaknives.eu\/lt\/product\/borido-t2-rekomenduojamu-akmenu-rinkinys\/#breadcrumb"},"inLanguage":"lt-LT","potentialAction":[{"@type":"ReadAction","target":["https:\/\/aaknives.eu\/lt\/product\/borido-t2-rekomenduojamu-akmenu-rinkinys\/"]}]},{"@type":"ImageObject","inLanguage":"lt-LT","@id":"https:\/\/aaknives.eu\/lt\/product\/borido-t2-rekomenduojamu-akmenu-rinkinys\/#primaryimage","url":"https:\/\/aaknives.eu\/wp-content\/uploads\/2023\/08\/2-4.jpg","contentUrl":"https:\/\/aaknives.eu\/wp-content\/uploads\/2023\/08\/2-4.jpg","width":1020,"height":880,"caption":"2 4"},{"@type":"BreadcrumbList","@id":"https:\/\/aaknives.eu\/lt\/product\/borido-t2-rekomenduojamu-akmenu-rinkinys\/#breadcrumb","itemListElement":[{"@type":"ListItem","position":1,"name":"Home","item":"https:\/\/aaknives.eu\/lt\/"},{"@type":"ListItem","position":2,"name":"Parduotuv\u0117","item":"https:\/\/aaknives.eu\/parduotuve\/"},{"@type":"ListItem","position":3,"name":"Borido T2 rekomenduojam\u0173 akmen\u0173 rinkinys"}]},{"@type":"WebSite","@id":"https:\/\/aaknives.eu\/lt\/#website","url":"https:\/\/aaknives.eu\/lt\/","name":"AAKnives","description":"Handmade knives","publisher":{"@id":"https:\/\/aaknives.eu\/lt\/#organization"},"potentialAction":[{"@type":"SearchAction","target":{"@type":"EntryPoint","urlTemplate":"https:\/\/aaknives.eu\/lt\/?s={search_term_string}"},"query-input":{"@type":"PropertyValueSpecification","valueRequired":true,"valueName":"search_term_string"}}],"inLanguage":"lt-LT"},{"@type":"Organization","@id":"https:\/\/aaknives.eu\/lt\/#organization","name":"AAKnives","url":"https:\/\/aaknives.eu\/lt\/","logo":{"@type":"ImageObject","inLanguage":"lt-LT","@id":"https:\/\/aaknives.eu\/lt\/#\/schema\/logo\/image\/","url":"https:\/\/aaknives.eu\/wp-content\/uploads\/2021\/10\/AAknives_Logo_Green.png","contentUrl":"https:\/\/aaknives.eu\/wp-content\/uploads\/2021\/10\/AAknives_Logo_Green.png","width":1768,"height":1768,"caption":"AAKnives"},"image":{"@id":"https:\/\/aaknives.eu\/lt\/#\/schema\/logo\/image\/"},"sameAs":["https:\/\/www.facebook.com\/aaknives.eu\/","https:\/\/www.instagram.com\/aaknives\/","https:\/\/www.pinterest.com\/aa_knives\/","https:\/\/www.youtube.com\/channel\/UCHOQFjrOkgT6s4FIw9LDKyw\/featured"]}]}},"_links":{"self":[{"href":"https:\/\/aaknives.eu\/lt\/wp-json\/wp\/v2\/product\/46209","targetHints":{"allow":["GET"]}}],"collection":[{"href":"https:\/\/aaknives.eu\/lt\/wp-json\/wp\/v2\/product"}],"about":[{"href":"https:\/\/aaknives.eu\/lt\/wp-json\/wp\/v2\/types\/product"}],"wp:featuredmedia":[{"embeddable":true,"href":"https:\/\/aaknives.eu\/lt\/wp-json\/wp\/v2\/media\/46210"}],"wp:attachment":[{"href":"https:\/\/aaknives.eu\/lt\/wp-json\/wp\/v2\/media?parent=46209"}],"wp:term":[{"taxonomy":"product_brand","embeddable":true,"href":"https:\/\/aaknives.eu\/lt\/wp-json\/wp\/v2\/product_brand?post=46209"},{"taxonomy":"product_cat","embeddable":true,"href":"https:\/\/aaknives.eu\/lt\/wp-json\/wp\/v2\/product_cat?post=46209"},{"taxonomy":"product_tag","embeddable":true,"href":"https:\/\/aaknives.eu\/lt\/wp-json\/wp\/v2\/product_tag?post=46209"}],"curies":[{"name":"wp","href":"https:\/\/api.w.org\/{rel}","templated":true}]}}