{"id":46211,"date":"2023-08-15T16:23:52","date_gmt":"2023-08-15T16:23:52","guid":{"rendered":"https:\/\/aaknives.eu\/product\/peiliu-galastuvas-hapstone-rs\/"},"modified":"2025-12-22T18:59:22","modified_gmt":"2025-12-22T18:59:22","slug":"peiliu-galastuvas-hapstone-rs","status":"publish","type":"product","link":"https:\/\/aaknives.eu\/lt\/product\/peiliu-galastuvas-hapstone-rs\/","title":{"rendered":"Peili\u0173 gal\u0105stuvas &#8220;Hapstone RS"},"content":{"rendered":"<p>&#8220;Hapstone RS&#8221; &#8211; nauja ukrainie\u010di\u0173 &#8220;Hapstone&#8221; komandos peili\u0173 galandinimo sistema, kuri nustebins savo efektyvumu ir paprastumu. Jei norite, kad peiliai virtuv\u0117je, remonto dirbtuv\u0117se ar tiesiog j\u016bs\u0173 pom\u0117giams b\u016bt\u0173 visada a\u0161tr\u016bs, &#8220;Hapstone RS&#8221; yra puikus pasirinkimas.<br \/>\nKadangi \u012f geriausios galandinimo sistemos koncepcijos ir dizaino k\u016brim\u0105 investavome penkeri\u0173 met\u0173 patirt\u012f, dabar galime teigti, kad &#8220;Hapstone RS&#8221; yra geriausias rinkoje unikalios konstrukcijos peili\u0173 gal\u0105stuvas.<\/p>\n","protected":false},"excerpt":{"rendered":"<p>&#8220;Hapstone RS&#8221; &#8211; nauja ukrainie\u010di\u0173 &#8220;Hapstone&#8221; komandos peili\u0173 galandinimo sistema, kuri nustebins savo efektyvumu ir paprastumu. Jei norite, kad peiliai virtuv\u0117je, remonto dirbtuv\u0117se ar tiesiog j\u016bs\u0173 pom\u0117giams b\u016bt\u0173 visada a\u0161tr\u016bs, &#8220;Hapstone RS&#8221; yra puikus pasirinkimas. Kadangi \u012f geriausios galandinimo sistemos koncepcijos ir dizaino k\u016brim\u0105 investavome penkeri\u0173 met\u0173 patirt\u012f, dabar galime teigti, kad &#8220;Hapstone RS&#8221; yra geriausias rinkoje unikalios konstrukcijos peili\u0173 gal\u0105stuvas.<\/p>\n","protected":false},"featured_media":46212,"template":"","meta":{"_themeisle_gutenberg_block_has_review":false},"product_brand":[],"product_cat":[375],"product_tag":[],"class_list":{"0":"post-46211","1":"product","2":"type-product","3":"status-publish","4":"has-post-thumbnail","6":"product_cat-peiliu-galandinimas-peiliu-galastuvai","8":"first","9":"instock","10":"shipping-taxable","11":"purchasable","12":"product-type-simple"},"yoast_head":"<!-- This site is optimized with the Yoast SEO plugin v27.5 - https:\/\/yoast.com\/product\/yoast-seo-wordpress\/ -->\n<title>Peili\u0173 gal\u0105stuvas &quot;Hapstone RS - AAKnives<\/title>\n<meta name=\"description\" content=\"Peili\u0173 gal\u0105stuvas &quot;Hapstone RS\" \/>\n<meta name=\"robots\" content=\"index, follow, max-snippet:-1, max-image-preview:large, max-video-preview:-1\" \/>\n<link rel=\"canonical\" href=\"https:\/\/aaknives.eu\/lt\/product\/peiliu-galastuvas-hapstone-rs\/\" \/>\n<meta property=\"og:locale\" content=\"lt_LT\" \/>\n<meta property=\"og:type\" content=\"article\" \/>\n<meta property=\"og:title\" content=\"Peili\u0173 gal\u0105stuvas &quot;Hapstone RS - AAKnives\" \/>\n<meta property=\"og:description\" content=\"Peili\u0173 gal\u0105stuvas &quot;Hapstone RS\" \/>\n<meta property=\"og:url\" content=\"https:\/\/aaknives.eu\/lt\/product\/peiliu-galastuvas-hapstone-rs\/\" \/>\n<meta property=\"og:site_name\" content=\"AAKnives\" \/>\n<meta property=\"article:publisher\" content=\"https:\/\/www.facebook.com\/aaknives.eu\/\" \/>\n<meta property=\"article:modified_time\" content=\"2025-12-22T18:59:22+00:00\" \/>\n<meta property=\"og:image\" content=\"https:\/\/aaknives.eu\/wp-content\/uploads\/2023\/08\/7-2.jpg\" \/>\n\t<meta property=\"og:image:width\" content=\"1020\" \/>\n\t<meta property=\"og:image:height\" content=\"880\" \/>\n\t<meta property=\"og:image:type\" content=\"image\/jpeg\" \/>\n<meta name=\"twitter:card\" content=\"summary_large_image\" \/>\n<script type=\"application\/ld+json\" class=\"yoast-schema-graph\">{\"@context\":\"https:\\\/\\\/schema.org\",\"@graph\":[{\"@type\":\"WebPage\",\"@id\":\"https:\\\/\\\/aaknives.eu\\\/lt\\\/product\\\/peiliu-galastuvas-hapstone-rs\\\/\",\"url\":\"https:\\\/\\\/aaknives.eu\\\/lt\\\/product\\\/peiliu-galastuvas-hapstone-rs\\\/\",\"name\":\"Peili\u0173 gal\u0105stuvas \\\"Hapstone RS - AAKnives\",\"isPartOf\":{\"@id\":\"https:\\\/\\\/aaknives.eu\\\/lt\\\/#website\"},\"primaryImageOfPage\":{\"@id\":\"https:\\\/\\\/aaknives.eu\\\/lt\\\/product\\\/peiliu-galastuvas-hapstone-rs\\\/#primaryimage\"},\"image\":{\"@id\":\"https:\\\/\\\/aaknives.eu\\\/lt\\\/product\\\/peiliu-galastuvas-hapstone-rs\\\/#primaryimage\"},\"thumbnailUrl\":\"https:\\\/\\\/aaknives.eu\\\/wp-content\\\/uploads\\\/2023\\\/08\\\/7-2.jpg\",\"datePublished\":\"2023-08-15T16:23:52+00:00\",\"dateModified\":\"2025-12-22T18:59:22+00:00\",\"description\":\"Peili\u0173 gal\u0105stuvas \\\"Hapstone RS\",\"breadcrumb\":{\"@id\":\"https:\\\/\\\/aaknives.eu\\\/lt\\\/product\\\/peiliu-galastuvas-hapstone-rs\\\/#breadcrumb\"},\"inLanguage\":\"lt-LT\",\"potentialAction\":[{\"@type\":\"ReadAction\",\"target\":[\"https:\\\/\\\/aaknives.eu\\\/lt\\\/product\\\/peiliu-galastuvas-hapstone-rs\\\/\"]}]},{\"@type\":\"ImageObject\",\"inLanguage\":\"lt-LT\",\"@id\":\"https:\\\/\\\/aaknives.eu\\\/lt\\\/product\\\/peiliu-galastuvas-hapstone-rs\\\/#primaryimage\",\"url\":\"https:\\\/\\\/aaknives.eu\\\/wp-content\\\/uploads\\\/2023\\\/08\\\/7-2.jpg\",\"contentUrl\":\"https:\\\/\\\/aaknives.eu\\\/wp-content\\\/uploads\\\/2023\\\/08\\\/7-2.jpg\",\"width\":1020,\"height\":880,\"caption\":\"7 2\"},{\"@type\":\"BreadcrumbList\",\"@id\":\"https:\\\/\\\/aaknives.eu\\\/lt\\\/product\\\/peiliu-galastuvas-hapstone-rs\\\/#breadcrumb\",\"itemListElement\":[{\"@type\":\"ListItem\",\"position\":1,\"name\":\"Home\",\"item\":\"https:\\\/\\\/aaknives.eu\\\/lt\\\/\"},{\"@type\":\"ListItem\",\"position\":2,\"name\":\"Parduotuv\u0117\",\"item\":\"https:\\\/\\\/aaknives.eu\\\/parduotuve\\\/\"},{\"@type\":\"ListItem\",\"position\":3,\"name\":\"Peili\u0173 gal\u0105stuvas &#8220;Hapstone RS\"}]},{\"@type\":\"WebSite\",\"@id\":\"https:\\\/\\\/aaknives.eu\\\/lt\\\/#website\",\"url\":\"https:\\\/\\\/aaknives.eu\\\/lt\\\/\",\"name\":\"AAKnives\",\"description\":\"Handmade knives\",\"publisher\":{\"@id\":\"https:\\\/\\\/aaknives.eu\\\/lt\\\/#organization\"},\"potentialAction\":[{\"@type\":\"SearchAction\",\"target\":{\"@type\":\"EntryPoint\",\"urlTemplate\":\"https:\\\/\\\/aaknives.eu\\\/lt\\\/?s={search_term_string}\"},\"query-input\":{\"@type\":\"PropertyValueSpecification\",\"valueRequired\":true,\"valueName\":\"search_term_string\"}}],\"inLanguage\":\"lt-LT\"},{\"@type\":\"Organization\",\"@id\":\"https:\\\/\\\/aaknives.eu\\\/lt\\\/#organization\",\"name\":\"AAKnives\",\"url\":\"https:\\\/\\\/aaknives.eu\\\/lt\\\/\",\"logo\":{\"@type\":\"ImageObject\",\"inLanguage\":\"lt-LT\",\"@id\":\"https:\\\/\\\/aaknives.eu\\\/lt\\\/#\\\/schema\\\/logo\\\/image\\\/\",\"url\":\"https:\\\/\\\/aaknives.eu\\\/wp-content\\\/uploads\\\/2021\\\/10\\\/AAknives_Logo_Green.png\",\"contentUrl\":\"https:\\\/\\\/aaknives.eu\\\/wp-content\\\/uploads\\\/2021\\\/10\\\/AAknives_Logo_Green.png\",\"width\":1768,\"height\":1768,\"caption\":\"AAKnives\"},\"image\":{\"@id\":\"https:\\\/\\\/aaknives.eu\\\/lt\\\/#\\\/schema\\\/logo\\\/image\\\/\"},\"sameAs\":[\"https:\\\/\\\/www.facebook.com\\\/aaknives.eu\\\/\",\"https:\\\/\\\/www.instagram.com\\\/aaknives\\\/\",\"https:\\\/\\\/www.pinterest.com\\\/aa_knives\\\/\",\"https:\\\/\\\/www.youtube.com\\\/channel\\\/UCHOQFjrOkgT6s4FIw9LDKyw\\\/featured\"]}]}<\/script>\n<!-- \/ Yoast SEO plugin. -->","yoast_head_json":{"title":"Peili\u0173 gal\u0105stuvas \"Hapstone RS - AAKnives","description":"Peili\u0173 gal\u0105stuvas \"Hapstone RS","robots":{"index":"index","follow":"follow","max-snippet":"max-snippet:-1","max-image-preview":"max-image-preview:large","max-video-preview":"max-video-preview:-1"},"canonical":"https:\/\/aaknives.eu\/lt\/product\/peiliu-galastuvas-hapstone-rs\/","og_locale":"lt_LT","og_type":"article","og_title":"Peili\u0173 gal\u0105stuvas \"Hapstone RS - AAKnives","og_description":"Peili\u0173 gal\u0105stuvas \"Hapstone RS","og_url":"https:\/\/aaknives.eu\/lt\/product\/peiliu-galastuvas-hapstone-rs\/","og_site_name":"AAKnives","article_publisher":"https:\/\/www.facebook.com\/aaknives.eu\/","article_modified_time":"2025-12-22T18:59:22+00:00","og_image":[{"width":1020,"height":880,"url":"https:\/\/aaknives.eu\/wp-content\/uploads\/2023\/08\/7-2.jpg","type":"image\/jpeg"}],"twitter_card":"summary_large_image","schema":{"@context":"https:\/\/schema.org","@graph":[{"@type":"WebPage","@id":"https:\/\/aaknives.eu\/lt\/product\/peiliu-galastuvas-hapstone-rs\/","url":"https:\/\/aaknives.eu\/lt\/product\/peiliu-galastuvas-hapstone-rs\/","name":"Peili\u0173 gal\u0105stuvas \"Hapstone RS - AAKnives","isPartOf":{"@id":"https:\/\/aaknives.eu\/lt\/#website"},"primaryImageOfPage":{"@id":"https:\/\/aaknives.eu\/lt\/product\/peiliu-galastuvas-hapstone-rs\/#primaryimage"},"image":{"@id":"https:\/\/aaknives.eu\/lt\/product\/peiliu-galastuvas-hapstone-rs\/#primaryimage"},"thumbnailUrl":"https:\/\/aaknives.eu\/wp-content\/uploads\/2023\/08\/7-2.jpg","datePublished":"2023-08-15T16:23:52+00:00","dateModified":"2025-12-22T18:59:22+00:00","description":"Peili\u0173 gal\u0105stuvas \"Hapstone RS","breadcrumb":{"@id":"https:\/\/aaknives.eu\/lt\/product\/peiliu-galastuvas-hapstone-rs\/#breadcrumb"},"inLanguage":"lt-LT","potentialAction":[{"@type":"ReadAction","target":["https:\/\/aaknives.eu\/lt\/product\/peiliu-galastuvas-hapstone-rs\/"]}]},{"@type":"ImageObject","inLanguage":"lt-LT","@id":"https:\/\/aaknives.eu\/lt\/product\/peiliu-galastuvas-hapstone-rs\/#primaryimage","url":"https:\/\/aaknives.eu\/wp-content\/uploads\/2023\/08\/7-2.jpg","contentUrl":"https:\/\/aaknives.eu\/wp-content\/uploads\/2023\/08\/7-2.jpg","width":1020,"height":880,"caption":"7 2"},{"@type":"BreadcrumbList","@id":"https:\/\/aaknives.eu\/lt\/product\/peiliu-galastuvas-hapstone-rs\/#breadcrumb","itemListElement":[{"@type":"ListItem","position":1,"name":"Home","item":"https:\/\/aaknives.eu\/lt\/"},{"@type":"ListItem","position":2,"name":"Parduotuv\u0117","item":"https:\/\/aaknives.eu\/parduotuve\/"},{"@type":"ListItem","position":3,"name":"Peili\u0173 gal\u0105stuvas &#8220;Hapstone RS"}]},{"@type":"WebSite","@id":"https:\/\/aaknives.eu\/lt\/#website","url":"https:\/\/aaknives.eu\/lt\/","name":"AAKnives","description":"Handmade knives","publisher":{"@id":"https:\/\/aaknives.eu\/lt\/#organization"},"potentialAction":[{"@type":"SearchAction","target":{"@type":"EntryPoint","urlTemplate":"https:\/\/aaknives.eu\/lt\/?s={search_term_string}"},"query-input":{"@type":"PropertyValueSpecification","valueRequired":true,"valueName":"search_term_string"}}],"inLanguage":"lt-LT"},{"@type":"Organization","@id":"https:\/\/aaknives.eu\/lt\/#organization","name":"AAKnives","url":"https:\/\/aaknives.eu\/lt\/","logo":{"@type":"ImageObject","inLanguage":"lt-LT","@id":"https:\/\/aaknives.eu\/lt\/#\/schema\/logo\/image\/","url":"https:\/\/aaknives.eu\/wp-content\/uploads\/2021\/10\/AAknives_Logo_Green.png","contentUrl":"https:\/\/aaknives.eu\/wp-content\/uploads\/2021\/10\/AAknives_Logo_Green.png","width":1768,"height":1768,"caption":"AAKnives"},"image":{"@id":"https:\/\/aaknives.eu\/lt\/#\/schema\/logo\/image\/"},"sameAs":["https:\/\/www.facebook.com\/aaknives.eu\/","https:\/\/www.instagram.com\/aaknives\/","https:\/\/www.pinterest.com\/aa_knives\/","https:\/\/www.youtube.com\/channel\/UCHOQFjrOkgT6s4FIw9LDKyw\/featured"]}]}},"_links":{"self":[{"href":"https:\/\/aaknives.eu\/lt\/wp-json\/wp\/v2\/product\/46211","targetHints":{"allow":["GET"]}}],"collection":[{"href":"https:\/\/aaknives.eu\/lt\/wp-json\/wp\/v2\/product"}],"about":[{"href":"https:\/\/aaknives.eu\/lt\/wp-json\/wp\/v2\/types\/product"}],"wp:featuredmedia":[{"embeddable":true,"href":"https:\/\/aaknives.eu\/lt\/wp-json\/wp\/v2\/media\/46212"}],"wp:attachment":[{"href":"https:\/\/aaknives.eu\/lt\/wp-json\/wp\/v2\/media?parent=46211"}],"wp:term":[{"taxonomy":"product_brand","embeddable":true,"href":"https:\/\/aaknives.eu\/lt\/wp-json\/wp\/v2\/product_brand?post=46211"},{"taxonomy":"product_cat","embeddable":true,"href":"https:\/\/aaknives.eu\/lt\/wp-json\/wp\/v2\/product_cat?post=46211"},{"taxonomy":"product_tag","embeddable":true,"href":"https:\/\/aaknives.eu\/lt\/wp-json\/wp\/v2\/product_tag?post=46211"}],"curies":[{"name":"wp","href":"https:\/\/api.w.org\/{rel}","templated":true}]}}