{"id":46229,"date":"2023-08-10T08:00:16","date_gmt":"2023-08-10T08:00:16","guid":{"rendered":"https:\/\/aaknives.eu\/product\/kartu-diamantine-lentele-vadovaujamasis-lenkinimo-saltintuvas-600-grudetumo\/"},"modified":"2023-08-10T08:00:16","modified_gmt":"2023-08-10T08:00:16","slug":"kartu-diamantine-lentele-vadovaujamasis-lenkinimo-saltintuvas-600-grudetumo","status":"publish","type":"product","link":"https:\/\/aaknives.eu\/lt\/product\/kartu-diamantine-lentele-vadovaujamasis-lenkinimo-saltintuvas-600-grudetumo\/","title":{"rendered":"KARTU DIAMANTIN\u0116 LENTEL\u0116 &#8211; VADOVAUJAMASIS LENKINIMO \u0160ALTINTUVAS 600 gr\u016bd\u0117tumo"},"content":{"rendered":"<p>Tai tiesioginis grubios deimantin\u0117s plok\u0161tel\u0117s, esan\u010dios &#8220;Guided Field&#8221; gal\u0105stuve, pakaitalas.<\/p>\n<p>Individualus 600 gr\u016bd\u0117tumo<\/p>\n<p>Deimantin\u0117 plok\u0161tel\u0117, 1&#8243; x 4&#8243;.<\/p>\n<p>\u0160i deimantin\u0117 plok\u0161tel\u0117 tinka tik &#8220;Guided Field&#8221; gal\u0105stuvui. (WSGFS221)<\/p>\n<p>Skirta WSGFS a\u0161trinimui<\/p>\n","protected":false},"excerpt":{"rendered":"<p>Tai tiesioginis grubios deimantin\u0117s plok\u0161tel\u0117s, esan\u010dios &#8220;Guided Field&#8221; gal\u0105stuve, pakaitalas. Individualus 600 gr\u016bd\u0117tumo Deimantin\u0117 plok\u0161tel\u0117, 1&#8243; x 4&#8243;. \u0160i deimantin\u0117 plok\u0161tel\u0117 tinka tik &#8220;Guided Field&#8221; gal\u0105stuvui. (WSGFS221) Skirta WSGFS a\u0161trinimui<\/p>\n","protected":false},"featured_media":46230,"template":"","meta":{"_themeisle_gutenberg_block_has_review":false},"product_brand":[],"product_cat":[375],"product_tag":[],"class_list":{"0":"post-46229","1":"product","2":"type-product","3":"status-publish","4":"has-post-thumbnail","6":"product_cat-peiliu-galandinimas-peiliu-galastuvai","8":"first","9":"outofstock","10":"shipping-taxable","11":"purchasable","12":"product-type-simple"},"yoast_head":"<!-- This site is optimized with the Yoast SEO plugin v27.3 - https:\/\/yoast.com\/product\/yoast-seo-wordpress\/ -->\n<title>KARTU DIAMANTIN\u0116 LENTEL\u0116 - VADOVAUJAMASIS LENKINIMO \u0160ALTINTUVAS 600 gr\u016bd\u0117tumo - AAKnives<\/title>\n<meta name=\"description\" content=\"KARTU DIAMANTIN\u0116 LENTEL\u0116 - VADOVAUJAMASIS LENKINIMO \u0160ALTINTUVAS 600 gr\u016bd\u0117tumo\" \/>\n<meta name=\"robots\" content=\"index, follow, max-snippet:-1, max-image-preview:large, max-video-preview:-1\" \/>\n<link rel=\"canonical\" href=\"https:\/\/aaknives.eu\/lt\/product\/kartu-diamantine-lentele-vadovaujamasis-lenkinimo-saltintuvas-600-grudetumo\/\" \/>\n<meta property=\"og:locale\" content=\"lt_LT\" \/>\n<meta property=\"og:type\" content=\"article\" \/>\n<meta property=\"og:title\" content=\"KARTU DIAMANTIN\u0116 LENTEL\u0116 - VADOVAUJAMASIS LENKINIMO \u0160ALTINTUVAS 600 gr\u016bd\u0117tumo - AAKnives\" \/>\n<meta property=\"og:description\" content=\"KARTU DIAMANTIN\u0116 LENTEL\u0116 - VADOVAUJAMASIS LENKINIMO \u0160ALTINTUVAS 600 gr\u016bd\u0117tumo\" \/>\n<meta property=\"og:url\" content=\"https:\/\/aaknives.eu\/lt\/product\/kartu-diamantine-lentele-vadovaujamasis-lenkinimo-saltintuvas-600-grudetumo\/\" \/>\n<meta property=\"og:site_name\" content=\"AAKnives\" \/>\n<meta property=\"article:publisher\" content=\"https:\/\/www.facebook.com\/aaknives.eu\/\" \/>\n<meta property=\"og:image\" content=\"https:\/\/aaknives.eu\/wp-content\/uploads\/2023\/08\/1-2.jpg\" \/>\n\t<meta property=\"og:image:width\" content=\"1020\" \/>\n\t<meta property=\"og:image:height\" content=\"880\" \/>\n\t<meta property=\"og:image:type\" content=\"image\/jpeg\" \/>\n<meta name=\"twitter:card\" content=\"summary_large_image\" \/>\n<script type=\"application\/ld+json\" class=\"yoast-schema-graph\">{\"@context\":\"https:\\\/\\\/schema.org\",\"@graph\":[{\"@type\":\"WebPage\",\"@id\":\"https:\\\/\\\/aaknives.eu\\\/lt\\\/product\\\/kartu-diamantine-lentele-vadovaujamasis-lenkinimo-saltintuvas-600-grudetumo\\\/\",\"url\":\"https:\\\/\\\/aaknives.eu\\\/lt\\\/product\\\/kartu-diamantine-lentele-vadovaujamasis-lenkinimo-saltintuvas-600-grudetumo\\\/\",\"name\":\"KARTU DIAMANTIN\u0116 LENTEL\u0116 - VADOVAUJAMASIS LENKINIMO \u0160ALTINTUVAS 600 gr\u016bd\u0117tumo - AAKnives\",\"isPartOf\":{\"@id\":\"https:\\\/\\\/aaknives.eu\\\/lt\\\/#website\"},\"primaryImageOfPage\":{\"@id\":\"https:\\\/\\\/aaknives.eu\\\/lt\\\/product\\\/kartu-diamantine-lentele-vadovaujamasis-lenkinimo-saltintuvas-600-grudetumo\\\/#primaryimage\"},\"image\":{\"@id\":\"https:\\\/\\\/aaknives.eu\\\/lt\\\/product\\\/kartu-diamantine-lentele-vadovaujamasis-lenkinimo-saltintuvas-600-grudetumo\\\/#primaryimage\"},\"thumbnailUrl\":\"https:\\\/\\\/aaknives.eu\\\/wp-content\\\/uploads\\\/2023\\\/08\\\/1-2.jpg\",\"datePublished\":\"2023-08-10T08:00:16+00:00\",\"description\":\"KARTU DIAMANTIN\u0116 LENTEL\u0116 - VADOVAUJAMASIS LENKINIMO \u0160ALTINTUVAS 600 gr\u016bd\u0117tumo\",\"breadcrumb\":{\"@id\":\"https:\\\/\\\/aaknives.eu\\\/lt\\\/product\\\/kartu-diamantine-lentele-vadovaujamasis-lenkinimo-saltintuvas-600-grudetumo\\\/#breadcrumb\"},\"inLanguage\":\"lt-LT\",\"potentialAction\":[{\"@type\":\"ReadAction\",\"target\":[\"https:\\\/\\\/aaknives.eu\\\/lt\\\/product\\\/kartu-diamantine-lentele-vadovaujamasis-lenkinimo-saltintuvas-600-grudetumo\\\/\"]}]},{\"@type\":\"ImageObject\",\"inLanguage\":\"lt-LT\",\"@id\":\"https:\\\/\\\/aaknives.eu\\\/lt\\\/product\\\/kartu-diamantine-lentele-vadovaujamasis-lenkinimo-saltintuvas-600-grudetumo\\\/#primaryimage\",\"url\":\"https:\\\/\\\/aaknives.eu\\\/wp-content\\\/uploads\\\/2023\\\/08\\\/1-2.jpg\",\"contentUrl\":\"https:\\\/\\\/aaknives.eu\\\/wp-content\\\/uploads\\\/2023\\\/08\\\/1-2.jpg\",\"width\":1020,\"height\":880,\"caption\":\"1 2\"},{\"@type\":\"BreadcrumbList\",\"@id\":\"https:\\\/\\\/aaknives.eu\\\/lt\\\/product\\\/kartu-diamantine-lentele-vadovaujamasis-lenkinimo-saltintuvas-600-grudetumo\\\/#breadcrumb\",\"itemListElement\":[{\"@type\":\"ListItem\",\"position\":1,\"name\":\"Home\",\"item\":\"https:\\\/\\\/aaknives.eu\\\/lt\\\/\"},{\"@type\":\"ListItem\",\"position\":2,\"name\":\"Parduotuv\u0117\",\"item\":\"https:\\\/\\\/aaknives.eu\\\/parduotuve\\\/\"},{\"@type\":\"ListItem\",\"position\":3,\"name\":\"KARTU DIAMANTIN\u0116 LENTEL\u0116 &#8211; VADOVAUJAMASIS LENKINIMO \u0160ALTINTUVAS 600 gr\u016bd\u0117tumo\"}]},{\"@type\":\"WebSite\",\"@id\":\"https:\\\/\\\/aaknives.eu\\\/lt\\\/#website\",\"url\":\"https:\\\/\\\/aaknives.eu\\\/lt\\\/\",\"name\":\"AAKnives\",\"description\":\"Handmade knives\",\"publisher\":{\"@id\":\"https:\\\/\\\/aaknives.eu\\\/lt\\\/#organization\"},\"potentialAction\":[{\"@type\":\"SearchAction\",\"target\":{\"@type\":\"EntryPoint\",\"urlTemplate\":\"https:\\\/\\\/aaknives.eu\\\/lt\\\/?s={search_term_string}\"},\"query-input\":{\"@type\":\"PropertyValueSpecification\",\"valueRequired\":true,\"valueName\":\"search_term_string\"}}],\"inLanguage\":\"lt-LT\"},{\"@type\":\"Organization\",\"@id\":\"https:\\\/\\\/aaknives.eu\\\/lt\\\/#organization\",\"name\":\"AAKnives\",\"url\":\"https:\\\/\\\/aaknives.eu\\\/lt\\\/\",\"logo\":{\"@type\":\"ImageObject\",\"inLanguage\":\"lt-LT\",\"@id\":\"https:\\\/\\\/aaknives.eu\\\/lt\\\/#\\\/schema\\\/logo\\\/image\\\/\",\"url\":\"https:\\\/\\\/aaknives.eu\\\/wp-content\\\/uploads\\\/2021\\\/10\\\/AAknives_Logo_Green.png\",\"contentUrl\":\"https:\\\/\\\/aaknives.eu\\\/wp-content\\\/uploads\\\/2021\\\/10\\\/AAknives_Logo_Green.png\",\"width\":1768,\"height\":1768,\"caption\":\"AAKnives\"},\"image\":{\"@id\":\"https:\\\/\\\/aaknives.eu\\\/lt\\\/#\\\/schema\\\/logo\\\/image\\\/\"},\"sameAs\":[\"https:\\\/\\\/www.facebook.com\\\/aaknives.eu\\\/\",\"https:\\\/\\\/www.instagram.com\\\/aaknives\\\/\",\"https:\\\/\\\/www.pinterest.com\\\/aa_knives\\\/\",\"https:\\\/\\\/www.youtube.com\\\/channel\\\/UCHOQFjrOkgT6s4FIw9LDKyw\\\/featured\"]}]}<\/script>\n<!-- \/ Yoast SEO plugin. -->","yoast_head_json":{"title":"KARTU DIAMANTIN\u0116 LENTEL\u0116 - VADOVAUJAMASIS LENKINIMO \u0160ALTINTUVAS 600 gr\u016bd\u0117tumo - AAKnives","description":"KARTU DIAMANTIN\u0116 LENTEL\u0116 - VADOVAUJAMASIS LENKINIMO \u0160ALTINTUVAS 600 gr\u016bd\u0117tumo","robots":{"index":"index","follow":"follow","max-snippet":"max-snippet:-1","max-image-preview":"max-image-preview:large","max-video-preview":"max-video-preview:-1"},"canonical":"https:\/\/aaknives.eu\/lt\/product\/kartu-diamantine-lentele-vadovaujamasis-lenkinimo-saltintuvas-600-grudetumo\/","og_locale":"lt_LT","og_type":"article","og_title":"KARTU DIAMANTIN\u0116 LENTEL\u0116 - VADOVAUJAMASIS LENKINIMO \u0160ALTINTUVAS 600 gr\u016bd\u0117tumo - AAKnives","og_description":"KARTU DIAMANTIN\u0116 LENTEL\u0116 - VADOVAUJAMASIS LENKINIMO \u0160ALTINTUVAS 600 gr\u016bd\u0117tumo","og_url":"https:\/\/aaknives.eu\/lt\/product\/kartu-diamantine-lentele-vadovaujamasis-lenkinimo-saltintuvas-600-grudetumo\/","og_site_name":"AAKnives","article_publisher":"https:\/\/www.facebook.com\/aaknives.eu\/","og_image":[{"width":1020,"height":880,"url":"https:\/\/aaknives.eu\/wp-content\/uploads\/2023\/08\/1-2.jpg","type":"image\/jpeg"}],"twitter_card":"summary_large_image","schema":{"@context":"https:\/\/schema.org","@graph":[{"@type":"WebPage","@id":"https:\/\/aaknives.eu\/lt\/product\/kartu-diamantine-lentele-vadovaujamasis-lenkinimo-saltintuvas-600-grudetumo\/","url":"https:\/\/aaknives.eu\/lt\/product\/kartu-diamantine-lentele-vadovaujamasis-lenkinimo-saltintuvas-600-grudetumo\/","name":"KARTU DIAMANTIN\u0116 LENTEL\u0116 - VADOVAUJAMASIS LENKINIMO \u0160ALTINTUVAS 600 gr\u016bd\u0117tumo - AAKnives","isPartOf":{"@id":"https:\/\/aaknives.eu\/lt\/#website"},"primaryImageOfPage":{"@id":"https:\/\/aaknives.eu\/lt\/product\/kartu-diamantine-lentele-vadovaujamasis-lenkinimo-saltintuvas-600-grudetumo\/#primaryimage"},"image":{"@id":"https:\/\/aaknives.eu\/lt\/product\/kartu-diamantine-lentele-vadovaujamasis-lenkinimo-saltintuvas-600-grudetumo\/#primaryimage"},"thumbnailUrl":"https:\/\/aaknives.eu\/wp-content\/uploads\/2023\/08\/1-2.jpg","datePublished":"2023-08-10T08:00:16+00:00","description":"KARTU DIAMANTIN\u0116 LENTEL\u0116 - VADOVAUJAMASIS LENKINIMO \u0160ALTINTUVAS 600 gr\u016bd\u0117tumo","breadcrumb":{"@id":"https:\/\/aaknives.eu\/lt\/product\/kartu-diamantine-lentele-vadovaujamasis-lenkinimo-saltintuvas-600-grudetumo\/#breadcrumb"},"inLanguage":"lt-LT","potentialAction":[{"@type":"ReadAction","target":["https:\/\/aaknives.eu\/lt\/product\/kartu-diamantine-lentele-vadovaujamasis-lenkinimo-saltintuvas-600-grudetumo\/"]}]},{"@type":"ImageObject","inLanguage":"lt-LT","@id":"https:\/\/aaknives.eu\/lt\/product\/kartu-diamantine-lentele-vadovaujamasis-lenkinimo-saltintuvas-600-grudetumo\/#primaryimage","url":"https:\/\/aaknives.eu\/wp-content\/uploads\/2023\/08\/1-2.jpg","contentUrl":"https:\/\/aaknives.eu\/wp-content\/uploads\/2023\/08\/1-2.jpg","width":1020,"height":880,"caption":"1 2"},{"@type":"BreadcrumbList","@id":"https:\/\/aaknives.eu\/lt\/product\/kartu-diamantine-lentele-vadovaujamasis-lenkinimo-saltintuvas-600-grudetumo\/#breadcrumb","itemListElement":[{"@type":"ListItem","position":1,"name":"Home","item":"https:\/\/aaknives.eu\/lt\/"},{"@type":"ListItem","position":2,"name":"Parduotuv\u0117","item":"https:\/\/aaknives.eu\/parduotuve\/"},{"@type":"ListItem","position":3,"name":"KARTU DIAMANTIN\u0116 LENTEL\u0116 &#8211; VADOVAUJAMASIS LENKINIMO \u0160ALTINTUVAS 600 gr\u016bd\u0117tumo"}]},{"@type":"WebSite","@id":"https:\/\/aaknives.eu\/lt\/#website","url":"https:\/\/aaknives.eu\/lt\/","name":"AAKnives","description":"Handmade knives","publisher":{"@id":"https:\/\/aaknives.eu\/lt\/#organization"},"potentialAction":[{"@type":"SearchAction","target":{"@type":"EntryPoint","urlTemplate":"https:\/\/aaknives.eu\/lt\/?s={search_term_string}"},"query-input":{"@type":"PropertyValueSpecification","valueRequired":true,"valueName":"search_term_string"}}],"inLanguage":"lt-LT"},{"@type":"Organization","@id":"https:\/\/aaknives.eu\/lt\/#organization","name":"AAKnives","url":"https:\/\/aaknives.eu\/lt\/","logo":{"@type":"ImageObject","inLanguage":"lt-LT","@id":"https:\/\/aaknives.eu\/lt\/#\/schema\/logo\/image\/","url":"https:\/\/aaknives.eu\/wp-content\/uploads\/2021\/10\/AAknives_Logo_Green.png","contentUrl":"https:\/\/aaknives.eu\/wp-content\/uploads\/2021\/10\/AAknives_Logo_Green.png","width":1768,"height":1768,"caption":"AAKnives"},"image":{"@id":"https:\/\/aaknives.eu\/lt\/#\/schema\/logo\/image\/"},"sameAs":["https:\/\/www.facebook.com\/aaknives.eu\/","https:\/\/www.instagram.com\/aaknives\/","https:\/\/www.pinterest.com\/aa_knives\/","https:\/\/www.youtube.com\/channel\/UCHOQFjrOkgT6s4FIw9LDKyw\/featured"]}]}},"_links":{"self":[{"href":"https:\/\/aaknives.eu\/lt\/wp-json\/wp\/v2\/product\/46229","targetHints":{"allow":["GET"]}}],"collection":[{"href":"https:\/\/aaknives.eu\/lt\/wp-json\/wp\/v2\/product"}],"about":[{"href":"https:\/\/aaknives.eu\/lt\/wp-json\/wp\/v2\/types\/product"}],"wp:featuredmedia":[{"embeddable":true,"href":"https:\/\/aaknives.eu\/lt\/wp-json\/wp\/v2\/media\/46230"}],"wp:attachment":[{"href":"https:\/\/aaknives.eu\/lt\/wp-json\/wp\/v2\/media?parent=46229"}],"wp:term":[{"taxonomy":"product_brand","embeddable":true,"href":"https:\/\/aaknives.eu\/lt\/wp-json\/wp\/v2\/product_brand?post=46229"},{"taxonomy":"product_cat","embeddable":true,"href":"https:\/\/aaknives.eu\/lt\/wp-json\/wp\/v2\/product_cat?post=46229"},{"taxonomy":"product_tag","embeddable":true,"href":"https:\/\/aaknives.eu\/lt\/wp-json\/wp\/v2\/product_tag?post=46229"}],"curies":[{"name":"wp","href":"https:\/\/api.w.org\/{rel}","templated":true}]}}