{"id":46294,"date":"2023-08-10T07:03:29","date_gmt":"2023-08-10T07:03:29","guid":{"rendered":"https:\/\/aaknives.eu\/product\/peiliu-galastuvas-darbinis-astrumas\/"},"modified":"2023-08-10T07:03:29","modified_gmt":"2023-08-10T07:03:29","slug":"peiliu-galastuvas-darbinis-astrumas","status":"publish","type":"product","link":"https:\/\/aaknives.eu\/lt\/product\/peiliu-galastuvas-darbinis-astrumas\/","title":{"rendered":"PEILI\u0172 GAL\u0104STUVAS &#8211; DARBINIS A\u0160TRUMAS"},"content":{"rendered":"<p>\u201cWork Sharp\u201d reguliuojamas peili\u0173 gal\u0105stuvas ELITE suteikia galimyb\u0119 1\u00b0 tikslumu reguliuoti galandimo kamp\u0105 nuo 15\u00b0 iki 30\u00b0, kad tikt\u0173 \u012fvairi\u0173 tip\u0173 peiliams \u2013 virtuviniams, ki\u0161eniniams, med\u017eiokliniams ir kitiems. Dviejose \u201cTri-Brasive\u00ae\u201d rankenose yra penkios deimantin\u0117s plok\u0161tel\u0117s ir smulkioji keramika, kurios leid\u017eia atnaujinti, gal\u0105sti ir u\u017ea\u0161trinti a\u0161menis iki ne\u012ftik\u0117tinai a\u0161trios briaunos. Paskutinis etapas \u2013 odos honingas, kurio metu peilio a\u0161menys patobulinami ir nupoliruojami, kad b\u016bt\u0173 itin a\u0161tr\u016bs. Kitoje pus\u0117je yra specialus keraminis strypas, tinkamas dantytiems peiliams.<br \/>\nSu d\u0117klu ir \u201cTri-Brasive\u00ae\u201d laikikliu gal\u0117site lengvai laikyti visas \u0161lifavimo priemones ir gal\u0105stuvus, kad ir kur jus nuvest\u0173 nuotykiai. Taigi visi reikalingi \u012frankiai visada bus po ranka, tod\u0117l gal\u0117site i\u0161laikyti pjovimo ir a\u0161men\u0173 galandinimo kokyb\u0119 net ir b\u016bdami ne namuose.<\/p>\n","protected":false},"excerpt":{"rendered":"<p>\u201cWork Sharp\u201d reguliuojamas peili\u0173 gal\u0105stuvas ELITE suteikia galimyb\u0119 1\u00b0 tikslumu reguliuoti galandimo kamp\u0105 nuo 15\u00b0 iki 30\u00b0, kad tikt\u0173 \u012fvairi\u0173 tip\u0173 peiliams \u2013 virtuviniams, ki\u0161eniniams, med\u017eiokliniams ir kitiems. Dviejose \u201cTri-Brasive\u00ae\u201d rankenose yra penkios deimantin\u0117s plok\u0161tel\u0117s ir smulkioji keramika, kurios leid\u017eia atnaujinti, gal\u0105sti ir u\u017ea\u0161trinti a\u0161menis iki ne\u012ftik\u0117tinai a\u0161trios briaunos. Paskutinis etapas \u2013 odos honingas, kurio metu peilio a\u0161menys patobulinami ir nupoliruojami, kad b\u016bt\u0173 itin a\u0161tr\u016bs. Kitoje pus\u0117je yra specialus keraminis strypas, tinkamas dantytiems peiliams. Su d\u0117klu ir \u201cTri-Brasive\u00ae\u201d laikikliu gal\u0117site lengvai laikyti visas \u0161lifavimo priemones ir gal\u0105stuvus, kad ir kur jus nuvest\u0173 nuotykiai. Taigi visi reikalingi \u012frankiai visada bus po&hellip;<\/p>\n","protected":false},"featured_media":46295,"template":"","meta":{"_themeisle_gutenberg_block_has_review":false},"product_brand":[],"product_cat":[375],"product_tag":[],"class_list":{"0":"post-46294","1":"product","2":"type-product","3":"status-publish","4":"has-post-thumbnail","6":"product_cat-peiliu-galandinimas-peiliu-galastuvai","8":"first","9":"instock","10":"shipping-taxable","11":"purchasable","12":"product-type-simple"},"yoast_head":"<!-- This site is optimized with the Yoast SEO plugin v27.5 - https:\/\/yoast.com\/product\/yoast-seo-wordpress\/ -->\n<title>PEILI\u0172 GAL\u0104STUVAS - DARBINIS A\u0160TRUMAS - AAKnives<\/title>\n<meta name=\"description\" content=\"PEILI\u0172 GAL\u0104STUVAS - DARBINIS A\u0160TRUMAS\" \/>\n<meta name=\"robots\" content=\"index, follow, max-snippet:-1, max-image-preview:large, max-video-preview:-1\" \/>\n<link rel=\"canonical\" href=\"https:\/\/aaknives.eu\/lt\/product\/peiliu-galastuvas-darbinis-astrumas\/\" \/>\n<meta property=\"og:locale\" content=\"lt_LT\" \/>\n<meta property=\"og:type\" content=\"article\" \/>\n<meta property=\"og:title\" content=\"PEILI\u0172 GAL\u0104STUVAS - DARBINIS A\u0160TRUMAS - AAKnives\" \/>\n<meta property=\"og:description\" content=\"PEILI\u0172 GAL\u0104STUVAS - DARBINIS A\u0160TRUMAS\" \/>\n<meta property=\"og:url\" content=\"https:\/\/aaknives.eu\/lt\/product\/peiliu-galastuvas-darbinis-astrumas\/\" \/>\n<meta property=\"og:site_name\" content=\"AAKnives\" \/>\n<meta property=\"article:publisher\" content=\"https:\/\/www.facebook.com\/aaknives.eu\/\" \/>\n<meta property=\"og:image\" content=\"https:\/\/aaknives.eu\/wp-content\/uploads\/2023\/08\/3.jpg\" \/>\n\t<meta property=\"og:image:width\" content=\"1020\" \/>\n\t<meta property=\"og:image:height\" content=\"880\" \/>\n\t<meta property=\"og:image:type\" content=\"image\/jpeg\" \/>\n<meta name=\"twitter:card\" content=\"summary_large_image\" \/>\n<meta name=\"twitter:label1\" content=\"Est. reading time\" \/>\n\t<meta name=\"twitter:data1\" content=\"1 minut\u0117\" \/>\n<script type=\"application\/ld+json\" class=\"yoast-schema-graph\">{\"@context\":\"https:\\\/\\\/schema.org\",\"@graph\":[{\"@type\":\"WebPage\",\"@id\":\"https:\\\/\\\/aaknives.eu\\\/lt\\\/product\\\/peiliu-galastuvas-darbinis-astrumas\\\/\",\"url\":\"https:\\\/\\\/aaknives.eu\\\/lt\\\/product\\\/peiliu-galastuvas-darbinis-astrumas\\\/\",\"name\":\"PEILI\u0172 GAL\u0104STUVAS - DARBINIS A\u0160TRUMAS - AAKnives\",\"isPartOf\":{\"@id\":\"https:\\\/\\\/aaknives.eu\\\/lt\\\/#website\"},\"primaryImageOfPage\":{\"@id\":\"https:\\\/\\\/aaknives.eu\\\/lt\\\/product\\\/peiliu-galastuvas-darbinis-astrumas\\\/#primaryimage\"},\"image\":{\"@id\":\"https:\\\/\\\/aaknives.eu\\\/lt\\\/product\\\/peiliu-galastuvas-darbinis-astrumas\\\/#primaryimage\"},\"thumbnailUrl\":\"https:\\\/\\\/aaknives.eu\\\/wp-content\\\/uploads\\\/2023\\\/08\\\/3.jpg\",\"datePublished\":\"2023-08-10T07:03:29+00:00\",\"description\":\"PEILI\u0172 GAL\u0104STUVAS - DARBINIS A\u0160TRUMAS\",\"breadcrumb\":{\"@id\":\"https:\\\/\\\/aaknives.eu\\\/lt\\\/product\\\/peiliu-galastuvas-darbinis-astrumas\\\/#breadcrumb\"},\"inLanguage\":\"lt-LT\",\"potentialAction\":[{\"@type\":\"ReadAction\",\"target\":[\"https:\\\/\\\/aaknives.eu\\\/lt\\\/product\\\/peiliu-galastuvas-darbinis-astrumas\\\/\"]}]},{\"@type\":\"ImageObject\",\"inLanguage\":\"lt-LT\",\"@id\":\"https:\\\/\\\/aaknives.eu\\\/lt\\\/product\\\/peiliu-galastuvas-darbinis-astrumas\\\/#primaryimage\",\"url\":\"https:\\\/\\\/aaknives.eu\\\/wp-content\\\/uploads\\\/2023\\\/08\\\/3.jpg\",\"contentUrl\":\"https:\\\/\\\/aaknives.eu\\\/wp-content\\\/uploads\\\/2023\\\/08\\\/3.jpg\",\"width\":1020,\"height\":880,\"caption\":\"3\"},{\"@type\":\"BreadcrumbList\",\"@id\":\"https:\\\/\\\/aaknives.eu\\\/lt\\\/product\\\/peiliu-galastuvas-darbinis-astrumas\\\/#breadcrumb\",\"itemListElement\":[{\"@type\":\"ListItem\",\"position\":1,\"name\":\"Home\",\"item\":\"https:\\\/\\\/aaknives.eu\\\/lt\\\/\"},{\"@type\":\"ListItem\",\"position\":2,\"name\":\"Parduotuv\u0117\",\"item\":\"https:\\\/\\\/aaknives.eu\\\/parduotuve\\\/\"},{\"@type\":\"ListItem\",\"position\":3,\"name\":\"PEILI\u0172 GAL\u0104STUVAS &#8211; DARBINIS A\u0160TRUMAS\"}]},{\"@type\":\"WebSite\",\"@id\":\"https:\\\/\\\/aaknives.eu\\\/lt\\\/#website\",\"url\":\"https:\\\/\\\/aaknives.eu\\\/lt\\\/\",\"name\":\"AAKnives\",\"description\":\"Handmade knives\",\"publisher\":{\"@id\":\"https:\\\/\\\/aaknives.eu\\\/lt\\\/#organization\"},\"alternateName\":\"Anri Ananin Knives\",\"potentialAction\":[{\"@type\":\"SearchAction\",\"target\":{\"@type\":\"EntryPoint\",\"urlTemplate\":\"https:\\\/\\\/aaknives.eu\\\/lt\\\/?s={search_term_string}\"},\"query-input\":{\"@type\":\"PropertyValueSpecification\",\"valueRequired\":true,\"valueName\":\"search_term_string\"}}],\"inLanguage\":\"lt-LT\"},{\"@type\":\"Organization\",\"@id\":\"https:\\\/\\\/aaknives.eu\\\/lt\\\/#organization\",\"name\":\"AAKnives\",\"url\":\"https:\\\/\\\/aaknives.eu\\\/lt\\\/\",\"logo\":{\"@type\":\"ImageObject\",\"inLanguage\":\"lt-LT\",\"@id\":\"https:\\\/\\\/aaknives.eu\\\/lt\\\/#\\\/schema\\\/logo\\\/image\\\/\",\"url\":\"https:\\\/\\\/aaknives.eu\\\/wp-content\\\/uploads\\\/2021\\\/10\\\/AAknives_Logo_Green.png\",\"contentUrl\":\"https:\\\/\\\/aaknives.eu\\\/wp-content\\\/uploads\\\/2021\\\/10\\\/AAknives_Logo_Green.png\",\"width\":1768,\"height\":1768,\"caption\":\"AAKnives\"},\"image\":{\"@id\":\"https:\\\/\\\/aaknives.eu\\\/lt\\\/#\\\/schema\\\/logo\\\/image\\\/\"},\"sameAs\":[\"https:\\\/\\\/www.facebook.com\\\/aaknives.eu\\\/\",\"https:\\\/\\\/www.instagram.com\\\/aaknives\\\/\",\"https:\\\/\\\/www.pinterest.com\\\/aa_knives\\\/\",\"https:\\\/\\\/www.youtube.com\\\/@aaknives9518\"]}]}<\/script>\n<!-- \/ Yoast SEO plugin. -->","yoast_head_json":{"title":"PEILI\u0172 GAL\u0104STUVAS - DARBINIS A\u0160TRUMAS - AAKnives","description":"PEILI\u0172 GAL\u0104STUVAS - DARBINIS A\u0160TRUMAS","robots":{"index":"index","follow":"follow","max-snippet":"max-snippet:-1","max-image-preview":"max-image-preview:large","max-video-preview":"max-video-preview:-1"},"canonical":"https:\/\/aaknives.eu\/lt\/product\/peiliu-galastuvas-darbinis-astrumas\/","og_locale":"lt_LT","og_type":"article","og_title":"PEILI\u0172 GAL\u0104STUVAS - DARBINIS A\u0160TRUMAS - AAKnives","og_description":"PEILI\u0172 GAL\u0104STUVAS - DARBINIS A\u0160TRUMAS","og_url":"https:\/\/aaknives.eu\/lt\/product\/peiliu-galastuvas-darbinis-astrumas\/","og_site_name":"AAKnives","article_publisher":"https:\/\/www.facebook.com\/aaknives.eu\/","og_image":[{"width":1020,"height":880,"url":"https:\/\/aaknives.eu\/wp-content\/uploads\/2023\/08\/3.jpg","type":"image\/jpeg"}],"twitter_card":"summary_large_image","twitter_misc":{"Est. reading time":"1 minut\u0117"},"schema":{"@context":"https:\/\/schema.org","@graph":[{"@type":"WebPage","@id":"https:\/\/aaknives.eu\/lt\/product\/peiliu-galastuvas-darbinis-astrumas\/","url":"https:\/\/aaknives.eu\/lt\/product\/peiliu-galastuvas-darbinis-astrumas\/","name":"PEILI\u0172 GAL\u0104STUVAS - DARBINIS A\u0160TRUMAS - AAKnives","isPartOf":{"@id":"https:\/\/aaknives.eu\/lt\/#website"},"primaryImageOfPage":{"@id":"https:\/\/aaknives.eu\/lt\/product\/peiliu-galastuvas-darbinis-astrumas\/#primaryimage"},"image":{"@id":"https:\/\/aaknives.eu\/lt\/product\/peiliu-galastuvas-darbinis-astrumas\/#primaryimage"},"thumbnailUrl":"https:\/\/aaknives.eu\/wp-content\/uploads\/2023\/08\/3.jpg","datePublished":"2023-08-10T07:03:29+00:00","description":"PEILI\u0172 GAL\u0104STUVAS - DARBINIS A\u0160TRUMAS","breadcrumb":{"@id":"https:\/\/aaknives.eu\/lt\/product\/peiliu-galastuvas-darbinis-astrumas\/#breadcrumb"},"inLanguage":"lt-LT","potentialAction":[{"@type":"ReadAction","target":["https:\/\/aaknives.eu\/lt\/product\/peiliu-galastuvas-darbinis-astrumas\/"]}]},{"@type":"ImageObject","inLanguage":"lt-LT","@id":"https:\/\/aaknives.eu\/lt\/product\/peiliu-galastuvas-darbinis-astrumas\/#primaryimage","url":"https:\/\/aaknives.eu\/wp-content\/uploads\/2023\/08\/3.jpg","contentUrl":"https:\/\/aaknives.eu\/wp-content\/uploads\/2023\/08\/3.jpg","width":1020,"height":880,"caption":"3"},{"@type":"BreadcrumbList","@id":"https:\/\/aaknives.eu\/lt\/product\/peiliu-galastuvas-darbinis-astrumas\/#breadcrumb","itemListElement":[{"@type":"ListItem","position":1,"name":"Home","item":"https:\/\/aaknives.eu\/lt\/"},{"@type":"ListItem","position":2,"name":"Parduotuv\u0117","item":"https:\/\/aaknives.eu\/parduotuve\/"},{"@type":"ListItem","position":3,"name":"PEILI\u0172 GAL\u0104STUVAS &#8211; DARBINIS A\u0160TRUMAS"}]},{"@type":"WebSite","@id":"https:\/\/aaknives.eu\/lt\/#website","url":"https:\/\/aaknives.eu\/lt\/","name":"AAKnives","description":"Handmade knives","publisher":{"@id":"https:\/\/aaknives.eu\/lt\/#organization"},"alternateName":"Anri Ananin Knives","potentialAction":[{"@type":"SearchAction","target":{"@type":"EntryPoint","urlTemplate":"https:\/\/aaknives.eu\/lt\/?s={search_term_string}"},"query-input":{"@type":"PropertyValueSpecification","valueRequired":true,"valueName":"search_term_string"}}],"inLanguage":"lt-LT"},{"@type":"Organization","@id":"https:\/\/aaknives.eu\/lt\/#organization","name":"AAKnives","url":"https:\/\/aaknives.eu\/lt\/","logo":{"@type":"ImageObject","inLanguage":"lt-LT","@id":"https:\/\/aaknives.eu\/lt\/#\/schema\/logo\/image\/","url":"https:\/\/aaknives.eu\/wp-content\/uploads\/2021\/10\/AAknives_Logo_Green.png","contentUrl":"https:\/\/aaknives.eu\/wp-content\/uploads\/2021\/10\/AAknives_Logo_Green.png","width":1768,"height":1768,"caption":"AAKnives"},"image":{"@id":"https:\/\/aaknives.eu\/lt\/#\/schema\/logo\/image\/"},"sameAs":["https:\/\/www.facebook.com\/aaknives.eu\/","https:\/\/www.instagram.com\/aaknives\/","https:\/\/www.pinterest.com\/aa_knives\/","https:\/\/www.youtube.com\/@aaknives9518"]}]}},"_links":{"self":[{"href":"https:\/\/aaknives.eu\/lt\/wp-json\/wp\/v2\/product\/46294","targetHints":{"allow":["GET"]}}],"collection":[{"href":"https:\/\/aaknives.eu\/lt\/wp-json\/wp\/v2\/product"}],"about":[{"href":"https:\/\/aaknives.eu\/lt\/wp-json\/wp\/v2\/types\/product"}],"wp:featuredmedia":[{"embeddable":true,"href":"https:\/\/aaknives.eu\/lt\/wp-json\/wp\/v2\/media\/46295"}],"wp:attachment":[{"href":"https:\/\/aaknives.eu\/lt\/wp-json\/wp\/v2\/media?parent=46294"}],"wp:term":[{"taxonomy":"product_brand","embeddable":true,"href":"https:\/\/aaknives.eu\/lt\/wp-json\/wp\/v2\/product_brand?post=46294"},{"taxonomy":"product_cat","embeddable":true,"href":"https:\/\/aaknives.eu\/lt\/wp-json\/wp\/v2\/product_cat?post=46294"},{"taxonomy":"product_tag","embeddable":true,"href":"https:\/\/aaknives.eu\/lt\/wp-json\/wp\/v2\/product_tag?post=46294"}],"curies":[{"name":"wp","href":"https:\/\/api.w.org\/{rel}","templated":true}]}}