{"id":46304,"date":"2023-07-26T16:05:31","date_gmt":"2023-07-26T16:05:31","guid":{"rendered":"https:\/\/aaknives.eu\/product\/peilis-uzbek-pchak-uzbekijos-nacionalinis-peilis-rankomis-kaltas-is-damasko-plieno\/"},"modified":"2023-07-26T16:05:31","modified_gmt":"2023-07-26T16:05:31","slug":"peilis-uzbek-pchak-uzbekijos-nacionalinis-peilis-rankomis-kaltas-is-damasko-plieno","status":"publish","type":"product","link":"https:\/\/aaknives.eu\/lt\/product\/peilis-uzbek-pchak-uzbekijos-nacionalinis-peilis-rankomis-kaltas-is-damasko-plieno\/","title":{"rendered":"Peilis &#8221;UZBEK-PCHAK&#8221; &#8211; Uzbekijos nacionalinis peilis, rankomis kaltas i\u0161 Damasko plieno"},"content":{"rendered":"<p>Peilio specifikacijos: &#8221;UZBEK-PCHAK&#8221;<br \/>\nPlienas: Damasko plieno med\u017eioklinis peilis, (HVG, U10, ShH15), 800 sluoksni\u0173<br \/>\nKietumas: 60-61 HRC<br \/>\nGele\u017et\u0117s ilgis (mm): 160<br \/>\nGele\u017et\u0117s storis (mm): 3<br \/>\nA\u0161men\u0173 plotis (mm): 35<br \/>\nRankena: a stabilizuotas Karelijos ber\u017eas<br \/>\nBendras ilgis (mm): 290<\/p>\n<p>&nbsp;<\/p>\n<p>Rankomis kalti damaskinio plieno a\u0161menys, sukurti i\u0161 skirtingo kietumo ir klampumo plien\u0173, kurie tam tikra tvarka sudedami \u012f plok\u0161tel\u0119. Po to plok\u0161t\u0117 pakartotinai perlydoma, tod\u0117l susidaro sluoksniai ir unikalus ra\u0161tas.<br \/>\nSud\u0117tingas technologinis procesas atliekamas rankiniu b\u016bdu. Tokiu b\u016bdu gautas plienas pasi\u017eymi didesniu stiprumu, dideliu kietumu, puikiomis pjovimo savyb\u0117mis ir gro\u017eiu.<br \/>\nDamasko gele\u017et\u0117 turi daugiau kaip 450 sluoksni\u0173.<br \/>\nPaketas Damasko plieno a\u0161menys ShH15 + HVG + U10 A, termin\u0117 i\u0161rai\u0161ka 860 \u00b0 C<\/p>\n<p>Damasko a\u0161men\u0173 peili\u0173 privalumai:<br \/>\nDidesnis stiprumas<br \/>\nDidelis kietumas<br \/>\nPuikios pjovimo savyb\u0117s<br \/>\nGra\u017eus dizainas<br \/>\nIlgalaikis a\u0161trumas<\/p>\n<p>Gele\u017et\u0117s kietumas 60-62 HRC.<br \/>\nNestandartinis peilis, rank\u0173 darbo peilis, rank\u0173 darbo peilis, rank\u0173 darbo peilis, rank\u0173 darbo peilis<\/p>\n","protected":false},"excerpt":{"rendered":"<p>Peilio specifikacijos: &#8221;UZBEK-PCHAK&#8221; Plienas: Damasko plieno med\u017eioklinis peilis, (HVG, U10, ShH15), 800 sluoksni\u0173 Kietumas: 60-61 HRC Gele\u017et\u0117s ilgis (mm): 160 Gele\u017et\u0117s storis (mm): 3 A\u0161men\u0173 plotis (mm): 35 Rankena: a stabilizuotas Karelijos ber\u017eas Bendras ilgis (mm): 290 &nbsp; Rankomis kalti damaskinio plieno a\u0161menys, sukurti i\u0161 skirtingo kietumo ir klampumo plien\u0173, kurie tam tikra tvarka sudedami \u012f plok\u0161tel\u0119. Po to plok\u0161t\u0117 pakartotinai perlydoma, tod\u0117l susidaro sluoksniai ir unikalus ra\u0161tas. Sud\u0117tingas technologinis procesas atliekamas rankiniu b\u016bdu. Tokiu b\u016bdu gautas plienas pasi\u017eymi didesniu stiprumu, dideliu kietumu, puikiomis pjovimo savyb\u0117mis ir gro\u017eiu. Damasko gele\u017et\u0117 turi daugiau kaip 450 sluoksni\u0173. Paketas Damasko plieno a\u0161menys ShH15&hellip;<\/p>\n","protected":false},"featured_media":46305,"template":"","meta":{"_themeisle_gutenberg_block_has_review":false},"product_brand":[],"product_cat":[380,379],"product_tag":[],"class_list":{"0":"post-46304","1":"product","2":"type-product","3":"status-publish","4":"has-post-thumbnail","6":"product_cat-premium-ir-isskirtiniai-peiliai","7":"product_cat-virtuves-peiliai","9":"first","10":"outofstock","11":"shipping-taxable","12":"purchasable","13":"product-type-simple"},"yoast_head":"<!-- This site is optimized with the Yoast SEO plugin v27.3 - https:\/\/yoast.com\/product\/yoast-seo-wordpress\/ -->\n<title>Peilis &#039;&#039;UZBEK-PCHAK&#039;&#039; - Uzbekijos nacionalinis peilis, rankomis kaltas i\u0161 Damasko plieno - AAKnives<\/title>\n<meta name=\"description\" content=\"Peilis &#039;&#039;UZBEK-PCHAK&#039;&#039; - Uzbekijos nacionalinis peilis, rankomis kaltas i\u0161 Damasko plieno\" \/>\n<meta name=\"robots\" content=\"index, follow, max-snippet:-1, max-image-preview:large, max-video-preview:-1\" \/>\n<link rel=\"canonical\" href=\"https:\/\/aaknives.eu\/lt\/product\/peilis-uzbek-pchak-uzbekijos-nacionalinis-peilis-rankomis-kaltas-is-damasko-plieno\/\" \/>\n<meta property=\"og:locale\" content=\"lt_LT\" \/>\n<meta property=\"og:type\" content=\"article\" \/>\n<meta property=\"og:title\" content=\"Peilis &#039;&#039;UZBEK-PCHAK&#039;&#039; - Uzbekijos nacionalinis peilis, rankomis kaltas i\u0161 Damasko plieno - AAKnives\" \/>\n<meta property=\"og:description\" content=\"Peilis &#039;&#039;UZBEK-PCHAK&#039;&#039; - Uzbekijos nacionalinis peilis, rankomis kaltas i\u0161 Damasko plieno\" \/>\n<meta property=\"og:url\" content=\"https:\/\/aaknives.eu\/lt\/product\/peilis-uzbek-pchak-uzbekijos-nacionalinis-peilis-rankomis-kaltas-is-damasko-plieno\/\" \/>\n<meta property=\"og:site_name\" content=\"AAKnives\" \/>\n<meta property=\"article:publisher\" content=\"https:\/\/www.facebook.com\/aaknives.eu\/\" \/>\n<meta property=\"og:image\" content=\"https:\/\/aaknives.eu\/wp-content\/uploads\/2023\/07\/aaknives-hand-forged-dabascus-steel-blade-knife-handmade-custom-made-knife-handcrafted-knives-autinetools-northmen-10-1.jpg\" \/>\n\t<meta property=\"og:image:width\" content=\"1020\" \/>\n\t<meta property=\"og:image:height\" content=\"880\" \/>\n\t<meta property=\"og:image:type\" content=\"image\/jpeg\" \/>\n<meta name=\"twitter:card\" content=\"summary_large_image\" \/>\n<meta name=\"twitter:label1\" content=\"Est. reading time\" \/>\n\t<meta name=\"twitter:data1\" content=\"1 minut\u0117\" \/>\n<script type=\"application\/ld+json\" class=\"yoast-schema-graph\">{\"@context\":\"https:\\\/\\\/schema.org\",\"@graph\":[{\"@type\":\"WebPage\",\"@id\":\"https:\\\/\\\/aaknives.eu\\\/lt\\\/product\\\/peilis-uzbek-pchak-uzbekijos-nacionalinis-peilis-rankomis-kaltas-is-damasko-plieno\\\/\",\"url\":\"https:\\\/\\\/aaknives.eu\\\/lt\\\/product\\\/peilis-uzbek-pchak-uzbekijos-nacionalinis-peilis-rankomis-kaltas-is-damasko-plieno\\\/\",\"name\":\"Peilis ''UZBEK-PCHAK'' - Uzbekijos nacionalinis peilis, rankomis kaltas i\u0161 Damasko plieno - AAKnives\",\"isPartOf\":{\"@id\":\"https:\\\/\\\/aaknives.eu\\\/lt\\\/#website\"},\"primaryImageOfPage\":{\"@id\":\"https:\\\/\\\/aaknives.eu\\\/lt\\\/product\\\/peilis-uzbek-pchak-uzbekijos-nacionalinis-peilis-rankomis-kaltas-is-damasko-plieno\\\/#primaryimage\"},\"image\":{\"@id\":\"https:\\\/\\\/aaknives.eu\\\/lt\\\/product\\\/peilis-uzbek-pchak-uzbekijos-nacionalinis-peilis-rankomis-kaltas-is-damasko-plieno\\\/#primaryimage\"},\"thumbnailUrl\":\"https:\\\/\\\/aaknives.eu\\\/wp-content\\\/uploads\\\/2023\\\/07\\\/aaknives-hand-forged-dabascus-steel-blade-knife-handmade-custom-made-knife-handcrafted-knives-autinetools-northmen-10-1.jpg\",\"datePublished\":\"2023-07-26T16:05:31+00:00\",\"description\":\"Peilis ''UZBEK-PCHAK'' - Uzbekijos nacionalinis peilis, rankomis kaltas i\u0161 Damasko plieno\",\"breadcrumb\":{\"@id\":\"https:\\\/\\\/aaknives.eu\\\/lt\\\/product\\\/peilis-uzbek-pchak-uzbekijos-nacionalinis-peilis-rankomis-kaltas-is-damasko-plieno\\\/#breadcrumb\"},\"inLanguage\":\"lt-LT\",\"potentialAction\":[{\"@type\":\"ReadAction\",\"target\":[\"https:\\\/\\\/aaknives.eu\\\/lt\\\/product\\\/peilis-uzbek-pchak-uzbekijos-nacionalinis-peilis-rankomis-kaltas-is-damasko-plieno\\\/\"]}]},{\"@type\":\"ImageObject\",\"inLanguage\":\"lt-LT\",\"@id\":\"https:\\\/\\\/aaknives.eu\\\/lt\\\/product\\\/peilis-uzbek-pchak-uzbekijos-nacionalinis-peilis-rankomis-kaltas-is-damasko-plieno\\\/#primaryimage\",\"url\":\"https:\\\/\\\/aaknives.eu\\\/wp-content\\\/uploads\\\/2023\\\/07\\\/aaknives-hand-forged-dabascus-steel-blade-knife-handmade-custom-made-knife-handcrafted-knives-autinetools-northmen-10-1.jpg\",\"contentUrl\":\"https:\\\/\\\/aaknives.eu\\\/wp-content\\\/uploads\\\/2023\\\/07\\\/aaknives-hand-forged-dabascus-steel-blade-knife-handmade-custom-made-knife-handcrafted-knives-autinetools-northmen-10-1.jpg\",\"width\":1020,\"height\":880,\"caption\":\"aaknives hand forged dabascus steel blade knife handmade custom made knife handcrafted knives autinetools northmen 10 1\"},{\"@type\":\"BreadcrumbList\",\"@id\":\"https:\\\/\\\/aaknives.eu\\\/lt\\\/product\\\/peilis-uzbek-pchak-uzbekijos-nacionalinis-peilis-rankomis-kaltas-is-damasko-plieno\\\/#breadcrumb\",\"itemListElement\":[{\"@type\":\"ListItem\",\"position\":1,\"name\":\"Home\",\"item\":\"https:\\\/\\\/aaknives.eu\\\/lt\\\/\"},{\"@type\":\"ListItem\",\"position\":2,\"name\":\"Parduotuv\u0117\",\"item\":\"https:\\\/\\\/aaknives.eu\\\/parduotuve\\\/\"},{\"@type\":\"ListItem\",\"position\":3,\"name\":\"Peilis &#8221;UZBEK-PCHAK&#8221; &#8211; Uzbekijos nacionalinis peilis, rankomis kaltas i\u0161 Damasko plieno\"}]},{\"@type\":\"WebSite\",\"@id\":\"https:\\\/\\\/aaknives.eu\\\/lt\\\/#website\",\"url\":\"https:\\\/\\\/aaknives.eu\\\/lt\\\/\",\"name\":\"AAKnives\",\"description\":\"Handmade knives\",\"publisher\":{\"@id\":\"https:\\\/\\\/aaknives.eu\\\/lt\\\/#organization\"},\"potentialAction\":[{\"@type\":\"SearchAction\",\"target\":{\"@type\":\"EntryPoint\",\"urlTemplate\":\"https:\\\/\\\/aaknives.eu\\\/lt\\\/?s={search_term_string}\"},\"query-input\":{\"@type\":\"PropertyValueSpecification\",\"valueRequired\":true,\"valueName\":\"search_term_string\"}}],\"inLanguage\":\"lt-LT\"},{\"@type\":\"Organization\",\"@id\":\"https:\\\/\\\/aaknives.eu\\\/lt\\\/#organization\",\"name\":\"AAKnives\",\"url\":\"https:\\\/\\\/aaknives.eu\\\/lt\\\/\",\"logo\":{\"@type\":\"ImageObject\",\"inLanguage\":\"lt-LT\",\"@id\":\"https:\\\/\\\/aaknives.eu\\\/lt\\\/#\\\/schema\\\/logo\\\/image\\\/\",\"url\":\"https:\\\/\\\/aaknives.eu\\\/wp-content\\\/uploads\\\/2021\\\/10\\\/AAknives_Logo_Green.png\",\"contentUrl\":\"https:\\\/\\\/aaknives.eu\\\/wp-content\\\/uploads\\\/2021\\\/10\\\/AAknives_Logo_Green.png\",\"width\":1768,\"height\":1768,\"caption\":\"AAKnives\"},\"image\":{\"@id\":\"https:\\\/\\\/aaknives.eu\\\/lt\\\/#\\\/schema\\\/logo\\\/image\\\/\"},\"sameAs\":[\"https:\\\/\\\/www.facebook.com\\\/aaknives.eu\\\/\",\"https:\\\/\\\/www.instagram.com\\\/aaknives\\\/\",\"https:\\\/\\\/www.pinterest.com\\\/aa_knives\\\/\",\"https:\\\/\\\/www.youtube.com\\\/channel\\\/UCHOQFjrOkgT6s4FIw9LDKyw\\\/featured\"]}]}<\/script>\n<!-- \/ Yoast SEO plugin. -->","yoast_head_json":{"title":"Peilis ''UZBEK-PCHAK'' - Uzbekijos nacionalinis peilis, rankomis kaltas i\u0161 Damasko plieno - AAKnives","description":"Peilis ''UZBEK-PCHAK'' - Uzbekijos nacionalinis peilis, rankomis kaltas i\u0161 Damasko plieno","robots":{"index":"index","follow":"follow","max-snippet":"max-snippet:-1","max-image-preview":"max-image-preview:large","max-video-preview":"max-video-preview:-1"},"canonical":"https:\/\/aaknives.eu\/lt\/product\/peilis-uzbek-pchak-uzbekijos-nacionalinis-peilis-rankomis-kaltas-is-damasko-plieno\/","og_locale":"lt_LT","og_type":"article","og_title":"Peilis ''UZBEK-PCHAK'' - Uzbekijos nacionalinis peilis, rankomis kaltas i\u0161 Damasko plieno - AAKnives","og_description":"Peilis ''UZBEK-PCHAK'' - Uzbekijos nacionalinis peilis, rankomis kaltas i\u0161 Damasko plieno","og_url":"https:\/\/aaknives.eu\/lt\/product\/peilis-uzbek-pchak-uzbekijos-nacionalinis-peilis-rankomis-kaltas-is-damasko-plieno\/","og_site_name":"AAKnives","article_publisher":"https:\/\/www.facebook.com\/aaknives.eu\/","og_image":[{"width":1020,"height":880,"url":"https:\/\/aaknives.eu\/wp-content\/uploads\/2023\/07\/aaknives-hand-forged-dabascus-steel-blade-knife-handmade-custom-made-knife-handcrafted-knives-autinetools-northmen-10-1.jpg","type":"image\/jpeg"}],"twitter_card":"summary_large_image","twitter_misc":{"Est. reading time":"1 minut\u0117"},"schema":{"@context":"https:\/\/schema.org","@graph":[{"@type":"WebPage","@id":"https:\/\/aaknives.eu\/lt\/product\/peilis-uzbek-pchak-uzbekijos-nacionalinis-peilis-rankomis-kaltas-is-damasko-plieno\/","url":"https:\/\/aaknives.eu\/lt\/product\/peilis-uzbek-pchak-uzbekijos-nacionalinis-peilis-rankomis-kaltas-is-damasko-plieno\/","name":"Peilis ''UZBEK-PCHAK'' - Uzbekijos nacionalinis peilis, rankomis kaltas i\u0161 Damasko plieno - AAKnives","isPartOf":{"@id":"https:\/\/aaknives.eu\/lt\/#website"},"primaryImageOfPage":{"@id":"https:\/\/aaknives.eu\/lt\/product\/peilis-uzbek-pchak-uzbekijos-nacionalinis-peilis-rankomis-kaltas-is-damasko-plieno\/#primaryimage"},"image":{"@id":"https:\/\/aaknives.eu\/lt\/product\/peilis-uzbek-pchak-uzbekijos-nacionalinis-peilis-rankomis-kaltas-is-damasko-plieno\/#primaryimage"},"thumbnailUrl":"https:\/\/aaknives.eu\/wp-content\/uploads\/2023\/07\/aaknives-hand-forged-dabascus-steel-blade-knife-handmade-custom-made-knife-handcrafted-knives-autinetools-northmen-10-1.jpg","datePublished":"2023-07-26T16:05:31+00:00","description":"Peilis ''UZBEK-PCHAK'' - Uzbekijos nacionalinis peilis, rankomis kaltas i\u0161 Damasko plieno","breadcrumb":{"@id":"https:\/\/aaknives.eu\/lt\/product\/peilis-uzbek-pchak-uzbekijos-nacionalinis-peilis-rankomis-kaltas-is-damasko-plieno\/#breadcrumb"},"inLanguage":"lt-LT","potentialAction":[{"@type":"ReadAction","target":["https:\/\/aaknives.eu\/lt\/product\/peilis-uzbek-pchak-uzbekijos-nacionalinis-peilis-rankomis-kaltas-is-damasko-plieno\/"]}]},{"@type":"ImageObject","inLanguage":"lt-LT","@id":"https:\/\/aaknives.eu\/lt\/product\/peilis-uzbek-pchak-uzbekijos-nacionalinis-peilis-rankomis-kaltas-is-damasko-plieno\/#primaryimage","url":"https:\/\/aaknives.eu\/wp-content\/uploads\/2023\/07\/aaknives-hand-forged-dabascus-steel-blade-knife-handmade-custom-made-knife-handcrafted-knives-autinetools-northmen-10-1.jpg","contentUrl":"https:\/\/aaknives.eu\/wp-content\/uploads\/2023\/07\/aaknives-hand-forged-dabascus-steel-blade-knife-handmade-custom-made-knife-handcrafted-knives-autinetools-northmen-10-1.jpg","width":1020,"height":880,"caption":"aaknives hand forged dabascus steel blade knife handmade custom made knife handcrafted knives autinetools northmen 10 1"},{"@type":"BreadcrumbList","@id":"https:\/\/aaknives.eu\/lt\/product\/peilis-uzbek-pchak-uzbekijos-nacionalinis-peilis-rankomis-kaltas-is-damasko-plieno\/#breadcrumb","itemListElement":[{"@type":"ListItem","position":1,"name":"Home","item":"https:\/\/aaknives.eu\/lt\/"},{"@type":"ListItem","position":2,"name":"Parduotuv\u0117","item":"https:\/\/aaknives.eu\/parduotuve\/"},{"@type":"ListItem","position":3,"name":"Peilis &#8221;UZBEK-PCHAK&#8221; &#8211; Uzbekijos nacionalinis peilis, rankomis kaltas i\u0161 Damasko plieno"}]},{"@type":"WebSite","@id":"https:\/\/aaknives.eu\/lt\/#website","url":"https:\/\/aaknives.eu\/lt\/","name":"AAKnives","description":"Handmade knives","publisher":{"@id":"https:\/\/aaknives.eu\/lt\/#organization"},"potentialAction":[{"@type":"SearchAction","target":{"@type":"EntryPoint","urlTemplate":"https:\/\/aaknives.eu\/lt\/?s={search_term_string}"},"query-input":{"@type":"PropertyValueSpecification","valueRequired":true,"valueName":"search_term_string"}}],"inLanguage":"lt-LT"},{"@type":"Organization","@id":"https:\/\/aaknives.eu\/lt\/#organization","name":"AAKnives","url":"https:\/\/aaknives.eu\/lt\/","logo":{"@type":"ImageObject","inLanguage":"lt-LT","@id":"https:\/\/aaknives.eu\/lt\/#\/schema\/logo\/image\/","url":"https:\/\/aaknives.eu\/wp-content\/uploads\/2021\/10\/AAknives_Logo_Green.png","contentUrl":"https:\/\/aaknives.eu\/wp-content\/uploads\/2021\/10\/AAknives_Logo_Green.png","width":1768,"height":1768,"caption":"AAKnives"},"image":{"@id":"https:\/\/aaknives.eu\/lt\/#\/schema\/logo\/image\/"},"sameAs":["https:\/\/www.facebook.com\/aaknives.eu\/","https:\/\/www.instagram.com\/aaknives\/","https:\/\/www.pinterest.com\/aa_knives\/","https:\/\/www.youtube.com\/channel\/UCHOQFjrOkgT6s4FIw9LDKyw\/featured"]}]}},"_links":{"self":[{"href":"https:\/\/aaknives.eu\/lt\/wp-json\/wp\/v2\/product\/46304","targetHints":{"allow":["GET"]}}],"collection":[{"href":"https:\/\/aaknives.eu\/lt\/wp-json\/wp\/v2\/product"}],"about":[{"href":"https:\/\/aaknives.eu\/lt\/wp-json\/wp\/v2\/types\/product"}],"wp:featuredmedia":[{"embeddable":true,"href":"https:\/\/aaknives.eu\/lt\/wp-json\/wp\/v2\/media\/46305"}],"wp:attachment":[{"href":"https:\/\/aaknives.eu\/lt\/wp-json\/wp\/v2\/media?parent=46304"}],"wp:term":[{"taxonomy":"product_brand","embeddable":true,"href":"https:\/\/aaknives.eu\/lt\/wp-json\/wp\/v2\/product_brand?post=46304"},{"taxonomy":"product_cat","embeddable":true,"href":"https:\/\/aaknives.eu\/lt\/wp-json\/wp\/v2\/product_cat?post=46304"},{"taxonomy":"product_tag","embeddable":true,"href":"https:\/\/aaknives.eu\/lt\/wp-json\/wp\/v2\/product_tag?post=46304"}],"curies":[{"name":"wp","href":"https:\/\/api.w.org\/{rel}","templated":true}]}}