{"id":46985,"date":"2023-05-24T16:05:30","date_gmt":"2023-05-24T16:05:30","guid":{"rendered":"https:\/\/aaknives.eu\/product\/virtuvinis-peilis-kaltinis-damasko-plienas-2\/"},"modified":"2026-01-08T18:37:30","modified_gmt":"2026-01-08T18:37:30","slug":"virejo-virtuves-peilis-kaltas-damasko-plienas-3","status":"publish","type":"product","link":"https:\/\/aaknives.eu\/lt\/product\/virejo-virtuves-peilis-kaltas-damasko-plienas-3\/","title":{"rendered":"VIR\u0116JO VIRTUV\u0116S PEILIS &#8211; kaltas Damasko plienas"},"content":{"rendered":"<p>Peilio specifikacijos: VIR\u0116JO VIRTUV\u0116S peilis<br \/>\nPlienas: Damasko plieno a\u0161menys, (HVG, U10, ShH15), 800 sluoksni\u0173<br \/>\nKietumas: 60-62 HRC<br \/>\nA\u0161men\u0173 ilgis (mm): 190 \/ 7,48 colio<br \/>\nA\u0161men\u0173 storis (mm): 2 \/ 0,07 colio<br \/>\nA\u0161men\u0173 plotis (mm): 42 \/ 1,65 colio<br \/>\nRankena: Mikarta<br \/>\nBendras ilgis (mm): 325 \/ 12,79 colio<br \/>\nPeilio tipas: VIRTUV\u0116S<br \/>\nPakuot\u0117: peilis, odinis d\u0117klas<\/p>\n<p>&nbsp;<\/p>\n<p>Rankomis kaltas damasko plienas, sukurtas i\u0161 skirtingo kietumo ir klampumo plien\u0173, kurie tam tikra tvarka sudedami \u012f plok\u0161tel\u0119. Po to plok\u0161t\u0117 pakartotinai perlydoma, tod\u0117l susidaro sluoksniai ir unikalus ra\u0161tas.<br \/>\nSud\u0117tingas technologinis procesas atliekamas rankiniu b\u016bdu. Tokiu b\u016bdu gautas plienas pasi\u017eymi didesniu stiprumu, dideliu kietumu, puikiomis pjovimo savyb\u0117mis ir gro\u017eiu.<br \/>\nDamasko plieno daugiau nei 700-1000 sluoksni\u0173.<br \/>\nPakuot\u0117 i\u0161 damaskinio plieno ShH15 HVG U10A, \u0161ilumin\u0117 i\u0161rai\u0161ka 860 \u00b0C<\/p>\n<p>Damasko plieno peili\u0173 privalumai:<br \/>\nDidesnis stiprumas<br \/>\nDidelis kietumas<br \/>\nPuikios pjovimo savyb\u0117s<br \/>\nGra\u017eus dizainas<br \/>\nIlgalaikis a\u0161trumas<\/p>\n<p>Gele\u017et\u0117s kietumas 60-62 HRC.<br \/>\nRank\u0173 darbo<\/p>\n","protected":false},"excerpt":{"rendered":"<p>Peilio specifikacijos: VIR\u0116JO VIRTUV\u0116S peilis Plienas: Damasko plieno a\u0161menys, (HVG, U10, ShH15), 800 sluoksni\u0173 Kietumas: 60-62 HRC A\u0161men\u0173 ilgis (mm): 190 \/ 7,48 colio A\u0161men\u0173 storis (mm): 2 \/ 0,07 colio A\u0161men\u0173 plotis (mm): 42 \/ 1,65 colio Rankena: Mikarta Bendras ilgis (mm): 325 \/ 12,79 colio Peilio tipas: VIRTUV\u0116S Pakuot\u0117: peilis, odinis d\u0117klas &nbsp; Rankomis kaltas damasko plienas, sukurtas i\u0161 skirtingo kietumo ir klampumo plien\u0173, kurie tam tikra tvarka sudedami \u012f plok\u0161tel\u0119. Po to plok\u0161t\u0117 pakartotinai perlydoma, tod\u0117l susidaro sluoksniai ir unikalus ra\u0161tas. Sud\u0117tingas technologinis procesas atliekamas rankiniu b\u016bdu. Tokiu b\u016bdu gautas plienas pasi\u017eymi didesniu stiprumu, dideliu kietumu, puikiomis&hellip;<\/p>\n","protected":false},"featured_media":106205,"template":"","meta":{"_themeisle_gutenberg_block_has_review":false},"product_brand":[],"product_cat":[379],"product_tag":[],"class_list":{"0":"post-46985","1":"product","2":"type-product","3":"status-publish","4":"has-post-thumbnail","6":"product_cat-virtuves-peiliai","8":"first","9":"instock","10":"shipping-taxable","11":"purchasable","12":"product-type-simple"},"yoast_head":"<!-- This site is optimized with the Yoast SEO plugin v27.3 - https:\/\/yoast.com\/product\/yoast-seo-wordpress\/ -->\n<title>VIR\u0116JO VIRTUV\u0116S PEILIS - kaltas Damasko plienas - AAKnives<\/title>\n<meta name=\"description\" content=\"Rankomis kaltas Damasko plienas, sukurtas sujungiant skirtingo kietumo ir klampumo plienus, kurie sulankstomi \u012f plok\u0161tes tam tikra tvarka.\" \/>\n<meta name=\"robots\" content=\"index, follow, max-snippet:-1, max-image-preview:large, max-video-preview:-1\" \/>\n<link rel=\"canonical\" href=\"https:\/\/aaknives.eu\/lt\/product\/virejo-virtuves-peilis-kaltas-damasko-plienas-3\/\" \/>\n<meta property=\"og:locale\" content=\"lt_LT\" \/>\n<meta property=\"og:type\" content=\"article\" \/>\n<meta property=\"og:title\" content=\"VIR\u0116JO VIRTUV\u0116S PEILIS - kaltas Damasko plienas - AAKnives\" \/>\n<meta property=\"og:description\" content=\"Rankomis kaltas Damasko plienas, sukurtas sujungiant skirtingo kietumo ir klampumo plienus, kurie sulankstomi \u012f plok\u0161tes tam tikra tvarka.\" \/>\n<meta property=\"og:url\" content=\"https:\/\/aaknives.eu\/lt\/product\/virejo-virtuves-peilis-kaltas-damasko-plienas-3\/\" \/>\n<meta property=\"og:site_name\" content=\"AAKnives\" \/>\n<meta property=\"article:publisher\" content=\"https:\/\/www.facebook.com\/aaknives.eu\/\" \/>\n<meta property=\"article:modified_time\" content=\"2026-01-08T18:37:30+00:00\" \/>\n<meta property=\"og:image\" content=\"https:\/\/aaknives.eu\/wp-content\/uploads\/2023\/05\/aaknives-hand-forged-damascus-steel-blade-knife-handmade-custom-made-knife-handcrafted-knives-autinetools-northmen-1-19.jpg\" \/>\n\t<meta property=\"og:image:width\" content=\"1020\" \/>\n\t<meta property=\"og:image:height\" content=\"880\" \/>\n\t<meta property=\"og:image:type\" content=\"image\/jpeg\" \/>\n<meta name=\"twitter:card\" content=\"summary_large_image\" \/>\n<meta name=\"twitter:label1\" content=\"Est. reading time\" \/>\n\t<meta name=\"twitter:data1\" content=\"1 minut\u0117\" \/>\n<script type=\"application\/ld+json\" class=\"yoast-schema-graph\">{\"@context\":\"https:\\\/\\\/schema.org\",\"@graph\":[{\"@type\":\"WebPage\",\"@id\":\"https:\\\/\\\/aaknives.eu\\\/lt\\\/product\\\/virejo-virtuves-peilis-kaltas-damasko-plienas-3\\\/\",\"url\":\"https:\\\/\\\/aaknives.eu\\\/lt\\\/product\\\/virejo-virtuves-peilis-kaltas-damasko-plienas-3\\\/\",\"name\":\"VIR\u0116JO VIRTUV\u0116S PEILIS - kaltas Damasko plienas - AAKnives\",\"isPartOf\":{\"@id\":\"https:\\\/\\\/aaknives.eu\\\/lt\\\/#website\"},\"primaryImageOfPage\":{\"@id\":\"https:\\\/\\\/aaknives.eu\\\/lt\\\/product\\\/virejo-virtuves-peilis-kaltas-damasko-plienas-3\\\/#primaryimage\"},\"image\":{\"@id\":\"https:\\\/\\\/aaknives.eu\\\/lt\\\/product\\\/virejo-virtuves-peilis-kaltas-damasko-plienas-3\\\/#primaryimage\"},\"thumbnailUrl\":\"https:\\\/\\\/aaknives.eu\\\/wp-content\\\/uploads\\\/2023\\\/05\\\/aaknives-hand-forged-damascus-steel-blade-knife-handmade-custom-made-knife-handcrafted-knives-autinetools-northmen-1-19.jpg\",\"datePublished\":\"2023-05-24T16:05:30+00:00\",\"dateModified\":\"2026-01-08T18:37:30+00:00\",\"description\":\"Rankomis kaltas Damasko plienas, sukurtas sujungiant skirtingo kietumo ir klampumo plienus, kurie sulankstomi \u012f plok\u0161tes tam tikra tvarka.\",\"breadcrumb\":{\"@id\":\"https:\\\/\\\/aaknives.eu\\\/lt\\\/product\\\/virejo-virtuves-peilis-kaltas-damasko-plienas-3\\\/#breadcrumb\"},\"inLanguage\":\"lt-LT\",\"potentialAction\":[{\"@type\":\"ReadAction\",\"target\":[\"https:\\\/\\\/aaknives.eu\\\/lt\\\/product\\\/virejo-virtuves-peilis-kaltas-damasko-plienas-3\\\/\"]}]},{\"@type\":\"ImageObject\",\"inLanguage\":\"lt-LT\",\"@id\":\"https:\\\/\\\/aaknives.eu\\\/lt\\\/product\\\/virejo-virtuves-peilis-kaltas-damasko-plienas-3\\\/#primaryimage\",\"url\":\"https:\\\/\\\/aaknives.eu\\\/wp-content\\\/uploads\\\/2023\\\/05\\\/aaknives-hand-forged-damascus-steel-blade-knife-handmade-custom-made-knife-handcrafted-knives-autinetools-northmen-1-19.jpg\",\"contentUrl\":\"https:\\\/\\\/aaknives.eu\\\/wp-content\\\/uploads\\\/2023\\\/05\\\/aaknives-hand-forged-damascus-steel-blade-knife-handmade-custom-made-knife-handcrafted-knives-autinetools-northmen-1-19.jpg\",\"width\":1020,\"height\":880},{\"@type\":\"BreadcrumbList\",\"@id\":\"https:\\\/\\\/aaknives.eu\\\/lt\\\/product\\\/virejo-virtuves-peilis-kaltas-damasko-plienas-3\\\/#breadcrumb\",\"itemListElement\":[{\"@type\":\"ListItem\",\"position\":1,\"name\":\"Home\",\"item\":\"https:\\\/\\\/aaknives.eu\\\/lt\\\/\"},{\"@type\":\"ListItem\",\"position\":2,\"name\":\"Parduotuv\u0117\",\"item\":\"https:\\\/\\\/aaknives.eu\\\/parduotuve\\\/\"},{\"@type\":\"ListItem\",\"position\":3,\"name\":\"VIR\u0116JO VIRTUV\u0116S PEILIS &#8211; kaltas Damasko plienas\"}]},{\"@type\":\"WebSite\",\"@id\":\"https:\\\/\\\/aaknives.eu\\\/lt\\\/#website\",\"url\":\"https:\\\/\\\/aaknives.eu\\\/lt\\\/\",\"name\":\"AAKnives\",\"description\":\"Handmade knives\",\"publisher\":{\"@id\":\"https:\\\/\\\/aaknives.eu\\\/lt\\\/#organization\"},\"potentialAction\":[{\"@type\":\"SearchAction\",\"target\":{\"@type\":\"EntryPoint\",\"urlTemplate\":\"https:\\\/\\\/aaknives.eu\\\/lt\\\/?s={search_term_string}\"},\"query-input\":{\"@type\":\"PropertyValueSpecification\",\"valueRequired\":true,\"valueName\":\"search_term_string\"}}],\"inLanguage\":\"lt-LT\"},{\"@type\":\"Organization\",\"@id\":\"https:\\\/\\\/aaknives.eu\\\/lt\\\/#organization\",\"name\":\"AAKnives\",\"url\":\"https:\\\/\\\/aaknives.eu\\\/lt\\\/\",\"logo\":{\"@type\":\"ImageObject\",\"inLanguage\":\"lt-LT\",\"@id\":\"https:\\\/\\\/aaknives.eu\\\/lt\\\/#\\\/schema\\\/logo\\\/image\\\/\",\"url\":\"https:\\\/\\\/aaknives.eu\\\/wp-content\\\/uploads\\\/2021\\\/10\\\/AAknives_Logo_Green.png\",\"contentUrl\":\"https:\\\/\\\/aaknives.eu\\\/wp-content\\\/uploads\\\/2021\\\/10\\\/AAknives_Logo_Green.png\",\"width\":1768,\"height\":1768,\"caption\":\"AAKnives\"},\"image\":{\"@id\":\"https:\\\/\\\/aaknives.eu\\\/lt\\\/#\\\/schema\\\/logo\\\/image\\\/\"},\"sameAs\":[\"https:\\\/\\\/www.facebook.com\\\/aaknives.eu\\\/\",\"https:\\\/\\\/www.instagram.com\\\/aaknives\\\/\",\"https:\\\/\\\/www.pinterest.com\\\/aa_knives\\\/\",\"https:\\\/\\\/www.youtube.com\\\/channel\\\/UCHOQFjrOkgT6s4FIw9LDKyw\\\/featured\"]}]}<\/script>\n<!-- \/ Yoast SEO plugin. -->","yoast_head_json":{"title":"VIR\u0116JO VIRTUV\u0116S PEILIS - kaltas Damasko plienas - AAKnives","description":"Rankomis kaltas Damasko plienas, sukurtas sujungiant skirtingo kietumo ir klampumo plienus, kurie sulankstomi \u012f plok\u0161tes tam tikra tvarka.","robots":{"index":"index","follow":"follow","max-snippet":"max-snippet:-1","max-image-preview":"max-image-preview:large","max-video-preview":"max-video-preview:-1"},"canonical":"https:\/\/aaknives.eu\/lt\/product\/virejo-virtuves-peilis-kaltas-damasko-plienas-3\/","og_locale":"lt_LT","og_type":"article","og_title":"VIR\u0116JO VIRTUV\u0116S PEILIS - kaltas Damasko plienas - AAKnives","og_description":"Rankomis kaltas Damasko plienas, sukurtas sujungiant skirtingo kietumo ir klampumo plienus, kurie sulankstomi \u012f plok\u0161tes tam tikra tvarka.","og_url":"https:\/\/aaknives.eu\/lt\/product\/virejo-virtuves-peilis-kaltas-damasko-plienas-3\/","og_site_name":"AAKnives","article_publisher":"https:\/\/www.facebook.com\/aaknives.eu\/","article_modified_time":"2026-01-08T18:37:30+00:00","og_image":[{"width":1020,"height":880,"url":"https:\/\/aaknives.eu\/wp-content\/uploads\/2023\/05\/aaknives-hand-forged-damascus-steel-blade-knife-handmade-custom-made-knife-handcrafted-knives-autinetools-northmen-1-19.jpg","type":"image\/jpeg"}],"twitter_card":"summary_large_image","twitter_misc":{"Est. reading time":"1 minut\u0117"},"schema":{"@context":"https:\/\/schema.org","@graph":[{"@type":"WebPage","@id":"https:\/\/aaknives.eu\/lt\/product\/virejo-virtuves-peilis-kaltas-damasko-plienas-3\/","url":"https:\/\/aaknives.eu\/lt\/product\/virejo-virtuves-peilis-kaltas-damasko-plienas-3\/","name":"VIR\u0116JO VIRTUV\u0116S PEILIS - kaltas Damasko plienas - AAKnives","isPartOf":{"@id":"https:\/\/aaknives.eu\/lt\/#website"},"primaryImageOfPage":{"@id":"https:\/\/aaknives.eu\/lt\/product\/virejo-virtuves-peilis-kaltas-damasko-plienas-3\/#primaryimage"},"image":{"@id":"https:\/\/aaknives.eu\/lt\/product\/virejo-virtuves-peilis-kaltas-damasko-plienas-3\/#primaryimage"},"thumbnailUrl":"https:\/\/aaknives.eu\/wp-content\/uploads\/2023\/05\/aaknives-hand-forged-damascus-steel-blade-knife-handmade-custom-made-knife-handcrafted-knives-autinetools-northmen-1-19.jpg","datePublished":"2023-05-24T16:05:30+00:00","dateModified":"2026-01-08T18:37:30+00:00","description":"Rankomis kaltas Damasko plienas, sukurtas sujungiant skirtingo kietumo ir klampumo plienus, kurie sulankstomi \u012f plok\u0161tes tam tikra tvarka.","breadcrumb":{"@id":"https:\/\/aaknives.eu\/lt\/product\/virejo-virtuves-peilis-kaltas-damasko-plienas-3\/#breadcrumb"},"inLanguage":"lt-LT","potentialAction":[{"@type":"ReadAction","target":["https:\/\/aaknives.eu\/lt\/product\/virejo-virtuves-peilis-kaltas-damasko-plienas-3\/"]}]},{"@type":"ImageObject","inLanguage":"lt-LT","@id":"https:\/\/aaknives.eu\/lt\/product\/virejo-virtuves-peilis-kaltas-damasko-plienas-3\/#primaryimage","url":"https:\/\/aaknives.eu\/wp-content\/uploads\/2023\/05\/aaknives-hand-forged-damascus-steel-blade-knife-handmade-custom-made-knife-handcrafted-knives-autinetools-northmen-1-19.jpg","contentUrl":"https:\/\/aaknives.eu\/wp-content\/uploads\/2023\/05\/aaknives-hand-forged-damascus-steel-blade-knife-handmade-custom-made-knife-handcrafted-knives-autinetools-northmen-1-19.jpg","width":1020,"height":880},{"@type":"BreadcrumbList","@id":"https:\/\/aaknives.eu\/lt\/product\/virejo-virtuves-peilis-kaltas-damasko-plienas-3\/#breadcrumb","itemListElement":[{"@type":"ListItem","position":1,"name":"Home","item":"https:\/\/aaknives.eu\/lt\/"},{"@type":"ListItem","position":2,"name":"Parduotuv\u0117","item":"https:\/\/aaknives.eu\/parduotuve\/"},{"@type":"ListItem","position":3,"name":"VIR\u0116JO VIRTUV\u0116S PEILIS &#8211; kaltas Damasko plienas"}]},{"@type":"WebSite","@id":"https:\/\/aaknives.eu\/lt\/#website","url":"https:\/\/aaknives.eu\/lt\/","name":"AAKnives","description":"Handmade knives","publisher":{"@id":"https:\/\/aaknives.eu\/lt\/#organization"},"potentialAction":[{"@type":"SearchAction","target":{"@type":"EntryPoint","urlTemplate":"https:\/\/aaknives.eu\/lt\/?s={search_term_string}"},"query-input":{"@type":"PropertyValueSpecification","valueRequired":true,"valueName":"search_term_string"}}],"inLanguage":"lt-LT"},{"@type":"Organization","@id":"https:\/\/aaknives.eu\/lt\/#organization","name":"AAKnives","url":"https:\/\/aaknives.eu\/lt\/","logo":{"@type":"ImageObject","inLanguage":"lt-LT","@id":"https:\/\/aaknives.eu\/lt\/#\/schema\/logo\/image\/","url":"https:\/\/aaknives.eu\/wp-content\/uploads\/2021\/10\/AAknives_Logo_Green.png","contentUrl":"https:\/\/aaknives.eu\/wp-content\/uploads\/2021\/10\/AAknives_Logo_Green.png","width":1768,"height":1768,"caption":"AAKnives"},"image":{"@id":"https:\/\/aaknives.eu\/lt\/#\/schema\/logo\/image\/"},"sameAs":["https:\/\/www.facebook.com\/aaknives.eu\/","https:\/\/www.instagram.com\/aaknives\/","https:\/\/www.pinterest.com\/aa_knives\/","https:\/\/www.youtube.com\/channel\/UCHOQFjrOkgT6s4FIw9LDKyw\/featured"]}]}},"_links":{"self":[{"href":"https:\/\/aaknives.eu\/lt\/wp-json\/wp\/v2\/product\/46985","targetHints":{"allow":["GET"]}}],"collection":[{"href":"https:\/\/aaknives.eu\/lt\/wp-json\/wp\/v2\/product"}],"about":[{"href":"https:\/\/aaknives.eu\/lt\/wp-json\/wp\/v2\/types\/product"}],"wp:featuredmedia":[{"embeddable":true,"href":"https:\/\/aaknives.eu\/lt\/wp-json\/wp\/v2\/media\/106205"}],"wp:attachment":[{"href":"https:\/\/aaknives.eu\/lt\/wp-json\/wp\/v2\/media?parent=46985"}],"wp:term":[{"taxonomy":"product_brand","embeddable":true,"href":"https:\/\/aaknives.eu\/lt\/wp-json\/wp\/v2\/product_brand?post=46985"},{"taxonomy":"product_cat","embeddable":true,"href":"https:\/\/aaknives.eu\/lt\/wp-json\/wp\/v2\/product_cat?post=46985"},{"taxonomy":"product_tag","embeddable":true,"href":"https:\/\/aaknives.eu\/lt\/wp-json\/wp\/v2\/product_tag?post=46985"}],"curies":[{"name":"wp","href":"https:\/\/api.w.org\/{rel}","templated":true}]}}