{"id":47009,"date":"2023-05-17T15:02:05","date_gmt":"2023-05-17T15:02:05","guid":{"rendered":"https:\/\/aaknives.eu\/product\/10-7-1200-slifavimo-grudetumas-derva-sujungtas-cbn1-deimantas-poltovos-akmens\/"},"modified":"2025-01-12T17:12:06","modified_gmt":"2025-01-12T17:12:06","slug":"10-7-1200-slifavimo-grudetumas-derva-sujungtas-cbn1-deimantas-poltovos-akmens","status":"publish","type":"product","link":"https:\/\/aaknives.eu\/lt\/product\/10-7-1200-slifavimo-grudetumas-derva-sujungtas-cbn1-deimantas-poltovos-akmens\/","title":{"rendered":"10\/7 (1200 \u0161lifavimo gr\u016bd\u0117tumas) DERVA SUJUNGTAS CBN1 Deimantas Poltovos AKMENS"},"content":{"rendered":"<p>10\/7 (1200 \u0161lifavimo gr\u016bd\u0117tumas) DERVA SUJUNGTAS CBN1 Deimantas Poltovos AKMENS<\/p>\n<p>Deimantinis akmuo ABX 160 5 2 25, HET BN130, Koncentracija: 100%<\/p>\n<p>Poltavos deimantiniai \u012frankiai (Pagaminta Ukrainoje)<\/p>\n<p>CBN (kubinis boro nitridas) yra antra pagal kietum\u0105 med\u017eiaga po deimanto.<br \/>\nCBN pasi\u017eymi dideliu kietumu, stiprumu, atsparumu dilimui, terminiu ir cheminiu atsparumu. \u0160ios savyb\u0117s vir\u0161ija sintetini\u0173 deimant\u0173 ir \u012fprastini\u0173 abrazyv\u0173, toki\u0173 kaip silicio karbidas ir aliuminio oksidas, savybes. Ypa\u010d didelis CBN terminis stabilumas ir atsparumas chemin\u0117ms med\u017eiagoms lemia, kad jis tinka galandinti tokiomis s\u0105lygomis, kai paprastai nenaudojami sintetiniai deimantai.<\/p>\n<p>CBN puikiai galanda bet kokio plieno peilius. D\u0117l didelio atsparumo CBN gali b\u016bti naudojamas sausas, be tepalo. D\u0117l to CBN yra \u0161variausias i\u0161 vis\u0173 galandinimo akmen\u0173.<\/p>\n<p>CBN galandinimo akmenis sudaro 2 mm storio CBN laikan\u010dioji plok\u0161tel\u0117, pritvirtinta prie auk\u0161tos kokyb\u0117s aliuminio ruo\u0161inio. CBN laikan\u010diojoje plok\u0161tel\u0117je yra tolygiai pasiskirst\u0119 CBN gr\u016bdeliai, suri\u0161ti derva.<\/p>\n<p>&nbsp;<\/p>\n<p>&nbsp;<\/p>\n","protected":false},"excerpt":{"rendered":"<p>7\/5 (2500 gr\u016bd\u0117tumo) CBN akmuo, <a href=\"https:\/\/hapstone.pro\/index.php?route=product\/manufacturer\/info&amp;manufacturer_id=19\">Poltavos deimantiniai \u012frankiai (Pagaminta Ukrainoje<\/a>)<\/p>\n","protected":false},"featured_media":92492,"template":"","meta":{"_themeisle_gutenberg_block_has_review":false},"product_brand":[],"product_cat":[375],"product_tag":[],"class_list":{"0":"post-47009","1":"product","2":"type-product","3":"status-publish","4":"has-post-thumbnail","6":"product_cat-peiliu-galandinimas-peiliu-galastuvai","8":"first","9":"instock","10":"shipping-taxable","11":"purchasable","12":"product-type-simple"},"yoast_head":"<!-- This site is optimized with the Yoast SEO plugin v27.3 - https:\/\/yoast.com\/product\/yoast-seo-wordpress\/ -->\n<title>10\/7 (1200 \u0161lifavimo gr\u016bd\u0117tumas) DERVA SUJUNGTAS CBN1 Deimantas Poltovos AKMENS - AAKnives<\/title>\n<meta name=\"description\" content=\"10\/7 (1200 \u0161lifavimo gr\u016bd\u0117tumas) DERVA SUJUNGTAS CBN1 Deimantas Poltovos AKMENS\" \/>\n<meta name=\"robots\" content=\"index, follow, max-snippet:-1, max-image-preview:large, max-video-preview:-1\" \/>\n<link rel=\"canonical\" href=\"https:\/\/aaknives.eu\/lt\/product\/10-7-1200-slifavimo-grudetumas-derva-sujungtas-cbn1-deimantas-poltovos-akmens\/\" \/>\n<meta property=\"og:locale\" content=\"lt_LT\" \/>\n<meta property=\"og:type\" content=\"article\" \/>\n<meta property=\"og:title\" content=\"10\/7 (1200 \u0161lifavimo gr\u016bd\u0117tumas) DERVA SUJUNGTAS CBN1 Deimantas Poltovos AKMENS - AAKnives\" \/>\n<meta property=\"og:description\" content=\"10\/7 (1200 \u0161lifavimo gr\u016bd\u0117tumas) DERVA SUJUNGTAS CBN1 Deimantas Poltovos AKMENS\" \/>\n<meta property=\"og:url\" content=\"https:\/\/aaknives.eu\/lt\/product\/10-7-1200-slifavimo-grudetumas-derva-sujungtas-cbn1-deimantas-poltovos-akmens\/\" \/>\n<meta property=\"og:site_name\" content=\"AAKnives\" \/>\n<meta property=\"article:publisher\" content=\"https:\/\/www.facebook.com\/aaknives.eu\/\" \/>\n<meta property=\"article:modified_time\" content=\"2025-01-12T17:12:06+00:00\" \/>\n<meta property=\"og:image\" content=\"https:\/\/aaknives.eu\/wp-content\/uploads\/2022\/08\/aaknives-hand-forged-damascus-steel-blade-knife-handmade-custom-made-knife-handcrafted-knives-autinetools-northmen-kazak-15.jpg\" \/>\n\t<meta property=\"og:image:width\" content=\"1020\" \/>\n\t<meta property=\"og:image:height\" content=\"680\" \/>\n\t<meta property=\"og:image:type\" content=\"image\/jpeg\" \/>\n<meta name=\"twitter:card\" content=\"summary_large_image\" \/>\n<meta name=\"twitter:label1\" content=\"Est. reading time\" \/>\n\t<meta name=\"twitter:data1\" content=\"1 minut\u0117\" \/>\n<script type=\"application\/ld+json\" class=\"yoast-schema-graph\">{\"@context\":\"https:\\\/\\\/schema.org\",\"@graph\":[{\"@type\":\"WebPage\",\"@id\":\"https:\\\/\\\/aaknives.eu\\\/lt\\\/product\\\/10-7-1200-slifavimo-grudetumas-derva-sujungtas-cbn1-deimantas-poltovos-akmens\\\/\",\"url\":\"https:\\\/\\\/aaknives.eu\\\/lt\\\/product\\\/10-7-1200-slifavimo-grudetumas-derva-sujungtas-cbn1-deimantas-poltovos-akmens\\\/\",\"name\":\"10\\\/7 (1200 \u0161lifavimo gr\u016bd\u0117tumas) DERVA SUJUNGTAS CBN1 Deimantas Poltovos AKMENS - AAKnives\",\"isPartOf\":{\"@id\":\"https:\\\/\\\/aaknives.eu\\\/lt\\\/#website\"},\"primaryImageOfPage\":{\"@id\":\"https:\\\/\\\/aaknives.eu\\\/lt\\\/product\\\/10-7-1200-slifavimo-grudetumas-derva-sujungtas-cbn1-deimantas-poltovos-akmens\\\/#primaryimage\"},\"image\":{\"@id\":\"https:\\\/\\\/aaknives.eu\\\/lt\\\/product\\\/10-7-1200-slifavimo-grudetumas-derva-sujungtas-cbn1-deimantas-poltovos-akmens\\\/#primaryimage\"},\"thumbnailUrl\":\"https:\\\/\\\/aaknives.eu\\\/wp-content\\\/uploads\\\/2023\\\/09\\\/aaknives-hand-forged-damascus-steel-blade-knife-handmade-custom-made-knife-handcrafted-knives-autinetools-northmen-kazak-15.webp\",\"datePublished\":\"2023-05-17T15:02:05+00:00\",\"dateModified\":\"2025-01-12T17:12:06+00:00\",\"description\":\"10\\\/7 (1200 \u0161lifavimo gr\u016bd\u0117tumas) DERVA SUJUNGTAS CBN1 Deimantas Poltovos AKMENS\",\"breadcrumb\":{\"@id\":\"https:\\\/\\\/aaknives.eu\\\/lt\\\/product\\\/10-7-1200-slifavimo-grudetumas-derva-sujungtas-cbn1-deimantas-poltovos-akmens\\\/#breadcrumb\"},\"inLanguage\":\"lt-LT\",\"potentialAction\":[{\"@type\":\"ReadAction\",\"target\":[\"https:\\\/\\\/aaknives.eu\\\/lt\\\/product\\\/10-7-1200-slifavimo-grudetumas-derva-sujungtas-cbn1-deimantas-poltovos-akmens\\\/\"]}]},{\"@type\":\"ImageObject\",\"inLanguage\":\"lt-LT\",\"@id\":\"https:\\\/\\\/aaknives.eu\\\/lt\\\/product\\\/10-7-1200-slifavimo-grudetumas-derva-sujungtas-cbn1-deimantas-poltovos-akmens\\\/#primaryimage\",\"url\":\"https:\\\/\\\/aaknives.eu\\\/wp-content\\\/uploads\\\/2023\\\/09\\\/aaknives-hand-forged-damascus-steel-blade-knife-handmade-custom-made-knife-handcrafted-knives-autinetools-northmen-kazak-15.webp\",\"contentUrl\":\"https:\\\/\\\/aaknives.eu\\\/wp-content\\\/uploads\\\/2023\\\/09\\\/aaknives-hand-forged-damascus-steel-blade-knife-handmade-custom-made-knife-handcrafted-knives-autinetools-northmen-kazak-15.webp\",\"width\":1020,\"height\":680},{\"@type\":\"BreadcrumbList\",\"@id\":\"https:\\\/\\\/aaknives.eu\\\/lt\\\/product\\\/10-7-1200-slifavimo-grudetumas-derva-sujungtas-cbn1-deimantas-poltovos-akmens\\\/#breadcrumb\",\"itemListElement\":[{\"@type\":\"ListItem\",\"position\":1,\"name\":\"Home\",\"item\":\"https:\\\/\\\/aaknives.eu\\\/lt\\\/\"},{\"@type\":\"ListItem\",\"position\":2,\"name\":\"Parduotuv\u0117\",\"item\":\"https:\\\/\\\/aaknives.eu\\\/parduotuve\\\/\"},{\"@type\":\"ListItem\",\"position\":3,\"name\":\"10\\\/7 (1200 \u0161lifavimo gr\u016bd\u0117tumas) DERVA SUJUNGTAS CBN1 Deimantas Poltovos AKMENS\"}]},{\"@type\":\"WebSite\",\"@id\":\"https:\\\/\\\/aaknives.eu\\\/lt\\\/#website\",\"url\":\"https:\\\/\\\/aaknives.eu\\\/lt\\\/\",\"name\":\"AAKnives\",\"description\":\"Handmade knives\",\"publisher\":{\"@id\":\"https:\\\/\\\/aaknives.eu\\\/lt\\\/#organization\"},\"potentialAction\":[{\"@type\":\"SearchAction\",\"target\":{\"@type\":\"EntryPoint\",\"urlTemplate\":\"https:\\\/\\\/aaknives.eu\\\/lt\\\/?s={search_term_string}\"},\"query-input\":{\"@type\":\"PropertyValueSpecification\",\"valueRequired\":true,\"valueName\":\"search_term_string\"}}],\"inLanguage\":\"lt-LT\"},{\"@type\":\"Organization\",\"@id\":\"https:\\\/\\\/aaknives.eu\\\/lt\\\/#organization\",\"name\":\"AAKnives\",\"url\":\"https:\\\/\\\/aaknives.eu\\\/lt\\\/\",\"logo\":{\"@type\":\"ImageObject\",\"inLanguage\":\"lt-LT\",\"@id\":\"https:\\\/\\\/aaknives.eu\\\/lt\\\/#\\\/schema\\\/logo\\\/image\\\/\",\"url\":\"https:\\\/\\\/aaknives.eu\\\/wp-content\\\/uploads\\\/2021\\\/10\\\/AAknives_Logo_Green.png\",\"contentUrl\":\"https:\\\/\\\/aaknives.eu\\\/wp-content\\\/uploads\\\/2021\\\/10\\\/AAknives_Logo_Green.png\",\"width\":1768,\"height\":1768,\"caption\":\"AAKnives\"},\"image\":{\"@id\":\"https:\\\/\\\/aaknives.eu\\\/lt\\\/#\\\/schema\\\/logo\\\/image\\\/\"},\"sameAs\":[\"https:\\\/\\\/www.facebook.com\\\/aaknives.eu\\\/\",\"https:\\\/\\\/www.instagram.com\\\/aaknives\\\/\",\"https:\\\/\\\/www.pinterest.com\\\/aa_knives\\\/\",\"https:\\\/\\\/www.youtube.com\\\/channel\\\/UCHOQFjrOkgT6s4FIw9LDKyw\\\/featured\"]}]}<\/script>\n<!-- \/ Yoast SEO plugin. -->","yoast_head_json":{"title":"10\/7 (1200 \u0161lifavimo gr\u016bd\u0117tumas) DERVA SUJUNGTAS CBN1 Deimantas Poltovos AKMENS - AAKnives","description":"10\/7 (1200 \u0161lifavimo gr\u016bd\u0117tumas) DERVA SUJUNGTAS CBN1 Deimantas Poltovos AKMENS","robots":{"index":"index","follow":"follow","max-snippet":"max-snippet:-1","max-image-preview":"max-image-preview:large","max-video-preview":"max-video-preview:-1"},"canonical":"https:\/\/aaknives.eu\/lt\/product\/10-7-1200-slifavimo-grudetumas-derva-sujungtas-cbn1-deimantas-poltovos-akmens\/","og_locale":"lt_LT","og_type":"article","og_title":"10\/7 (1200 \u0161lifavimo gr\u016bd\u0117tumas) DERVA SUJUNGTAS CBN1 Deimantas Poltovos AKMENS - AAKnives","og_description":"10\/7 (1200 \u0161lifavimo gr\u016bd\u0117tumas) DERVA SUJUNGTAS CBN1 Deimantas Poltovos AKMENS","og_url":"https:\/\/aaknives.eu\/lt\/product\/10-7-1200-slifavimo-grudetumas-derva-sujungtas-cbn1-deimantas-poltovos-akmens\/","og_site_name":"AAKnives","article_publisher":"https:\/\/www.facebook.com\/aaknives.eu\/","article_modified_time":"2025-01-12T17:12:06+00:00","og_image":[{"width":1020,"height":680,"url":"https:\/\/aaknives.eu\/wp-content\/uploads\/2022\/08\/aaknives-hand-forged-damascus-steel-blade-knife-handmade-custom-made-knife-handcrafted-knives-autinetools-northmen-kazak-15.jpg","type":"image\/jpeg"}],"twitter_card":"summary_large_image","twitter_misc":{"Est. reading time":"1 minut\u0117"},"schema":{"@context":"https:\/\/schema.org","@graph":[{"@type":"WebPage","@id":"https:\/\/aaknives.eu\/lt\/product\/10-7-1200-slifavimo-grudetumas-derva-sujungtas-cbn1-deimantas-poltovos-akmens\/","url":"https:\/\/aaknives.eu\/lt\/product\/10-7-1200-slifavimo-grudetumas-derva-sujungtas-cbn1-deimantas-poltovos-akmens\/","name":"10\/7 (1200 \u0161lifavimo gr\u016bd\u0117tumas) DERVA SUJUNGTAS CBN1 Deimantas Poltovos AKMENS - AAKnives","isPartOf":{"@id":"https:\/\/aaknives.eu\/lt\/#website"},"primaryImageOfPage":{"@id":"https:\/\/aaknives.eu\/lt\/product\/10-7-1200-slifavimo-grudetumas-derva-sujungtas-cbn1-deimantas-poltovos-akmens\/#primaryimage"},"image":{"@id":"https:\/\/aaknives.eu\/lt\/product\/10-7-1200-slifavimo-grudetumas-derva-sujungtas-cbn1-deimantas-poltovos-akmens\/#primaryimage"},"thumbnailUrl":"https:\/\/aaknives.eu\/wp-content\/uploads\/2023\/09\/aaknives-hand-forged-damascus-steel-blade-knife-handmade-custom-made-knife-handcrafted-knives-autinetools-northmen-kazak-15.webp","datePublished":"2023-05-17T15:02:05+00:00","dateModified":"2025-01-12T17:12:06+00:00","description":"10\/7 (1200 \u0161lifavimo gr\u016bd\u0117tumas) DERVA SUJUNGTAS CBN1 Deimantas Poltovos AKMENS","breadcrumb":{"@id":"https:\/\/aaknives.eu\/lt\/product\/10-7-1200-slifavimo-grudetumas-derva-sujungtas-cbn1-deimantas-poltovos-akmens\/#breadcrumb"},"inLanguage":"lt-LT","potentialAction":[{"@type":"ReadAction","target":["https:\/\/aaknives.eu\/lt\/product\/10-7-1200-slifavimo-grudetumas-derva-sujungtas-cbn1-deimantas-poltovos-akmens\/"]}]},{"@type":"ImageObject","inLanguage":"lt-LT","@id":"https:\/\/aaknives.eu\/lt\/product\/10-7-1200-slifavimo-grudetumas-derva-sujungtas-cbn1-deimantas-poltovos-akmens\/#primaryimage","url":"https:\/\/aaknives.eu\/wp-content\/uploads\/2023\/09\/aaknives-hand-forged-damascus-steel-blade-knife-handmade-custom-made-knife-handcrafted-knives-autinetools-northmen-kazak-15.webp","contentUrl":"https:\/\/aaknives.eu\/wp-content\/uploads\/2023\/09\/aaknives-hand-forged-damascus-steel-blade-knife-handmade-custom-made-knife-handcrafted-knives-autinetools-northmen-kazak-15.webp","width":1020,"height":680},{"@type":"BreadcrumbList","@id":"https:\/\/aaknives.eu\/lt\/product\/10-7-1200-slifavimo-grudetumas-derva-sujungtas-cbn1-deimantas-poltovos-akmens\/#breadcrumb","itemListElement":[{"@type":"ListItem","position":1,"name":"Home","item":"https:\/\/aaknives.eu\/lt\/"},{"@type":"ListItem","position":2,"name":"Parduotuv\u0117","item":"https:\/\/aaknives.eu\/parduotuve\/"},{"@type":"ListItem","position":3,"name":"10\/7 (1200 \u0161lifavimo gr\u016bd\u0117tumas) DERVA SUJUNGTAS CBN1 Deimantas Poltovos AKMENS"}]},{"@type":"WebSite","@id":"https:\/\/aaknives.eu\/lt\/#website","url":"https:\/\/aaknives.eu\/lt\/","name":"AAKnives","description":"Handmade knives","publisher":{"@id":"https:\/\/aaknives.eu\/lt\/#organization"},"potentialAction":[{"@type":"SearchAction","target":{"@type":"EntryPoint","urlTemplate":"https:\/\/aaknives.eu\/lt\/?s={search_term_string}"},"query-input":{"@type":"PropertyValueSpecification","valueRequired":true,"valueName":"search_term_string"}}],"inLanguage":"lt-LT"},{"@type":"Organization","@id":"https:\/\/aaknives.eu\/lt\/#organization","name":"AAKnives","url":"https:\/\/aaknives.eu\/lt\/","logo":{"@type":"ImageObject","inLanguage":"lt-LT","@id":"https:\/\/aaknives.eu\/lt\/#\/schema\/logo\/image\/","url":"https:\/\/aaknives.eu\/wp-content\/uploads\/2021\/10\/AAknives_Logo_Green.png","contentUrl":"https:\/\/aaknives.eu\/wp-content\/uploads\/2021\/10\/AAknives_Logo_Green.png","width":1768,"height":1768,"caption":"AAKnives"},"image":{"@id":"https:\/\/aaknives.eu\/lt\/#\/schema\/logo\/image\/"},"sameAs":["https:\/\/www.facebook.com\/aaknives.eu\/","https:\/\/www.instagram.com\/aaknives\/","https:\/\/www.pinterest.com\/aa_knives\/","https:\/\/www.youtube.com\/channel\/UCHOQFjrOkgT6s4FIw9LDKyw\/featured"]}]}},"_links":{"self":[{"href":"https:\/\/aaknives.eu\/lt\/wp-json\/wp\/v2\/product\/47009","targetHints":{"allow":["GET"]}}],"collection":[{"href":"https:\/\/aaknives.eu\/lt\/wp-json\/wp\/v2\/product"}],"about":[{"href":"https:\/\/aaknives.eu\/lt\/wp-json\/wp\/v2\/types\/product"}],"wp:featuredmedia":[{"embeddable":true,"href":"https:\/\/aaknives.eu\/lt\/wp-json\/wp\/v2\/media\/92492"}],"wp:attachment":[{"href":"https:\/\/aaknives.eu\/lt\/wp-json\/wp\/v2\/media?parent=47009"}],"wp:term":[{"taxonomy":"product_brand","embeddable":true,"href":"https:\/\/aaknives.eu\/lt\/wp-json\/wp\/v2\/product_brand?post=47009"},{"taxonomy":"product_cat","embeddable":true,"href":"https:\/\/aaknives.eu\/lt\/wp-json\/wp\/v2\/product_cat?post=47009"},{"taxonomy":"product_tag","embeddable":true,"href":"https:\/\/aaknives.eu\/lt\/wp-json\/wp\/v2\/product_tag?post=47009"}],"curies":[{"name":"wp","href":"https:\/\/api.w.org\/{rel}","templated":true}]}}