{"id":47015,"date":"2023-05-08T18:21:31","date_gmt":"2023-05-08T18:21:31","guid":{"rendered":"https:\/\/aaknives.eu\/product\/medzioklinis-peilis-yakut-rankomis-kaltas-h12mf-plieno-peilis-desinei-rankai\/"},"modified":"2023-05-08T18:21:31","modified_gmt":"2023-05-08T18:21:31","slug":"medzioklinis-peilis-yakut-rankomis-kaltas-h12mf-plieno-peilis-desinei-rankai","status":"publish","type":"product","link":"https:\/\/aaknives.eu\/lt\/product\/medzioklinis-peilis-yakut-rankomis-kaltas-h12mf-plieno-peilis-desinei-rankai\/","title":{"rendered":"Med\u017eioklinis peilis &#8211; YAKUT &#8211; rankomis kaltas H12MF plieno peilis de\u0161inei rankai"},"content":{"rendered":"<p>Peilio specifikacijos: YAKUT<br \/>\nPlienas: rankomis kaltas H12MF plienas<br \/>\nKietumas: 61-63 HRC, i\u0161bandytas kietumas<br \/>\nGele\u017et\u0117s ilgis (mm): Ilgis (mm): 148 \/ 5,82 colio<br \/>\nGele\u017et\u0117s storis (mm): (mm): 3 \/ 0,11 colio<br \/>\nA\u0161men\u0173 plotis (mm): Atsparumas (mm): 29 \/ 1,14 colio<br \/>\nRankena: stabilizuotas Karelijos ber\u017eas<br \/>\nBendras ilgis (mm): Vidutinis ilgis (mm): 273 \/ 10,74 colio<\/p>\n<p>Bulat &#8211; H12MF<br \/>\nAnglies liejinys i\u0161 rankomis kalto plieno<br \/>\nsu specialia a\u0161men\u0173 strukt\u016bra, didelio kietumo, didesnio patvarumo ir elastingumo.<br \/>\nKiekviena Bulat plieno gele\u017et\u0117 turi savit\u0105 individual\u0173 ra\u0161t\u0105.<br \/>\n&#8220;AA knives&#8221; gamina peilius i\u0161 legiruoto tiglinio Bulat plieno, kurio pagrind\u0105 sudaro metalas H12MF ir ShH15.<\/p>\n<p>Peili\u0173 i\u0161 &#8220;Bulat&#8221; plieno privalumai:<\/p>\n<p>Didelis kietumas<br \/>\nDidesnis patvarumas<br \/>\nElastingumas<br \/>\nIlgalaikis a\u0161trumas<br \/>\nGele\u017et\u0117s kietumas 62-64 HRC.<br \/>\nRank\u0173 darbo<\/p>\n","protected":false},"excerpt":{"rendered":"<p>Peilio specifikacijos: YAKUT Plienas: rankomis kaltas H12MF plienas Kietumas: 61-63 HRC, i\u0161bandytas kietumas Gele\u017et\u0117s ilgis (mm): Ilgis (mm): 148 \/ 5,82 colio Gele\u017et\u0117s storis (mm): (mm): 3 \/ 0,11 colio A\u0161men\u0173 plotis (mm): Atsparumas (mm): 29 \/ 1,14 colio Rankena: stabilizuotas Karelijos ber\u017eas Bendras ilgis (mm): Vidutinis ilgis (mm): 273 \/ 10,74 colio Bulat &#8211; H12MF Anglies liejinys i\u0161 rankomis kalto plieno su specialia a\u0161men\u0173 strukt\u016bra, didelio kietumo, didesnio patvarumo ir elastingumo. Kiekviena Bulat plieno gele\u017et\u0117 turi savit\u0105 individual\u0173 ra\u0161t\u0105. &#8220;AA knives&#8221; gamina peilius i\u0161 legiruoto tiglinio Bulat plieno, kurio pagrind\u0105 sudaro metalas H12MF ir ShH15. Peili\u0173 i\u0161 &#8220;Bulat&#8221; plieno&hellip;<\/p>\n","protected":false},"featured_media":47016,"template":"","meta":{"_themeisle_gutenberg_block_has_review":false},"product_brand":[],"product_cat":[381,386],"product_tag":[],"class_list":{"0":"post-47015","1":"product","2":"type-product","3":"status-publish","4":"has-post-thumbnail","6":"product_cat-lauko-peiliai","7":"product_cat-medziokliniai-peiliai","9":"first","10":"outofstock","11":"shipping-taxable","12":"purchasable","13":"product-type-simple"},"yoast_head":"<!-- This site is optimized with the Yoast SEO plugin v27.3 - https:\/\/yoast.com\/product\/yoast-seo-wordpress\/ -->\n<title>Med\u017eioklinis peilis - YAKUT - rankomis kaltas H12MF plieno peilis de\u0161inei rankai - AAKnives<\/title>\n<meta name=\"description\" content=\"Med\u017eioklinis peilis - YAKUT - rankomis kaltas H12MF plieno peilis de\u0161inei rankai\" \/>\n<meta name=\"robots\" content=\"index, follow, max-snippet:-1, max-image-preview:large, max-video-preview:-1\" \/>\n<link rel=\"canonical\" href=\"https:\/\/aaknives.eu\/lt\/product\/medzioklinis-peilis-yakut-rankomis-kaltas-h12mf-plieno-peilis-desinei-rankai\/\" \/>\n<meta property=\"og:locale\" content=\"lt_LT\" \/>\n<meta property=\"og:type\" content=\"article\" \/>\n<meta property=\"og:title\" content=\"Med\u017eioklinis peilis - YAKUT - rankomis kaltas H12MF plieno peilis de\u0161inei rankai - AAKnives\" \/>\n<meta property=\"og:description\" content=\"Med\u017eioklinis peilis - YAKUT - rankomis kaltas H12MF plieno peilis de\u0161inei rankai\" \/>\n<meta property=\"og:url\" content=\"https:\/\/aaknives.eu\/lt\/product\/medzioklinis-peilis-yakut-rankomis-kaltas-h12mf-plieno-peilis-desinei-rankai\/\" \/>\n<meta property=\"og:site_name\" content=\"AAKnives\" \/>\n<meta property=\"article:publisher\" content=\"https:\/\/www.facebook.com\/aaknives.eu\/\" \/>\n<meta property=\"og:image\" content=\"https:\/\/aaknives.eu\/wp-content\/uploads\/2023\/05\/aaknives-hand-forged-dabascus-steel-blade-knife-handmade-custom-made-knife-handcrafted-knives-autinetools-northmen-20-3.jpg\" \/>\n\t<meta property=\"og:image:width\" content=\"1020\" \/>\n\t<meta property=\"og:image:height\" content=\"880\" \/>\n\t<meta property=\"og:image:type\" content=\"image\/jpeg\" \/>\n<meta name=\"twitter:card\" content=\"summary_large_image\" \/>\n<meta name=\"twitter:label1\" content=\"Est. reading time\" \/>\n\t<meta name=\"twitter:data1\" content=\"1 minut\u0117\" \/>\n<script type=\"application\/ld+json\" class=\"yoast-schema-graph\">{\"@context\":\"https:\\\/\\\/schema.org\",\"@graph\":[{\"@type\":\"WebPage\",\"@id\":\"https:\\\/\\\/aaknives.eu\\\/lt\\\/product\\\/medzioklinis-peilis-yakut-rankomis-kaltas-h12mf-plieno-peilis-desinei-rankai\\\/\",\"url\":\"https:\\\/\\\/aaknives.eu\\\/lt\\\/product\\\/medzioklinis-peilis-yakut-rankomis-kaltas-h12mf-plieno-peilis-desinei-rankai\\\/\",\"name\":\"Med\u017eioklinis peilis - YAKUT - rankomis kaltas H12MF plieno peilis de\u0161inei rankai - AAKnives\",\"isPartOf\":{\"@id\":\"https:\\\/\\\/aaknives.eu\\\/lt\\\/#website\"},\"primaryImageOfPage\":{\"@id\":\"https:\\\/\\\/aaknives.eu\\\/lt\\\/product\\\/medzioklinis-peilis-yakut-rankomis-kaltas-h12mf-plieno-peilis-desinei-rankai\\\/#primaryimage\"},\"image\":{\"@id\":\"https:\\\/\\\/aaknives.eu\\\/lt\\\/product\\\/medzioklinis-peilis-yakut-rankomis-kaltas-h12mf-plieno-peilis-desinei-rankai\\\/#primaryimage\"},\"thumbnailUrl\":\"https:\\\/\\\/aaknives.eu\\\/wp-content\\\/uploads\\\/2023\\\/05\\\/aaknives-hand-forged-dabascus-steel-blade-knife-handmade-custom-made-knife-handcrafted-knives-autinetools-northmen-20-3.jpg\",\"datePublished\":\"2023-05-08T18:21:31+00:00\",\"description\":\"Med\u017eioklinis peilis - YAKUT - rankomis kaltas H12MF plieno peilis de\u0161inei rankai\",\"breadcrumb\":{\"@id\":\"https:\\\/\\\/aaknives.eu\\\/lt\\\/product\\\/medzioklinis-peilis-yakut-rankomis-kaltas-h12mf-plieno-peilis-desinei-rankai\\\/#breadcrumb\"},\"inLanguage\":\"lt-LT\",\"potentialAction\":[{\"@type\":\"ReadAction\",\"target\":[\"https:\\\/\\\/aaknives.eu\\\/lt\\\/product\\\/medzioklinis-peilis-yakut-rankomis-kaltas-h12mf-plieno-peilis-desinei-rankai\\\/\"]}]},{\"@type\":\"ImageObject\",\"inLanguage\":\"lt-LT\",\"@id\":\"https:\\\/\\\/aaknives.eu\\\/lt\\\/product\\\/medzioklinis-peilis-yakut-rankomis-kaltas-h12mf-plieno-peilis-desinei-rankai\\\/#primaryimage\",\"url\":\"https:\\\/\\\/aaknives.eu\\\/wp-content\\\/uploads\\\/2023\\\/05\\\/aaknives-hand-forged-dabascus-steel-blade-knife-handmade-custom-made-knife-handcrafted-knives-autinetools-northmen-20-3.jpg\",\"contentUrl\":\"https:\\\/\\\/aaknives.eu\\\/wp-content\\\/uploads\\\/2023\\\/05\\\/aaknives-hand-forged-dabascus-steel-blade-knife-handmade-custom-made-knife-handcrafted-knives-autinetools-northmen-20-3.jpg\",\"width\":1020,\"height\":880,\"caption\":\"aaknives hand forged dabascus steel blade knife handmade custom made knife handcrafted knives autinetools northmen 20 3\"},{\"@type\":\"BreadcrumbList\",\"@id\":\"https:\\\/\\\/aaknives.eu\\\/lt\\\/product\\\/medzioklinis-peilis-yakut-rankomis-kaltas-h12mf-plieno-peilis-desinei-rankai\\\/#breadcrumb\",\"itemListElement\":[{\"@type\":\"ListItem\",\"position\":1,\"name\":\"Home\",\"item\":\"https:\\\/\\\/aaknives.eu\\\/lt\\\/\"},{\"@type\":\"ListItem\",\"position\":2,\"name\":\"Parduotuv\u0117\",\"item\":\"https:\\\/\\\/aaknives.eu\\\/parduotuve\\\/\"},{\"@type\":\"ListItem\",\"position\":3,\"name\":\"Med\u017eioklinis peilis &#8211; YAKUT &#8211; rankomis kaltas H12MF plieno peilis de\u0161inei rankai\"}]},{\"@type\":\"WebSite\",\"@id\":\"https:\\\/\\\/aaknives.eu\\\/lt\\\/#website\",\"url\":\"https:\\\/\\\/aaknives.eu\\\/lt\\\/\",\"name\":\"AAKnives\",\"description\":\"Handmade knives\",\"publisher\":{\"@id\":\"https:\\\/\\\/aaknives.eu\\\/lt\\\/#organization\"},\"potentialAction\":[{\"@type\":\"SearchAction\",\"target\":{\"@type\":\"EntryPoint\",\"urlTemplate\":\"https:\\\/\\\/aaknives.eu\\\/lt\\\/?s={search_term_string}\"},\"query-input\":{\"@type\":\"PropertyValueSpecification\",\"valueRequired\":true,\"valueName\":\"search_term_string\"}}],\"inLanguage\":\"lt-LT\"},{\"@type\":\"Organization\",\"@id\":\"https:\\\/\\\/aaknives.eu\\\/lt\\\/#organization\",\"name\":\"AAKnives\",\"url\":\"https:\\\/\\\/aaknives.eu\\\/lt\\\/\",\"logo\":{\"@type\":\"ImageObject\",\"inLanguage\":\"lt-LT\",\"@id\":\"https:\\\/\\\/aaknives.eu\\\/lt\\\/#\\\/schema\\\/logo\\\/image\\\/\",\"url\":\"https:\\\/\\\/aaknives.eu\\\/wp-content\\\/uploads\\\/2021\\\/10\\\/AAknives_Logo_Green.png\",\"contentUrl\":\"https:\\\/\\\/aaknives.eu\\\/wp-content\\\/uploads\\\/2021\\\/10\\\/AAknives_Logo_Green.png\",\"width\":1768,\"height\":1768,\"caption\":\"AAKnives\"},\"image\":{\"@id\":\"https:\\\/\\\/aaknives.eu\\\/lt\\\/#\\\/schema\\\/logo\\\/image\\\/\"},\"sameAs\":[\"https:\\\/\\\/www.facebook.com\\\/aaknives.eu\\\/\",\"https:\\\/\\\/www.instagram.com\\\/aaknives\\\/\",\"https:\\\/\\\/www.pinterest.com\\\/aa_knives\\\/\",\"https:\\\/\\\/www.youtube.com\\\/channel\\\/UCHOQFjrOkgT6s4FIw9LDKyw\\\/featured\"]}]}<\/script>\n<!-- \/ Yoast SEO plugin. -->","yoast_head_json":{"title":"Med\u017eioklinis peilis - YAKUT - rankomis kaltas H12MF plieno peilis de\u0161inei rankai - AAKnives","description":"Med\u017eioklinis peilis - YAKUT - rankomis kaltas H12MF plieno peilis de\u0161inei rankai","robots":{"index":"index","follow":"follow","max-snippet":"max-snippet:-1","max-image-preview":"max-image-preview:large","max-video-preview":"max-video-preview:-1"},"canonical":"https:\/\/aaknives.eu\/lt\/product\/medzioklinis-peilis-yakut-rankomis-kaltas-h12mf-plieno-peilis-desinei-rankai\/","og_locale":"lt_LT","og_type":"article","og_title":"Med\u017eioklinis peilis - YAKUT - rankomis kaltas H12MF plieno peilis de\u0161inei rankai - AAKnives","og_description":"Med\u017eioklinis peilis - YAKUT - rankomis kaltas H12MF plieno peilis de\u0161inei rankai","og_url":"https:\/\/aaknives.eu\/lt\/product\/medzioklinis-peilis-yakut-rankomis-kaltas-h12mf-plieno-peilis-desinei-rankai\/","og_site_name":"AAKnives","article_publisher":"https:\/\/www.facebook.com\/aaknives.eu\/","og_image":[{"width":1020,"height":880,"url":"https:\/\/aaknives.eu\/wp-content\/uploads\/2023\/05\/aaknives-hand-forged-dabascus-steel-blade-knife-handmade-custom-made-knife-handcrafted-knives-autinetools-northmen-20-3.jpg","type":"image\/jpeg"}],"twitter_card":"summary_large_image","twitter_misc":{"Est. reading time":"1 minut\u0117"},"schema":{"@context":"https:\/\/schema.org","@graph":[{"@type":"WebPage","@id":"https:\/\/aaknives.eu\/lt\/product\/medzioklinis-peilis-yakut-rankomis-kaltas-h12mf-plieno-peilis-desinei-rankai\/","url":"https:\/\/aaknives.eu\/lt\/product\/medzioklinis-peilis-yakut-rankomis-kaltas-h12mf-plieno-peilis-desinei-rankai\/","name":"Med\u017eioklinis peilis - YAKUT - rankomis kaltas H12MF plieno peilis de\u0161inei rankai - AAKnives","isPartOf":{"@id":"https:\/\/aaknives.eu\/lt\/#website"},"primaryImageOfPage":{"@id":"https:\/\/aaknives.eu\/lt\/product\/medzioklinis-peilis-yakut-rankomis-kaltas-h12mf-plieno-peilis-desinei-rankai\/#primaryimage"},"image":{"@id":"https:\/\/aaknives.eu\/lt\/product\/medzioklinis-peilis-yakut-rankomis-kaltas-h12mf-plieno-peilis-desinei-rankai\/#primaryimage"},"thumbnailUrl":"https:\/\/aaknives.eu\/wp-content\/uploads\/2023\/05\/aaknives-hand-forged-dabascus-steel-blade-knife-handmade-custom-made-knife-handcrafted-knives-autinetools-northmen-20-3.jpg","datePublished":"2023-05-08T18:21:31+00:00","description":"Med\u017eioklinis peilis - YAKUT - rankomis kaltas H12MF plieno peilis de\u0161inei rankai","breadcrumb":{"@id":"https:\/\/aaknives.eu\/lt\/product\/medzioklinis-peilis-yakut-rankomis-kaltas-h12mf-plieno-peilis-desinei-rankai\/#breadcrumb"},"inLanguage":"lt-LT","potentialAction":[{"@type":"ReadAction","target":["https:\/\/aaknives.eu\/lt\/product\/medzioklinis-peilis-yakut-rankomis-kaltas-h12mf-plieno-peilis-desinei-rankai\/"]}]},{"@type":"ImageObject","inLanguage":"lt-LT","@id":"https:\/\/aaknives.eu\/lt\/product\/medzioklinis-peilis-yakut-rankomis-kaltas-h12mf-plieno-peilis-desinei-rankai\/#primaryimage","url":"https:\/\/aaknives.eu\/wp-content\/uploads\/2023\/05\/aaknives-hand-forged-dabascus-steel-blade-knife-handmade-custom-made-knife-handcrafted-knives-autinetools-northmen-20-3.jpg","contentUrl":"https:\/\/aaknives.eu\/wp-content\/uploads\/2023\/05\/aaknives-hand-forged-dabascus-steel-blade-knife-handmade-custom-made-knife-handcrafted-knives-autinetools-northmen-20-3.jpg","width":1020,"height":880,"caption":"aaknives hand forged dabascus steel blade knife handmade custom made knife handcrafted knives autinetools northmen 20 3"},{"@type":"BreadcrumbList","@id":"https:\/\/aaknives.eu\/lt\/product\/medzioklinis-peilis-yakut-rankomis-kaltas-h12mf-plieno-peilis-desinei-rankai\/#breadcrumb","itemListElement":[{"@type":"ListItem","position":1,"name":"Home","item":"https:\/\/aaknives.eu\/lt\/"},{"@type":"ListItem","position":2,"name":"Parduotuv\u0117","item":"https:\/\/aaknives.eu\/parduotuve\/"},{"@type":"ListItem","position":3,"name":"Med\u017eioklinis peilis &#8211; YAKUT &#8211; rankomis kaltas H12MF plieno peilis de\u0161inei rankai"}]},{"@type":"WebSite","@id":"https:\/\/aaknives.eu\/lt\/#website","url":"https:\/\/aaknives.eu\/lt\/","name":"AAKnives","description":"Handmade knives","publisher":{"@id":"https:\/\/aaknives.eu\/lt\/#organization"},"potentialAction":[{"@type":"SearchAction","target":{"@type":"EntryPoint","urlTemplate":"https:\/\/aaknives.eu\/lt\/?s={search_term_string}"},"query-input":{"@type":"PropertyValueSpecification","valueRequired":true,"valueName":"search_term_string"}}],"inLanguage":"lt-LT"},{"@type":"Organization","@id":"https:\/\/aaknives.eu\/lt\/#organization","name":"AAKnives","url":"https:\/\/aaknives.eu\/lt\/","logo":{"@type":"ImageObject","inLanguage":"lt-LT","@id":"https:\/\/aaknives.eu\/lt\/#\/schema\/logo\/image\/","url":"https:\/\/aaknives.eu\/wp-content\/uploads\/2021\/10\/AAknives_Logo_Green.png","contentUrl":"https:\/\/aaknives.eu\/wp-content\/uploads\/2021\/10\/AAknives_Logo_Green.png","width":1768,"height":1768,"caption":"AAKnives"},"image":{"@id":"https:\/\/aaknives.eu\/lt\/#\/schema\/logo\/image\/"},"sameAs":["https:\/\/www.facebook.com\/aaknives.eu\/","https:\/\/www.instagram.com\/aaknives\/","https:\/\/www.pinterest.com\/aa_knives\/","https:\/\/www.youtube.com\/channel\/UCHOQFjrOkgT6s4FIw9LDKyw\/featured"]}]}},"_links":{"self":[{"href":"https:\/\/aaknives.eu\/lt\/wp-json\/wp\/v2\/product\/47015","targetHints":{"allow":["GET"]}}],"collection":[{"href":"https:\/\/aaknives.eu\/lt\/wp-json\/wp\/v2\/product"}],"about":[{"href":"https:\/\/aaknives.eu\/lt\/wp-json\/wp\/v2\/types\/product"}],"wp:featuredmedia":[{"embeddable":true,"href":"https:\/\/aaknives.eu\/lt\/wp-json\/wp\/v2\/media\/47016"}],"wp:attachment":[{"href":"https:\/\/aaknives.eu\/lt\/wp-json\/wp\/v2\/media?parent=47015"}],"wp:term":[{"taxonomy":"product_brand","embeddable":true,"href":"https:\/\/aaknives.eu\/lt\/wp-json\/wp\/v2\/product_brand?post=47015"},{"taxonomy":"product_cat","embeddable":true,"href":"https:\/\/aaknives.eu\/lt\/wp-json\/wp\/v2\/product_cat?post=47015"},{"taxonomy":"product_tag","embeddable":true,"href":"https:\/\/aaknives.eu\/lt\/wp-json\/wp\/v2\/product_tag?post=47015"}],"curies":[{"name":"wp","href":"https:\/\/api.w.org\/{rel}","templated":true}]}}