{"id":47071,"date":"2023-03-09T17:19:15","date_gmt":"2023-03-09T17:19:15","guid":{"rendered":"https:\/\/aaknives.eu\/product\/borido-rekomenduojamu-akmenu-rinkinys\/"},"modified":"2026-01-14T18:55:16","modified_gmt":"2026-01-14T18:55:16","slug":"borido-rekomenduojamu-akmenu-rinkinys","status":"publish","type":"product","link":"https:\/\/aaknives.eu\/lt\/product\/borido-rekomenduojamu-akmenu-rinkinys\/","title":{"rendered":"BORIDO REKOMENDUOJAM\u0172 AKMEN\u0172 RINKINYS"},"content":{"rendered":"<p>Boridiniai galandinimo akmenys naudojami peiliams gal\u0105sti &#8220;Hapstone&#8221; gal\u0105stuvais. &#8220;Boride&#8221; si\u016blo plat\u0173 akmen\u0173 asortiment\u0105, pasi\u017eymint\u012f skirtingomis eksploatacin\u0117mis savyb\u0117mis ir skirtingu dilimo grei\u010diu.<br \/>\n. Boridiniai akmenys gaminami i\u0161 aliuminio oksido, i\u0161skyrus CS-HD serijos akmenis, kurie gaminami i\u0161 silicio karbido. Visi borido akmenys yra 6 mm storio ir sumontuoti ant auk\u0161tos kokyb\u0117s aliuminio ruo\u0161ini\u0173. 6 mm storio akmenys yra ilgaam\u017ei\u0161kesni u\u017e 3 mm storio akmenis ir tampa bendruomen\u0117s standartu.<\/p>\n<p>Jei ne\u017einote, k\u0105 pirkti peili\u0173 gal\u0105stuvams, \u012fsigykite rekomenduojam\u0105 Borido rinkin\u012f su 5 akmenimis.<br \/>\nPC serijos (angl. Polisher&#8217;s Choice) akmenys gaminami i\u0161 aliuminio oksido, kurio gr\u016bd\u0117tumas yra grie\u017etai kontroliuojamas, ir turi speciali\u0105 jungt\u012f. Kaip galima sp\u0117ti i\u0161 serijos pavadinimo, \u0161ie akmenys skirti apdailos darbams, kai reikia greitai pa\u0161alinti \u0161lifavimo med\u017eiag\u0105. PC 1200 gr\u016bd\u0117tumas yra labai populiarus kaip apdailos akmuo ir \u012feina \u012f Boride akmen\u0173 rinkinius.<\/p>\n<p>\u012e rekomenduojam\u0105 &#8220;Boride PC&#8221; rinkin\u012f \u012feina \u0161ie gr\u016bd\u0117tumo dyd\u017eiai :<\/p>\n<p>  150<br \/>\n  220<br \/>\n  400<br \/>\n  600<br \/>\n  1200<\/p>\n","protected":false},"excerpt":{"rendered":"<p>Boridiniai galandinimo akmenys naudojami peiliams gal\u0105sti &#8220;Hapstone&#8221; gal\u0105stuvais. &#8220;Boride&#8221; si\u016blo plat\u0173 akmen\u0173 asortiment\u0105, pasi\u017eymint\u012f skirtingomis eksploatacin\u0117mis savyb\u0117mis ir skirtingu dilimo grei\u010diu. . Boridiniai akmenys gaminami i\u0161 aliuminio oksido, i\u0161skyrus CS-HD serijos akmenis, kurie gaminami i\u0161 silicio karbido. Visi borido akmenys yra 6 mm storio ir sumontuoti ant auk\u0161tos kokyb\u0117s aliuminio ruo\u0161ini\u0173. 6 mm storio akmenys yra ilgaam\u017ei\u0161kesni u\u017e 3 mm storio akmenis ir tampa bendruomen\u0117s standartu. Jei ne\u017einote, k\u0105 pirkti peili\u0173 gal\u0105stuvams, \u012fsigykite rekomenduojam\u0105 Borido rinkin\u012f su 5 akmenimis. PC serijos (angl. Polisher&#8217;s Choice) akmenys gaminami i\u0161 aliuminio oksido, kurio gr\u016bd\u0117tumas yra grie\u017etai kontroliuojamas, ir turi speciali\u0105 jungt\u012f. Kaip galima&hellip;<\/p>\n","protected":false},"featured_media":47072,"template":"","meta":{"_themeisle_gutenberg_block_has_review":false},"product_brand":[],"product_cat":[375],"product_tag":[],"class_list":{"0":"post-47071","1":"product","2":"type-product","3":"status-publish","4":"has-post-thumbnail","6":"product_cat-peiliu-galandinimas-peiliu-galastuvai","8":"first","9":"instock","10":"shipping-taxable","11":"purchasable","12":"product-type-simple"},"yoast_head":"<!-- This site is optimized with the Yoast SEO plugin v27.5 - https:\/\/yoast.com\/product\/yoast-seo-wordpress\/ -->\n<title>BORIDO REKOMENDUOJAM\u0172 AKMEN\u0172 RINKINYS - AAKnives<\/title>\n<meta name=\"description\" content=\"Borido CS-HD serijos galandinimo akmen\u0173 rinkinys 5 vnt.\" \/>\n<meta name=\"robots\" content=\"index, follow, max-snippet:-1, max-image-preview:large, max-video-preview:-1\" \/>\n<link rel=\"canonical\" href=\"https:\/\/aaknives.eu\/lt\/product\/borido-rekomenduojamu-akmenu-rinkinys\/\" \/>\n<meta property=\"og:locale\" content=\"lt_LT\" \/>\n<meta property=\"og:type\" content=\"article\" \/>\n<meta property=\"og:title\" content=\"BORIDO REKOMENDUOJAM\u0172 AKMEN\u0172 RINKINYS - AAKnives\" \/>\n<meta property=\"og:description\" content=\"Borido CS-HD serijos galandinimo akmen\u0173 rinkinys 5 vnt.\" \/>\n<meta property=\"og:url\" content=\"https:\/\/aaknives.eu\/lt\/product\/borido-rekomenduojamu-akmenu-rinkinys\/\" \/>\n<meta property=\"og:site_name\" content=\"AAKnives\" \/>\n<meta property=\"article:publisher\" content=\"https:\/\/www.facebook.com\/aaknives.eu\/\" \/>\n<meta property=\"article:modified_time\" content=\"2026-01-14T18:55:16+00:00\" \/>\n<meta property=\"og:image\" content=\"https:\/\/aaknives.eu\/wp-content\/uploads\/2023\/03\/1.jpg\" \/>\n\t<meta property=\"og:image:width\" content=\"1020\" \/>\n\t<meta property=\"og:image:height\" content=\"880\" \/>\n\t<meta property=\"og:image:type\" content=\"image\/jpeg\" \/>\n<meta name=\"twitter:card\" content=\"summary_large_image\" \/>\n<meta name=\"twitter:label1\" content=\"Est. reading time\" \/>\n\t<meta name=\"twitter:data1\" content=\"1 minut\u0117\" \/>\n<script type=\"application\/ld+json\" class=\"yoast-schema-graph\">{\"@context\":\"https:\\\/\\\/schema.org\",\"@graph\":[{\"@type\":\"WebPage\",\"@id\":\"https:\\\/\\\/aaknives.eu\\\/lt\\\/product\\\/borido-rekomenduojamu-akmenu-rinkinys\\\/\",\"url\":\"https:\\\/\\\/aaknives.eu\\\/lt\\\/product\\\/borido-rekomenduojamu-akmenu-rinkinys\\\/\",\"name\":\"BORIDO REKOMENDUOJAM\u0172 AKMEN\u0172 RINKINYS - AAKnives\",\"isPartOf\":{\"@id\":\"https:\\\/\\\/aaknives.eu\\\/lt\\\/#website\"},\"primaryImageOfPage\":{\"@id\":\"https:\\\/\\\/aaknives.eu\\\/lt\\\/product\\\/borido-rekomenduojamu-akmenu-rinkinys\\\/#primaryimage\"},\"image\":{\"@id\":\"https:\\\/\\\/aaknives.eu\\\/lt\\\/product\\\/borido-rekomenduojamu-akmenu-rinkinys\\\/#primaryimage\"},\"thumbnailUrl\":\"https:\\\/\\\/aaknives.eu\\\/wp-content\\\/uploads\\\/2023\\\/03\\\/1.jpg\",\"datePublished\":\"2023-03-09T17:19:15+00:00\",\"dateModified\":\"2026-01-14T18:55:16+00:00\",\"description\":\"Borido CS-HD serijos galandinimo akmen\u0173 rinkinys 5 vnt.\",\"breadcrumb\":{\"@id\":\"https:\\\/\\\/aaknives.eu\\\/lt\\\/product\\\/borido-rekomenduojamu-akmenu-rinkinys\\\/#breadcrumb\"},\"inLanguage\":\"lt-LT\",\"potentialAction\":[{\"@type\":\"ReadAction\",\"target\":[\"https:\\\/\\\/aaknives.eu\\\/lt\\\/product\\\/borido-rekomenduojamu-akmenu-rinkinys\\\/\"]}]},{\"@type\":\"ImageObject\",\"inLanguage\":\"lt-LT\",\"@id\":\"https:\\\/\\\/aaknives.eu\\\/lt\\\/product\\\/borido-rekomenduojamu-akmenu-rinkinys\\\/#primaryimage\",\"url\":\"https:\\\/\\\/aaknives.eu\\\/wp-content\\\/uploads\\\/2023\\\/03\\\/1.jpg\",\"contentUrl\":\"https:\\\/\\\/aaknives.eu\\\/wp-content\\\/uploads\\\/2023\\\/03\\\/1.jpg\",\"width\":1020,\"height\":880},{\"@type\":\"BreadcrumbList\",\"@id\":\"https:\\\/\\\/aaknives.eu\\\/lt\\\/product\\\/borido-rekomenduojamu-akmenu-rinkinys\\\/#breadcrumb\",\"itemListElement\":[{\"@type\":\"ListItem\",\"position\":1,\"name\":\"Home\",\"item\":\"https:\\\/\\\/aaknives.eu\\\/lt\\\/\"},{\"@type\":\"ListItem\",\"position\":2,\"name\":\"Parduotuv\u0117\",\"item\":\"https:\\\/\\\/aaknives.eu\\\/parduotuve\\\/\"},{\"@type\":\"ListItem\",\"position\":3,\"name\":\"BORIDO REKOMENDUOJAM\u0172 AKMEN\u0172 RINKINYS\"}]},{\"@type\":\"WebSite\",\"@id\":\"https:\\\/\\\/aaknives.eu\\\/lt\\\/#website\",\"url\":\"https:\\\/\\\/aaknives.eu\\\/lt\\\/\",\"name\":\"AAKnives\",\"description\":\"Handmade knives\",\"publisher\":{\"@id\":\"https:\\\/\\\/aaknives.eu\\\/lt\\\/#organization\"},\"potentialAction\":[{\"@type\":\"SearchAction\",\"target\":{\"@type\":\"EntryPoint\",\"urlTemplate\":\"https:\\\/\\\/aaknives.eu\\\/lt\\\/?s={search_term_string}\"},\"query-input\":{\"@type\":\"PropertyValueSpecification\",\"valueRequired\":true,\"valueName\":\"search_term_string\"}}],\"inLanguage\":\"lt-LT\"},{\"@type\":\"Organization\",\"@id\":\"https:\\\/\\\/aaknives.eu\\\/lt\\\/#organization\",\"name\":\"AAKnives\",\"url\":\"https:\\\/\\\/aaknives.eu\\\/lt\\\/\",\"logo\":{\"@type\":\"ImageObject\",\"inLanguage\":\"lt-LT\",\"@id\":\"https:\\\/\\\/aaknives.eu\\\/lt\\\/#\\\/schema\\\/logo\\\/image\\\/\",\"url\":\"https:\\\/\\\/aaknives.eu\\\/wp-content\\\/uploads\\\/2021\\\/10\\\/AAknives_Logo_Green.png\",\"contentUrl\":\"https:\\\/\\\/aaknives.eu\\\/wp-content\\\/uploads\\\/2021\\\/10\\\/AAknives_Logo_Green.png\",\"width\":1768,\"height\":1768,\"caption\":\"AAKnives\"},\"image\":{\"@id\":\"https:\\\/\\\/aaknives.eu\\\/lt\\\/#\\\/schema\\\/logo\\\/image\\\/\"},\"sameAs\":[\"https:\\\/\\\/www.facebook.com\\\/aaknives.eu\\\/\",\"https:\\\/\\\/www.instagram.com\\\/aaknives\\\/\",\"https:\\\/\\\/www.pinterest.com\\\/aa_knives\\\/\",\"https:\\\/\\\/www.youtube.com\\\/channel\\\/UCHOQFjrOkgT6s4FIw9LDKyw\\\/featured\"]}]}<\/script>\n<!-- \/ Yoast SEO plugin. -->","yoast_head_json":{"title":"BORIDO REKOMENDUOJAM\u0172 AKMEN\u0172 RINKINYS - AAKnives","description":"Borido CS-HD serijos galandinimo akmen\u0173 rinkinys 5 vnt.","robots":{"index":"index","follow":"follow","max-snippet":"max-snippet:-1","max-image-preview":"max-image-preview:large","max-video-preview":"max-video-preview:-1"},"canonical":"https:\/\/aaknives.eu\/lt\/product\/borido-rekomenduojamu-akmenu-rinkinys\/","og_locale":"lt_LT","og_type":"article","og_title":"BORIDO REKOMENDUOJAM\u0172 AKMEN\u0172 RINKINYS - AAKnives","og_description":"Borido CS-HD serijos galandinimo akmen\u0173 rinkinys 5 vnt.","og_url":"https:\/\/aaknives.eu\/lt\/product\/borido-rekomenduojamu-akmenu-rinkinys\/","og_site_name":"AAKnives","article_publisher":"https:\/\/www.facebook.com\/aaknives.eu\/","article_modified_time":"2026-01-14T18:55:16+00:00","og_image":[{"width":1020,"height":880,"url":"https:\/\/aaknives.eu\/wp-content\/uploads\/2023\/03\/1.jpg","type":"image\/jpeg"}],"twitter_card":"summary_large_image","twitter_misc":{"Est. reading time":"1 minut\u0117"},"schema":{"@context":"https:\/\/schema.org","@graph":[{"@type":"WebPage","@id":"https:\/\/aaknives.eu\/lt\/product\/borido-rekomenduojamu-akmenu-rinkinys\/","url":"https:\/\/aaknives.eu\/lt\/product\/borido-rekomenduojamu-akmenu-rinkinys\/","name":"BORIDO REKOMENDUOJAM\u0172 AKMEN\u0172 RINKINYS - AAKnives","isPartOf":{"@id":"https:\/\/aaknives.eu\/lt\/#website"},"primaryImageOfPage":{"@id":"https:\/\/aaknives.eu\/lt\/product\/borido-rekomenduojamu-akmenu-rinkinys\/#primaryimage"},"image":{"@id":"https:\/\/aaknives.eu\/lt\/product\/borido-rekomenduojamu-akmenu-rinkinys\/#primaryimage"},"thumbnailUrl":"https:\/\/aaknives.eu\/wp-content\/uploads\/2023\/03\/1.jpg","datePublished":"2023-03-09T17:19:15+00:00","dateModified":"2026-01-14T18:55:16+00:00","description":"Borido CS-HD serijos galandinimo akmen\u0173 rinkinys 5 vnt.","breadcrumb":{"@id":"https:\/\/aaknives.eu\/lt\/product\/borido-rekomenduojamu-akmenu-rinkinys\/#breadcrumb"},"inLanguage":"lt-LT","potentialAction":[{"@type":"ReadAction","target":["https:\/\/aaknives.eu\/lt\/product\/borido-rekomenduojamu-akmenu-rinkinys\/"]}]},{"@type":"ImageObject","inLanguage":"lt-LT","@id":"https:\/\/aaknives.eu\/lt\/product\/borido-rekomenduojamu-akmenu-rinkinys\/#primaryimage","url":"https:\/\/aaknives.eu\/wp-content\/uploads\/2023\/03\/1.jpg","contentUrl":"https:\/\/aaknives.eu\/wp-content\/uploads\/2023\/03\/1.jpg","width":1020,"height":880},{"@type":"BreadcrumbList","@id":"https:\/\/aaknives.eu\/lt\/product\/borido-rekomenduojamu-akmenu-rinkinys\/#breadcrumb","itemListElement":[{"@type":"ListItem","position":1,"name":"Home","item":"https:\/\/aaknives.eu\/lt\/"},{"@type":"ListItem","position":2,"name":"Parduotuv\u0117","item":"https:\/\/aaknives.eu\/parduotuve\/"},{"@type":"ListItem","position":3,"name":"BORIDO REKOMENDUOJAM\u0172 AKMEN\u0172 RINKINYS"}]},{"@type":"WebSite","@id":"https:\/\/aaknives.eu\/lt\/#website","url":"https:\/\/aaknives.eu\/lt\/","name":"AAKnives","description":"Handmade knives","publisher":{"@id":"https:\/\/aaknives.eu\/lt\/#organization"},"potentialAction":[{"@type":"SearchAction","target":{"@type":"EntryPoint","urlTemplate":"https:\/\/aaknives.eu\/lt\/?s={search_term_string}"},"query-input":{"@type":"PropertyValueSpecification","valueRequired":true,"valueName":"search_term_string"}}],"inLanguage":"lt-LT"},{"@type":"Organization","@id":"https:\/\/aaknives.eu\/lt\/#organization","name":"AAKnives","url":"https:\/\/aaknives.eu\/lt\/","logo":{"@type":"ImageObject","inLanguage":"lt-LT","@id":"https:\/\/aaknives.eu\/lt\/#\/schema\/logo\/image\/","url":"https:\/\/aaknives.eu\/wp-content\/uploads\/2021\/10\/AAknives_Logo_Green.png","contentUrl":"https:\/\/aaknives.eu\/wp-content\/uploads\/2021\/10\/AAknives_Logo_Green.png","width":1768,"height":1768,"caption":"AAKnives"},"image":{"@id":"https:\/\/aaknives.eu\/lt\/#\/schema\/logo\/image\/"},"sameAs":["https:\/\/www.facebook.com\/aaknives.eu\/","https:\/\/www.instagram.com\/aaknives\/","https:\/\/www.pinterest.com\/aa_knives\/","https:\/\/www.youtube.com\/channel\/UCHOQFjrOkgT6s4FIw9LDKyw\/featured"]}]}},"_links":{"self":[{"href":"https:\/\/aaknives.eu\/lt\/wp-json\/wp\/v2\/product\/47071","targetHints":{"allow":["GET"]}}],"collection":[{"href":"https:\/\/aaknives.eu\/lt\/wp-json\/wp\/v2\/product"}],"about":[{"href":"https:\/\/aaknives.eu\/lt\/wp-json\/wp\/v2\/types\/product"}],"wp:featuredmedia":[{"embeddable":true,"href":"https:\/\/aaknives.eu\/lt\/wp-json\/wp\/v2\/media\/47072"}],"wp:attachment":[{"href":"https:\/\/aaknives.eu\/lt\/wp-json\/wp\/v2\/media?parent=47071"}],"wp:term":[{"taxonomy":"product_brand","embeddable":true,"href":"https:\/\/aaknives.eu\/lt\/wp-json\/wp\/v2\/product_brand?post=47071"},{"taxonomy":"product_cat","embeddable":true,"href":"https:\/\/aaknives.eu\/lt\/wp-json\/wp\/v2\/product_cat?post=47071"},{"taxonomy":"product_tag","embeddable":true,"href":"https:\/\/aaknives.eu\/lt\/wp-json\/wp\/v2\/product_tag?post=47071"}],"curies":[{"name":"wp","href":"https:\/\/api.w.org\/{rel}","templated":true}]}}