{"id":47080,"date":"2023-03-07T17:43:25","date_gmt":"2023-03-07T17:43:25","guid":{"rendered":"https:\/\/aaknives.eu\/product\/big-chef-peilis-kaltinis-damasko-plienas-2\/"},"modified":"2025-03-12T15:34:24","modified_gmt":"2025-03-12T15:34:24","slug":"big-chef-peilis-kaltinis-damasko-plienas-2","status":"publish","type":"product","link":"https:\/\/aaknives.eu\/lt\/product\/big-chef-peilis-kaltinis-damasko-plienas-2\/","title":{"rendered":"BIG CHEF peilis &#8211; kaltinis Damasko plienas"},"content":{"rendered":"<p>Peilio specifikacijos: BIG CHEF PEILIS<br \/>\nPlienas: (HVG, U10, ShH15), 800 sluoksni\u0173<br \/>\nKietumas: 60 HRC<br \/>\nGele\u017et\u0117s ilgis (mm): (mm): 200 \/ 7,87 colio<br \/>\nGele\u017et\u0117s storis (mm): (mm): 2 \/ 0,078 colio<br \/>\nRankena: Stabilizuotas kalerijinis ber\u017eas.<br \/>\nBendras ilgis (mm): Vidutinis ilgis (mm): 345 \/ 13,58 colio<br \/>\nPakuot\u0117: peilis, odinis d\u0117klas<\/p>\n<p>Damasko plieno naudojimas ir prie\u017ei\u016bra<\/p>\n<p>&nbsp;<\/p>\n<p>Damasko plienas pla\u010diai \u017einomas kaip vienas i\u0161 patvariausi\u0173 peili\u0173 plien\u0173, kur\u012f renkasi med\u017eiotojai, \u017evejai ir lauko entuziastai.<\/p>\n<p>&#8220;AA Knives&#8221; si\u016blomas damasko plienas kalamas i\u0161 trij\u0173 skirting\u0173 plien\u0173, kad b\u016bt\u0173 i\u0161gautas gerai \u017einomas ir unikalus ra\u0161tas, kuriame dera teigiamos trij\u0173 naudojam\u0173 plien\u0173 darbo savyb\u0117s &#8211; patvarumas, lankstumas ir ilgalaikis a\u0161trumas. Manoma, kad d\u0117l puiki\u0173 pjovimo savybi\u0173 \u0161is plienas da\u017enai lenkia ner\u016bdijan\u010dio plieno gaminius, nes jo gele\u017et\u0117 suformuoja mikro pj\u016bklo pavir\u0161i\u0173, b\u016bding\u0105 kelioms bendrai frezuotoms plieno med\u017eiagoms. Kadangi damasko plienas yra vienas i\u0161 r\u016bdijan\u010di\u0173 plien\u0173, ypa\u010d svarbu prisiminti, kad j\u012f reikia tinkamai pri\u017ei\u016br\u0117ti.<\/p>\n<p>Jei parsive\u017etum\u0117te namo ginkl\u0105 po lietingos med\u017eiokl\u0117s dienos, nelaikytum\u0117te jo nei\u0161valyto ir neapdoroto, lygiai taip pat turite r\u016bpintis savo peiliu, kuris taip pat atlieka svarb\u0173 vaidmen\u012f med\u017eiokl\u0117s procese. Damasko plieno peil\u012f po naudojimo reikia kruop\u0161\u010diai nuvalyti, nuvalyti ne\u0161varumus ir nusausinti, kad laikymo metu neb\u016bt\u0173 dr\u0117gm\u0117s, kuri laikui b\u0117gant gali sukelti r\u016bdijim\u0105, ir nepamir\u0161ti sutepti. \u0160iam tikslui nereikia pirkti profesionali\u0173 apsaugos priemoni\u0173, nes jums pravers bet koks virtuv\u0117je esantis maistinis aliejus, nes med\u017eioklinis peilis beveik visada lie\u010diasi su m\u0117sa ir kitais maisto produktais, tod\u0117l nerekomenduojama naudoti mechaninio aliejaus peiliui apsaugoti. Nereik\u0117t\u0173 pamir\u0161ti ir reguliaraus a\u0161trinimo bei koregavimo.<\/p>\n<p>Ta\u010diau kiekvienas gali pamir\u0161ti k\u0105 tik panaudot\u0105 peil\u012f automobilyje ar krep\u0161io dugne, o kai jis ten kur\u012f laik\u0105 guli, ant gele\u017et\u0117s atsiranda tamsi\u0173 d\u0117mi\u0173 &#8211; pirmieji r\u016bd\u017ei\u0173 po\u017eymiai. Ta\u010diau nesijaudinkite, jums nereikia atsisakyti m\u0117gstamo \u012frankio! Nor\u0117dami gauti geriausi\u0105 rezultat\u0105 , tiesiog nueikite \u012f bet kuri\u0105 statybini\u0173 preki\u0173 parduotuv\u0119, nusipirkite smulkiausio \u0161vitrinio popieriaus (P2000-2500) ir lengvu a\u0161men\u0173 trinimu atsikratykite r\u016bd\u017ei\u0173 d\u0117mi\u0173.<\/p>\n<p>Atminkite, kad peilis tarnaus ilgiau ir veiks geriau, jei kasdien rasite trump\u0105 akimirk\u0105 jam tinkamai pri\u017ei\u016br\u0117ti, ta\u010diau jei perkant peil\u012f prie\u017ei\u016bros aspektai vis dar atrodo neai\u0161k\u016bs, &#8220;AA Knives&#8221; maloniai patars, kaip tinkamai pri\u017ei\u016br\u0117ti peil\u012f.<\/p>\n<p>&nbsp;<\/p>\n","protected":false},"excerpt":{"rendered":"<p>Peilio specifikacijos: BIG CHEF PEILIS Plienas: (HVG, U10, ShH15), 800 sluoksni\u0173 Kietumas: 60 HRC Gele\u017et\u0117s ilgis (mm): (mm): 200 \/ 7,87 colio Gele\u017et\u0117s storis (mm): (mm): 2 \/ 0,078 colio Rankena: Stabilizuotas kalerijinis ber\u017eas. Bendras ilgis (mm): Vidutinis ilgis (mm): 345 \/ 13,58 colio Pakuot\u0117: peilis, odinis d\u0117klas Damasko plieno naudojimas ir prie\u017ei\u016bra &nbsp; Damasko plienas pla\u010diai \u017einomas kaip vienas i\u0161 patvariausi\u0173 peili\u0173 plien\u0173, kur\u012f renkasi med\u017eiotojai, \u017evejai ir lauko entuziastai. &#8220;AA Knives&#8221; si\u016blomas damasko plienas kalamas i\u0161 trij\u0173 skirting\u0173 plien\u0173, kad b\u016bt\u0173 i\u0161gautas gerai \u017einomas ir unikalus ra\u0161tas, kuriame dera teigiamos trij\u0173 naudojam\u0173 plien\u0173 darbo savyb\u0117s &#8211; patvarumas, lankstumas&hellip;<\/p>\n","protected":false},"featured_media":46608,"template":"","meta":{"_themeisle_gutenberg_block_has_review":false},"product_brand":[],"product_cat":[379],"product_tag":[],"class_list":{"0":"post-47080","1":"product","2":"type-product","3":"status-publish","4":"has-post-thumbnail","6":"product_cat-virtuves-peiliai","8":"first","9":"outofstock","10":"shipping-taxable","11":"purchasable","12":"product-type-simple"},"yoast_head":"<!-- This site is optimized with the Yoast SEO plugin v27.3 - https:\/\/yoast.com\/product\/yoast-seo-wordpress\/ -->\n<title>BIG CHEF peilis - kaltinis Damasko plienas - AAKnives<\/title>\n<meta name=\"description\" content=\"BIG CHEF peilis - kaltinis Damasko plienas\" \/>\n<meta name=\"robots\" content=\"index, follow, max-snippet:-1, max-image-preview:large, max-video-preview:-1\" \/>\n<link rel=\"canonical\" href=\"https:\/\/aaknives.eu\/lt\/product\/big-chef-peilis-kaltinis-damasko-plienas-2\/\" \/>\n<meta property=\"og:locale\" content=\"lt_LT\" \/>\n<meta property=\"og:type\" content=\"article\" \/>\n<meta property=\"og:title\" content=\"BIG CHEF peilis - kaltinis Damasko plienas - AAKnives\" \/>\n<meta property=\"og:description\" content=\"BIG CHEF peilis - kaltinis Damasko plienas\" \/>\n<meta property=\"og:url\" content=\"https:\/\/aaknives.eu\/lt\/product\/big-chef-peilis-kaltinis-damasko-plienas-2\/\" \/>\n<meta property=\"og:site_name\" content=\"AAKnives\" \/>\n<meta property=\"article:publisher\" content=\"https:\/\/www.facebook.com\/aaknives.eu\/\" \/>\n<meta property=\"article:modified_time\" content=\"2025-03-12T15:34:24+00:00\" \/>\n<meta property=\"og:image\" content=\"https:\/\/aaknives.eu\/wp-content\/uploads\/2023\/03\/aaknives-hand-forged-dabascus-steel-blade-knife-handmade-custom-made-knife-handcrafted-knives-autinetools-northmen-5-1.jpg\" \/>\n\t<meta property=\"og:image:width\" content=\"1020\" \/>\n\t<meta property=\"og:image:height\" content=\"880\" \/>\n\t<meta property=\"og:image:type\" content=\"image\/jpeg\" \/>\n<meta name=\"twitter:card\" content=\"summary_large_image\" \/>\n<meta name=\"twitter:label1\" content=\"Est. reading time\" \/>\n\t<meta name=\"twitter:data1\" content=\"2 minut\u0117s\" \/>\n<script type=\"application\/ld+json\" class=\"yoast-schema-graph\">{\"@context\":\"https:\\\/\\\/schema.org\",\"@graph\":[{\"@type\":\"WebPage\",\"@id\":\"https:\\\/\\\/aaknives.eu\\\/lt\\\/product\\\/big-chef-peilis-kaltinis-damasko-plienas-2\\\/\",\"url\":\"https:\\\/\\\/aaknives.eu\\\/lt\\\/product\\\/big-chef-peilis-kaltinis-damasko-plienas-2\\\/\",\"name\":\"BIG CHEF peilis - kaltinis Damasko plienas - AAKnives\",\"isPartOf\":{\"@id\":\"https:\\\/\\\/aaknives.eu\\\/lt\\\/#website\"},\"primaryImageOfPage\":{\"@id\":\"https:\\\/\\\/aaknives.eu\\\/lt\\\/product\\\/big-chef-peilis-kaltinis-damasko-plienas-2\\\/#primaryimage\"},\"image\":{\"@id\":\"https:\\\/\\\/aaknives.eu\\\/lt\\\/product\\\/big-chef-peilis-kaltinis-damasko-plienas-2\\\/#primaryimage\"},\"thumbnailUrl\":\"https:\\\/\\\/aaknives.eu\\\/wp-content\\\/uploads\\\/2023\\\/03\\\/aaknives-hand-forged-dabascus-steel-blade-knife-handmade-custom-made-knife-handcrafted-knives-autinetools-northmen-5-1.jpg\",\"datePublished\":\"2023-03-07T17:43:25+00:00\",\"dateModified\":\"2025-03-12T15:34:24+00:00\",\"description\":\"BIG CHEF peilis - kaltinis Damasko plienas\",\"breadcrumb\":{\"@id\":\"https:\\\/\\\/aaknives.eu\\\/lt\\\/product\\\/big-chef-peilis-kaltinis-damasko-plienas-2\\\/#breadcrumb\"},\"inLanguage\":\"lt-LT\",\"potentialAction\":[{\"@type\":\"ReadAction\",\"target\":[\"https:\\\/\\\/aaknives.eu\\\/lt\\\/product\\\/big-chef-peilis-kaltinis-damasko-plienas-2\\\/\"]}]},{\"@type\":\"ImageObject\",\"inLanguage\":\"lt-LT\",\"@id\":\"https:\\\/\\\/aaknives.eu\\\/lt\\\/product\\\/big-chef-peilis-kaltinis-damasko-plienas-2\\\/#primaryimage\",\"url\":\"https:\\\/\\\/aaknives.eu\\\/wp-content\\\/uploads\\\/2023\\\/03\\\/aaknives-hand-forged-dabascus-steel-blade-knife-handmade-custom-made-knife-handcrafted-knives-autinetools-northmen-5-1.jpg\",\"contentUrl\":\"https:\\\/\\\/aaknives.eu\\\/wp-content\\\/uploads\\\/2023\\\/03\\\/aaknives-hand-forged-dabascus-steel-blade-knife-handmade-custom-made-knife-handcrafted-knives-autinetools-northmen-5-1.jpg\",\"width\":1020,\"height\":880,\"caption\":\"aaknives rank\u0173 darbo peilis su rankomis kaltais dabascus plieno a\u0161menimis rank\u0173 darbo peilis pagal u\u017esakym\u0105 rank\u0173 darbo peiliai autinetools northmen 5 1\"},{\"@type\":\"BreadcrumbList\",\"@id\":\"https:\\\/\\\/aaknives.eu\\\/lt\\\/product\\\/big-chef-peilis-kaltinis-damasko-plienas-2\\\/#breadcrumb\",\"itemListElement\":[{\"@type\":\"ListItem\",\"position\":1,\"name\":\"Home\",\"item\":\"https:\\\/\\\/aaknives.eu\\\/lt\\\/\"},{\"@type\":\"ListItem\",\"position\":2,\"name\":\"Parduotuv\u0117\",\"item\":\"https:\\\/\\\/aaknives.eu\\\/parduotuve\\\/\"},{\"@type\":\"ListItem\",\"position\":3,\"name\":\"BIG CHEF peilis &#8211; kaltinis Damasko plienas\"}]},{\"@type\":\"WebSite\",\"@id\":\"https:\\\/\\\/aaknives.eu\\\/lt\\\/#website\",\"url\":\"https:\\\/\\\/aaknives.eu\\\/lt\\\/\",\"name\":\"AAKnives\",\"description\":\"Handmade knives\",\"publisher\":{\"@id\":\"https:\\\/\\\/aaknives.eu\\\/lt\\\/#organization\"},\"potentialAction\":[{\"@type\":\"SearchAction\",\"target\":{\"@type\":\"EntryPoint\",\"urlTemplate\":\"https:\\\/\\\/aaknives.eu\\\/lt\\\/?s={search_term_string}\"},\"query-input\":{\"@type\":\"PropertyValueSpecification\",\"valueRequired\":true,\"valueName\":\"search_term_string\"}}],\"inLanguage\":\"lt-LT\"},{\"@type\":\"Organization\",\"@id\":\"https:\\\/\\\/aaknives.eu\\\/lt\\\/#organization\",\"name\":\"AAKnives\",\"url\":\"https:\\\/\\\/aaknives.eu\\\/lt\\\/\",\"logo\":{\"@type\":\"ImageObject\",\"inLanguage\":\"lt-LT\",\"@id\":\"https:\\\/\\\/aaknives.eu\\\/lt\\\/#\\\/schema\\\/logo\\\/image\\\/\",\"url\":\"https:\\\/\\\/aaknives.eu\\\/wp-content\\\/uploads\\\/2021\\\/10\\\/AAknives_Logo_Green.png\",\"contentUrl\":\"https:\\\/\\\/aaknives.eu\\\/wp-content\\\/uploads\\\/2021\\\/10\\\/AAknives_Logo_Green.png\",\"width\":1768,\"height\":1768,\"caption\":\"AAKnives\"},\"image\":{\"@id\":\"https:\\\/\\\/aaknives.eu\\\/lt\\\/#\\\/schema\\\/logo\\\/image\\\/\"},\"sameAs\":[\"https:\\\/\\\/www.facebook.com\\\/aaknives.eu\\\/\",\"https:\\\/\\\/www.instagram.com\\\/aaknives\\\/\",\"https:\\\/\\\/www.pinterest.com\\\/aa_knives\\\/\",\"https:\\\/\\\/www.youtube.com\\\/channel\\\/UCHOQFjrOkgT6s4FIw9LDKyw\\\/featured\"]}]}<\/script>\n<!-- \/ Yoast SEO plugin. -->","yoast_head_json":{"title":"BIG CHEF peilis - kaltinis Damasko plienas - AAKnives","description":"BIG CHEF peilis - kaltinis Damasko plienas","robots":{"index":"index","follow":"follow","max-snippet":"max-snippet:-1","max-image-preview":"max-image-preview:large","max-video-preview":"max-video-preview:-1"},"canonical":"https:\/\/aaknives.eu\/lt\/product\/big-chef-peilis-kaltinis-damasko-plienas-2\/","og_locale":"lt_LT","og_type":"article","og_title":"BIG CHEF peilis - kaltinis Damasko plienas - AAKnives","og_description":"BIG CHEF peilis - kaltinis Damasko plienas","og_url":"https:\/\/aaknives.eu\/lt\/product\/big-chef-peilis-kaltinis-damasko-plienas-2\/","og_site_name":"AAKnives","article_publisher":"https:\/\/www.facebook.com\/aaknives.eu\/","article_modified_time":"2025-03-12T15:34:24+00:00","og_image":[{"width":1020,"height":880,"url":"https:\/\/aaknives.eu\/wp-content\/uploads\/2023\/03\/aaknives-hand-forged-dabascus-steel-blade-knife-handmade-custom-made-knife-handcrafted-knives-autinetools-northmen-5-1.jpg","type":"image\/jpeg"}],"twitter_card":"summary_large_image","twitter_misc":{"Est. reading time":"2 minut\u0117s"},"schema":{"@context":"https:\/\/schema.org","@graph":[{"@type":"WebPage","@id":"https:\/\/aaknives.eu\/lt\/product\/big-chef-peilis-kaltinis-damasko-plienas-2\/","url":"https:\/\/aaknives.eu\/lt\/product\/big-chef-peilis-kaltinis-damasko-plienas-2\/","name":"BIG CHEF peilis - kaltinis Damasko plienas - AAKnives","isPartOf":{"@id":"https:\/\/aaknives.eu\/lt\/#website"},"primaryImageOfPage":{"@id":"https:\/\/aaknives.eu\/lt\/product\/big-chef-peilis-kaltinis-damasko-plienas-2\/#primaryimage"},"image":{"@id":"https:\/\/aaknives.eu\/lt\/product\/big-chef-peilis-kaltinis-damasko-plienas-2\/#primaryimage"},"thumbnailUrl":"https:\/\/aaknives.eu\/wp-content\/uploads\/2023\/03\/aaknives-hand-forged-dabascus-steel-blade-knife-handmade-custom-made-knife-handcrafted-knives-autinetools-northmen-5-1.jpg","datePublished":"2023-03-07T17:43:25+00:00","dateModified":"2025-03-12T15:34:24+00:00","description":"BIG CHEF peilis - kaltinis Damasko plienas","breadcrumb":{"@id":"https:\/\/aaknives.eu\/lt\/product\/big-chef-peilis-kaltinis-damasko-plienas-2\/#breadcrumb"},"inLanguage":"lt-LT","potentialAction":[{"@type":"ReadAction","target":["https:\/\/aaknives.eu\/lt\/product\/big-chef-peilis-kaltinis-damasko-plienas-2\/"]}]},{"@type":"ImageObject","inLanguage":"lt-LT","@id":"https:\/\/aaknives.eu\/lt\/product\/big-chef-peilis-kaltinis-damasko-plienas-2\/#primaryimage","url":"https:\/\/aaknives.eu\/wp-content\/uploads\/2023\/03\/aaknives-hand-forged-dabascus-steel-blade-knife-handmade-custom-made-knife-handcrafted-knives-autinetools-northmen-5-1.jpg","contentUrl":"https:\/\/aaknives.eu\/wp-content\/uploads\/2023\/03\/aaknives-hand-forged-dabascus-steel-blade-knife-handmade-custom-made-knife-handcrafted-knives-autinetools-northmen-5-1.jpg","width":1020,"height":880,"caption":"aaknives rank\u0173 darbo peilis su rankomis kaltais dabascus plieno a\u0161menimis rank\u0173 darbo peilis pagal u\u017esakym\u0105 rank\u0173 darbo peiliai autinetools northmen 5 1"},{"@type":"BreadcrumbList","@id":"https:\/\/aaknives.eu\/lt\/product\/big-chef-peilis-kaltinis-damasko-plienas-2\/#breadcrumb","itemListElement":[{"@type":"ListItem","position":1,"name":"Home","item":"https:\/\/aaknives.eu\/lt\/"},{"@type":"ListItem","position":2,"name":"Parduotuv\u0117","item":"https:\/\/aaknives.eu\/parduotuve\/"},{"@type":"ListItem","position":3,"name":"BIG CHEF peilis &#8211; kaltinis Damasko plienas"}]},{"@type":"WebSite","@id":"https:\/\/aaknives.eu\/lt\/#website","url":"https:\/\/aaknives.eu\/lt\/","name":"AAKnives","description":"Handmade knives","publisher":{"@id":"https:\/\/aaknives.eu\/lt\/#organization"},"potentialAction":[{"@type":"SearchAction","target":{"@type":"EntryPoint","urlTemplate":"https:\/\/aaknives.eu\/lt\/?s={search_term_string}"},"query-input":{"@type":"PropertyValueSpecification","valueRequired":true,"valueName":"search_term_string"}}],"inLanguage":"lt-LT"},{"@type":"Organization","@id":"https:\/\/aaknives.eu\/lt\/#organization","name":"AAKnives","url":"https:\/\/aaknives.eu\/lt\/","logo":{"@type":"ImageObject","inLanguage":"lt-LT","@id":"https:\/\/aaknives.eu\/lt\/#\/schema\/logo\/image\/","url":"https:\/\/aaknives.eu\/wp-content\/uploads\/2021\/10\/AAknives_Logo_Green.png","contentUrl":"https:\/\/aaknives.eu\/wp-content\/uploads\/2021\/10\/AAknives_Logo_Green.png","width":1768,"height":1768,"caption":"AAKnives"},"image":{"@id":"https:\/\/aaknives.eu\/lt\/#\/schema\/logo\/image\/"},"sameAs":["https:\/\/www.facebook.com\/aaknives.eu\/","https:\/\/www.instagram.com\/aaknives\/","https:\/\/www.pinterest.com\/aa_knives\/","https:\/\/www.youtube.com\/channel\/UCHOQFjrOkgT6s4FIw9LDKyw\/featured"]}]}},"_links":{"self":[{"href":"https:\/\/aaknives.eu\/lt\/wp-json\/wp\/v2\/product\/47080","targetHints":{"allow":["GET"]}}],"collection":[{"href":"https:\/\/aaknives.eu\/lt\/wp-json\/wp\/v2\/product"}],"about":[{"href":"https:\/\/aaknives.eu\/lt\/wp-json\/wp\/v2\/types\/product"}],"wp:featuredmedia":[{"embeddable":true,"href":"https:\/\/aaknives.eu\/lt\/wp-json\/wp\/v2\/media\/46608"}],"wp:attachment":[{"href":"https:\/\/aaknives.eu\/lt\/wp-json\/wp\/v2\/media?parent=47080"}],"wp:term":[{"taxonomy":"product_brand","embeddable":true,"href":"https:\/\/aaknives.eu\/lt\/wp-json\/wp\/v2\/product_brand?post=47080"},{"taxonomy":"product_cat","embeddable":true,"href":"https:\/\/aaknives.eu\/lt\/wp-json\/wp\/v2\/product_cat?post=47080"},{"taxonomy":"product_tag","embeddable":true,"href":"https:\/\/aaknives.eu\/lt\/wp-json\/wp\/v2\/product_tag?post=47080"}],"curies":[{"name":"wp","href":"https:\/\/api.w.org\/{rel}","templated":true}]}}