{"id":47153,"date":"2023-02-08T17:19:50","date_gmt":"2023-02-08T17:19:50","guid":{"rendered":"https:\/\/aaknives.eu\/product\/peilis-fulltang-damasko-plieno-peilis-2\/"},"modified":"2025-02-25T13:10:57","modified_gmt":"2025-02-25T13:10:57","slug":"peilis-fulltang-damasko-plieno-peilis-2","status":"publish","type":"product","link":"https:\/\/aaknives.eu\/lt\/product\/peilis-fulltang-damasko-plieno-peilis-2\/","title":{"rendered":"Peilis &#8220;FullTang&#8221; &#8211; Damasko plieno peilis"},"content":{"rendered":"<p>Peilio specifikacijos: \u201eFullTang\u201c<br \/>\nPlienas: rankomis kaltas Damasko plieno a\u0161men\u0173 med\u017eioklinis peilis, (HVG, U10, ShH15), 800 sluoksni\u0173<br \/>\nKietumas: 60-62 HRC<br \/>\nA\u0161men\u0173 ilgis (mm): 105 \/ 4,13 colio<br \/>\nA\u0161men\u0173 storis (mm): 3 \/ 0,11 colio<br \/>\nA\u0161men\u0173 plotis (mm): 40 \/ 1,57 colio<br \/>\nRankena: Micarta<br \/>\nVisas ilgis (mm): 205 \/ 8,07 colio<\/p>\n<p>Stiprus med\u017eioklinis peilis, kuris bus naudingas tiek m\u0117sai i\u0161 anksto apdoroti, tiek v\u0117liau pjaustyti. Jo gele\u017et\u0117 rankomis nukalta i\u0161 damasko plieno, tod\u0117l yra labai kieta, ta\u010diau elastinga ir patvari.<br \/>\n\u0160ios unikalios med\u017eiagos savyb\u0117s i\u0161gaunamos formuojant mink\u0161to ir kieto metalo lydin\u012f, tod\u0117l gaunamas geriausias med\u017eioklinis peilis su gerai \u017einomu Damasko plieno pie\u0161iniu, kuris d\u0117l mikropj\u016bklo a\u0161men\u0173 ilgai tarnaus ir gal\u0117s ilgai i\u0161laikyti a\u0161trum\u0105 be galandimo.<br \/>\nD\u0117l pastebimo a\u0161men\u0173 i\u0161sipl\u0117timo \u0161is peilis puikiai tinka odai nuimti, ta\u010diau lengvai valdomas peilio galas ir susiaurinta gele\u017et\u0117 neleis su\u017ealoti vidaus organ\u0173 v\u0117dinant ar be reikalo \u012fpjauti v\u0117liau apdorojant m\u0117s\u0105.<br \/>\nKita vertus, m\u016bs\u0173 rankini\u0173 peili\u0173 rankenai naudojama mediena, kuri, kitaip nei sintetin\u0117s med\u017eiagos, yra daug malonesn\u0117 ir patogesn\u0117 rankoje.<br \/>\nMed\u017eiotojo saugumui tarp rankenos ir gele\u017et\u0117s yra kam\u0161tis, kuris apsaugo nuo atsitiktinio pir\u0161t\u0173 su\u017ealojimo valant ir tvarkant \u017ev\u0117rien\u0105, net jei rankos slid\u017eios.<br \/>\nDamasko plieno med\u017eioklini\u0173 peili\u0173 rinkinyje taip pat yra patvarus tamsios odos d\u0117klas su tvirtu kniediniu u\u017esegimu, kuris apsaugos peil\u012f nuo blog\u0173 oro s\u0105lyg\u0173 ir neleis jo nety\u010dia pamesti. Rankin\u0117je yra dvi pakabos, kurias galima pritvirtinti prie dir\u017eo, kad bet kada b\u016bt\u0173 lengva prieiti. Vienas i\u0161 j\u0173 yra klasikinis fiksuotas, o kitas &#8211; laisva kabykla, kuri leid\u017eia peiliui laisvai ir tuo pa\u010diu metu kab\u0117ti aplink dir\u017e\u0105, leid\u017eia jud\u0117ti ir i\u0161vengiama nepatogum\u0173 s\u0117dint ar va\u017eiuojant nuo stiebo ant stiebo automobiliu kur fiksuota. apkabinimas nepatogiai spaus koj\u0105 ar juosmen\u012f.<br \/>\n\u0160is eleganti\u0161kas rankomis kaltas peilis tarnaus ilgai ir d\u0117l savo i\u0161skirtini\u0173 savybi\u0173 bus i\u0161tikimas ir geriausias med\u017eiokl\u0117s peilis. Jis yra lengvas, patogiai telpa delne ir u\u017etikrina greit\u0105, saug\u0173, veiksming\u0105 ir kokybi\u0161k\u0105 proces\u0105.<\/p>\n<p>Rankomis kaltas damasko plienas, sukurtas i\u0161 skirtingo kietumo ir klampumo plien\u0173, kurie tam tikra tvarka sudedami \u012f plok\u0161tel\u0119. Toliau plok\u0161tel\u0117 pakartotinai perkalama, kurios d\u0117ka susidaro sluoksniai ir unikalus ra\u0161tas.<br \/>\nSunkus technologinis procesas atliekamas rankiniu b\u016bdu. Tokiu b\u016bdu gautas plienas pasi\u017eymi padidintu stiprumu, dideliu kietumu, puikiomis pjovimo savyb\u0117mis ir gro\u017eiu.<br \/>\nDamasko plienas daugiau nei 700-1000 sluoksni\u0173.<br \/>\nDamasko plieno pakuot\u0117 ShH15 + HVG + U10A, \u0161ilumin\u0117 i\u0161rai\u0161ka 860 \u00b0 C <\/p>\n<p>Damasko plieno peili\u0173 prana\u0161umai:<br \/>\nPadid\u0117jusi j\u0117ga<br \/>\nDidelis kietumas<br \/>\nPuikios pjovimo savyb\u0117s<br \/>\nGra\u017eus dizainas<br \/>\nIlgai i\u0161liekantis ry\u0161kumas<\/p>\n<p>A\u0161men\u0173 kietumas 60-62 HRC.<br \/>\nRank\u0173 darbo<\/p>\n<p>Damasko plieno naudojimas ir prie\u017ei\u016bra<\/p>\n<p>Damasko plienas pla\u010diai \u017einomas kaip vienas i\u0161 patvariausi\u0173 peili\u0173, kuriuos savo reikm\u0117ms renkasi med\u017eiotojai, \u017evejai ir lauko entuziastai.<\/p>\n<p>&#8220;AA Knives&#8221; si\u016blomas damasko plienas kalamas i\u0161 trij\u0173 skirting\u0173 plien\u0173, tod\u0117l gaunama gerai \u017einomo ir unikalaus ra\u0161to med\u017eiaga, kurioje dera trys teigiamos naudojam\u0173 plien\u0173 darbin\u0117s savyb\u0117s &#8211; tvirtumas, lankstumas ir geb\u0117jimas ilgai i\u0161laikyti a\u0161trum\u0105. Manoma, kad d\u0117l savo puiki\u0173 pjovimo galimybi\u0173 \u0161is plienas da\u017enai net pranoksta ner\u016bdijan\u010dio plieno gaminius, nes jo a\u0161menys sukuria mikropj\u016bklo pavir\u0161i\u0173, kuris b\u016bdingas tik i\u0161 keli\u0173 plien\u0173 suklotoms med\u017eiagoms. Kadangi damasko plienas yra vienas atspariausi\u0173 r\u016bdims, ypa\u010d svarbu nepamir\u0161ti tinkamai juo r\u016bpintis.<\/p>\n<p>Kaip i\u0161 lietingos med\u017eiokl\u0117s namo parsive\u017et\u0105 ginkl\u0105 &#8211; nenuvalyt\u0105 ir nei\u0161valyt\u0105 &#8211; niekas i\u0161 karto nededa \u012f seif\u0105, taip ir peil\u012f, kuris med\u017eiokl\u0117s metu atlieka kur kas svarbesn\u0119 u\u017eduot\u012f nei ginklas, reikia pri\u017ei\u016br\u0117ti. Po naudojimo damaskinio plieno peil\u012f reikia kruop\u0161\u010diai nuvalyti, i\u0161valyti nuo ne\u0161varum\u0173 ir i\u0161d\u017eiovinti, kad laikymo metu \u012f j\u012f nepatekt\u0173 dr\u0117gm\u0117s, kuri laikui b\u0117gant gali sukelti r\u016bdijim\u0105, taip pat nereik\u0117t\u0173 pamir\u0161ti jo sutepti alyva. Tam neb\u016btina \u012fsigyti profesionali\u0173 apsaugini\u0173 med\u017eiag\u0173, \u010dia pravers ir bet koks virtuv\u0117je randamas maistinis aliejus, nes med\u017eioklinis peilis beveik visada lie\u010diasi su m\u0117sa ir kitais maisto produktais, tod\u0117l nerekomenduojama naudoti mechaninio aliejaus peiliui apsaugoti. Taip pat nepamir\u0161kite reguliariai a\u0161trinti ir koreguoti.<\/p>\n<p>Ta\u010diau visiems pasitaiko, kad k\u0105 tik panaudot\u0105 peil\u012f pamir\u0161ta automobilyje arba rankin\u0117s dugne, o kai jis jau kur\u012f laik\u0105 ten guli, ant gele\u017et\u0117s atsiranda tamsios d\u0117m\u0117s &#8211; pirmieji r\u016bd\u017ei\u0173 po\u017eymiai. Ta\u010diau ar d\u0117l to tur\u0117tum\u0117te atsisakyti savo m\u0117gstamo \u012frankio? Visai ne! Kad b\u016bt\u0173 geriau, tiesiog nueikite \u012f bet kuri\u0105 technin\u0117s \u012frangos parduotuv\u0119, nusipirkite smulkiausio \u0161vitrinio popieriaus (P2 000-2 500) ir lengvai patrinkite a\u0161menis, kad pa\u0161alintum\u0117te r\u016bd\u017ei\u0173 d\u0117mes.<\/p>\n<p>Reik\u0117t\u0173 nepamir\u0161ti, kad peilis ilgiau tarnaus ir geriau atliks savo u\u017eduot\u012f darbo procese, jei kasdien rasite \u0161iek tiek laiko tinkamai jo prie\u017ei\u016brai, ta\u010diau jei \u012fsigijus peil\u012f prie\u017ei\u016bros aspektai vis dar atrodo neai\u0161k\u016bs, &#8220;AA Knives&#8221; neatsisakys patarim\u0173, kad darbas su peiliu b\u016bt\u0173 patogus ir malonus.<\/p>\n","protected":false},"excerpt":{"rendered":"<p>Peilio specifikacijos: \u201eFullTang\u201c Plienas: rankomis kaltas Damasko plieno a\u0161men\u0173 med\u017eioklinis peilis, (HVG, U10, ShH15), 800 sluoksni\u0173 Kietumas: 60-62 HRC A\u0161men\u0173 ilgis (mm): 105 \/ 4,13 colio A\u0161men\u0173 storis (mm): 3 \/ 0,11 colio A\u0161men\u0173 plotis (mm): 40 \/ 1,57 colio Rankena: Micarta Visas ilgis (mm): 205 \/ 8,07 colio Stiprus med\u017eioklinis peilis, kuris bus naudingas tiek m\u0117sai i\u0161 anksto apdoroti, tiek v\u0117liau pjaustyti. Jo gele\u017et\u0117 rankomis nukalta i\u0161 damasko plieno, tod\u0117l yra labai kieta, ta\u010diau elastinga ir patvari. \u0160ios unikalios med\u017eiagos savyb\u0117s i\u0161gaunamos formuojant mink\u0161to ir kieto metalo lydin\u012f, tod\u0117l gaunamas geriausias med\u017eioklinis peilis su gerai \u017einomu Damasko plieno pie\u0161iniu,&hellip;<\/p>\n","protected":false},"featured_media":96899,"template":"","meta":{"_themeisle_gutenberg_block_has_review":false},"product_brand":[],"product_cat":[382,381,386],"product_tag":[],"class_list":{"0":"post-47153","1":"product","2":"type-product","3":"status-publish","4":"has-post-thumbnail","6":"product_cat-full-tang-peiliai","7":"product_cat-lauko-peiliai","8":"product_cat-medziokliniai-peiliai","10":"first","11":"instock","12":"shipping-taxable","13":"purchasable","14":"product-type-simple"},"yoast_head":"<!-- This site is optimized with the Yoast SEO plugin v27.5 - https:\/\/yoast.com\/product\/yoast-seo-wordpress\/ -->\n<title>Peilis &quot;FullTang&quot; - Damasko plieno peilis - AAKnives<\/title>\n<meta name=\"description\" content=\"Damasko plieno peilis, lauko peilis, bu\u0161craft peilis, med\u017eioklinis peilis, aa peiliai, latvi\u0173 peilis rank\u0173 darbo peilis rank\u0173 darbo peilis nestandartinis peilis\" \/>\n<meta name=\"robots\" content=\"index, follow, max-snippet:-1, max-image-preview:large, max-video-preview:-1\" \/>\n<link rel=\"canonical\" href=\"https:\/\/aaknives.eu\/lt\/product\/peilis-fulltang-damasko-plieno-peilis-2\/\" \/>\n<meta property=\"og:locale\" content=\"lt_LT\" \/>\n<meta property=\"og:type\" content=\"article\" \/>\n<meta property=\"og:title\" content=\"Peilis &quot;FullTang&quot; - Damasko plieno peilis - AAKnives\" \/>\n<meta property=\"og:description\" content=\"Damasko plieno peilis, lauko peilis, bu\u0161craft peilis, med\u017eioklinis peilis, aa peiliai, latvi\u0173 peilis rank\u0173 darbo peilis rank\u0173 darbo peilis nestandartinis peilis\" \/>\n<meta property=\"og:url\" content=\"https:\/\/aaknives.eu\/lt\/product\/peilis-fulltang-damasko-plieno-peilis-2\/\" \/>\n<meta property=\"og:site_name\" content=\"AAKnives\" \/>\n<meta property=\"article:publisher\" content=\"https:\/\/www.facebook.com\/aaknives.eu\/\" \/>\n<meta property=\"article:modified_time\" content=\"2025-02-25T13:10:57+00:00\" \/>\n<meta property=\"og:image\" content=\"https:\/\/aaknives.eu\/wp-content\/uploads\/2023\/02\/aaknives-hand-forged-damascus-steel-blade-knife-handmade-custom-made-knife-handcrafted-knives-autinetools-northmen-30.2.jpg\" \/>\n\t<meta property=\"og:image:width\" content=\"1020\" \/>\n\t<meta property=\"og:image:height\" content=\"880\" \/>\n\t<meta property=\"og:image:type\" content=\"image\/jpeg\" \/>\n<meta name=\"twitter:card\" content=\"summary_large_image\" \/>\n<meta name=\"twitter:label1\" content=\"Est. reading time\" \/>\n\t<meta name=\"twitter:data1\" content=\"4 minut\u0117s\" \/>\n<script type=\"application\/ld+json\" class=\"yoast-schema-graph\">{\"@context\":\"https:\\\/\\\/schema.org\",\"@graph\":[{\"@type\":\"WebPage\",\"@id\":\"https:\\\/\\\/aaknives.eu\\\/lt\\\/product\\\/peilis-fulltang-damasko-plieno-peilis-2\\\/\",\"url\":\"https:\\\/\\\/aaknives.eu\\\/lt\\\/product\\\/peilis-fulltang-damasko-plieno-peilis-2\\\/\",\"name\":\"Peilis \\\"FullTang\\\" - Damasko plieno peilis - AAKnives\",\"isPartOf\":{\"@id\":\"https:\\\/\\\/aaknives.eu\\\/lt\\\/#website\"},\"primaryImageOfPage\":{\"@id\":\"https:\\\/\\\/aaknives.eu\\\/lt\\\/product\\\/peilis-fulltang-damasko-plieno-peilis-2\\\/#primaryimage\"},\"image\":{\"@id\":\"https:\\\/\\\/aaknives.eu\\\/lt\\\/product\\\/peilis-fulltang-damasko-plieno-peilis-2\\\/#primaryimage\"},\"thumbnailUrl\":\"https:\\\/\\\/aaknives.eu\\\/wp-content\\\/uploads\\\/2023\\\/02\\\/aaknives-hand-forged-damascus-steel-blade-knife-handmade-custom-made-knife-handcrafted-knives-autinetools-northmen-30.2.jpg\",\"datePublished\":\"2023-02-08T17:19:50+00:00\",\"dateModified\":\"2025-02-25T13:10:57+00:00\",\"description\":\"Damasko plieno peilis, lauko peilis, bu\u0161craft peilis, med\u017eioklinis peilis, aa peiliai, latvi\u0173 peilis rank\u0173 darbo peilis rank\u0173 darbo peilis nestandartinis peilis\",\"breadcrumb\":{\"@id\":\"https:\\\/\\\/aaknives.eu\\\/lt\\\/product\\\/peilis-fulltang-damasko-plieno-peilis-2\\\/#breadcrumb\"},\"inLanguage\":\"lt-LT\",\"potentialAction\":[{\"@type\":\"ReadAction\",\"target\":[\"https:\\\/\\\/aaknives.eu\\\/lt\\\/product\\\/peilis-fulltang-damasko-plieno-peilis-2\\\/\"]}]},{\"@type\":\"ImageObject\",\"inLanguage\":\"lt-LT\",\"@id\":\"https:\\\/\\\/aaknives.eu\\\/lt\\\/product\\\/peilis-fulltang-damasko-plieno-peilis-2\\\/#primaryimage\",\"url\":\"https:\\\/\\\/aaknives.eu\\\/wp-content\\\/uploads\\\/2023\\\/02\\\/aaknives-hand-forged-damascus-steel-blade-knife-handmade-custom-made-knife-handcrafted-knives-autinetools-northmen-30.2.jpg\",\"contentUrl\":\"https:\\\/\\\/aaknives.eu\\\/wp-content\\\/uploads\\\/2023\\\/02\\\/aaknives-hand-forged-damascus-steel-blade-knife-handmade-custom-made-knife-handcrafted-knives-autinetools-northmen-30.2.jpg\",\"width\":1020,\"height\":880},{\"@type\":\"BreadcrumbList\",\"@id\":\"https:\\\/\\\/aaknives.eu\\\/lt\\\/product\\\/peilis-fulltang-damasko-plieno-peilis-2\\\/#breadcrumb\",\"itemListElement\":[{\"@type\":\"ListItem\",\"position\":1,\"name\":\"Home\",\"item\":\"https:\\\/\\\/aaknives.eu\\\/lt\\\/\"},{\"@type\":\"ListItem\",\"position\":2,\"name\":\"Parduotuv\u0117\",\"item\":\"https:\\\/\\\/aaknives.eu\\\/parduotuve\\\/\"},{\"@type\":\"ListItem\",\"position\":3,\"name\":\"Private: Peilis &#8220;FullTang&#8221; &#8211; Damasko plieno peilis\"}]},{\"@type\":\"WebSite\",\"@id\":\"https:\\\/\\\/aaknives.eu\\\/lt\\\/#website\",\"url\":\"https:\\\/\\\/aaknives.eu\\\/lt\\\/\",\"name\":\"AAKnives\",\"description\":\"Handmade knives\",\"publisher\":{\"@id\":\"https:\\\/\\\/aaknives.eu\\\/lt\\\/#organization\"},\"potentialAction\":[{\"@type\":\"SearchAction\",\"target\":{\"@type\":\"EntryPoint\",\"urlTemplate\":\"https:\\\/\\\/aaknives.eu\\\/lt\\\/?s={search_term_string}\"},\"query-input\":{\"@type\":\"PropertyValueSpecification\",\"valueRequired\":true,\"valueName\":\"search_term_string\"}}],\"inLanguage\":\"lt-LT\"},{\"@type\":\"Organization\",\"@id\":\"https:\\\/\\\/aaknives.eu\\\/lt\\\/#organization\",\"name\":\"AAKnives\",\"url\":\"https:\\\/\\\/aaknives.eu\\\/lt\\\/\",\"logo\":{\"@type\":\"ImageObject\",\"inLanguage\":\"lt-LT\",\"@id\":\"https:\\\/\\\/aaknives.eu\\\/lt\\\/#\\\/schema\\\/logo\\\/image\\\/\",\"url\":\"https:\\\/\\\/aaknives.eu\\\/wp-content\\\/uploads\\\/2021\\\/10\\\/AAknives_Logo_Green.png\",\"contentUrl\":\"https:\\\/\\\/aaknives.eu\\\/wp-content\\\/uploads\\\/2021\\\/10\\\/AAknives_Logo_Green.png\",\"width\":1768,\"height\":1768,\"caption\":\"AAKnives\"},\"image\":{\"@id\":\"https:\\\/\\\/aaknives.eu\\\/lt\\\/#\\\/schema\\\/logo\\\/image\\\/\"},\"sameAs\":[\"https:\\\/\\\/www.facebook.com\\\/aaknives.eu\\\/\",\"https:\\\/\\\/www.instagram.com\\\/aaknives\\\/\",\"https:\\\/\\\/www.pinterest.com\\\/aa_knives\\\/\",\"https:\\\/\\\/www.youtube.com\\\/channel\\\/UCHOQFjrOkgT6s4FIw9LDKyw\\\/featured\"]}]}<\/script>\n<!-- \/ Yoast SEO plugin. -->","yoast_head_json":{"title":"Peilis \"FullTang\" - Damasko plieno peilis - AAKnives","description":"Damasko plieno peilis, lauko peilis, bu\u0161craft peilis, med\u017eioklinis peilis, aa peiliai, latvi\u0173 peilis rank\u0173 darbo peilis rank\u0173 darbo peilis nestandartinis peilis","robots":{"index":"index","follow":"follow","max-snippet":"max-snippet:-1","max-image-preview":"max-image-preview:large","max-video-preview":"max-video-preview:-1"},"canonical":"https:\/\/aaknives.eu\/lt\/product\/peilis-fulltang-damasko-plieno-peilis-2\/","og_locale":"lt_LT","og_type":"article","og_title":"Peilis \"FullTang\" - Damasko plieno peilis - AAKnives","og_description":"Damasko plieno peilis, lauko peilis, bu\u0161craft peilis, med\u017eioklinis peilis, aa peiliai, latvi\u0173 peilis rank\u0173 darbo peilis rank\u0173 darbo peilis nestandartinis peilis","og_url":"https:\/\/aaknives.eu\/lt\/product\/peilis-fulltang-damasko-plieno-peilis-2\/","og_site_name":"AAKnives","article_publisher":"https:\/\/www.facebook.com\/aaknives.eu\/","article_modified_time":"2025-02-25T13:10:57+00:00","og_image":[{"width":1020,"height":880,"url":"https:\/\/aaknives.eu\/wp-content\/uploads\/2023\/02\/aaknives-hand-forged-damascus-steel-blade-knife-handmade-custom-made-knife-handcrafted-knives-autinetools-northmen-30.2.jpg","type":"image\/jpeg"}],"twitter_card":"summary_large_image","twitter_misc":{"Est. reading time":"4 minut\u0117s"},"schema":{"@context":"https:\/\/schema.org","@graph":[{"@type":"WebPage","@id":"https:\/\/aaknives.eu\/lt\/product\/peilis-fulltang-damasko-plieno-peilis-2\/","url":"https:\/\/aaknives.eu\/lt\/product\/peilis-fulltang-damasko-plieno-peilis-2\/","name":"Peilis \"FullTang\" - Damasko plieno peilis - AAKnives","isPartOf":{"@id":"https:\/\/aaknives.eu\/lt\/#website"},"primaryImageOfPage":{"@id":"https:\/\/aaknives.eu\/lt\/product\/peilis-fulltang-damasko-plieno-peilis-2\/#primaryimage"},"image":{"@id":"https:\/\/aaknives.eu\/lt\/product\/peilis-fulltang-damasko-plieno-peilis-2\/#primaryimage"},"thumbnailUrl":"https:\/\/aaknives.eu\/wp-content\/uploads\/2023\/02\/aaknives-hand-forged-damascus-steel-blade-knife-handmade-custom-made-knife-handcrafted-knives-autinetools-northmen-30.2.jpg","datePublished":"2023-02-08T17:19:50+00:00","dateModified":"2025-02-25T13:10:57+00:00","description":"Damasko plieno peilis, lauko peilis, bu\u0161craft peilis, med\u017eioklinis peilis, aa peiliai, latvi\u0173 peilis rank\u0173 darbo peilis rank\u0173 darbo peilis nestandartinis peilis","breadcrumb":{"@id":"https:\/\/aaknives.eu\/lt\/product\/peilis-fulltang-damasko-plieno-peilis-2\/#breadcrumb"},"inLanguage":"lt-LT","potentialAction":[{"@type":"ReadAction","target":["https:\/\/aaknives.eu\/lt\/product\/peilis-fulltang-damasko-plieno-peilis-2\/"]}]},{"@type":"ImageObject","inLanguage":"lt-LT","@id":"https:\/\/aaknives.eu\/lt\/product\/peilis-fulltang-damasko-plieno-peilis-2\/#primaryimage","url":"https:\/\/aaknives.eu\/wp-content\/uploads\/2023\/02\/aaknives-hand-forged-damascus-steel-blade-knife-handmade-custom-made-knife-handcrafted-knives-autinetools-northmen-30.2.jpg","contentUrl":"https:\/\/aaknives.eu\/wp-content\/uploads\/2023\/02\/aaknives-hand-forged-damascus-steel-blade-knife-handmade-custom-made-knife-handcrafted-knives-autinetools-northmen-30.2.jpg","width":1020,"height":880},{"@type":"BreadcrumbList","@id":"https:\/\/aaknives.eu\/lt\/product\/peilis-fulltang-damasko-plieno-peilis-2\/#breadcrumb","itemListElement":[{"@type":"ListItem","position":1,"name":"Home","item":"https:\/\/aaknives.eu\/lt\/"},{"@type":"ListItem","position":2,"name":"Parduotuv\u0117","item":"https:\/\/aaknives.eu\/parduotuve\/"},{"@type":"ListItem","position":3,"name":"Private: Peilis &#8220;FullTang&#8221; &#8211; Damasko plieno peilis"}]},{"@type":"WebSite","@id":"https:\/\/aaknives.eu\/lt\/#website","url":"https:\/\/aaknives.eu\/lt\/","name":"AAKnives","description":"Handmade knives","publisher":{"@id":"https:\/\/aaknives.eu\/lt\/#organization"},"potentialAction":[{"@type":"SearchAction","target":{"@type":"EntryPoint","urlTemplate":"https:\/\/aaknives.eu\/lt\/?s={search_term_string}"},"query-input":{"@type":"PropertyValueSpecification","valueRequired":true,"valueName":"search_term_string"}}],"inLanguage":"lt-LT"},{"@type":"Organization","@id":"https:\/\/aaknives.eu\/lt\/#organization","name":"AAKnives","url":"https:\/\/aaknives.eu\/lt\/","logo":{"@type":"ImageObject","inLanguage":"lt-LT","@id":"https:\/\/aaknives.eu\/lt\/#\/schema\/logo\/image\/","url":"https:\/\/aaknives.eu\/wp-content\/uploads\/2021\/10\/AAknives_Logo_Green.png","contentUrl":"https:\/\/aaknives.eu\/wp-content\/uploads\/2021\/10\/AAknives_Logo_Green.png","width":1768,"height":1768,"caption":"AAKnives"},"image":{"@id":"https:\/\/aaknives.eu\/lt\/#\/schema\/logo\/image\/"},"sameAs":["https:\/\/www.facebook.com\/aaknives.eu\/","https:\/\/www.instagram.com\/aaknives\/","https:\/\/www.pinterest.com\/aa_knives\/","https:\/\/www.youtube.com\/channel\/UCHOQFjrOkgT6s4FIw9LDKyw\/featured"]}]}},"_links":{"self":[{"href":"https:\/\/aaknives.eu\/lt\/wp-json\/wp\/v2\/product\/47153","targetHints":{"allow":["GET"]}}],"collection":[{"href":"https:\/\/aaknives.eu\/lt\/wp-json\/wp\/v2\/product"}],"about":[{"href":"https:\/\/aaknives.eu\/lt\/wp-json\/wp\/v2\/types\/product"}],"wp:featuredmedia":[{"embeddable":true,"href":"https:\/\/aaknives.eu\/lt\/wp-json\/wp\/v2\/media\/96899"}],"wp:attachment":[{"href":"https:\/\/aaknives.eu\/lt\/wp-json\/wp\/v2\/media?parent=47153"}],"wp:term":[{"taxonomy":"product_brand","embeddable":true,"href":"https:\/\/aaknives.eu\/lt\/wp-json\/wp\/v2\/product_brand?post=47153"},{"taxonomy":"product_cat","embeddable":true,"href":"https:\/\/aaknives.eu\/lt\/wp-json\/wp\/v2\/product_cat?post=47153"},{"taxonomy":"product_tag","embeddable":true,"href":"https:\/\/aaknives.eu\/lt\/wp-json\/wp\/v2\/product_tag?post=47153"}],"curies":[{"name":"wp","href":"https:\/\/api.w.org\/{rel}","templated":true}]}}