{"id":47173,"date":"2023-02-08T17:03:39","date_gmt":"2023-02-08T17:03:39","guid":{"rendered":"https:\/\/aaknives.eu\/product\/peilis-puukko-kaltinis-peilis-damasko-asmenimis\/"},"modified":"2026-02-09T13:49:56","modified_gmt":"2026-02-09T13:49:56","slug":"peilis-puukko-kaltinis-peilis-damasko-asmenimis","status":"publish","type":"product","link":"https:\/\/aaknives.eu\/lt\/product\/peilis-puukko-kaltinis-peilis-damasko-asmenimis\/","title":{"rendered":"Peilis &#8221;PUUKKO&#8221; &#8211; kaltinis peilis Damasko a\u0161menimis"},"content":{"rendered":"<p>Peili\u0173 specifikacijos &#8211; PUUKKO<br \/>\nPlienas: Damasko plieno med\u017eioklinis peilis, (HVG, U10, ShH15), 600 sluoksni\u0173<br \/>\nKietumas: 60-62 HRC<br \/>\nGele\u017et\u0117s ilgis (mm): 101 \/ 3,97 colio<br \/>\nGele\u017et\u0117s storis (mm): 1,5 \/ 0,59<br \/>\nA\u0161men\u0173 plotis (mm): (mm): 25 \/ 0,98 colio<br \/>\nRankena: stabilizuotas karel\u0173 ber\u017eas<br \/>\nBendras ilgis (mm): Vidutinis ilgis (mm): 214 \/ 8,42 colio<\/p>\n<p>Rankomis kalti damaskinio plieno a\u0161menys, sukurti i\u0161 skirtingo kietumo ir klampumo plien\u0173, kurie tam tikra tvarka sudedami \u012f plok\u0161tel\u0119. Po to plok\u0161t\u0117 pakartotinai perlydoma, tod\u0117l susidaro sluoksniai ir unikalus ra\u0161tas.<br \/>\nSud\u0117tingas technologinis procesas atliekamas rankiniu b\u016bdu. Tokiu b\u016bdu gautas plienas pasi\u017eymi didesniu stiprumu, dideliu kietumu, puikiomis pjovimo savyb\u0117mis ir gro\u017eiu.<br \/>\nDamasko gele\u017et\u0117 turi daugiau kaip 450 sluoksni\u0173.<br \/>\nPaketas Damasko plieno a\u0161menys ShH15 + HVG + U10 A, termin\u0117 i\u0161rai\u0161ka 860 \u00b0 C<\/p>\n<p>Damasko a\u0161men\u0173 peili\u0173 privalumai:<br \/>\nDidesnis stiprumas<br \/>\nDidelis kietumas<br \/>\nPuikios pjovimo savyb\u0117s<br \/>\nGra\u017eus dizainas<br \/>\nIlgalaikis a\u0161trumas<\/p>\n<p>Gele\u017et\u0117s kietumas 60-62 HRC.<br \/>\nNestandartinis peilis, rank\u0173 darbo peilis, rank\u0173 darbo peilis, rank\u0173 darbo peilis, rank\u0173 darbo peilis<\/p>\n<p>Damasko plieno naudojimas ir prie\u017ei\u016bra<\/p>\n<p>&nbsp;<\/p>\n<p>Damasko plienas pla\u010diai \u017einomas kaip vienas i\u0161 patvariausi\u0173 peili\u0173, kuriuos savo reikm\u0117ms renkasi med\u017eiotojai, \u017evejai ir lauko entuziastai.<\/p>\n<p>&#8220;AA Knives&#8221; si\u016blomas damasko plienas kalamas i\u0161 trij\u0173 skirting\u0173 plien\u0173, tod\u0117l gaunama gerai \u017einomo ir unikalaus ra\u0161to med\u017eiaga, kurioje dera trys teigiamos naudojam\u0173 plien\u0173 darbin\u0117s savyb\u0117s &#8211; tvirtumas, lankstumas ir geb\u0117jimas ilgai i\u0161laikyti a\u0161trum\u0105. Manoma, kad d\u0117l savo puiki\u0173 pjovimo galimybi\u0173 \u0161is plienas da\u017enai net pranoksta ner\u016bdijan\u010dio plieno gaminius, nes jo a\u0161menys sukuria mikropj\u016bklo pavir\u0161i\u0173, kuris b\u016bdingas tik i\u0161 keli\u0173 plien\u0173 suklotoms med\u017eiagoms. Kadangi damasko plienas yra vienas atspariausi\u0173 r\u016bdims, ypa\u010d svarbu nepamir\u0161ti tinkamai juo r\u016bpintis.<\/p>\n<p>Kaip i\u0161 lietingos med\u017eiokl\u0117s namo parsive\u017et\u0105 ginkl\u0105 &#8211; nenuvalyt\u0105 ir nei\u0161valyt\u0105 &#8211; niekas i\u0161 karto nededa \u012f seif\u0105, taip ir peil\u012f, kuris med\u017eiokl\u0117s metu atlieka kur kas svarbesn\u0119 u\u017eduot\u012f nei ginklas, reikia pri\u017ei\u016br\u0117ti. Po naudojimo damaskinio plieno peil\u012f reikia kruop\u0161\u010diai nuvalyti, i\u0161valyti nuo ne\u0161varum\u0173 ir i\u0161d\u017eiovinti, kad laikymo metu \u012f j\u012f nepatekt\u0173 dr\u0117gm\u0117s, kuri laikui b\u0117gant gali sukelti r\u016bdijim\u0105, taip pat nereik\u0117t\u0173 pamir\u0161ti jo sutepti alyva. Tam neb\u016btina \u012fsigyti profesionali\u0173 apsaugini\u0173 med\u017eiag\u0173, \u010dia pravers ir bet koks virtuv\u0117je randamas maistinis aliejus, nes med\u017eioklinis peilis beveik visada lie\u010diasi su m\u0117sa ir kitais maisto produktais, tod\u0117l nerekomenduojama naudoti mechaninio aliejaus peiliui apsaugoti. Taip pat nepamir\u0161kite reguliariai a\u0161trinti ir koreguoti.<\/p>\n<p>Ta\u010diau visiems pasitaiko, kad k\u0105 tik panaudot\u0105 peil\u012f pamir\u0161ta automobilyje arba rankin\u0117s dugne, o kai jis jau kur\u012f laik\u0105 ten guli, ant gele\u017et\u0117s atsiranda tamsios d\u0117m\u0117s &#8211; pirmieji r\u016bd\u017ei\u0173 po\u017eymiai. Ta\u010diau ar d\u0117l to tur\u0117tum\u0117te atsisakyti savo m\u0117gstamo \u012frankio? Visai ne! Kad b\u016bt\u0173 geriau, tiesiog nueikite \u012f bet kuri\u0105 technin\u0117s \u012frangos parduotuv\u0119, nusipirkite smulkiausio \u0161vitrinio popieriaus (P2 000-2 500) ir lengvai patrinkite a\u0161menis, kad pa\u0161alintum\u0117te r\u016bd\u017ei\u0173 d\u0117mes.<\/p>\n<p>Reik\u0117t\u0173 nepamir\u0161ti, kad peilis ilgiau tarnaus ir geriau atliks savo u\u017eduot\u012f darbo procese, jei kasdien rasite \u0161iek tiek laiko tinkamai jo prie\u017ei\u016brai, ta\u010diau jei \u012fsigijus peil\u012f prie\u017ei\u016bros aspektai vis dar atrodo neai\u0161k\u016bs, &#8220;AA Knives&#8221; neatsisakys patarim\u0173, kad darbas su peiliu b\u016bt\u0173 patogus ir malonus.<\/p>\n","protected":false},"excerpt":{"rendered":"<p>Peili\u0173 specifikacijos &#8211; PUUKKO Plienas: Damasko plieno med\u017eioklinis peilis, (HVG, U10, ShH15), 600 sluoksni\u0173 Kietumas: 60-62 HRC Gele\u017et\u0117s ilgis (mm): 101 \/ 3,97 colio Gele\u017et\u0117s storis (mm): 1,5 \/ 0,59 A\u0161men\u0173 plotis (mm): (mm): 25 \/ 0,98 colio Rankena: stabilizuotas karel\u0173 ber\u017eas Bendras ilgis (mm): Vidutinis ilgis (mm): 214 \/ 8,42 colio Rankomis kalti damaskinio plieno a\u0161menys, sukurti i\u0161 skirtingo kietumo ir klampumo plien\u0173, kurie tam tikra tvarka sudedami \u012f plok\u0161tel\u0119. Po to plok\u0161t\u0117 pakartotinai perlydoma, tod\u0117l susidaro sluoksniai ir unikalus ra\u0161tas. Sud\u0117tingas technologinis procesas atliekamas rankiniu b\u016bdu. Tokiu b\u016bdu gautas plienas pasi\u017eymi didesniu stiprumu, dideliu kietumu, puikiomis pjovimo savyb\u0117mis&hellip;<\/p>\n","protected":false},"featured_media":57515,"template":"","meta":{"_themeisle_gutenberg_block_has_review":false},"product_brand":[],"product_cat":[381,386,385],"product_tag":[],"class_list":{"0":"post-47173","1":"product","2":"type-product","3":"status-publish","4":"has-post-thumbnail","6":"product_cat-lauko-peiliai","7":"product_cat-medziokliniai-peiliai","8":"product_cat-zvejybos-peiliai","10":"first","11":"instock","12":"featured","13":"shipping-taxable","14":"purchasable","15":"product-type-simple"},"yoast_head":"<!-- This site is optimized with the Yoast SEO plugin v27.3 - https:\/\/yoast.com\/product\/yoast-seo-wordpress\/ -->\n<title>Peilis &#039;&#039;PUUKKO&quot; - kaltinis peilis Damasko a\u0161menimis - AAKnives<\/title>\n<meta name=\"description\" content=\"padidinto stiprumo, didelio kietumo, puiki\u0173 pjovimo savybi\u0173 ir gro\u017eio peilis. Damasko gele\u017et\u0117 turi daugiau kaip 600 sluoksni\u0173.\" \/>\n<meta name=\"robots\" content=\"index, follow, max-snippet:-1, max-image-preview:large, max-video-preview:-1\" \/>\n<link rel=\"canonical\" href=\"https:\/\/aaknives.eu\/lt\/product\/peilis-puukko-kaltinis-peilis-damasko-asmenimis\/\" \/>\n<meta property=\"og:locale\" content=\"lt_LT\" \/>\n<meta property=\"og:type\" content=\"article\" \/>\n<meta property=\"og:title\" content=\"Peilis &#039;&#039;PUUKKO&quot; - kaltinis peilis Damasko a\u0161menimis - AAKnives\" \/>\n<meta property=\"og:description\" content=\"padidinto stiprumo, didelio kietumo, puiki\u0173 pjovimo savybi\u0173 ir gro\u017eio peilis. Damasko gele\u017et\u0117 turi daugiau kaip 600 sluoksni\u0173.\" \/>\n<meta property=\"og:url\" content=\"https:\/\/aaknives.eu\/lt\/product\/peilis-puukko-kaltinis-peilis-damasko-asmenimis\/\" \/>\n<meta property=\"og:site_name\" content=\"AAKnives\" \/>\n<meta property=\"article:publisher\" content=\"https:\/\/www.facebook.com\/aaknives.eu\/\" \/>\n<meta property=\"article:modified_time\" content=\"2026-02-09T13:49:56+00:00\" \/>\n<meta property=\"og:image\" content=\"https:\/\/aaknives.eu\/wp-content\/uploads\/2023\/02\/aaknives-hand-forged-dabascus-steel-blade-knife-handmade-custom-made-knife-handcrafted-knives-autinetools-northmen-26.2.jpg\" \/>\n\t<meta property=\"og:image:width\" content=\"1020\" \/>\n\t<meta property=\"og:image:height\" content=\"880\" \/>\n\t<meta property=\"og:image:type\" content=\"image\/jpeg\" \/>\n<meta name=\"twitter:card\" content=\"summary_large_image\" \/>\n<meta name=\"twitter:label1\" content=\"Est. reading time\" \/>\n\t<meta name=\"twitter:data1\" content=\"3 minut\u0117s\" \/>\n<script type=\"application\/ld+json\" class=\"yoast-schema-graph\">{\"@context\":\"https:\\\/\\\/schema.org\",\"@graph\":[{\"@type\":\"WebPage\",\"@id\":\"https:\\\/\\\/aaknives.eu\\\/lt\\\/product\\\/peilis-puukko-kaltinis-peilis-damasko-asmenimis\\\/\",\"url\":\"https:\\\/\\\/aaknives.eu\\\/lt\\\/product\\\/peilis-puukko-kaltinis-peilis-damasko-asmenimis\\\/\",\"name\":\"Peilis ''PUUKKO\\\" - kaltinis peilis Damasko a\u0161menimis - AAKnives\",\"isPartOf\":{\"@id\":\"https:\\\/\\\/aaknives.eu\\\/lt\\\/#website\"},\"primaryImageOfPage\":{\"@id\":\"https:\\\/\\\/aaknives.eu\\\/lt\\\/product\\\/peilis-puukko-kaltinis-peilis-damasko-asmenimis\\\/#primaryimage\"},\"image\":{\"@id\":\"https:\\\/\\\/aaknives.eu\\\/lt\\\/product\\\/peilis-puukko-kaltinis-peilis-damasko-asmenimis\\\/#primaryimage\"},\"thumbnailUrl\":\"https:\\\/\\\/aaknives.eu\\\/wp-content\\\/uploads\\\/2023\\\/02\\\/aaknives-hand-forged-dabascus-steel-blade-knife-handmade-custom-made-knife-handcrafted-knives-autinetools-northmen-26.2.jpg\",\"datePublished\":\"2023-02-08T17:03:39+00:00\",\"dateModified\":\"2026-02-09T13:49:56+00:00\",\"description\":\"padidinto stiprumo, didelio kietumo, puiki\u0173 pjovimo savybi\u0173 ir gro\u017eio peilis. Damasko gele\u017et\u0117 turi daugiau kaip 600 sluoksni\u0173.\",\"breadcrumb\":{\"@id\":\"https:\\\/\\\/aaknives.eu\\\/lt\\\/product\\\/peilis-puukko-kaltinis-peilis-damasko-asmenimis\\\/#breadcrumb\"},\"inLanguage\":\"lt-LT\",\"potentialAction\":[{\"@type\":\"ReadAction\",\"target\":[\"https:\\\/\\\/aaknives.eu\\\/lt\\\/product\\\/peilis-puukko-kaltinis-peilis-damasko-asmenimis\\\/\"]}]},{\"@type\":\"ImageObject\",\"inLanguage\":\"lt-LT\",\"@id\":\"https:\\\/\\\/aaknives.eu\\\/lt\\\/product\\\/peilis-puukko-kaltinis-peilis-damasko-asmenimis\\\/#primaryimage\",\"url\":\"https:\\\/\\\/aaknives.eu\\\/wp-content\\\/uploads\\\/2023\\\/02\\\/aaknives-hand-forged-dabascus-steel-blade-knife-handmade-custom-made-knife-handcrafted-knives-autinetools-northmen-26.2.jpg\",\"contentUrl\":\"https:\\\/\\\/aaknives.eu\\\/wp-content\\\/uploads\\\/2023\\\/02\\\/aaknives-hand-forged-dabascus-steel-blade-knife-handmade-custom-made-knife-handcrafted-knives-autinetools-northmen-26.2.jpg\",\"width\":1020,\"height\":880},{\"@type\":\"BreadcrumbList\",\"@id\":\"https:\\\/\\\/aaknives.eu\\\/lt\\\/product\\\/peilis-puukko-kaltinis-peilis-damasko-asmenimis\\\/#breadcrumb\",\"itemListElement\":[{\"@type\":\"ListItem\",\"position\":1,\"name\":\"Home\",\"item\":\"https:\\\/\\\/aaknives.eu\\\/lt\\\/\"},{\"@type\":\"ListItem\",\"position\":2,\"name\":\"Parduotuv\u0117\",\"item\":\"https:\\\/\\\/aaknives.eu\\\/parduotuve\\\/\"},{\"@type\":\"ListItem\",\"position\":3,\"name\":\"Peilis &#8221;PUUKKO&#8221; &#8211; kaltinis peilis Damasko a\u0161menimis\"}]},{\"@type\":\"WebSite\",\"@id\":\"https:\\\/\\\/aaknives.eu\\\/lt\\\/#website\",\"url\":\"https:\\\/\\\/aaknives.eu\\\/lt\\\/\",\"name\":\"AAKnives\",\"description\":\"Handmade knives\",\"publisher\":{\"@id\":\"https:\\\/\\\/aaknives.eu\\\/lt\\\/#organization\"},\"potentialAction\":[{\"@type\":\"SearchAction\",\"target\":{\"@type\":\"EntryPoint\",\"urlTemplate\":\"https:\\\/\\\/aaknives.eu\\\/lt\\\/?s={search_term_string}\"},\"query-input\":{\"@type\":\"PropertyValueSpecification\",\"valueRequired\":true,\"valueName\":\"search_term_string\"}}],\"inLanguage\":\"lt-LT\"},{\"@type\":\"Organization\",\"@id\":\"https:\\\/\\\/aaknives.eu\\\/lt\\\/#organization\",\"name\":\"AAKnives\",\"url\":\"https:\\\/\\\/aaknives.eu\\\/lt\\\/\",\"logo\":{\"@type\":\"ImageObject\",\"inLanguage\":\"lt-LT\",\"@id\":\"https:\\\/\\\/aaknives.eu\\\/lt\\\/#\\\/schema\\\/logo\\\/image\\\/\",\"url\":\"https:\\\/\\\/aaknives.eu\\\/wp-content\\\/uploads\\\/2021\\\/10\\\/AAknives_Logo_Green.png\",\"contentUrl\":\"https:\\\/\\\/aaknives.eu\\\/wp-content\\\/uploads\\\/2021\\\/10\\\/AAknives_Logo_Green.png\",\"width\":1768,\"height\":1768,\"caption\":\"AAKnives\"},\"image\":{\"@id\":\"https:\\\/\\\/aaknives.eu\\\/lt\\\/#\\\/schema\\\/logo\\\/image\\\/\"},\"sameAs\":[\"https:\\\/\\\/www.facebook.com\\\/aaknives.eu\\\/\",\"https:\\\/\\\/www.instagram.com\\\/aaknives\\\/\",\"https:\\\/\\\/www.pinterest.com\\\/aa_knives\\\/\",\"https:\\\/\\\/www.youtube.com\\\/channel\\\/UCHOQFjrOkgT6s4FIw9LDKyw\\\/featured\"]}]}<\/script>\n<!-- \/ Yoast SEO plugin. -->","yoast_head_json":{"title":"Peilis ''PUUKKO\" - kaltinis peilis Damasko a\u0161menimis - AAKnives","description":"padidinto stiprumo, didelio kietumo, puiki\u0173 pjovimo savybi\u0173 ir gro\u017eio peilis. Damasko gele\u017et\u0117 turi daugiau kaip 600 sluoksni\u0173.","robots":{"index":"index","follow":"follow","max-snippet":"max-snippet:-1","max-image-preview":"max-image-preview:large","max-video-preview":"max-video-preview:-1"},"canonical":"https:\/\/aaknives.eu\/lt\/product\/peilis-puukko-kaltinis-peilis-damasko-asmenimis\/","og_locale":"lt_LT","og_type":"article","og_title":"Peilis ''PUUKKO\" - kaltinis peilis Damasko a\u0161menimis - AAKnives","og_description":"padidinto stiprumo, didelio kietumo, puiki\u0173 pjovimo savybi\u0173 ir gro\u017eio peilis. Damasko gele\u017et\u0117 turi daugiau kaip 600 sluoksni\u0173.","og_url":"https:\/\/aaknives.eu\/lt\/product\/peilis-puukko-kaltinis-peilis-damasko-asmenimis\/","og_site_name":"AAKnives","article_publisher":"https:\/\/www.facebook.com\/aaknives.eu\/","article_modified_time":"2026-02-09T13:49:56+00:00","og_image":[{"width":1020,"height":880,"url":"https:\/\/aaknives.eu\/wp-content\/uploads\/2023\/02\/aaknives-hand-forged-dabascus-steel-blade-knife-handmade-custom-made-knife-handcrafted-knives-autinetools-northmen-26.2.jpg","type":"image\/jpeg"}],"twitter_card":"summary_large_image","twitter_misc":{"Est. reading time":"3 minut\u0117s"},"schema":{"@context":"https:\/\/schema.org","@graph":[{"@type":"WebPage","@id":"https:\/\/aaknives.eu\/lt\/product\/peilis-puukko-kaltinis-peilis-damasko-asmenimis\/","url":"https:\/\/aaknives.eu\/lt\/product\/peilis-puukko-kaltinis-peilis-damasko-asmenimis\/","name":"Peilis ''PUUKKO\" - kaltinis peilis Damasko a\u0161menimis - AAKnives","isPartOf":{"@id":"https:\/\/aaknives.eu\/lt\/#website"},"primaryImageOfPage":{"@id":"https:\/\/aaknives.eu\/lt\/product\/peilis-puukko-kaltinis-peilis-damasko-asmenimis\/#primaryimage"},"image":{"@id":"https:\/\/aaknives.eu\/lt\/product\/peilis-puukko-kaltinis-peilis-damasko-asmenimis\/#primaryimage"},"thumbnailUrl":"https:\/\/aaknives.eu\/wp-content\/uploads\/2023\/02\/aaknives-hand-forged-dabascus-steel-blade-knife-handmade-custom-made-knife-handcrafted-knives-autinetools-northmen-26.2.jpg","datePublished":"2023-02-08T17:03:39+00:00","dateModified":"2026-02-09T13:49:56+00:00","description":"padidinto stiprumo, didelio kietumo, puiki\u0173 pjovimo savybi\u0173 ir gro\u017eio peilis. Damasko gele\u017et\u0117 turi daugiau kaip 600 sluoksni\u0173.","breadcrumb":{"@id":"https:\/\/aaknives.eu\/lt\/product\/peilis-puukko-kaltinis-peilis-damasko-asmenimis\/#breadcrumb"},"inLanguage":"lt-LT","potentialAction":[{"@type":"ReadAction","target":["https:\/\/aaknives.eu\/lt\/product\/peilis-puukko-kaltinis-peilis-damasko-asmenimis\/"]}]},{"@type":"ImageObject","inLanguage":"lt-LT","@id":"https:\/\/aaknives.eu\/lt\/product\/peilis-puukko-kaltinis-peilis-damasko-asmenimis\/#primaryimage","url":"https:\/\/aaknives.eu\/wp-content\/uploads\/2023\/02\/aaknives-hand-forged-dabascus-steel-blade-knife-handmade-custom-made-knife-handcrafted-knives-autinetools-northmen-26.2.jpg","contentUrl":"https:\/\/aaknives.eu\/wp-content\/uploads\/2023\/02\/aaknives-hand-forged-dabascus-steel-blade-knife-handmade-custom-made-knife-handcrafted-knives-autinetools-northmen-26.2.jpg","width":1020,"height":880},{"@type":"BreadcrumbList","@id":"https:\/\/aaknives.eu\/lt\/product\/peilis-puukko-kaltinis-peilis-damasko-asmenimis\/#breadcrumb","itemListElement":[{"@type":"ListItem","position":1,"name":"Home","item":"https:\/\/aaknives.eu\/lt\/"},{"@type":"ListItem","position":2,"name":"Parduotuv\u0117","item":"https:\/\/aaknives.eu\/parduotuve\/"},{"@type":"ListItem","position":3,"name":"Peilis &#8221;PUUKKO&#8221; &#8211; kaltinis peilis Damasko a\u0161menimis"}]},{"@type":"WebSite","@id":"https:\/\/aaknives.eu\/lt\/#website","url":"https:\/\/aaknives.eu\/lt\/","name":"AAKnives","description":"Handmade knives","publisher":{"@id":"https:\/\/aaknives.eu\/lt\/#organization"},"potentialAction":[{"@type":"SearchAction","target":{"@type":"EntryPoint","urlTemplate":"https:\/\/aaknives.eu\/lt\/?s={search_term_string}"},"query-input":{"@type":"PropertyValueSpecification","valueRequired":true,"valueName":"search_term_string"}}],"inLanguage":"lt-LT"},{"@type":"Organization","@id":"https:\/\/aaknives.eu\/lt\/#organization","name":"AAKnives","url":"https:\/\/aaknives.eu\/lt\/","logo":{"@type":"ImageObject","inLanguage":"lt-LT","@id":"https:\/\/aaknives.eu\/lt\/#\/schema\/logo\/image\/","url":"https:\/\/aaknives.eu\/wp-content\/uploads\/2021\/10\/AAknives_Logo_Green.png","contentUrl":"https:\/\/aaknives.eu\/wp-content\/uploads\/2021\/10\/AAknives_Logo_Green.png","width":1768,"height":1768,"caption":"AAKnives"},"image":{"@id":"https:\/\/aaknives.eu\/lt\/#\/schema\/logo\/image\/"},"sameAs":["https:\/\/www.facebook.com\/aaknives.eu\/","https:\/\/www.instagram.com\/aaknives\/","https:\/\/www.pinterest.com\/aa_knives\/","https:\/\/www.youtube.com\/channel\/UCHOQFjrOkgT6s4FIw9LDKyw\/featured"]}]}},"_links":{"self":[{"href":"https:\/\/aaknives.eu\/lt\/wp-json\/wp\/v2\/product\/47173","targetHints":{"allow":["GET"]}}],"collection":[{"href":"https:\/\/aaknives.eu\/lt\/wp-json\/wp\/v2\/product"}],"about":[{"href":"https:\/\/aaknives.eu\/lt\/wp-json\/wp\/v2\/types\/product"}],"wp:featuredmedia":[{"embeddable":true,"href":"https:\/\/aaknives.eu\/lt\/wp-json\/wp\/v2\/media\/57515"}],"wp:attachment":[{"href":"https:\/\/aaknives.eu\/lt\/wp-json\/wp\/v2\/media?parent=47173"}],"wp:term":[{"taxonomy":"product_brand","embeddable":true,"href":"https:\/\/aaknives.eu\/lt\/wp-json\/wp\/v2\/product_brand?post=47173"},{"taxonomy":"product_cat","embeddable":true,"href":"https:\/\/aaknives.eu\/lt\/wp-json\/wp\/v2\/product_cat?post=47173"},{"taxonomy":"product_tag","embeddable":true,"href":"https:\/\/aaknives.eu\/lt\/wp-json\/wp\/v2\/product_tag?post=47173"}],"curies":[{"name":"wp","href":"https:\/\/api.w.org\/{rel}","templated":true}]}}