{"id":47234,"date":"2023-01-30T17:43:52","date_gmt":"2023-01-30T17:43:52","guid":{"rendered":"https:\/\/aaknives.eu\/product\/peiliu-galastuvas-pivot-plus\/"},"modified":"2023-01-30T17:43:52","modified_gmt":"2023-01-30T17:43:52","slug":"peiliu-galastuvas-pivot-plus","status":"publish","type":"product","link":"https:\/\/aaknives.eu\/lt\/product\/peiliu-galastuvas-pivot-plus\/","title":{"rendered":"PEILI\u0172 GAL\u0104STUVAS &#8220;PIVOT PLUS"},"content":{"rendered":"<p>Peili\u0173 gal\u0105stuvas &#8220;Work Sharp EDC Pivot PLUS&#8221; &#8211; tai greitas, paprastas ir veiksmingas b\u016bdas pagal\u0105sti bet kok\u012f peil\u012f. I\u0161gaubti karbidai greitai atkuria a\u0161tri\u0105 briaun\u0105, o smulkaus gr\u016bd\u0117tumo keraminiai strypeliai u\u017egr\u016bdina briaun\u0105 iki gamyklinio a\u0161trumo. &#8220;Pivot Response&#8221; reakcija galandant peil\u012f atitinka jo i\u0161linkim\u0105, tod\u0117l galandimas yra lengvesnis ir nuoseklesnis. K\u016bginis deimantinis strypas idealiai tinka dantytoms briaunoms ar ploniems \u012frankiams gal\u0105sti ir turi griovel\u012f kabliukams gal\u0105sti. Kompakti\u0161ko dyd\u017eio, lengvai telpantis kuprin\u0117je, ki\u0161en\u0117je, \u012franki\u0173 ar \u017evejybos \u012franki\u0173 d\u0117\u017e\u0117je.<\/p>\n","protected":false},"excerpt":{"rendered":"<p>Peili\u0173 gal\u0105stuvas &#8220;Work Sharp EDC Pivot PLUS&#8221; &#8211; tai greitas, paprastas ir veiksmingas b\u016bdas pagal\u0105sti bet kok\u012f peil\u012f. I\u0161gaubti karbidai greitai atkuria a\u0161tri\u0105 briaun\u0105, o smulkaus gr\u016bd\u0117tumo keraminiai strypeliai u\u017egr\u016bdina briaun\u0105 iki gamyklinio a\u0161trumo. &#8220;Pivot Response&#8221; reakcija galandant peil\u012f atitinka jo i\u0161linkim\u0105, tod\u0117l galandimas yra lengvesnis ir nuoseklesnis. K\u016bginis deimantinis strypas idealiai tinka dantytoms briaunoms ar ploniems \u012frankiams gal\u0105sti ir turi griovel\u012f kabliukams gal\u0105sti. Kompakti\u0161ko dyd\u017eio, lengvai telpantis kuprin\u0117je, ki\u0161en\u0117je, \u012franki\u0173 ar \u017evejybos \u012franki\u0173 d\u0117\u017e\u0117je.<\/p>\n","protected":false},"featured_media":47235,"template":"","meta":{"_themeisle_gutenberg_block_has_review":false},"product_brand":[],"product_cat":[375],"product_tag":[],"class_list":{"0":"post-47234","1":"product","2":"type-product","3":"status-publish","4":"has-post-thumbnail","6":"product_cat-peiliu-galandinimas-peiliu-galastuvai","8":"first","9":"instock","10":"shipping-taxable","11":"purchasable","12":"product-type-simple"},"yoast_head":"<!-- This site is optimized with the Yoast SEO plugin v27.3 - https:\/\/yoast.com\/product\/yoast-seo-wordpress\/ -->\n<title>PEILI\u0172 GAL\u0104STUVAS &quot;PIVOT PLUS - AAKnives<\/title>\n<meta name=\"description\" content=\"PEILI\u0172 GAL\u0104STUVAS &quot;PIVOT PLUS\" \/>\n<meta name=\"robots\" content=\"index, follow, max-snippet:-1, max-image-preview:large, max-video-preview:-1\" \/>\n<link rel=\"canonical\" href=\"https:\/\/aaknives.eu\/lt\/product\/peiliu-galastuvas-pivot-plus\/\" \/>\n<meta property=\"og:locale\" content=\"lt_LT\" \/>\n<meta property=\"og:type\" content=\"article\" \/>\n<meta property=\"og:title\" content=\"PEILI\u0172 GAL\u0104STUVAS &quot;PIVOT PLUS - AAKnives\" \/>\n<meta property=\"og:description\" content=\"PEILI\u0172 GAL\u0104STUVAS &quot;PIVOT PLUS\" \/>\n<meta property=\"og:url\" content=\"https:\/\/aaknives.eu\/lt\/product\/peiliu-galastuvas-pivot-plus\/\" \/>\n<meta property=\"og:site_name\" content=\"AAKnives\" \/>\n<meta property=\"article:publisher\" content=\"https:\/\/www.facebook.com\/aaknives.eu\/\" \/>\n<meta property=\"og:image\" content=\"https:\/\/aaknives.eu\/wp-content\/uploads\/2023\/01\/aaknives-hand-forged-damascus-steel-blade-knife-handmade-custom-made-knife-handcrafted-knives-autinetools-northmen-1-4-1.jpg\" \/>\n\t<meta property=\"og:image:width\" content=\"1020\" \/>\n\t<meta property=\"og:image:height\" content=\"880\" \/>\n\t<meta property=\"og:image:type\" content=\"image\/jpeg\" \/>\n<meta name=\"twitter:card\" content=\"summary_large_image\" \/>\n<script type=\"application\/ld+json\" class=\"yoast-schema-graph\">{\"@context\":\"https:\\\/\\\/schema.org\",\"@graph\":[{\"@type\":\"WebPage\",\"@id\":\"https:\\\/\\\/aaknives.eu\\\/lt\\\/product\\\/peiliu-galastuvas-pivot-plus\\\/\",\"url\":\"https:\\\/\\\/aaknives.eu\\\/lt\\\/product\\\/peiliu-galastuvas-pivot-plus\\\/\",\"name\":\"PEILI\u0172 GAL\u0104STUVAS \\\"PIVOT PLUS - AAKnives\",\"isPartOf\":{\"@id\":\"https:\\\/\\\/aaknives.eu\\\/lt\\\/#website\"},\"primaryImageOfPage\":{\"@id\":\"https:\\\/\\\/aaknives.eu\\\/lt\\\/product\\\/peiliu-galastuvas-pivot-plus\\\/#primaryimage\"},\"image\":{\"@id\":\"https:\\\/\\\/aaknives.eu\\\/lt\\\/product\\\/peiliu-galastuvas-pivot-plus\\\/#primaryimage\"},\"thumbnailUrl\":\"https:\\\/\\\/aaknives.eu\\\/wp-content\\\/uploads\\\/2023\\\/01\\\/aaknives-hand-forged-damascus-steel-blade-knife-handmade-custom-made-knife-handcrafted-knives-autinetools-northmen-1-4-1.jpg\",\"datePublished\":\"2023-01-30T17:43:52+00:00\",\"description\":\"PEILI\u0172 GAL\u0104STUVAS \\\"PIVOT PLUS\",\"breadcrumb\":{\"@id\":\"https:\\\/\\\/aaknives.eu\\\/lt\\\/product\\\/peiliu-galastuvas-pivot-plus\\\/#breadcrumb\"},\"inLanguage\":\"lt-LT\",\"potentialAction\":[{\"@type\":\"ReadAction\",\"target\":[\"https:\\\/\\\/aaknives.eu\\\/lt\\\/product\\\/peiliu-galastuvas-pivot-plus\\\/\"]}]},{\"@type\":\"ImageObject\",\"inLanguage\":\"lt-LT\",\"@id\":\"https:\\\/\\\/aaknives.eu\\\/lt\\\/product\\\/peiliu-galastuvas-pivot-plus\\\/#primaryimage\",\"url\":\"https:\\\/\\\/aaknives.eu\\\/wp-content\\\/uploads\\\/2023\\\/01\\\/aaknives-hand-forged-damascus-steel-blade-knife-handmade-custom-made-knife-handcrafted-knives-autinetools-northmen-1-4-1.jpg\",\"contentUrl\":\"https:\\\/\\\/aaknives.eu\\\/wp-content\\\/uploads\\\/2023\\\/01\\\/aaknives-hand-forged-damascus-steel-blade-knife-handmade-custom-made-knife-handcrafted-knives-autinetools-northmen-1-4-1.jpg\",\"width\":1020,\"height\":880,\"caption\":\"aaknives hand forged damascus steel blade knife handmade custom made knife handcrafted knives autinetools northmen 1 4 1\"},{\"@type\":\"BreadcrumbList\",\"@id\":\"https:\\\/\\\/aaknives.eu\\\/lt\\\/product\\\/peiliu-galastuvas-pivot-plus\\\/#breadcrumb\",\"itemListElement\":[{\"@type\":\"ListItem\",\"position\":1,\"name\":\"Home\",\"item\":\"https:\\\/\\\/aaknives.eu\\\/lt\\\/\"},{\"@type\":\"ListItem\",\"position\":2,\"name\":\"Parduotuv\u0117\",\"item\":\"https:\\\/\\\/aaknives.eu\\\/parduotuve\\\/\"},{\"@type\":\"ListItem\",\"position\":3,\"name\":\"PEILI\u0172 GAL\u0104STUVAS &#8220;PIVOT PLUS\"}]},{\"@type\":\"WebSite\",\"@id\":\"https:\\\/\\\/aaknives.eu\\\/lt\\\/#website\",\"url\":\"https:\\\/\\\/aaknives.eu\\\/lt\\\/\",\"name\":\"AAKnives\",\"description\":\"Handmade knives\",\"publisher\":{\"@id\":\"https:\\\/\\\/aaknives.eu\\\/lt\\\/#organization\"},\"potentialAction\":[{\"@type\":\"SearchAction\",\"target\":{\"@type\":\"EntryPoint\",\"urlTemplate\":\"https:\\\/\\\/aaknives.eu\\\/lt\\\/?s={search_term_string}\"},\"query-input\":{\"@type\":\"PropertyValueSpecification\",\"valueRequired\":true,\"valueName\":\"search_term_string\"}}],\"inLanguage\":\"lt-LT\"},{\"@type\":\"Organization\",\"@id\":\"https:\\\/\\\/aaknives.eu\\\/lt\\\/#organization\",\"name\":\"AAKnives\",\"url\":\"https:\\\/\\\/aaknives.eu\\\/lt\\\/\",\"logo\":{\"@type\":\"ImageObject\",\"inLanguage\":\"lt-LT\",\"@id\":\"https:\\\/\\\/aaknives.eu\\\/lt\\\/#\\\/schema\\\/logo\\\/image\\\/\",\"url\":\"https:\\\/\\\/aaknives.eu\\\/wp-content\\\/uploads\\\/2021\\\/10\\\/AAknives_Logo_Green.png\",\"contentUrl\":\"https:\\\/\\\/aaknives.eu\\\/wp-content\\\/uploads\\\/2021\\\/10\\\/AAknives_Logo_Green.png\",\"width\":1768,\"height\":1768,\"caption\":\"AAKnives\"},\"image\":{\"@id\":\"https:\\\/\\\/aaknives.eu\\\/lt\\\/#\\\/schema\\\/logo\\\/image\\\/\"},\"sameAs\":[\"https:\\\/\\\/www.facebook.com\\\/aaknives.eu\\\/\",\"https:\\\/\\\/www.instagram.com\\\/aaknives\\\/\",\"https:\\\/\\\/www.pinterest.com\\\/aa_knives\\\/\",\"https:\\\/\\\/www.youtube.com\\\/channel\\\/UCHOQFjrOkgT6s4FIw9LDKyw\\\/featured\"]}]}<\/script>\n<!-- \/ Yoast SEO plugin. -->","yoast_head_json":{"title":"PEILI\u0172 GAL\u0104STUVAS \"PIVOT PLUS - AAKnives","description":"PEILI\u0172 GAL\u0104STUVAS \"PIVOT PLUS","robots":{"index":"index","follow":"follow","max-snippet":"max-snippet:-1","max-image-preview":"max-image-preview:large","max-video-preview":"max-video-preview:-1"},"canonical":"https:\/\/aaknives.eu\/lt\/product\/peiliu-galastuvas-pivot-plus\/","og_locale":"lt_LT","og_type":"article","og_title":"PEILI\u0172 GAL\u0104STUVAS \"PIVOT PLUS - AAKnives","og_description":"PEILI\u0172 GAL\u0104STUVAS \"PIVOT PLUS","og_url":"https:\/\/aaknives.eu\/lt\/product\/peiliu-galastuvas-pivot-plus\/","og_site_name":"AAKnives","article_publisher":"https:\/\/www.facebook.com\/aaknives.eu\/","og_image":[{"width":1020,"height":880,"url":"https:\/\/aaknives.eu\/wp-content\/uploads\/2023\/01\/aaknives-hand-forged-damascus-steel-blade-knife-handmade-custom-made-knife-handcrafted-knives-autinetools-northmen-1-4-1.jpg","type":"image\/jpeg"}],"twitter_card":"summary_large_image","schema":{"@context":"https:\/\/schema.org","@graph":[{"@type":"WebPage","@id":"https:\/\/aaknives.eu\/lt\/product\/peiliu-galastuvas-pivot-plus\/","url":"https:\/\/aaknives.eu\/lt\/product\/peiliu-galastuvas-pivot-plus\/","name":"PEILI\u0172 GAL\u0104STUVAS \"PIVOT PLUS - AAKnives","isPartOf":{"@id":"https:\/\/aaknives.eu\/lt\/#website"},"primaryImageOfPage":{"@id":"https:\/\/aaknives.eu\/lt\/product\/peiliu-galastuvas-pivot-plus\/#primaryimage"},"image":{"@id":"https:\/\/aaknives.eu\/lt\/product\/peiliu-galastuvas-pivot-plus\/#primaryimage"},"thumbnailUrl":"https:\/\/aaknives.eu\/wp-content\/uploads\/2023\/01\/aaknives-hand-forged-damascus-steel-blade-knife-handmade-custom-made-knife-handcrafted-knives-autinetools-northmen-1-4-1.jpg","datePublished":"2023-01-30T17:43:52+00:00","description":"PEILI\u0172 GAL\u0104STUVAS \"PIVOT PLUS","breadcrumb":{"@id":"https:\/\/aaknives.eu\/lt\/product\/peiliu-galastuvas-pivot-plus\/#breadcrumb"},"inLanguage":"lt-LT","potentialAction":[{"@type":"ReadAction","target":["https:\/\/aaknives.eu\/lt\/product\/peiliu-galastuvas-pivot-plus\/"]}]},{"@type":"ImageObject","inLanguage":"lt-LT","@id":"https:\/\/aaknives.eu\/lt\/product\/peiliu-galastuvas-pivot-plus\/#primaryimage","url":"https:\/\/aaknives.eu\/wp-content\/uploads\/2023\/01\/aaknives-hand-forged-damascus-steel-blade-knife-handmade-custom-made-knife-handcrafted-knives-autinetools-northmen-1-4-1.jpg","contentUrl":"https:\/\/aaknives.eu\/wp-content\/uploads\/2023\/01\/aaknives-hand-forged-damascus-steel-blade-knife-handmade-custom-made-knife-handcrafted-knives-autinetools-northmen-1-4-1.jpg","width":1020,"height":880,"caption":"aaknives hand forged damascus steel blade knife handmade custom made knife handcrafted knives autinetools northmen 1 4 1"},{"@type":"BreadcrumbList","@id":"https:\/\/aaknives.eu\/lt\/product\/peiliu-galastuvas-pivot-plus\/#breadcrumb","itemListElement":[{"@type":"ListItem","position":1,"name":"Home","item":"https:\/\/aaknives.eu\/lt\/"},{"@type":"ListItem","position":2,"name":"Parduotuv\u0117","item":"https:\/\/aaknives.eu\/parduotuve\/"},{"@type":"ListItem","position":3,"name":"PEILI\u0172 GAL\u0104STUVAS &#8220;PIVOT PLUS"}]},{"@type":"WebSite","@id":"https:\/\/aaknives.eu\/lt\/#website","url":"https:\/\/aaknives.eu\/lt\/","name":"AAKnives","description":"Handmade knives","publisher":{"@id":"https:\/\/aaknives.eu\/lt\/#organization"},"potentialAction":[{"@type":"SearchAction","target":{"@type":"EntryPoint","urlTemplate":"https:\/\/aaknives.eu\/lt\/?s={search_term_string}"},"query-input":{"@type":"PropertyValueSpecification","valueRequired":true,"valueName":"search_term_string"}}],"inLanguage":"lt-LT"},{"@type":"Organization","@id":"https:\/\/aaknives.eu\/lt\/#organization","name":"AAKnives","url":"https:\/\/aaknives.eu\/lt\/","logo":{"@type":"ImageObject","inLanguage":"lt-LT","@id":"https:\/\/aaknives.eu\/lt\/#\/schema\/logo\/image\/","url":"https:\/\/aaknives.eu\/wp-content\/uploads\/2021\/10\/AAknives_Logo_Green.png","contentUrl":"https:\/\/aaknives.eu\/wp-content\/uploads\/2021\/10\/AAknives_Logo_Green.png","width":1768,"height":1768,"caption":"AAKnives"},"image":{"@id":"https:\/\/aaknives.eu\/lt\/#\/schema\/logo\/image\/"},"sameAs":["https:\/\/www.facebook.com\/aaknives.eu\/","https:\/\/www.instagram.com\/aaknives\/","https:\/\/www.pinterest.com\/aa_knives\/","https:\/\/www.youtube.com\/channel\/UCHOQFjrOkgT6s4FIw9LDKyw\/featured"]}]}},"_links":{"self":[{"href":"https:\/\/aaknives.eu\/lt\/wp-json\/wp\/v2\/product\/47234","targetHints":{"allow":["GET"]}}],"collection":[{"href":"https:\/\/aaknives.eu\/lt\/wp-json\/wp\/v2\/product"}],"about":[{"href":"https:\/\/aaknives.eu\/lt\/wp-json\/wp\/v2\/types\/product"}],"wp:featuredmedia":[{"embeddable":true,"href":"https:\/\/aaknives.eu\/lt\/wp-json\/wp\/v2\/media\/47235"}],"wp:attachment":[{"href":"https:\/\/aaknives.eu\/lt\/wp-json\/wp\/v2\/media?parent=47234"}],"wp:term":[{"taxonomy":"product_brand","embeddable":true,"href":"https:\/\/aaknives.eu\/lt\/wp-json\/wp\/v2\/product_brand?post=47234"},{"taxonomy":"product_cat","embeddable":true,"href":"https:\/\/aaknives.eu\/lt\/wp-json\/wp\/v2\/product_cat?post=47234"},{"taxonomy":"product_tag","embeddable":true,"href":"https:\/\/aaknives.eu\/lt\/wp-json\/wp\/v2\/product_tag?post=47234"}],"curies":[{"name":"wp","href":"https:\/\/api.w.org\/{rel}","templated":true}]}}