{"id":47247,"date":"2023-01-30T17:25:14","date_gmt":"2023-01-30T17:25:14","guid":{"rendered":"https:\/\/aaknives.eu\/product\/peiliu-galastuvas-pivot-pro\/"},"modified":"2026-01-20T13:40:02","modified_gmt":"2026-01-20T13:40:02","slug":"peiliu-galastuvas-pivot-pro","status":"publish","type":"product","link":"https:\/\/aaknives.eu\/lt\/product\/peiliu-galastuvas-pivot-pro\/","title":{"rendered":"PEILI\u0172 GAL\u0104STUVAS &#8220;PIVOT PRO"},"content":{"rendered":"<p>&#8220;EDC Pivot&#8221; peili\u0173 gal\u0105stuvas &#8211; tai ki\u0161eninis peili\u0173 gal\u0105stuvas, kuriuo gal\u0117site gal\u0105sti ir gludinti peilius.<\/p>\n<p>Peili\u0173 gal\u0105stuvas &#8220;Work Sharp EDC Pivot Knife Sharpener&#8221; &#8211; tai greitas, paprastas ir veiksmingas b\u016bdas pagal\u0105sti bet kok\u012f peil\u012f. I\u0161gaubti karbidai greitai atkuria a\u0161tri\u0105 briaun\u0105, o smulkaus gr\u016bd\u0117tumo keraminiai strypeliai u\u017egr\u016bdina briaun\u0105 iki gamyklinio a\u0161trumo. &#8220;Pivot Response&#8221; reakcija galandant peil\u012f atitinka jo i\u0161linkim\u0105, tod\u0117l galandimas yra lengvesnis ir nuoseklesnis. Papildomas vidutinio gr\u016bd\u0117tumo deimantinis galandinimo pavir\u0161ius idealiai tinka peiliams, \u012frankiams ir net \u017euv\u0173 kabliukams gal\u0105sti. Kompakti\u0161ko dyd\u017eio, lengvai telpantis kuprin\u0117je, ki\u0161en\u0117je, \u012franki\u0173 ar \u017evejybos \u012franki\u0173 d\u0117\u017e\u0117je.<\/p>\n","protected":false},"excerpt":{"rendered":"<p>&#8220;EDC Pivot&#8221; peili\u0173 gal\u0105stuvas &#8211; tai ki\u0161eninis peili\u0173 gal\u0105stuvas, kuriuo gal\u0117site gal\u0105sti ir gludinti peilius. Peili\u0173 gal\u0105stuvas &#8220;Work Sharp EDC Pivot Knife Sharpener&#8221; &#8211; tai greitas, paprastas ir veiksmingas b\u016bdas pagal\u0105sti bet kok\u012f peil\u012f. I\u0161gaubti karbidai greitai atkuria a\u0161tri\u0105 briaun\u0105, o smulkaus gr\u016bd\u0117tumo keraminiai strypeliai u\u017egr\u016bdina briaun\u0105 iki gamyklinio a\u0161trumo. &#8220;Pivot Response&#8221; reakcija galandant peil\u012f atitinka jo i\u0161linkim\u0105, tod\u0117l galandimas yra lengvesnis ir nuoseklesnis. Papildomas vidutinio gr\u016bd\u0117tumo deimantinis galandinimo pavir\u0161ius idealiai tinka peiliams, \u012frankiams ir net \u017euv\u0173 kabliukams gal\u0105sti. Kompakti\u0161ko dyd\u017eio, lengvai telpantis kuprin\u0117je, ki\u0161en\u0117je, \u012franki\u0173 ar \u017evejybos \u012franki\u0173 d\u0117\u017e\u0117je.<\/p>\n","protected":false},"featured_media":47248,"template":"","meta":{"_themeisle_gutenberg_block_has_review":false},"product_brand":[],"product_cat":[375],"product_tag":[],"class_list":{"0":"post-47247","1":"product","2":"type-product","3":"status-publish","4":"has-post-thumbnail","6":"product_cat-peiliu-galandinimas-peiliu-galastuvai","8":"first","9":"instock","10":"shipping-taxable","11":"purchasable","12":"product-type-simple"},"yoast_head":"<!-- This site is optimized with the Yoast SEO plugin v27.3 - https:\/\/yoast.com\/product\/yoast-seo-wordpress\/ -->\n<title>PEILI\u0172 GAL\u0104STUVAS &quot;PIVOT PRO - AAKnives<\/title>\n<meta name=\"description\" content=\"PEILI\u0172 GAL\u0104STUVAS &quot;PIVOT PRO\" \/>\n<meta name=\"robots\" content=\"index, follow, max-snippet:-1, max-image-preview:large, max-video-preview:-1\" \/>\n<link rel=\"canonical\" href=\"https:\/\/aaknives.eu\/lt\/product\/peiliu-galastuvas-pivot-pro\/\" \/>\n<meta property=\"og:locale\" content=\"lt_LT\" \/>\n<meta property=\"og:type\" content=\"article\" \/>\n<meta property=\"og:title\" content=\"PEILI\u0172 GAL\u0104STUVAS &quot;PIVOT PRO - AAKnives\" \/>\n<meta property=\"og:description\" content=\"PEILI\u0172 GAL\u0104STUVAS &quot;PIVOT PRO\" \/>\n<meta property=\"og:url\" content=\"https:\/\/aaknives.eu\/lt\/product\/peiliu-galastuvas-pivot-pro\/\" \/>\n<meta property=\"og:site_name\" content=\"AAKnives\" \/>\n<meta property=\"article:publisher\" content=\"https:\/\/www.facebook.com\/aaknives.eu\/\" \/>\n<meta property=\"article:modified_time\" content=\"2026-01-20T13:40:02+00:00\" \/>\n<meta property=\"og:image\" content=\"https:\/\/aaknives.eu\/wp-content\/uploads\/2023\/01\/aaknives-hand-forged-dabascus-steel-blade-knife-handmade-custom-made-knife-handcrafted-knives-autinetools-northmen-1-5-3.jpg\" \/>\n\t<meta property=\"og:image:width\" content=\"1020\" \/>\n\t<meta property=\"og:image:height\" content=\"880\" \/>\n\t<meta property=\"og:image:type\" content=\"image\/jpeg\" \/>\n<meta name=\"twitter:card\" content=\"summary_large_image\" \/>\n<meta name=\"twitter:label1\" content=\"Est. reading time\" \/>\n\t<meta name=\"twitter:data1\" content=\"1 minut\u0117\" \/>\n<script type=\"application\/ld+json\" class=\"yoast-schema-graph\">{\"@context\":\"https:\\\/\\\/schema.org\",\"@graph\":[{\"@type\":\"WebPage\",\"@id\":\"https:\\\/\\\/aaknives.eu\\\/lt\\\/product\\\/peiliu-galastuvas-pivot-pro\\\/\",\"url\":\"https:\\\/\\\/aaknives.eu\\\/lt\\\/product\\\/peiliu-galastuvas-pivot-pro\\\/\",\"name\":\"PEILI\u0172 GAL\u0104STUVAS \\\"PIVOT PRO - AAKnives\",\"isPartOf\":{\"@id\":\"https:\\\/\\\/aaknives.eu\\\/lt\\\/#website\"},\"primaryImageOfPage\":{\"@id\":\"https:\\\/\\\/aaknives.eu\\\/lt\\\/product\\\/peiliu-galastuvas-pivot-pro\\\/#primaryimage\"},\"image\":{\"@id\":\"https:\\\/\\\/aaknives.eu\\\/lt\\\/product\\\/peiliu-galastuvas-pivot-pro\\\/#primaryimage\"},\"thumbnailUrl\":\"https:\\\/\\\/aaknives.eu\\\/wp-content\\\/uploads\\\/2023\\\/01\\\/aaknives-hand-forged-dabascus-steel-blade-knife-handmade-custom-made-knife-handcrafted-knives-autinetools-northmen-1-5-3.jpg\",\"datePublished\":\"2023-01-30T17:25:14+00:00\",\"dateModified\":\"2026-01-20T13:40:02+00:00\",\"description\":\"PEILI\u0172 GAL\u0104STUVAS \\\"PIVOT PRO\",\"breadcrumb\":{\"@id\":\"https:\\\/\\\/aaknives.eu\\\/lt\\\/product\\\/peiliu-galastuvas-pivot-pro\\\/#breadcrumb\"},\"inLanguage\":\"lt-LT\",\"potentialAction\":[{\"@type\":\"ReadAction\",\"target\":[\"https:\\\/\\\/aaknives.eu\\\/lt\\\/product\\\/peiliu-galastuvas-pivot-pro\\\/\"]}]},{\"@type\":\"ImageObject\",\"inLanguage\":\"lt-LT\",\"@id\":\"https:\\\/\\\/aaknives.eu\\\/lt\\\/product\\\/peiliu-galastuvas-pivot-pro\\\/#primaryimage\",\"url\":\"https:\\\/\\\/aaknives.eu\\\/wp-content\\\/uploads\\\/2023\\\/01\\\/aaknives-hand-forged-dabascus-steel-blade-knife-handmade-custom-made-knife-handcrafted-knives-autinetools-northmen-1-5-3.jpg\",\"contentUrl\":\"https:\\\/\\\/aaknives.eu\\\/wp-content\\\/uploads\\\/2023\\\/01\\\/aaknives-hand-forged-dabascus-steel-blade-knife-handmade-custom-made-knife-handcrafted-knives-autinetools-northmen-1-5-3.jpg\",\"width\":1020,\"height\":880,\"caption\":\"aaknives hand forged dabascus steel blade knife handmade custom made knife handcrafted knives autinetools northmen 1 5 3\"},{\"@type\":\"BreadcrumbList\",\"@id\":\"https:\\\/\\\/aaknives.eu\\\/lt\\\/product\\\/peiliu-galastuvas-pivot-pro\\\/#breadcrumb\",\"itemListElement\":[{\"@type\":\"ListItem\",\"position\":1,\"name\":\"Home\",\"item\":\"https:\\\/\\\/aaknives.eu\\\/lt\\\/\"},{\"@type\":\"ListItem\",\"position\":2,\"name\":\"Parduotuv\u0117\",\"item\":\"https:\\\/\\\/aaknives.eu\\\/parduotuve\\\/\"},{\"@type\":\"ListItem\",\"position\":3,\"name\":\"PEILI\u0172 GAL\u0104STUVAS &#8220;PIVOT PRO\"}]},{\"@type\":\"WebSite\",\"@id\":\"https:\\\/\\\/aaknives.eu\\\/lt\\\/#website\",\"url\":\"https:\\\/\\\/aaknives.eu\\\/lt\\\/\",\"name\":\"AAKnives\",\"description\":\"Handmade knives\",\"publisher\":{\"@id\":\"https:\\\/\\\/aaknives.eu\\\/lt\\\/#organization\"},\"potentialAction\":[{\"@type\":\"SearchAction\",\"target\":{\"@type\":\"EntryPoint\",\"urlTemplate\":\"https:\\\/\\\/aaknives.eu\\\/lt\\\/?s={search_term_string}\"},\"query-input\":{\"@type\":\"PropertyValueSpecification\",\"valueRequired\":true,\"valueName\":\"search_term_string\"}}],\"inLanguage\":\"lt-LT\"},{\"@type\":\"Organization\",\"@id\":\"https:\\\/\\\/aaknives.eu\\\/lt\\\/#organization\",\"name\":\"AAKnives\",\"url\":\"https:\\\/\\\/aaknives.eu\\\/lt\\\/\",\"logo\":{\"@type\":\"ImageObject\",\"inLanguage\":\"lt-LT\",\"@id\":\"https:\\\/\\\/aaknives.eu\\\/lt\\\/#\\\/schema\\\/logo\\\/image\\\/\",\"url\":\"https:\\\/\\\/aaknives.eu\\\/wp-content\\\/uploads\\\/2021\\\/10\\\/AAknives_Logo_Green.png\",\"contentUrl\":\"https:\\\/\\\/aaknives.eu\\\/wp-content\\\/uploads\\\/2021\\\/10\\\/AAknives_Logo_Green.png\",\"width\":1768,\"height\":1768,\"caption\":\"AAKnives\"},\"image\":{\"@id\":\"https:\\\/\\\/aaknives.eu\\\/lt\\\/#\\\/schema\\\/logo\\\/image\\\/\"},\"sameAs\":[\"https:\\\/\\\/www.facebook.com\\\/aaknives.eu\\\/\",\"https:\\\/\\\/www.instagram.com\\\/aaknives\\\/\",\"https:\\\/\\\/www.pinterest.com\\\/aa_knives\\\/\",\"https:\\\/\\\/www.youtube.com\\\/channel\\\/UCHOQFjrOkgT6s4FIw9LDKyw\\\/featured\"]}]}<\/script>\n<!-- \/ Yoast SEO plugin. -->","yoast_head_json":{"title":"PEILI\u0172 GAL\u0104STUVAS \"PIVOT PRO - AAKnives","description":"PEILI\u0172 GAL\u0104STUVAS \"PIVOT PRO","robots":{"index":"index","follow":"follow","max-snippet":"max-snippet:-1","max-image-preview":"max-image-preview:large","max-video-preview":"max-video-preview:-1"},"canonical":"https:\/\/aaknives.eu\/lt\/product\/peiliu-galastuvas-pivot-pro\/","og_locale":"lt_LT","og_type":"article","og_title":"PEILI\u0172 GAL\u0104STUVAS \"PIVOT PRO - AAKnives","og_description":"PEILI\u0172 GAL\u0104STUVAS \"PIVOT PRO","og_url":"https:\/\/aaknives.eu\/lt\/product\/peiliu-galastuvas-pivot-pro\/","og_site_name":"AAKnives","article_publisher":"https:\/\/www.facebook.com\/aaknives.eu\/","article_modified_time":"2026-01-20T13:40:02+00:00","og_image":[{"width":1020,"height":880,"url":"https:\/\/aaknives.eu\/wp-content\/uploads\/2023\/01\/aaknives-hand-forged-dabascus-steel-blade-knife-handmade-custom-made-knife-handcrafted-knives-autinetools-northmen-1-5-3.jpg","type":"image\/jpeg"}],"twitter_card":"summary_large_image","twitter_misc":{"Est. reading time":"1 minut\u0117"},"schema":{"@context":"https:\/\/schema.org","@graph":[{"@type":"WebPage","@id":"https:\/\/aaknives.eu\/lt\/product\/peiliu-galastuvas-pivot-pro\/","url":"https:\/\/aaknives.eu\/lt\/product\/peiliu-galastuvas-pivot-pro\/","name":"PEILI\u0172 GAL\u0104STUVAS \"PIVOT PRO - AAKnives","isPartOf":{"@id":"https:\/\/aaknives.eu\/lt\/#website"},"primaryImageOfPage":{"@id":"https:\/\/aaknives.eu\/lt\/product\/peiliu-galastuvas-pivot-pro\/#primaryimage"},"image":{"@id":"https:\/\/aaknives.eu\/lt\/product\/peiliu-galastuvas-pivot-pro\/#primaryimage"},"thumbnailUrl":"https:\/\/aaknives.eu\/wp-content\/uploads\/2023\/01\/aaknives-hand-forged-dabascus-steel-blade-knife-handmade-custom-made-knife-handcrafted-knives-autinetools-northmen-1-5-3.jpg","datePublished":"2023-01-30T17:25:14+00:00","dateModified":"2026-01-20T13:40:02+00:00","description":"PEILI\u0172 GAL\u0104STUVAS \"PIVOT PRO","breadcrumb":{"@id":"https:\/\/aaknives.eu\/lt\/product\/peiliu-galastuvas-pivot-pro\/#breadcrumb"},"inLanguage":"lt-LT","potentialAction":[{"@type":"ReadAction","target":["https:\/\/aaknives.eu\/lt\/product\/peiliu-galastuvas-pivot-pro\/"]}]},{"@type":"ImageObject","inLanguage":"lt-LT","@id":"https:\/\/aaknives.eu\/lt\/product\/peiliu-galastuvas-pivot-pro\/#primaryimage","url":"https:\/\/aaknives.eu\/wp-content\/uploads\/2023\/01\/aaknives-hand-forged-dabascus-steel-blade-knife-handmade-custom-made-knife-handcrafted-knives-autinetools-northmen-1-5-3.jpg","contentUrl":"https:\/\/aaknives.eu\/wp-content\/uploads\/2023\/01\/aaknives-hand-forged-dabascus-steel-blade-knife-handmade-custom-made-knife-handcrafted-knives-autinetools-northmen-1-5-3.jpg","width":1020,"height":880,"caption":"aaknives hand forged dabascus steel blade knife handmade custom made knife handcrafted knives autinetools northmen 1 5 3"},{"@type":"BreadcrumbList","@id":"https:\/\/aaknives.eu\/lt\/product\/peiliu-galastuvas-pivot-pro\/#breadcrumb","itemListElement":[{"@type":"ListItem","position":1,"name":"Home","item":"https:\/\/aaknives.eu\/lt\/"},{"@type":"ListItem","position":2,"name":"Parduotuv\u0117","item":"https:\/\/aaknives.eu\/parduotuve\/"},{"@type":"ListItem","position":3,"name":"PEILI\u0172 GAL\u0104STUVAS &#8220;PIVOT PRO"}]},{"@type":"WebSite","@id":"https:\/\/aaknives.eu\/lt\/#website","url":"https:\/\/aaknives.eu\/lt\/","name":"AAKnives","description":"Handmade knives","publisher":{"@id":"https:\/\/aaknives.eu\/lt\/#organization"},"potentialAction":[{"@type":"SearchAction","target":{"@type":"EntryPoint","urlTemplate":"https:\/\/aaknives.eu\/lt\/?s={search_term_string}"},"query-input":{"@type":"PropertyValueSpecification","valueRequired":true,"valueName":"search_term_string"}}],"inLanguage":"lt-LT"},{"@type":"Organization","@id":"https:\/\/aaknives.eu\/lt\/#organization","name":"AAKnives","url":"https:\/\/aaknives.eu\/lt\/","logo":{"@type":"ImageObject","inLanguage":"lt-LT","@id":"https:\/\/aaknives.eu\/lt\/#\/schema\/logo\/image\/","url":"https:\/\/aaknives.eu\/wp-content\/uploads\/2021\/10\/AAknives_Logo_Green.png","contentUrl":"https:\/\/aaknives.eu\/wp-content\/uploads\/2021\/10\/AAknives_Logo_Green.png","width":1768,"height":1768,"caption":"AAKnives"},"image":{"@id":"https:\/\/aaknives.eu\/lt\/#\/schema\/logo\/image\/"},"sameAs":["https:\/\/www.facebook.com\/aaknives.eu\/","https:\/\/www.instagram.com\/aaknives\/","https:\/\/www.pinterest.com\/aa_knives\/","https:\/\/www.youtube.com\/channel\/UCHOQFjrOkgT6s4FIw9LDKyw\/featured"]}]}},"_links":{"self":[{"href":"https:\/\/aaknives.eu\/lt\/wp-json\/wp\/v2\/product\/47247","targetHints":{"allow":["GET"]}}],"collection":[{"href":"https:\/\/aaknives.eu\/lt\/wp-json\/wp\/v2\/product"}],"about":[{"href":"https:\/\/aaknives.eu\/lt\/wp-json\/wp\/v2\/types\/product"}],"wp:featuredmedia":[{"embeddable":true,"href":"https:\/\/aaknives.eu\/lt\/wp-json\/wp\/v2\/media\/47248"}],"wp:attachment":[{"href":"https:\/\/aaknives.eu\/lt\/wp-json\/wp\/v2\/media?parent=47247"}],"wp:term":[{"taxonomy":"product_brand","embeddable":true,"href":"https:\/\/aaknives.eu\/lt\/wp-json\/wp\/v2\/product_brand?post=47247"},{"taxonomy":"product_cat","embeddable":true,"href":"https:\/\/aaknives.eu\/lt\/wp-json\/wp\/v2\/product_cat?post=47247"},{"taxonomy":"product_tag","embeddable":true,"href":"https:\/\/aaknives.eu\/lt\/wp-json\/wp\/v2\/product_tag?post=47247"}],"curies":[{"name":"wp","href":"https:\/\/api.w.org\/{rel}","templated":true}]}}