{"id":47272,"date":"2023-01-30T16:37:17","date_gmt":"2023-01-30T16:37:17","guid":{"rendered":"https:\/\/aaknives.eu\/product\/peiliu-galastuvas-darbinis-astrumas-2\/"},"modified":"2023-01-30T16:37:17","modified_gmt":"2023-01-30T16:37:17","slug":"peiliu-galastuvas-darbinis-astrumas-2","status":"publish","type":"product","link":"https:\/\/aaknives.eu\/lt\/product\/peiliu-galastuvas-darbinis-astrumas-2\/","title":{"rendered":"PEILI\u0172 GAL\u0104STUVAS &#8211; DARBINIS A\u0160TRUMAS"},"content":{"rendered":"<p>\u201cWork Sharp\u00ae Precision Adjust Knife Sharpener\u2122\u201d \u2013 tai kampu valdomas, i\u0161 trij\u0173 pusi\u0173 abrazyvinis \u012ftaiso ir spaustuko tipo gal\u0105stuvas, kuriuo rankiniu b\u016bdu gal\u0105sti peilius galima grei\u010diau, lengviau ir tiksliau nei bet kada anks\u010diau.<\/p>\n<p>Galandimo kamp\u0105 galima lengvai reguliuoti nuo 15\u00b0 iki 30\u00b0, 1\u00b0 \u017eingsniu.<\/p>\n<p>Greitai indeksuokite tarp stambaus ir smulkaus deimantinio ir smulkaus keraminio akmens.<\/p>\n<p>Nuimamas spaustukas saugiai ir tvirtai pritvirtina peil\u012f.<\/p>\n<p>\u201cWork Sharp Precision Adjust Knife Sharpener\u2122\u201d \u2013 tai reguliuojamo kampo, trij\u0173 abrazyvini\u0173 gr\u016bd\u0117tum\u0173 peili\u0173 galandinimo sistema, u\u017etikrinanti tikslum\u0105 ir pakartojamum\u0105. Galandimo kamp\u0105 galima lengvai reguliuoti nuo 15\u00b0 iki 30\u00b0 1\u00b0 \u017eingsniu, kad b\u016bt\u0173 galima gal\u0105sti visus turimus peilius. \u201cTri-Brasive\u2122\u201d sudaro stambaus 320 ir smulkaus 600 gr\u016bd\u0117tumo deimantin\u0117s plok\u0161tel\u0117s, kurios greitai atkuria a\u0161tri\u0105 briaun\u0105, ir smulkaus gr\u016bd\u0117tumo keraminis akmuo, skirtas ne\u012ftik\u0117tinai a\u0161triai peili\u0173 briaunai nu\u0161lifuoti. Naujovi\u0161ka spaustuko konstrukcija greitai ir saugiai pritvirtina peil\u012f. Galandimo pagrindas suteikia stabili\u0105 platform\u0105 galandimo stalui.<\/p>\n","protected":false},"excerpt":{"rendered":"<p>\u201cWork Sharp\u00ae Precision Adjust Knife Sharpener\u2122\u201d \u2013 tai kampu valdomas, i\u0161 trij\u0173 pusi\u0173 abrazyvinis \u012ftaiso ir spaustuko tipo gal\u0105stuvas, kuriuo rankiniu b\u016bdu gal\u0105sti peilius galima grei\u010diau, lengviau ir tiksliau nei bet kada anks\u010diau. Galandimo kamp\u0105 galima lengvai reguliuoti nuo 15\u00b0 iki 30\u00b0, 1\u00b0 \u017eingsniu. Greitai indeksuokite tarp stambaus ir smulkaus deimantinio ir smulkaus keraminio akmens. Nuimamas spaustukas saugiai ir tvirtai pritvirtina peil\u012f. \u201cWork Sharp Precision Adjust Knife Sharpener\u2122\u201d \u2013 tai reguliuojamo kampo, trij\u0173 abrazyvini\u0173 gr\u016bd\u0117tum\u0173 peili\u0173 galandinimo sistema, u\u017etikrinanti tikslum\u0105 ir pakartojamum\u0105. Galandimo kamp\u0105 galima lengvai reguliuoti nuo 15\u00b0 iki 30\u00b0 1\u00b0 \u017eingsniu, kad b\u016bt\u0173 galima gal\u0105sti visus turimus peilius.&hellip;<\/p>\n","protected":false},"featured_media":47273,"template":"","meta":{"_themeisle_gutenberg_block_has_review":false},"product_brand":[],"product_cat":[375],"product_tag":[],"class_list":{"0":"post-47272","1":"product","2":"type-product","3":"status-publish","4":"has-post-thumbnail","6":"product_cat-peiliu-galandinimas-peiliu-galastuvai","8":"first","9":"instock","10":"shipping-taxable","11":"purchasable","12":"product-type-simple"},"yoast_head":"<!-- This site is optimized with the Yoast SEO plugin v27.5 - https:\/\/yoast.com\/product\/yoast-seo-wordpress\/ -->\n<title>PEILI\u0172 GAL\u0104STUVAS - DARBINIS A\u0160TRUMAS - AAKnives<\/title>\n<meta name=\"description\" content=\"PEILI\u0172 GAL\u0104STUVAS - DARBINIS A\u0160TRUMAS\" \/>\n<meta name=\"robots\" content=\"index, follow, max-snippet:-1, max-image-preview:large, max-video-preview:-1\" \/>\n<link rel=\"canonical\" href=\"https:\/\/aaknives.eu\/lt\/product\/peiliu-galastuvas-darbinis-astrumas-2\/\" \/>\n<meta property=\"og:locale\" content=\"lt_LT\" \/>\n<meta property=\"og:type\" content=\"article\" \/>\n<meta property=\"og:title\" content=\"PEILI\u0172 GAL\u0104STUVAS - DARBINIS A\u0160TRUMAS - AAKnives\" \/>\n<meta property=\"og:description\" content=\"PEILI\u0172 GAL\u0104STUVAS - DARBINIS A\u0160TRUMAS\" \/>\n<meta property=\"og:url\" content=\"https:\/\/aaknives.eu\/lt\/product\/peiliu-galastuvas-darbinis-astrumas-2\/\" \/>\n<meta property=\"og:site_name\" content=\"AAKnives\" \/>\n<meta property=\"article:publisher\" content=\"https:\/\/www.facebook.com\/aaknives.eu\/\" \/>\n<meta property=\"og:image\" content=\"https:\/\/aaknives.eu\/wp-content\/uploads\/2023\/01\/1.jpg\" \/>\n\t<meta property=\"og:image:width\" content=\"1020\" \/>\n\t<meta property=\"og:image:height\" content=\"880\" \/>\n\t<meta property=\"og:image:type\" content=\"image\/jpeg\" \/>\n<meta name=\"twitter:card\" content=\"summary_large_image\" \/>\n<meta name=\"twitter:label1\" content=\"Est. reading time\" \/>\n\t<meta name=\"twitter:data1\" content=\"1 minut\u0117\" \/>\n<script type=\"application\/ld+json\" class=\"yoast-schema-graph\">{\"@context\":\"https:\\\/\\\/schema.org\",\"@graph\":[{\"@type\":\"WebPage\",\"@id\":\"https:\\\/\\\/aaknives.eu\\\/lt\\\/product\\\/peiliu-galastuvas-darbinis-astrumas-2\\\/\",\"url\":\"https:\\\/\\\/aaknives.eu\\\/lt\\\/product\\\/peiliu-galastuvas-darbinis-astrumas-2\\\/\",\"name\":\"PEILI\u0172 GAL\u0104STUVAS - DARBINIS A\u0160TRUMAS - AAKnives\",\"isPartOf\":{\"@id\":\"https:\\\/\\\/aaknives.eu\\\/lt\\\/#website\"},\"primaryImageOfPage\":{\"@id\":\"https:\\\/\\\/aaknives.eu\\\/lt\\\/product\\\/peiliu-galastuvas-darbinis-astrumas-2\\\/#primaryimage\"},\"image\":{\"@id\":\"https:\\\/\\\/aaknives.eu\\\/lt\\\/product\\\/peiliu-galastuvas-darbinis-astrumas-2\\\/#primaryimage\"},\"thumbnailUrl\":\"https:\\\/\\\/aaknives.eu\\\/wp-content\\\/uploads\\\/2023\\\/01\\\/1.jpg\",\"datePublished\":\"2023-01-30T16:37:17+00:00\",\"description\":\"PEILI\u0172 GAL\u0104STUVAS - DARBINIS A\u0160TRUMAS\",\"breadcrumb\":{\"@id\":\"https:\\\/\\\/aaknives.eu\\\/lt\\\/product\\\/peiliu-galastuvas-darbinis-astrumas-2\\\/#breadcrumb\"},\"inLanguage\":\"lt-LT\",\"potentialAction\":[{\"@type\":\"ReadAction\",\"target\":[\"https:\\\/\\\/aaknives.eu\\\/lt\\\/product\\\/peiliu-galastuvas-darbinis-astrumas-2\\\/\"]}]},{\"@type\":\"ImageObject\",\"inLanguage\":\"lt-LT\",\"@id\":\"https:\\\/\\\/aaknives.eu\\\/lt\\\/product\\\/peiliu-galastuvas-darbinis-astrumas-2\\\/#primaryimage\",\"url\":\"https:\\\/\\\/aaknives.eu\\\/wp-content\\\/uploads\\\/2023\\\/01\\\/1.jpg\",\"contentUrl\":\"https:\\\/\\\/aaknives.eu\\\/wp-content\\\/uploads\\\/2023\\\/01\\\/1.jpg\",\"width\":1020,\"height\":880,\"caption\":\"1\"},{\"@type\":\"BreadcrumbList\",\"@id\":\"https:\\\/\\\/aaknives.eu\\\/lt\\\/product\\\/peiliu-galastuvas-darbinis-astrumas-2\\\/#breadcrumb\",\"itemListElement\":[{\"@type\":\"ListItem\",\"position\":1,\"name\":\"Home\",\"item\":\"https:\\\/\\\/aaknives.eu\\\/lt\\\/\"},{\"@type\":\"ListItem\",\"position\":2,\"name\":\"Parduotuv\u0117\",\"item\":\"https:\\\/\\\/aaknives.eu\\\/parduotuve\\\/\"},{\"@type\":\"ListItem\",\"position\":3,\"name\":\"PEILI\u0172 GAL\u0104STUVAS &#8211; DARBINIS A\u0160TRUMAS\"}]},{\"@type\":\"WebSite\",\"@id\":\"https:\\\/\\\/aaknives.eu\\\/lt\\\/#website\",\"url\":\"https:\\\/\\\/aaknives.eu\\\/lt\\\/\",\"name\":\"AAKnives\",\"description\":\"Handmade knives\",\"publisher\":{\"@id\":\"https:\\\/\\\/aaknives.eu\\\/lt\\\/#organization\"},\"alternateName\":\"Anri Ananin Knives\",\"potentialAction\":[{\"@type\":\"SearchAction\",\"target\":{\"@type\":\"EntryPoint\",\"urlTemplate\":\"https:\\\/\\\/aaknives.eu\\\/lt\\\/?s={search_term_string}\"},\"query-input\":{\"@type\":\"PropertyValueSpecification\",\"valueRequired\":true,\"valueName\":\"search_term_string\"}}],\"inLanguage\":\"lt-LT\"},{\"@type\":\"Organization\",\"@id\":\"https:\\\/\\\/aaknives.eu\\\/lt\\\/#organization\",\"name\":\"AAKnives\",\"url\":\"https:\\\/\\\/aaknives.eu\\\/lt\\\/\",\"logo\":{\"@type\":\"ImageObject\",\"inLanguage\":\"lt-LT\",\"@id\":\"https:\\\/\\\/aaknives.eu\\\/lt\\\/#\\\/schema\\\/logo\\\/image\\\/\",\"url\":\"https:\\\/\\\/aaknives.eu\\\/wp-content\\\/uploads\\\/2021\\\/10\\\/AAknives_Logo_Green.png\",\"contentUrl\":\"https:\\\/\\\/aaknives.eu\\\/wp-content\\\/uploads\\\/2021\\\/10\\\/AAknives_Logo_Green.png\",\"width\":1768,\"height\":1768,\"caption\":\"AAKnives\"},\"image\":{\"@id\":\"https:\\\/\\\/aaknives.eu\\\/lt\\\/#\\\/schema\\\/logo\\\/image\\\/\"},\"sameAs\":[\"https:\\\/\\\/www.facebook.com\\\/aaknives.eu\\\/\",\"https:\\\/\\\/www.instagram.com\\\/aaknives\\\/\",\"https:\\\/\\\/www.pinterest.com\\\/aa_knives\\\/\",\"https:\\\/\\\/www.youtube.com\\\/@aaknives9518\"]}]}<\/script>\n<!-- \/ Yoast SEO plugin. -->","yoast_head_json":{"title":"PEILI\u0172 GAL\u0104STUVAS - DARBINIS A\u0160TRUMAS - AAKnives","description":"PEILI\u0172 GAL\u0104STUVAS - DARBINIS A\u0160TRUMAS","robots":{"index":"index","follow":"follow","max-snippet":"max-snippet:-1","max-image-preview":"max-image-preview:large","max-video-preview":"max-video-preview:-1"},"canonical":"https:\/\/aaknives.eu\/lt\/product\/peiliu-galastuvas-darbinis-astrumas-2\/","og_locale":"lt_LT","og_type":"article","og_title":"PEILI\u0172 GAL\u0104STUVAS - DARBINIS A\u0160TRUMAS - AAKnives","og_description":"PEILI\u0172 GAL\u0104STUVAS - DARBINIS A\u0160TRUMAS","og_url":"https:\/\/aaknives.eu\/lt\/product\/peiliu-galastuvas-darbinis-astrumas-2\/","og_site_name":"AAKnives","article_publisher":"https:\/\/www.facebook.com\/aaknives.eu\/","og_image":[{"width":1020,"height":880,"url":"https:\/\/aaknives.eu\/wp-content\/uploads\/2023\/01\/1.jpg","type":"image\/jpeg"}],"twitter_card":"summary_large_image","twitter_misc":{"Est. reading time":"1 minut\u0117"},"schema":{"@context":"https:\/\/schema.org","@graph":[{"@type":"WebPage","@id":"https:\/\/aaknives.eu\/lt\/product\/peiliu-galastuvas-darbinis-astrumas-2\/","url":"https:\/\/aaknives.eu\/lt\/product\/peiliu-galastuvas-darbinis-astrumas-2\/","name":"PEILI\u0172 GAL\u0104STUVAS - DARBINIS A\u0160TRUMAS - AAKnives","isPartOf":{"@id":"https:\/\/aaknives.eu\/lt\/#website"},"primaryImageOfPage":{"@id":"https:\/\/aaknives.eu\/lt\/product\/peiliu-galastuvas-darbinis-astrumas-2\/#primaryimage"},"image":{"@id":"https:\/\/aaknives.eu\/lt\/product\/peiliu-galastuvas-darbinis-astrumas-2\/#primaryimage"},"thumbnailUrl":"https:\/\/aaknives.eu\/wp-content\/uploads\/2023\/01\/1.jpg","datePublished":"2023-01-30T16:37:17+00:00","description":"PEILI\u0172 GAL\u0104STUVAS - DARBINIS A\u0160TRUMAS","breadcrumb":{"@id":"https:\/\/aaknives.eu\/lt\/product\/peiliu-galastuvas-darbinis-astrumas-2\/#breadcrumb"},"inLanguage":"lt-LT","potentialAction":[{"@type":"ReadAction","target":["https:\/\/aaknives.eu\/lt\/product\/peiliu-galastuvas-darbinis-astrumas-2\/"]}]},{"@type":"ImageObject","inLanguage":"lt-LT","@id":"https:\/\/aaknives.eu\/lt\/product\/peiliu-galastuvas-darbinis-astrumas-2\/#primaryimage","url":"https:\/\/aaknives.eu\/wp-content\/uploads\/2023\/01\/1.jpg","contentUrl":"https:\/\/aaknives.eu\/wp-content\/uploads\/2023\/01\/1.jpg","width":1020,"height":880,"caption":"1"},{"@type":"BreadcrumbList","@id":"https:\/\/aaknives.eu\/lt\/product\/peiliu-galastuvas-darbinis-astrumas-2\/#breadcrumb","itemListElement":[{"@type":"ListItem","position":1,"name":"Home","item":"https:\/\/aaknives.eu\/lt\/"},{"@type":"ListItem","position":2,"name":"Parduotuv\u0117","item":"https:\/\/aaknives.eu\/parduotuve\/"},{"@type":"ListItem","position":3,"name":"PEILI\u0172 GAL\u0104STUVAS &#8211; DARBINIS A\u0160TRUMAS"}]},{"@type":"WebSite","@id":"https:\/\/aaknives.eu\/lt\/#website","url":"https:\/\/aaknives.eu\/lt\/","name":"AAKnives","description":"Handmade knives","publisher":{"@id":"https:\/\/aaknives.eu\/lt\/#organization"},"alternateName":"Anri Ananin Knives","potentialAction":[{"@type":"SearchAction","target":{"@type":"EntryPoint","urlTemplate":"https:\/\/aaknives.eu\/lt\/?s={search_term_string}"},"query-input":{"@type":"PropertyValueSpecification","valueRequired":true,"valueName":"search_term_string"}}],"inLanguage":"lt-LT"},{"@type":"Organization","@id":"https:\/\/aaknives.eu\/lt\/#organization","name":"AAKnives","url":"https:\/\/aaknives.eu\/lt\/","logo":{"@type":"ImageObject","inLanguage":"lt-LT","@id":"https:\/\/aaknives.eu\/lt\/#\/schema\/logo\/image\/","url":"https:\/\/aaknives.eu\/wp-content\/uploads\/2021\/10\/AAknives_Logo_Green.png","contentUrl":"https:\/\/aaknives.eu\/wp-content\/uploads\/2021\/10\/AAknives_Logo_Green.png","width":1768,"height":1768,"caption":"AAKnives"},"image":{"@id":"https:\/\/aaknives.eu\/lt\/#\/schema\/logo\/image\/"},"sameAs":["https:\/\/www.facebook.com\/aaknives.eu\/","https:\/\/www.instagram.com\/aaknives\/","https:\/\/www.pinterest.com\/aa_knives\/","https:\/\/www.youtube.com\/@aaknives9518"]}]}},"_links":{"self":[{"href":"https:\/\/aaknives.eu\/lt\/wp-json\/wp\/v2\/product\/47272","targetHints":{"allow":["GET"]}}],"collection":[{"href":"https:\/\/aaknives.eu\/lt\/wp-json\/wp\/v2\/product"}],"about":[{"href":"https:\/\/aaknives.eu\/lt\/wp-json\/wp\/v2\/types\/product"}],"wp:featuredmedia":[{"embeddable":true,"href":"https:\/\/aaknives.eu\/lt\/wp-json\/wp\/v2\/media\/47273"}],"wp:attachment":[{"href":"https:\/\/aaknives.eu\/lt\/wp-json\/wp\/v2\/media?parent=47272"}],"wp:term":[{"taxonomy":"product_brand","embeddable":true,"href":"https:\/\/aaknives.eu\/lt\/wp-json\/wp\/v2\/product_brand?post=47272"},{"taxonomy":"product_cat","embeddable":true,"href":"https:\/\/aaknives.eu\/lt\/wp-json\/wp\/v2\/product_cat?post=47272"},{"taxonomy":"product_tag","embeddable":true,"href":"https:\/\/aaknives.eu\/lt\/wp-json\/wp\/v2\/product_tag?post=47272"}],"curies":[{"name":"wp","href":"https:\/\/api.w.org\/{rel}","templated":true}]}}