{"id":47321,"date":"2022-11-15T18:19:57","date_gmt":"2022-11-15T18:19:57","guid":{"rendered":"https:\/\/aaknives.eu\/product\/ranku-darbo-kiseninis-peiliukas-rankomis-kaltas-nerudijancio-plieno-asmenimis\/"},"modified":"2022-11-15T18:19:57","modified_gmt":"2022-11-15T18:19:57","slug":"ranku-darbo-kiseninis-peiliukas-rankomis-kaltas-nerudijancio-plieno-asmenimis","status":"publish","type":"product","link":"https:\/\/aaknives.eu\/lt\/product\/ranku-darbo-kiseninis-peiliukas-rankomis-kaltas-nerudijancio-plieno-asmenimis\/","title":{"rendered":"Rank\u0173 darbo ki\u0161eninis peiliukas, rankomis kaltas ner\u016bdijan\u010dio plieno a\u0161menimis"},"content":{"rendered":"<p>Plienas: kaltinis ner\u016bdijantis plienas N695,<br \/>\nKietumas: 59 HRC<br \/>\nGele\u017et\u0117s ilgis (mm): (mm): 95 \/ 3,74 colio<br \/>\nGele\u017et\u0117s storis (mm): (mm): 2 \/ 0,07 colio<br \/>\nA\u0161men\u0173 plotis (mm): (30 \/ 1,18 colio)<br \/>\nRankena: Stabilizuotas Karelijos ber\u017eas<br \/>\nBendras ilgis (mm): Vidutinis ilgis (mm): 220 \/ 8,66 colio<br \/>\nPeili\u0173 tipas: med\u017eiokliniai, lauko peiliai<br \/>\nPakuot\u0117: peilis, odinis d\u0117klas<\/p>\n<p>&nbsp;<\/p>\n<p>Plienas N695 &#8211; ner\u016bdijantis plienas Rankomis kaltas plienas.<br \/>\nRankomis kalti plieniniai peiliai N695 laikomi labiausiai paplitusiais tarp med\u017eiotoj\u0173, \u017evej\u0173 ir lauko entuziast\u0173.<\/p>\n<p>Peili\u0173 i\u0161 plieno N695 privalumai:<\/p>\n<p>Universalus<br \/>\nNer\u016bdijantis<br \/>\nGeros pjovimo savyb\u0117s<br \/>\nNereikia daug prie\u017ei\u016bros<br \/>\nMa\u017ea kaina<\/p>\n<p>Gele\u017et\u0117s kietumas 59 HRC.<br \/>\nKaltas rankomis<\/p>\n","protected":false},"excerpt":{"rendered":"<p>Plienas: kaltinis ner\u016bdijantis plienas N695, Kietumas: 59 HRC Gele\u017et\u0117s ilgis (mm): (mm): 95 \/ 3,74 colio Gele\u017et\u0117s storis (mm): (mm): 2 \/ 0,07 colio A\u0161men\u0173 plotis (mm): (30 \/ 1,18 colio) Rankena: Stabilizuotas Karelijos ber\u017eas Bendras ilgis (mm): Vidutinis ilgis (mm): 220 \/ 8,66 colio Peili\u0173 tipas: med\u017eiokliniai, lauko peiliai Pakuot\u0117: peilis, odinis d\u0117klas &nbsp; Plienas N695 &#8211; ner\u016bdijantis plienas Rankomis kaltas plienas. Rankomis kalti plieniniai peiliai N695 laikomi labiausiai paplitusiais tarp med\u017eiotoj\u0173, \u017evej\u0173 ir lauko entuziast\u0173. Peili\u0173 i\u0161 plieno N695 privalumai: Universalus Ner\u016bdijantis Geros pjovimo savyb\u0117s Nereikia daug prie\u017ei\u016bros Ma\u017ea kaina Gele\u017et\u0117s kietumas 59 HRC. Kaltas rankomis<\/p>\n","protected":false},"featured_media":46757,"template":"","meta":{"_themeisle_gutenberg_block_has_review":false},"product_brand":[],"product_cat":[394,386],"product_tag":[],"class_list":{"0":"post-47321","1":"product","2":"type-product","3":"status-publish","4":"has-post-thumbnail","6":"product_cat-kiseniniai-peiliai","7":"product_cat-medziokliniai-peiliai","9":"first","10":"outofstock","11":"shipping-taxable","12":"purchasable","13":"product-type-simple"},"yoast_head":"<!-- This site is optimized with the Yoast SEO plugin v27.3 - https:\/\/yoast.com\/product\/yoast-seo-wordpress\/ -->\n<title>Rank\u0173 darbo ki\u0161eninis peiliukas, rankomis kaltas ner\u016bdijan\u010dio plieno a\u0161menimis - AAKnives<\/title>\n<meta name=\"description\" content=\"Plienas N695 - ner\u016bdijantis plienas Rankomis kaltas plienas.Rankomis kalti plieniniai peiliai N695 laikomi labiausiai paplitusiais tarp med\u017eiotoj\u0173, \u017evej\u0173 ir lauko entuziast\u0173.\" \/>\n<meta name=\"robots\" content=\"index, follow, max-snippet:-1, max-image-preview:large, max-video-preview:-1\" \/>\n<link rel=\"canonical\" href=\"https:\/\/aaknives.eu\/lt\/product\/ranku-darbo-kiseninis-peiliukas-rankomis-kaltas-nerudijancio-plieno-asmenimis\/\" \/>\n<meta property=\"og:locale\" content=\"lt_LT\" \/>\n<meta property=\"og:type\" content=\"article\" \/>\n<meta property=\"og:title\" content=\"Rank\u0173 darbo ki\u0161eninis peiliukas, rankomis kaltas ner\u016bdijan\u010dio plieno a\u0161menimis - AAKnives\" \/>\n<meta property=\"og:description\" content=\"Plienas N695 - ner\u016bdijantis plienas Rankomis kaltas plienas.Rankomis kalti plieniniai peiliai N695 laikomi labiausiai paplitusiais tarp med\u017eiotoj\u0173, \u017evej\u0173 ir lauko entuziast\u0173.\" \/>\n<meta property=\"og:url\" content=\"https:\/\/aaknives.eu\/lt\/product\/ranku-darbo-kiseninis-peiliukas-rankomis-kaltas-nerudijancio-plieno-asmenimis\/\" \/>\n<meta property=\"og:site_name\" content=\"AAKnives\" \/>\n<meta property=\"article:publisher\" content=\"https:\/\/www.facebook.com\/aaknives.eu\/\" \/>\n<meta property=\"og:image\" content=\"https:\/\/aaknives.eu\/wp-content\/uploads\/2022\/11\/aaknives-hand-forged-dabascus-steel-blade-knife-handmade-custom-made-knife-handcrafted-knives-autinetools-northmen-15-4-1.jpg\" \/>\n\t<meta property=\"og:image:width\" content=\"1020\" \/>\n\t<meta property=\"og:image:height\" content=\"880\" \/>\n\t<meta property=\"og:image:type\" content=\"image\/jpeg\" \/>\n<meta name=\"twitter:card\" content=\"summary_large_image\" \/>\n<meta name=\"twitter:label1\" content=\"Est. reading time\" \/>\n\t<meta name=\"twitter:data1\" content=\"1 minut\u0117\" \/>\n<script type=\"application\/ld+json\" class=\"yoast-schema-graph\">{\"@context\":\"https:\\\/\\\/schema.org\",\"@graph\":[{\"@type\":\"WebPage\",\"@id\":\"https:\\\/\\\/aaknives.eu\\\/lt\\\/product\\\/ranku-darbo-kiseninis-peiliukas-rankomis-kaltas-nerudijancio-plieno-asmenimis\\\/\",\"url\":\"https:\\\/\\\/aaknives.eu\\\/lt\\\/product\\\/ranku-darbo-kiseninis-peiliukas-rankomis-kaltas-nerudijancio-plieno-asmenimis\\\/\",\"name\":\"Rank\u0173 darbo ki\u0161eninis peiliukas, rankomis kaltas ner\u016bdijan\u010dio plieno a\u0161menimis - AAKnives\",\"isPartOf\":{\"@id\":\"https:\\\/\\\/aaknives.eu\\\/lt\\\/#website\"},\"primaryImageOfPage\":{\"@id\":\"https:\\\/\\\/aaknives.eu\\\/lt\\\/product\\\/ranku-darbo-kiseninis-peiliukas-rankomis-kaltas-nerudijancio-plieno-asmenimis\\\/#primaryimage\"},\"image\":{\"@id\":\"https:\\\/\\\/aaknives.eu\\\/lt\\\/product\\\/ranku-darbo-kiseninis-peiliukas-rankomis-kaltas-nerudijancio-plieno-asmenimis\\\/#primaryimage\"},\"thumbnailUrl\":\"https:\\\/\\\/aaknives.eu\\\/wp-content\\\/uploads\\\/2022\\\/11\\\/aaknives-hand-forged-dabascus-steel-blade-knife-handmade-custom-made-knife-handcrafted-knives-autinetools-northmen-15-4-1.jpg\",\"datePublished\":\"2022-11-15T18:19:57+00:00\",\"description\":\"Plienas N695 - ner\u016bdijantis plienas Rankomis kaltas plienas.Rankomis kalti plieniniai peiliai N695 laikomi labiausiai paplitusiais tarp med\u017eiotoj\u0173, \u017evej\u0173 ir lauko entuziast\u0173.\",\"breadcrumb\":{\"@id\":\"https:\\\/\\\/aaknives.eu\\\/lt\\\/product\\\/ranku-darbo-kiseninis-peiliukas-rankomis-kaltas-nerudijancio-plieno-asmenimis\\\/#breadcrumb\"},\"inLanguage\":\"lt-LT\",\"potentialAction\":[{\"@type\":\"ReadAction\",\"target\":[\"https:\\\/\\\/aaknives.eu\\\/lt\\\/product\\\/ranku-darbo-kiseninis-peiliukas-rankomis-kaltas-nerudijancio-plieno-asmenimis\\\/\"]}]},{\"@type\":\"ImageObject\",\"inLanguage\":\"lt-LT\",\"@id\":\"https:\\\/\\\/aaknives.eu\\\/lt\\\/product\\\/ranku-darbo-kiseninis-peiliukas-rankomis-kaltas-nerudijancio-plieno-asmenimis\\\/#primaryimage\",\"url\":\"https:\\\/\\\/aaknives.eu\\\/wp-content\\\/uploads\\\/2022\\\/11\\\/aaknives-hand-forged-dabascus-steel-blade-knife-handmade-custom-made-knife-handcrafted-knives-autinetools-northmen-15-4-1.jpg\",\"contentUrl\":\"https:\\\/\\\/aaknives.eu\\\/wp-content\\\/uploads\\\/2022\\\/11\\\/aaknives-hand-forged-dabascus-steel-blade-knife-handmade-custom-made-knife-handcrafted-knives-autinetools-northmen-15-4-1.jpg\",\"width\":1020,\"height\":880,\"caption\":\"aaknives rank\u0173 darbo peilis su rankomis kaltais dabascus plieno a\u0161menimis rank\u0173 darbo peilis pagal u\u017esakym\u0105 rank\u0173 darbo peiliai autinetools northmen 15 4 1\"},{\"@type\":\"BreadcrumbList\",\"@id\":\"https:\\\/\\\/aaknives.eu\\\/lt\\\/product\\\/ranku-darbo-kiseninis-peiliukas-rankomis-kaltas-nerudijancio-plieno-asmenimis\\\/#breadcrumb\",\"itemListElement\":[{\"@type\":\"ListItem\",\"position\":1,\"name\":\"Home\",\"item\":\"https:\\\/\\\/aaknives.eu\\\/lt\\\/\"},{\"@type\":\"ListItem\",\"position\":2,\"name\":\"Parduotuv\u0117\",\"item\":\"https:\\\/\\\/aaknives.eu\\\/parduotuve\\\/\"},{\"@type\":\"ListItem\",\"position\":3,\"name\":\"Rank\u0173 darbo ki\u0161eninis peiliukas, rankomis kaltas ner\u016bdijan\u010dio plieno a\u0161menimis\"}]},{\"@type\":\"WebSite\",\"@id\":\"https:\\\/\\\/aaknives.eu\\\/lt\\\/#website\",\"url\":\"https:\\\/\\\/aaknives.eu\\\/lt\\\/\",\"name\":\"AAKnives\",\"description\":\"Handmade knives\",\"publisher\":{\"@id\":\"https:\\\/\\\/aaknives.eu\\\/lt\\\/#organization\"},\"potentialAction\":[{\"@type\":\"SearchAction\",\"target\":{\"@type\":\"EntryPoint\",\"urlTemplate\":\"https:\\\/\\\/aaknives.eu\\\/lt\\\/?s={search_term_string}\"},\"query-input\":{\"@type\":\"PropertyValueSpecification\",\"valueRequired\":true,\"valueName\":\"search_term_string\"}}],\"inLanguage\":\"lt-LT\"},{\"@type\":\"Organization\",\"@id\":\"https:\\\/\\\/aaknives.eu\\\/lt\\\/#organization\",\"name\":\"AAKnives\",\"url\":\"https:\\\/\\\/aaknives.eu\\\/lt\\\/\",\"logo\":{\"@type\":\"ImageObject\",\"inLanguage\":\"lt-LT\",\"@id\":\"https:\\\/\\\/aaknives.eu\\\/lt\\\/#\\\/schema\\\/logo\\\/image\\\/\",\"url\":\"https:\\\/\\\/aaknives.eu\\\/wp-content\\\/uploads\\\/2021\\\/10\\\/AAknives_Logo_Green.png\",\"contentUrl\":\"https:\\\/\\\/aaknives.eu\\\/wp-content\\\/uploads\\\/2021\\\/10\\\/AAknives_Logo_Green.png\",\"width\":1768,\"height\":1768,\"caption\":\"AAKnives\"},\"image\":{\"@id\":\"https:\\\/\\\/aaknives.eu\\\/lt\\\/#\\\/schema\\\/logo\\\/image\\\/\"},\"sameAs\":[\"https:\\\/\\\/www.facebook.com\\\/aaknives.eu\\\/\",\"https:\\\/\\\/www.instagram.com\\\/aaknives\\\/\",\"https:\\\/\\\/www.pinterest.com\\\/aa_knives\\\/\",\"https:\\\/\\\/www.youtube.com\\\/channel\\\/UCHOQFjrOkgT6s4FIw9LDKyw\\\/featured\"]}]}<\/script>\n<!-- \/ Yoast SEO plugin. -->","yoast_head_json":{"title":"Rank\u0173 darbo ki\u0161eninis peiliukas, rankomis kaltas ner\u016bdijan\u010dio plieno a\u0161menimis - AAKnives","description":"Plienas N695 - ner\u016bdijantis plienas Rankomis kaltas plienas.Rankomis kalti plieniniai peiliai N695 laikomi labiausiai paplitusiais tarp med\u017eiotoj\u0173, \u017evej\u0173 ir lauko entuziast\u0173.","robots":{"index":"index","follow":"follow","max-snippet":"max-snippet:-1","max-image-preview":"max-image-preview:large","max-video-preview":"max-video-preview:-1"},"canonical":"https:\/\/aaknives.eu\/lt\/product\/ranku-darbo-kiseninis-peiliukas-rankomis-kaltas-nerudijancio-plieno-asmenimis\/","og_locale":"lt_LT","og_type":"article","og_title":"Rank\u0173 darbo ki\u0161eninis peiliukas, rankomis kaltas ner\u016bdijan\u010dio plieno a\u0161menimis - AAKnives","og_description":"Plienas N695 - ner\u016bdijantis plienas Rankomis kaltas plienas.Rankomis kalti plieniniai peiliai N695 laikomi labiausiai paplitusiais tarp med\u017eiotoj\u0173, \u017evej\u0173 ir lauko entuziast\u0173.","og_url":"https:\/\/aaknives.eu\/lt\/product\/ranku-darbo-kiseninis-peiliukas-rankomis-kaltas-nerudijancio-plieno-asmenimis\/","og_site_name":"AAKnives","article_publisher":"https:\/\/www.facebook.com\/aaknives.eu\/","og_image":[{"width":1020,"height":880,"url":"https:\/\/aaknives.eu\/wp-content\/uploads\/2022\/11\/aaknives-hand-forged-dabascus-steel-blade-knife-handmade-custom-made-knife-handcrafted-knives-autinetools-northmen-15-4-1.jpg","type":"image\/jpeg"}],"twitter_card":"summary_large_image","twitter_misc":{"Est. reading time":"1 minut\u0117"},"schema":{"@context":"https:\/\/schema.org","@graph":[{"@type":"WebPage","@id":"https:\/\/aaknives.eu\/lt\/product\/ranku-darbo-kiseninis-peiliukas-rankomis-kaltas-nerudijancio-plieno-asmenimis\/","url":"https:\/\/aaknives.eu\/lt\/product\/ranku-darbo-kiseninis-peiliukas-rankomis-kaltas-nerudijancio-plieno-asmenimis\/","name":"Rank\u0173 darbo ki\u0161eninis peiliukas, rankomis kaltas ner\u016bdijan\u010dio plieno a\u0161menimis - AAKnives","isPartOf":{"@id":"https:\/\/aaknives.eu\/lt\/#website"},"primaryImageOfPage":{"@id":"https:\/\/aaknives.eu\/lt\/product\/ranku-darbo-kiseninis-peiliukas-rankomis-kaltas-nerudijancio-plieno-asmenimis\/#primaryimage"},"image":{"@id":"https:\/\/aaknives.eu\/lt\/product\/ranku-darbo-kiseninis-peiliukas-rankomis-kaltas-nerudijancio-plieno-asmenimis\/#primaryimage"},"thumbnailUrl":"https:\/\/aaknives.eu\/wp-content\/uploads\/2022\/11\/aaknives-hand-forged-dabascus-steel-blade-knife-handmade-custom-made-knife-handcrafted-knives-autinetools-northmen-15-4-1.jpg","datePublished":"2022-11-15T18:19:57+00:00","description":"Plienas N695 - ner\u016bdijantis plienas Rankomis kaltas plienas.Rankomis kalti plieniniai peiliai N695 laikomi labiausiai paplitusiais tarp med\u017eiotoj\u0173, \u017evej\u0173 ir lauko entuziast\u0173.","breadcrumb":{"@id":"https:\/\/aaknives.eu\/lt\/product\/ranku-darbo-kiseninis-peiliukas-rankomis-kaltas-nerudijancio-plieno-asmenimis\/#breadcrumb"},"inLanguage":"lt-LT","potentialAction":[{"@type":"ReadAction","target":["https:\/\/aaknives.eu\/lt\/product\/ranku-darbo-kiseninis-peiliukas-rankomis-kaltas-nerudijancio-plieno-asmenimis\/"]}]},{"@type":"ImageObject","inLanguage":"lt-LT","@id":"https:\/\/aaknives.eu\/lt\/product\/ranku-darbo-kiseninis-peiliukas-rankomis-kaltas-nerudijancio-plieno-asmenimis\/#primaryimage","url":"https:\/\/aaknives.eu\/wp-content\/uploads\/2022\/11\/aaknives-hand-forged-dabascus-steel-blade-knife-handmade-custom-made-knife-handcrafted-knives-autinetools-northmen-15-4-1.jpg","contentUrl":"https:\/\/aaknives.eu\/wp-content\/uploads\/2022\/11\/aaknives-hand-forged-dabascus-steel-blade-knife-handmade-custom-made-knife-handcrafted-knives-autinetools-northmen-15-4-1.jpg","width":1020,"height":880,"caption":"aaknives rank\u0173 darbo peilis su rankomis kaltais dabascus plieno a\u0161menimis rank\u0173 darbo peilis pagal u\u017esakym\u0105 rank\u0173 darbo peiliai autinetools northmen 15 4 1"},{"@type":"BreadcrumbList","@id":"https:\/\/aaknives.eu\/lt\/product\/ranku-darbo-kiseninis-peiliukas-rankomis-kaltas-nerudijancio-plieno-asmenimis\/#breadcrumb","itemListElement":[{"@type":"ListItem","position":1,"name":"Home","item":"https:\/\/aaknives.eu\/lt\/"},{"@type":"ListItem","position":2,"name":"Parduotuv\u0117","item":"https:\/\/aaknives.eu\/parduotuve\/"},{"@type":"ListItem","position":3,"name":"Rank\u0173 darbo ki\u0161eninis peiliukas, rankomis kaltas ner\u016bdijan\u010dio plieno a\u0161menimis"}]},{"@type":"WebSite","@id":"https:\/\/aaknives.eu\/lt\/#website","url":"https:\/\/aaknives.eu\/lt\/","name":"AAKnives","description":"Handmade knives","publisher":{"@id":"https:\/\/aaknives.eu\/lt\/#organization"},"potentialAction":[{"@type":"SearchAction","target":{"@type":"EntryPoint","urlTemplate":"https:\/\/aaknives.eu\/lt\/?s={search_term_string}"},"query-input":{"@type":"PropertyValueSpecification","valueRequired":true,"valueName":"search_term_string"}}],"inLanguage":"lt-LT"},{"@type":"Organization","@id":"https:\/\/aaknives.eu\/lt\/#organization","name":"AAKnives","url":"https:\/\/aaknives.eu\/lt\/","logo":{"@type":"ImageObject","inLanguage":"lt-LT","@id":"https:\/\/aaknives.eu\/lt\/#\/schema\/logo\/image\/","url":"https:\/\/aaknives.eu\/wp-content\/uploads\/2021\/10\/AAknives_Logo_Green.png","contentUrl":"https:\/\/aaknives.eu\/wp-content\/uploads\/2021\/10\/AAknives_Logo_Green.png","width":1768,"height":1768,"caption":"AAKnives"},"image":{"@id":"https:\/\/aaknives.eu\/lt\/#\/schema\/logo\/image\/"},"sameAs":["https:\/\/www.facebook.com\/aaknives.eu\/","https:\/\/www.instagram.com\/aaknives\/","https:\/\/www.pinterest.com\/aa_knives\/","https:\/\/www.youtube.com\/channel\/UCHOQFjrOkgT6s4FIw9LDKyw\/featured"]}]}},"_links":{"self":[{"href":"https:\/\/aaknives.eu\/lt\/wp-json\/wp\/v2\/product\/47321","targetHints":{"allow":["GET"]}}],"collection":[{"href":"https:\/\/aaknives.eu\/lt\/wp-json\/wp\/v2\/product"}],"about":[{"href":"https:\/\/aaknives.eu\/lt\/wp-json\/wp\/v2\/types\/product"}],"wp:featuredmedia":[{"embeddable":true,"href":"https:\/\/aaknives.eu\/lt\/wp-json\/wp\/v2\/media\/46757"}],"wp:attachment":[{"href":"https:\/\/aaknives.eu\/lt\/wp-json\/wp\/v2\/media?parent=47321"}],"wp:term":[{"taxonomy":"product_brand","embeddable":true,"href":"https:\/\/aaknives.eu\/lt\/wp-json\/wp\/v2\/product_brand?post=47321"},{"taxonomy":"product_cat","embeddable":true,"href":"https:\/\/aaknives.eu\/lt\/wp-json\/wp\/v2\/product_cat?post=47321"},{"taxonomy":"product_tag","embeddable":true,"href":"https:\/\/aaknives.eu\/lt\/wp-json\/wp\/v2\/product_tag?post=47321"}],"curies":[{"name":"wp","href":"https:\/\/api.w.org\/{rel}","templated":true}]}}