{"id":47449,"date":"2022-09-14T13:27:49","date_gmt":"2022-09-14T13:27:49","guid":{"rendered":"https:\/\/aaknives.eu\/product\/serbiskas-peilis-cleaver-aukstos-kokybes-rankomis-kaltas-nerudijantis-plienas-2\/"},"modified":"2024-08-28T15:10:06","modified_gmt":"2024-08-28T15:10:06","slug":"serbiskas-peilis-cleaver-aukstos-kokybes-rankomis-kaltas-nerudijantis-plienas-2","status":"publish","type":"product","link":"https:\/\/aaknives.eu\/lt\/product\/serbiskas-peilis-cleaver-aukstos-kokybes-rankomis-kaltas-nerudijantis-plienas-2\/","title":{"rendered":"SERBI\u0160KAS PEILIS &#8211; Cleaver &#8211; auk\u0161tos kokyb\u0117s rankomis kaltas ner\u016bdijantis plienas"},"content":{"rendered":"<p>Axe specifications: &#8221;SERBIAN KNIFE&#8221; &#8211; Cleaver Steel: Swedish Bohler-Uddeholm N695 stainless knife steel Hardness: 59 HRC Blade length (mm): 195 \/ 7,67 Inch Blade thickness (mm): 2,5 \/ 0,09 Inch Blade width (mm): 86 \/ 3,38 Inch Handle: Stabilized Karelian birch Overall length (mm): 338 \/ 13,30 Inch Knife type: kitchen Package: knife, sheath of leather <\/p>\n","protected":false},"excerpt":{"rendered":"<p>SERBI\u0160KAS PEILIS &#8211; auk\u0161tos kokyb\u0117s rankomis kaltas ner\u016bdijantis plienas<\/p>\n","protected":false},"featured_media":66956,"template":"","meta":{"_themeisle_gutenberg_block_has_review":false},"product_brand":[],"product_cat":[388,379],"product_tag":[],"class_list":{"0":"post-47449","1":"product","2":"type-product","3":"status-publish","4":"has-post-thumbnail","6":"product_cat-asys","7":"product_cat-virtuves-peiliai","9":"first","10":"instock","11":"shipping-taxable","12":"purchasable","13":"product-type-simple"},"yoast_head":"<!-- This site is optimized with the Yoast SEO plugin v27.3 - https:\/\/yoast.com\/product\/yoast-seo-wordpress\/ -->\n<title>SERBI\u0160KAS PEILIS - Cleaver - auk\u0161tos kokyb\u0117s rankomis kaltas ner\u016bdijantis plienas - AAKnives<\/title>\n<meta name=\"description\" content=\"SERBI\u0160KAS PEILIS - auk\u0161tos kokyb\u0117s rankomis kaltas D2 plienas, aaknives peilis rank\u0173 darbo kirvis pagal u\u017esakym\u0105 pagamintas kirvis med\u017eioklinis kirvis rank\u0173 darbo kirvis aaknives kirvis aaknives kirvis\" \/>\n<meta name=\"robots\" content=\"index, follow, max-snippet:-1, max-image-preview:large, max-video-preview:-1\" \/>\n<link rel=\"canonical\" href=\"https:\/\/aaknives.eu\/lt\/product\/serbiskas-peilis-cleaver-aukstos-kokybes-rankomis-kaltas-nerudijantis-plienas-2\/\" \/>\n<meta property=\"og:locale\" content=\"lt_LT\" \/>\n<meta property=\"og:type\" content=\"article\" \/>\n<meta property=\"og:title\" content=\"SERBI\u0160KAS PEILIS - Cleaver - auk\u0161tos kokyb\u0117s rankomis kaltas ner\u016bdijantis plienas - AAKnives\" \/>\n<meta property=\"og:description\" content=\"SERBI\u0160KAS PEILIS - auk\u0161tos kokyb\u0117s rankomis kaltas D2 plienas, aaknives peilis rank\u0173 darbo kirvis pagal u\u017esakym\u0105 pagamintas kirvis med\u017eioklinis kirvis rank\u0173 darbo kirvis aaknives kirvis aaknives kirvis\" \/>\n<meta property=\"og:url\" content=\"https:\/\/aaknives.eu\/lt\/product\/serbiskas-peilis-cleaver-aukstos-kokybes-rankomis-kaltas-nerudijantis-plienas-2\/\" \/>\n<meta property=\"og:site_name\" content=\"AAKnives\" \/>\n<meta property=\"article:publisher\" content=\"https:\/\/www.facebook.com\/aaknives.eu\/\" \/>\n<meta property=\"article:modified_time\" content=\"2024-08-28T15:10:06+00:00\" \/>\n<meta property=\"og:image\" content=\"https:\/\/aaknives.eu\/wp-content\/uploads\/2022\/09\/aaknives-hand-forged-dabascus-steel-blade-knife-handmade-custom-made-knife-handcrafted-knives-autinetools-northmen-5.1.jpg\" \/>\n\t<meta property=\"og:image:width\" content=\"1020\" \/>\n\t<meta property=\"og:image:height\" content=\"880\" \/>\n\t<meta property=\"og:image:type\" content=\"image\/jpeg\" \/>\n<meta name=\"twitter:card\" content=\"summary_large_image\" \/>\n<script type=\"application\/ld+json\" class=\"yoast-schema-graph\">{\"@context\":\"https:\\\/\\\/schema.org\",\"@graph\":[{\"@type\":\"WebPage\",\"@id\":\"https:\\\/\\\/aaknives.eu\\\/lt\\\/product\\\/serbiskas-peilis-cleaver-aukstos-kokybes-rankomis-kaltas-nerudijantis-plienas-2\\\/\",\"url\":\"https:\\\/\\\/aaknives.eu\\\/lt\\\/product\\\/serbiskas-peilis-cleaver-aukstos-kokybes-rankomis-kaltas-nerudijantis-plienas-2\\\/\",\"name\":\"SERBI\u0160KAS PEILIS - Cleaver - auk\u0161tos kokyb\u0117s rankomis kaltas ner\u016bdijantis plienas - AAKnives\",\"isPartOf\":{\"@id\":\"https:\\\/\\\/aaknives.eu\\\/lt\\\/#website\"},\"primaryImageOfPage\":{\"@id\":\"https:\\\/\\\/aaknives.eu\\\/lt\\\/product\\\/serbiskas-peilis-cleaver-aukstos-kokybes-rankomis-kaltas-nerudijantis-plienas-2\\\/#primaryimage\"},\"image\":{\"@id\":\"https:\\\/\\\/aaknives.eu\\\/lt\\\/product\\\/serbiskas-peilis-cleaver-aukstos-kokybes-rankomis-kaltas-nerudijantis-plienas-2\\\/#primaryimage\"},\"thumbnailUrl\":\"https:\\\/\\\/aaknives.eu\\\/wp-content\\\/uploads\\\/2022\\\/09\\\/aaknives-hand-forged-dabascus-steel-blade-knife-handmade-custom-made-knife-handcrafted-knives-autinetools-northmen-5.1.jpg\",\"datePublished\":\"2022-09-14T13:27:49+00:00\",\"dateModified\":\"2024-08-28T15:10:06+00:00\",\"description\":\"SERBI\u0160KAS PEILIS - auk\u0161tos kokyb\u0117s rankomis kaltas D2 plienas, aaknives peilis rank\u0173 darbo kirvis pagal u\u017esakym\u0105 pagamintas kirvis med\u017eioklinis kirvis rank\u0173 darbo kirvis aaknives kirvis aaknives kirvis\",\"breadcrumb\":{\"@id\":\"https:\\\/\\\/aaknives.eu\\\/lt\\\/product\\\/serbiskas-peilis-cleaver-aukstos-kokybes-rankomis-kaltas-nerudijantis-plienas-2\\\/#breadcrumb\"},\"inLanguage\":\"lt-LT\",\"potentialAction\":[{\"@type\":\"ReadAction\",\"target\":[\"https:\\\/\\\/aaknives.eu\\\/lt\\\/product\\\/serbiskas-peilis-cleaver-aukstos-kokybes-rankomis-kaltas-nerudijantis-plienas-2\\\/\"]}]},{\"@type\":\"ImageObject\",\"inLanguage\":\"lt-LT\",\"@id\":\"https:\\\/\\\/aaknives.eu\\\/lt\\\/product\\\/serbiskas-peilis-cleaver-aukstos-kokybes-rankomis-kaltas-nerudijantis-plienas-2\\\/#primaryimage\",\"url\":\"https:\\\/\\\/aaknives.eu\\\/wp-content\\\/uploads\\\/2022\\\/09\\\/aaknives-hand-forged-dabascus-steel-blade-knife-handmade-custom-made-knife-handcrafted-knives-autinetools-northmen-5.1.jpg\",\"contentUrl\":\"https:\\\/\\\/aaknives.eu\\\/wp-content\\\/uploads\\\/2022\\\/09\\\/aaknives-hand-forged-dabascus-steel-blade-knife-handmade-custom-made-knife-handcrafted-knives-autinetools-northmen-5.1.jpg\",\"width\":1020,\"height\":880},{\"@type\":\"BreadcrumbList\",\"@id\":\"https:\\\/\\\/aaknives.eu\\\/lt\\\/product\\\/serbiskas-peilis-cleaver-aukstos-kokybes-rankomis-kaltas-nerudijantis-plienas-2\\\/#breadcrumb\",\"itemListElement\":[{\"@type\":\"ListItem\",\"position\":1,\"name\":\"Home\",\"item\":\"https:\\\/\\\/aaknives.eu\\\/lt\\\/\"},{\"@type\":\"ListItem\",\"position\":2,\"name\":\"Parduotuv\u0117\",\"item\":\"https:\\\/\\\/aaknives.eu\\\/parduotuve\\\/\"},{\"@type\":\"ListItem\",\"position\":3,\"name\":\"SERBI\u0160KAS PEILIS &#8211; Cleaver &#8211; auk\u0161tos kokyb\u0117s rankomis kaltas ner\u016bdijantis plienas\"}]},{\"@type\":\"WebSite\",\"@id\":\"https:\\\/\\\/aaknives.eu\\\/lt\\\/#website\",\"url\":\"https:\\\/\\\/aaknives.eu\\\/lt\\\/\",\"name\":\"AAKnives\",\"description\":\"Handmade knives\",\"publisher\":{\"@id\":\"https:\\\/\\\/aaknives.eu\\\/lt\\\/#organization\"},\"potentialAction\":[{\"@type\":\"SearchAction\",\"target\":{\"@type\":\"EntryPoint\",\"urlTemplate\":\"https:\\\/\\\/aaknives.eu\\\/lt\\\/?s={search_term_string}\"},\"query-input\":{\"@type\":\"PropertyValueSpecification\",\"valueRequired\":true,\"valueName\":\"search_term_string\"}}],\"inLanguage\":\"lt-LT\"},{\"@type\":\"Organization\",\"@id\":\"https:\\\/\\\/aaknives.eu\\\/lt\\\/#organization\",\"name\":\"AAKnives\",\"url\":\"https:\\\/\\\/aaknives.eu\\\/lt\\\/\",\"logo\":{\"@type\":\"ImageObject\",\"inLanguage\":\"lt-LT\",\"@id\":\"https:\\\/\\\/aaknives.eu\\\/lt\\\/#\\\/schema\\\/logo\\\/image\\\/\",\"url\":\"https:\\\/\\\/aaknives.eu\\\/wp-content\\\/uploads\\\/2021\\\/10\\\/AAknives_Logo_Green.png\",\"contentUrl\":\"https:\\\/\\\/aaknives.eu\\\/wp-content\\\/uploads\\\/2021\\\/10\\\/AAknives_Logo_Green.png\",\"width\":1768,\"height\":1768,\"caption\":\"AAKnives\"},\"image\":{\"@id\":\"https:\\\/\\\/aaknives.eu\\\/lt\\\/#\\\/schema\\\/logo\\\/image\\\/\"},\"sameAs\":[\"https:\\\/\\\/www.facebook.com\\\/aaknives.eu\\\/\",\"https:\\\/\\\/www.instagram.com\\\/aaknives\\\/\",\"https:\\\/\\\/www.pinterest.com\\\/aa_knives\\\/\",\"https:\\\/\\\/www.youtube.com\\\/channel\\\/UCHOQFjrOkgT6s4FIw9LDKyw\\\/featured\"]}]}<\/script>\n<!-- \/ Yoast SEO plugin. -->","yoast_head_json":{"title":"SERBI\u0160KAS PEILIS - Cleaver - auk\u0161tos kokyb\u0117s rankomis kaltas ner\u016bdijantis plienas - AAKnives","description":"SERBI\u0160KAS PEILIS - auk\u0161tos kokyb\u0117s rankomis kaltas D2 plienas, aaknives peilis rank\u0173 darbo kirvis pagal u\u017esakym\u0105 pagamintas kirvis med\u017eioklinis kirvis rank\u0173 darbo kirvis aaknives kirvis aaknives kirvis","robots":{"index":"index","follow":"follow","max-snippet":"max-snippet:-1","max-image-preview":"max-image-preview:large","max-video-preview":"max-video-preview:-1"},"canonical":"https:\/\/aaknives.eu\/lt\/product\/serbiskas-peilis-cleaver-aukstos-kokybes-rankomis-kaltas-nerudijantis-plienas-2\/","og_locale":"lt_LT","og_type":"article","og_title":"SERBI\u0160KAS PEILIS - Cleaver - auk\u0161tos kokyb\u0117s rankomis kaltas ner\u016bdijantis plienas - AAKnives","og_description":"SERBI\u0160KAS PEILIS - auk\u0161tos kokyb\u0117s rankomis kaltas D2 plienas, aaknives peilis rank\u0173 darbo kirvis pagal u\u017esakym\u0105 pagamintas kirvis med\u017eioklinis kirvis rank\u0173 darbo kirvis aaknives kirvis aaknives kirvis","og_url":"https:\/\/aaknives.eu\/lt\/product\/serbiskas-peilis-cleaver-aukstos-kokybes-rankomis-kaltas-nerudijantis-plienas-2\/","og_site_name":"AAKnives","article_publisher":"https:\/\/www.facebook.com\/aaknives.eu\/","article_modified_time":"2024-08-28T15:10:06+00:00","og_image":[{"width":1020,"height":880,"url":"https:\/\/aaknives.eu\/wp-content\/uploads\/2022\/09\/aaknives-hand-forged-dabascus-steel-blade-knife-handmade-custom-made-knife-handcrafted-knives-autinetools-northmen-5.1.jpg","type":"image\/jpeg"}],"twitter_card":"summary_large_image","schema":{"@context":"https:\/\/schema.org","@graph":[{"@type":"WebPage","@id":"https:\/\/aaknives.eu\/lt\/product\/serbiskas-peilis-cleaver-aukstos-kokybes-rankomis-kaltas-nerudijantis-plienas-2\/","url":"https:\/\/aaknives.eu\/lt\/product\/serbiskas-peilis-cleaver-aukstos-kokybes-rankomis-kaltas-nerudijantis-plienas-2\/","name":"SERBI\u0160KAS PEILIS - Cleaver - auk\u0161tos kokyb\u0117s rankomis kaltas ner\u016bdijantis plienas - AAKnives","isPartOf":{"@id":"https:\/\/aaknives.eu\/lt\/#website"},"primaryImageOfPage":{"@id":"https:\/\/aaknives.eu\/lt\/product\/serbiskas-peilis-cleaver-aukstos-kokybes-rankomis-kaltas-nerudijantis-plienas-2\/#primaryimage"},"image":{"@id":"https:\/\/aaknives.eu\/lt\/product\/serbiskas-peilis-cleaver-aukstos-kokybes-rankomis-kaltas-nerudijantis-plienas-2\/#primaryimage"},"thumbnailUrl":"https:\/\/aaknives.eu\/wp-content\/uploads\/2022\/09\/aaknives-hand-forged-dabascus-steel-blade-knife-handmade-custom-made-knife-handcrafted-knives-autinetools-northmen-5.1.jpg","datePublished":"2022-09-14T13:27:49+00:00","dateModified":"2024-08-28T15:10:06+00:00","description":"SERBI\u0160KAS PEILIS - auk\u0161tos kokyb\u0117s rankomis kaltas D2 plienas, aaknives peilis rank\u0173 darbo kirvis pagal u\u017esakym\u0105 pagamintas kirvis med\u017eioklinis kirvis rank\u0173 darbo kirvis aaknives kirvis aaknives kirvis","breadcrumb":{"@id":"https:\/\/aaknives.eu\/lt\/product\/serbiskas-peilis-cleaver-aukstos-kokybes-rankomis-kaltas-nerudijantis-plienas-2\/#breadcrumb"},"inLanguage":"lt-LT","potentialAction":[{"@type":"ReadAction","target":["https:\/\/aaknives.eu\/lt\/product\/serbiskas-peilis-cleaver-aukstos-kokybes-rankomis-kaltas-nerudijantis-plienas-2\/"]}]},{"@type":"ImageObject","inLanguage":"lt-LT","@id":"https:\/\/aaknives.eu\/lt\/product\/serbiskas-peilis-cleaver-aukstos-kokybes-rankomis-kaltas-nerudijantis-plienas-2\/#primaryimage","url":"https:\/\/aaknives.eu\/wp-content\/uploads\/2022\/09\/aaknives-hand-forged-dabascus-steel-blade-knife-handmade-custom-made-knife-handcrafted-knives-autinetools-northmen-5.1.jpg","contentUrl":"https:\/\/aaknives.eu\/wp-content\/uploads\/2022\/09\/aaknives-hand-forged-dabascus-steel-blade-knife-handmade-custom-made-knife-handcrafted-knives-autinetools-northmen-5.1.jpg","width":1020,"height":880},{"@type":"BreadcrumbList","@id":"https:\/\/aaknives.eu\/lt\/product\/serbiskas-peilis-cleaver-aukstos-kokybes-rankomis-kaltas-nerudijantis-plienas-2\/#breadcrumb","itemListElement":[{"@type":"ListItem","position":1,"name":"Home","item":"https:\/\/aaknives.eu\/lt\/"},{"@type":"ListItem","position":2,"name":"Parduotuv\u0117","item":"https:\/\/aaknives.eu\/parduotuve\/"},{"@type":"ListItem","position":3,"name":"SERBI\u0160KAS PEILIS &#8211; Cleaver &#8211; auk\u0161tos kokyb\u0117s rankomis kaltas ner\u016bdijantis plienas"}]},{"@type":"WebSite","@id":"https:\/\/aaknives.eu\/lt\/#website","url":"https:\/\/aaknives.eu\/lt\/","name":"AAKnives","description":"Handmade knives","publisher":{"@id":"https:\/\/aaknives.eu\/lt\/#organization"},"potentialAction":[{"@type":"SearchAction","target":{"@type":"EntryPoint","urlTemplate":"https:\/\/aaknives.eu\/lt\/?s={search_term_string}"},"query-input":{"@type":"PropertyValueSpecification","valueRequired":true,"valueName":"search_term_string"}}],"inLanguage":"lt-LT"},{"@type":"Organization","@id":"https:\/\/aaknives.eu\/lt\/#organization","name":"AAKnives","url":"https:\/\/aaknives.eu\/lt\/","logo":{"@type":"ImageObject","inLanguage":"lt-LT","@id":"https:\/\/aaknives.eu\/lt\/#\/schema\/logo\/image\/","url":"https:\/\/aaknives.eu\/wp-content\/uploads\/2021\/10\/AAknives_Logo_Green.png","contentUrl":"https:\/\/aaknives.eu\/wp-content\/uploads\/2021\/10\/AAknives_Logo_Green.png","width":1768,"height":1768,"caption":"AAKnives"},"image":{"@id":"https:\/\/aaknives.eu\/lt\/#\/schema\/logo\/image\/"},"sameAs":["https:\/\/www.facebook.com\/aaknives.eu\/","https:\/\/www.instagram.com\/aaknives\/","https:\/\/www.pinterest.com\/aa_knives\/","https:\/\/www.youtube.com\/channel\/UCHOQFjrOkgT6s4FIw9LDKyw\/featured"]}]}},"_links":{"self":[{"href":"https:\/\/aaknives.eu\/lt\/wp-json\/wp\/v2\/product\/47449","targetHints":{"allow":["GET"]}}],"collection":[{"href":"https:\/\/aaknives.eu\/lt\/wp-json\/wp\/v2\/product"}],"about":[{"href":"https:\/\/aaknives.eu\/lt\/wp-json\/wp\/v2\/types\/product"}],"wp:featuredmedia":[{"embeddable":true,"href":"https:\/\/aaknives.eu\/lt\/wp-json\/wp\/v2\/media\/66956"}],"wp:attachment":[{"href":"https:\/\/aaknives.eu\/lt\/wp-json\/wp\/v2\/media?parent=47449"}],"wp:term":[{"taxonomy":"product_brand","embeddable":true,"href":"https:\/\/aaknives.eu\/lt\/wp-json\/wp\/v2\/product_brand?post=47449"},{"taxonomy":"product_cat","embeddable":true,"href":"https:\/\/aaknives.eu\/lt\/wp-json\/wp\/v2\/product_cat?post=47449"},{"taxonomy":"product_tag","embeddable":true,"href":"https:\/\/aaknives.eu\/lt\/wp-json\/wp\/v2\/product_tag?post=47449"}],"curies":[{"name":"wp","href":"https:\/\/api.w.org\/{rel}","templated":true}]}}