{"id":47796,"date":"2022-05-17T13:57:47","date_gmt":"2022-05-17T13:57:47","guid":{"rendered":"https:\/\/aaknives.eu\/product\/peilis-thor-rankomis-kaltas-plienas-9hs\/"},"modified":"2022-05-17T13:57:47","modified_gmt":"2022-05-17T13:57:47","slug":"peilis-thor-rankomis-kaltas-plienas-9hs","status":"publish","type":"product","link":"https:\/\/aaknives.eu\/lt\/product\/peilis-thor-rankomis-kaltas-plienas-9hs\/","title":{"rendered":"Peilis &#8211; THOR, rankomis kaltas plienas 9HS"},"content":{"rendered":"<p>Peilio specifikacijos: THOR<br \/>\nPlienas: rankomis kaltas gele\u017et\u0117s plienas 9HS (9XC)<br \/>\nKietumas: 61-63 HRC<br \/>\nGele\u017et\u0117s ilgis (mm): (mm): 150 \/ 5,90 colio<br \/>\nGele\u017et\u0117s storis (mm): (mm): 3,5 \/0,13 colio<br \/>\nA\u0161men\u0173 plotis (mm): (30 \/ 1,18 colio)<br \/>\nRankena: Stabilizuota Karelijos mediena, m\u0117lyna<br \/>\nBendras ilgis (mm): Vidutinis ilgis (mm): 263 \/ 10,34 colio<br \/>\nPeili\u0173 tipas: med\u017eiokliniai, lauko peiliai<br \/>\nPakuot\u0117: peilis, odinis d\u0117klas<\/p>\n<p>Plienas 9HC (9XC) &#8211; ma\u017eai legiruotas plienas. Didelis kietumas, geras patvarumas ir atsparumas dilimui. Naudojamas \u012fvairiuose pjovimo \u012frankiuose: gr\u0105\u017etuose, atsuktuvuose ir kt. Pana\u0161us \u012f plien\u0105 W-Nr 1.2108.<\/p>\n","protected":false},"excerpt":{"rendered":"<p>Peilio specifikacijos: THOR Plienas: rankomis kaltas gele\u017et\u0117s plienas 9HS (9XC) Kietumas: 61-63 HRC Gele\u017et\u0117s ilgis (mm): (mm): 150 \/ 5,90 colio Gele\u017et\u0117s storis (mm): (mm): 3,5 \/0,13 colio A\u0161men\u0173 plotis (mm): (30 \/ 1,18 colio) Rankena: Stabilizuota Karelijos mediena, m\u0117lyna Bendras ilgis (mm): Vidutinis ilgis (mm): 263 \/ 10,34 colio Peili\u0173 tipas: med\u017eiokliniai, lauko peiliai Pakuot\u0117: peilis, odinis d\u0117klas Plienas 9HC (9XC) &#8211; ma\u017eai legiruotas plienas. Didelis kietumas, geras patvarumas ir atsparumas dilimui. Naudojamas \u012fvairiuose pjovimo \u012frankiuose: gr\u0105\u017etuose, atsuktuvuose ir kt. Pana\u0161us \u012f plien\u0105 W-Nr 1.2108.<\/p>\n","protected":false},"featured_media":47797,"template":"","meta":{"_themeisle_gutenberg_block_has_review":false},"product_brand":[],"product_cat":[381,386,385],"product_tag":[],"class_list":{"0":"post-47796","1":"product","2":"type-product","3":"status-publish","4":"has-post-thumbnail","6":"product_cat-lauko-peiliai","7":"product_cat-medziokliniai-peiliai","8":"product_cat-zvejybos-peiliai","10":"first","11":"outofstock","12":"shipping-taxable","13":"purchasable","14":"product-type-simple"},"yoast_head":"<!-- This site is optimized with the Yoast SEO plugin v27.3 - https:\/\/yoast.com\/product\/yoast-seo-wordpress\/ -->\n<title>Peilis - THOR, rankomis kaltas plienas 9HS - AAKnives<\/title>\n<meta name=\"description\" content=\"Peilis - THOR, rankomis kaltas plienas 9HS, med\u017eioklinis peilis, i\u0161gyvenimo peilis, lauko peilis\" \/>\n<meta name=\"robots\" content=\"index, follow, max-snippet:-1, max-image-preview:large, max-video-preview:-1\" \/>\n<link rel=\"canonical\" href=\"https:\/\/aaknives.eu\/lt\/product\/peilis-thor-rankomis-kaltas-plienas-9hs\/\" \/>\n<meta property=\"og:locale\" content=\"lt_LT\" \/>\n<meta property=\"og:type\" content=\"article\" \/>\n<meta property=\"og:title\" content=\"Peilis - THOR, rankomis kaltas plienas 9HS - AAKnives\" \/>\n<meta property=\"og:description\" content=\"Peilis - THOR, rankomis kaltas plienas 9HS, med\u017eioklinis peilis, i\u0161gyvenimo peilis, lauko peilis\" \/>\n<meta property=\"og:url\" content=\"https:\/\/aaknives.eu\/lt\/product\/peilis-thor-rankomis-kaltas-plienas-9hs\/\" \/>\n<meta property=\"og:site_name\" content=\"AAKnives\" \/>\n<meta property=\"article:publisher\" content=\"https:\/\/www.facebook.com\/aaknives.eu\/\" \/>\n<meta property=\"og:image\" content=\"https:\/\/aaknives.eu\/wp-content\/uploads\/2022\/05\/aaknives-hand-forged-dabascus-steel-blade-knife-handmade-custom-made-knife-handcrafted-knives-autinetools-northmen-15-2-1.jpg\" \/>\n\t<meta property=\"og:image:width\" content=\"1020\" \/>\n\t<meta property=\"og:image:height\" content=\"880\" \/>\n\t<meta property=\"og:image:type\" content=\"image\/jpeg\" \/>\n<meta name=\"twitter:card\" content=\"summary_large_image\" \/>\n<script type=\"application\/ld+json\" class=\"yoast-schema-graph\">{\"@context\":\"https:\\\/\\\/schema.org\",\"@graph\":[{\"@type\":\"WebPage\",\"@id\":\"https:\\\/\\\/aaknives.eu\\\/lt\\\/product\\\/peilis-thor-rankomis-kaltas-plienas-9hs\\\/\",\"url\":\"https:\\\/\\\/aaknives.eu\\\/lt\\\/product\\\/peilis-thor-rankomis-kaltas-plienas-9hs\\\/\",\"name\":\"Peilis - THOR, rankomis kaltas plienas 9HS - AAKnives\",\"isPartOf\":{\"@id\":\"https:\\\/\\\/aaknives.eu\\\/lt\\\/#website\"},\"primaryImageOfPage\":{\"@id\":\"https:\\\/\\\/aaknives.eu\\\/lt\\\/product\\\/peilis-thor-rankomis-kaltas-plienas-9hs\\\/#primaryimage\"},\"image\":{\"@id\":\"https:\\\/\\\/aaknives.eu\\\/lt\\\/product\\\/peilis-thor-rankomis-kaltas-plienas-9hs\\\/#primaryimage\"},\"thumbnailUrl\":\"https:\\\/\\\/aaknives.eu\\\/wp-content\\\/uploads\\\/2022\\\/05\\\/aaknives-hand-forged-dabascus-steel-blade-knife-handmade-custom-made-knife-handcrafted-knives-autinetools-northmen-15-2-1.jpg\",\"datePublished\":\"2022-05-17T13:57:47+00:00\",\"description\":\"Peilis - THOR, rankomis kaltas plienas 9HS, med\u017eioklinis peilis, i\u0161gyvenimo peilis, lauko peilis\",\"breadcrumb\":{\"@id\":\"https:\\\/\\\/aaknives.eu\\\/lt\\\/product\\\/peilis-thor-rankomis-kaltas-plienas-9hs\\\/#breadcrumb\"},\"inLanguage\":\"lt-LT\",\"potentialAction\":[{\"@type\":\"ReadAction\",\"target\":[\"https:\\\/\\\/aaknives.eu\\\/lt\\\/product\\\/peilis-thor-rankomis-kaltas-plienas-9hs\\\/\"]}]},{\"@type\":\"ImageObject\",\"inLanguage\":\"lt-LT\",\"@id\":\"https:\\\/\\\/aaknives.eu\\\/lt\\\/product\\\/peilis-thor-rankomis-kaltas-plienas-9hs\\\/#primaryimage\",\"url\":\"https:\\\/\\\/aaknives.eu\\\/wp-content\\\/uploads\\\/2022\\\/05\\\/aaknives-hand-forged-dabascus-steel-blade-knife-handmade-custom-made-knife-handcrafted-knives-autinetools-northmen-15-2-1.jpg\",\"contentUrl\":\"https:\\\/\\\/aaknives.eu\\\/wp-content\\\/uploads\\\/2022\\\/05\\\/aaknives-hand-forged-dabascus-steel-blade-knife-handmade-custom-made-knife-handcrafted-knives-autinetools-northmen-15-2-1.jpg\",\"width\":1020,\"height\":880,\"caption\":\"aaknives hand forged dabascus steel blade knife handmade custom made knife handcrafted knives autinetools northmen 15 2 1\"},{\"@type\":\"BreadcrumbList\",\"@id\":\"https:\\\/\\\/aaknives.eu\\\/lt\\\/product\\\/peilis-thor-rankomis-kaltas-plienas-9hs\\\/#breadcrumb\",\"itemListElement\":[{\"@type\":\"ListItem\",\"position\":1,\"name\":\"Home\",\"item\":\"https:\\\/\\\/aaknives.eu\\\/lt\\\/\"},{\"@type\":\"ListItem\",\"position\":2,\"name\":\"Parduotuv\u0117\",\"item\":\"https:\\\/\\\/aaknives.eu\\\/parduotuve\\\/\"},{\"@type\":\"ListItem\",\"position\":3,\"name\":\"Peilis &#8211; THOR, rankomis kaltas plienas 9HS\"}]},{\"@type\":\"WebSite\",\"@id\":\"https:\\\/\\\/aaknives.eu\\\/lt\\\/#website\",\"url\":\"https:\\\/\\\/aaknives.eu\\\/lt\\\/\",\"name\":\"AAKnives\",\"description\":\"Handmade knives\",\"publisher\":{\"@id\":\"https:\\\/\\\/aaknives.eu\\\/lt\\\/#organization\"},\"potentialAction\":[{\"@type\":\"SearchAction\",\"target\":{\"@type\":\"EntryPoint\",\"urlTemplate\":\"https:\\\/\\\/aaknives.eu\\\/lt\\\/?s={search_term_string}\"},\"query-input\":{\"@type\":\"PropertyValueSpecification\",\"valueRequired\":true,\"valueName\":\"search_term_string\"}}],\"inLanguage\":\"lt-LT\"},{\"@type\":\"Organization\",\"@id\":\"https:\\\/\\\/aaknives.eu\\\/lt\\\/#organization\",\"name\":\"AAKnives\",\"url\":\"https:\\\/\\\/aaknives.eu\\\/lt\\\/\",\"logo\":{\"@type\":\"ImageObject\",\"inLanguage\":\"lt-LT\",\"@id\":\"https:\\\/\\\/aaknives.eu\\\/lt\\\/#\\\/schema\\\/logo\\\/image\\\/\",\"url\":\"https:\\\/\\\/aaknives.eu\\\/wp-content\\\/uploads\\\/2021\\\/10\\\/AAknives_Logo_Green.png\",\"contentUrl\":\"https:\\\/\\\/aaknives.eu\\\/wp-content\\\/uploads\\\/2021\\\/10\\\/AAknives_Logo_Green.png\",\"width\":1768,\"height\":1768,\"caption\":\"AAKnives\"},\"image\":{\"@id\":\"https:\\\/\\\/aaknives.eu\\\/lt\\\/#\\\/schema\\\/logo\\\/image\\\/\"},\"sameAs\":[\"https:\\\/\\\/www.facebook.com\\\/aaknives.eu\\\/\",\"https:\\\/\\\/www.instagram.com\\\/aaknives\\\/\",\"https:\\\/\\\/www.pinterest.com\\\/aa_knives\\\/\",\"https:\\\/\\\/www.youtube.com\\\/channel\\\/UCHOQFjrOkgT6s4FIw9LDKyw\\\/featured\"]}]}<\/script>\n<!-- \/ Yoast SEO plugin. -->","yoast_head_json":{"title":"Peilis - THOR, rankomis kaltas plienas 9HS - AAKnives","description":"Peilis - THOR, rankomis kaltas plienas 9HS, med\u017eioklinis peilis, i\u0161gyvenimo peilis, lauko peilis","robots":{"index":"index","follow":"follow","max-snippet":"max-snippet:-1","max-image-preview":"max-image-preview:large","max-video-preview":"max-video-preview:-1"},"canonical":"https:\/\/aaknives.eu\/lt\/product\/peilis-thor-rankomis-kaltas-plienas-9hs\/","og_locale":"lt_LT","og_type":"article","og_title":"Peilis - THOR, rankomis kaltas plienas 9HS - AAKnives","og_description":"Peilis - THOR, rankomis kaltas plienas 9HS, med\u017eioklinis peilis, i\u0161gyvenimo peilis, lauko peilis","og_url":"https:\/\/aaknives.eu\/lt\/product\/peilis-thor-rankomis-kaltas-plienas-9hs\/","og_site_name":"AAKnives","article_publisher":"https:\/\/www.facebook.com\/aaknives.eu\/","og_image":[{"width":1020,"height":880,"url":"https:\/\/aaknives.eu\/wp-content\/uploads\/2022\/05\/aaknives-hand-forged-dabascus-steel-blade-knife-handmade-custom-made-knife-handcrafted-knives-autinetools-northmen-15-2-1.jpg","type":"image\/jpeg"}],"twitter_card":"summary_large_image","schema":{"@context":"https:\/\/schema.org","@graph":[{"@type":"WebPage","@id":"https:\/\/aaknives.eu\/lt\/product\/peilis-thor-rankomis-kaltas-plienas-9hs\/","url":"https:\/\/aaknives.eu\/lt\/product\/peilis-thor-rankomis-kaltas-plienas-9hs\/","name":"Peilis - THOR, rankomis kaltas plienas 9HS - AAKnives","isPartOf":{"@id":"https:\/\/aaknives.eu\/lt\/#website"},"primaryImageOfPage":{"@id":"https:\/\/aaknives.eu\/lt\/product\/peilis-thor-rankomis-kaltas-plienas-9hs\/#primaryimage"},"image":{"@id":"https:\/\/aaknives.eu\/lt\/product\/peilis-thor-rankomis-kaltas-plienas-9hs\/#primaryimage"},"thumbnailUrl":"https:\/\/aaknives.eu\/wp-content\/uploads\/2022\/05\/aaknives-hand-forged-dabascus-steel-blade-knife-handmade-custom-made-knife-handcrafted-knives-autinetools-northmen-15-2-1.jpg","datePublished":"2022-05-17T13:57:47+00:00","description":"Peilis - THOR, rankomis kaltas plienas 9HS, med\u017eioklinis peilis, i\u0161gyvenimo peilis, lauko peilis","breadcrumb":{"@id":"https:\/\/aaknives.eu\/lt\/product\/peilis-thor-rankomis-kaltas-plienas-9hs\/#breadcrumb"},"inLanguage":"lt-LT","potentialAction":[{"@type":"ReadAction","target":["https:\/\/aaknives.eu\/lt\/product\/peilis-thor-rankomis-kaltas-plienas-9hs\/"]}]},{"@type":"ImageObject","inLanguage":"lt-LT","@id":"https:\/\/aaknives.eu\/lt\/product\/peilis-thor-rankomis-kaltas-plienas-9hs\/#primaryimage","url":"https:\/\/aaknives.eu\/wp-content\/uploads\/2022\/05\/aaknives-hand-forged-dabascus-steel-blade-knife-handmade-custom-made-knife-handcrafted-knives-autinetools-northmen-15-2-1.jpg","contentUrl":"https:\/\/aaknives.eu\/wp-content\/uploads\/2022\/05\/aaknives-hand-forged-dabascus-steel-blade-knife-handmade-custom-made-knife-handcrafted-knives-autinetools-northmen-15-2-1.jpg","width":1020,"height":880,"caption":"aaknives hand forged dabascus steel blade knife handmade custom made knife handcrafted knives autinetools northmen 15 2 1"},{"@type":"BreadcrumbList","@id":"https:\/\/aaknives.eu\/lt\/product\/peilis-thor-rankomis-kaltas-plienas-9hs\/#breadcrumb","itemListElement":[{"@type":"ListItem","position":1,"name":"Home","item":"https:\/\/aaknives.eu\/lt\/"},{"@type":"ListItem","position":2,"name":"Parduotuv\u0117","item":"https:\/\/aaknives.eu\/parduotuve\/"},{"@type":"ListItem","position":3,"name":"Peilis &#8211; THOR, rankomis kaltas plienas 9HS"}]},{"@type":"WebSite","@id":"https:\/\/aaknives.eu\/lt\/#website","url":"https:\/\/aaknives.eu\/lt\/","name":"AAKnives","description":"Handmade knives","publisher":{"@id":"https:\/\/aaknives.eu\/lt\/#organization"},"potentialAction":[{"@type":"SearchAction","target":{"@type":"EntryPoint","urlTemplate":"https:\/\/aaknives.eu\/lt\/?s={search_term_string}"},"query-input":{"@type":"PropertyValueSpecification","valueRequired":true,"valueName":"search_term_string"}}],"inLanguage":"lt-LT"},{"@type":"Organization","@id":"https:\/\/aaknives.eu\/lt\/#organization","name":"AAKnives","url":"https:\/\/aaknives.eu\/lt\/","logo":{"@type":"ImageObject","inLanguage":"lt-LT","@id":"https:\/\/aaknives.eu\/lt\/#\/schema\/logo\/image\/","url":"https:\/\/aaknives.eu\/wp-content\/uploads\/2021\/10\/AAknives_Logo_Green.png","contentUrl":"https:\/\/aaknives.eu\/wp-content\/uploads\/2021\/10\/AAknives_Logo_Green.png","width":1768,"height":1768,"caption":"AAKnives"},"image":{"@id":"https:\/\/aaknives.eu\/lt\/#\/schema\/logo\/image\/"},"sameAs":["https:\/\/www.facebook.com\/aaknives.eu\/","https:\/\/www.instagram.com\/aaknives\/","https:\/\/www.pinterest.com\/aa_knives\/","https:\/\/www.youtube.com\/channel\/UCHOQFjrOkgT6s4FIw9LDKyw\/featured"]}]}},"_links":{"self":[{"href":"https:\/\/aaknives.eu\/lt\/wp-json\/wp\/v2\/product\/47796","targetHints":{"allow":["GET"]}}],"collection":[{"href":"https:\/\/aaknives.eu\/lt\/wp-json\/wp\/v2\/product"}],"about":[{"href":"https:\/\/aaknives.eu\/lt\/wp-json\/wp\/v2\/types\/product"}],"wp:featuredmedia":[{"embeddable":true,"href":"https:\/\/aaknives.eu\/lt\/wp-json\/wp\/v2\/media\/47797"}],"wp:attachment":[{"href":"https:\/\/aaknives.eu\/lt\/wp-json\/wp\/v2\/media?parent=47796"}],"wp:term":[{"taxonomy":"product_brand","embeddable":true,"href":"https:\/\/aaknives.eu\/lt\/wp-json\/wp\/v2\/product_brand?post=47796"},{"taxonomy":"product_cat","embeddable":true,"href":"https:\/\/aaknives.eu\/lt\/wp-json\/wp\/v2\/product_cat?post=47796"},{"taxonomy":"product_tag","embeddable":true,"href":"https:\/\/aaknives.eu\/lt\/wp-json\/wp\/v2\/product_tag?post=47796"}],"curies":[{"name":"wp","href":"https:\/\/api.w.org\/{rel}","templated":true}]}}