{"id":47815,"date":"2022-05-17T13:27:53","date_gmt":"2022-05-17T13:27:53","guid":{"rendered":"https:\/\/aaknives.eu\/product\/peilis-viking-rankomis-kalto-damasko-plieno-gelezte\/"},"modified":"2024-08-28T15:10:20","modified_gmt":"2024-08-28T15:10:20","slug":"peilis-viking-rankomis-kalto-damasko-plieno-gelezte","status":"publish","type":"product","link":"https:\/\/aaknives.eu\/lt\/product\/peilis-viking-rankomis-kalto-damasko-plieno-gelezte\/","title":{"rendered":"Peilis &#8221;VIKING&#8221; &#8211; rankomis kalto damasko plieno gele\u017et\u0117"},"content":{"rendered":"<p>Peilio specifikacijos: \u201dVIKING\u201d<br \/>\nPlienas: rankomis kaltas med\u017eioklinis peilis Damasko plieno a\u0161menimis, (HVG, U10, ShH15), 800 sluoksni\u0173<br \/>\nKietumas: 60-62 HRC<br \/>\nGele\u017et\u0117s ilgis (mm): Atsparumas (mm): 145 \/ 5,70 colio<br \/>\nGele\u017et\u0117s storis (mm): (mm): 3 \/ 0,11 colio<br \/>\nA\u0161men\u0173 plotis (mm): Atsparumas (mm): 26 \/ 1,02 colio<br \/>\nRankena: stabilizuotas karel\u0173 ber\u017eas<br \/>\nBendras ilgis (mm): Vidutinis ilgis (mm): 265 \/ 10,43 colio<\/p>\n<p>Gele\u017et\u0117 rankomis nukalta i\u0161 damasko plieno, kuris yra labai kietas, ta\u010diau elastingas ir patvarus.<br \/>\n\u0160ios unikalios med\u017eiagos savyb\u0117s i\u0161gaunamos formuojant mink\u0161to ir kieto metalo lydin\u012f, tod\u0117l gaunamas geriausias med\u017eioklinis peilis su gerai \u017einomu Damasko plieno pie\u0161iniu, kuris d\u0117l mikropj\u016bklo a\u0161men\u0173 ilgai tarnaus ir gal\u0117s ilgai i\u0161laikyti a\u0161trum\u0105 be galandimo.<\/p>\n<p>Rankomis kaltas damasko plienas, sukurtas i\u0161 skirtingo kietumo ir klampumo plien\u0173, kurie tam tikra tvarka sudedami \u012f plok\u0161tel\u0119. Po to plok\u0161t\u0117 pakartotinai perlydoma, tod\u0117l susidaro sluoksniai ir unikalus ra\u0161tas.<br \/>\nSud\u0117tingas technologinis procesas atliekamas rankiniu b\u016bdu. Tokiu b\u016bdu gautas plienas pasi\u017eymi didesniu stiprumu, dideliu kietumu, puikiomis pjovimo savyb\u0117mis ir gro\u017eiu.<br \/>\nDamasko plieno daugiau nei 700-1000 sluoksni\u0173.<br \/>\nPakuot\u0117 i\u0161 damaskinio plieno ShH15 + HVG + U10A, \u0161ilumin\u0117 i\u0161rai\u0161ka 860 \u00b0C<\/p>\n<p>Damasko plieno peili\u0173 privalumai:<br \/>\nDidesnis stiprumas<br \/>\nDidelis kietumas<br \/>\nPuikios pjovimo savyb\u0117s<br \/>\nGra\u017eus dizainas<br \/>\nIlgalaikis a\u0161trumas<\/p>\n<p>Gele\u017et\u0117s kietumas 60-62 HRC.<br \/>\nRank\u0173 darbo<\/p>\n","protected":false},"excerpt":{"rendered":"<p>Peilio specifikacijos: \u201dVIKING\u201d Plienas: rankomis kaltas med\u017eioklinis peilis Damasko plieno a\u0161menimis, (HVG, U10, ShH15), 800 sluoksni\u0173 Kietumas: 60-62 HRC Gele\u017et\u0117s ilgis (mm): Atsparumas (mm): 145 \/ 5,70 colio Gele\u017et\u0117s storis (mm): (mm): 3 \/ 0,11 colio A\u0161men\u0173 plotis (mm): Atsparumas (mm): 26 \/ 1,02 colio Rankena: stabilizuotas karel\u0173 ber\u017eas Bendras ilgis (mm): Vidutinis ilgis (mm): 265 \/ 10,43 colio Gele\u017et\u0117 rankomis nukalta i\u0161 damasko plieno, kuris yra labai kietas, ta\u010diau elastingas ir patvarus. \u0160ios unikalios med\u017eiagos savyb\u0117s i\u0161gaunamos formuojant mink\u0161to ir kieto metalo lydin\u012f, tod\u0117l gaunamas geriausias med\u017eioklinis peilis su gerai \u017einomu Damasko plieno pie\u0161iniu, kuris d\u0117l mikropj\u016bklo a\u0161men\u0173 ilgai&hellip;<\/p>\n","protected":false},"featured_media":67294,"template":"","meta":{"_themeisle_gutenberg_block_has_review":false},"product_brand":[],"product_cat":[381,386,385],"product_tag":[],"class_list":{"0":"post-47815","1":"product","2":"type-product","3":"status-publish","4":"has-post-thumbnail","6":"product_cat-lauko-peiliai","7":"product_cat-medziokliniai-peiliai","8":"product_cat-zvejybos-peiliai","10":"first","11":"outofstock","12":"shipping-taxable","13":"purchasable","14":"product-type-simple"},"yoast_head":"<!-- This site is optimized with the Yoast SEO plugin v27.5 - https:\/\/yoast.com\/product\/yoast-seo-wordpress\/ -->\n<title>Peilis &#039;&#039;VIKING&#039;&#039; - rankomis kalto damasko plieno gele\u017et\u0117 - AAKnives<\/title>\n<meta name=\"description\" content=\"Rankomis kaltas damasko plienas, sukurtas i\u0161 skirtingo kietumo ir klampumo plien\u0173, kurie tam tikra tvarka sudedami \u012f plok\u0161tel\u0119.\" \/>\n<meta name=\"robots\" content=\"index, follow, max-snippet:-1, max-image-preview:large, max-video-preview:-1\" \/>\n<link rel=\"canonical\" href=\"https:\/\/aaknives.eu\/lt\/product\/peilis-viking-rankomis-kalto-damasko-plieno-gelezte\/\" \/>\n<meta property=\"og:locale\" content=\"lt_LT\" \/>\n<meta property=\"og:type\" content=\"article\" \/>\n<meta property=\"og:title\" content=\"Peilis &#039;&#039;VIKING&#039;&#039; - rankomis kalto damasko plieno gele\u017et\u0117 - AAKnives\" \/>\n<meta property=\"og:description\" content=\"Rankomis kaltas damasko plienas, sukurtas i\u0161 skirtingo kietumo ir klampumo plien\u0173, kurie tam tikra tvarka sudedami \u012f plok\u0161tel\u0119.\" \/>\n<meta property=\"og:url\" content=\"https:\/\/aaknives.eu\/lt\/product\/peilis-viking-rankomis-kalto-damasko-plieno-gelezte\/\" \/>\n<meta property=\"og:site_name\" content=\"AAKnives\" \/>\n<meta property=\"article:publisher\" content=\"https:\/\/www.facebook.com\/aaknives.eu\/\" \/>\n<meta property=\"article:modified_time\" content=\"2024-08-28T15:10:20+00:00\" \/>\n<meta property=\"og:image\" content=\"https:\/\/aaknives.eu\/wp-content\/uploads\/2022\/05\/aaknives-hand-forged-dabascus-steel-blade-knife-handmade-custom-made-knife-handcrafted-knives-autinetools-northmen-22.2.jpg\" \/>\n\t<meta property=\"og:image:width\" content=\"1020\" \/>\n\t<meta property=\"og:image:height\" content=\"880\" \/>\n\t<meta property=\"og:image:type\" content=\"image\/jpeg\" \/>\n<meta name=\"twitter:card\" content=\"summary_large_image\" \/>\n<meta name=\"twitter:label1\" content=\"Est. reading time\" \/>\n\t<meta name=\"twitter:data1\" content=\"1 minut\u0117\" \/>\n<script type=\"application\/ld+json\" class=\"yoast-schema-graph\">{\"@context\":\"https:\\\/\\\/schema.org\",\"@graph\":[{\"@type\":\"WebPage\",\"@id\":\"https:\\\/\\\/aaknives.eu\\\/lt\\\/product\\\/peilis-viking-rankomis-kalto-damasko-plieno-gelezte\\\/\",\"url\":\"https:\\\/\\\/aaknives.eu\\\/lt\\\/product\\\/peilis-viking-rankomis-kalto-damasko-plieno-gelezte\\\/\",\"name\":\"Peilis ''VIKING'' - rankomis kalto damasko plieno gele\u017et\u0117 - AAKnives\",\"isPartOf\":{\"@id\":\"https:\\\/\\\/aaknives.eu\\\/lt\\\/#website\"},\"primaryImageOfPage\":{\"@id\":\"https:\\\/\\\/aaknives.eu\\\/lt\\\/product\\\/peilis-viking-rankomis-kalto-damasko-plieno-gelezte\\\/#primaryimage\"},\"image\":{\"@id\":\"https:\\\/\\\/aaknives.eu\\\/lt\\\/product\\\/peilis-viking-rankomis-kalto-damasko-plieno-gelezte\\\/#primaryimage\"},\"thumbnailUrl\":\"https:\\\/\\\/aaknives.eu\\\/wp-content\\\/uploads\\\/2022\\\/05\\\/aaknives-hand-forged-dabascus-steel-blade-knife-handmade-custom-made-knife-handcrafted-knives-autinetools-northmen-22.2.jpg\",\"datePublished\":\"2022-05-17T13:27:53+00:00\",\"dateModified\":\"2024-08-28T15:10:20+00:00\",\"description\":\"Rankomis kaltas damasko plienas, sukurtas i\u0161 skirtingo kietumo ir klampumo plien\u0173, kurie tam tikra tvarka sudedami \u012f plok\u0161tel\u0119.\",\"breadcrumb\":{\"@id\":\"https:\\\/\\\/aaknives.eu\\\/lt\\\/product\\\/peilis-viking-rankomis-kalto-damasko-plieno-gelezte\\\/#breadcrumb\"},\"inLanguage\":\"lt-LT\",\"potentialAction\":[{\"@type\":\"ReadAction\",\"target\":[\"https:\\\/\\\/aaknives.eu\\\/lt\\\/product\\\/peilis-viking-rankomis-kalto-damasko-plieno-gelezte\\\/\"]}]},{\"@type\":\"ImageObject\",\"inLanguage\":\"lt-LT\",\"@id\":\"https:\\\/\\\/aaknives.eu\\\/lt\\\/product\\\/peilis-viking-rankomis-kalto-damasko-plieno-gelezte\\\/#primaryimage\",\"url\":\"https:\\\/\\\/aaknives.eu\\\/wp-content\\\/uploads\\\/2022\\\/05\\\/aaknives-hand-forged-dabascus-steel-blade-knife-handmade-custom-made-knife-handcrafted-knives-autinetools-northmen-22.2.jpg\",\"contentUrl\":\"https:\\\/\\\/aaknives.eu\\\/wp-content\\\/uploads\\\/2022\\\/05\\\/aaknives-hand-forged-dabascus-steel-blade-knife-handmade-custom-made-knife-handcrafted-knives-autinetools-northmen-22.2.jpg\",\"width\":1020,\"height\":880},{\"@type\":\"BreadcrumbList\",\"@id\":\"https:\\\/\\\/aaknives.eu\\\/lt\\\/product\\\/peilis-viking-rankomis-kalto-damasko-plieno-gelezte\\\/#breadcrumb\",\"itemListElement\":[{\"@type\":\"ListItem\",\"position\":1,\"name\":\"Home\",\"item\":\"https:\\\/\\\/aaknives.eu\\\/lt\\\/\"},{\"@type\":\"ListItem\",\"position\":2,\"name\":\"Parduotuv\u0117\",\"item\":\"https:\\\/\\\/aaknives.eu\\\/parduotuve\\\/\"},{\"@type\":\"ListItem\",\"position\":3,\"name\":\"Peilis &#8221;VIKING&#8221; &#8211; rankomis kalto damasko plieno gele\u017et\u0117\"}]},{\"@type\":\"WebSite\",\"@id\":\"https:\\\/\\\/aaknives.eu\\\/lt\\\/#website\",\"url\":\"https:\\\/\\\/aaknives.eu\\\/lt\\\/\",\"name\":\"AAKnives\",\"description\":\"Handmade knives\",\"publisher\":{\"@id\":\"https:\\\/\\\/aaknives.eu\\\/lt\\\/#organization\"},\"alternateName\":\"Anri Ananin Knives\",\"potentialAction\":[{\"@type\":\"SearchAction\",\"target\":{\"@type\":\"EntryPoint\",\"urlTemplate\":\"https:\\\/\\\/aaknives.eu\\\/lt\\\/?s={search_term_string}\"},\"query-input\":{\"@type\":\"PropertyValueSpecification\",\"valueRequired\":true,\"valueName\":\"search_term_string\"}}],\"inLanguage\":\"lt-LT\"},{\"@type\":\"Organization\",\"@id\":\"https:\\\/\\\/aaknives.eu\\\/lt\\\/#organization\",\"name\":\"AAKnives\",\"url\":\"https:\\\/\\\/aaknives.eu\\\/lt\\\/\",\"logo\":{\"@type\":\"ImageObject\",\"inLanguage\":\"lt-LT\",\"@id\":\"https:\\\/\\\/aaknives.eu\\\/lt\\\/#\\\/schema\\\/logo\\\/image\\\/\",\"url\":\"https:\\\/\\\/aaknives.eu\\\/wp-content\\\/uploads\\\/2021\\\/10\\\/AAknives_Logo_Green.png\",\"contentUrl\":\"https:\\\/\\\/aaknives.eu\\\/wp-content\\\/uploads\\\/2021\\\/10\\\/AAknives_Logo_Green.png\",\"width\":1768,\"height\":1768,\"caption\":\"AAKnives\"},\"image\":{\"@id\":\"https:\\\/\\\/aaknives.eu\\\/lt\\\/#\\\/schema\\\/logo\\\/image\\\/\"},\"sameAs\":[\"https:\\\/\\\/www.facebook.com\\\/aaknives.eu\\\/\",\"https:\\\/\\\/www.instagram.com\\\/aaknives\\\/\",\"https:\\\/\\\/www.pinterest.com\\\/aa_knives\\\/\",\"https:\\\/\\\/www.youtube.com\\\/@aaknives9518\"]}]}<\/script>\n<!-- \/ Yoast SEO plugin. -->","yoast_head_json":{"title":"Peilis ''VIKING'' - rankomis kalto damasko plieno gele\u017et\u0117 - AAKnives","description":"Rankomis kaltas damasko plienas, sukurtas i\u0161 skirtingo kietumo ir klampumo plien\u0173, kurie tam tikra tvarka sudedami \u012f plok\u0161tel\u0119.","robots":{"index":"index","follow":"follow","max-snippet":"max-snippet:-1","max-image-preview":"max-image-preview:large","max-video-preview":"max-video-preview:-1"},"canonical":"https:\/\/aaknives.eu\/lt\/product\/peilis-viking-rankomis-kalto-damasko-plieno-gelezte\/","og_locale":"lt_LT","og_type":"article","og_title":"Peilis ''VIKING'' - rankomis kalto damasko plieno gele\u017et\u0117 - AAKnives","og_description":"Rankomis kaltas damasko plienas, sukurtas i\u0161 skirtingo kietumo ir klampumo plien\u0173, kurie tam tikra tvarka sudedami \u012f plok\u0161tel\u0119.","og_url":"https:\/\/aaknives.eu\/lt\/product\/peilis-viking-rankomis-kalto-damasko-plieno-gelezte\/","og_site_name":"AAKnives","article_publisher":"https:\/\/www.facebook.com\/aaknives.eu\/","article_modified_time":"2024-08-28T15:10:20+00:00","og_image":[{"width":1020,"height":880,"url":"https:\/\/aaknives.eu\/wp-content\/uploads\/2022\/05\/aaknives-hand-forged-dabascus-steel-blade-knife-handmade-custom-made-knife-handcrafted-knives-autinetools-northmen-22.2.jpg","type":"image\/jpeg"}],"twitter_card":"summary_large_image","twitter_misc":{"Est. reading time":"1 minut\u0117"},"schema":{"@context":"https:\/\/schema.org","@graph":[{"@type":"WebPage","@id":"https:\/\/aaknives.eu\/lt\/product\/peilis-viking-rankomis-kalto-damasko-plieno-gelezte\/","url":"https:\/\/aaknives.eu\/lt\/product\/peilis-viking-rankomis-kalto-damasko-plieno-gelezte\/","name":"Peilis ''VIKING'' - rankomis kalto damasko plieno gele\u017et\u0117 - AAKnives","isPartOf":{"@id":"https:\/\/aaknives.eu\/lt\/#website"},"primaryImageOfPage":{"@id":"https:\/\/aaknives.eu\/lt\/product\/peilis-viking-rankomis-kalto-damasko-plieno-gelezte\/#primaryimage"},"image":{"@id":"https:\/\/aaknives.eu\/lt\/product\/peilis-viking-rankomis-kalto-damasko-plieno-gelezte\/#primaryimage"},"thumbnailUrl":"https:\/\/aaknives.eu\/wp-content\/uploads\/2022\/05\/aaknives-hand-forged-dabascus-steel-blade-knife-handmade-custom-made-knife-handcrafted-knives-autinetools-northmen-22.2.jpg","datePublished":"2022-05-17T13:27:53+00:00","dateModified":"2024-08-28T15:10:20+00:00","description":"Rankomis kaltas damasko plienas, sukurtas i\u0161 skirtingo kietumo ir klampumo plien\u0173, kurie tam tikra tvarka sudedami \u012f plok\u0161tel\u0119.","breadcrumb":{"@id":"https:\/\/aaknives.eu\/lt\/product\/peilis-viking-rankomis-kalto-damasko-plieno-gelezte\/#breadcrumb"},"inLanguage":"lt-LT","potentialAction":[{"@type":"ReadAction","target":["https:\/\/aaknives.eu\/lt\/product\/peilis-viking-rankomis-kalto-damasko-plieno-gelezte\/"]}]},{"@type":"ImageObject","inLanguage":"lt-LT","@id":"https:\/\/aaknives.eu\/lt\/product\/peilis-viking-rankomis-kalto-damasko-plieno-gelezte\/#primaryimage","url":"https:\/\/aaknives.eu\/wp-content\/uploads\/2022\/05\/aaknives-hand-forged-dabascus-steel-blade-knife-handmade-custom-made-knife-handcrafted-knives-autinetools-northmen-22.2.jpg","contentUrl":"https:\/\/aaknives.eu\/wp-content\/uploads\/2022\/05\/aaknives-hand-forged-dabascus-steel-blade-knife-handmade-custom-made-knife-handcrafted-knives-autinetools-northmen-22.2.jpg","width":1020,"height":880},{"@type":"BreadcrumbList","@id":"https:\/\/aaknives.eu\/lt\/product\/peilis-viking-rankomis-kalto-damasko-plieno-gelezte\/#breadcrumb","itemListElement":[{"@type":"ListItem","position":1,"name":"Home","item":"https:\/\/aaknives.eu\/lt\/"},{"@type":"ListItem","position":2,"name":"Parduotuv\u0117","item":"https:\/\/aaknives.eu\/parduotuve\/"},{"@type":"ListItem","position":3,"name":"Peilis &#8221;VIKING&#8221; &#8211; rankomis kalto damasko plieno gele\u017et\u0117"}]},{"@type":"WebSite","@id":"https:\/\/aaknives.eu\/lt\/#website","url":"https:\/\/aaknives.eu\/lt\/","name":"AAKnives","description":"Handmade knives","publisher":{"@id":"https:\/\/aaknives.eu\/lt\/#organization"},"alternateName":"Anri Ananin Knives","potentialAction":[{"@type":"SearchAction","target":{"@type":"EntryPoint","urlTemplate":"https:\/\/aaknives.eu\/lt\/?s={search_term_string}"},"query-input":{"@type":"PropertyValueSpecification","valueRequired":true,"valueName":"search_term_string"}}],"inLanguage":"lt-LT"},{"@type":"Organization","@id":"https:\/\/aaknives.eu\/lt\/#organization","name":"AAKnives","url":"https:\/\/aaknives.eu\/lt\/","logo":{"@type":"ImageObject","inLanguage":"lt-LT","@id":"https:\/\/aaknives.eu\/lt\/#\/schema\/logo\/image\/","url":"https:\/\/aaknives.eu\/wp-content\/uploads\/2021\/10\/AAknives_Logo_Green.png","contentUrl":"https:\/\/aaknives.eu\/wp-content\/uploads\/2021\/10\/AAknives_Logo_Green.png","width":1768,"height":1768,"caption":"AAKnives"},"image":{"@id":"https:\/\/aaknives.eu\/lt\/#\/schema\/logo\/image\/"},"sameAs":["https:\/\/www.facebook.com\/aaknives.eu\/","https:\/\/www.instagram.com\/aaknives\/","https:\/\/www.pinterest.com\/aa_knives\/","https:\/\/www.youtube.com\/@aaknives9518"]}]}},"_links":{"self":[{"href":"https:\/\/aaknives.eu\/lt\/wp-json\/wp\/v2\/product\/47815","targetHints":{"allow":["GET"]}}],"collection":[{"href":"https:\/\/aaknives.eu\/lt\/wp-json\/wp\/v2\/product"}],"about":[{"href":"https:\/\/aaknives.eu\/lt\/wp-json\/wp\/v2\/types\/product"}],"wp:featuredmedia":[{"embeddable":true,"href":"https:\/\/aaknives.eu\/lt\/wp-json\/wp\/v2\/media\/67294"}],"wp:attachment":[{"href":"https:\/\/aaknives.eu\/lt\/wp-json\/wp\/v2\/media?parent=47815"}],"wp:term":[{"taxonomy":"product_brand","embeddable":true,"href":"https:\/\/aaknives.eu\/lt\/wp-json\/wp\/v2\/product_brand?post=47815"},{"taxonomy":"product_cat","embeddable":true,"href":"https:\/\/aaknives.eu\/lt\/wp-json\/wp\/v2\/product_cat?post=47815"},{"taxonomy":"product_tag","embeddable":true,"href":"https:\/\/aaknives.eu\/lt\/wp-json\/wp\/v2\/product_tag?post=47815"}],"curies":[{"name":"wp","href":"https:\/\/api.w.org\/{rel}","templated":true}]}}