{"id":47907,"date":"2022-05-02T11:35:43","date_gmt":"2022-05-02T11:35:43","guid":{"rendered":"https:\/\/aaknives.eu\/product\/sesiu-daliu-iesmeliu-rinkinys-su-odine-pinigine-9\/"},"modified":"2022-05-02T11:35:43","modified_gmt":"2022-05-02T11:35:43","slug":"sesiu-daliu-iesmeliu-rinkinys-su-odine-pinigine-9","status":"publish","type":"product","link":"https:\/\/aaknives.eu\/lt\/product\/sesiu-daliu-iesmeliu-rinkinys-su-odine-pinigine-9\/","title":{"rendered":"\u0160e\u0161i\u0173 dali\u0173 ie\u0161meli\u0173 rinkinys su odine pinigine"},"content":{"rendered":"<p>Specifikacijos: &#8221;\u0160pygliukai&#8221;<br \/>\nPlienas: auk\u0161tos kokyb\u0117s rankomis kaltas ner\u016bdijantis plienas<br \/>\nGele\u017et\u0117s ilgis (mm): Ilgis (mm): 415 \/ 16,33 colio<br \/>\nGele\u017et\u0117s storis (mm): (mm): 5 \/ 0,19 colio<br \/>\nA\u0161men\u0173 plotis (mm): Atsparumas (mm): 12 \/ 0,47 colio<br \/>\nRankena: Afrikieti\u0161ka venge mediena su \u017ealvario detal\u0117mis<br \/>\nBendras ilgis (mm): Vidutinis ilgis (mm): 640 \/ 25,19 coli\u0173<br \/>\nTipas: virtuv\u0117<br \/>\nPakuot\u0117: ie\u0161mai, odin\u0117 pinigin\u0117<\/p>\n","protected":false},"excerpt":{"rendered":"<p>Specifikacijos: &#8221;\u0160pygliukai&#8221; Plienas: auk\u0161tos kokyb\u0117s rankomis kaltas ner\u016bdijantis plienas Gele\u017et\u0117s ilgis (mm): Ilgis (mm): 415 \/ 16,33 colio Gele\u017et\u0117s storis (mm): (mm): 5 \/ 0,19 colio A\u0161men\u0173 plotis (mm): Atsparumas (mm): 12 \/ 0,47 colio Rankena: Afrikieti\u0161ka venge mediena su \u017ealvario detal\u0117mis Bendras ilgis (mm): Vidutinis ilgis (mm): 640 \/ 25,19 coli\u0173 Tipas: virtuv\u0117 Pakuot\u0117: ie\u0161mai, odin\u0117 pinigin\u0117<\/p>\n","protected":false},"featured_media":47908,"template":"","meta":{"_themeisle_gutenberg_block_has_review":false},"product_brand":[],"product_cat":[397,379],"product_tag":[],"class_list":{"0":"post-47907","1":"product","2":"type-product","3":"status-publish","4":"has-post-thumbnail","6":"product_cat-spygliukai","7":"product_cat-virtuves-peiliai","9":"first","10":"instock","11":"shipping-taxable","12":"purchasable","13":"product-type-simple"},"yoast_head":"<!-- This site is optimized with the Yoast SEO plugin v27.3 - https:\/\/yoast.com\/product\/yoast-seo-wordpress\/ -->\n<title>\u0160e\u0161i\u0173 dali\u0173 ie\u0161meli\u0173 rinkinys su odine pinigine - AAKnives<\/title>\n<meta name=\"description\" content=\"\u0160e\u0161i\u0173 dali\u0173 ie\u0161meli\u0173 rinkinys su odine pinigine\" \/>\n<meta name=\"robots\" content=\"index, follow, max-snippet:-1, max-image-preview:large, max-video-preview:-1\" \/>\n<link rel=\"canonical\" href=\"https:\/\/aaknives.eu\/lt\/product\/sesiu-daliu-iesmeliu-rinkinys-su-odine-pinigine-9\/\" \/>\n<meta property=\"og:locale\" content=\"lt_LT\" \/>\n<meta property=\"og:type\" content=\"article\" \/>\n<meta property=\"og:title\" content=\"\u0160e\u0161i\u0173 dali\u0173 ie\u0161meli\u0173 rinkinys su odine pinigine - AAKnives\" \/>\n<meta property=\"og:description\" content=\"\u0160e\u0161i\u0173 dali\u0173 ie\u0161meli\u0173 rinkinys su odine pinigine\" \/>\n<meta property=\"og:url\" content=\"https:\/\/aaknives.eu\/lt\/product\/sesiu-daliu-iesmeliu-rinkinys-su-odine-pinigine-9\/\" \/>\n<meta property=\"og:site_name\" content=\"AAKnives\" \/>\n<meta property=\"article:publisher\" content=\"https:\/\/www.facebook.com\/aaknives.eu\/\" \/>\n<meta property=\"og:image\" content=\"https:\/\/aaknives.eu\/wp-content\/uploads\/2022\/05\/img-6930.jpg\" \/>\n\t<meta property=\"og:image:width\" content=\"1020\" \/>\n\t<meta property=\"og:image:height\" content=\"880\" \/>\n\t<meta property=\"og:image:type\" content=\"image\/jpeg\" \/>\n<meta name=\"twitter:card\" content=\"summary_large_image\" \/>\n<script type=\"application\/ld+json\" class=\"yoast-schema-graph\">{\"@context\":\"https:\\\/\\\/schema.org\",\"@graph\":[{\"@type\":\"WebPage\",\"@id\":\"https:\\\/\\\/aaknives.eu\\\/lt\\\/product\\\/sesiu-daliu-iesmeliu-rinkinys-su-odine-pinigine-9\\\/\",\"url\":\"https:\\\/\\\/aaknives.eu\\\/lt\\\/product\\\/sesiu-daliu-iesmeliu-rinkinys-su-odine-pinigine-9\\\/\",\"name\":\"\u0160e\u0161i\u0173 dali\u0173 ie\u0161meli\u0173 rinkinys su odine pinigine - AAKnives\",\"isPartOf\":{\"@id\":\"https:\\\/\\\/aaknives.eu\\\/lt\\\/#website\"},\"primaryImageOfPage\":{\"@id\":\"https:\\\/\\\/aaknives.eu\\\/lt\\\/product\\\/sesiu-daliu-iesmeliu-rinkinys-su-odine-pinigine-9\\\/#primaryimage\"},\"image\":{\"@id\":\"https:\\\/\\\/aaknives.eu\\\/lt\\\/product\\\/sesiu-daliu-iesmeliu-rinkinys-su-odine-pinigine-9\\\/#primaryimage\"},\"thumbnailUrl\":\"https:\\\/\\\/aaknives.eu\\\/wp-content\\\/uploads\\\/2022\\\/05\\\/img-6930.jpg\",\"datePublished\":\"2022-05-02T11:35:43+00:00\",\"description\":\"\u0160e\u0161i\u0173 dali\u0173 ie\u0161meli\u0173 rinkinys su odine pinigine\",\"breadcrumb\":{\"@id\":\"https:\\\/\\\/aaknives.eu\\\/lt\\\/product\\\/sesiu-daliu-iesmeliu-rinkinys-su-odine-pinigine-9\\\/#breadcrumb\"},\"inLanguage\":\"lt-LT\",\"potentialAction\":[{\"@type\":\"ReadAction\",\"target\":[\"https:\\\/\\\/aaknives.eu\\\/lt\\\/product\\\/sesiu-daliu-iesmeliu-rinkinys-su-odine-pinigine-9\\\/\"]}]},{\"@type\":\"ImageObject\",\"inLanguage\":\"lt-LT\",\"@id\":\"https:\\\/\\\/aaknives.eu\\\/lt\\\/product\\\/sesiu-daliu-iesmeliu-rinkinys-su-odine-pinigine-9\\\/#primaryimage\",\"url\":\"https:\\\/\\\/aaknives.eu\\\/wp-content\\\/uploads\\\/2022\\\/05\\\/img-6930.jpg\",\"contentUrl\":\"https:\\\/\\\/aaknives.eu\\\/wp-content\\\/uploads\\\/2022\\\/05\\\/img-6930.jpg\",\"width\":1020,\"height\":880,\"caption\":\"img 6930\"},{\"@type\":\"BreadcrumbList\",\"@id\":\"https:\\\/\\\/aaknives.eu\\\/lt\\\/product\\\/sesiu-daliu-iesmeliu-rinkinys-su-odine-pinigine-9\\\/#breadcrumb\",\"itemListElement\":[{\"@type\":\"ListItem\",\"position\":1,\"name\":\"Home\",\"item\":\"https:\\\/\\\/aaknives.eu\\\/lt\\\/\"},{\"@type\":\"ListItem\",\"position\":2,\"name\":\"Parduotuv\u0117\",\"item\":\"https:\\\/\\\/aaknives.eu\\\/parduotuve\\\/\"},{\"@type\":\"ListItem\",\"position\":3,\"name\":\"\u0160e\u0161i\u0173 dali\u0173 ie\u0161meli\u0173 rinkinys su odine pinigine\"}]},{\"@type\":\"WebSite\",\"@id\":\"https:\\\/\\\/aaknives.eu\\\/lt\\\/#website\",\"url\":\"https:\\\/\\\/aaknives.eu\\\/lt\\\/\",\"name\":\"AAKnives\",\"description\":\"Handmade knives\",\"publisher\":{\"@id\":\"https:\\\/\\\/aaknives.eu\\\/lt\\\/#organization\"},\"potentialAction\":[{\"@type\":\"SearchAction\",\"target\":{\"@type\":\"EntryPoint\",\"urlTemplate\":\"https:\\\/\\\/aaknives.eu\\\/lt\\\/?s={search_term_string}\"},\"query-input\":{\"@type\":\"PropertyValueSpecification\",\"valueRequired\":true,\"valueName\":\"search_term_string\"}}],\"inLanguage\":\"lt-LT\"},{\"@type\":\"Organization\",\"@id\":\"https:\\\/\\\/aaknives.eu\\\/lt\\\/#organization\",\"name\":\"AAKnives\",\"url\":\"https:\\\/\\\/aaknives.eu\\\/lt\\\/\",\"logo\":{\"@type\":\"ImageObject\",\"inLanguage\":\"lt-LT\",\"@id\":\"https:\\\/\\\/aaknives.eu\\\/lt\\\/#\\\/schema\\\/logo\\\/image\\\/\",\"url\":\"https:\\\/\\\/aaknives.eu\\\/wp-content\\\/uploads\\\/2021\\\/10\\\/AAknives_Logo_Green.png\",\"contentUrl\":\"https:\\\/\\\/aaknives.eu\\\/wp-content\\\/uploads\\\/2021\\\/10\\\/AAknives_Logo_Green.png\",\"width\":1768,\"height\":1768,\"caption\":\"AAKnives\"},\"image\":{\"@id\":\"https:\\\/\\\/aaknives.eu\\\/lt\\\/#\\\/schema\\\/logo\\\/image\\\/\"},\"sameAs\":[\"https:\\\/\\\/www.facebook.com\\\/aaknives.eu\\\/\",\"https:\\\/\\\/www.instagram.com\\\/aaknives\\\/\",\"https:\\\/\\\/www.pinterest.com\\\/aa_knives\\\/\",\"https:\\\/\\\/www.youtube.com\\\/channel\\\/UCHOQFjrOkgT6s4FIw9LDKyw\\\/featured\"]}]}<\/script>\n<!-- \/ Yoast SEO plugin. -->","yoast_head_json":{"title":"\u0160e\u0161i\u0173 dali\u0173 ie\u0161meli\u0173 rinkinys su odine pinigine - AAKnives","description":"\u0160e\u0161i\u0173 dali\u0173 ie\u0161meli\u0173 rinkinys su odine pinigine","robots":{"index":"index","follow":"follow","max-snippet":"max-snippet:-1","max-image-preview":"max-image-preview:large","max-video-preview":"max-video-preview:-1"},"canonical":"https:\/\/aaknives.eu\/lt\/product\/sesiu-daliu-iesmeliu-rinkinys-su-odine-pinigine-9\/","og_locale":"lt_LT","og_type":"article","og_title":"\u0160e\u0161i\u0173 dali\u0173 ie\u0161meli\u0173 rinkinys su odine pinigine - AAKnives","og_description":"\u0160e\u0161i\u0173 dali\u0173 ie\u0161meli\u0173 rinkinys su odine pinigine","og_url":"https:\/\/aaknives.eu\/lt\/product\/sesiu-daliu-iesmeliu-rinkinys-su-odine-pinigine-9\/","og_site_name":"AAKnives","article_publisher":"https:\/\/www.facebook.com\/aaknives.eu\/","og_image":[{"width":1020,"height":880,"url":"https:\/\/aaknives.eu\/wp-content\/uploads\/2022\/05\/img-6930.jpg","type":"image\/jpeg"}],"twitter_card":"summary_large_image","schema":{"@context":"https:\/\/schema.org","@graph":[{"@type":"WebPage","@id":"https:\/\/aaknives.eu\/lt\/product\/sesiu-daliu-iesmeliu-rinkinys-su-odine-pinigine-9\/","url":"https:\/\/aaknives.eu\/lt\/product\/sesiu-daliu-iesmeliu-rinkinys-su-odine-pinigine-9\/","name":"\u0160e\u0161i\u0173 dali\u0173 ie\u0161meli\u0173 rinkinys su odine pinigine - AAKnives","isPartOf":{"@id":"https:\/\/aaknives.eu\/lt\/#website"},"primaryImageOfPage":{"@id":"https:\/\/aaknives.eu\/lt\/product\/sesiu-daliu-iesmeliu-rinkinys-su-odine-pinigine-9\/#primaryimage"},"image":{"@id":"https:\/\/aaknives.eu\/lt\/product\/sesiu-daliu-iesmeliu-rinkinys-su-odine-pinigine-9\/#primaryimage"},"thumbnailUrl":"https:\/\/aaknives.eu\/wp-content\/uploads\/2022\/05\/img-6930.jpg","datePublished":"2022-05-02T11:35:43+00:00","description":"\u0160e\u0161i\u0173 dali\u0173 ie\u0161meli\u0173 rinkinys su odine pinigine","breadcrumb":{"@id":"https:\/\/aaknives.eu\/lt\/product\/sesiu-daliu-iesmeliu-rinkinys-su-odine-pinigine-9\/#breadcrumb"},"inLanguage":"lt-LT","potentialAction":[{"@type":"ReadAction","target":["https:\/\/aaknives.eu\/lt\/product\/sesiu-daliu-iesmeliu-rinkinys-su-odine-pinigine-9\/"]}]},{"@type":"ImageObject","inLanguage":"lt-LT","@id":"https:\/\/aaknives.eu\/lt\/product\/sesiu-daliu-iesmeliu-rinkinys-su-odine-pinigine-9\/#primaryimage","url":"https:\/\/aaknives.eu\/wp-content\/uploads\/2022\/05\/img-6930.jpg","contentUrl":"https:\/\/aaknives.eu\/wp-content\/uploads\/2022\/05\/img-6930.jpg","width":1020,"height":880,"caption":"img 6930"},{"@type":"BreadcrumbList","@id":"https:\/\/aaknives.eu\/lt\/product\/sesiu-daliu-iesmeliu-rinkinys-su-odine-pinigine-9\/#breadcrumb","itemListElement":[{"@type":"ListItem","position":1,"name":"Home","item":"https:\/\/aaknives.eu\/lt\/"},{"@type":"ListItem","position":2,"name":"Parduotuv\u0117","item":"https:\/\/aaknives.eu\/parduotuve\/"},{"@type":"ListItem","position":3,"name":"\u0160e\u0161i\u0173 dali\u0173 ie\u0161meli\u0173 rinkinys su odine pinigine"}]},{"@type":"WebSite","@id":"https:\/\/aaknives.eu\/lt\/#website","url":"https:\/\/aaknives.eu\/lt\/","name":"AAKnives","description":"Handmade knives","publisher":{"@id":"https:\/\/aaknives.eu\/lt\/#organization"},"potentialAction":[{"@type":"SearchAction","target":{"@type":"EntryPoint","urlTemplate":"https:\/\/aaknives.eu\/lt\/?s={search_term_string}"},"query-input":{"@type":"PropertyValueSpecification","valueRequired":true,"valueName":"search_term_string"}}],"inLanguage":"lt-LT"},{"@type":"Organization","@id":"https:\/\/aaknives.eu\/lt\/#organization","name":"AAKnives","url":"https:\/\/aaknives.eu\/lt\/","logo":{"@type":"ImageObject","inLanguage":"lt-LT","@id":"https:\/\/aaknives.eu\/lt\/#\/schema\/logo\/image\/","url":"https:\/\/aaknives.eu\/wp-content\/uploads\/2021\/10\/AAknives_Logo_Green.png","contentUrl":"https:\/\/aaknives.eu\/wp-content\/uploads\/2021\/10\/AAknives_Logo_Green.png","width":1768,"height":1768,"caption":"AAKnives"},"image":{"@id":"https:\/\/aaknives.eu\/lt\/#\/schema\/logo\/image\/"},"sameAs":["https:\/\/www.facebook.com\/aaknives.eu\/","https:\/\/www.instagram.com\/aaknives\/","https:\/\/www.pinterest.com\/aa_knives\/","https:\/\/www.youtube.com\/channel\/UCHOQFjrOkgT6s4FIw9LDKyw\/featured"]}]}},"_links":{"self":[{"href":"https:\/\/aaknives.eu\/lt\/wp-json\/wp\/v2\/product\/47907","targetHints":{"allow":["GET"]}}],"collection":[{"href":"https:\/\/aaknives.eu\/lt\/wp-json\/wp\/v2\/product"}],"about":[{"href":"https:\/\/aaknives.eu\/lt\/wp-json\/wp\/v2\/types\/product"}],"wp:featuredmedia":[{"embeddable":true,"href":"https:\/\/aaknives.eu\/lt\/wp-json\/wp\/v2\/media\/47908"}],"wp:attachment":[{"href":"https:\/\/aaknives.eu\/lt\/wp-json\/wp\/v2\/media?parent=47907"}],"wp:term":[{"taxonomy":"product_brand","embeddable":true,"href":"https:\/\/aaknives.eu\/lt\/wp-json\/wp\/v2\/product_brand?post=47907"},{"taxonomy":"product_cat","embeddable":true,"href":"https:\/\/aaknives.eu\/lt\/wp-json\/wp\/v2\/product_cat?post=47907"},{"taxonomy":"product_tag","embeddable":true,"href":"https:\/\/aaknives.eu\/lt\/wp-json\/wp\/v2\/product_tag?post=47907"}],"curies":[{"name":"wp","href":"https:\/\/api.w.org\/{rel}","templated":true}]}}