{"id":47959,"date":"2022-04-27T10:03:36","date_gmt":"2022-04-27T10:03:36","guid":{"rendered":"https:\/\/aaknives.eu\/product\/peilis-uzbek-pchak-uzbekijos-nacionalinis-peilis-rankomis-kaltas-is-damasko-plieno-2\/"},"modified":"2026-04-29T15:47:28","modified_gmt":"2026-04-29T15:47:28","slug":"peilis-uzbek-pchak-uzbekijos-nacionalinis-peilis-rankomis-kaltas-is-damasko-plieno-2","status":"publish","type":"product","link":"https:\/\/aaknives.eu\/lt\/product\/peilis-uzbek-pchak-uzbekijos-nacionalinis-peilis-rankomis-kaltas-is-damasko-plieno-2\/","title":{"rendered":"Peilis &#8221;UZBEK-PCHAK&#8221; &#8211; Uzbekijos nacionalinis peilis, rankomis kaltas i\u0161 Damasko plieno"},"content":{"rendered":"<p>Peilio specifikacijos: &#8221;UZBEK-PCHAK&#8221;<br \/>\nPlienas: Damasko plieno med\u017eioklinis peilis, (HVG, U10, ShH15), 800 sluoksni\u0173<br \/>\nKietumas: 60-61 HRC<br \/>\nGele\u017et\u0117s ilgis (mm): (mm): 160 \/ 6,29 colio<br \/>\nGele\u017et\u0117s storis (mm): (mm): 3 \/ 0,11 colio<br \/>\nA\u0161men\u0173 plotis (mm): Atsparumas (mm): 32 \/ 1,25 colio<br \/>\nRankena: a stabilizuotas Karelijos ber\u017eas<br \/>\nBendras ilgis (mm): Vidutinis ilgis (mm): 285 \/ 11,22 colio<\/p>\n<p>&nbsp;<\/p>\n<p>Rankomis kalti damaskinio plieno a\u0161menys, sukurti i\u0161 skirtingo kietumo ir klampumo plien\u0173, kurie tam tikra tvarka sudedami \u012f plok\u0161tel\u0119. Po to plok\u0161t\u0117 pakartotinai perlydoma, tod\u0117l susidaro sluoksniai ir unikalus ra\u0161tas.<br \/>\nSud\u0117tingas technologinis procesas atliekamas rankiniu b\u016bdu. Tokiu b\u016bdu gautas plienas pasi\u017eymi didesniu stiprumu, dideliu kietumu, puikiomis pjovimo savyb\u0117mis ir gro\u017eiu.<br \/>\nDamasko gele\u017et\u0117 turi daugiau kaip 450 sluoksni\u0173.<br \/>\nPaketas Damasko plieno a\u0161menys ShH15 + HVG + U10 A, termin\u0117 i\u0161rai\u0161ka 860 \u00b0 C<\/p>\n<p>Damasko a\u0161men\u0173 peili\u0173 privalumai:<br \/>\nDidesnis stiprumas<br \/>\nDidelis kietumas<br \/>\nPuikios pjovimo savyb\u0117s<br \/>\nGra\u017eus dizainas<br \/>\nIlgalaikis a\u0161trumas<\/p>\n<p>Gele\u017et\u0117s kietumas 60-62 HRC.<br \/>\nNestandartinis peilis, rank\u0173 darbo peilis, rank\u0173 darbo peilis, rank\u0173 darbo peilis, rank\u0173 darbo peilis<\/p>\n","protected":false},"excerpt":{"rendered":"<p>Peilio specifikacijos: &#8221;UZBEK-PCHAK&#8221; Plienas: Damasko plieno med\u017eioklinis peilis, (HVG, U10, ShH15), 800 sluoksni\u0173 Kietumas: 60-61 HRC Gele\u017et\u0117s ilgis (mm): (mm): 160 \/ 6,29 colio Gele\u017et\u0117s storis (mm): (mm): 3 \/ 0,11 colio A\u0161men\u0173 plotis (mm): Atsparumas (mm): 32 \/ 1,25 colio Rankena: a stabilizuotas Karelijos ber\u017eas Bendras ilgis (mm): Vidutinis ilgis (mm): 285 \/ 11,22 colio &nbsp; Rankomis kalti damaskinio plieno a\u0161menys, sukurti i\u0161 skirtingo kietumo ir klampumo plien\u0173, kurie tam tikra tvarka sudedami \u012f plok\u0161tel\u0119. Po to plok\u0161t\u0117 pakartotinai perlydoma, tod\u0117l susidaro sluoksniai ir unikalus ra\u0161tas. Sud\u0117tingas technologinis procesas atliekamas rankiniu b\u016bdu. Tokiu b\u016bdu gautas plienas pasi\u017eymi didesniu stiprumu,&hellip;<\/p>\n","protected":false},"featured_media":109240,"template":"","meta":{"_themeisle_gutenberg_block_has_review":false},"product_brand":[],"product_cat":[380,379],"product_tag":[],"class_list":{"0":"post-47959","1":"product","2":"type-product","3":"status-publish","4":"has-post-thumbnail","6":"product_cat-premium-ir-isskirtiniai-peiliai","7":"product_cat-virtuves-peiliai","9":"first","10":"instock","11":"shipping-taxable","12":"purchasable","13":"product-type-simple"},"yoast_head":"<!-- This site is optimized with the Yoast SEO plugin v27.5 - https:\/\/yoast.com\/product\/yoast-seo-wordpress\/ -->\n<title>Peilis &#039;&#039;UZBEK-PCHAK&#039;&#039; - Uzbekijos nacionalinis peilis, rankomis kaltas i\u0161 Damasko plieno - AAKnives<\/title>\n<meta name=\"description\" content=\"Peilis &#039;&#039;UZBEK-PCHAK&#039;&#039; - Uzbekijos nacionalinis peilis, rankomis kaltas i\u0161 Damasko plieno\" \/>\n<meta name=\"robots\" content=\"index, follow, max-snippet:-1, max-image-preview:large, max-video-preview:-1\" \/>\n<link rel=\"canonical\" href=\"https:\/\/aaknives.eu\/lt\/product\/peilis-uzbek-pchak-uzbekijos-nacionalinis-peilis-rankomis-kaltas-is-damasko-plieno-2\/\" \/>\n<meta property=\"og:locale\" content=\"lt_LT\" \/>\n<meta property=\"og:type\" content=\"article\" \/>\n<meta property=\"og:title\" content=\"Peilis &#039;&#039;UZBEK-PCHAK&#039;&#039; - Uzbekijos nacionalinis peilis, rankomis kaltas i\u0161 Damasko plieno - AAKnives\" \/>\n<meta property=\"og:description\" content=\"Peilis &#039;&#039;UZBEK-PCHAK&#039;&#039; - Uzbekijos nacionalinis peilis, rankomis kaltas i\u0161 Damasko plieno\" \/>\n<meta property=\"og:url\" content=\"https:\/\/aaknives.eu\/lt\/product\/peilis-uzbek-pchak-uzbekijos-nacionalinis-peilis-rankomis-kaltas-is-damasko-plieno-2\/\" \/>\n<meta property=\"og:site_name\" content=\"AAKnives\" \/>\n<meta property=\"article:publisher\" content=\"https:\/\/www.facebook.com\/aaknives.eu\/\" \/>\n<meta property=\"article:modified_time\" content=\"2026-04-29T15:47:28+00:00\" \/>\n<meta property=\"og:image\" content=\"https:\/\/aaknives.eu\/wp-content\/uploads\/2022\/04\/aaknives-hand-forged-damascus-steel-blade-knife-handmade-custom-made-knife-handcrafted-knives-autinetools-northmen-9.jpg\" \/>\n\t<meta property=\"og:image:width\" content=\"1020\" \/>\n\t<meta property=\"og:image:height\" content=\"880\" \/>\n\t<meta property=\"og:image:type\" content=\"image\/jpeg\" \/>\n<meta name=\"twitter:card\" content=\"summary_large_image\" \/>\n<meta name=\"twitter:label1\" content=\"Est. reading time\" \/>\n\t<meta name=\"twitter:data1\" content=\"1 minut\u0117\" \/>\n<script type=\"application\/ld+json\" class=\"yoast-schema-graph\">{\"@context\":\"https:\\\/\\\/schema.org\",\"@graph\":[{\"@type\":\"WebPage\",\"@id\":\"https:\\\/\\\/aaknives.eu\\\/lt\\\/product\\\/peilis-uzbek-pchak-uzbekijos-nacionalinis-peilis-rankomis-kaltas-is-damasko-plieno-2\\\/\",\"url\":\"https:\\\/\\\/aaknives.eu\\\/lt\\\/product\\\/peilis-uzbek-pchak-uzbekijos-nacionalinis-peilis-rankomis-kaltas-is-damasko-plieno-2\\\/\",\"name\":\"Peilis ''UZBEK-PCHAK'' - Uzbekijos nacionalinis peilis, rankomis kaltas i\u0161 Damasko plieno - AAKnives\",\"isPartOf\":{\"@id\":\"https:\\\/\\\/aaknives.eu\\\/lt\\\/#website\"},\"primaryImageOfPage\":{\"@id\":\"https:\\\/\\\/aaknives.eu\\\/lt\\\/product\\\/peilis-uzbek-pchak-uzbekijos-nacionalinis-peilis-rankomis-kaltas-is-damasko-plieno-2\\\/#primaryimage\"},\"image\":{\"@id\":\"https:\\\/\\\/aaknives.eu\\\/lt\\\/product\\\/peilis-uzbek-pchak-uzbekijos-nacionalinis-peilis-rankomis-kaltas-is-damasko-plieno-2\\\/#primaryimage\"},\"thumbnailUrl\":\"https:\\\/\\\/aaknives.eu\\\/wp-content\\\/uploads\\\/2022\\\/04\\\/aaknives-hand-forged-damascus-steel-blade-knife-handmade-custom-made-knife-handcrafted-knives-autinetools-northmen-9.jpg\",\"datePublished\":\"2022-04-27T10:03:36+00:00\",\"dateModified\":\"2026-04-29T15:47:28+00:00\",\"description\":\"Peilis ''UZBEK-PCHAK'' - Uzbekijos nacionalinis peilis, rankomis kaltas i\u0161 Damasko plieno\",\"breadcrumb\":{\"@id\":\"https:\\\/\\\/aaknives.eu\\\/lt\\\/product\\\/peilis-uzbek-pchak-uzbekijos-nacionalinis-peilis-rankomis-kaltas-is-damasko-plieno-2\\\/#breadcrumb\"},\"inLanguage\":\"lt-LT\",\"potentialAction\":[{\"@type\":\"ReadAction\",\"target\":[\"https:\\\/\\\/aaknives.eu\\\/lt\\\/product\\\/peilis-uzbek-pchak-uzbekijos-nacionalinis-peilis-rankomis-kaltas-is-damasko-plieno-2\\\/\"]}]},{\"@type\":\"ImageObject\",\"inLanguage\":\"lt-LT\",\"@id\":\"https:\\\/\\\/aaknives.eu\\\/lt\\\/product\\\/peilis-uzbek-pchak-uzbekijos-nacionalinis-peilis-rankomis-kaltas-is-damasko-plieno-2\\\/#primaryimage\",\"url\":\"https:\\\/\\\/aaknives.eu\\\/wp-content\\\/uploads\\\/2022\\\/04\\\/aaknives-hand-forged-damascus-steel-blade-knife-handmade-custom-made-knife-handcrafted-knives-autinetools-northmen-9.jpg\",\"contentUrl\":\"https:\\\/\\\/aaknives.eu\\\/wp-content\\\/uploads\\\/2022\\\/04\\\/aaknives-hand-forged-damascus-steel-blade-knife-handmade-custom-made-knife-handcrafted-knives-autinetools-northmen-9.jpg\",\"width\":1020,\"height\":880},{\"@type\":\"BreadcrumbList\",\"@id\":\"https:\\\/\\\/aaknives.eu\\\/lt\\\/product\\\/peilis-uzbek-pchak-uzbekijos-nacionalinis-peilis-rankomis-kaltas-is-damasko-plieno-2\\\/#breadcrumb\",\"itemListElement\":[{\"@type\":\"ListItem\",\"position\":1,\"name\":\"Home\",\"item\":\"https:\\\/\\\/aaknives.eu\\\/lt\\\/\"},{\"@type\":\"ListItem\",\"position\":2,\"name\":\"Parduotuv\u0117\",\"item\":\"https:\\\/\\\/aaknives.eu\\\/parduotuve\\\/\"},{\"@type\":\"ListItem\",\"position\":3,\"name\":\"Peilis &#8221;UZBEK-PCHAK&#8221; &#8211; Uzbekijos nacionalinis peilis, rankomis kaltas i\u0161 Damasko plieno\"}]},{\"@type\":\"WebSite\",\"@id\":\"https:\\\/\\\/aaknives.eu\\\/lt\\\/#website\",\"url\":\"https:\\\/\\\/aaknives.eu\\\/lt\\\/\",\"name\":\"AAKnives\",\"description\":\"Handmade knives\",\"publisher\":{\"@id\":\"https:\\\/\\\/aaknives.eu\\\/lt\\\/#organization\"},\"potentialAction\":[{\"@type\":\"SearchAction\",\"target\":{\"@type\":\"EntryPoint\",\"urlTemplate\":\"https:\\\/\\\/aaknives.eu\\\/lt\\\/?s={search_term_string}\"},\"query-input\":{\"@type\":\"PropertyValueSpecification\",\"valueRequired\":true,\"valueName\":\"search_term_string\"}}],\"inLanguage\":\"lt-LT\"},{\"@type\":\"Organization\",\"@id\":\"https:\\\/\\\/aaknives.eu\\\/lt\\\/#organization\",\"name\":\"AAKnives\",\"url\":\"https:\\\/\\\/aaknives.eu\\\/lt\\\/\",\"logo\":{\"@type\":\"ImageObject\",\"inLanguage\":\"lt-LT\",\"@id\":\"https:\\\/\\\/aaknives.eu\\\/lt\\\/#\\\/schema\\\/logo\\\/image\\\/\",\"url\":\"https:\\\/\\\/aaknives.eu\\\/wp-content\\\/uploads\\\/2021\\\/10\\\/AAknives_Logo_Green.png\",\"contentUrl\":\"https:\\\/\\\/aaknives.eu\\\/wp-content\\\/uploads\\\/2021\\\/10\\\/AAknives_Logo_Green.png\",\"width\":1768,\"height\":1768,\"caption\":\"AAKnives\"},\"image\":{\"@id\":\"https:\\\/\\\/aaknives.eu\\\/lt\\\/#\\\/schema\\\/logo\\\/image\\\/\"},\"sameAs\":[\"https:\\\/\\\/www.facebook.com\\\/aaknives.eu\\\/\",\"https:\\\/\\\/www.instagram.com\\\/aaknives\\\/\",\"https:\\\/\\\/www.pinterest.com\\\/aa_knives\\\/\",\"https:\\\/\\\/www.youtube.com\\\/channel\\\/UCHOQFjrOkgT6s4FIw9LDKyw\\\/featured\"]}]}<\/script>\n<!-- \/ Yoast SEO plugin. -->","yoast_head_json":{"title":"Peilis ''UZBEK-PCHAK'' - Uzbekijos nacionalinis peilis, rankomis kaltas i\u0161 Damasko plieno - AAKnives","description":"Peilis ''UZBEK-PCHAK'' - Uzbekijos nacionalinis peilis, rankomis kaltas i\u0161 Damasko plieno","robots":{"index":"index","follow":"follow","max-snippet":"max-snippet:-1","max-image-preview":"max-image-preview:large","max-video-preview":"max-video-preview:-1"},"canonical":"https:\/\/aaknives.eu\/lt\/product\/peilis-uzbek-pchak-uzbekijos-nacionalinis-peilis-rankomis-kaltas-is-damasko-plieno-2\/","og_locale":"lt_LT","og_type":"article","og_title":"Peilis ''UZBEK-PCHAK'' - Uzbekijos nacionalinis peilis, rankomis kaltas i\u0161 Damasko plieno - AAKnives","og_description":"Peilis ''UZBEK-PCHAK'' - Uzbekijos nacionalinis peilis, rankomis kaltas i\u0161 Damasko plieno","og_url":"https:\/\/aaknives.eu\/lt\/product\/peilis-uzbek-pchak-uzbekijos-nacionalinis-peilis-rankomis-kaltas-is-damasko-plieno-2\/","og_site_name":"AAKnives","article_publisher":"https:\/\/www.facebook.com\/aaknives.eu\/","article_modified_time":"2026-04-29T15:47:28+00:00","og_image":[{"width":1020,"height":880,"url":"https:\/\/aaknives.eu\/wp-content\/uploads\/2022\/04\/aaknives-hand-forged-damascus-steel-blade-knife-handmade-custom-made-knife-handcrafted-knives-autinetools-northmen-9.jpg","type":"image\/jpeg"}],"twitter_card":"summary_large_image","twitter_misc":{"Est. reading time":"1 minut\u0117"},"schema":{"@context":"https:\/\/schema.org","@graph":[{"@type":"WebPage","@id":"https:\/\/aaknives.eu\/lt\/product\/peilis-uzbek-pchak-uzbekijos-nacionalinis-peilis-rankomis-kaltas-is-damasko-plieno-2\/","url":"https:\/\/aaknives.eu\/lt\/product\/peilis-uzbek-pchak-uzbekijos-nacionalinis-peilis-rankomis-kaltas-is-damasko-plieno-2\/","name":"Peilis ''UZBEK-PCHAK'' - Uzbekijos nacionalinis peilis, rankomis kaltas i\u0161 Damasko plieno - AAKnives","isPartOf":{"@id":"https:\/\/aaknives.eu\/lt\/#website"},"primaryImageOfPage":{"@id":"https:\/\/aaknives.eu\/lt\/product\/peilis-uzbek-pchak-uzbekijos-nacionalinis-peilis-rankomis-kaltas-is-damasko-plieno-2\/#primaryimage"},"image":{"@id":"https:\/\/aaknives.eu\/lt\/product\/peilis-uzbek-pchak-uzbekijos-nacionalinis-peilis-rankomis-kaltas-is-damasko-plieno-2\/#primaryimage"},"thumbnailUrl":"https:\/\/aaknives.eu\/wp-content\/uploads\/2022\/04\/aaknives-hand-forged-damascus-steel-blade-knife-handmade-custom-made-knife-handcrafted-knives-autinetools-northmen-9.jpg","datePublished":"2022-04-27T10:03:36+00:00","dateModified":"2026-04-29T15:47:28+00:00","description":"Peilis ''UZBEK-PCHAK'' - Uzbekijos nacionalinis peilis, rankomis kaltas i\u0161 Damasko plieno","breadcrumb":{"@id":"https:\/\/aaknives.eu\/lt\/product\/peilis-uzbek-pchak-uzbekijos-nacionalinis-peilis-rankomis-kaltas-is-damasko-plieno-2\/#breadcrumb"},"inLanguage":"lt-LT","potentialAction":[{"@type":"ReadAction","target":["https:\/\/aaknives.eu\/lt\/product\/peilis-uzbek-pchak-uzbekijos-nacionalinis-peilis-rankomis-kaltas-is-damasko-plieno-2\/"]}]},{"@type":"ImageObject","inLanguage":"lt-LT","@id":"https:\/\/aaknives.eu\/lt\/product\/peilis-uzbek-pchak-uzbekijos-nacionalinis-peilis-rankomis-kaltas-is-damasko-plieno-2\/#primaryimage","url":"https:\/\/aaknives.eu\/wp-content\/uploads\/2022\/04\/aaknives-hand-forged-damascus-steel-blade-knife-handmade-custom-made-knife-handcrafted-knives-autinetools-northmen-9.jpg","contentUrl":"https:\/\/aaknives.eu\/wp-content\/uploads\/2022\/04\/aaknives-hand-forged-damascus-steel-blade-knife-handmade-custom-made-knife-handcrafted-knives-autinetools-northmen-9.jpg","width":1020,"height":880},{"@type":"BreadcrumbList","@id":"https:\/\/aaknives.eu\/lt\/product\/peilis-uzbek-pchak-uzbekijos-nacionalinis-peilis-rankomis-kaltas-is-damasko-plieno-2\/#breadcrumb","itemListElement":[{"@type":"ListItem","position":1,"name":"Home","item":"https:\/\/aaknives.eu\/lt\/"},{"@type":"ListItem","position":2,"name":"Parduotuv\u0117","item":"https:\/\/aaknives.eu\/parduotuve\/"},{"@type":"ListItem","position":3,"name":"Peilis &#8221;UZBEK-PCHAK&#8221; &#8211; Uzbekijos nacionalinis peilis, rankomis kaltas i\u0161 Damasko plieno"}]},{"@type":"WebSite","@id":"https:\/\/aaknives.eu\/lt\/#website","url":"https:\/\/aaknives.eu\/lt\/","name":"AAKnives","description":"Handmade knives","publisher":{"@id":"https:\/\/aaknives.eu\/lt\/#organization"},"potentialAction":[{"@type":"SearchAction","target":{"@type":"EntryPoint","urlTemplate":"https:\/\/aaknives.eu\/lt\/?s={search_term_string}"},"query-input":{"@type":"PropertyValueSpecification","valueRequired":true,"valueName":"search_term_string"}}],"inLanguage":"lt-LT"},{"@type":"Organization","@id":"https:\/\/aaknives.eu\/lt\/#organization","name":"AAKnives","url":"https:\/\/aaknives.eu\/lt\/","logo":{"@type":"ImageObject","inLanguage":"lt-LT","@id":"https:\/\/aaknives.eu\/lt\/#\/schema\/logo\/image\/","url":"https:\/\/aaknives.eu\/wp-content\/uploads\/2021\/10\/AAknives_Logo_Green.png","contentUrl":"https:\/\/aaknives.eu\/wp-content\/uploads\/2021\/10\/AAknives_Logo_Green.png","width":1768,"height":1768,"caption":"AAKnives"},"image":{"@id":"https:\/\/aaknives.eu\/lt\/#\/schema\/logo\/image\/"},"sameAs":["https:\/\/www.facebook.com\/aaknives.eu\/","https:\/\/www.instagram.com\/aaknives\/","https:\/\/www.pinterest.com\/aa_knives\/","https:\/\/www.youtube.com\/channel\/UCHOQFjrOkgT6s4FIw9LDKyw\/featured"]}]}},"_links":{"self":[{"href":"https:\/\/aaknives.eu\/lt\/wp-json\/wp\/v2\/product\/47959","targetHints":{"allow":["GET"]}}],"collection":[{"href":"https:\/\/aaknives.eu\/lt\/wp-json\/wp\/v2\/product"}],"about":[{"href":"https:\/\/aaknives.eu\/lt\/wp-json\/wp\/v2\/types\/product"}],"wp:featuredmedia":[{"embeddable":true,"href":"https:\/\/aaknives.eu\/lt\/wp-json\/wp\/v2\/media\/109240"}],"wp:attachment":[{"href":"https:\/\/aaknives.eu\/lt\/wp-json\/wp\/v2\/media?parent=47959"}],"wp:term":[{"taxonomy":"product_brand","embeddable":true,"href":"https:\/\/aaknives.eu\/lt\/wp-json\/wp\/v2\/product_brand?post=47959"},{"taxonomy":"product_cat","embeddable":true,"href":"https:\/\/aaknives.eu\/lt\/wp-json\/wp\/v2\/product_cat?post=47959"},{"taxonomy":"product_tag","embeddable":true,"href":"https:\/\/aaknives.eu\/lt\/wp-json\/wp\/v2\/product_tag?post=47959"}],"curies":[{"name":"wp","href":"https:\/\/api.w.org\/{rel}","templated":true}]}}