{"id":48203,"date":"2022-02-08T13:37:50","date_gmt":"2022-02-08T13:37:50","guid":{"rendered":"https:\/\/aaknives.eu\/product\/peilis-scandinavian-bohler-uddeholm-s390-peiliu-plienas-3\/"},"modified":"2024-05-22T16:56:12","modified_gmt":"2024-05-22T16:56:12","slug":"peilis-scandinavian-bohler-uddeholm-s390-peiliu-plienas-3","status":"publish","type":"product","link":"https:\/\/aaknives.eu\/lt\/product\/peilis-scandinavian-bohler-uddeholm-s390-peiliu-plienas-3\/","title":{"rendered":"Peilis &#8221;FALCON&#8221;, Bohler-Uddeholm S390 peili\u0173 plienas"},"content":{"rendered":"<p>Peilio specifikacijos: &#8221;FALCON&#8221;<br \/>\nPlienas: Bohler-Uddeholm S390 peili\u0173 plienas<br \/>\nKietumas: 65-68 HRC<br \/>\nGele\u017et\u0117s ilgis (mm): Galimyb\u0117 (mm): 118 \/ 4,64 colio<br \/>\nGele\u017et\u0117s storis (mm): (mm): 3 \/ 0,11 colio<br \/>\nA\u0161men\u0173 plotis (mm): (30 \/ 1,18 colio)<br \/>\nRankena: Stabilizuotas Karelijos ber\u017eas<br \/>\nBendras ilgis (mm): (mm): 245 \/ 9,64 colio<br \/>\nPeili\u0173 tipas: med\u017eiokliniai, lauko peiliai<br \/>\nPakuot\u0117: peilis, odinis d\u0117klas<\/p>\n<p>S390 (Bohler-Uddeholm) &#8211; Bohler-Uddeholm PM plienas. Greitas, raudonas kar\u0161to kietumo \u012frankinis plienas. Geras tvirtumas ir atsparumas dilimui. Ma\u017edaug atitinka AISI T15 greitapjov\u012f \u012frankin\u012f plien\u0105. Netrukus perkelsiu \u0161\u012f lydin\u012f \u012f atskir\u0105 grup\u0119, nes S390 Microclean n\u0117ra toks artimas nei AISI T15 plienui, nei AISI M3:1Co, kad j\u012f b\u016bt\u0173 galima priskirti tai pa\u010diai grupei.<\/p>\n<p>Tuo tarpu \u0160veicarija k\u0105 tik paskelb\u0117 vaizdo \u012fra\u0161\u0105 (09\/23\/19) su S390 &#8220;Microclean&#8221; bandym\u0173 rezultatais, kur plonas peilis su 0,02&#8243; u\u017e kra\u0161to storio briaunos sugeb\u0117jo perpjauti plienin\u0119 vin\u012f ir \u017ealvarin\u012f vamzd\u012f, be joki\u0173 kra\u0161to pa\u017eeidim\u0173. Bandomasis peilis buvo labai \u012fsp\u016bdingos 68 HRC temperat\u016bros. Apskritai, remiantis paskelbtais duomenimis ir bandymais, S390 Microclean plienas gali b\u016bti itin auk\u0161tos kokyb\u0117s ir, manau, kad, remiantis terminio apdorojimo protokolu, jis gali b\u016bti labai gerai naudojamas tiek su auk\u0161tos kokyb\u0117s pjovimo peiliais, tiek su didesniais, sunkesnio naudojimo peiliais. Be to, verta pamin\u0117ti, kad karbid\u0173 dydis yra 3-5 \u00b5m, o tai yra gana smulkus dydis, palyginti su daugeliu kit\u0173 legiruot\u0173j\u0173 plien\u0173.<\/p>\n","protected":false},"excerpt":{"rendered":"<p>Peilio specifikacijos: &#8221;FALCON&#8221; Plienas: Bohler-Uddeholm S390 peili\u0173 plienas Kietumas: 65-68 HRC Gele\u017et\u0117s ilgis (mm): Galimyb\u0117 (mm): 118 \/ 4,64 colio Gele\u017et\u0117s storis (mm): (mm): 3 \/ 0,11 colio A\u0161men\u0173 plotis (mm): (30 \/ 1,18 colio) Rankena: Stabilizuotas Karelijos ber\u017eas Bendras ilgis (mm): (mm): 245 \/ 9,64 colio Peili\u0173 tipas: med\u017eiokliniai, lauko peiliai Pakuot\u0117: peilis, odinis d\u0117klas S390 (Bohler-Uddeholm) &#8211; Bohler-Uddeholm PM plienas. Greitas, raudonas kar\u0161to kietumo \u012frankinis plienas. Geras tvirtumas ir atsparumas dilimui. Ma\u017edaug atitinka AISI T15 greitapjov\u012f \u012frankin\u012f plien\u0105. Netrukus perkelsiu \u0161\u012f lydin\u012f \u012f atskir\u0105 grup\u0119, nes S390 Microclean n\u0117ra toks artimas nei AISI T15 plienui, nei AISI M3:1Co,&hellip;<\/p>\n","protected":false},"featured_media":64207,"template":"","meta":{"_themeisle_gutenberg_block_has_review":false},"product_brand":[],"product_cat":[380,381,386,385],"product_tag":[],"class_list":{"0":"post-48203","1":"product","2":"type-product","3":"status-publish","4":"has-post-thumbnail","6":"product_cat-premium-ir-isskirtiniai-peiliai","7":"product_cat-lauko-peiliai","8":"product_cat-medziokliniai-peiliai","9":"product_cat-zvejybos-peiliai","11":"first","12":"instock","13":"shipping-taxable","14":"purchasable","15":"product-type-simple"},"yoast_head":"<!-- This site is optimized with the Yoast SEO plugin v27.3 - https:\/\/yoast.com\/product\/yoast-seo-wordpress\/ -->\n<title>Peilis &#039;&#039;FALCON&#039;&#039;, Bohler-Uddeholm S390 peili\u0173 plienas - AAKnives<\/title>\n<meta name=\"description\" content=\"Peilis &#039;&#039;FALCON&#039;&#039;, Bohler-Uddeholm S390 peili\u0173 plienas, \u0161vedi\u0161kas peili\u0173 plienas, rank\u0173 darbo peilis, klasikinis peilis,\" \/>\n<meta name=\"robots\" content=\"index, follow, max-snippet:-1, max-image-preview:large, max-video-preview:-1\" \/>\n<link rel=\"canonical\" href=\"https:\/\/aaknives.eu\/lt\/product\/peilis-scandinavian-bohler-uddeholm-s390-peiliu-plienas-3\/\" \/>\n<meta property=\"og:locale\" content=\"lt_LT\" \/>\n<meta property=\"og:type\" content=\"article\" \/>\n<meta property=\"og:title\" content=\"Peilis &#039;&#039;FALCON&#039;&#039;, Bohler-Uddeholm S390 peili\u0173 plienas - AAKnives\" \/>\n<meta property=\"og:description\" content=\"Peilis &#039;&#039;FALCON&#039;&#039;, Bohler-Uddeholm S390 peili\u0173 plienas, \u0161vedi\u0161kas peili\u0173 plienas, rank\u0173 darbo peilis, klasikinis peilis,\" \/>\n<meta property=\"og:url\" content=\"https:\/\/aaknives.eu\/lt\/product\/peilis-scandinavian-bohler-uddeholm-s390-peiliu-plienas-3\/\" \/>\n<meta property=\"og:site_name\" content=\"AAKnives\" \/>\n<meta property=\"article:publisher\" content=\"https:\/\/www.facebook.com\/aaknives.eu\/\" \/>\n<meta property=\"article:modified_time\" content=\"2024-05-22T16:56:12+00:00\" \/>\n<meta property=\"og:image\" content=\"https:\/\/aaknives.eu\/wp-content\/uploads\/2022\/02\/aaknives-hand-forged-dabascus-steel-blade-knife-handmade-custom-made-knife-handcrafted-knives-autinetools-northmen-11.2.jpg\" \/>\n\t<meta property=\"og:image:width\" content=\"1020\" \/>\n\t<meta property=\"og:image:height\" content=\"880\" \/>\n\t<meta property=\"og:image:type\" content=\"image\/jpeg\" \/>\n<meta name=\"twitter:card\" content=\"summary_large_image\" \/>\n<meta name=\"twitter:label1\" content=\"Est. reading time\" \/>\n\t<meta name=\"twitter:data1\" content=\"1 minut\u0117\" \/>\n<script type=\"application\/ld+json\" class=\"yoast-schema-graph\">{\"@context\":\"https:\\\/\\\/schema.org\",\"@graph\":[{\"@type\":\"WebPage\",\"@id\":\"https:\\\/\\\/aaknives.eu\\\/lt\\\/product\\\/peilis-scandinavian-bohler-uddeholm-s390-peiliu-plienas-3\\\/\",\"url\":\"https:\\\/\\\/aaknives.eu\\\/lt\\\/product\\\/peilis-scandinavian-bohler-uddeholm-s390-peiliu-plienas-3\\\/\",\"name\":\"Peilis ''FALCON'', Bohler-Uddeholm S390 peili\u0173 plienas - AAKnives\",\"isPartOf\":{\"@id\":\"https:\\\/\\\/aaknives.eu\\\/lt\\\/#website\"},\"primaryImageOfPage\":{\"@id\":\"https:\\\/\\\/aaknives.eu\\\/lt\\\/product\\\/peilis-scandinavian-bohler-uddeholm-s390-peiliu-plienas-3\\\/#primaryimage\"},\"image\":{\"@id\":\"https:\\\/\\\/aaknives.eu\\\/lt\\\/product\\\/peilis-scandinavian-bohler-uddeholm-s390-peiliu-plienas-3\\\/#primaryimage\"},\"thumbnailUrl\":\"https:\\\/\\\/aaknives.eu\\\/wp-content\\\/uploads\\\/2022\\\/02\\\/aaknives-hand-forged-dabascus-steel-blade-knife-handmade-custom-made-knife-handcrafted-knives-autinetools-northmen-11.2.jpg\",\"datePublished\":\"2022-02-08T13:37:50+00:00\",\"dateModified\":\"2024-05-22T16:56:12+00:00\",\"description\":\"Peilis ''FALCON'', Bohler-Uddeholm S390 peili\u0173 plienas, \u0161vedi\u0161kas peili\u0173 plienas, rank\u0173 darbo peilis, klasikinis peilis,\",\"breadcrumb\":{\"@id\":\"https:\\\/\\\/aaknives.eu\\\/lt\\\/product\\\/peilis-scandinavian-bohler-uddeholm-s390-peiliu-plienas-3\\\/#breadcrumb\"},\"inLanguage\":\"lt-LT\",\"potentialAction\":[{\"@type\":\"ReadAction\",\"target\":[\"https:\\\/\\\/aaknives.eu\\\/lt\\\/product\\\/peilis-scandinavian-bohler-uddeholm-s390-peiliu-plienas-3\\\/\"]}]},{\"@type\":\"ImageObject\",\"inLanguage\":\"lt-LT\",\"@id\":\"https:\\\/\\\/aaknives.eu\\\/lt\\\/product\\\/peilis-scandinavian-bohler-uddeholm-s390-peiliu-plienas-3\\\/#primaryimage\",\"url\":\"https:\\\/\\\/aaknives.eu\\\/wp-content\\\/uploads\\\/2022\\\/02\\\/aaknives-hand-forged-dabascus-steel-blade-knife-handmade-custom-made-knife-handcrafted-knives-autinetools-northmen-11.2.jpg\",\"contentUrl\":\"https:\\\/\\\/aaknives.eu\\\/wp-content\\\/uploads\\\/2022\\\/02\\\/aaknives-hand-forged-dabascus-steel-blade-knife-handmade-custom-made-knife-handcrafted-knives-autinetools-northmen-11.2.jpg\",\"width\":1020,\"height\":880},{\"@type\":\"BreadcrumbList\",\"@id\":\"https:\\\/\\\/aaknives.eu\\\/lt\\\/product\\\/peilis-scandinavian-bohler-uddeholm-s390-peiliu-plienas-3\\\/#breadcrumb\",\"itemListElement\":[{\"@type\":\"ListItem\",\"position\":1,\"name\":\"Home\",\"item\":\"https:\\\/\\\/aaknives.eu\\\/lt\\\/\"},{\"@type\":\"ListItem\",\"position\":2,\"name\":\"Parduotuv\u0117\",\"item\":\"https:\\\/\\\/aaknives.eu\\\/parduotuve\\\/\"},{\"@type\":\"ListItem\",\"position\":3,\"name\":\"Peilis &#8221;FALCON&#8221;, Bohler-Uddeholm S390 peili\u0173 plienas\"}]},{\"@type\":\"WebSite\",\"@id\":\"https:\\\/\\\/aaknives.eu\\\/lt\\\/#website\",\"url\":\"https:\\\/\\\/aaknives.eu\\\/lt\\\/\",\"name\":\"AAKnives\",\"description\":\"Handmade knives\",\"publisher\":{\"@id\":\"https:\\\/\\\/aaknives.eu\\\/lt\\\/#organization\"},\"potentialAction\":[{\"@type\":\"SearchAction\",\"target\":{\"@type\":\"EntryPoint\",\"urlTemplate\":\"https:\\\/\\\/aaknives.eu\\\/lt\\\/?s={search_term_string}\"},\"query-input\":{\"@type\":\"PropertyValueSpecification\",\"valueRequired\":true,\"valueName\":\"search_term_string\"}}],\"inLanguage\":\"lt-LT\"},{\"@type\":\"Organization\",\"@id\":\"https:\\\/\\\/aaknives.eu\\\/lt\\\/#organization\",\"name\":\"AAKnives\",\"url\":\"https:\\\/\\\/aaknives.eu\\\/lt\\\/\",\"logo\":{\"@type\":\"ImageObject\",\"inLanguage\":\"lt-LT\",\"@id\":\"https:\\\/\\\/aaknives.eu\\\/lt\\\/#\\\/schema\\\/logo\\\/image\\\/\",\"url\":\"https:\\\/\\\/aaknives.eu\\\/wp-content\\\/uploads\\\/2021\\\/10\\\/AAknives_Logo_Green.png\",\"contentUrl\":\"https:\\\/\\\/aaknives.eu\\\/wp-content\\\/uploads\\\/2021\\\/10\\\/AAknives_Logo_Green.png\",\"width\":1768,\"height\":1768,\"caption\":\"AAKnives\"},\"image\":{\"@id\":\"https:\\\/\\\/aaknives.eu\\\/lt\\\/#\\\/schema\\\/logo\\\/image\\\/\"},\"sameAs\":[\"https:\\\/\\\/www.facebook.com\\\/aaknives.eu\\\/\",\"https:\\\/\\\/www.instagram.com\\\/aaknives\\\/\",\"https:\\\/\\\/www.pinterest.com\\\/aa_knives\\\/\",\"https:\\\/\\\/www.youtube.com\\\/channel\\\/UCHOQFjrOkgT6s4FIw9LDKyw\\\/featured\"]}]}<\/script>\n<!-- \/ Yoast SEO plugin. -->","yoast_head_json":{"title":"Peilis ''FALCON'', Bohler-Uddeholm S390 peili\u0173 plienas - AAKnives","description":"Peilis ''FALCON'', Bohler-Uddeholm S390 peili\u0173 plienas, \u0161vedi\u0161kas peili\u0173 plienas, rank\u0173 darbo peilis, klasikinis peilis,","robots":{"index":"index","follow":"follow","max-snippet":"max-snippet:-1","max-image-preview":"max-image-preview:large","max-video-preview":"max-video-preview:-1"},"canonical":"https:\/\/aaknives.eu\/lt\/product\/peilis-scandinavian-bohler-uddeholm-s390-peiliu-plienas-3\/","og_locale":"lt_LT","og_type":"article","og_title":"Peilis ''FALCON'', Bohler-Uddeholm S390 peili\u0173 plienas - AAKnives","og_description":"Peilis ''FALCON'', Bohler-Uddeholm S390 peili\u0173 plienas, \u0161vedi\u0161kas peili\u0173 plienas, rank\u0173 darbo peilis, klasikinis peilis,","og_url":"https:\/\/aaknives.eu\/lt\/product\/peilis-scandinavian-bohler-uddeholm-s390-peiliu-plienas-3\/","og_site_name":"AAKnives","article_publisher":"https:\/\/www.facebook.com\/aaknives.eu\/","article_modified_time":"2024-05-22T16:56:12+00:00","og_image":[{"width":1020,"height":880,"url":"https:\/\/aaknives.eu\/wp-content\/uploads\/2022\/02\/aaknives-hand-forged-dabascus-steel-blade-knife-handmade-custom-made-knife-handcrafted-knives-autinetools-northmen-11.2.jpg","type":"image\/jpeg"}],"twitter_card":"summary_large_image","twitter_misc":{"Est. reading time":"1 minut\u0117"},"schema":{"@context":"https:\/\/schema.org","@graph":[{"@type":"WebPage","@id":"https:\/\/aaknives.eu\/lt\/product\/peilis-scandinavian-bohler-uddeholm-s390-peiliu-plienas-3\/","url":"https:\/\/aaknives.eu\/lt\/product\/peilis-scandinavian-bohler-uddeholm-s390-peiliu-plienas-3\/","name":"Peilis ''FALCON'', Bohler-Uddeholm S390 peili\u0173 plienas - AAKnives","isPartOf":{"@id":"https:\/\/aaknives.eu\/lt\/#website"},"primaryImageOfPage":{"@id":"https:\/\/aaknives.eu\/lt\/product\/peilis-scandinavian-bohler-uddeholm-s390-peiliu-plienas-3\/#primaryimage"},"image":{"@id":"https:\/\/aaknives.eu\/lt\/product\/peilis-scandinavian-bohler-uddeholm-s390-peiliu-plienas-3\/#primaryimage"},"thumbnailUrl":"https:\/\/aaknives.eu\/wp-content\/uploads\/2022\/02\/aaknives-hand-forged-dabascus-steel-blade-knife-handmade-custom-made-knife-handcrafted-knives-autinetools-northmen-11.2.jpg","datePublished":"2022-02-08T13:37:50+00:00","dateModified":"2024-05-22T16:56:12+00:00","description":"Peilis ''FALCON'', Bohler-Uddeholm S390 peili\u0173 plienas, \u0161vedi\u0161kas peili\u0173 plienas, rank\u0173 darbo peilis, klasikinis peilis,","breadcrumb":{"@id":"https:\/\/aaknives.eu\/lt\/product\/peilis-scandinavian-bohler-uddeholm-s390-peiliu-plienas-3\/#breadcrumb"},"inLanguage":"lt-LT","potentialAction":[{"@type":"ReadAction","target":["https:\/\/aaknives.eu\/lt\/product\/peilis-scandinavian-bohler-uddeholm-s390-peiliu-plienas-3\/"]}]},{"@type":"ImageObject","inLanguage":"lt-LT","@id":"https:\/\/aaknives.eu\/lt\/product\/peilis-scandinavian-bohler-uddeholm-s390-peiliu-plienas-3\/#primaryimage","url":"https:\/\/aaknives.eu\/wp-content\/uploads\/2022\/02\/aaknives-hand-forged-dabascus-steel-blade-knife-handmade-custom-made-knife-handcrafted-knives-autinetools-northmen-11.2.jpg","contentUrl":"https:\/\/aaknives.eu\/wp-content\/uploads\/2022\/02\/aaknives-hand-forged-dabascus-steel-blade-knife-handmade-custom-made-knife-handcrafted-knives-autinetools-northmen-11.2.jpg","width":1020,"height":880},{"@type":"BreadcrumbList","@id":"https:\/\/aaknives.eu\/lt\/product\/peilis-scandinavian-bohler-uddeholm-s390-peiliu-plienas-3\/#breadcrumb","itemListElement":[{"@type":"ListItem","position":1,"name":"Home","item":"https:\/\/aaknives.eu\/lt\/"},{"@type":"ListItem","position":2,"name":"Parduotuv\u0117","item":"https:\/\/aaknives.eu\/parduotuve\/"},{"@type":"ListItem","position":3,"name":"Peilis &#8221;FALCON&#8221;, Bohler-Uddeholm S390 peili\u0173 plienas"}]},{"@type":"WebSite","@id":"https:\/\/aaknives.eu\/lt\/#website","url":"https:\/\/aaknives.eu\/lt\/","name":"AAKnives","description":"Handmade knives","publisher":{"@id":"https:\/\/aaknives.eu\/lt\/#organization"},"potentialAction":[{"@type":"SearchAction","target":{"@type":"EntryPoint","urlTemplate":"https:\/\/aaknives.eu\/lt\/?s={search_term_string}"},"query-input":{"@type":"PropertyValueSpecification","valueRequired":true,"valueName":"search_term_string"}}],"inLanguage":"lt-LT"},{"@type":"Organization","@id":"https:\/\/aaknives.eu\/lt\/#organization","name":"AAKnives","url":"https:\/\/aaknives.eu\/lt\/","logo":{"@type":"ImageObject","inLanguage":"lt-LT","@id":"https:\/\/aaknives.eu\/lt\/#\/schema\/logo\/image\/","url":"https:\/\/aaknives.eu\/wp-content\/uploads\/2021\/10\/AAknives_Logo_Green.png","contentUrl":"https:\/\/aaknives.eu\/wp-content\/uploads\/2021\/10\/AAknives_Logo_Green.png","width":1768,"height":1768,"caption":"AAKnives"},"image":{"@id":"https:\/\/aaknives.eu\/lt\/#\/schema\/logo\/image\/"},"sameAs":["https:\/\/www.facebook.com\/aaknives.eu\/","https:\/\/www.instagram.com\/aaknives\/","https:\/\/www.pinterest.com\/aa_knives\/","https:\/\/www.youtube.com\/channel\/UCHOQFjrOkgT6s4FIw9LDKyw\/featured"]}]}},"_links":{"self":[{"href":"https:\/\/aaknives.eu\/lt\/wp-json\/wp\/v2\/product\/48203","targetHints":{"allow":["GET"]}}],"collection":[{"href":"https:\/\/aaknives.eu\/lt\/wp-json\/wp\/v2\/product"}],"about":[{"href":"https:\/\/aaknives.eu\/lt\/wp-json\/wp\/v2\/types\/product"}],"wp:featuredmedia":[{"embeddable":true,"href":"https:\/\/aaknives.eu\/lt\/wp-json\/wp\/v2\/media\/64207"}],"wp:attachment":[{"href":"https:\/\/aaknives.eu\/lt\/wp-json\/wp\/v2\/media?parent=48203"}],"wp:term":[{"taxonomy":"product_brand","embeddable":true,"href":"https:\/\/aaknives.eu\/lt\/wp-json\/wp\/v2\/product_brand?post=48203"},{"taxonomy":"product_cat","embeddable":true,"href":"https:\/\/aaknives.eu\/lt\/wp-json\/wp\/v2\/product_cat?post=48203"},{"taxonomy":"product_tag","embeddable":true,"href":"https:\/\/aaknives.eu\/lt\/wp-json\/wp\/v2\/product_tag?post=48203"}],"curies":[{"name":"wp","href":"https:\/\/api.w.org\/{rel}","templated":true}]}}