{"id":48289,"date":"2022-02-08T10:03:45","date_gmt":"2022-02-08T10:03:45","guid":{"rendered":"https:\/\/aaknives.eu\/product\/peilis-poseidon-bohler-uddeholm-s390-peiliu-plienas-2\/"},"modified":"2026-03-02T19:18:50","modified_gmt":"2026-03-02T19:18:50","slug":"peilis-sakalonas-bohler-uddeholm-s390-plienas","status":"publish","type":"product","link":"https:\/\/aaknives.eu\/lt\/product\/peilis-sakalonas-bohler-uddeholm-s390-plienas\/","title":{"rendered":"Peilis \u201eSAKALONAS\u201c, Bohler-Uddeholm S390 plienas"},"content":{"rendered":"<p>Peilio specifikacijos: \u201eSAKALONAS\u201c<br \/>\nPlienas: Bohler-Uddeholm S390 peilio plienas<br \/>\nKietumas: 65-68 HRC<br \/>\nGele\u017et\u0117s ilgis (mm): 118 \/ 4,64 colio<br \/>\nGele\u017et\u0117s storis (mm): 3 \/ 0,11 colio<br \/>\nGele\u017et\u0117s plotis (mm): 30 \/ 1,18 colio<br \/>\nRankena: stabilizuota Karelijos ber\u017eo mediena<br \/>\nBendras ilgis (mm): 245 \/ 9,64 colio<br \/>\nPeilio tipas: med\u017eioklei, lauko<br \/>\nPakuot\u0117: peilis, odin\u0117 mak\u0161tis<\/p>\n<p>S390 (Bohler-Uddeholm) &#8211; Bohler-Uddeholm PM plienas. Greitas, raudonas kar\u0161to kietumo \u012frankinis plienas. Geras tvirtumas ir atsparumas dilimui. Ma\u017edaug atitinka AISI T15 greitapjov\u012f \u012frankin\u012f plien\u0105. Netrukus perkelsiu \u0161\u012f lydin\u012f \u012f atskir\u0105 grup\u0119, nes S390 Microclean n\u0117ra toks artimas nei AISI T15 plienui, nei AISI M3:1Co, kad j\u012f b\u016bt\u0173 galima priskirti tai pa\u010diai grupei.<\/p>\n<p>Tuo tarpu \u0160veicarija k\u0105 tik paskelb\u0117 vaizdo \u012fra\u0161\u0105 (09\/23\/19) su S390 &#8220;Microclean&#8221; bandym\u0173 rezultatais, kur plonas peilis su 0,02&#8243; u\u017e kra\u0161to storio briaunos sugeb\u0117jo perpjauti plienin\u0119 vin\u012f ir \u017ealvarin\u012f vamzd\u012f, be joki\u0173 kra\u0161to pa\u017eeidim\u0173. Bandomasis peilis buvo labai \u012fsp\u016bdingos 68 HRC temperat\u016bros. Apskritai, remiantis paskelbtais duomenimis ir bandymais, S390 Microclean plienas gali b\u016bti itin auk\u0161tos kokyb\u0117s ir, manau, kad, remiantis terminio apdorojimo protokolu, jis gali b\u016bti labai gerai naudojamas tiek su auk\u0161tos kokyb\u0117s pjovimo peiliais, tiek su didesniais, sunkesnio naudojimo peiliais. Be to, verta pamin\u0117ti, kad karbid\u0173 dydis yra 3-5 \u00b5m, o tai yra gana smulkus dydis, palyginti su daugeliu kit\u0173 legiruot\u0173j\u0173 plien\u0173.<\/p>\n","protected":false},"excerpt":{"rendered":"<p>Peilio specifikacijos: \u201eSAKALONAS\u201c Plienas: Bohler-Uddeholm S390 peilio plienas Kietumas: 65-68 HRC Gele\u017et\u0117s ilgis (mm): 118 \/ 4,64 colio Gele\u017et\u0117s storis (mm): 3 \/ 0,11 colio Gele\u017et\u0117s plotis (mm): 30 \/ 1,18 colio Rankena: stabilizuota Karelijos ber\u017eo mediena Bendras ilgis (mm): 245 \/ 9,64 colio Peilio tipas: med\u017eioklei, lauko Pakuot\u0117: peilis, odin\u0117 mak\u0161tis S390 (Bohler-Uddeholm) &#8211; Bohler-Uddeholm PM plienas. Greitas, raudonas kar\u0161to kietumo \u012frankinis plienas. Geras tvirtumas ir atsparumas dilimui. Ma\u017edaug atitinka AISI T15 greitapjov\u012f \u012frankin\u012f plien\u0105. Netrukus perkelsiu \u0161\u012f lydin\u012f \u012f atskir\u0105 grup\u0119, nes S390 Microclean n\u0117ra toks artimas nei AISI T15 plienui, nei AISI M3:1Co, kad j\u012f b\u016bt\u0173 galima&hellip;<\/p>\n","protected":false},"featured_media":108266,"template":"","meta":{"_themeisle_gutenberg_block_has_review":false},"product_brand":[],"product_cat":[380,381,386,385],"product_tag":[],"class_list":{"0":"post-48289","1":"product","2":"type-product","3":"status-publish","4":"has-post-thumbnail","6":"product_cat-premium-ir-isskirtiniai-peiliai","7":"product_cat-lauko-peiliai","8":"product_cat-medziokliniai-peiliai","9":"product_cat-zvejybos-peiliai","11":"first","12":"instock","13":"shipping-taxable","14":"purchasable","15":"product-type-simple"},"yoast_head":"<!-- This site is optimized with the Yoast SEO plugin v27.3 - https:\/\/yoast.com\/product\/yoast-seo-wordpress\/ -->\n<title>Peilis \u201eSAKALONAS\u201c, Bohler-Uddeholm S390 plienas - AAKnives<\/title>\n<meta name=\"description\" content=\"S390 (Bohler-Uddeholm) - Bohler-Uddeholm PM plienas. Greitapj\u016bvis, \u012fkaitusio kietumo \u012frankinis plienas. Geras tvirtumas ir atsparumas dilimui. Apytiksliai atitinka AISI T15 greitapj\u016bv\u012f \u012frankin\u012f plien\u0105.\" \/>\n<meta name=\"robots\" content=\"index, follow, max-snippet:-1, max-image-preview:large, max-video-preview:-1\" \/>\n<link rel=\"canonical\" href=\"https:\/\/aaknives.eu\/lt\/product\/peilis-sakalonas-bohler-uddeholm-s390-plienas\/\" \/>\n<meta property=\"og:locale\" content=\"lt_LT\" \/>\n<meta property=\"og:type\" content=\"article\" \/>\n<meta property=\"og:title\" content=\"Peilis \u201eSAKALONAS\u201c, Bohler-Uddeholm S390 plienas - AAKnives\" \/>\n<meta property=\"og:description\" content=\"S390 (Bohler-Uddeholm) - Bohler-Uddeholm PM plienas. Greitapj\u016bvis, \u012fkaitusio kietumo \u012frankinis plienas. Geras tvirtumas ir atsparumas dilimui. Apytiksliai atitinka AISI T15 greitapj\u016bv\u012f \u012frankin\u012f plien\u0105.\" \/>\n<meta property=\"og:url\" content=\"https:\/\/aaknives.eu\/lt\/product\/peilis-sakalonas-bohler-uddeholm-s390-plienas\/\" \/>\n<meta property=\"og:site_name\" content=\"AAKnives\" \/>\n<meta property=\"article:publisher\" content=\"https:\/\/www.facebook.com\/aaknives.eu\/\" \/>\n<meta property=\"article:modified_time\" content=\"2026-03-02T19:18:50+00:00\" \/>\n<meta property=\"og:image\" content=\"https:\/\/aaknives.eu\/wp-content\/uploads\/2022\/02\/aaknives-hand-forged-damascus-steel-blade-knife-handmade-custom-made-knife-handcrafted-knives-autinetools-northmen-15.jpg\" \/>\n\t<meta property=\"og:image:width\" content=\"1020\" \/>\n\t<meta property=\"og:image:height\" content=\"880\" \/>\n\t<meta property=\"og:image:type\" content=\"image\/jpeg\" \/>\n<meta name=\"twitter:card\" content=\"summary_large_image\" \/>\n<meta name=\"twitter:label1\" content=\"Est. reading time\" \/>\n\t<meta name=\"twitter:data1\" content=\"1 minut\u0117\" \/>\n<script type=\"application\/ld+json\" class=\"yoast-schema-graph\">{\"@context\":\"https:\\\/\\\/schema.org\",\"@graph\":[{\"@type\":\"WebPage\",\"@id\":\"https:\\\/\\\/aaknives.eu\\\/lt\\\/product\\\/peilis-sakalonas-bohler-uddeholm-s390-plienas\\\/\",\"url\":\"https:\\\/\\\/aaknives.eu\\\/lt\\\/product\\\/peilis-sakalonas-bohler-uddeholm-s390-plienas\\\/\",\"name\":\"Peilis \u201eSAKALONAS\u201c, Bohler-Uddeholm S390 plienas - AAKnives\",\"isPartOf\":{\"@id\":\"https:\\\/\\\/aaknives.eu\\\/lt\\\/#website\"},\"primaryImageOfPage\":{\"@id\":\"https:\\\/\\\/aaknives.eu\\\/lt\\\/product\\\/peilis-sakalonas-bohler-uddeholm-s390-plienas\\\/#primaryimage\"},\"image\":{\"@id\":\"https:\\\/\\\/aaknives.eu\\\/lt\\\/product\\\/peilis-sakalonas-bohler-uddeholm-s390-plienas\\\/#primaryimage\"},\"thumbnailUrl\":\"https:\\\/\\\/aaknives.eu\\\/wp-content\\\/uploads\\\/2022\\\/02\\\/aaknives-hand-forged-damascus-steel-blade-knife-handmade-custom-made-knife-handcrafted-knives-autinetools-northmen-15.jpg\",\"datePublished\":\"2022-02-08T10:03:45+00:00\",\"dateModified\":\"2026-03-02T19:18:50+00:00\",\"description\":\"S390 (Bohler-Uddeholm) - Bohler-Uddeholm PM plienas. Greitapj\u016bvis, \u012fkaitusio kietumo \u012frankinis plienas. Geras tvirtumas ir atsparumas dilimui. Apytiksliai atitinka AISI T15 greitapj\u016bv\u012f \u012frankin\u012f plien\u0105.\",\"breadcrumb\":{\"@id\":\"https:\\\/\\\/aaknives.eu\\\/lt\\\/product\\\/peilis-sakalonas-bohler-uddeholm-s390-plienas\\\/#breadcrumb\"},\"inLanguage\":\"lt-LT\",\"potentialAction\":[{\"@type\":\"ReadAction\",\"target\":[\"https:\\\/\\\/aaknives.eu\\\/lt\\\/product\\\/peilis-sakalonas-bohler-uddeholm-s390-plienas\\\/\"]}]},{\"@type\":\"ImageObject\",\"inLanguage\":\"lt-LT\",\"@id\":\"https:\\\/\\\/aaknives.eu\\\/lt\\\/product\\\/peilis-sakalonas-bohler-uddeholm-s390-plienas\\\/#primaryimage\",\"url\":\"https:\\\/\\\/aaknives.eu\\\/wp-content\\\/uploads\\\/2022\\\/02\\\/aaknives-hand-forged-damascus-steel-blade-knife-handmade-custom-made-knife-handcrafted-knives-autinetools-northmen-15.jpg\",\"contentUrl\":\"https:\\\/\\\/aaknives.eu\\\/wp-content\\\/uploads\\\/2022\\\/02\\\/aaknives-hand-forged-damascus-steel-blade-knife-handmade-custom-made-knife-handcrafted-knives-autinetools-northmen-15.jpg\",\"width\":1020,\"height\":880},{\"@type\":\"BreadcrumbList\",\"@id\":\"https:\\\/\\\/aaknives.eu\\\/lt\\\/product\\\/peilis-sakalonas-bohler-uddeholm-s390-plienas\\\/#breadcrumb\",\"itemListElement\":[{\"@type\":\"ListItem\",\"position\":1,\"name\":\"Home\",\"item\":\"https:\\\/\\\/aaknives.eu\\\/lt\\\/\"},{\"@type\":\"ListItem\",\"position\":2,\"name\":\"Parduotuv\u0117\",\"item\":\"https:\\\/\\\/aaknives.eu\\\/parduotuve\\\/\"},{\"@type\":\"ListItem\",\"position\":3,\"name\":\"Peilis \u201eSAKALONAS\u201c, Bohler-Uddeholm S390 plienas\"}]},{\"@type\":\"WebSite\",\"@id\":\"https:\\\/\\\/aaknives.eu\\\/lt\\\/#website\",\"url\":\"https:\\\/\\\/aaknives.eu\\\/lt\\\/\",\"name\":\"AAKnives\",\"description\":\"Handmade knives\",\"publisher\":{\"@id\":\"https:\\\/\\\/aaknives.eu\\\/lt\\\/#organization\"},\"potentialAction\":[{\"@type\":\"SearchAction\",\"target\":{\"@type\":\"EntryPoint\",\"urlTemplate\":\"https:\\\/\\\/aaknives.eu\\\/lt\\\/?s={search_term_string}\"},\"query-input\":{\"@type\":\"PropertyValueSpecification\",\"valueRequired\":true,\"valueName\":\"search_term_string\"}}],\"inLanguage\":\"lt-LT\"},{\"@type\":\"Organization\",\"@id\":\"https:\\\/\\\/aaknives.eu\\\/lt\\\/#organization\",\"name\":\"AAKnives\",\"url\":\"https:\\\/\\\/aaknives.eu\\\/lt\\\/\",\"logo\":{\"@type\":\"ImageObject\",\"inLanguage\":\"lt-LT\",\"@id\":\"https:\\\/\\\/aaknives.eu\\\/lt\\\/#\\\/schema\\\/logo\\\/image\\\/\",\"url\":\"https:\\\/\\\/aaknives.eu\\\/wp-content\\\/uploads\\\/2021\\\/10\\\/AAknives_Logo_Green.png\",\"contentUrl\":\"https:\\\/\\\/aaknives.eu\\\/wp-content\\\/uploads\\\/2021\\\/10\\\/AAknives_Logo_Green.png\",\"width\":1768,\"height\":1768,\"caption\":\"AAKnives\"},\"image\":{\"@id\":\"https:\\\/\\\/aaknives.eu\\\/lt\\\/#\\\/schema\\\/logo\\\/image\\\/\"},\"sameAs\":[\"https:\\\/\\\/www.facebook.com\\\/aaknives.eu\\\/\",\"https:\\\/\\\/www.instagram.com\\\/aaknives\\\/\",\"https:\\\/\\\/www.pinterest.com\\\/aa_knives\\\/\",\"https:\\\/\\\/www.youtube.com\\\/channel\\\/UCHOQFjrOkgT6s4FIw9LDKyw\\\/featured\"]}]}<\/script>\n<!-- \/ Yoast SEO plugin. -->","yoast_head_json":{"title":"Peilis \u201eSAKALONAS\u201c, Bohler-Uddeholm S390 plienas - AAKnives","description":"S390 (Bohler-Uddeholm) - Bohler-Uddeholm PM plienas. Greitapj\u016bvis, \u012fkaitusio kietumo \u012frankinis plienas. Geras tvirtumas ir atsparumas dilimui. Apytiksliai atitinka AISI T15 greitapj\u016bv\u012f \u012frankin\u012f plien\u0105.","robots":{"index":"index","follow":"follow","max-snippet":"max-snippet:-1","max-image-preview":"max-image-preview:large","max-video-preview":"max-video-preview:-1"},"canonical":"https:\/\/aaknives.eu\/lt\/product\/peilis-sakalonas-bohler-uddeholm-s390-plienas\/","og_locale":"lt_LT","og_type":"article","og_title":"Peilis \u201eSAKALONAS\u201c, Bohler-Uddeholm S390 plienas - AAKnives","og_description":"S390 (Bohler-Uddeholm) - Bohler-Uddeholm PM plienas. Greitapj\u016bvis, \u012fkaitusio kietumo \u012frankinis plienas. Geras tvirtumas ir atsparumas dilimui. Apytiksliai atitinka AISI T15 greitapj\u016bv\u012f \u012frankin\u012f plien\u0105.","og_url":"https:\/\/aaknives.eu\/lt\/product\/peilis-sakalonas-bohler-uddeholm-s390-plienas\/","og_site_name":"AAKnives","article_publisher":"https:\/\/www.facebook.com\/aaknives.eu\/","article_modified_time":"2026-03-02T19:18:50+00:00","og_image":[{"width":1020,"height":880,"url":"https:\/\/aaknives.eu\/wp-content\/uploads\/2022\/02\/aaknives-hand-forged-damascus-steel-blade-knife-handmade-custom-made-knife-handcrafted-knives-autinetools-northmen-15.jpg","type":"image\/jpeg"}],"twitter_card":"summary_large_image","twitter_misc":{"Est. reading time":"1 minut\u0117"},"schema":{"@context":"https:\/\/schema.org","@graph":[{"@type":"WebPage","@id":"https:\/\/aaknives.eu\/lt\/product\/peilis-sakalonas-bohler-uddeholm-s390-plienas\/","url":"https:\/\/aaknives.eu\/lt\/product\/peilis-sakalonas-bohler-uddeholm-s390-plienas\/","name":"Peilis \u201eSAKALONAS\u201c, Bohler-Uddeholm S390 plienas - AAKnives","isPartOf":{"@id":"https:\/\/aaknives.eu\/lt\/#website"},"primaryImageOfPage":{"@id":"https:\/\/aaknives.eu\/lt\/product\/peilis-sakalonas-bohler-uddeholm-s390-plienas\/#primaryimage"},"image":{"@id":"https:\/\/aaknives.eu\/lt\/product\/peilis-sakalonas-bohler-uddeholm-s390-plienas\/#primaryimage"},"thumbnailUrl":"https:\/\/aaknives.eu\/wp-content\/uploads\/2022\/02\/aaknives-hand-forged-damascus-steel-blade-knife-handmade-custom-made-knife-handcrafted-knives-autinetools-northmen-15.jpg","datePublished":"2022-02-08T10:03:45+00:00","dateModified":"2026-03-02T19:18:50+00:00","description":"S390 (Bohler-Uddeholm) - Bohler-Uddeholm PM plienas. Greitapj\u016bvis, \u012fkaitusio kietumo \u012frankinis plienas. Geras tvirtumas ir atsparumas dilimui. Apytiksliai atitinka AISI T15 greitapj\u016bv\u012f \u012frankin\u012f plien\u0105.","breadcrumb":{"@id":"https:\/\/aaknives.eu\/lt\/product\/peilis-sakalonas-bohler-uddeholm-s390-plienas\/#breadcrumb"},"inLanguage":"lt-LT","potentialAction":[{"@type":"ReadAction","target":["https:\/\/aaknives.eu\/lt\/product\/peilis-sakalonas-bohler-uddeholm-s390-plienas\/"]}]},{"@type":"ImageObject","inLanguage":"lt-LT","@id":"https:\/\/aaknives.eu\/lt\/product\/peilis-sakalonas-bohler-uddeholm-s390-plienas\/#primaryimage","url":"https:\/\/aaknives.eu\/wp-content\/uploads\/2022\/02\/aaknives-hand-forged-damascus-steel-blade-knife-handmade-custom-made-knife-handcrafted-knives-autinetools-northmen-15.jpg","contentUrl":"https:\/\/aaknives.eu\/wp-content\/uploads\/2022\/02\/aaknives-hand-forged-damascus-steel-blade-knife-handmade-custom-made-knife-handcrafted-knives-autinetools-northmen-15.jpg","width":1020,"height":880},{"@type":"BreadcrumbList","@id":"https:\/\/aaknives.eu\/lt\/product\/peilis-sakalonas-bohler-uddeholm-s390-plienas\/#breadcrumb","itemListElement":[{"@type":"ListItem","position":1,"name":"Home","item":"https:\/\/aaknives.eu\/lt\/"},{"@type":"ListItem","position":2,"name":"Parduotuv\u0117","item":"https:\/\/aaknives.eu\/parduotuve\/"},{"@type":"ListItem","position":3,"name":"Peilis \u201eSAKALONAS\u201c, Bohler-Uddeholm S390 plienas"}]},{"@type":"WebSite","@id":"https:\/\/aaknives.eu\/lt\/#website","url":"https:\/\/aaknives.eu\/lt\/","name":"AAKnives","description":"Handmade knives","publisher":{"@id":"https:\/\/aaknives.eu\/lt\/#organization"},"potentialAction":[{"@type":"SearchAction","target":{"@type":"EntryPoint","urlTemplate":"https:\/\/aaknives.eu\/lt\/?s={search_term_string}"},"query-input":{"@type":"PropertyValueSpecification","valueRequired":true,"valueName":"search_term_string"}}],"inLanguage":"lt-LT"},{"@type":"Organization","@id":"https:\/\/aaknives.eu\/lt\/#organization","name":"AAKnives","url":"https:\/\/aaknives.eu\/lt\/","logo":{"@type":"ImageObject","inLanguage":"lt-LT","@id":"https:\/\/aaknives.eu\/lt\/#\/schema\/logo\/image\/","url":"https:\/\/aaknives.eu\/wp-content\/uploads\/2021\/10\/AAknives_Logo_Green.png","contentUrl":"https:\/\/aaknives.eu\/wp-content\/uploads\/2021\/10\/AAknives_Logo_Green.png","width":1768,"height":1768,"caption":"AAKnives"},"image":{"@id":"https:\/\/aaknives.eu\/lt\/#\/schema\/logo\/image\/"},"sameAs":["https:\/\/www.facebook.com\/aaknives.eu\/","https:\/\/www.instagram.com\/aaknives\/","https:\/\/www.pinterest.com\/aa_knives\/","https:\/\/www.youtube.com\/channel\/UCHOQFjrOkgT6s4FIw9LDKyw\/featured"]}]}},"_links":{"self":[{"href":"https:\/\/aaknives.eu\/lt\/wp-json\/wp\/v2\/product\/48289","targetHints":{"allow":["GET"]}}],"collection":[{"href":"https:\/\/aaknives.eu\/lt\/wp-json\/wp\/v2\/product"}],"about":[{"href":"https:\/\/aaknives.eu\/lt\/wp-json\/wp\/v2\/types\/product"}],"wp:featuredmedia":[{"embeddable":true,"href":"https:\/\/aaknives.eu\/lt\/wp-json\/wp\/v2\/media\/108266"}],"wp:attachment":[{"href":"https:\/\/aaknives.eu\/lt\/wp-json\/wp\/v2\/media?parent=48289"}],"wp:term":[{"taxonomy":"product_brand","embeddable":true,"href":"https:\/\/aaknives.eu\/lt\/wp-json\/wp\/v2\/product_brand?post=48289"},{"taxonomy":"product_cat","embeddable":true,"href":"https:\/\/aaknives.eu\/lt\/wp-json\/wp\/v2\/product_cat?post=48289"},{"taxonomy":"product_tag","embeddable":true,"href":"https:\/\/aaknives.eu\/lt\/wp-json\/wp\/v2\/product_tag?post=48289"}],"curies":[{"name":"wp","href":"https:\/\/api.w.org\/{rel}","templated":true}]}}