{"id":48391,"date":"2021-12-08T11:15:25","date_gmt":"2021-12-08T11:15:25","guid":{"rendered":"https:\/\/aaknives.eu\/product\/mazo-dydzio-kuchininis-pilotas-aukstos-kokybes-kaltinis-nerudijantis-plienas\/"},"modified":"2025-10-26T14:24:05","modified_gmt":"2025-10-26T14:24:05","slug":"austriu-peilis-aukstos-kokybes-kaltinis-d2-nerudijantis-plienas","status":"publish","type":"product","link":"https:\/\/aaknives.eu\/lt\/product\/austriu-peilis-aukstos-kokybes-kaltinis-d2-nerudijantis-plienas\/","title":{"rendered":"Austri\u0173 peilis &#8211; auk\u0161tos kokyb\u0117s kaltinis D2 ner\u016bdijantis plienas"},"content":{"rendered":"<p>Peilio specifikacijos: Austri\u0173 peilis<br \/>\nPlienas: rankomis kaltas D2 plieno a\u0161menys<br \/>\nKietumas: 61 HRC<br \/>\nA\u0161men\u0173 ilgis (mm): 55 \/ 2,16 colio<br \/>\nA\u0161men\u0173 storis (mm): 0,5 \/ 0,01 colio<br \/>\nA\u0161men\u0173 plotis (mm): 20 \/ 0,78 colio<br \/>\nRankena: tamsiai ruda afrikieti\u0161ko venge mediena<br \/>\nBendras ilgis (mm): 145 \/ 5,70 colio<br \/>\nPakuot\u0117: peilis, odinis d\u0117klas<br \/>\nD2 plienas yra vienas geriausi\u0173 ir garsiausi\u0173 a\u0161men\u0173 plien\u0173 pasaulyje.<br \/>\n\u017dinomos JAV ir Japonijos \u012fmon\u0117s gamina peilius i\u0161 D2 plieno.<br \/>\nI\u0161 \u0161io plieno pagaminti peiliai puikiai laiko pjovimo a\u0161menis ir yra labai atspar\u016bs korozijai.<br \/>\nPo terminio apdorojimo D2 plieno a\u0161men\u0173 kietumas yra 60\u201362 HRC diapazone.<br \/>\nPeili\u0173, pagamint\u0173 i\u0161 D2 plieno, a\u0161menys prakti\u0161kai ner\u016bdija, ta\u010diau kadangi pliene yra \u0161iek tiek ma\u017eiau chromo nei ner\u016bdijan\u010diame pliene (nuo 13 % chromo), rekomenduojama a\u0161menis nuvalyti ir ilgai nepalikti dr\u0117gnose vietose.<\/p>\n","protected":false},"excerpt":{"rendered":"<p>Peilis i\u0161 N695 plieno yra ner\u016bdijantis, ilgai a\u0161trus ir nereikalauja specialios prie\u017ei\u016bros.<\/p>\n","protected":false},"featured_media":103025,"template":"","meta":{"_themeisle_gutenberg_block_has_review":false},"product_brand":[],"product_cat":[379],"product_tag":[],"class_list":{"0":"post-48391","1":"product","2":"type-product","3":"status-publish","4":"has-post-thumbnail","6":"product_cat-virtuves-peiliai","8":"first","9":"instock","10":"shipping-taxable","11":"purchasable","12":"product-type-simple"},"yoast_head":"<!-- This site is optimized with the Yoast SEO plugin v27.5 - https:\/\/yoast.com\/product\/yoast-seo-wordpress\/ -->\n<title>Austri\u0173 peilis - auk\u0161tos kokyb\u0117s kaltinis D2 ner\u016bdijantis plienas - AAKnives<\/title>\n<meta name=\"description\" content=\"D2 plienas yra vienas geriausi\u0173 ir garsiausi\u0173 a\u0161men\u0173 plien\u0173 pasaulyje. Peilius i\u0161 D2 plieno gamina \u017einomos JAV ir Japonijos \u012fmon\u0117s.\" \/>\n<meta name=\"robots\" content=\"index, follow, max-snippet:-1, max-image-preview:large, max-video-preview:-1\" \/>\n<link rel=\"canonical\" href=\"https:\/\/aaknives.eu\/lt\/product\/austriu-peilis-aukstos-kokybes-kaltinis-d2-nerudijantis-plienas\/\" \/>\n<meta property=\"og:locale\" content=\"lt_LT\" \/>\n<meta property=\"og:type\" content=\"article\" \/>\n<meta property=\"og:title\" content=\"Austri\u0173 peilis - auk\u0161tos kokyb\u0117s kaltinis D2 ner\u016bdijantis plienas - AAKnives\" \/>\n<meta property=\"og:description\" content=\"D2 plienas yra vienas geriausi\u0173 ir garsiausi\u0173 a\u0161men\u0173 plien\u0173 pasaulyje. Peilius i\u0161 D2 plieno gamina \u017einomos JAV ir Japonijos \u012fmon\u0117s.\" \/>\n<meta property=\"og:url\" content=\"https:\/\/aaknives.eu\/lt\/product\/austriu-peilis-aukstos-kokybes-kaltinis-d2-nerudijantis-plienas\/\" \/>\n<meta property=\"og:site_name\" content=\"AAKnives\" \/>\n<meta property=\"article:publisher\" content=\"https:\/\/www.facebook.com\/aaknives.eu\/\" \/>\n<meta property=\"article:modified_time\" content=\"2025-10-26T14:24:05+00:00\" \/>\n<meta property=\"og:image\" content=\"https:\/\/aaknives.eu\/wp-content\/uploads\/2021\/12\/aaknives-hand-forged-damascus-steel-blade-knife-handmade-custom-made-knife-handcrafted-knives-autinetools-northmen-1-13.jpg\" \/>\n\t<meta property=\"og:image:width\" content=\"1020\" \/>\n\t<meta property=\"og:image:height\" content=\"880\" \/>\n\t<meta property=\"og:image:type\" content=\"image\/jpeg\" \/>\n<meta name=\"twitter:card\" content=\"summary_large_image\" \/>\n<meta name=\"twitter:label1\" content=\"Est. reading time\" \/>\n\t<meta name=\"twitter:data1\" content=\"1 minut\u0117\" \/>\n<script type=\"application\/ld+json\" class=\"yoast-schema-graph\">{\"@context\":\"https:\\\/\\\/schema.org\",\"@graph\":[{\"@type\":\"WebPage\",\"@id\":\"https:\\\/\\\/aaknives.eu\\\/lt\\\/product\\\/austriu-peilis-aukstos-kokybes-kaltinis-d2-nerudijantis-plienas\\\/\",\"url\":\"https:\\\/\\\/aaknives.eu\\\/lt\\\/product\\\/austriu-peilis-aukstos-kokybes-kaltinis-d2-nerudijantis-plienas\\\/\",\"name\":\"Austri\u0173 peilis - auk\u0161tos kokyb\u0117s kaltinis D2 ner\u016bdijantis plienas - AAKnives\",\"isPartOf\":{\"@id\":\"https:\\\/\\\/aaknives.eu\\\/lt\\\/#website\"},\"primaryImageOfPage\":{\"@id\":\"https:\\\/\\\/aaknives.eu\\\/lt\\\/product\\\/austriu-peilis-aukstos-kokybes-kaltinis-d2-nerudijantis-plienas\\\/#primaryimage\"},\"image\":{\"@id\":\"https:\\\/\\\/aaknives.eu\\\/lt\\\/product\\\/austriu-peilis-aukstos-kokybes-kaltinis-d2-nerudijantis-plienas\\\/#primaryimage\"},\"thumbnailUrl\":\"https:\\\/\\\/aaknives.eu\\\/wp-content\\\/uploads\\\/2021\\\/12\\\/aaknives-hand-forged-damascus-steel-blade-knife-handmade-custom-made-knife-handcrafted-knives-autinetools-northmen-1-13.jpg\",\"datePublished\":\"2021-12-08T11:15:25+00:00\",\"dateModified\":\"2025-10-26T14:24:05+00:00\",\"description\":\"D2 plienas yra vienas geriausi\u0173 ir garsiausi\u0173 a\u0161men\u0173 plien\u0173 pasaulyje. Peilius i\u0161 D2 plieno gamina \u017einomos JAV ir Japonijos \u012fmon\u0117s.\",\"breadcrumb\":{\"@id\":\"https:\\\/\\\/aaknives.eu\\\/lt\\\/product\\\/austriu-peilis-aukstos-kokybes-kaltinis-d2-nerudijantis-plienas\\\/#breadcrumb\"},\"inLanguage\":\"lt-LT\",\"potentialAction\":[{\"@type\":\"ReadAction\",\"target\":[\"https:\\\/\\\/aaknives.eu\\\/lt\\\/product\\\/austriu-peilis-aukstos-kokybes-kaltinis-d2-nerudijantis-plienas\\\/\"]}]},{\"@type\":\"ImageObject\",\"inLanguage\":\"lt-LT\",\"@id\":\"https:\\\/\\\/aaknives.eu\\\/lt\\\/product\\\/austriu-peilis-aukstos-kokybes-kaltinis-d2-nerudijantis-plienas\\\/#primaryimage\",\"url\":\"https:\\\/\\\/aaknives.eu\\\/wp-content\\\/uploads\\\/2021\\\/12\\\/aaknives-hand-forged-damascus-steel-blade-knife-handmade-custom-made-knife-handcrafted-knives-autinetools-northmen-1-13.jpg\",\"contentUrl\":\"https:\\\/\\\/aaknives.eu\\\/wp-content\\\/uploads\\\/2021\\\/12\\\/aaknives-hand-forged-damascus-steel-blade-knife-handmade-custom-made-knife-handcrafted-knives-autinetools-northmen-1-13.jpg\",\"width\":1020,\"height\":880},{\"@type\":\"BreadcrumbList\",\"@id\":\"https:\\\/\\\/aaknives.eu\\\/lt\\\/product\\\/austriu-peilis-aukstos-kokybes-kaltinis-d2-nerudijantis-plienas\\\/#breadcrumb\",\"itemListElement\":[{\"@type\":\"ListItem\",\"position\":1,\"name\":\"Home\",\"item\":\"https:\\\/\\\/aaknives.eu\\\/lt\\\/\"},{\"@type\":\"ListItem\",\"position\":2,\"name\":\"Parduotuv\u0117\",\"item\":\"https:\\\/\\\/aaknives.eu\\\/parduotuve\\\/\"},{\"@type\":\"ListItem\",\"position\":3,\"name\":\"Austri\u0173 peilis &#8211; auk\u0161tos kokyb\u0117s kaltinis D2 ner\u016bdijantis plienas\"}]},{\"@type\":\"WebSite\",\"@id\":\"https:\\\/\\\/aaknives.eu\\\/lt\\\/#website\",\"url\":\"https:\\\/\\\/aaknives.eu\\\/lt\\\/\",\"name\":\"AAKnives\",\"description\":\"Handmade knives\",\"publisher\":{\"@id\":\"https:\\\/\\\/aaknives.eu\\\/lt\\\/#organization\"},\"alternateName\":\"Anri Ananin Knives\",\"potentialAction\":[{\"@type\":\"SearchAction\",\"target\":{\"@type\":\"EntryPoint\",\"urlTemplate\":\"https:\\\/\\\/aaknives.eu\\\/lt\\\/?s={search_term_string}\"},\"query-input\":{\"@type\":\"PropertyValueSpecification\",\"valueRequired\":true,\"valueName\":\"search_term_string\"}}],\"inLanguage\":\"lt-LT\"},{\"@type\":\"Organization\",\"@id\":\"https:\\\/\\\/aaknives.eu\\\/lt\\\/#organization\",\"name\":\"AAKnives\",\"url\":\"https:\\\/\\\/aaknives.eu\\\/lt\\\/\",\"logo\":{\"@type\":\"ImageObject\",\"inLanguage\":\"lt-LT\",\"@id\":\"https:\\\/\\\/aaknives.eu\\\/lt\\\/#\\\/schema\\\/logo\\\/image\\\/\",\"url\":\"https:\\\/\\\/aaknives.eu\\\/wp-content\\\/uploads\\\/2021\\\/10\\\/AAknives_Logo_Green.png\",\"contentUrl\":\"https:\\\/\\\/aaknives.eu\\\/wp-content\\\/uploads\\\/2021\\\/10\\\/AAknives_Logo_Green.png\",\"width\":1768,\"height\":1768,\"caption\":\"AAKnives\"},\"image\":{\"@id\":\"https:\\\/\\\/aaknives.eu\\\/lt\\\/#\\\/schema\\\/logo\\\/image\\\/\"},\"sameAs\":[\"https:\\\/\\\/www.facebook.com\\\/aaknives.eu\\\/\",\"https:\\\/\\\/www.instagram.com\\\/aaknives\\\/\",\"https:\\\/\\\/www.pinterest.com\\\/aa_knives\\\/\",\"https:\\\/\\\/www.youtube.com\\\/@aaknives9518\"]}]}<\/script>\n<!-- \/ Yoast SEO plugin. -->","yoast_head_json":{"title":"Austri\u0173 peilis - auk\u0161tos kokyb\u0117s kaltinis D2 ner\u016bdijantis plienas - AAKnives","description":"D2 plienas yra vienas geriausi\u0173 ir garsiausi\u0173 a\u0161men\u0173 plien\u0173 pasaulyje. Peilius i\u0161 D2 plieno gamina \u017einomos JAV ir Japonijos \u012fmon\u0117s.","robots":{"index":"index","follow":"follow","max-snippet":"max-snippet:-1","max-image-preview":"max-image-preview:large","max-video-preview":"max-video-preview:-1"},"canonical":"https:\/\/aaknives.eu\/lt\/product\/austriu-peilis-aukstos-kokybes-kaltinis-d2-nerudijantis-plienas\/","og_locale":"lt_LT","og_type":"article","og_title":"Austri\u0173 peilis - auk\u0161tos kokyb\u0117s kaltinis D2 ner\u016bdijantis plienas - AAKnives","og_description":"D2 plienas yra vienas geriausi\u0173 ir garsiausi\u0173 a\u0161men\u0173 plien\u0173 pasaulyje. Peilius i\u0161 D2 plieno gamina \u017einomos JAV ir Japonijos \u012fmon\u0117s.","og_url":"https:\/\/aaknives.eu\/lt\/product\/austriu-peilis-aukstos-kokybes-kaltinis-d2-nerudijantis-plienas\/","og_site_name":"AAKnives","article_publisher":"https:\/\/www.facebook.com\/aaknives.eu\/","article_modified_time":"2025-10-26T14:24:05+00:00","og_image":[{"width":1020,"height":880,"url":"https:\/\/aaknives.eu\/wp-content\/uploads\/2021\/12\/aaknives-hand-forged-damascus-steel-blade-knife-handmade-custom-made-knife-handcrafted-knives-autinetools-northmen-1-13.jpg","type":"image\/jpeg"}],"twitter_card":"summary_large_image","twitter_misc":{"Est. reading time":"1 minut\u0117"},"schema":{"@context":"https:\/\/schema.org","@graph":[{"@type":"WebPage","@id":"https:\/\/aaknives.eu\/lt\/product\/austriu-peilis-aukstos-kokybes-kaltinis-d2-nerudijantis-plienas\/","url":"https:\/\/aaknives.eu\/lt\/product\/austriu-peilis-aukstos-kokybes-kaltinis-d2-nerudijantis-plienas\/","name":"Austri\u0173 peilis - auk\u0161tos kokyb\u0117s kaltinis D2 ner\u016bdijantis plienas - AAKnives","isPartOf":{"@id":"https:\/\/aaknives.eu\/lt\/#website"},"primaryImageOfPage":{"@id":"https:\/\/aaknives.eu\/lt\/product\/austriu-peilis-aukstos-kokybes-kaltinis-d2-nerudijantis-plienas\/#primaryimage"},"image":{"@id":"https:\/\/aaknives.eu\/lt\/product\/austriu-peilis-aukstos-kokybes-kaltinis-d2-nerudijantis-plienas\/#primaryimage"},"thumbnailUrl":"https:\/\/aaknives.eu\/wp-content\/uploads\/2021\/12\/aaknives-hand-forged-damascus-steel-blade-knife-handmade-custom-made-knife-handcrafted-knives-autinetools-northmen-1-13.jpg","datePublished":"2021-12-08T11:15:25+00:00","dateModified":"2025-10-26T14:24:05+00:00","description":"D2 plienas yra vienas geriausi\u0173 ir garsiausi\u0173 a\u0161men\u0173 plien\u0173 pasaulyje. Peilius i\u0161 D2 plieno gamina \u017einomos JAV ir Japonijos \u012fmon\u0117s.","breadcrumb":{"@id":"https:\/\/aaknives.eu\/lt\/product\/austriu-peilis-aukstos-kokybes-kaltinis-d2-nerudijantis-plienas\/#breadcrumb"},"inLanguage":"lt-LT","potentialAction":[{"@type":"ReadAction","target":["https:\/\/aaknives.eu\/lt\/product\/austriu-peilis-aukstos-kokybes-kaltinis-d2-nerudijantis-plienas\/"]}]},{"@type":"ImageObject","inLanguage":"lt-LT","@id":"https:\/\/aaknives.eu\/lt\/product\/austriu-peilis-aukstos-kokybes-kaltinis-d2-nerudijantis-plienas\/#primaryimage","url":"https:\/\/aaknives.eu\/wp-content\/uploads\/2021\/12\/aaknives-hand-forged-damascus-steel-blade-knife-handmade-custom-made-knife-handcrafted-knives-autinetools-northmen-1-13.jpg","contentUrl":"https:\/\/aaknives.eu\/wp-content\/uploads\/2021\/12\/aaknives-hand-forged-damascus-steel-blade-knife-handmade-custom-made-knife-handcrafted-knives-autinetools-northmen-1-13.jpg","width":1020,"height":880},{"@type":"BreadcrumbList","@id":"https:\/\/aaknives.eu\/lt\/product\/austriu-peilis-aukstos-kokybes-kaltinis-d2-nerudijantis-plienas\/#breadcrumb","itemListElement":[{"@type":"ListItem","position":1,"name":"Home","item":"https:\/\/aaknives.eu\/lt\/"},{"@type":"ListItem","position":2,"name":"Parduotuv\u0117","item":"https:\/\/aaknives.eu\/parduotuve\/"},{"@type":"ListItem","position":3,"name":"Austri\u0173 peilis &#8211; auk\u0161tos kokyb\u0117s kaltinis D2 ner\u016bdijantis plienas"}]},{"@type":"WebSite","@id":"https:\/\/aaknives.eu\/lt\/#website","url":"https:\/\/aaknives.eu\/lt\/","name":"AAKnives","description":"Handmade knives","publisher":{"@id":"https:\/\/aaknives.eu\/lt\/#organization"},"alternateName":"Anri Ananin Knives","potentialAction":[{"@type":"SearchAction","target":{"@type":"EntryPoint","urlTemplate":"https:\/\/aaknives.eu\/lt\/?s={search_term_string}"},"query-input":{"@type":"PropertyValueSpecification","valueRequired":true,"valueName":"search_term_string"}}],"inLanguage":"lt-LT"},{"@type":"Organization","@id":"https:\/\/aaknives.eu\/lt\/#organization","name":"AAKnives","url":"https:\/\/aaknives.eu\/lt\/","logo":{"@type":"ImageObject","inLanguage":"lt-LT","@id":"https:\/\/aaknives.eu\/lt\/#\/schema\/logo\/image\/","url":"https:\/\/aaknives.eu\/wp-content\/uploads\/2021\/10\/AAknives_Logo_Green.png","contentUrl":"https:\/\/aaknives.eu\/wp-content\/uploads\/2021\/10\/AAknives_Logo_Green.png","width":1768,"height":1768,"caption":"AAKnives"},"image":{"@id":"https:\/\/aaknives.eu\/lt\/#\/schema\/logo\/image\/"},"sameAs":["https:\/\/www.facebook.com\/aaknives.eu\/","https:\/\/www.instagram.com\/aaknives\/","https:\/\/www.pinterest.com\/aa_knives\/","https:\/\/www.youtube.com\/@aaknives9518"]}]}},"_links":{"self":[{"href":"https:\/\/aaknives.eu\/lt\/wp-json\/wp\/v2\/product\/48391","targetHints":{"allow":["GET"]}}],"collection":[{"href":"https:\/\/aaknives.eu\/lt\/wp-json\/wp\/v2\/product"}],"about":[{"href":"https:\/\/aaknives.eu\/lt\/wp-json\/wp\/v2\/types\/product"}],"wp:featuredmedia":[{"embeddable":true,"href":"https:\/\/aaknives.eu\/lt\/wp-json\/wp\/v2\/media\/103025"}],"wp:attachment":[{"href":"https:\/\/aaknives.eu\/lt\/wp-json\/wp\/v2\/media?parent=48391"}],"wp:term":[{"taxonomy":"product_brand","embeddable":true,"href":"https:\/\/aaknives.eu\/lt\/wp-json\/wp\/v2\/product_brand?post=48391"},{"taxonomy":"product_cat","embeddable":true,"href":"https:\/\/aaknives.eu\/lt\/wp-json\/wp\/v2\/product_cat?post=48391"},{"taxonomy":"product_tag","embeddable":true,"href":"https:\/\/aaknives.eu\/lt\/wp-json\/wp\/v2\/product_tag?post=48391"}],"curies":[{"name":"wp","href":"https:\/\/api.w.org\/{rel}","templated":true}]}}