{"id":48404,"date":"2021-12-08T10:39:39","date_gmt":"2021-12-08T10:39:39","guid":{"rendered":"https:\/\/aaknives.eu\/product\/yakut-peilis-jakutu-nacionalinis-peilis-rankomis-kaltas-peilis-damasko-plieno-asmenimis\/"},"modified":"2024-08-28T15:10:29","modified_gmt":"2024-08-28T15:10:29","slug":"yakut-peilis-jakutu-nacionalinis-peilis-rankomis-kaltas-peilis-damasko-plieno-asmenimis","status":"publish","type":"product","link":"https:\/\/aaknives.eu\/lt\/product\/yakut-peilis-jakutu-nacionalinis-peilis-rankomis-kaltas-peilis-damasko-plieno-asmenimis\/","title":{"rendered":"&#8221;YAKUT&#8221; peilis &#8211; Jakut\u0173 nacionalinis peilis. rankomis kaltas peilis Damasko plieno a\u0161menimis"},"content":{"rendered":"<p>Peilio specifikacijos: YAKUT<br \/>\nPlienas: rankomis kalti med\u017eiokliniai peiliai i\u0161 Damasko plieno (HVG, U10, ShH15), 800 sluoksni\u0173. De\u0161inei rankai<br \/>\nKietumas: 60-62 HRC<br \/>\nGele\u017et\u0117s ilgis (mm): (mm): 150 \/ 5,90 colio<br \/>\nGele\u017et\u0117s storis (mm): (mm): 4 \/ 0,15 colio<br \/>\nA\u0161men\u0173 plotis (mm): Atsparumas (mm): 28 \/ 1,10 colio<br \/>\nRankena: stabilizuotas Karelijos ber\u017eas, bried\u017eio ragas<br \/>\nBendras ilgis (mm): Vidutinis ilgis (mm): 278 \/ 10,94 colio<br \/>\nPeili\u0173 tipas: med\u017eiokliniai, lauko peiliai<br \/>\nPakuot\u0117: peilis, odinis d\u0117klas<\/p>\n<p>Rankomis kaltas damasko plienas, sukurtas i\u0161 skirtingo kietumo ir klampumo plien\u0173, kurie tam tikra tvarka sudedami \u012f plok\u0161tel\u0119. Po to plok\u0161t\u0117 pakartotinai perlydoma, tod\u0117l susidaro sluoksniai ir unikalus ra\u0161tas.<br \/>\nSud\u0117tingas technologinis procesas atliekamas rankiniu b\u016bdu. Tokiu b\u016bdu gautas plienas pasi\u017eymi didesniu stiprumu, dideliu kietumu, puikiomis pjovimo savyb\u0117mis ir gro\u017eiu.<br \/>\nDamasko plieno daugiau nei 700-1000 sluoksni\u0173.<br \/>\nPakuot\u0117 i\u0161 damaskinio plieno ShH15 + HVG + U10A, \u0161ilumin\u0117 i\u0161rai\u0161ka 860 \u00b0C<\/p>\n<p>Damasko plieno peili\u0173 privalumai:<br \/>\nDidesnis stiprumas<br \/>\nDidelis kietumas<br \/>\nPuikios pjovimo savyb\u0117s<br \/>\nGra\u017eus dizainas<br \/>\nIlgalaikis a\u0161trumas<\/p>\n<p>Gele\u017et\u0117s kietumas 60-62 HRC.<br \/>\nRank\u0173 darbo<\/p>\n","protected":false},"excerpt":{"rendered":"<p>Peilio specifikacijos: YAKUT Plienas: rankomis kalti med\u017eiokliniai peiliai i\u0161 Damasko plieno (HVG, U10, ShH15), 800 sluoksni\u0173. De\u0161inei rankai Kietumas: 60-62 HRC Gele\u017et\u0117s ilgis (mm): (mm): 150 \/ 5,90 colio Gele\u017et\u0117s storis (mm): (mm): 4 \/ 0,15 colio A\u0161men\u0173 plotis (mm): Atsparumas (mm): 28 \/ 1,10 colio Rankena: stabilizuotas Karelijos ber\u017eas, bried\u017eio ragas Bendras ilgis (mm): Vidutinis ilgis (mm): 278 \/ 10,94 colio Peili\u0173 tipas: med\u017eiokliniai, lauko peiliai Pakuot\u0117: peilis, odinis d\u0117klas Rankomis kaltas damasko plienas, sukurtas i\u0161 skirtingo kietumo ir klampumo plien\u0173, kurie tam tikra tvarka sudedami \u012f plok\u0161tel\u0119. Po to plok\u0161t\u0117 pakartotinai perlydoma, tod\u0117l susidaro sluoksniai ir unikalus ra\u0161tas.&hellip;<\/p>\n","protected":false},"featured_media":67394,"template":"","meta":{"_themeisle_gutenberg_block_has_review":false},"product_brand":[],"product_cat":[380,381,386],"product_tag":[],"class_list":{"0":"post-48404","1":"product","2":"type-product","3":"status-publish","4":"has-post-thumbnail","6":"product_cat-premium-ir-isskirtiniai-peiliai","7":"product_cat-lauko-peiliai","8":"product_cat-medziokliniai-peiliai","10":"first","11":"outofstock","12":"shipping-taxable","13":"purchasable","14":"product-type-simple"},"yoast_head":"<!-- This site is optimized with the Yoast SEO plugin v27.5 - https:\/\/yoast.com\/product\/yoast-seo-wordpress\/ -->\n<title>&#039;&#039;YAKUT&#039;&#039; peilis - Jakut\u0173 nacionalinis peilis. rankomis kaltas peilis Damasko plieno a\u0161menimis - AAKnives<\/title>\n<meta name=\"description\" content=\"Jakut\u0173 nacionalinis peilis. rankomis kaltas Damasko plieno peilis, med\u017eioklinis peilis, i\u0161gyvenimo peilis, lauko peilis.\" \/>\n<meta name=\"robots\" content=\"index, follow, max-snippet:-1, max-image-preview:large, max-video-preview:-1\" \/>\n<link rel=\"canonical\" href=\"https:\/\/aaknives.eu\/lt\/product\/yakut-peilis-jakutu-nacionalinis-peilis-rankomis-kaltas-peilis-damasko-plieno-asmenimis\/\" \/>\n<meta property=\"og:locale\" content=\"lt_LT\" \/>\n<meta property=\"og:type\" content=\"article\" \/>\n<meta property=\"og:title\" content=\"&#039;&#039;YAKUT&#039;&#039; peilis - Jakut\u0173 nacionalinis peilis. rankomis kaltas peilis Damasko plieno a\u0161menimis - AAKnives\" \/>\n<meta property=\"og:description\" content=\"Jakut\u0173 nacionalinis peilis. rankomis kaltas Damasko plieno peilis, med\u017eioklinis peilis, i\u0161gyvenimo peilis, lauko peilis.\" \/>\n<meta property=\"og:url\" content=\"https:\/\/aaknives.eu\/lt\/product\/yakut-peilis-jakutu-nacionalinis-peilis-rankomis-kaltas-peilis-damasko-plieno-asmenimis\/\" \/>\n<meta property=\"og:site_name\" content=\"AAKnives\" \/>\n<meta property=\"article:publisher\" content=\"https:\/\/www.facebook.com\/aaknives.eu\/\" \/>\n<meta property=\"article:modified_time\" content=\"2024-08-28T15:10:29+00:00\" \/>\n<meta property=\"og:image\" content=\"https:\/\/aaknives.eu\/wp-content\/uploads\/2021\/12\/aaknives-hand-forged-dabascus-steel-blade-knife-handmade-custom-made-knife-handcrafted-knives-autinetools-northmen-11.5.jpg\" \/>\n\t<meta property=\"og:image:width\" content=\"1020\" \/>\n\t<meta property=\"og:image:height\" content=\"880\" \/>\n\t<meta property=\"og:image:type\" content=\"image\/jpeg\" \/>\n<meta name=\"twitter:card\" content=\"summary_large_image\" \/>\n<meta name=\"twitter:label1\" content=\"Est. reading time\" \/>\n\t<meta name=\"twitter:data1\" content=\"1 minut\u0117\" \/>\n<script type=\"application\/ld+json\" class=\"yoast-schema-graph\">{\"@context\":\"https:\\\/\\\/schema.org\",\"@graph\":[{\"@type\":\"WebPage\",\"@id\":\"https:\\\/\\\/aaknives.eu\\\/lt\\\/product\\\/yakut-peilis-jakutu-nacionalinis-peilis-rankomis-kaltas-peilis-damasko-plieno-asmenimis\\\/\",\"url\":\"https:\\\/\\\/aaknives.eu\\\/lt\\\/product\\\/yakut-peilis-jakutu-nacionalinis-peilis-rankomis-kaltas-peilis-damasko-plieno-asmenimis\\\/\",\"name\":\"''YAKUT'' peilis - Jakut\u0173 nacionalinis peilis. rankomis kaltas peilis Damasko plieno a\u0161menimis - AAKnives\",\"isPartOf\":{\"@id\":\"https:\\\/\\\/aaknives.eu\\\/lt\\\/#website\"},\"primaryImageOfPage\":{\"@id\":\"https:\\\/\\\/aaknives.eu\\\/lt\\\/product\\\/yakut-peilis-jakutu-nacionalinis-peilis-rankomis-kaltas-peilis-damasko-plieno-asmenimis\\\/#primaryimage\"},\"image\":{\"@id\":\"https:\\\/\\\/aaknives.eu\\\/lt\\\/product\\\/yakut-peilis-jakutu-nacionalinis-peilis-rankomis-kaltas-peilis-damasko-plieno-asmenimis\\\/#primaryimage\"},\"thumbnailUrl\":\"https:\\\/\\\/aaknives.eu\\\/wp-content\\\/uploads\\\/2021\\\/12\\\/aaknives-hand-forged-dabascus-steel-blade-knife-handmade-custom-made-knife-handcrafted-knives-autinetools-northmen-11.5.jpg\",\"datePublished\":\"2021-12-08T10:39:39+00:00\",\"dateModified\":\"2024-08-28T15:10:29+00:00\",\"description\":\"Jakut\u0173 nacionalinis peilis. rankomis kaltas Damasko plieno peilis, med\u017eioklinis peilis, i\u0161gyvenimo peilis, lauko peilis.\",\"breadcrumb\":{\"@id\":\"https:\\\/\\\/aaknives.eu\\\/lt\\\/product\\\/yakut-peilis-jakutu-nacionalinis-peilis-rankomis-kaltas-peilis-damasko-plieno-asmenimis\\\/#breadcrumb\"},\"inLanguage\":\"lt-LT\",\"potentialAction\":[{\"@type\":\"ReadAction\",\"target\":[\"https:\\\/\\\/aaknives.eu\\\/lt\\\/product\\\/yakut-peilis-jakutu-nacionalinis-peilis-rankomis-kaltas-peilis-damasko-plieno-asmenimis\\\/\"]}]},{\"@type\":\"ImageObject\",\"inLanguage\":\"lt-LT\",\"@id\":\"https:\\\/\\\/aaknives.eu\\\/lt\\\/product\\\/yakut-peilis-jakutu-nacionalinis-peilis-rankomis-kaltas-peilis-damasko-plieno-asmenimis\\\/#primaryimage\",\"url\":\"https:\\\/\\\/aaknives.eu\\\/wp-content\\\/uploads\\\/2021\\\/12\\\/aaknives-hand-forged-dabascus-steel-blade-knife-handmade-custom-made-knife-handcrafted-knives-autinetools-northmen-11.5.jpg\",\"contentUrl\":\"https:\\\/\\\/aaknives.eu\\\/wp-content\\\/uploads\\\/2021\\\/12\\\/aaknives-hand-forged-dabascus-steel-blade-knife-handmade-custom-made-knife-handcrafted-knives-autinetools-northmen-11.5.jpg\",\"width\":1020,\"height\":880},{\"@type\":\"BreadcrumbList\",\"@id\":\"https:\\\/\\\/aaknives.eu\\\/lt\\\/product\\\/yakut-peilis-jakutu-nacionalinis-peilis-rankomis-kaltas-peilis-damasko-plieno-asmenimis\\\/#breadcrumb\",\"itemListElement\":[{\"@type\":\"ListItem\",\"position\":1,\"name\":\"Home\",\"item\":\"https:\\\/\\\/aaknives.eu\\\/lt\\\/\"},{\"@type\":\"ListItem\",\"position\":2,\"name\":\"Parduotuv\u0117\",\"item\":\"https:\\\/\\\/aaknives.eu\\\/parduotuve\\\/\"},{\"@type\":\"ListItem\",\"position\":3,\"name\":\"&#8221;YAKUT&#8221; peilis &#8211; Jakut\u0173 nacionalinis peilis. rankomis kaltas peilis Damasko plieno a\u0161menimis\"}]},{\"@type\":\"WebSite\",\"@id\":\"https:\\\/\\\/aaknives.eu\\\/lt\\\/#website\",\"url\":\"https:\\\/\\\/aaknives.eu\\\/lt\\\/\",\"name\":\"AAKnives\",\"description\":\"Handmade knives\",\"publisher\":{\"@id\":\"https:\\\/\\\/aaknives.eu\\\/lt\\\/#organization\"},\"alternateName\":\"Anri Ananin Knives\",\"potentialAction\":[{\"@type\":\"SearchAction\",\"target\":{\"@type\":\"EntryPoint\",\"urlTemplate\":\"https:\\\/\\\/aaknives.eu\\\/lt\\\/?s={search_term_string}\"},\"query-input\":{\"@type\":\"PropertyValueSpecification\",\"valueRequired\":true,\"valueName\":\"search_term_string\"}}],\"inLanguage\":\"lt-LT\"},{\"@type\":\"Organization\",\"@id\":\"https:\\\/\\\/aaknives.eu\\\/lt\\\/#organization\",\"name\":\"AAKnives\",\"url\":\"https:\\\/\\\/aaknives.eu\\\/lt\\\/\",\"logo\":{\"@type\":\"ImageObject\",\"inLanguage\":\"lt-LT\",\"@id\":\"https:\\\/\\\/aaknives.eu\\\/lt\\\/#\\\/schema\\\/logo\\\/image\\\/\",\"url\":\"https:\\\/\\\/aaknives.eu\\\/wp-content\\\/uploads\\\/2021\\\/10\\\/AAknives_Logo_Green.png\",\"contentUrl\":\"https:\\\/\\\/aaknives.eu\\\/wp-content\\\/uploads\\\/2021\\\/10\\\/AAknives_Logo_Green.png\",\"width\":1768,\"height\":1768,\"caption\":\"AAKnives\"},\"image\":{\"@id\":\"https:\\\/\\\/aaknives.eu\\\/lt\\\/#\\\/schema\\\/logo\\\/image\\\/\"},\"sameAs\":[\"https:\\\/\\\/www.facebook.com\\\/aaknives.eu\\\/\",\"https:\\\/\\\/www.instagram.com\\\/aaknives\\\/\",\"https:\\\/\\\/www.pinterest.com\\\/aa_knives\\\/\",\"https:\\\/\\\/www.youtube.com\\\/@aaknives9518\"]}]}<\/script>\n<!-- \/ Yoast SEO plugin. -->","yoast_head_json":{"title":"''YAKUT'' peilis - Jakut\u0173 nacionalinis peilis. rankomis kaltas peilis Damasko plieno a\u0161menimis - AAKnives","description":"Jakut\u0173 nacionalinis peilis. rankomis kaltas Damasko plieno peilis, med\u017eioklinis peilis, i\u0161gyvenimo peilis, lauko peilis.","robots":{"index":"index","follow":"follow","max-snippet":"max-snippet:-1","max-image-preview":"max-image-preview:large","max-video-preview":"max-video-preview:-1"},"canonical":"https:\/\/aaknives.eu\/lt\/product\/yakut-peilis-jakutu-nacionalinis-peilis-rankomis-kaltas-peilis-damasko-plieno-asmenimis\/","og_locale":"lt_LT","og_type":"article","og_title":"''YAKUT'' peilis - Jakut\u0173 nacionalinis peilis. rankomis kaltas peilis Damasko plieno a\u0161menimis - AAKnives","og_description":"Jakut\u0173 nacionalinis peilis. rankomis kaltas Damasko plieno peilis, med\u017eioklinis peilis, i\u0161gyvenimo peilis, lauko peilis.","og_url":"https:\/\/aaknives.eu\/lt\/product\/yakut-peilis-jakutu-nacionalinis-peilis-rankomis-kaltas-peilis-damasko-plieno-asmenimis\/","og_site_name":"AAKnives","article_publisher":"https:\/\/www.facebook.com\/aaknives.eu\/","article_modified_time":"2024-08-28T15:10:29+00:00","og_image":[{"width":1020,"height":880,"url":"https:\/\/aaknives.eu\/wp-content\/uploads\/2021\/12\/aaknives-hand-forged-dabascus-steel-blade-knife-handmade-custom-made-knife-handcrafted-knives-autinetools-northmen-11.5.jpg","type":"image\/jpeg"}],"twitter_card":"summary_large_image","twitter_misc":{"Est. reading time":"1 minut\u0117"},"schema":{"@context":"https:\/\/schema.org","@graph":[{"@type":"WebPage","@id":"https:\/\/aaknives.eu\/lt\/product\/yakut-peilis-jakutu-nacionalinis-peilis-rankomis-kaltas-peilis-damasko-plieno-asmenimis\/","url":"https:\/\/aaknives.eu\/lt\/product\/yakut-peilis-jakutu-nacionalinis-peilis-rankomis-kaltas-peilis-damasko-plieno-asmenimis\/","name":"''YAKUT'' peilis - Jakut\u0173 nacionalinis peilis. rankomis kaltas peilis Damasko plieno a\u0161menimis - AAKnives","isPartOf":{"@id":"https:\/\/aaknives.eu\/lt\/#website"},"primaryImageOfPage":{"@id":"https:\/\/aaknives.eu\/lt\/product\/yakut-peilis-jakutu-nacionalinis-peilis-rankomis-kaltas-peilis-damasko-plieno-asmenimis\/#primaryimage"},"image":{"@id":"https:\/\/aaknives.eu\/lt\/product\/yakut-peilis-jakutu-nacionalinis-peilis-rankomis-kaltas-peilis-damasko-plieno-asmenimis\/#primaryimage"},"thumbnailUrl":"https:\/\/aaknives.eu\/wp-content\/uploads\/2021\/12\/aaknives-hand-forged-dabascus-steel-blade-knife-handmade-custom-made-knife-handcrafted-knives-autinetools-northmen-11.5.jpg","datePublished":"2021-12-08T10:39:39+00:00","dateModified":"2024-08-28T15:10:29+00:00","description":"Jakut\u0173 nacionalinis peilis. rankomis kaltas Damasko plieno peilis, med\u017eioklinis peilis, i\u0161gyvenimo peilis, lauko peilis.","breadcrumb":{"@id":"https:\/\/aaknives.eu\/lt\/product\/yakut-peilis-jakutu-nacionalinis-peilis-rankomis-kaltas-peilis-damasko-plieno-asmenimis\/#breadcrumb"},"inLanguage":"lt-LT","potentialAction":[{"@type":"ReadAction","target":["https:\/\/aaknives.eu\/lt\/product\/yakut-peilis-jakutu-nacionalinis-peilis-rankomis-kaltas-peilis-damasko-plieno-asmenimis\/"]}]},{"@type":"ImageObject","inLanguage":"lt-LT","@id":"https:\/\/aaknives.eu\/lt\/product\/yakut-peilis-jakutu-nacionalinis-peilis-rankomis-kaltas-peilis-damasko-plieno-asmenimis\/#primaryimage","url":"https:\/\/aaknives.eu\/wp-content\/uploads\/2021\/12\/aaknives-hand-forged-dabascus-steel-blade-knife-handmade-custom-made-knife-handcrafted-knives-autinetools-northmen-11.5.jpg","contentUrl":"https:\/\/aaknives.eu\/wp-content\/uploads\/2021\/12\/aaknives-hand-forged-dabascus-steel-blade-knife-handmade-custom-made-knife-handcrafted-knives-autinetools-northmen-11.5.jpg","width":1020,"height":880},{"@type":"BreadcrumbList","@id":"https:\/\/aaknives.eu\/lt\/product\/yakut-peilis-jakutu-nacionalinis-peilis-rankomis-kaltas-peilis-damasko-plieno-asmenimis\/#breadcrumb","itemListElement":[{"@type":"ListItem","position":1,"name":"Home","item":"https:\/\/aaknives.eu\/lt\/"},{"@type":"ListItem","position":2,"name":"Parduotuv\u0117","item":"https:\/\/aaknives.eu\/parduotuve\/"},{"@type":"ListItem","position":3,"name":"&#8221;YAKUT&#8221; peilis &#8211; Jakut\u0173 nacionalinis peilis. rankomis kaltas peilis Damasko plieno a\u0161menimis"}]},{"@type":"WebSite","@id":"https:\/\/aaknives.eu\/lt\/#website","url":"https:\/\/aaknives.eu\/lt\/","name":"AAKnives","description":"Handmade knives","publisher":{"@id":"https:\/\/aaknives.eu\/lt\/#organization"},"alternateName":"Anri Ananin Knives","potentialAction":[{"@type":"SearchAction","target":{"@type":"EntryPoint","urlTemplate":"https:\/\/aaknives.eu\/lt\/?s={search_term_string}"},"query-input":{"@type":"PropertyValueSpecification","valueRequired":true,"valueName":"search_term_string"}}],"inLanguage":"lt-LT"},{"@type":"Organization","@id":"https:\/\/aaknives.eu\/lt\/#organization","name":"AAKnives","url":"https:\/\/aaknives.eu\/lt\/","logo":{"@type":"ImageObject","inLanguage":"lt-LT","@id":"https:\/\/aaknives.eu\/lt\/#\/schema\/logo\/image\/","url":"https:\/\/aaknives.eu\/wp-content\/uploads\/2021\/10\/AAknives_Logo_Green.png","contentUrl":"https:\/\/aaknives.eu\/wp-content\/uploads\/2021\/10\/AAknives_Logo_Green.png","width":1768,"height":1768,"caption":"AAKnives"},"image":{"@id":"https:\/\/aaknives.eu\/lt\/#\/schema\/logo\/image\/"},"sameAs":["https:\/\/www.facebook.com\/aaknives.eu\/","https:\/\/www.instagram.com\/aaknives\/","https:\/\/www.pinterest.com\/aa_knives\/","https:\/\/www.youtube.com\/@aaknives9518"]}]}},"_links":{"self":[{"href":"https:\/\/aaknives.eu\/lt\/wp-json\/wp\/v2\/product\/48404","targetHints":{"allow":["GET"]}}],"collection":[{"href":"https:\/\/aaknives.eu\/lt\/wp-json\/wp\/v2\/product"}],"about":[{"href":"https:\/\/aaknives.eu\/lt\/wp-json\/wp\/v2\/types\/product"}],"wp:featuredmedia":[{"embeddable":true,"href":"https:\/\/aaknives.eu\/lt\/wp-json\/wp\/v2\/media\/67394"}],"wp:attachment":[{"href":"https:\/\/aaknives.eu\/lt\/wp-json\/wp\/v2\/media?parent=48404"}],"wp:term":[{"taxonomy":"product_brand","embeddable":true,"href":"https:\/\/aaknives.eu\/lt\/wp-json\/wp\/v2\/product_brand?post=48404"},{"taxonomy":"product_cat","embeddable":true,"href":"https:\/\/aaknives.eu\/lt\/wp-json\/wp\/v2\/product_cat?post=48404"},{"taxonomy":"product_tag","embeddable":true,"href":"https:\/\/aaknives.eu\/lt\/wp-json\/wp\/v2\/product_tag?post=48404"}],"curies":[{"name":"wp","href":"https:\/\/api.w.org\/{rel}","templated":true}]}}